{"id":78308,"date":"2026-05-14T13:49:08","date_gmt":"2026-05-14T11:49:08","guid":{"rendered":"https:\/\/www.kibotek.com\/?post_type=product&#038;p=78308"},"modified":"2026-05-14T22:00:46","modified_gmt":"2026-05-14T20:00:46","slug":"miniloong-pocket-1","status":"publish","type":"product","link":"https:\/\/www.kibotek.com\/pt\/kibostore\/miniloong-pocket-1\/","title":{"rendered":"MINILOONG POCKET 1"},"content":{"rendered":"<h3>Compre MINILOONG POCKET 1<\/h3>\n<h3>Envio da Espanha para toda a Europa em 24\/72 horas<\/h3>\n<h3>Garantia oficial de 3 anos<\/h3>\n<h3>especifica\u00e7\u00f5es<\/h3>\n<ul>\n<li>Tela IPS de 4 polegadas com propor\u00e7\u00e3o 4:3<\/li>\n<li>Resolu\u00e7\u00e3o 960\u00d7720 450Nit<\/li>\n<li>Processador RockChip RK3566 Quad-core Cortex-a55<\/li>\n<li>GPU Mali-G52 a 800 MHz<\/li>\n<li>1GB LPDDR4<\/li>\n<li>8GB eMMC<\/li>\n<li>Bateria 4000mAh<\/li>\n<li>Carregamento de 7,5 W<\/li>\n<li>Wi-Fi, BT 4.2, USB-C OTG, entrada de 3,5 mm, HDMI,<\/li>\n<li>2 joysticks anal\u00f3gicos, direcional, ABYX, L1\/L2-R1\/R2<\/li>\n<li>Sistema Operacional Linux (LOONG OS)<\/li>\n<li>Dimens\u00f5es: 165,43 x 79 x 17,8 mm<\/li>\n<li>Peso: 258g<\/li>\n<\/ul>\n<h3>Seguran\u00e7a na sua compra<\/h3>\n<p>Na kiboTEK, voc\u00ea tem a tranquilidade e a seguran\u00e7a de comprar na melhor loja online da Espanha. Desfrute de total tranquilidade com nossa pol\u00edtica de devolu\u00e7\u00e3o caso n\u00e3o fique satisfeito com sua compra.,<\/p>\n<p><strong><span style=\"font-size: 12pt;\">Voc\u00ea tem 14 dias para solicitar um reembolso.<\/span><\/strong><\/p>\n<p>Por outro lado, n\u00e3o se preocupe com a garantia, pois somente em nosso site voc\u00ea a ter\u00e1.<\/p>\n<p><strong>Garantia europeia de 3 anos<\/strong><\/p>\n<p>Na kiboTEK voc\u00ea pode comprar\u00a0<strong>MINILOONG POCKET 1 <\/strong>Com a garantia e seguran\u00e7a da melhor loja online da Espanha e da Europa.<\/p>\n<h2 data-start=\"3539\" data-end=\"3610\">Compre na kiboTEK \u2014 Loja f\u00edsica e online com garantia oficial<\/h2>\n<p data-start=\"3612\" data-end=\"3866\">Dentro <strong data-start=\"3615\" data-end=\"3656\"><span class=\"hover:entity-accent entity-underline inline cursor-pointer align-baseline\"><span class=\"whitespace-normal\">kiboTEK<\/span><\/span><\/strong> pode <strong data-start=\"3664\" data-end=\"3711\">Compre MINILOONG POCKET 1<\/strong>\u00a0muito <a href=\"http:\/\/www.kiboTEK.com\" target=\"_blank\" rel=\"nofollow noopener\">on-line\u00a0<\/a> como em nosso <strong data-start=\"3742\" data-end=\"3789\">lojas f\u00edsicas em Bilbao e Vit\u00f3ria-Gasteiz<\/strong>, com <strong data-start=\"3795\" data-end=\"3833\">Garantia oficial europeia de 3 anos<\/strong> e suporte t\u00e9cnico especializado.<\/p>\n<ul data-start=\"3263\" data-end=\"3417\">\n<li data-start=\"3263\" data-end=\"3291\">\n<p data-start=\"3265\" data-end=\"3291\"><a href=\"https:\/\/share.google\/6A44KmqGyzVK0dryQ\" target=\"_blank\" rel=\"nofollow noopener\">\ud83d\udccd Loja KiboTEK Bilbao<\/a><\/p>\n<\/li>\n<li data-start=\"3292\" data-end=\"3329\">\n<p data-start=\"3294\" data-end=\"3329\"><a href=\"https:\/\/share.google\/j0qINcfL2JLnLzuep\" target=\"_blank\" rel=\"nofollow noopener\">\ud83d\udccdLoja kiboTEK Vit\u00f3ria-Gasteiz<\/a><\/p>\n<\/li>\n<li data-start=\"3330\" data-end=\"3374\">\n<p data-start=\"3332\" data-end=\"3374\">\ud83d\ude9a Envio r\u00e1pido em 24\/48 horas para toda a Europa<\/p>\n<\/li>\n<li data-start=\"3375\" data-end=\"3417\">\n<p data-start=\"3377\" data-end=\"3417\">\ud83d\udee1\ufe0f Garantia oficial e suporte t\u00e9cnico<\/p>\n<\/li>\n<\/ul>\n<p>Na kiboTEK, continuamos a expandir nosso cat\u00e1logo de produtos para oferecer a voc\u00ea o que h\u00e1 de mais moderno em consoles port\u00e1teis. Adicionamos o novo MINILOONG POCKET 1, um dispositivo que se destaca por seu sistema aberto e \u00f3tima compatibilidade com diversos emuladores, permitindo que voc\u00ea desfrute de uma enorme variedade de jogos de 8, 16, 32 e 64 bits, al\u00e9m de funcionar como um completo reprodutor multim\u00eddia de baixo consumo de energia.<\/p>\n<h3>Tela de 4 polegadas<\/h3>\n<p>O console possui uma tela IPS de 4 polegadas com \u00f3tima qualidade de imagem gra\u00e7as \u00e0 sua propor\u00e7\u00e3o cl\u00e1ssica de 4:3. Oferece resolu\u00e7\u00e3o de 960 x 720 pixels e n\u00edvel de brilho de 450 nits para uma experi\u00eancia de jogo confort\u00e1vel em qualquer lugar.<\/p>\n<h3>Processador poderoso<\/h3>\n<p>Dentro do processador, encontramos um RockChip RK3566 com quatro n\u00facleos e uma GPU Mali-G52. Este conjunto \u00e9 acompanhado por 11 TB de mem\u00f3ria LPDDR4 e 81 TB de armazenamento interno, uma combina\u00e7\u00e3o perfeita para executar jogos sem problemas.<\/p>\n<h3>Bateria de longa dura\u00e7\u00e3o<\/h3>\n<p>Para suportar longas sess\u00f5es de jogos, ele incorpora uma bateria de 4000 mAh e um sistema de carregamento com velocidade padr\u00e3o de 7,5 W.<\/p>\n<h3>Conectividade na palma da sua m\u00e3o<\/h3>\n<p>Em termos de conectividade, ele vem bem equipado com conex\u00f5es sem fio Wi-Fi e Bluetooth 4.2, e tamb\u00e9m inclui uma porta USB-C para acess\u00f3rios, uma entrada cl\u00e1ssica para fones de ouvido e uma sa\u00edda HDMI para conex\u00e3o direta \u00e0 televis\u00e3o.<\/p>\n<h3>Controles confort\u00e1veis<\/h3>\n<p>O esquema de controle \u00e9 muito completo e confort\u00e1vel de usar. Ele conta com dois joysticks anal\u00f3gicos, um direcional, os quatro bot\u00f5es de a\u00e7\u00e3o principais e quatro gatilhos localizados na parte traseira.<\/p>\n<h3>Emuladores<\/h3>\n<p>O console port\u00e1til MINILOONG Pocket 1 \u00e9 compat\u00edvel com emuladores cl\u00e1ssicos como NES, GB, GBC, SNES, SEGA GENESIS, PlayStation 1, SEGA Dreamcast, Nintendo 64, GameCube e muitos outros\u2026<\/p>\n<h3>Sistema Operacional LOONG OS<\/h3>\n<p>Um sistema operacional projetado exclusivamente para hardware port\u00e1til que maximiza a emula\u00e7\u00e3o, o desempenho em jogos retr\u00f4 e a multitarefa, este software \u00e9 muito intuitivo e leve, aproveitando ao m\u00e1ximo o desempenho do dispositivo enquanto consome recursos m\u00ednimos.<\/p>\n<dl>\n<dt>\n<dl>\n<dt>\n<dl>\n<dt><\/dt>\n<\/dl>\n<\/dt>\n<\/dl>\n<p><img loading=\"lazy\" decoding=\"async\" class=\"aligncenter size-full wp-image-78309\" src=\"https:\/\/www.kibotek.com\/wp-content\/uploads\/2026\/05\/kiboTEK_Miniloong_pocket_1_001.jpg\" alt=\"\" width=\"750\" height=\"940\" title=\"\" srcset=\"https:\/\/www.kibotek.com\/wp-content\/uploads\/2026\/05\/kiboTEK_Miniloong_pocket_1_001.jpg 750w, https:\/\/www.kibotek.com\/wp-content\/uploads\/2026\/05\/kiboTEK_Miniloong_pocket_1_001-239x300.jpg 239w, https:\/\/www.kibotek.com\/wp-content\/uploads\/2026\/05\/kiboTEK_Miniloong_pocket_1_001-638x800.jpg 638w, https:\/\/www.kibotek.com\/wp-content\/uploads\/2026\/05\/kiboTEK_Miniloong_pocket_1_001-10x12.jpg 10w, https:\/\/www.kibotek.com\/wp-content\/uploads\/2026\/05\/kiboTEK_Miniloong_pocket_1_001-430x539.jpg 430w, https:\/\/www.kibotek.com\/wp-content\/uploads\/2026\/05\/kiboTEK_Miniloong_pocket_1_001-700x877.jpg 700w, https:\/\/www.kibotek.com\/wp-content\/uploads\/2026\/05\/kiboTEK_Miniloong_pocket_1_001-150x188.jpg 150w\" sizes=\"auto, (max-width: 750px) 100vw, 750px\" \/> <img loading=\"lazy\" decoding=\"async\" class=\"aligncenter size-full wp-image-78310\" src=\"https:\/\/www.kibotek.com\/wp-content\/uploads\/2026\/05\/kiboTEK_Miniloong_pocket_1_002.jpg\" alt=\"\" width=\"750\" height=\"1106\" title=\"\" srcset=\"https:\/\/www.kibotek.com\/wp-content\/uploads\/2026\/05\/kiboTEK_Miniloong_pocket_1_002.jpg 750w, https:\/\/www.kibotek.com\/wp-content\/uploads\/2026\/05\/kiboTEK_Miniloong_pocket_1_002-203x300.jpg 203w, https:\/\/www.kibotek.com\/wp-content\/uploads\/2026\/05\/kiboTEK_Miniloong_pocket_1_002-542x800.jpg 542w, https:\/\/www.kibotek.com\/wp-content\/uploads\/2026\/05\/kiboTEK_Miniloong_pocket_1_002-8x12.jpg 8w, https:\/\/www.kibotek.com\/wp-content\/uploads\/2026\/05\/kiboTEK_Miniloong_pocket_1_002-430x634.jpg 430w, https:\/\/www.kibotek.com\/wp-content\/uploads\/2026\/05\/kiboTEK_Miniloong_pocket_1_002-700x1032.jpg 700w, https:\/\/www.kibotek.com\/wp-content\/uploads\/2026\/05\/kiboTEK_Miniloong_pocket_1_002-150x221.jpg 150w\" sizes=\"auto, (max-width: 750px) 100vw, 750px\" \/> <img loading=\"lazy\" decoding=\"async\" class=\"aligncenter size-full wp-image-78311\" src=\"https:\/\/www.kibotek.com\/wp-content\/uploads\/2026\/05\/kiboTEK_Miniloong_pocket_1_003.jpg\" alt=\"\" width=\"750\" height=\"854\" title=\"\" srcset=\"https:\/\/www.kibotek.com\/wp-content\/uploads\/2026\/05\/kiboTEK_Miniloong_pocket_1_003.jpg 750w, https:\/\/www.kibotek.com\/wp-content\/uploads\/2026\/05\/kiboTEK_Miniloong_pocket_1_003-263x300.jpg 263w, https:\/\/www.kibotek.com\/wp-content\/uploads\/2026\/05\/kiboTEK_Miniloong_pocket_1_003-703x800.jpg 703w, https:\/\/www.kibotek.com\/wp-content\/uploads\/2026\/05\/kiboTEK_Miniloong_pocket_1_003-11x12.jpg 11w, https:\/\/www.kibotek.com\/wp-content\/uploads\/2026\/05\/kiboTEK_Miniloong_pocket_1_003-430x490.jpg 430w, https:\/\/www.kibotek.com\/wp-content\/uploads\/2026\/05\/kiboTEK_Miniloong_pocket_1_003-700x797.jpg 700w, https:\/\/www.kibotek.com\/wp-content\/uploads\/2026\/05\/kiboTEK_Miniloong_pocket_1_003-150x171.jpg 150w\" sizes=\"auto, (max-width: 750px) 100vw, 750px\" \/> <img loading=\"lazy\" decoding=\"async\" class=\"aligncenter size-full wp-image-78312\" src=\"https:\/\/www.kibotek.com\/wp-content\/uploads\/2026\/05\/kiboTEK_Miniloong_pocket_1_004.jpg\" alt=\"\" width=\"750\" height=\"1302\" title=\"\" srcset=\"https:\/\/www.kibotek.com\/wp-content\/uploads\/2026\/05\/kiboTEK_Miniloong_pocket_1_004.jpg 750w, https:\/\/www.kibotek.com\/wp-content\/uploads\/2026\/05\/kiboTEK_Miniloong_pocket_1_004-173x300.jpg 173w, https:\/\/www.kibotek.com\/wp-content\/uploads\/2026\/05\/kiboTEK_Miniloong_pocket_1_004-461x800.jpg 461w, https:\/\/www.kibotek.com\/wp-content\/uploads\/2026\/05\/kiboTEK_Miniloong_pocket_1_004-7x12.jpg 7w, https:\/\/www.kibotek.com\/wp-content\/uploads\/2026\/05\/kiboTEK_Miniloong_pocket_1_004-430x746.jpg 430w, https:\/\/www.kibotek.com\/wp-content\/uploads\/2026\/05\/kiboTEK_Miniloong_pocket_1_004-700x1215.jpg 700w, https:\/\/www.kibotek.com\/wp-content\/uploads\/2026\/05\/kiboTEK_Miniloong_pocket_1_004-150x260.jpg 150w\" sizes=\"auto, (max-width: 750px) 100vw, 750px\" \/> <img loading=\"lazy\" decoding=\"async\" class=\"aligncenter size-full wp-image-78313\" src=\"https:\/\/www.kibotek.com\/wp-content\/uploads\/2026\/05\/kiboTEK_Miniloong_pocket_1_005.jpg\" alt=\"\" width=\"750\" height=\"1360\" title=\"\" srcset=\"https:\/\/www.kibotek.com\/wp-content\/uploads\/2026\/05\/kiboTEK_Miniloong_pocket_1_005.jpg 750w, https:\/\/www.kibotek.com\/wp-content\/uploads\/2026\/05\/kiboTEK_Miniloong_pocket_1_005-165x300.jpg 165w, https:\/\/www.kibotek.com\/wp-content\/uploads\/2026\/05\/kiboTEK_Miniloong_pocket_1_005-441x800.jpg 441w, https:\/\/www.kibotek.com\/wp-content\/uploads\/2026\/05\/kiboTEK_Miniloong_pocket_1_005-7x12.jpg 7w, https:\/\/www.kibotek.com\/wp-content\/uploads\/2026\/05\/kiboTEK_Miniloong_pocket_1_005-430x780.jpg 430w, https:\/\/www.kibotek.com\/wp-content\/uploads\/2026\/05\/kiboTEK_Miniloong_pocket_1_005-700x1269.jpg 700w, https:\/\/www.kibotek.com\/wp-content\/uploads\/2026\/05\/kiboTEK_Miniloong_pocket_1_005-150x272.jpg 150w\" sizes=\"auto, (max-width: 750px) 100vw, 750px\" \/> <img loading=\"lazy\" decoding=\"async\" class=\"aligncenter size-full wp-image-78314\" src=\"https:\/\/www.kibotek.com\/wp-content\/uploads\/2026\/05\/kiboTEK_Miniloong_pocket_1_006.jpg\" alt=\"\" width=\"750\" height=\"1107\" title=\"\" srcset=\"https:\/\/www.kibotek.com\/wp-content\/uploads\/2026\/05\/kiboTEK_Miniloong_pocket_1_006.jpg 750w, https:\/\/www.kibotek.com\/wp-content\/uploads\/2026\/05\/kiboTEK_Miniloong_pocket_1_006-203x300.jpg 203w, https:\/\/www.kibotek.com\/wp-content\/uploads\/2026\/05\/kiboTEK_Miniloong_pocket_1_006-542x800.jpg 542w, https:\/\/www.kibotek.com\/wp-content\/uploads\/2026\/05\/kiboTEK_Miniloong_pocket_1_006-8x12.jpg 8w, https:\/\/www.kibotek.com\/wp-content\/uploads\/2026\/05\/kiboTEK_Miniloong_pocket_1_006-430x635.jpg 430w, https:\/\/www.kibotek.com\/wp-content\/uploads\/2026\/05\/kiboTEK_Miniloong_pocket_1_006-700x1033.jpg 700w, https:\/\/www.kibotek.com\/wp-content\/uploads\/2026\/05\/kiboTEK_Miniloong_pocket_1_006-150x221.jpg 150w\" sizes=\"auto, (max-width: 750px) 100vw, 750px\" \/> <img loading=\"lazy\" decoding=\"async\" class=\"aligncenter size-full wp-image-78315\" src=\"https:\/\/www.kibotek.com\/wp-content\/uploads\/2026\/05\/kiboTEK_Miniloong_pocket_1_007.jpg\" alt=\"\" width=\"750\" height=\"1107\" title=\"\" srcset=\"https:\/\/www.kibotek.com\/wp-content\/uploads\/2026\/05\/kiboTEK_Miniloong_pocket_1_007.jpg 750w, https:\/\/www.kibotek.com\/wp-content\/uploads\/2026\/05\/kiboTEK_Miniloong_pocket_1_007-203x300.jpg 203w, https:\/\/www.kibotek.com\/wp-content\/uploads\/2026\/05\/kiboTEK_Miniloong_pocket_1_007-542x800.jpg 542w, https:\/\/www.kibotek.com\/wp-content\/uploads\/2026\/05\/kiboTEK_Miniloong_pocket_1_007-8x12.jpg 8w, https:\/\/www.kibotek.com\/wp-content\/uploads\/2026\/05\/kiboTEK_Miniloong_pocket_1_007-430x635.jpg 430w, https:\/\/www.kibotek.com\/wp-content\/uploads\/2026\/05\/kiboTEK_Miniloong_pocket_1_007-700x1033.jpg 700w, https:\/\/www.kibotek.com\/wp-content\/uploads\/2026\/05\/kiboTEK_Miniloong_pocket_1_007-150x221.jpg 150w\" sizes=\"auto, (max-width: 750px) 100vw, 750px\" \/> <img loading=\"lazy\" decoding=\"async\" class=\"aligncenter size-full wp-image-78316\" src=\"https:\/\/www.kibotek.com\/wp-content\/uploads\/2026\/05\/kiboTEK_Miniloong_pocket_1_008.jpg\" alt=\"\" width=\"750\" height=\"751\" title=\"\" srcset=\"https:\/\/www.kibotek.com\/wp-content\/uploads\/2026\/05\/kiboTEK_Miniloong_pocket_1_008.jpg 750w, https:\/\/www.kibotek.com\/wp-content\/uploads\/2026\/05\/kiboTEK_Miniloong_pocket_1_008-300x300.jpg 300w, https:\/\/www.kibotek.com\/wp-content\/uploads\/2026\/05\/kiboTEK_Miniloong_pocket_1_008-150x150.jpg 150w, https:\/\/www.kibotek.com\/wp-content\/uploads\/2026\/05\/kiboTEK_Miniloong_pocket_1_008-12x12.jpg 12w, https:\/\/www.kibotek.com\/wp-content\/uploads\/2026\/05\/kiboTEK_Miniloong_pocket_1_008-430x431.jpg 430w, https:\/\/www.kibotek.com\/wp-content\/uploads\/2026\/05\/kiboTEK_Miniloong_pocket_1_008-700x701.jpg 700w, https:\/\/www.kibotek.com\/wp-content\/uploads\/2026\/05\/kiboTEK_Miniloong_pocket_1_008-50x50.jpg 50w, https:\/\/www.kibotek.com\/wp-content\/uploads\/2026\/05\/kiboTEK_Miniloong_pocket_1_008-100x100.jpg 100w, https:\/\/www.kibotek.com\/wp-content\/uploads\/2026\/05\/kiboTEK_Miniloong_pocket_1_008-32x32.jpg 32w\" sizes=\"auto, (max-width: 750px) 100vw, 750px\" \/> <img loading=\"lazy\" decoding=\"async\" class=\"aligncenter size-full wp-image-78317\" src=\"https:\/\/www.kibotek.com\/wp-content\/uploads\/2026\/05\/kiboTEK_Miniloong_pocket_1_009-scaled.jpg\" alt=\"\" width=\"526\" height=\"2560\" title=\"\" srcset=\"https:\/\/www.kibotek.com\/wp-content\/uploads\/2026\/05\/kiboTEK_Miniloong_pocket_1_009-scaled.jpg 526w, https:\/\/www.kibotek.com\/wp-content\/uploads\/2026\/05\/kiboTEK_Miniloong_pocket_1_009-421x2048.jpg 421w, https:\/\/www.kibotek.com\/wp-content\/uploads\/2026\/05\/kiboTEK_Miniloong_pocket_1_009-430x2094.jpg 430w, https:\/\/www.kibotek.com\/wp-content\/uploads\/2026\/05\/kiboTEK_Miniloong_pocket_1_009-150x730.jpg 150w\" sizes=\"auto, (max-width: 526px) 100vw, 526px\" \/> <img loading=\"lazy\" decoding=\"async\" class=\"aligncenter size-full wp-image-78318\" src=\"https:\/\/www.kibotek.com\/wp-content\/uploads\/2026\/05\/kiboTEK_Miniloong_pocket_1_010.jpg\" alt=\"\" width=\"750\" height=\"1141\" title=\"\" srcset=\"https:\/\/www.kibotek.com\/wp-content\/uploads\/2026\/05\/kiboTEK_Miniloong_pocket_1_010.jpg 750w, https:\/\/www.kibotek.com\/wp-content\/uploads\/2026\/05\/kiboTEK_Miniloong_pocket_1_010-197x300.jpg 197w, https:\/\/www.kibotek.com\/wp-content\/uploads\/2026\/05\/kiboTEK_Miniloong_pocket_1_010-526x800.jpg 526w, https:\/\/www.kibotek.com\/wp-content\/uploads\/2026\/05\/kiboTEK_Miniloong_pocket_1_010-8x12.jpg 8w, https:\/\/www.kibotek.com\/wp-content\/uploads\/2026\/05\/kiboTEK_Miniloong_pocket_1_010-430x654.jpg 430w, https:\/\/www.kibotek.com\/wp-content\/uploads\/2026\/05\/kiboTEK_Miniloong_pocket_1_010-700x1065.jpg 700w, https:\/\/www.kibotek.com\/wp-content\/uploads\/2026\/05\/kiboTEK_Miniloong_pocket_1_010-150x228.jpg 150w\" sizes=\"auto, (max-width: 750px) 100vw, 750px\" \/> <img loading=\"lazy\" decoding=\"async\" class=\"aligncenter size-full wp-image-78319\" src=\"https:\/\/www.kibotek.com\/wp-content\/uploads\/2026\/05\/kiboTEK_Miniloong_pocket_1_011.jpg\" alt=\"\" width=\"750\" height=\"968\" title=\"\" srcset=\"https:\/\/www.kibotek.com\/wp-content\/uploads\/2026\/05\/kiboTEK_Miniloong_pocket_1_011.jpg 750w, https:\/\/www.kibotek.com\/wp-content\/uploads\/2026\/05\/kiboTEK_Miniloong_pocket_1_011-232x300.jpg 232w, https:\/\/www.kibotek.com\/wp-content\/uploads\/2026\/05\/kiboTEK_Miniloong_pocket_1_011-620x800.jpg 620w, https:\/\/www.kibotek.com\/wp-content\/uploads\/2026\/05\/kiboTEK_Miniloong_pocket_1_011-9x12.jpg 9w, https:\/\/www.kibotek.com\/wp-content\/uploads\/2026\/05\/kiboTEK_Miniloong_pocket_1_011-430x555.jpg 430w, https:\/\/www.kibotek.com\/wp-content\/uploads\/2026\/05\/kiboTEK_Miniloong_pocket_1_011-700x903.jpg 700w, https:\/\/www.kibotek.com\/wp-content\/uploads\/2026\/05\/kiboTEK_Miniloong_pocket_1_011-150x194.jpg 150w\" sizes=\"auto, (max-width: 750px) 100vw, 750px\" \/> <img loading=\"lazy\" decoding=\"async\" class=\"aligncenter size-full wp-image-78320\" src=\"https:\/\/www.kibotek.com\/wp-content\/uploads\/2026\/05\/kiboTEK_Miniloong_pocket_1_012.jpg\" alt=\"\" width=\"750\" height=\"1692\" title=\"\" srcset=\"https:\/\/www.kibotek.com\/wp-content\/uploads\/2026\/05\/kiboTEK_Miniloong_pocket_1_012.jpg 750w, https:\/\/www.kibotek.com\/wp-content\/uploads\/2026\/05\/kiboTEK_Miniloong_pocket_1_012-133x300.jpg 133w, https:\/\/www.kibotek.com\/wp-content\/uploads\/2026\/05\/kiboTEK_Miniloong_pocket_1_012-355x800.jpg 355w, https:\/\/www.kibotek.com\/wp-content\/uploads\/2026\/05\/kiboTEK_Miniloong_pocket_1_012-681x1536.jpg 681w, https:\/\/www.kibotek.com\/wp-content\/uploads\/2026\/05\/kiboTEK_Miniloong_pocket_1_012-5x12.jpg 5w, https:\/\/www.kibotek.com\/wp-content\/uploads\/2026\/05\/kiboTEK_Miniloong_pocket_1_012-430x970.jpg 430w, https:\/\/www.kibotek.com\/wp-content\/uploads\/2026\/05\/kiboTEK_Miniloong_pocket_1_012-700x1579.jpg 700w, https:\/\/www.kibotek.com\/wp-content\/uploads\/2026\/05\/kiboTEK_Miniloong_pocket_1_012-150x338.jpg 150w\" sizes=\"auto, (max-width: 750px) 100vw, 750px\" \/> <img loading=\"lazy\" decoding=\"async\" class=\"aligncenter size-full wp-image-78321\" src=\"https:\/\/www.kibotek.com\/wp-content\/uploads\/2026\/05\/kiboTEK_Miniloong_pocket_1_013.jpg\" alt=\"\" width=\"750\" height=\"755\" title=\"\" srcset=\"https:\/\/www.kibotek.com\/wp-content\/uploads\/2026\/05\/kiboTEK_Miniloong_pocket_1_013.jpg 750w, https:\/\/www.kibotek.com\/wp-content\/uploads\/2026\/05\/kiboTEK_Miniloong_pocket_1_013-298x300.jpg 298w, https:\/\/www.kibotek.com\/wp-content\/uploads\/2026\/05\/kiboTEK_Miniloong_pocket_1_013-150x151.jpg 150w, https:\/\/www.kibotek.com\/wp-content\/uploads\/2026\/05\/kiboTEK_Miniloong_pocket_1_013-12x12.jpg 12w, https:\/\/www.kibotek.com\/wp-content\/uploads\/2026\/05\/kiboTEK_Miniloong_pocket_1_013-430x433.jpg 430w, https:\/\/www.kibotek.com\/wp-content\/uploads\/2026\/05\/kiboTEK_Miniloong_pocket_1_013-700x705.jpg 700w, https:\/\/www.kibotek.com\/wp-content\/uploads\/2026\/05\/kiboTEK_Miniloong_pocket_1_013-50x50.jpg 50w, https:\/\/www.kibotek.com\/wp-content\/uploads\/2026\/05\/kiboTEK_Miniloong_pocket_1_013-100x100.jpg 100w, https:\/\/www.kibotek.com\/wp-content\/uploads\/2026\/05\/kiboTEK_Miniloong_pocket_1_013-32x32.jpg 32w\" sizes=\"auto, (max-width: 750px) 100vw, 750px\" \/> <img loading=\"lazy\" decoding=\"async\" class=\"aligncenter size-full wp-image-78322\" src=\"https:\/\/www.kibotek.com\/wp-content\/uploads\/2026\/05\/kiboTEK_Miniloong_pocket_1_014.jpg\" alt=\"\" width=\"750\" height=\"1106\" title=\"\" srcset=\"https:\/\/www.kibotek.com\/wp-content\/uploads\/2026\/05\/kiboTEK_Miniloong_pocket_1_014.jpg 750w, https:\/\/www.kibotek.com\/wp-content\/uploads\/2026\/05\/kiboTEK_Miniloong_pocket_1_014-203x300.jpg 203w, https:\/\/www.kibotek.com\/wp-content\/uploads\/2026\/05\/kiboTEK_Miniloong_pocket_1_014-542x800.jpg 542w, https:\/\/www.kibotek.com\/wp-content\/uploads\/2026\/05\/kiboTEK_Miniloong_pocket_1_014-8x12.jpg 8w, https:\/\/www.kibotek.com\/wp-content\/uploads\/2026\/05\/kiboTEK_Miniloong_pocket_1_014-430x634.jpg 430w, https:\/\/www.kibotek.com\/wp-content\/uploads\/2026\/05\/kiboTEK_Miniloong_pocket_1_014-700x1032.jpg 700w, https:\/\/www.kibotek.com\/wp-content\/uploads\/2026\/05\/kiboTEK_Miniloong_pocket_1_014-150x221.jpg 150w\" sizes=\"auto, (max-width: 750px) 100vw, 750px\" \/> <img loading=\"lazy\" decoding=\"async\" class=\"aligncenter size-full wp-image-78323\" src=\"https:\/\/www.kibotek.com\/wp-content\/uploads\/2026\/05\/kiboTEK_Miniloong_pocket_1_015.jpg\" alt=\"\" width=\"750\" height=\"1281\" title=\"\" srcset=\"https:\/\/www.kibotek.com\/wp-content\/uploads\/2026\/05\/kiboTEK_Miniloong_pocket_1_015.jpg 750w, https:\/\/www.kibotek.com\/wp-content\/uploads\/2026\/05\/kiboTEK_Miniloong_pocket_1_015-176x300.jpg 176w, https:\/\/www.kibotek.com\/wp-content\/uploads\/2026\/05\/kiboTEK_Miniloong_pocket_1_015-468x800.jpg 468w, https:\/\/www.kibotek.com\/wp-content\/uploads\/2026\/05\/kiboTEK_Miniloong_pocket_1_015-7x12.jpg 7w, https:\/\/www.kibotek.com\/wp-content\/uploads\/2026\/05\/kiboTEK_Miniloong_pocket_1_015-430x734.jpg 430w, https:\/\/www.kibotek.com\/wp-content\/uploads\/2026\/05\/kiboTEK_Miniloong_pocket_1_015-700x1196.jpg 700w, https:\/\/www.kibotek.com\/wp-content\/uploads\/2026\/05\/kiboTEK_Miniloong_pocket_1_015-150x256.jpg 150w\" sizes=\"auto, (max-width: 750px) 100vw, 750px\" \/><\/dt>\n<dt><\/dt>\n<\/dl>","protected":false},"excerpt":{"rendered":"<p class=\"price woobt-price-56089\"><strong><em>COMPRE AGORA E <\/em><\/strong><strong><em>RECEBA EM 24\/72H \ud83d\ude80<\/em><\/strong><\/p>","protected":false},"featured_media":78341,"comment_status":"open","ping_status":"closed","template":"","meta":{"iawp_total_views":6},"product_brand":[8683],"product_cat":[5514],"product_tag":[],"class_list":{"0":"post-78308","1":"product","2":"type-product","3":"status-publish","4":"has-post-thumbnail","6":"product_brand-miniloong","7":"product_cat-consolas-retro-gaming-arcade-bartop-pandora-box-anbernic-powkiddy","9":"first","10":"outofstock","11":"sale","12":"taxable","13":"shipping-taxable","14":"purchasable","15":"product-type-variable"},"supplier_id":null,"supplier_sku":"","barcode":null,"atum_controlled":true,"out_stock_date":null,"out_stock_threshold":null,"inheritable":true,"inbound_stock":null,"stock_on_hold":0,"sold_today":0,"sales_last_days":0,"reserved_stock":null,"customer_returns":null,"warehouse_damage":null,"lost_in_post":null,"other_logs":null,"out_stock_days":0,"lost_sales":0,"has_location":false,"update_date":"2026-05-14T20:00:43","atum_locations":[],"atum_stock_status":"outofstock","restock_status":false,"low_stock_amount":"","sales_update_date":"2026-05-14T00:44:48","calc_backorders":null,"_links":{"self":[{"href":"https:\/\/www.kibotek.com\/pt\/wp-json\/wp\/v2\/product\/78308","targetHints":{"allow":["GET"]}}],"collection":[{"href":"https:\/\/www.kibotek.com\/pt\/wp-json\/wp\/v2\/product"}],"about":[{"href":"https:\/\/www.kibotek.com\/pt\/wp-json\/wp\/v2\/types\/product"}],"replies":[{"embeddable":true,"href":"https:\/\/www.kibotek.com\/pt\/wp-json\/wp\/v2\/comments?post=78308"}],"version-history":[{"count":10,"href":"https:\/\/www.kibotek.com\/pt\/wp-json\/wp\/v2\/product\/78308\/revisions"}],"predecessor-version":[{"id":78339,"href":"https:\/\/www.kibotek.com\/pt\/wp-json\/wp\/v2\/product\/78308\/revisions\/78339"}],"wp:featuredmedia":[{"embeddable":true,"href":"https:\/\/www.kibotek.com\/pt\/wp-json\/wp\/v2\/media\/78341"}],"wp:attachment":[{"href":"https:\/\/www.kibotek.com\/pt\/wp-json\/wp\/v2\/media?parent=78308"}],"wp:term":[{"taxonomy":"product_brand","embeddable":true,"href":"https:\/\/www.kibotek.com\/pt\/wp-json\/wp\/v2\/product_brand?post=78308"},{"taxonomy":"product_cat","embeddable":true,"href":"https:\/\/www.kibotek.com\/pt\/wp-json\/wp\/v2\/product_cat?post=78308"},{"taxonomy":"product_tag","embeddable":true,"href":"https:\/\/www.kibotek.com\/pt\/wp-json\/wp\/v2\/product_tag?post=78308"}],"curies":[{"name":"wp","href":"https:\/\/api.w.org\/{rel}","templated":true}]}}