{"id":75786,"date":"2026-04-22T18:52:03","date_gmt":"2026-04-22T16:52:03","guid":{"rendered":"https:\/\/www.kibotek.com\/?post_type=product&#038;p=75786"},"modified":"2026-04-24T22:00:52","modified_gmt":"2026-04-24T20:00:52","slug":"ayaneo-pocket-air-mini-3gb-64gb-edicao-limitada-b-duck","status":"publish","type":"product","link":"https:\/\/www.kibotek.com\/pt\/kibostore\/ayaneo-pocket-air-mini-3gb-64gb-b-duck-edicion-limitada\/","title":{"rendered":"AYANEO POCKET AIR MINI 3GB\/64GB B.Duck Edi\u00e7\u00e3o Limitada"},"content":{"rendered":"<h3>AYANEO Pocket AIR MINI 3GB\/64GB Consola Port\u00e1til Gaming B.Duck Edici\u00f3n Limitada<\/h3>\n<h3>Envio da Espanha para toda a Europa em 24\/72 horas<\/h3>\n<h3><strong>3 anos<\/strong> <strong>Garantia europeia <\/strong><strong>Somente na kiboTEK<\/strong><\/h3>\n<h3>especifica\u00e7\u00f5es<\/h3>\n<ul>\n<li>Processador MediaTEK Helio G90T Octa Core<\/li>\n<li>GPU Mali-G76 MP4<\/li>\n<li>RAM 3GB<\/li>\n<li>Armazenamento 64GB<\/li>\n<li><strong>LCD 4,2\u2033 1280 x 960 pixels 60Hz<\/strong><\/li>\n<li>Resfriamento ativo com ventoinha<\/li>\n<li>1x USB Tipo-C<\/li>\n<li>1 slot para cart\u00e3o microSD<\/li>\n<li>Conector de fone de ouvido de 3,5 mm<\/li>\n<li>Vibra\u00e7\u00e3o de \u00e1udio\/ vibra\u00e7\u00e3o Xinut\/ vibra\u00e7\u00e3o de bot\u00e3o<\/li>\n<li>Monitoramento global e modos de desempenho personalizados<\/li>\n<li>Bot\u00e3o AYA\/ Bot\u00e3o de Menu\/ Bot\u00e3o de Navega\u00e7\u00e3o<\/li>\n<li>Wi-Fi 5, BT 5.0<\/li>\n<li>Android 11<\/li>\n<li>Bateria de 4500mAh<\/li>\n<li>Carregamento r\u00e1pido de 18 W<\/li>\n<li>Peso: 269g<\/li>\n<li>Dimens\u00f5es: 165,9 mm x 82,5 mm x 18,7 mm<\/li>\n<li>B.Duck Edi\u00e7\u00e3o Limitada<\/li>\n<\/ul>\n<h3>Seguran\u00e7a na sua compra<\/h3>\n<p>Na kiboTEK, voc\u00ea pode desfrutar da tranquilidade e seguran\u00e7a de comprar em uma das lojas de jogos mais bem avaliadas. Voc\u00ea pode ter certeza de que pode devolver seu produto caso n\u00e3o fique satisfeito.,<\/p>\n<p><strong><span style=\"font-size: 12pt;\">Voc\u00ea tem 14 dias para solicitar um reembolso.<\/span><\/strong><\/p>\n<p>Por outro lado, n\u00e3o se preocupe com a garantia, pois somente em nosso site voc\u00ea a ter\u00e1.<\/p>\n<p><strong>Garantia europeia de 3 anos<\/strong><\/p>\n<p>Na kiboTEK voc\u00ea pode comprar consoles de jogos port\u00e1teis com a garantia e seguran\u00e7a da melhor loja de jogos online da Espanha e da Europa.<\/p>\n<p><a href=\"https:\/\/www.kibotek.com\/pt\/condicoes-para-devolucoes\/\">Veja os termos e condi\u00e7\u00f5es aqui sem compromisso.\u00a0<\/a><\/p>\n<h3 data-start=\"3539\" data-end=\"3610\">Compre na kiboTEK \u2014 Loja f\u00edsica e online com garantia oficial<\/h3>\n<p data-start=\"3612\" data-end=\"3866\">Dentro <strong data-start=\"3615\" data-end=\"3656\"><span class=\"hover:entity-accent entity-underline inline cursor-pointer align-baseline\"><span class=\"whitespace-normal\">kiboTEK<\/span><\/span><\/strong> pode <strong data-start=\"3664\" data-end=\"3711\">Compre o Pocket AIR MINI AYANEO 3GB\/64GB<\/strong>\u00a0muito <a href=\"http:\/\/www.kiboTEK.com\" target=\"_blank\" rel=\"nofollow noopener\">on-line\u00a0<\/a> como em nosso <strong data-start=\"3742\" data-end=\"3789\">lojas f\u00edsicas em Bilbao e Vit\u00f3ria-Gasteiz<\/strong>, com <strong data-start=\"3795\" data-end=\"3833\">Garantia oficial europeia de 3 anos<\/strong> e suporte t\u00e9cnico especializado.<\/p>\n<ul data-start=\"3263\" data-end=\"3417\">\n<li data-start=\"3263\" data-end=\"3291\">\n<p data-start=\"3265\" data-end=\"3291\"><a href=\"https:\/\/share.google\/6A44KmqGyzVK0dryQ\" target=\"_blank\" rel=\"nofollow noopener\">\ud83d\udccd Loja KiboTEK Bilbao<\/a><\/p>\n<\/li>\n<li data-start=\"3292\" data-end=\"3329\">\n<p data-start=\"3294\" data-end=\"3329\"><a href=\"https:\/\/share.google\/j0qINcfL2JLnLzuep\" target=\"_blank\" rel=\"nofollow noopener\">\ud83d\udccdLoja kiboTEK Vit\u00f3ria-Gasteiz<\/a><\/p>\n<\/li>\n<li data-start=\"3330\" data-end=\"3374\">\n<p data-start=\"3332\" data-end=\"3374\">\ud83d\ude9a Envio r\u00e1pido em 24\/48 horas para toda a Europa<\/p>\n<\/li>\n<li data-start=\"3375\" data-end=\"3417\">\n<p data-start=\"3377\" data-end=\"3417\">\ud83d\udee1\ufe0f Garantia oficial e suporte t\u00e9cnico<\/p>\n<\/li>\n<\/ul>\n<h3 data-start=\"399\" data-end=\"451\">Tela em estilo retr\u00f4<\/h3>\n<div class=\"Y3BBE\" data-sfc-cp=\"\" data-sfc-root=\"c\" data-sfc-cb=\"\" data-hveid=\"CAEIAhAA\" data-processed=\"true\" data-complete=\"true\">\n<div class=\"Y3BBE\" data-sfc-cp=\"\" data-sfc-root=\"c\" data-sfc-cb=\"\" data-hveid=\"CAEIAxAA\" data-processed=\"true\" data-complete=\"true\">o <strong class=\"Yjhzub\" data-sfc-root=\"c\" data-sfc-cb=\"\" data-complete=\"true\" data-processed=\"true\">AYANEO Pocket AIR Mini Edition B.Duck<\/strong> Possui uma tela de 4,2 polegadas. Esse \u00e9 o seu formato. <strong class=\"Yjhzub\" data-sfc-root=\"c\" data-sfc-cb=\"\" data-complete=\"true\" data-processed=\"true\">4:3<\/strong>\u00a0de uma vida inteira e uma resolu\u00e7\u00e3o de\u00a0<strong class=\"Yjhzub\" data-sfc-root=\"c\" data-sfc-cb=\"\" data-complete=\"true\" data-processed=\"true\">1280 \u00d7 960<\/strong> o que faz com que os jogos retr\u00f4 pare\u00e7am incrivelmente n\u00edtidos. Esque\u00e7a as barras pretas ou as imagens distorcidas e estranhas; aqui, os cl\u00e1ssicos t\u00eam a apar\u00eancia que deveriam ter. Al\u00e9m disso, com\u00a0<strong class=\"Yjhzub\" data-sfc-root=\"c\" data-sfc-cb=\"\" data-complete=\"true\" data-processed=\"true\">500 l\u00eandeas<\/strong> Gra\u00e7as ao seu brilho e painel IPS, a imagem fica \u00f3tima mesmo se voc\u00ea estiver perto de uma janela ou em um local muito iluminado.<\/div>\n<div data-sfc-cp=\"\" data-sfc-root=\"c\" data-sfc-cb=\"\" data-hveid=\"CAEIAxAA\" data-processed=\"true\" data-complete=\"true\"><\/div>\n<div class=\"Y3BBE\" data-sfc-cp=\"\" data-sfc-root=\"c\" data-sfc-cb=\"\" data-hveid=\"CAEIBBAA\" data-complete=\"true\" data-processed=\"true\" aria-owns=\"action-menu-parent-container\">Mas o que \u00e9 realmente incr\u00edvel \u00e9 o design. Eles fizeram uma parceria com\u00a0<strong class=\"Yjhzub\" data-sfc-root=\"c\" data-sfc-cb=\"\" data-complete=\"true\" data-processed=\"true\">B.Pato<\/strong>\u00a0e o resultado \u00e9 um console\u00a0<strong class=\"Yjhzub\" data-sfc-root=\"c\" data-sfc-cb=\"\" data-complete=\"true\" data-processed=\"true\">amarelo brilhante<\/strong>\u00a0\u00c9 imposs\u00edvel passar despercebido. N\u00e3o \u00e9 s\u00f3 a sua beleza exterior; quando voc\u00ea o liga, se depara com...\u00a0<strong class=\"Yjhzub\" data-sfc-root=\"c\" data-sfc-cb=\"\" data-complete=\"true\" data-processed=\"true\">menus e anima\u00e7\u00f5es de patos<\/strong>, Assim, a experi\u00eancia B.Duck est\u00e1 completa desde o primeiro minuto.<\/div>\n<\/div>\n<h3 data-start=\"228\" data-end=\"273\">Cora\u00e7\u00e3o do console<\/h3>\n<div class=\"Y3BBE\" data-sfc-cp=\"\" data-sfc-root=\"c\" data-sfc-cb=\"\" data-hveid=\"CAEIAhAA\" data-complete=\"true\" data-processed=\"true\">Por dentro, n\u00e3o deixa a desejar. Possui um processador.\u00a0<strong class=\"Yjhzub\" data-sfc-root=\"c\" data-sfc-cb=\"\" data-complete=\"true\" data-processed=\"true\">H\u00e9lio G90T<\/strong>\u00a0que, juntamente com seus\u00a0<strong class=\"Yjhzub\" data-sfc-root=\"c\" data-sfc-cb=\"\" data-complete=\"true\" data-processed=\"true\">3GB de RAM e 64GB de mem\u00f3ria<\/strong>, Ele lida facilmente com emuladores e jogos de Android. E lembre-se que, apesar de pequeno, ele oferece muito desempenho.\u00a0<strong class=\"Yjhzub\" data-sfc-root=\"c\" data-sfc-cb=\"\" data-complete=\"true\" data-processed=\"true\">ventilador interno<\/strong>\u00a0para que n\u00e3o sobreaque\u00e7a quando voc\u00ea o estiver usando intensamente durante longas sess\u00f5es. Se voc\u00ea ficar sem espa\u00e7o para jogos, voc\u00ea tem um slot para\u00a0<strong class=\"Yjhzub\" data-sfc-root=\"c\" data-sfc-cb=\"\" data-complete=\"true\" data-processed=\"true\">microSD<\/strong>\u00a0Para colocar o que voc\u00ea quiser dentro.<\/div>\n<h3 data-start=\"277\" data-end=\"376\">Autonomia que surpreende<\/h3>\n<div class=\"Y3BBE\" data-sfc-cp=\"\" data-sfc-root=\"c\" data-sfc-cb=\"\" data-hveid=\"CAEIAhAA\" data-complete=\"true\" data-processed=\"true\">Na se\u00e7\u00e3o de baterias, o <strong class=\"Yjhzub\" data-sfc-root=\"c\" data-sfc-cb=\"\" data-complete=\"true\" data-processed=\"true\">Pocket AIR Mini<\/strong>\u00a0Ele incorpora uma bateria de\u00a0<strong class=\"Yjhzub\" data-sfc-root=\"c\" data-sfc-cb=\"\" data-complete=\"true\" data-processed=\"true\">4500 mAh<\/strong>, Uma capacidade surpreendentemente generosa para o seu tamanho compacto. Esta bateria permite sess\u00f5es de jogos prolongadas, ideal para desfrutar de longas viagens ou relaxar sem se preocupar com a falta de energia. Tamb\u00e9m suporta...\u00a0<strong class=\"Yjhzub\" data-sfc-root=\"c\" data-sfc-cb=\"\" data-complete=\"true\" data-processed=\"true\">Carregamento r\u00e1pido PD de 18 W<\/strong>, o que significa que o impressionante design amarelo de\u00a0<strong class=\"Yjhzub\" data-sfc-root=\"c\" data-sfc-cb=\"\" data-complete=\"true\" data-processed=\"true\">B.Pato<\/strong> Em pouco tempo estar\u00e1 de volta em suas m\u00e3os e pronto para uso.<\/div>\n<div data-sfc-cp=\"\" data-sfc-root=\"c\" data-sfc-cb=\"\" data-hveid=\"CAEIAhAA\" data-complete=\"true\" data-processed=\"true\"><\/div>\n<div class=\"Y3BBE\" data-sfc-cp=\"\" data-sfc-root=\"c\" data-sfc-cb=\"\" data-hveid=\"CAEIAxAA\" data-complete=\"true\" data-processed=\"true\" aria-owns=\"action-menu-parent-container\">Essa efici\u00eancia energ\u00e9tica, aliada \u00e0 sua portabilidade, refor\u00e7a a ideia de que este console n\u00e3o \u00e9 apenas um item de colecionador visualmente impressionante, mas tamb\u00e9m uma ferramenta de entretenimento.\u00a0<strong class=\"Yjhzub\" data-sfc-root=\"c\" data-sfc-cb=\"\" data-complete=\"true\" data-processed=\"true\">verdadeiramente port\u00e1til<\/strong>\u00a0que consegue acompanhar os jogadores mais exigentes.<\/div>\n<h3 data-start=\"3539\" data-end=\"3610\">Emuladores<\/h3>\n<p data-start=\"346\" data-end=\"475\">Gra\u00e7as ao seu hardware (MediaTek Helio G90T SoC + GPU Mali-G76 + Android + 3GB RAM GB), o Pocket AIR Mini tem um desempenho bastante bom com NES, SNES, Mega Drive, Genesis, PlayStation 1 (PS1), Nintendo 64 (N64), at\u00e9 mesmo Sega Dreamcast, GBA e PlayStation Portable (PSP).<\/p>\n<h3 data-start=\"346\" data-end=\"475\">Sistema operativo<\/h3>\n<p data-start=\"152\" data-end=\"259\">O Pocket AIR Mini vem com <strong data-start=\"181\" data-end=\"195\">Android 11<\/strong> assim voc\u00ea tem acesso gratuito a <strong data-start=\"803\" data-end=\"831\">emuladores, jogos, aplicativos<\/strong> que est\u00e3o dispon\u00edveis para Android: uma grande vantagem se voc\u00ea gosta de mexer nas configura\u00e7\u00f5es, instalar ROMs, experimentar diferentes emuladores, etc.<\/p>\n<h3 data-start=\"152\" data-end=\"259\">Conectividade<\/h3>\n<div class=\"Y3BBE\" data-sfc-cp=\"\" data-sfc-root=\"c\" data-sfc-cb=\"\" data-hveid=\"CAAIAhAA\" data-complete=\"true\" data-processed=\"true\">Em termos de conectividade, o\u00a0<strong class=\"Yjhzub\" data-sfc-root=\"c\" data-sfc-cb=\"\" data-complete=\"true\" data-processed=\"true\">Pocket AIR Mini<\/strong>\u00a0Ele vem muito bem equipado, ent\u00e3o voc\u00ea n\u00e3o sentir\u00e1 falta de nada. Ele tem\u00a0<strong class=\"Yjhzub\" data-sfc-root=\"c\" data-sfc-cb=\"\" data-complete=\"true\" data-processed=\"true\">Wi-Fi e Bluetooth<\/strong>, Isso permite n\u00e3o apenas baixar seus jogos e atualiza\u00e7\u00f5es rapidamente, mas tamb\u00e9m conectar fones de ouvido sem fio ou controles externos, caso voc\u00ea decida jogar no modo port\u00e1til. Tamb\u00e9m inclui uma porta.\u00a0<strong class=\"Yjhzub\" data-sfc-root=\"c\" data-sfc-cb=\"\" data-complete=\"true\" data-processed=\"true\">USB-C<\/strong> Vers\u00e1til, adequado tanto para carregamento r\u00e1pido quanto para transfer\u00eancia de dados.<\/div>\n<div data-sfc-cp=\"\" data-sfc-root=\"c\" data-sfc-cb=\"\" data-hveid=\"CAAIAhAA\" data-complete=\"true\" data-processed=\"true\"><\/div>\n<div class=\"Y3BBE\" data-sfc-cp=\"\" data-sfc-root=\"c\" data-sfc-cb=\"\" data-hveid=\"CAAIAxAA\" data-processed=\"true\" data-complete=\"true\" aria-owns=\"action-menu-parent-container\">Mant\u00e9m o <strong class=\"Yjhzub\" data-sfc-root=\"c\" data-sfc-cb=\"\" data-complete=\"true\" data-processed=\"true\">Conector de \u00e1udio de 3,5 mm<\/strong>. Dessa forma, voc\u00ea pode mergulhar na m\u00fasica dos seus jogos cl\u00e1ssicos com seus fones de ouvido favoritos, aproveitando a experi\u00eancia completa enquanto exibe o design exclusivo de\u00a0<strong class=\"Yjhzub\" data-sfc-root=\"c\" data-sfc-cb=\"\" data-complete=\"true\" data-processed=\"true\">B.Pato<\/strong>. \u00c9 um console pequeno em tamanho, mas com todas as op\u00e7\u00f5es de conectividade que voc\u00ea esperaria de um dispositivo moderno.<\/div>\n<h3 data-start=\"218\" data-end=\"411\">Controles, bot\u00f5es, ergonomia<\/h3>\n<div class=\"Y3BBE\" data-sfc-cp=\"\" data-sfc-root=\"c\" data-sfc-cb=\"\" data-hveid=\"CAEIAhAA\" data-complete=\"true\" data-processed=\"true\">Com rela\u00e7\u00e3o aos controles, o\u00a0<strong class=\"Yjhzub\" data-sfc-root=\"c\" data-sfc-cb=\"\" data-complete=\"true\" data-processed=\"true\">Pocket AIR Mini<\/strong> equipa <strong class=\"Yjhzub\" data-sfc-root=\"c\" data-sfc-cb=\"\" data-complete=\"true\" data-processed=\"true\">Joysticks e gatilhos com tecnologia de efeito Hall<\/strong>, Isso elimina completamente o risco de &quot;desvios&quot; inc\u00f4modos e oferece uma precis\u00e3o altamente detalhada, com um toque suave e profissional.<\/div>\n<div data-sfc-cp=\"\" data-sfc-root=\"c\" data-sfc-cb=\"\" data-hveid=\"CAEIAhAA\" data-complete=\"true\" data-processed=\"true\"><\/div>\n<div class=\"Y3BBE\" data-sfc-cp=\"\" data-sfc-root=\"c\" data-sfc-cb=\"\" data-hveid=\"CAEIAxAA\" data-processed=\"true\" data-complete=\"true\" aria-owns=\"action-menu-parent-container\">Os bot\u00f5es frontais e o D-pad mant\u00eam o equil\u00edbrio entre firmeza e resposta r\u00e1pida, permitindo que a experi\u00eancia de jogo seja t\u00e3o boa quanto seu apelo visual. Nesta vers\u00e3o.\u00a0<strong class=\"Yjhzub\" data-sfc-root=\"c\" data-sfc-cb=\"\" data-complete=\"true\" data-processed=\"true\">B.Pato<\/strong>, Os detalhes nas cores dos bot\u00f5es e a ergonomia dos sticks est\u00e3o perfeitamente integrados ao conjunto, demonstrando que a AYANEO teve grande cuidado tanto com a est\u00e9tica do famoso pato quanto com o design.\u00a0<strong class=\"Yjhzub\" data-sfc-root=\"c\" data-sfc-cb=\"\" data-complete=\"true\" data-processed=\"true\">qualidade t\u00e9cnica<\/strong>\u00a0de cada batida do cora\u00e7\u00e3o.<\/div>\n<p data-start=\"1018\" data-end=\"1261\">Tamb\u00e9m inclui <strong data-start=\"1033\" data-end=\"1058\">vibra\u00e7\u00e3o, girosc\u00f3pio.<\/strong><\/p>\n<p data-start=\"1309\" data-end=\"1535\">Em termos de tamanho e peso, o console pesa cerca de <strong data-start=\"1357\" data-end=\"1366\">269 g<\/strong> e possui dimens\u00f5es compactas, o que o torna bastante <strong data-start=\"1428\" data-end=\"1440\">port\u00e1til<\/strong> e confort\u00e1vel de segurar nas m\u00e3os, sem parecer pesado.<\/p>\n<p data-start=\"1538\" data-end=\"1821\">Muitos dos controles (gatilhos, joysticks, D-pad, bot\u00f5es) s\u00e3o bem calibrados: os gatilhos e os joysticks anal\u00f3gicos s\u00e3o confort\u00e1veis e t\u00eam um bom &quot;clique&quot; ou resposta, permitindo que voc\u00ea jogue por v\u00e1rias horas sem sentir as m\u00e3os &quot;r\u00edgidas&quot;.<\/p>\n<p><img loading=\"lazy\" decoding=\"async\" class=\"aligncenter size-full wp-image-75796\" src=\"https:\/\/www.kibotek.com\/wp-content\/uploads\/2026\/04\/kiboTEK_AYANEO_POCKET_AIR_MINI_B.DUCK_009.jpg\" alt=\"\" width=\"1591\" height=\"783\" title=\"\" srcset=\"https:\/\/www.kibotek.com\/wp-content\/uploads\/2026\/04\/kiboTEK_AYANEO_POCKET_AIR_MINI_B.DUCK_009.jpg 1591w, https:\/\/www.kibotek.com\/wp-content\/uploads\/2026\/04\/kiboTEK_AYANEO_POCKET_AIR_MINI_B.DUCK_009-400x197.jpg 400w, https:\/\/www.kibotek.com\/wp-content\/uploads\/2026\/04\/kiboTEK_AYANEO_POCKET_AIR_MINI_B.DUCK_009-1300x640.jpg 1300w, https:\/\/www.kibotek.com\/wp-content\/uploads\/2026\/04\/kiboTEK_AYANEO_POCKET_AIR_MINI_B.DUCK_009-768x378.jpg 768w, https:\/\/www.kibotek.com\/wp-content\/uploads\/2026\/04\/kiboTEK_AYANEO_POCKET_AIR_MINI_B.DUCK_009-1536x756.jpg 1536w, https:\/\/www.kibotek.com\/wp-content\/uploads\/2026\/04\/kiboTEK_AYANEO_POCKET_AIR_MINI_B.DUCK_009-18x9.jpg 18w, https:\/\/www.kibotek.com\/wp-content\/uploads\/2026\/04\/kiboTEK_AYANEO_POCKET_AIR_MINI_B.DUCK_009-430x212.jpg 430w, https:\/\/www.kibotek.com\/wp-content\/uploads\/2026\/04\/kiboTEK_AYANEO_POCKET_AIR_MINI_B.DUCK_009-700x345.jpg 700w, https:\/\/www.kibotek.com\/wp-content\/uploads\/2026\/04\/kiboTEK_AYANEO_POCKET_AIR_MINI_B.DUCK_009-150x74.jpg 150w\" sizes=\"auto, (max-width: 1591px) 100vw, 1591px\" \/> <img loading=\"lazy\" decoding=\"async\" class=\"aligncenter size-full wp-image-75798\" src=\"https:\/\/www.kibotek.com\/wp-content\/uploads\/2026\/04\/kiboTEK_AYANEO_POCKET_AIR_MINI_B.DUCK_010.jpg\" alt=\"\" width=\"1591\" height=\"865\" title=\"\" srcset=\"https:\/\/www.kibotek.com\/wp-content\/uploads\/2026\/04\/kiboTEK_AYANEO_POCKET_AIR_MINI_B.DUCK_010.jpg 1591w, https:\/\/www.kibotek.com\/wp-content\/uploads\/2026\/04\/kiboTEK_AYANEO_POCKET_AIR_MINI_B.DUCK_010-400x217.jpg 400w, https:\/\/www.kibotek.com\/wp-content\/uploads\/2026\/04\/kiboTEK_AYANEO_POCKET_AIR_MINI_B.DUCK_010-1300x707.jpg 1300w, https:\/\/www.kibotek.com\/wp-content\/uploads\/2026\/04\/kiboTEK_AYANEO_POCKET_AIR_MINI_B.DUCK_010-768x418.jpg 768w, https:\/\/www.kibotek.com\/wp-content\/uploads\/2026\/04\/kiboTEK_AYANEO_POCKET_AIR_MINI_B.DUCK_010-1536x835.jpg 1536w, https:\/\/www.kibotek.com\/wp-content\/uploads\/2026\/04\/kiboTEK_AYANEO_POCKET_AIR_MINI_B.DUCK_010-18x10.jpg 18w, https:\/\/www.kibotek.com\/wp-content\/uploads\/2026\/04\/kiboTEK_AYANEO_POCKET_AIR_MINI_B.DUCK_010-430x234.jpg 430w, https:\/\/www.kibotek.com\/wp-content\/uploads\/2026\/04\/kiboTEK_AYANEO_POCKET_AIR_MINI_B.DUCK_010-700x381.jpg 700w, https:\/\/www.kibotek.com\/wp-content\/uploads\/2026\/04\/kiboTEK_AYANEO_POCKET_AIR_MINI_B.DUCK_010-150x82.jpg 150w\" sizes=\"auto, (max-width: 1591px) 100vw, 1591px\" \/> <img loading=\"lazy\" decoding=\"async\" class=\"aligncenter size-full wp-image-75799\" src=\"https:\/\/www.kibotek.com\/wp-content\/uploads\/2026\/04\/kiboTEK_AYANEO_POCKET_AIR_MINI_B.DUCK_011.jpg\" alt=\"\" width=\"1583\" height=\"871\" title=\"\" srcset=\"https:\/\/www.kibotek.com\/wp-content\/uploads\/2026\/04\/kiboTEK_AYANEO_POCKET_AIR_MINI_B.DUCK_011.jpg 1583w, https:\/\/www.kibotek.com\/wp-content\/uploads\/2026\/04\/kiboTEK_AYANEO_POCKET_AIR_MINI_B.DUCK_011-400x220.jpg 400w, https:\/\/www.kibotek.com\/wp-content\/uploads\/2026\/04\/kiboTEK_AYANEO_POCKET_AIR_MINI_B.DUCK_011-1300x715.jpg 1300w, https:\/\/www.kibotek.com\/wp-content\/uploads\/2026\/04\/kiboTEK_AYANEO_POCKET_AIR_MINI_B.DUCK_011-768x423.jpg 768w, https:\/\/www.kibotek.com\/wp-content\/uploads\/2026\/04\/kiboTEK_AYANEO_POCKET_AIR_MINI_B.DUCK_011-1536x845.jpg 1536w, https:\/\/www.kibotek.com\/wp-content\/uploads\/2026\/04\/kiboTEK_AYANEO_POCKET_AIR_MINI_B.DUCK_011-18x10.jpg 18w, https:\/\/www.kibotek.com\/wp-content\/uploads\/2026\/04\/kiboTEK_AYANEO_POCKET_AIR_MINI_B.DUCK_011-430x237.jpg 430w, https:\/\/www.kibotek.com\/wp-content\/uploads\/2026\/04\/kiboTEK_AYANEO_POCKET_AIR_MINI_B.DUCK_011-700x385.jpg 700w, https:\/\/www.kibotek.com\/wp-content\/uploads\/2026\/04\/kiboTEK_AYANEO_POCKET_AIR_MINI_B.DUCK_011-150x83.jpg 150w\" sizes=\"auto, (max-width: 1583px) 100vw, 1583px\" \/> <img loading=\"lazy\" decoding=\"async\" class=\"aligncenter size-full wp-image-75800\" src=\"https:\/\/www.kibotek.com\/wp-content\/uploads\/2026\/04\/kiboTEK_AYANEO_POCKET_AIR_MINI_B.DUCK_012.jpg\" alt=\"\" width=\"1586\" height=\"888\" title=\"\" srcset=\"https:\/\/www.kibotek.com\/wp-content\/uploads\/2026\/04\/kiboTEK_AYANEO_POCKET_AIR_MINI_B.DUCK_012.jpg 1586w, https:\/\/www.kibotek.com\/wp-content\/uploads\/2026\/04\/kiboTEK_AYANEO_POCKET_AIR_MINI_B.DUCK_012-400x224.jpg 400w, https:\/\/www.kibotek.com\/wp-content\/uploads\/2026\/04\/kiboTEK_AYANEO_POCKET_AIR_MINI_B.DUCK_012-1300x728.jpg 1300w, https:\/\/www.kibotek.com\/wp-content\/uploads\/2026\/04\/kiboTEK_AYANEO_POCKET_AIR_MINI_B.DUCK_012-768x430.jpg 768w, https:\/\/www.kibotek.com\/wp-content\/uploads\/2026\/04\/kiboTEK_AYANEO_POCKET_AIR_MINI_B.DUCK_012-1536x860.jpg 1536w, https:\/\/www.kibotek.com\/wp-content\/uploads\/2026\/04\/kiboTEK_AYANEO_POCKET_AIR_MINI_B.DUCK_012-18x10.jpg 18w, https:\/\/www.kibotek.com\/wp-content\/uploads\/2026\/04\/kiboTEK_AYANEO_POCKET_AIR_MINI_B.DUCK_012-430x241.jpg 430w, https:\/\/www.kibotek.com\/wp-content\/uploads\/2026\/04\/kiboTEK_AYANEO_POCKET_AIR_MINI_B.DUCK_012-700x392.jpg 700w, https:\/\/www.kibotek.com\/wp-content\/uploads\/2026\/04\/kiboTEK_AYANEO_POCKET_AIR_MINI_B.DUCK_012-150x84.jpg 150w\" sizes=\"auto, (max-width: 1586px) 100vw, 1586px\" \/> <img loading=\"lazy\" decoding=\"async\" class=\"aligncenter size-full wp-image-75801\" src=\"https:\/\/www.kibotek.com\/wp-content\/uploads\/2026\/04\/kiboTEK_AYANEO_POCKET_AIR_MINI_B.DUCK_013.jpg\" alt=\"\" width=\"1612\" height=\"765\" title=\"\" srcset=\"https:\/\/www.kibotek.com\/wp-content\/uploads\/2026\/04\/kiboTEK_AYANEO_POCKET_AIR_MINI_B.DUCK_013.jpg 1612w, https:\/\/www.kibotek.com\/wp-content\/uploads\/2026\/04\/kiboTEK_AYANEO_POCKET_AIR_MINI_B.DUCK_013-400x190.jpg 400w, https:\/\/www.kibotek.com\/wp-content\/uploads\/2026\/04\/kiboTEK_AYANEO_POCKET_AIR_MINI_B.DUCK_013-1300x617.jpg 1300w, https:\/\/www.kibotek.com\/wp-content\/uploads\/2026\/04\/kiboTEK_AYANEO_POCKET_AIR_MINI_B.DUCK_013-768x364.jpg 768w, https:\/\/www.kibotek.com\/wp-content\/uploads\/2026\/04\/kiboTEK_AYANEO_POCKET_AIR_MINI_B.DUCK_013-1536x729.jpg 1536w, https:\/\/www.kibotek.com\/wp-content\/uploads\/2026\/04\/kiboTEK_AYANEO_POCKET_AIR_MINI_B.DUCK_013-18x9.jpg 18w, https:\/\/www.kibotek.com\/wp-content\/uploads\/2026\/04\/kiboTEK_AYANEO_POCKET_AIR_MINI_B.DUCK_013-430x204.jpg 430w, https:\/\/www.kibotek.com\/wp-content\/uploads\/2026\/04\/kiboTEK_AYANEO_POCKET_AIR_MINI_B.DUCK_013-700x332.jpg 700w, https:\/\/www.kibotek.com\/wp-content\/uploads\/2026\/04\/kiboTEK_AYANEO_POCKET_AIR_MINI_B.DUCK_013-150x71.jpg 150w\" sizes=\"auto, (max-width: 1612px) 100vw, 1612px\" \/> <img loading=\"lazy\" decoding=\"async\" class=\"aligncenter size-full wp-image-75802\" src=\"https:\/\/www.kibotek.com\/wp-content\/uploads\/2026\/04\/kiboTEK_AYANEO_POCKET_AIR_MINI_B.DUCK_014.jpg\" alt=\"\" width=\"1597\" height=\"825\" title=\"\" srcset=\"https:\/\/www.kibotek.com\/wp-content\/uploads\/2026\/04\/kiboTEK_AYANEO_POCKET_AIR_MINI_B.DUCK_014.jpg 1597w, https:\/\/www.kibotek.com\/wp-content\/uploads\/2026\/04\/kiboTEK_AYANEO_POCKET_AIR_MINI_B.DUCK_014-400x207.jpg 400w, https:\/\/www.kibotek.com\/wp-content\/uploads\/2026\/04\/kiboTEK_AYANEO_POCKET_AIR_MINI_B.DUCK_014-1300x672.jpg 1300w, https:\/\/www.kibotek.com\/wp-content\/uploads\/2026\/04\/kiboTEK_AYANEO_POCKET_AIR_MINI_B.DUCK_014-768x397.jpg 768w, https:\/\/www.kibotek.com\/wp-content\/uploads\/2026\/04\/kiboTEK_AYANEO_POCKET_AIR_MINI_B.DUCK_014-1536x793.jpg 1536w, https:\/\/www.kibotek.com\/wp-content\/uploads\/2026\/04\/kiboTEK_AYANEO_POCKET_AIR_MINI_B.DUCK_014-18x9.jpg 18w, https:\/\/www.kibotek.com\/wp-content\/uploads\/2026\/04\/kiboTEK_AYANEO_POCKET_AIR_MINI_B.DUCK_014-430x222.jpg 430w, https:\/\/www.kibotek.com\/wp-content\/uploads\/2026\/04\/kiboTEK_AYANEO_POCKET_AIR_MINI_B.DUCK_014-700x362.jpg 700w, https:\/\/www.kibotek.com\/wp-content\/uploads\/2026\/04\/kiboTEK_AYANEO_POCKET_AIR_MINI_B.DUCK_014-150x77.jpg 150w\" sizes=\"auto, (max-width: 1597px) 100vw, 1597px\" \/><\/p>","protected":false},"excerpt":{"rendered":"<p class=\"price woobt-price-56089\"><strong><em>COMPRE AGORA E <\/em><\/strong><strong><em>RECEBA EM 24\/72H \ud83d\ude80<\/em><\/strong><\/p>","protected":false},"featured_media":75787,"comment_status":"open","ping_status":"closed","template":"","meta":{"iawp_total_views":12},"product_brand":[8141],"product_cat":[7809,5514],"product_tag":[],"class_list":{"0":"post-75786","1":"product","2":"type-product","3":"status-publish","4":"has-post-thumbnail","6":"product_brand-comprar-consola-gaming-ayaneo","7":"product_cat-consolas-retro","8":"product_cat-consolas-retro-gaming-arcade-bartop-pandora-box-anbernic-powkiddy","10":"first","11":"outofstock","12":"taxable","13":"shipping-taxable","14":"purchasable","15":"product-type-simple"},"supplier_id":null,"supplier_sku":"","barcode":null,"atum_controlled":true,"out_stock_date":"2026-04-22 18:49:54","out_stock_threshold":null,"inheritable":false,"inbound_stock":null,"stock_on_hold":0,"sold_today":0,"sales_last_days":0,"reserved_stock":null,"customer_returns":null,"warehouse_damage":null,"lost_in_post":null,"other_logs":null,"out_stock_days":2,"lost_sales":0,"has_location":false,"update_date":"2026-04-25T05:04:07","atum_locations":[],"atum_stock_status":"outofstock","restock_status":false,"low_stock_amount":"","sales_update_date":"2026-04-25T05:04:07","calc_backorders":null,"_links":{"self":[{"href":"https:\/\/www.kibotek.com\/pt\/wp-json\/wp\/v2\/product\/75786","targetHints":{"allow":["GET"]}}],"collection":[{"href":"https:\/\/www.kibotek.com\/pt\/wp-json\/wp\/v2\/product"}],"about":[{"href":"https:\/\/www.kibotek.com\/pt\/wp-json\/wp\/v2\/types\/product"}],"replies":[{"embeddable":true,"href":"https:\/\/www.kibotek.com\/pt\/wp-json\/wp\/v2\/comments?post=75786"}],"version-history":[{"count":5,"href":"https:\/\/www.kibotek.com\/pt\/wp-json\/wp\/v2\/product\/75786\/revisions"}],"predecessor-version":[{"id":75808,"href":"https:\/\/www.kibotek.com\/pt\/wp-json\/wp\/v2\/product\/75786\/revisions\/75808"}],"wp:featuredmedia":[{"embeddable":true,"href":"https:\/\/www.kibotek.com\/pt\/wp-json\/wp\/v2\/media\/75787"}],"wp:attachment":[{"href":"https:\/\/www.kibotek.com\/pt\/wp-json\/wp\/v2\/media?parent=75786"}],"wp:term":[{"taxonomy":"product_brand","embeddable":true,"href":"https:\/\/www.kibotek.com\/pt\/wp-json\/wp\/v2\/product_brand?post=75786"},{"taxonomy":"product_cat","embeddable":true,"href":"https:\/\/www.kibotek.com\/pt\/wp-json\/wp\/v2\/product_cat?post=75786"},{"taxonomy":"product_tag","embeddable":true,"href":"https:\/\/www.kibotek.com\/pt\/wp-json\/wp\/v2\/product_tag?post=75786"}],"curies":[{"name":"wp","href":"https:\/\/api.w.org\/{rel}","templated":true}]}}