{"id":67706,"date":"2025-11-11T20:08:16","date_gmt":"2025-11-11T19:08:16","guid":{"rendered":"https:\/\/www.kibotek.com\/?post_type=product&#038;p=67706"},"modified":"2026-04-18T22:15:37","modified_gmt":"2026-04-18T20:15:37","slug":"pelicula-de-vidro-temperado-ayaneo-konkr-pocket-fit","status":"publish","type":"product","link":"https:\/\/www.kibotek.com\/pt\/kibostore\/ayaneo-konkr-pocket-fit-cristal-templado\/","title":{"rendered":"Pel\u00edcula de vidro temperado AYANEO KONKR Pocket FIT"},"content":{"rendered":"<h3>Comprar AYANEO KONKR Pocket FIT Cristal templado<\/h3>\n<h3>Envio da Espanha para toda a Europa em 24\/72 horas<\/h3>\n<p>El accesorio imprescindible para tu AYANEO KONKR Pocket FIT.<\/p>\n<p style=\"text-align: left;\">En kiboTEK puedes comprar Cristal templado AYANEO KONKR Pocket FIT con la garant\u00eda y seguridad de la mejor tienda online retro gaming en Espa\u00f1a con env\u00edos en 24\/72h a toda Europa.<\/p>\n<p>Na kiboTEK, enviamos consoles para mais de 29 pa\u00edses na Europa em at\u00e9 24\/72 horas com garantia de 3 anos. Verifique e calcule o custo do frete inserindo seu endere\u00e7o no carrinho. <strong>Despesas gr\u00e1tis para Espanha a partir de \u20ac 100<\/strong>.<\/p>\n<p>Visite nossas lojas kiboTEK Vitoria na Rua Independencia, 13, Bilbao na Rua Alameda de Urquijo, 35, ou visite nosso site. <a href=\"http:\/\/www.kiboTEK.com\/\" target=\"_blank\" rel=\"nofollow noopener\">www.kiboTEK.com<\/a>\u00a0 e voc\u00ea encontrar\u00e1 um amplo cat\u00e1logo de consoles retr\u00f4. Adquira qualquer um dos nossos consoles e viaje de volta \u00e0 sua inf\u00e2ncia.<\/p>\n<p><img loading=\"lazy\" decoding=\"async\" class=\"aligncenter size-full wp-image-67710\" src=\"https:\/\/www.kibotek.com\/wp-content\/uploads\/2025\/11\/kiboTEK_KONKR_PROTECTOR_003.jpg\" alt=\"\" width=\"1291\" height=\"593\" title=\"\" srcset=\"https:\/\/www.kibotek.com\/wp-content\/uploads\/2025\/11\/kiboTEK_KONKR_PROTECTOR_003.jpg 1291w, https:\/\/www.kibotek.com\/wp-content\/uploads\/2025\/11\/kiboTEK_KONKR_PROTECTOR_003-430x198.jpg 430w, https:\/\/www.kibotek.com\/wp-content\/uploads\/2025\/11\/kiboTEK_KONKR_PROTECTOR_003-150x69.jpg 150w, https:\/\/www.kibotek.com\/wp-content\/uploads\/2025\/11\/kiboTEK_KONKR_PROTECTOR_003-700x322.jpg 700w, https:\/\/www.kibotek.com\/wp-content\/uploads\/2025\/11\/kiboTEK_KONKR_PROTECTOR_003-400x184.jpg 400w, https:\/\/www.kibotek.com\/wp-content\/uploads\/2025\/11\/kiboTEK_KONKR_PROTECTOR_003-768x353.jpg 768w, https:\/\/www.kibotek.com\/wp-content\/uploads\/2025\/11\/kiboTEK_KONKR_PROTECTOR_003-18x8.jpg 18w\" sizes=\"auto, (max-width: 1291px) 100vw, 1291px\" \/><\/p>","protected":false},"excerpt":{"rendered":"<div class=\"woocommerce-product-details__short-description\">\n<div class=\"woocommerce-product-details__short-description\">\n<div class=\"woocommerce-product-details__short-description\">\n<div class=\"woocommerce-product-details__short-description\">\n<p class=\"price woobt-price-56089\"><strong><em>COMPRE AGORA E <\/em><\/strong><strong><em>RECEBA EM 24\/72H \ud83d\ude80<\/em><\/strong><\/p>\n<\/div>\n<\/div>\n<\/div>\n<\/div>","protected":false},"featured_media":67709,"comment_status":"open","ping_status":"closed","template":"","meta":{"iawp_total_views":155},"product_brand":[8141],"product_cat":[5514,5523],"product_tag":[],"class_list":{"0":"post-67706","1":"product","2":"type-product","3":"status-publish","4":"has-post-thumbnail","6":"product_brand-comprar-consola-gaming-ayaneo","7":"product_cat-consolas-retro-gaming-arcade-bartop-pandora-box-anbernic-powkiddy","8":"product_cat-comprar-hidrogel-cristales-templados-smartphone","10":"first","11":"instock","12":"sale","13":"taxable","14":"shipping-taxable","15":"purchasable","16":"product-type-simple"},"supplier_id":null,"supplier_sku":"","barcode":null,"atum_controlled":true,"out_stock_date":null,"out_stock_threshold":null,"inheritable":false,"inbound_stock":null,"stock_on_hold":0,"sold_today":0,"sales_last_days":0,"reserved_stock":null,"customer_returns":null,"warehouse_damage":null,"lost_in_post":null,"other_logs":null,"out_stock_days":0,"lost_sales":0,"has_location":false,"update_date":"2026-04-19T05:02:14","atum_locations":[],"atum_stock_status":"instock","restock_status":false,"low_stock_amount":"","sales_update_date":"2026-04-19T05:02:14","calc_backorders":null,"_links":{"self":[{"href":"https:\/\/www.kibotek.com\/pt\/wp-json\/wp\/v2\/product\/67706","targetHints":{"allow":["GET"]}}],"collection":[{"href":"https:\/\/www.kibotek.com\/pt\/wp-json\/wp\/v2\/product"}],"about":[{"href":"https:\/\/www.kibotek.com\/pt\/wp-json\/wp\/v2\/types\/product"}],"replies":[{"embeddable":true,"href":"https:\/\/www.kibotek.com\/pt\/wp-json\/wp\/v2\/comments?post=67706"}],"version-history":[{"count":0,"href":"https:\/\/www.kibotek.com\/pt\/wp-json\/wp\/v2\/product\/67706\/revisions"}],"wp:featuredmedia":[{"embeddable":true,"href":"https:\/\/www.kibotek.com\/pt\/wp-json\/wp\/v2\/media\/67709"}],"wp:attachment":[{"href":"https:\/\/www.kibotek.com\/pt\/wp-json\/wp\/v2\/media?parent=67706"}],"wp:term":[{"taxonomy":"product_brand","embeddable":true,"href":"https:\/\/www.kibotek.com\/pt\/wp-json\/wp\/v2\/product_brand?post=67706"},{"taxonomy":"product_cat","embeddable":true,"href":"https:\/\/www.kibotek.com\/pt\/wp-json\/wp\/v2\/product_cat?post=67706"},{"taxonomy":"product_tag","embeddable":true,"href":"https:\/\/www.kibotek.com\/pt\/wp-json\/wp\/v2\/product_tag?post=67706"}],"curies":[{"name":"wp","href":"https:\/\/api.w.org\/{rel}","templated":true}]}}