{"id":56604,"date":"2025-02-04T12:23:02","date_gmt":"2025-02-04T11:23:02","guid":{"rendered":"https:\/\/www.kibotek.com\/?post_type=product&#038;p=56604"},"modified":"2026-05-08T22:36:01","modified_gmt":"2026-05-08T20:36:01","slug":"ayn-odin-2-portal-pro-12512-console-de-jogos-portatil","status":"publish","type":"product","link":"https:\/\/www.kibotek.com\/pt\/kibostore\/ayn-odin-2-portal-pro-12512-consola-portatil-gaming\/","title":{"rendered":"Console de jogos port\u00e1til AYN Odin 2 Portal Pro 12GB\/512GB"},"content":{"rendered":"<h3>Comprar AYN Odin 2 Portal Pro 12GB+512GB\u00a0 Consola Port\u00e1til Gaming<\/h3>\n<h3>Envio da Espanha para toda a Europa em 24\/72 horas<\/h3>\n<h3><strong>3 anos<\/strong> <strong>Garantia europeia <\/strong><strong>Somente na kiboTEK<\/strong><\/h3>\n<h3>especifica\u00e7\u00f5es<\/h3>\n<ul>\n<li>Processador Qualcomm Snapdragon 8Gen 2 4nm<\/li>\n<li>8 n\u00facleos 3,2 GHz<\/li>\n<li>GPU Adreno 740<\/li>\n<li>RAM 12GB LPDDR5X<\/li>\n<li>Armazenamento SSD UFS 4.0 de 512 G<\/li>\n<li>Tela sens\u00edvel ao toque OLED de 7\u2033 120Hz 800nits<\/li>\n<li>Propor\u00e7\u00e3o 16:9 e 369ppi<\/li>\n<li>Resolu\u00e7\u00e3o de 1080 \u00d7 1920 pixels FHD +<\/li>\n<li>Sa\u00edda de v\u00eddeo 4Kp60<\/li>\n<li>Wi-Fi 2.4\/5G\/7<\/li>\n<li>bluetooth 5.3<\/li>\n<li>Sa\u00edda HDMI<\/li>\n<li>Resfriamento Ativo<\/li>\n<li>Design ergon\u00f4mico<\/li>\n<li>Bateria de 8.000mAh<\/li>\n<li>Carga r\u00e1pida de 27 W<\/li>\n<li>Andr\u00f3ide 13<\/li>\n<li>Peso 430gr<\/li>\n<li>Dimens\u00f5es 257 x 98,6 x 17,2 mm<\/li>\n<\/ul>\n<p><iframe loading=\"lazy\" title=\"#odin2portal #gaming #gamers #retrogaming #console #console port\u00e1til #consolegaming #diversion\" width=\"422\" height=\"750\" src=\"https:\/\/www.youtube.com\/embed\/v1kbEPFkBbs?feature=oembed\" frameborder=\"0\" allow=\"accelerometer; autoplay; clipboard-write; encrypted-media; gyroscope; picture-in-picture; web-share\" referrerpolicy=\"strict-origin-when-cross-origin\" allowfullscreen><\/iframe><\/p>\n<p>A prestigiada marca de consoles port\u00e1teis ayntec nos apresenta a edi\u00e7\u00e3o renovada de um dos consoles mais aclamados, o Odin 2 Portal.<\/p>\n<p>Depois do sucesso estrondoso da primeira vers\u00e3o, apresentam-nos esta nova consola retro port\u00e1til que possui tr\u00eas vers\u00f5es dependendo da sua RAM e armazenamento. <strong>N\u00e3o espere mais e compre o novo Odin 2 Portal com a garantia e seguran\u00e7a do site l\u00edder em consoles retr\u00f4 port\u00e1teis da Europa.<\/strong><\/p>\n<p>O Odin 2 Portal \u00e9 o sucessor do Odin original, aprimorado em v\u00e1rios aspectos importantes, como poder de processamento, qualidade de exibi\u00e7\u00e3o e ergonomia. Ele foi projetado para emular consoles retr\u00f4 e modernos, al\u00e9m de rodar jogos nativos do Android e alguns aplicativos de PC. Sua interface \u00e9 fluida e otimizada para oferecer uma experi\u00eancia semelhante \u00e0 dos consoles convencionais, mas com a vantagem de ser um sistema port\u00e1til.<\/p>\n<h3>Tela OLED Full HD Plus de 7 polegadas<\/h3>\n<p>Quanto \u00e0 tela, encontramos um painel OLED de 7 polegadas que \u00e9, obviamente, sens\u00edvel ao toque. O console tem uma est\u00e9tica muito cuidada e \u00e9 ergonomicamente perfeito para longas sess\u00f5es de jogo. A retroilumina\u00e7\u00e3o LED nas laterais e nos man\u00edpulos anal\u00f3gicos do console n\u00e3o chama a aten\u00e7\u00e3o. Quanto \u00e0 tela, temos um painel sens\u00edvel ao toque de 6 polegadas. <strong>Full HD mais 1080 x 1920 pixels<\/strong>. Encontramos um painel de alta qualidade com uma resolu\u00e7\u00e3o perfeita para desfrutar dos seus t\u00edtulos favoritos.<\/p>\n<h3>Processador Qualcomm de ponta<\/h3>\n<p>Na sala de m\u00e1quinas, este novo Odin 2 Portal tem um processador muito atraente, o Qualcomm Snapdragon 8 de segunda gera\u00e7\u00e3o com 64 bits acompanhado de oito n\u00facleos com velocidade m\u00e1xima de 3,2 GHz. O processador deste console retr\u00f4 port\u00e1til Odin 2 vem com tr\u00eas vers\u00f5es de armazenamento diferentes. O primeiro nos fornece<strong> 8 GB de RAM e 128GB de mem\u00f3ria, o segundo chega a 12 GB de RAM e 512 GB de mem\u00f3ria e o \u00faltimo chega a at\u00e9 dezesseis gigabytes de RAM e tem 1 TB de mem\u00f3ria interna<\/strong>.<\/p>\n<p>Claro que a RAM \u00e9 do tipo LPDDR5X enquanto o armazenamento \u00e9 UFS. Em resumo, estamos perante um processador muito atractivo e que ter\u00e1 um desempenho de alto n\u00edvel em qualquer uma destas tr\u00eas vers\u00f5es. Ir\u00e1 deliciar at\u00e9 a maioria dos jogadores, j\u00e1 que encontramos um processador que se encontra em smartphones topo de gama. Quanto \u00e0 GPU, n\u00e3o ficamos atr\u00e1s e teremos uma Adreno 740.<\/p>\n<p>Equipado com um processador Qualcomm Snapdragon de \u00faltima gera\u00e7\u00e3o ou equivalente, proporcionando desempenho ideal para rodar jogos e emuladores sem problemas.<\/p>\n<h3>Bateria solvente de 8.000mAh<\/h3>\n<p>A bateria deste incr\u00edvel console port\u00e1til chega a 8.000 mAh e nos proporciona autonomia suficiente para desfrutar de longas sess\u00f5es de jogo. Como se isso n\u00e3o bastasse, temos um <strong>Carregamento ultra r\u00e1pido de 27 W<\/strong>.<\/p>\n<h3>Conex\u00f5es e conectividade<\/h3>\n<p>Em termos de conectividade temos <strong>Wi-Fi 2.4\/5G\/7 e Bluetooth 5.3.<\/strong> A interface do console Odin 2 Portal tem uma porta USB 3.1 tipo C e uma sa\u00edda de \u00e1udio com conector de 3,5 mm.<\/p>\n<p>Os controles s\u00e3o integrados com joysticks anal\u00f3gicos, cruzeta (D-pad) e bot\u00f5es frontais (ABXY), gatilhos traseiros e superiores. Eles s\u00e3o ergon\u00f4micos e projetados para longas sess\u00f5es de jogo sem fadiga.<\/p>\n<p>Vibra para aumentar a imers\u00e3o durante o jogo.<\/p>\n<h3>Andr\u00f3ide 13<\/h3>\n<p>Tudo isso sob o sistema operacional Android 13 com o qual voc\u00ea pode personalizar o console. Executa uma vers\u00e3o personalizada do Android com otimiza\u00e7\u00f5es para jogabilidade. Suporta acesso \u00e0 Google Play Store para baixar jogos e aplicativos.<\/p>\n<p>Suporta emuladores para consoles como NES, SNES, N64, GameCube, PS2, PSP e muitos outros.<\/p>\n<h3><strong>3 anos<\/strong> <strong>Garantia europeia <\/strong><strong>Somente na kiboTEK<\/strong><\/h3>\n<p>Na kiboTEK voc\u00ea pode comprar o portal AYN Odin 2<strong data-start=\"97\" data-end=\"176\">\u00a0<\/strong>Com a garantia e a seguran\u00e7a da melhor loja de jogos online da Espanha e da Europa. N\u00e3o se preocupe com a garantia, pois s\u00f3 no nosso site voc\u00ea a ter\u00e1. <strong>Garantia europeia de 3 anos.<\/strong><\/p>\n<p>Na kiboTEK voc\u00ea pode comprar o console port\u00e1til de jogos AYN Odin 2 Portal com a garantia e seguran\u00e7a da melhor loja de jogos online da Espanha e Europa.<\/p>\n<p><img loading=\"lazy\" decoding=\"async\" class=\"aligncenter wp-image-56640 size-full\" src=\"https:\/\/www.kibotek.com\/wp-content\/uploads\/2025\/02\/kiboTEK_ayn_odin2_portal_case_005.jpg\" alt=\"\" width=\"720\" height=\"1424\" title=\"\" srcset=\"https:\/\/www.kibotek.com\/wp-content\/uploads\/2025\/02\/kiboTEK_ayn_odin2_portal_case_005.jpg 720w, https:\/\/www.kibotek.com\/wp-content\/uploads\/2025\/02\/kiboTEK_ayn_odin2_portal_case_005-430x850.jpg 430w, https:\/\/www.kibotek.com\/wp-content\/uploads\/2025\/02\/kiboTEK_ayn_odin2_portal_case_005-150x297.jpg 150w, https:\/\/www.kibotek.com\/wp-content\/uploads\/2025\/02\/kiboTEK_ayn_odin2_portal_case_005-700x1384.jpg 700w, https:\/\/www.kibotek.com\/wp-content\/uploads\/2025\/02\/kiboTEK_ayn_odin2_portal_case_005-152x300.jpg 152w, https:\/\/www.kibotek.com\/wp-content\/uploads\/2025\/02\/kiboTEK_ayn_odin2_portal_case_005-518x1024.jpg 518w, https:\/\/www.kibotek.com\/wp-content\/uploads\/2025\/02\/kiboTEK_ayn_odin2_portal_case_005-6x12.jpg 6w\" sizes=\"auto, (max-width: 720px) 100vw, 720px\" \/> <img loading=\"lazy\" decoding=\"async\" class=\"wp-image-56641 size-full aligncenter\" src=\"https:\/\/www.kibotek.com\/wp-content\/uploads\/2025\/02\/kiboTEK_ayn_odin2_portal_case_006.jpg\" alt=\"\" width=\"720\" height=\"1418\" title=\"\" srcset=\"https:\/\/www.kibotek.com\/wp-content\/uploads\/2025\/02\/kiboTEK_ayn_odin2_portal_case_006.jpg 720w, https:\/\/www.kibotek.com\/wp-content\/uploads\/2025\/02\/kiboTEK_ayn_odin2_portal_case_006-430x847.jpg 430w, https:\/\/www.kibotek.com\/wp-content\/uploads\/2025\/02\/kiboTEK_ayn_odin2_portal_case_006-150x295.jpg 150w, https:\/\/www.kibotek.com\/wp-content\/uploads\/2025\/02\/kiboTEK_ayn_odin2_portal_case_006-700x1379.jpg 700w, https:\/\/www.kibotek.com\/wp-content\/uploads\/2025\/02\/kiboTEK_ayn_odin2_portal_case_006-152x300.jpg 152w, https:\/\/www.kibotek.com\/wp-content\/uploads\/2025\/02\/kiboTEK_ayn_odin2_portal_case_006-520x1024.jpg 520w, https:\/\/www.kibotek.com\/wp-content\/uploads\/2025\/02\/kiboTEK_ayn_odin2_portal_case_006-6x12.jpg 6w\" sizes=\"auto, (max-width: 720px) 100vw, 720px\" \/> <img loading=\"lazy\" decoding=\"async\" class=\"wp-image-56642 size-full aligncenter\" src=\"https:\/\/www.kibotek.com\/wp-content\/uploads\/2025\/02\/kiboTEK_ayn_odin2_portal_case_007.jpg\" alt=\"\" width=\"720\" height=\"1960\" title=\"\" srcset=\"https:\/\/www.kibotek.com\/wp-content\/uploads\/2025\/02\/kiboTEK_ayn_odin2_portal_case_007.jpg 720w, https:\/\/www.kibotek.com\/wp-content\/uploads\/2025\/02\/kiboTEK_ayn_odin2_portal_case_007-430x1171.jpg 430w, https:\/\/www.kibotek.com\/wp-content\/uploads\/2025\/02\/kiboTEK_ayn_odin2_portal_case_007-150x408.jpg 150w, https:\/\/www.kibotek.com\/wp-content\/uploads\/2025\/02\/kiboTEK_ayn_odin2_portal_case_007-700x1906.jpg 700w, https:\/\/www.kibotek.com\/wp-content\/uploads\/2025\/02\/kiboTEK_ayn_odin2_portal_case_007-110x300.jpg 110w, https:\/\/www.kibotek.com\/wp-content\/uploads\/2025\/02\/kiboTEK_ayn_odin2_portal_case_007-376x1024.jpg 376w, https:\/\/www.kibotek.com\/wp-content\/uploads\/2025\/02\/kiboTEK_ayn_odin2_portal_case_007-564x1536.jpg 564w, https:\/\/www.kibotek.com\/wp-content\/uploads\/2025\/02\/kiboTEK_ayn_odin2_portal_case_007-4x12.jpg 4w\" sizes=\"auto, (max-width: 720px) 100vw, 720px\" \/> <img loading=\"lazy\" decoding=\"async\" class=\"wp-image-56643 size-full aligncenter\" src=\"https:\/\/www.kibotek.com\/wp-content\/uploads\/2025\/02\/kiboTEK_ayn_odin2_portal_case_008.jpg\" alt=\"\" width=\"720\" height=\"2066\" title=\"\" srcset=\"https:\/\/www.kibotek.com\/wp-content\/uploads\/2025\/02\/kiboTEK_ayn_odin2_portal_case_008.jpg 720w, https:\/\/www.kibotek.com\/wp-content\/uploads\/2025\/02\/kiboTEK_ayn_odin2_portal_case_008-430x1234.jpg 430w, https:\/\/www.kibotek.com\/wp-content\/uploads\/2025\/02\/kiboTEK_ayn_odin2_portal_case_008-150x430.jpg 150w, https:\/\/www.kibotek.com\/wp-content\/uploads\/2025\/02\/kiboTEK_ayn_odin2_portal_case_008-700x2009.jpg 700w, https:\/\/www.kibotek.com\/wp-content\/uploads\/2025\/02\/kiboTEK_ayn_odin2_portal_case_008-105x300.jpg 105w, https:\/\/www.kibotek.com\/wp-content\/uploads\/2025\/02\/kiboTEK_ayn_odin2_portal_case_008-357x1024.jpg 357w, https:\/\/www.kibotek.com\/wp-content\/uploads\/2025\/02\/kiboTEK_ayn_odin2_portal_case_008-535x1536.jpg 535w, https:\/\/www.kibotek.com\/wp-content\/uploads\/2025\/02\/kiboTEK_ayn_odin2_portal_case_008-714x2048.jpg 714w, https:\/\/www.kibotek.com\/wp-content\/uploads\/2025\/02\/kiboTEK_ayn_odin2_portal_case_008-4x12.jpg 4w\" sizes=\"auto, (max-width: 720px) 100vw, 720px\" \/> <img loading=\"lazy\" decoding=\"async\" class=\"wp-image-56644 size-full aligncenter\" src=\"https:\/\/www.kibotek.com\/wp-content\/uploads\/2025\/02\/kiboTEK_ayn_odin2_portal_case_009.jpg\" alt=\"\" width=\"720\" height=\"1392\" title=\"\" srcset=\"https:\/\/www.kibotek.com\/wp-content\/uploads\/2025\/02\/kiboTEK_ayn_odin2_portal_case_009.jpg 720w, https:\/\/www.kibotek.com\/wp-content\/uploads\/2025\/02\/kiboTEK_ayn_odin2_portal_case_009-430x831.jpg 430w, https:\/\/www.kibotek.com\/wp-content\/uploads\/2025\/02\/kiboTEK_ayn_odin2_portal_case_009-150x290.jpg 150w, https:\/\/www.kibotek.com\/wp-content\/uploads\/2025\/02\/kiboTEK_ayn_odin2_portal_case_009-700x1353.jpg 700w, https:\/\/www.kibotek.com\/wp-content\/uploads\/2025\/02\/kiboTEK_ayn_odin2_portal_case_009-155x300.jpg 155w, https:\/\/www.kibotek.com\/wp-content\/uploads\/2025\/02\/kiboTEK_ayn_odin2_portal_case_009-530x1024.jpg 530w, https:\/\/www.kibotek.com\/wp-content\/uploads\/2025\/02\/kiboTEK_ayn_odin2_portal_case_009-6x12.jpg 6w\" sizes=\"auto, (max-width: 720px) 100vw, 720px\" \/> <img loading=\"lazy\" decoding=\"async\" class=\"wp-image-56645 size-full aligncenter\" src=\"https:\/\/www.kibotek.com\/wp-content\/uploads\/2025\/02\/kiboTEK_ayn_odin2_portal_case_010.jpg\" alt=\"\" width=\"720\" height=\"1934\" title=\"\" srcset=\"https:\/\/www.kibotek.com\/wp-content\/uploads\/2025\/02\/kiboTEK_ayn_odin2_portal_case_010.jpg 720w, https:\/\/www.kibotek.com\/wp-content\/uploads\/2025\/02\/kiboTEK_ayn_odin2_portal_case_010-430x1155.jpg 430w, https:\/\/www.kibotek.com\/wp-content\/uploads\/2025\/02\/kiboTEK_ayn_odin2_portal_case_010-150x403.jpg 150w, https:\/\/www.kibotek.com\/wp-content\/uploads\/2025\/02\/kiboTEK_ayn_odin2_portal_case_010-700x1880.jpg 700w, https:\/\/www.kibotek.com\/wp-content\/uploads\/2025\/02\/kiboTEK_ayn_odin2_portal_case_010-112x300.jpg 112w, https:\/\/www.kibotek.com\/wp-content\/uploads\/2025\/02\/kiboTEK_ayn_odin2_portal_case_010-381x1024.jpg 381w, https:\/\/www.kibotek.com\/wp-content\/uploads\/2025\/02\/kiboTEK_ayn_odin2_portal_case_010-572x1536.jpg 572w, https:\/\/www.kibotek.com\/wp-content\/uploads\/2025\/02\/kiboTEK_ayn_odin2_portal_case_010-4x12.jpg 4w\" sizes=\"auto, (max-width: 720px) 100vw, 720px\" \/> <img loading=\"lazy\" decoding=\"async\" class=\"wp-image-56646 size-full aligncenter\" src=\"https:\/\/www.kibotek.com\/wp-content\/uploads\/2025\/02\/kiboTEK_ayn_odin2_portal_case_011.jpg\" alt=\"\" width=\"720\" height=\"2547\" title=\"\" srcset=\"https:\/\/www.kibotek.com\/wp-content\/uploads\/2025\/02\/kiboTEK_ayn_odin2_portal_case_011.jpg 720w, https:\/\/www.kibotek.com\/wp-content\/uploads\/2025\/02\/kiboTEK_ayn_odin2_portal_case_011-430x1521.jpg 430w, https:\/\/www.kibotek.com\/wp-content\/uploads\/2025\/02\/kiboTEK_ayn_odin2_portal_case_011-150x531.jpg 150w, https:\/\/www.kibotek.com\/wp-content\/uploads\/2025\/02\/kiboTEK_ayn_odin2_portal_case_011-700x2476.jpg 700w, https:\/\/www.kibotek.com\/wp-content\/uploads\/2025\/02\/kiboTEK_ayn_odin2_portal_case_011-85x300.jpg 85w, https:\/\/www.kibotek.com\/wp-content\/uploads\/2025\/02\/kiboTEK_ayn_odin2_portal_case_011-434x1536.jpg 434w, https:\/\/www.kibotek.com\/wp-content\/uploads\/2025\/02\/kiboTEK_ayn_odin2_portal_case_011-579x2048.jpg 579w, https:\/\/www.kibotek.com\/wp-content\/uploads\/2025\/02\/kiboTEK_ayn_odin2_portal_case_011-3x12.jpg 3w\" sizes=\"auto, (max-width: 720px) 100vw, 720px\" \/><\/p>","protected":false},"excerpt":{"rendered":"<div class=\"woocommerce-product-details__short-description\">\n<div class=\"woocommerce-product-details__short-description\">\n<div class=\"woocommerce-product-details__short-description\">\n<div class=\"woocommerce-product-details__short-description\">\n<div class=\"woocommerce-product-details__short-description\">\n<p class=\"price woobt-price-56089\"><strong><em>COMPRE AGORA E <\/em><\/strong><strong><em>RECEBA EM 24\/72H \ud83d\ude80<\/em><\/strong><\/p>\n<\/div>\n<\/div>\n<\/div>\n<\/div>\n<\/div>","protected":false},"featured_media":56639,"comment_status":"open","ping_status":"closed","template":"","meta":{"iawp_total_views":7736},"product_brand":[8140],"product_cat":[5514],"product_tag":[7752,1794],"class_list":{"0":"post-56604","1":"product","2":"type-product","3":"status-publish","4":"has-post-thumbnail","6":"product_brand-comprar-consola-gaming-ayn","7":"product_cat-consolas-retro-gaming-arcade-bartop-pandora-box-anbernic-powkiddy","8":"product_tag-presale","9":"product_tag-top10","11":"first","12":"outofstock","13":"sale","14":"taxable","15":"shipping-taxable","16":"purchasable","17":"product-type-variable","18":"has-default-attributes"},"supplier_id":null,"supplier_sku":"","barcode":null,"atum_controlled":true,"out_stock_date":null,"out_stock_threshold":null,"inheritable":true,"inbound_stock":null,"stock_on_hold":0,"sold_today":0,"sales_last_days":0,"reserved_stock":null,"customer_returns":null,"warehouse_damage":null,"lost_in_post":null,"other_logs":null,"out_stock_days":0,"lost_sales":0,"has_location":true,"update_date":"2026-05-08T20:35:54","atum_locations":[{"id":41,"name":"Bilbao","slug":"bilbao"}],"atum_stock_status":"outofstock","restock_status":false,"low_stock_amount":"","sales_update_date":"2026-04-28T05:05:24","calc_backorders":null,"_links":{"self":[{"href":"https:\/\/www.kibotek.com\/pt\/wp-json\/wp\/v2\/product\/56604","targetHints":{"allow":["GET"]}}],"collection":[{"href":"https:\/\/www.kibotek.com\/pt\/wp-json\/wp\/v2\/product"}],"about":[{"href":"https:\/\/www.kibotek.com\/pt\/wp-json\/wp\/v2\/types\/product"}],"replies":[{"embeddable":true,"href":"https:\/\/www.kibotek.com\/pt\/wp-json\/wp\/v2\/comments?post=56604"}],"version-history":[{"count":0,"href":"https:\/\/www.kibotek.com\/pt\/wp-json\/wp\/v2\/product\/56604\/revisions"}],"wp:featuredmedia":[{"embeddable":true,"href":"https:\/\/www.kibotek.com\/pt\/wp-json\/wp\/v2\/media\/56639"}],"wp:attachment":[{"href":"https:\/\/www.kibotek.com\/pt\/wp-json\/wp\/v2\/media?parent=56604"}],"wp:term":[{"taxonomy":"product_brand","embeddable":true,"href":"https:\/\/www.kibotek.com\/pt\/wp-json\/wp\/v2\/product_brand?post=56604"},{"taxonomy":"product_cat","embeddable":true,"href":"https:\/\/www.kibotek.com\/pt\/wp-json\/wp\/v2\/product_cat?post=56604"},{"taxonomy":"product_tag","embeddable":true,"href":"https:\/\/www.kibotek.com\/pt\/wp-json\/wp\/v2\/product_tag?post=56604"}],"curies":[{"name":"wp","href":"https:\/\/api.w.org\/{rel}","templated":true}]}}