{"id":54500,"date":"2024-09-17T13:00:39","date_gmt":"2024-09-17T11:00:39","guid":{"rendered":"https:\/\/www.kibotek.com\/?post_type=product&#038;p=54500"},"modified":"2026-04-18T23:04:26","modified_gmt":"2026-04-18T21:04:26","slug":"console-retro-portatil-anbernic-rg406v-android-13","status":"publish","type":"product","link":"https:\/\/www.kibotek.com\/pt\/kibostore\/anbernic-rg406v-consola-retro-portable-android-13\/","title":{"rendered":"Console retr\u00f4 port\u00e1til Anbernic RG406V Android 13"},"content":{"rendered":"<h3>Compre o console retr\u00f4 port\u00e1til Anbernic RG406V com Android 13<\/h3>\n<h3>Envio da Espanha para toda a Europa em 24\/72 horas e garantia europeia<\/h3>\n<h3>especifica\u00e7\u00f5es<\/h3>\n<ul>\n<li><span style=\"color: #ff0000;\"><strong>CASO DE TRANSPORTE DE PRESENTE<\/strong><\/span><\/li>\n<li><span style=\"color: #ff0000;\"><strong>CART\u00c3O SD GR\u00c1TIS 128GB<\/strong><\/span><\/li>\n<li><span style=\"color: #ff0000;\"><strong>Vidro Protetor Gratuito<\/strong><\/span><\/li>\n<li>Tela IPS OCA de 4 polegadas<\/li>\n<li>Resolu\u00e7\u00e3o de 960 x 720 pixels<\/li>\n<li>formato de tela 4:3<\/li>\n<li>Emuladores: <strong>PlayStation 2, PlayStation 1, Dreamcast, PSP, NeoGeo, MAME, Sega Genesis,\u2026<\/strong><\/li>\n<li><strong>Sistema Android 13<\/strong><\/li>\n<li>Processador Unisoc Tiger T820 8 n\u00facleos: 1 * A76 @ 2,7 GHz + 3 * A76 @ 2,3 GHz + 4 * A55 @ 2,1 GHz<\/li>\n<li>Mali-G57 quad-core<\/li>\n<li>8GB RAM LPDDR4X 128Gb armazenamento interno<\/li>\n<li>Conex\u00e3o Wi-Fi 2.4\/5GHz<\/li>\n<li>Bluetooth 5.0<\/li>\n<li>Controle com bot\u00f5es L1 \/ L2 e R1 \/ R2, bem como stick anal\u00f3gico duplo<\/li>\n<li><strong>Ilumina\u00e7\u00e3o RGB de 16 milh\u00f5es de cores, com modos integrados incluindo luz constante, respira\u00e7\u00e3o, letreiro, persegui\u00e7\u00e3o, arco-\u00edris, jogos,<br \/>\nSuporte para personalizar a cor e ajustar o brilho.<\/strong><\/li>\n<li><strong>Joystick Hall 3D de grande \u00e2ngulo<\/strong><\/li>\n<li>Capacidade SD de at\u00e9 2 TB<\/li>\n<li>Suporta sa\u00edda 1080p de USB tipo C<\/li>\n<li>USB tipo C, conex\u00e3o OTG-USB, 2 alto-falantes est\u00e9reo e porta de entrada de \u00e1udio de 3,5 mm<\/li>\n<li>Idiomas: espanhol, ingl\u00eas, franc\u00eas, alem\u00e3o, italiano, portugu\u00eas, chin\u00eas, etc ...<\/li>\n<li>Bateria de 5.500mAh, 9 horas de uso<\/li>\n<li>Dimens\u00f5es 14,5 cm x 10,5 cm x 2,9 cm<\/li>\n<li>Peso 289 gr<\/li>\n<\/ul>\n<h3>Tela de formato 4:3 IPS OCA<\/h3>\n<p>Quanto ao ecr\u00e3 temos 4\u2033 com um <strong>Resolu\u00e7\u00e3o de 640 por 480 pixels<\/strong>. \u00c9 uma tela IPS occa de alta qualidade. Como se isso n\u00e3o bastasse, temos um <strong>painel de toque para mover-se pelo console<\/strong>. Em termos de tamanho, estamos diante de um console vers\u00e1til que cabe facilmente no seu bolso para lev\u00e1-lo para onde quiser.<\/p>\n<h3>Sala de m\u00e1quinas melhorada<\/h3>\n<p>Nesta ocasi\u00e3o a equipe Anbernic optou por um processador mais recente como o Processador Unisoc Tiger T820 (64 bits Octa Core 2.7Ghz). Encontramos um processador quad-core que <strong>atinge uma velocidade m\u00e1xima de 2,7 GHz, 64 bits para esses 8 n\u00facleos Cortex A55<\/strong>. Alimentado por um processador Unisoc T820 de 8 n\u00facleos, o RG406V pode lidar facilmente com uma ampla variedade de plataformas retro de 8, 16 e 32 bits.<\/p>\n<p>Tudo isso com <strong>8GB LPDDR4 RAM e 128 mem\u00f3ria GB<\/strong> onde est\u00e1 o sistema operacional instalado. Este console promete uma experi\u00eancia de emula\u00e7\u00e3o aprimorada em compara\u00e7\u00e3o com a s\u00e9rie RG405V.<\/p>\n<h3>Inicializa\u00e7\u00e3o dupla do Android 13<\/h3>\n<p>Uma das novidades deste renovado RG406V \u00e9 a possibilidade de ter dual boot. Voc\u00ea poder\u00e1 ter todas as facilidades e<strong> aplicativos Android 13<\/strong> e por outro lado reproduza diretamente nas ROMS que voc\u00ea instalou no seu cart\u00e3o SD. O console RG406V possui Android 13 instalado que permitir\u00e1 <strong>acesse o Play store e baixe os jogos que voc\u00ea mais gosta.<\/strong><\/p>\n<h3>Bot\u00e3o anal\u00f3gico retroiluminado<\/h3>\n<p>RGB Ilumina\u00e7\u00e3o de joystick de 16 milh\u00f5es de cores, suporta luz constante, respira\u00e7\u00e3o, arco-\u00edris, letreiro, persegui\u00e7\u00e3o, jogos e outros efeitos de luz, suporta personaliza\u00e7\u00e3o de cores e ajuste de brilho.<\/p>\n<h3>Compat\u00edvel com os principais emuladores<\/h3>\n<p>Com este novo console retr\u00f4 Anbernic RG406V voc\u00ea tem compatibilidade com diversos emuladores como<strong> Neo Geo, Sega Genesis, Sega Saturn, MAME, FBA, PlayStation 1, PlayStation 2, Dreamcast ou PSP.<\/strong> entre outras.<\/p>\n<h3>Wi-Fi 5G integrado<\/h3>\n<p>Em rela\u00e7\u00e3o \u00e0 conectividade, temos <strong>Wi-Fi de 2,4 GHz e 5G<\/strong>, com o qual a velocidade de conex\u00e3o \u00e9 bastante melhorada neste novo anbernic RG406V. Por outro lado, tamb\u00e9m temos <strong>Bluetooth 5.0 para conectar nosso gamepad<\/strong> ao dispositivo.<\/p>\n<h3>Bateria suficiente de 5.500 mAh<\/h3>\n<p>Na se\u00e7\u00e3o de autonomia temos uma bateria de 5.500 miliamperes que \u00e9 <strong>se traduz em at\u00e9 9 horas de jogo de acordo com o fabricante. <\/strong>\u00a0Esta bateria pode ser carregada atrav\u00e9s da porta de conex\u00e3o tipo C.<\/p>\n<h3>Sa\u00edda 1080p<\/h3>\n<p>Claro que temos conex\u00e3o com a internet <strong>3.5 jack para conectar nossos fones de ouvido<\/strong>. Outra vantagem importante deste novo console Anbernic RG406V \u00e9 a possibilidade de conect\u00e1-lo \u00e0 nossa televis\u00e3o, gra\u00e7as a isso podemos <strong>jogue nossos t\u00edtulos favoritos em uma tela grande<\/strong> um cabo tipo C compat\u00edvel.<\/p>\n<p>Na kiboTEK voc\u00ea pode comprar o Console Retro Port\u00e1til Anbernic Anbernic RG406V Android 13 com a garantia e seguran\u00e7a da melhor loja online da Espanha, Europa.<\/p>\n<p>Na kiboTEK enviamos o console retro port\u00e1til Anbernic RG406V Android 13 para <strong>Espanha, Portugal, <span lang=\"en\">\u00c1ustria, B\u00e9lgica, Bulg\u00e1ria, Cro\u00e1cia, Chipre, Rep\u00fablica Checa, Dinamarca, Est\u00f3nia, Finl\u00e2ndia, Fran\u00e7a, Alemanha, Gr\u00e9cia, Hungria, Irlanda, It\u00e1lia, Let\u00f3nia, Litu\u00e2nia, Luxemburgo, Malta, Pa\u00edses Baixos, Pol\u00f3nia, Portugal, M\u00f3naco, Eslov\u00e1quia, Eslov\u00e9nia , Espanha, Rom\u00eania, Reino Unido, Turquia, Su\u00e9cia, Su\u00ed\u00e7a, Brasil, Col\u00f4mbia e M\u00e9xico<\/span><\/strong>. Verifique e calcule os portes de envio no carrinho inserindo a sua morada.<\/p>\n<p><strong>Despesas gratuitas para Espanha e Portugal (apenas Pen\u00ednsula) a partir de 100\u20ac<\/strong>.<\/p>\n<p><img loading=\"lazy\" decoding=\"async\" class=\"alignleft wp-image-54511 size-large\" src=\"https:\/\/www.kibotek.com\/wp-content\/uploads\/2024\/09\/kiboTEK_rg406v_011-1024x1024.png\" alt=\"\" width=\"1024\" height=\"1024\" title=\"\" srcset=\"https:\/\/www.kibotek.com\/wp-content\/uploads\/2024\/09\/kiboTEK_rg406v_011-1024x1024.png 1024w, https:\/\/www.kibotek.com\/wp-content\/uploads\/2024\/09\/kiboTEK_rg406v_011-430x430.png 430w, https:\/\/www.kibotek.com\/wp-content\/uploads\/2024\/09\/kiboTEK_rg406v_011-150x150.png 150w, https:\/\/www.kibotek.com\/wp-content\/uploads\/2024\/09\/kiboTEK_rg406v_011-700x700.png 700w, https:\/\/www.kibotek.com\/wp-content\/uploads\/2024\/09\/kiboTEK_rg406v_011-300x300.png 300w, https:\/\/www.kibotek.com\/wp-content\/uploads\/2024\/09\/kiboTEK_rg406v_011-768x768.png 768w, https:\/\/www.kibotek.com\/wp-content\/uploads\/2024\/09\/kiboTEK_rg406v_011-12x12.png 12w, https:\/\/www.kibotek.com\/wp-content\/uploads\/2024\/09\/kiboTEK_rg406v_011-50x50.png 50w, https:\/\/www.kibotek.com\/wp-content\/uploads\/2024\/09\/kiboTEK_rg406v_011-100x100.png 100w, https:\/\/www.kibotek.com\/wp-content\/uploads\/2024\/09\/kiboTEK_rg406v_011-32x32.png 32w, https:\/\/www.kibotek.com\/wp-content\/uploads\/2024\/09\/kiboTEK_rg406v_011.png 1200w\" sizes=\"auto, (max-width: 1024px) 100vw, 1024px\" \/> <img loading=\"lazy\" decoding=\"async\" class=\"alignleft wp-image-54512 size-large\" src=\"https:\/\/www.kibotek.com\/wp-content\/uploads\/2024\/09\/kiboTEK_rg406v_001-1024x1024.jpg\" alt=\"\" width=\"1024\" height=\"1024\" title=\"\" srcset=\"https:\/\/www.kibotek.com\/wp-content\/uploads\/2024\/09\/kiboTEK_rg406v_001-1024x1024.jpg 1024w, https:\/\/www.kibotek.com\/wp-content\/uploads\/2024\/09\/kiboTEK_rg406v_001-430x430.jpg 430w, https:\/\/www.kibotek.com\/wp-content\/uploads\/2024\/09\/kiboTEK_rg406v_001-150x150.jpg 150w, https:\/\/www.kibotek.com\/wp-content\/uploads\/2024\/09\/kiboTEK_rg406v_001-700x700.jpg 700w, https:\/\/www.kibotek.com\/wp-content\/uploads\/2024\/09\/kiboTEK_rg406v_001-300x300.jpg 300w, https:\/\/www.kibotek.com\/wp-content\/uploads\/2024\/09\/kiboTEK_rg406v_001-768x768.jpg 768w, https:\/\/www.kibotek.com\/wp-content\/uploads\/2024\/09\/kiboTEK_rg406v_001-12x12.jpg 12w, https:\/\/www.kibotek.com\/wp-content\/uploads\/2024\/09\/kiboTEK_rg406v_001-50x50.jpg 50w, https:\/\/www.kibotek.com\/wp-content\/uploads\/2024\/09\/kiboTEK_rg406v_001-100x100.jpg 100w, https:\/\/www.kibotek.com\/wp-content\/uploads\/2024\/09\/kiboTEK_rg406v_001-32x32.jpg 32w, https:\/\/www.kibotek.com\/wp-content\/uploads\/2024\/09\/kiboTEK_rg406v_001.jpg 1200w\" sizes=\"auto, (max-width: 1024px) 100vw, 1024px\" \/> <img loading=\"lazy\" decoding=\"async\" class=\"alignleft wp-image-54513 size-large\" src=\"https:\/\/www.kibotek.com\/wp-content\/uploads\/2024\/09\/kiboTEK_rg406v_002-1024x1024.jpg\" alt=\"\" width=\"1024\" height=\"1024\" title=\"\" srcset=\"https:\/\/www.kibotek.com\/wp-content\/uploads\/2024\/09\/kiboTEK_rg406v_002-1024x1024.jpg 1024w, https:\/\/www.kibotek.com\/wp-content\/uploads\/2024\/09\/kiboTEK_rg406v_002-430x430.jpg 430w, https:\/\/www.kibotek.com\/wp-content\/uploads\/2024\/09\/kiboTEK_rg406v_002-150x150.jpg 150w, https:\/\/www.kibotek.com\/wp-content\/uploads\/2024\/09\/kiboTEK_rg406v_002-700x700.jpg 700w, https:\/\/www.kibotek.com\/wp-content\/uploads\/2024\/09\/kiboTEK_rg406v_002-300x300.jpg 300w, https:\/\/www.kibotek.com\/wp-content\/uploads\/2024\/09\/kiboTEK_rg406v_002-768x768.jpg 768w, https:\/\/www.kibotek.com\/wp-content\/uploads\/2024\/09\/kiboTEK_rg406v_002-12x12.jpg 12w, https:\/\/www.kibotek.com\/wp-content\/uploads\/2024\/09\/kiboTEK_rg406v_002-50x50.jpg 50w, https:\/\/www.kibotek.com\/wp-content\/uploads\/2024\/09\/kiboTEK_rg406v_002-100x100.jpg 100w, https:\/\/www.kibotek.com\/wp-content\/uploads\/2024\/09\/kiboTEK_rg406v_002-32x32.jpg 32w, https:\/\/www.kibotek.com\/wp-content\/uploads\/2024\/09\/kiboTEK_rg406v_002.jpg 1200w\" sizes=\"auto, (max-width: 1024px) 100vw, 1024px\" \/> <img loading=\"lazy\" decoding=\"async\" class=\"alignleft wp-image-54514 size-large\" src=\"https:\/\/www.kibotek.com\/wp-content\/uploads\/2024\/09\/kiboTEK_rg406v_003-1024x1024.jpg\" alt=\"\" width=\"1024\" height=\"1024\" title=\"\" srcset=\"https:\/\/www.kibotek.com\/wp-content\/uploads\/2024\/09\/kiboTEK_rg406v_003-1024x1024.jpg 1024w, https:\/\/www.kibotek.com\/wp-content\/uploads\/2024\/09\/kiboTEK_rg406v_003-430x430.jpg 430w, https:\/\/www.kibotek.com\/wp-content\/uploads\/2024\/09\/kiboTEK_rg406v_003-150x150.jpg 150w, https:\/\/www.kibotek.com\/wp-content\/uploads\/2024\/09\/kiboTEK_rg406v_003-700x700.jpg 700w, https:\/\/www.kibotek.com\/wp-content\/uploads\/2024\/09\/kiboTEK_rg406v_003-300x300.jpg 300w, https:\/\/www.kibotek.com\/wp-content\/uploads\/2024\/09\/kiboTEK_rg406v_003-768x768.jpg 768w, https:\/\/www.kibotek.com\/wp-content\/uploads\/2024\/09\/kiboTEK_rg406v_003-12x12.jpg 12w, https:\/\/www.kibotek.com\/wp-content\/uploads\/2024\/09\/kiboTEK_rg406v_003-50x50.jpg 50w, https:\/\/www.kibotek.com\/wp-content\/uploads\/2024\/09\/kiboTEK_rg406v_003-100x100.jpg 100w, https:\/\/www.kibotek.com\/wp-content\/uploads\/2024\/09\/kiboTEK_rg406v_003-32x32.jpg 32w, https:\/\/www.kibotek.com\/wp-content\/uploads\/2024\/09\/kiboTEK_rg406v_003.jpg 1200w\" sizes=\"auto, (max-width: 1024px) 100vw, 1024px\" \/> <img loading=\"lazy\" decoding=\"async\" class=\"alignleft wp-image-54515 size-large\" src=\"https:\/\/www.kibotek.com\/wp-content\/uploads\/2024\/09\/kiboTEK_rg406v_004-1024x1024.jpg\" alt=\"\" width=\"1024\" height=\"1024\" title=\"\" srcset=\"https:\/\/www.kibotek.com\/wp-content\/uploads\/2024\/09\/kiboTEK_rg406v_004-1024x1024.jpg 1024w, https:\/\/www.kibotek.com\/wp-content\/uploads\/2024\/09\/kiboTEK_rg406v_004-430x430.jpg 430w, https:\/\/www.kibotek.com\/wp-content\/uploads\/2024\/09\/kiboTEK_rg406v_004-150x150.jpg 150w, https:\/\/www.kibotek.com\/wp-content\/uploads\/2024\/09\/kiboTEK_rg406v_004-700x700.jpg 700w, https:\/\/www.kibotek.com\/wp-content\/uploads\/2024\/09\/kiboTEK_rg406v_004-300x300.jpg 300w, https:\/\/www.kibotek.com\/wp-content\/uploads\/2024\/09\/kiboTEK_rg406v_004-768x768.jpg 768w, https:\/\/www.kibotek.com\/wp-content\/uploads\/2024\/09\/kiboTEK_rg406v_004-12x12.jpg 12w, https:\/\/www.kibotek.com\/wp-content\/uploads\/2024\/09\/kiboTEK_rg406v_004-50x50.jpg 50w, https:\/\/www.kibotek.com\/wp-content\/uploads\/2024\/09\/kiboTEK_rg406v_004-100x100.jpg 100w, https:\/\/www.kibotek.com\/wp-content\/uploads\/2024\/09\/kiboTEK_rg406v_004-32x32.jpg 32w, https:\/\/www.kibotek.com\/wp-content\/uploads\/2024\/09\/kiboTEK_rg406v_004.jpg 1200w\" sizes=\"auto, (max-width: 1024px) 100vw, 1024px\" \/> <img loading=\"lazy\" decoding=\"async\" class=\"alignleft wp-image-54516 size-large\" src=\"https:\/\/www.kibotek.com\/wp-content\/uploads\/2024\/09\/kiboTEK_rg406v_005-1024x1024.jpg\" alt=\"\" width=\"1024\" height=\"1024\" title=\"\" srcset=\"https:\/\/www.kibotek.com\/wp-content\/uploads\/2024\/09\/kiboTEK_rg406v_005-1024x1024.jpg 1024w, https:\/\/www.kibotek.com\/wp-content\/uploads\/2024\/09\/kiboTEK_rg406v_005-430x430.jpg 430w, https:\/\/www.kibotek.com\/wp-content\/uploads\/2024\/09\/kiboTEK_rg406v_005-150x150.jpg 150w, https:\/\/www.kibotek.com\/wp-content\/uploads\/2024\/09\/kiboTEK_rg406v_005-700x700.jpg 700w, https:\/\/www.kibotek.com\/wp-content\/uploads\/2024\/09\/kiboTEK_rg406v_005-300x300.jpg 300w, https:\/\/www.kibotek.com\/wp-content\/uploads\/2024\/09\/kiboTEK_rg406v_005-768x768.jpg 768w, https:\/\/www.kibotek.com\/wp-content\/uploads\/2024\/09\/kiboTEK_rg406v_005-12x12.jpg 12w, https:\/\/www.kibotek.com\/wp-content\/uploads\/2024\/09\/kiboTEK_rg406v_005-50x50.jpg 50w, https:\/\/www.kibotek.com\/wp-content\/uploads\/2024\/09\/kiboTEK_rg406v_005-100x100.jpg 100w, https:\/\/www.kibotek.com\/wp-content\/uploads\/2024\/09\/kiboTEK_rg406v_005-32x32.jpg 32w, https:\/\/www.kibotek.com\/wp-content\/uploads\/2024\/09\/kiboTEK_rg406v_005.jpg 1200w\" sizes=\"auto, (max-width: 1024px) 100vw, 1024px\" \/> <img loading=\"lazy\" decoding=\"async\" class=\"alignleft wp-image-54517 size-large\" src=\"https:\/\/www.kibotek.com\/wp-content\/uploads\/2024\/09\/kiboTEK_rg406v_006-1024x1024.jpg\" alt=\"\" width=\"1024\" height=\"1024\" title=\"\" srcset=\"https:\/\/www.kibotek.com\/wp-content\/uploads\/2024\/09\/kiboTEK_rg406v_006-1024x1024.jpg 1024w, https:\/\/www.kibotek.com\/wp-content\/uploads\/2024\/09\/kiboTEK_rg406v_006-430x430.jpg 430w, https:\/\/www.kibotek.com\/wp-content\/uploads\/2024\/09\/kiboTEK_rg406v_006-150x150.jpg 150w, https:\/\/www.kibotek.com\/wp-content\/uploads\/2024\/09\/kiboTEK_rg406v_006-700x700.jpg 700w, https:\/\/www.kibotek.com\/wp-content\/uploads\/2024\/09\/kiboTEK_rg406v_006-300x300.jpg 300w, https:\/\/www.kibotek.com\/wp-content\/uploads\/2024\/09\/kiboTEK_rg406v_006-768x768.jpg 768w, https:\/\/www.kibotek.com\/wp-content\/uploads\/2024\/09\/kiboTEK_rg406v_006-12x12.jpg 12w, https:\/\/www.kibotek.com\/wp-content\/uploads\/2024\/09\/kiboTEK_rg406v_006-50x50.jpg 50w, https:\/\/www.kibotek.com\/wp-content\/uploads\/2024\/09\/kiboTEK_rg406v_006-100x100.jpg 100w, https:\/\/www.kibotek.com\/wp-content\/uploads\/2024\/09\/kiboTEK_rg406v_006-32x32.jpg 32w, https:\/\/www.kibotek.com\/wp-content\/uploads\/2024\/09\/kiboTEK_rg406v_006.jpg 1200w\" sizes=\"auto, (max-width: 1024px) 100vw, 1024px\" \/> <img loading=\"lazy\" decoding=\"async\" class=\"alignleft wp-image-54518 size-large\" src=\"https:\/\/www.kibotek.com\/wp-content\/uploads\/2024\/09\/kiboTEK_rg406v_007-1024x1024.jpg\" alt=\"\" width=\"1024\" height=\"1024\" title=\"\" srcset=\"https:\/\/www.kibotek.com\/wp-content\/uploads\/2024\/09\/kiboTEK_rg406v_007-1024x1024.jpg 1024w, https:\/\/www.kibotek.com\/wp-content\/uploads\/2024\/09\/kiboTEK_rg406v_007-430x430.jpg 430w, https:\/\/www.kibotek.com\/wp-content\/uploads\/2024\/09\/kiboTEK_rg406v_007-150x150.jpg 150w, https:\/\/www.kibotek.com\/wp-content\/uploads\/2024\/09\/kiboTEK_rg406v_007-700x700.jpg 700w, https:\/\/www.kibotek.com\/wp-content\/uploads\/2024\/09\/kiboTEK_rg406v_007-300x300.jpg 300w, https:\/\/www.kibotek.com\/wp-content\/uploads\/2024\/09\/kiboTEK_rg406v_007-768x768.jpg 768w, https:\/\/www.kibotek.com\/wp-content\/uploads\/2024\/09\/kiboTEK_rg406v_007-12x12.jpg 12w, https:\/\/www.kibotek.com\/wp-content\/uploads\/2024\/09\/kiboTEK_rg406v_007-50x50.jpg 50w, https:\/\/www.kibotek.com\/wp-content\/uploads\/2024\/09\/kiboTEK_rg406v_007-100x100.jpg 100w, https:\/\/www.kibotek.com\/wp-content\/uploads\/2024\/09\/kiboTEK_rg406v_007-32x32.jpg 32w, https:\/\/www.kibotek.com\/wp-content\/uploads\/2024\/09\/kiboTEK_rg406v_007.jpg 1200w\" sizes=\"auto, (max-width: 1024px) 100vw, 1024px\" \/> <img loading=\"lazy\" decoding=\"async\" class=\"alignleft wp-image-54519 size-large\" src=\"https:\/\/www.kibotek.com\/wp-content\/uploads\/2024\/09\/kiboTEK_rg406v_008-1024x1024.jpg\" alt=\"\" width=\"1024\" height=\"1024\" title=\"\" srcset=\"https:\/\/www.kibotek.com\/wp-content\/uploads\/2024\/09\/kiboTEK_rg406v_008-1024x1024.jpg 1024w, https:\/\/www.kibotek.com\/wp-content\/uploads\/2024\/09\/kiboTEK_rg406v_008-430x430.jpg 430w, https:\/\/www.kibotek.com\/wp-content\/uploads\/2024\/09\/kiboTEK_rg406v_008-150x150.jpg 150w, https:\/\/www.kibotek.com\/wp-content\/uploads\/2024\/09\/kiboTEK_rg406v_008-700x700.jpg 700w, https:\/\/www.kibotek.com\/wp-content\/uploads\/2024\/09\/kiboTEK_rg406v_008-300x300.jpg 300w, https:\/\/www.kibotek.com\/wp-content\/uploads\/2024\/09\/kiboTEK_rg406v_008-768x768.jpg 768w, https:\/\/www.kibotek.com\/wp-content\/uploads\/2024\/09\/kiboTEK_rg406v_008-12x12.jpg 12w, https:\/\/www.kibotek.com\/wp-content\/uploads\/2024\/09\/kiboTEK_rg406v_008-50x50.jpg 50w, https:\/\/www.kibotek.com\/wp-content\/uploads\/2024\/09\/kiboTEK_rg406v_008-100x100.jpg 100w, https:\/\/www.kibotek.com\/wp-content\/uploads\/2024\/09\/kiboTEK_rg406v_008-32x32.jpg 32w, https:\/\/www.kibotek.com\/wp-content\/uploads\/2024\/09\/kiboTEK_rg406v_008.jpg 1200w\" sizes=\"auto, (max-width: 1024px) 100vw, 1024px\" \/> <img loading=\"lazy\" decoding=\"async\" class=\"alignleft wp-image-54520 size-large\" src=\"https:\/\/www.kibotek.com\/wp-content\/uploads\/2024\/09\/kiboTEK_rg406v_009-1024x1024.jpg\" alt=\"\" width=\"1024\" height=\"1024\" title=\"\" srcset=\"https:\/\/www.kibotek.com\/wp-content\/uploads\/2024\/09\/kiboTEK_rg406v_009-1024x1024.jpg 1024w, https:\/\/www.kibotek.com\/wp-content\/uploads\/2024\/09\/kiboTEK_rg406v_009-430x430.jpg 430w, https:\/\/www.kibotek.com\/wp-content\/uploads\/2024\/09\/kiboTEK_rg406v_009-150x150.jpg 150w, https:\/\/www.kibotek.com\/wp-content\/uploads\/2024\/09\/kiboTEK_rg406v_009-700x700.jpg 700w, https:\/\/www.kibotek.com\/wp-content\/uploads\/2024\/09\/kiboTEK_rg406v_009-300x300.jpg 300w, https:\/\/www.kibotek.com\/wp-content\/uploads\/2024\/09\/kiboTEK_rg406v_009-768x768.jpg 768w, https:\/\/www.kibotek.com\/wp-content\/uploads\/2024\/09\/kiboTEK_rg406v_009-12x12.jpg 12w, https:\/\/www.kibotek.com\/wp-content\/uploads\/2024\/09\/kiboTEK_rg406v_009-50x50.jpg 50w, https:\/\/www.kibotek.com\/wp-content\/uploads\/2024\/09\/kiboTEK_rg406v_009-100x100.jpg 100w, https:\/\/www.kibotek.com\/wp-content\/uploads\/2024\/09\/kiboTEK_rg406v_009-32x32.jpg 32w, https:\/\/www.kibotek.com\/wp-content\/uploads\/2024\/09\/kiboTEK_rg406v_009.jpg 1200w\" sizes=\"auto, (max-width: 1024px) 100vw, 1024px\" \/> <img loading=\"lazy\" decoding=\"async\" class=\"alignleft wp-image-54508 size-full\" src=\"https:\/\/www.kibotek.com\/wp-content\/uploads\/2024\/09\/kiboTEK_rg406v_014.png\" alt=\"\" width=\"800\" height=\"800\" title=\"\" srcset=\"https:\/\/www.kibotek.com\/wp-content\/uploads\/2024\/09\/kiboTEK_rg406v_014.png 800w, https:\/\/www.kibotek.com\/wp-content\/uploads\/2024\/09\/kiboTEK_rg406v_014-430x430.png 430w, https:\/\/www.kibotek.com\/wp-content\/uploads\/2024\/09\/kiboTEK_rg406v_014-150x150.png 150w, https:\/\/www.kibotek.com\/wp-content\/uploads\/2024\/09\/kiboTEK_rg406v_014-700x700.png 700w, https:\/\/www.kibotek.com\/wp-content\/uploads\/2024\/09\/kiboTEK_rg406v_014-300x300.png 300w, https:\/\/www.kibotek.com\/wp-content\/uploads\/2024\/09\/kiboTEK_rg406v_014-768x768.png 768w, https:\/\/www.kibotek.com\/wp-content\/uploads\/2024\/09\/kiboTEK_rg406v_014-12x12.png 12w, https:\/\/www.kibotek.com\/wp-content\/uploads\/2024\/09\/kiboTEK_rg406v_014-50x50.png 50w, https:\/\/www.kibotek.com\/wp-content\/uploads\/2024\/09\/kiboTEK_rg406v_014-100x100.png 100w, https:\/\/www.kibotek.com\/wp-content\/uploads\/2024\/09\/kiboTEK_rg406v_014-32x32.png 32w\" sizes=\"auto, (max-width: 800px) 100vw, 800px\" \/> <img loading=\"lazy\" decoding=\"async\" class=\"alignleft wp-image-54509 size-full\" src=\"https:\/\/www.kibotek.com\/wp-content\/uploads\/2024\/09\/kiboTEK_rg406v_013.png\" alt=\"\" width=\"800\" height=\"800\" title=\"\" srcset=\"https:\/\/www.kibotek.com\/wp-content\/uploads\/2024\/09\/kiboTEK_rg406v_013.png 800w, https:\/\/www.kibotek.com\/wp-content\/uploads\/2024\/09\/kiboTEK_rg406v_013-430x430.png 430w, https:\/\/www.kibotek.com\/wp-content\/uploads\/2024\/09\/kiboTEK_rg406v_013-150x150.png 150w, https:\/\/www.kibotek.com\/wp-content\/uploads\/2024\/09\/kiboTEK_rg406v_013-700x700.png 700w, https:\/\/www.kibotek.com\/wp-content\/uploads\/2024\/09\/kiboTEK_rg406v_013-300x300.png 300w, https:\/\/www.kibotek.com\/wp-content\/uploads\/2024\/09\/kiboTEK_rg406v_013-768x768.png 768w, https:\/\/www.kibotek.com\/wp-content\/uploads\/2024\/09\/kiboTEK_rg406v_013-12x12.png 12w, https:\/\/www.kibotek.com\/wp-content\/uploads\/2024\/09\/kiboTEK_rg406v_013-50x50.png 50w, https:\/\/www.kibotek.com\/wp-content\/uploads\/2024\/09\/kiboTEK_rg406v_013-100x100.png 100w, https:\/\/www.kibotek.com\/wp-content\/uploads\/2024\/09\/kiboTEK_rg406v_013-32x32.png 32w\" sizes=\"auto, (max-width: 800px) 100vw, 800px\" \/> <img loading=\"lazy\" decoding=\"async\" class=\"alignleft wp-image-54510 size-full\" src=\"https:\/\/www.kibotek.com\/wp-content\/uploads\/2024\/09\/kiboTEK_rg406v_012.png\" alt=\"\" width=\"800\" height=\"800\" title=\"\" srcset=\"https:\/\/www.kibotek.com\/wp-content\/uploads\/2024\/09\/kiboTEK_rg406v_012.png 800w, https:\/\/www.kibotek.com\/wp-content\/uploads\/2024\/09\/kiboTEK_rg406v_012-430x430.png 430w, https:\/\/www.kibotek.com\/wp-content\/uploads\/2024\/09\/kiboTEK_rg406v_012-150x150.png 150w, https:\/\/www.kibotek.com\/wp-content\/uploads\/2024\/09\/kiboTEK_rg406v_012-700x700.png 700w, https:\/\/www.kibotek.com\/wp-content\/uploads\/2024\/09\/kiboTEK_rg406v_012-300x300.png 300w, https:\/\/www.kibotek.com\/wp-content\/uploads\/2024\/09\/kiboTEK_rg406v_012-768x768.png 768w, https:\/\/www.kibotek.com\/wp-content\/uploads\/2024\/09\/kiboTEK_rg406v_012-12x12.png 12w, https:\/\/www.kibotek.com\/wp-content\/uploads\/2024\/09\/kiboTEK_rg406v_012-50x50.png 50w, https:\/\/www.kibotek.com\/wp-content\/uploads\/2024\/09\/kiboTEK_rg406v_012-100x100.png 100w, https:\/\/www.kibotek.com\/wp-content\/uploads\/2024\/09\/kiboTEK_rg406v_012-32x32.png 32w\" sizes=\"auto, (max-width: 800px) 100vw, 800px\" \/> <img loading=\"lazy\" decoding=\"async\" class=\"alignleft wp-image-54521 size-large\" src=\"https:\/\/www.kibotek.com\/wp-content\/uploads\/2024\/09\/kiboTEK_rg406v_010-1024x1024.jpg\" alt=\"\" width=\"1024\" height=\"1024\" title=\"\" srcset=\"https:\/\/www.kibotek.com\/wp-content\/uploads\/2024\/09\/kiboTEK_rg406v_010-1024x1024.jpg 1024w, https:\/\/www.kibotek.com\/wp-content\/uploads\/2024\/09\/kiboTEK_rg406v_010-430x430.jpg 430w, https:\/\/www.kibotek.com\/wp-content\/uploads\/2024\/09\/kiboTEK_rg406v_010-150x150.jpg 150w, https:\/\/www.kibotek.com\/wp-content\/uploads\/2024\/09\/kiboTEK_rg406v_010-700x700.jpg 700w, https:\/\/www.kibotek.com\/wp-content\/uploads\/2024\/09\/kiboTEK_rg406v_010-300x300.jpg 300w, https:\/\/www.kibotek.com\/wp-content\/uploads\/2024\/09\/kiboTEK_rg406v_010-768x768.jpg 768w, https:\/\/www.kibotek.com\/wp-content\/uploads\/2024\/09\/kiboTEK_rg406v_010-12x12.jpg 12w, https:\/\/www.kibotek.com\/wp-content\/uploads\/2024\/09\/kiboTEK_rg406v_010-50x50.jpg 50w, https:\/\/www.kibotek.com\/wp-content\/uploads\/2024\/09\/kiboTEK_rg406v_010-100x100.jpg 100w, https:\/\/www.kibotek.com\/wp-content\/uploads\/2024\/09\/kiboTEK_rg406v_010-32x32.jpg 32w, https:\/\/www.kibotek.com\/wp-content\/uploads\/2024\/09\/kiboTEK_rg406v_010.jpg 1400w\" sizes=\"auto, (max-width: 1024px) 100vw, 1024px\" \/><\/p>","protected":false},"excerpt":{"rendered":"<p><strong><em>COMPRE AGORA E <\/em><\/strong><strong><em>RECEBA EM 24\/72H \ud83d\ude80<\/em><\/strong><\/p>","protected":false},"featured_media":56629,"comment_status":"open","ping_status":"closed","template":"","meta":{"iawp_total_views":1143},"product_brand":[8167],"product_cat":[7809],"product_tag":[7698,6771,7752,1794],"class_list":{"0":"post-54500","1":"product","2":"type-product","3":"status-publish","4":"has-post-thumbnail","6":"product_brand-anbernic","7":"product_cat-consolas-retro","8":"product_tag-all","9":"product_tag-ofertas","10":"product_tag-presale","11":"product_tag-top10","13":"first","14":"outofstock","15":"sale","16":"featured","17":"taxable","18":"shipping-taxable","19":"purchasable","20":"product-type-variable","21":"has-default-attributes"},"supplier_id":null,"supplier_sku":"","barcode":null,"atum_controlled":true,"out_stock_date":null,"out_stock_threshold":null,"inheritable":true,"inbound_stock":null,"stock_on_hold":0,"sold_today":0,"sales_last_days":0,"reserved_stock":null,"customer_returns":null,"warehouse_damage":null,"lost_in_post":null,"other_logs":null,"out_stock_days":0,"lost_sales":0,"has_location":true,"update_date":"2026-04-19T05:02:47","atum_locations":[{"id":41,"name":"Bilbao","slug":"bilbao"}],"atum_stock_status":"outofstock","restock_status":false,"low_stock_amount":"","sales_update_date":"2026-04-19T05:02:47","calc_backorders":null,"_links":{"self":[{"href":"https:\/\/www.kibotek.com\/pt\/wp-json\/wp\/v2\/product\/54500","targetHints":{"allow":["GET"]}}],"collection":[{"href":"https:\/\/www.kibotek.com\/pt\/wp-json\/wp\/v2\/product"}],"about":[{"href":"https:\/\/www.kibotek.com\/pt\/wp-json\/wp\/v2\/types\/product"}],"replies":[{"embeddable":true,"href":"https:\/\/www.kibotek.com\/pt\/wp-json\/wp\/v2\/comments?post=54500"}],"version-history":[{"count":0,"href":"https:\/\/www.kibotek.com\/pt\/wp-json\/wp\/v2\/product\/54500\/revisions"}],"wp:featuredmedia":[{"embeddable":true,"href":"https:\/\/www.kibotek.com\/pt\/wp-json\/wp\/v2\/media\/56629"}],"wp:attachment":[{"href":"https:\/\/www.kibotek.com\/pt\/wp-json\/wp\/v2\/media?parent=54500"}],"wp:term":[{"taxonomy":"product_brand","embeddable":true,"href":"https:\/\/www.kibotek.com\/pt\/wp-json\/wp\/v2\/product_brand?post=54500"},{"taxonomy":"product_cat","embeddable":true,"href":"https:\/\/www.kibotek.com\/pt\/wp-json\/wp\/v2\/product_cat?post=54500"},{"taxonomy":"product_tag","embeddable":true,"href":"https:\/\/www.kibotek.com\/pt\/wp-json\/wp\/v2\/product_tag?post=54500"}],"curies":[{"name":"wp","href":"https:\/\/api.w.org\/{rel}","templated":true}]}}