{"id":52900,"date":"2024-05-21T11:33:24","date_gmt":"2024-05-21T09:33:24","guid":{"rendered":"https:\/\/www.kibotek.com\/?post_type=product&#038;p=52900"},"modified":"2026-05-06T22:55:37","modified_gmt":"2026-05-06T20:55:37","slug":"firewall-mini-pc-n100-4l-8gb-128gb-pfsense-opnsense-windows-10-pro","status":"publish","type":"product","link":"https:\/\/www.kibotek.com\/pt\/kibostore\/firewall-mini-pc-n100-4l-8gb-128gb-pfsense-opnsense-windows-10-pro\/","title":{"rendered":"Firewall Mini PC N100-4L 8GB\/128GB pfSense, OPNsense, Windows 10 Pro"},"content":{"rendered":"<p>Compre Firewall mini PC N100-4L 8GB\/128GB com envio da Espanha para toda a Europa em 24\/72h e garantia europeia<\/p>\n<ul>\n<li><strong><strong>Processador <\/strong><\/strong><strong>Chip Intel Alder Lake N100<\/strong><\/li>\n<li><strong>RAM 8GB DD4R<\/strong><\/li>\n<li><strong><strong>Armazenamento 128GB<\/strong><\/strong><\/li>\n<li><strong>P09B-4L Firewall Mini PC com 4 portas LAN<\/strong><\/li>\n<li>Windows 10 Pr\u00f3<\/li>\n<li>Wi-Fi 5, Bluetooth 5.2<\/li>\n<li>4 x LAN RJ45<\/li>\n<li>2xUSB3.0<\/li>\n<li>4xUSB2.0<\/li>\n<li>2xCOM (1xRS485 COM, 1xRS232 COM)<\/li>\n<li>1xHD2.0<\/li>\n<li>1xDP1.4<\/li>\n<li>1x conector de alimenta\u00e7\u00e3o CC<\/li>\n<li>Ventilador turbo de alta press\u00e3o de tamanho grande 35W<\/li>\n<li>Classifica\u00e7\u00e3o de pot\u00eancia 12V 6A\/7A (dependendo do modelo espec\u00edfico)<\/li>\n<li>Tamanho 13,5 x 12,7 x 3,9 cm<\/li>\n<li>Peso 700g<\/li>\n<li>Sistema operacional Windows 10 Pro pr\u00e9-instalado<\/li>\n<li>Ideal com pfSense e OPNsense,<\/li>\n<\/ul>\n<p>O mini PC N100 com 8GB RAM e armazenamento SSD 128GB \u00e9 uma solu\u00e7\u00e3o compacta e eficiente para diversas aplica\u00e7\u00f5es, especialmente em ambientes de rede e seguran\u00e7a. Aqui detalho seus principais recursos e especifica\u00e7\u00f5es:<\/p>\n<h3>As especifica\u00e7\u00f5es t\u00e9cnicas<\/h3>\n<p>\u2013 Processador: <strong>Intel Alder Lake-N100 12\u00aa gera\u00e7\u00e3o, com 4 n\u00facleos e 4 threads, atingindo at\u00e9 3,4 GHz<\/strong>.<br \/>\n\u2013 RAM: 8GB DDR4 (algumas vers\u00f5es podem ter DDR5).<br \/>\n\u2013 Armazenamento: 128GB SSD M.2 2280, com op\u00e7\u00f5es de expans\u00e3o at\u00e9 2TB para SSD e 512GB via microSD.<br \/>\n\u2013 Portas de rede: 4 portas Ethernet 2.5GbE (Intel I226-V).<br \/>\n\u2013 Portas adicionais: Inclui HDMI 2.0, DisplayPort 1.4, USB 3.0, USB 2.0, Type-C e RS232 COM.<br \/>\n\u2013 Sistema operacional: Compat\u00edvel com Windows 11, Windows 10, Ubuntu e outros sistemas operacionais de c\u00f3digo aberto.<br \/>\n\u2013 Sistema operacional de firewall testado: pfSsense e OPNsense<br \/>\n\u2013 Consumo de energia: Muito eficiente com um TDP de apenas 6W.<br \/>\n\u2013 Design sem ventilador: usa um dissipador de calor especializado para manter uma opera\u00e7\u00e3o silenciosa e eficiente.<br \/>\n\u2013 Montagem: Inclui suporte VESA, permitindo a fixa\u00e7\u00e3o atr\u00e1s de monitores para economizar espa\u00e7o.<\/p>\n<h3>\u00a0Aplica\u00e7\u00f5es e usos<\/h3>\n<p>1. Rede e seguran\u00e7a: Ideal como dispositivo de roteamento suave e firewall, fornecendo gerenciamento eficiente do tr\u00e1fego de rede. \u00c9 compat\u00edvel com v\u00e1rios programas de firewall e software de roteamento.<br \/>\n2. Multim\u00eddia e Entretenimento: Suporta resolu\u00e7\u00f5es 4K@60Hz e permite a conex\u00e3o de m\u00faltiplos monitores, sendo \u00fatil para edi\u00e7\u00e3o de v\u00eddeo e transmiss\u00e3o de conte\u00fado de alta qualidade.<br \/>\n3. Integra\u00e7\u00e3o IoT: Funciona como gateway para dispositivos IoT, facilitando a comunica\u00e7\u00e3o e o gerenciamento dos dispositivos conectados.<br \/>\n4. Uso Profissional: Adequado para escrit\u00f3rios, trabalho remoto, videoconfer\u00eancia e outras aplica\u00e7\u00f5es profissionais gra\u00e7as ao seu desempenho confi\u00e1vel e versatilidade.<br \/>\n5. Resid\u00eancia e Pequenas Empresas: Perfeito para melhorar a seguran\u00e7a da rede dom\u00e9stica e otimizar o desempenho da Internet em pequenas empresas.<\/p>\n<h3>Vantagens<\/h3>\n<p>\u2013 Alto desempenho com baixo consumo de energia.<br \/>\n\u2013 Design compacto e port\u00e1til.<br \/>\n\u2013 M\u00faltiplas op\u00e7\u00f5es de conectividade e expans\u00e3o.<br \/>\n\u2013 Opera\u00e7\u00e3o silenciosa devido ao seu design sem ventoinha.<br \/>\n\u2013 Ampla compatibilidade com sistemas operacionais e software de rede.<\/p>\n<p>O mini PC N100 \u00e9 uma excelente op\u00e7\u00e3o para quem precisa de um dispositivo de rede eficiente, compacto e com bom equil\u00edbrio entre desempenho e consumo de energia.<\/p>\n<p>Desempenho poderoso da CPU: Equipado com o processador Intel Alder Lake N100 avan\u00e7ado de alto desempenho com capacidade de processamento multi-core, ele pode lidar facilmente com multitarefa e necessidades de computa\u00e7\u00e3o complexas.<br \/>\nExcelente suporte gr\u00e1fico: Equipado com gr\u00e1ficos Intel UHD para suportar reprodu\u00e7\u00e3o de v\u00eddeo HDMI e renderiza\u00e7\u00e3o gr\u00e1fica para uma experi\u00eancia visual suave.<br \/>\nMem\u00f3ria DDR5 superior: A tecnologia de mem\u00f3ria DDR5 avan\u00e7ada integrada oferece velocidades de transfer\u00eancia de dados mais r\u00e1pidas e maior capacidade para acelerar o carregamento de aplicativos e a multitarefa.<br \/>\nDesign sem ventoinha: Adota um sistema de resfriamento sem ventoinha que reduz o ru\u00eddo e o baixo consumo de energia quando o dispositivo est\u00e1 funcionando, mantendo o dispositivo funcionando de forma eficiente em um estado silencioso.<br \/>\nArmazenamento SSD de alta velocidade: Equipado com armazenamento SSD r\u00e1pido, fornece velocidade de inicializa\u00e7\u00e3o e taxa de transfer\u00eancia de dados mais r\u00e1pidas, tornando o sistema mais responsivo.<br \/>\nQuatro portas LAN: O PC firewall com quatro portas LAN oferece mais op\u00e7\u00f5es de conex\u00e3o de rede, melhorando a flexibilidade da rede e a capacidade de comunica\u00e7\u00e3o do dispositivo.<\/p>\n<p><img loading=\"lazy\" decoding=\"async\" class=\"alignleft wp-image-52910 size-full\" src=\"https:\/\/www.kibotek.com\/wp-content\/uploads\/2024\/05\/kiboTEK_mini_pc_n100_8_128_010.png\" alt=\"\" width=\"598\" height=\"417\" title=\"\" srcset=\"https:\/\/www.kibotek.com\/wp-content\/uploads\/2024\/05\/kiboTEK_mini_pc_n100_8_128_010.png 598w, https:\/\/www.kibotek.com\/wp-content\/uploads\/2024\/05\/kiboTEK_mini_pc_n100_8_128_010-430x300.png 430w, https:\/\/www.kibotek.com\/wp-content\/uploads\/2024\/05\/kiboTEK_mini_pc_n100_8_128_010-150x105.png 150w, https:\/\/www.kibotek.com\/wp-content\/uploads\/2024\/05\/kiboTEK_mini_pc_n100_8_128_010-300x209.png 300w, https:\/\/www.kibotek.com\/wp-content\/uploads\/2024\/05\/kiboTEK_mini_pc_n100_8_128_010-18x12.png 18w\" sizes=\"auto, (max-width: 598px) 100vw, 598px\" \/> <img loading=\"lazy\" decoding=\"async\" class=\"alignleft wp-image-52909 size-full\" src=\"https:\/\/www.kibotek.com\/wp-content\/uploads\/2024\/05\/kiboTEK_mini_pc_n100_8_128_009.png\" alt=\"\" width=\"608\" height=\"410\" title=\"\" srcset=\"https:\/\/www.kibotek.com\/wp-content\/uploads\/2024\/05\/kiboTEK_mini_pc_n100_8_128_009.png 608w, https:\/\/www.kibotek.com\/wp-content\/uploads\/2024\/05\/kiboTEK_mini_pc_n100_8_128_009-430x290.png 430w, https:\/\/www.kibotek.com\/wp-content\/uploads\/2024\/05\/kiboTEK_mini_pc_n100_8_128_009-150x101.png 150w, https:\/\/www.kibotek.com\/wp-content\/uploads\/2024\/05\/kiboTEK_mini_pc_n100_8_128_009-300x202.png 300w, https:\/\/www.kibotek.com\/wp-content\/uploads\/2024\/05\/kiboTEK_mini_pc_n100_8_128_009-18x12.png 18w, https:\/\/www.kibotek.com\/wp-content\/uploads\/2024\/05\/kiboTEK_mini_pc_n100_8_128_009-600x405.png 600w\" sizes=\"auto, (max-width: 608px) 100vw, 608px\" \/> <img loading=\"lazy\" decoding=\"async\" class=\"alignleft wp-image-52908 size-full\" src=\"https:\/\/www.kibotek.com\/wp-content\/uploads\/2024\/05\/kiboTEK_mini_pc_n100_8_128_008.png\" alt=\"\" width=\"615\" height=\"406\" title=\"\" srcset=\"https:\/\/www.kibotek.com\/wp-content\/uploads\/2024\/05\/kiboTEK_mini_pc_n100_8_128_008.png 615w, https:\/\/www.kibotek.com\/wp-content\/uploads\/2024\/05\/kiboTEK_mini_pc_n100_8_128_008-430x284.png 430w, https:\/\/www.kibotek.com\/wp-content\/uploads\/2024\/05\/kiboTEK_mini_pc_n100_8_128_008-150x99.png 150w, https:\/\/www.kibotek.com\/wp-content\/uploads\/2024\/05\/kiboTEK_mini_pc_n100_8_128_008-300x198.png 300w, https:\/\/www.kibotek.com\/wp-content\/uploads\/2024\/05\/kiboTEK_mini_pc_n100_8_128_008-18x12.png 18w, https:\/\/www.kibotek.com\/wp-content\/uploads\/2024\/05\/kiboTEK_mini_pc_n100_8_128_008-600x396.png 600w\" sizes=\"auto, (max-width: 615px) 100vw, 615px\" \/> <img loading=\"lazy\" decoding=\"async\" class=\"alignleft wp-image-52907 size-full\" src=\"https:\/\/www.kibotek.com\/wp-content\/uploads\/2024\/05\/kiboTEK_mini_pc_n100_8_128_007.png\" alt=\"\" width=\"655\" height=\"381\" title=\"\" srcset=\"https:\/\/www.kibotek.com\/wp-content\/uploads\/2024\/05\/kiboTEK_mini_pc_n100_8_128_007.png 655w, https:\/\/www.kibotek.com\/wp-content\/uploads\/2024\/05\/kiboTEK_mini_pc_n100_8_128_007-430x250.png 430w, https:\/\/www.kibotek.com\/wp-content\/uploads\/2024\/05\/kiboTEK_mini_pc_n100_8_128_007-150x87.png 150w, https:\/\/www.kibotek.com\/wp-content\/uploads\/2024\/05\/kiboTEK_mini_pc_n100_8_128_007-300x175.png 300w, https:\/\/www.kibotek.com\/wp-content\/uploads\/2024\/05\/kiboTEK_mini_pc_n100_8_128_007-18x10.png 18w, https:\/\/www.kibotek.com\/wp-content\/uploads\/2024\/05\/kiboTEK_mini_pc_n100_8_128_007-600x349.png 600w\" sizes=\"auto, (max-width: 655px) 100vw, 655px\" \/> <img loading=\"lazy\" decoding=\"async\" class=\"alignleft wp-image-52911 size-full\" src=\"https:\/\/www.kibotek.com\/wp-content\/uploads\/2024\/05\/kiboTEK_mini_pc_n100_8_128_011.png\" alt=\"\" width=\"576\" height=\"433\" title=\"\" srcset=\"https:\/\/www.kibotek.com\/wp-content\/uploads\/2024\/05\/kiboTEK_mini_pc_n100_8_128_011.png 576w, https:\/\/www.kibotek.com\/wp-content\/uploads\/2024\/05\/kiboTEK_mini_pc_n100_8_128_011-430x323.png 430w, https:\/\/www.kibotek.com\/wp-content\/uploads\/2024\/05\/kiboTEK_mini_pc_n100_8_128_011-150x113.png 150w, https:\/\/www.kibotek.com\/wp-content\/uploads\/2024\/05\/kiboTEK_mini_pc_n100_8_128_011-300x226.png 300w, https:\/\/www.kibotek.com\/wp-content\/uploads\/2024\/05\/kiboTEK_mini_pc_n100_8_128_011-16x12.png 16w\" sizes=\"auto, (max-width: 576px) 100vw, 576px\" \/><\/p>\n<p><img loading=\"lazy\" decoding=\"async\" class=\"alignleft wp-image-52901 size-full\" src=\"https:\/\/www.kibotek.com\/wp-content\/uploads\/2024\/05\/kiboTEK_mini_pc_n100_8_128_001.jpg\" alt=\"\" width=\"775\" height=\"775\" title=\"\" srcset=\"https:\/\/www.kibotek.com\/wp-content\/uploads\/2024\/05\/kiboTEK_mini_pc_n100_8_128_001.jpg 775w, https:\/\/www.kibotek.com\/wp-content\/uploads\/2024\/05\/kiboTEK_mini_pc_n100_8_128_001-430x430.jpg 430w, https:\/\/www.kibotek.com\/wp-content\/uploads\/2024\/05\/kiboTEK_mini_pc_n100_8_128_001-150x150.jpg 150w, https:\/\/www.kibotek.com\/wp-content\/uploads\/2024\/05\/kiboTEK_mini_pc_n100_8_128_001-700x700.jpg 700w, https:\/\/www.kibotek.com\/wp-content\/uploads\/2024\/05\/kiboTEK_mini_pc_n100_8_128_001-300x300.jpg 300w, https:\/\/www.kibotek.com\/wp-content\/uploads\/2024\/05\/kiboTEK_mini_pc_n100_8_128_001-768x768.jpg 768w, https:\/\/www.kibotek.com\/wp-content\/uploads\/2024\/05\/kiboTEK_mini_pc_n100_8_128_001-12x12.jpg 12w, https:\/\/www.kibotek.com\/wp-content\/uploads\/2024\/05\/kiboTEK_mini_pc_n100_8_128_001-50x50.jpg 50w, https:\/\/www.kibotek.com\/wp-content\/uploads\/2024\/05\/kiboTEK_mini_pc_n100_8_128_001-100x100.jpg 100w, https:\/\/www.kibotek.com\/wp-content\/uploads\/2024\/05\/kiboTEK_mini_pc_n100_8_128_001-32x32.jpg 32w\" sizes=\"auto, (max-width: 775px) 100vw, 775px\" \/> <img loading=\"lazy\" decoding=\"async\" class=\"alignleft wp-image-52902 size-full\" src=\"https:\/\/www.kibotek.com\/wp-content\/uploads\/2024\/05\/kiboTEK_mini_pc_n100_8_128_002-e1716296398512.jpg\" alt=\"\" width=\"827\" height=\"670\" title=\"\" srcset=\"https:\/\/www.kibotek.com\/wp-content\/uploads\/2024\/05\/kiboTEK_mini_pc_n100_8_128_002-e1716296398512.jpg 827w, https:\/\/www.kibotek.com\/wp-content\/uploads\/2024\/05\/kiboTEK_mini_pc_n100_8_128_002-e1716296398512-430x348.jpg 430w, https:\/\/www.kibotek.com\/wp-content\/uploads\/2024\/05\/kiboTEK_mini_pc_n100_8_128_002-e1716296398512-150x122.jpg 150w, https:\/\/www.kibotek.com\/wp-content\/uploads\/2024\/05\/kiboTEK_mini_pc_n100_8_128_002-e1716296398512-700x567.jpg 700w, https:\/\/www.kibotek.com\/wp-content\/uploads\/2024\/05\/kiboTEK_mini_pc_n100_8_128_002-e1716296398512-300x243.jpg 300w, https:\/\/www.kibotek.com\/wp-content\/uploads\/2024\/05\/kiboTEK_mini_pc_n100_8_128_002-e1716296398512-768x622.jpg 768w, https:\/\/www.kibotek.com\/wp-content\/uploads\/2024\/05\/kiboTEK_mini_pc_n100_8_128_002-e1716296398512-15x12.jpg 15w\" sizes=\"auto, (max-width: 827px) 100vw, 827px\" \/> <img loading=\"lazy\" decoding=\"async\" class=\"alignleft wp-image-52903 size-full\" src=\"https:\/\/www.kibotek.com\/wp-content\/uploads\/2024\/05\/kiboTEK_mini_pc_n100_8_128_003.jpg\" alt=\"\" width=\"792\" height=\"757\" title=\"\" srcset=\"https:\/\/www.kibotek.com\/wp-content\/uploads\/2024\/05\/kiboTEK_mini_pc_n100_8_128_003.jpg 792w, https:\/\/www.kibotek.com\/wp-content\/uploads\/2024\/05\/kiboTEK_mini_pc_n100_8_128_003-430x411.jpg 430w, https:\/\/www.kibotek.com\/wp-content\/uploads\/2024\/05\/kiboTEK_mini_pc_n100_8_128_003-150x143.jpg 150w, https:\/\/www.kibotek.com\/wp-content\/uploads\/2024\/05\/kiboTEK_mini_pc_n100_8_128_003-700x669.jpg 700w, https:\/\/www.kibotek.com\/wp-content\/uploads\/2024\/05\/kiboTEK_mini_pc_n100_8_128_003-300x287.jpg 300w, https:\/\/www.kibotek.com\/wp-content\/uploads\/2024\/05\/kiboTEK_mini_pc_n100_8_128_003-768x734.jpg 768w, https:\/\/www.kibotek.com\/wp-content\/uploads\/2024\/05\/kiboTEK_mini_pc_n100_8_128_003-13x12.jpg 13w, https:\/\/www.kibotek.com\/wp-content\/uploads\/2024\/05\/kiboTEK_mini_pc_n100_8_128_003-32x32.jpg 32w\" sizes=\"auto, (max-width: 792px) 100vw, 792px\" \/> <img loading=\"lazy\" decoding=\"async\" class=\"alignleft wp-image-52904 size-full\" src=\"https:\/\/www.kibotek.com\/wp-content\/uploads\/2024\/05\/kiboTEK_mini_pc_n100_8_128_004.jpg\" alt=\"\" width=\"786\" height=\"763\" title=\"\" srcset=\"https:\/\/www.kibotek.com\/wp-content\/uploads\/2024\/05\/kiboTEK_mini_pc_n100_8_128_004.jpg 786w, https:\/\/www.kibotek.com\/wp-content\/uploads\/2024\/05\/kiboTEK_mini_pc_n100_8_128_004-430x417.jpg 430w, https:\/\/www.kibotek.com\/wp-content\/uploads\/2024\/05\/kiboTEK_mini_pc_n100_8_128_004-150x146.jpg 150w, https:\/\/www.kibotek.com\/wp-content\/uploads\/2024\/05\/kiboTEK_mini_pc_n100_8_128_004-700x680.jpg 700w, https:\/\/www.kibotek.com\/wp-content\/uploads\/2024\/05\/kiboTEK_mini_pc_n100_8_128_004-300x291.jpg 300w, https:\/\/www.kibotek.com\/wp-content\/uploads\/2024\/05\/kiboTEK_mini_pc_n100_8_128_004-768x746.jpg 768w, https:\/\/www.kibotek.com\/wp-content\/uploads\/2024\/05\/kiboTEK_mini_pc_n100_8_128_004-12x12.jpg 12w, https:\/\/www.kibotek.com\/wp-content\/uploads\/2024\/05\/kiboTEK_mini_pc_n100_8_128_004-50x50.jpg 50w, https:\/\/www.kibotek.com\/wp-content\/uploads\/2024\/05\/kiboTEK_mini_pc_n100_8_128_004-32x32.jpg 32w\" sizes=\"auto, (max-width: 786px) 100vw, 786px\" \/><\/p>\n<p>Na kiboTEK voc\u00ea pode comprar Firewall mini PC N100-4L 8GB\/128GB com a garantia e seguran\u00e7a da melhor loja online da Espanha Europa.<\/p>","protected":false},"excerpt":{"rendered":"<p><strong><em>COMPRE AGORA E RECEBA EM 24H NA ESPANHA\ud83d\ude80<\/em><\/strong><\/p>\n<p><strong><em>COMPRE AGORA E RECEBA EM 72H NA EUROPA \ud83d\ude80<\/em><\/strong><\/p>\n<p><strong><em>PRE\u00c7O FINAL INCLUINDO IMPOSTOS<\/em><\/strong><\/p>\n<p><strong><em>GARANTIA EUROPEIA<\/em><\/strong><\/p>","protected":false},"featured_media":52905,"comment_status":"open","ping_status":"closed","template":"","meta":{"iawp_total_views":830},"product_brand":[],"product_cat":[5514,7809,7496],"product_tag":[1794],"class_list":{"0":"post-52900","1":"product","2":"type-product","3":"status-publish","4":"has-post-thumbnail","6":"product_cat-consolas-retro-gaming-arcade-bartop-pandora-box-anbernic-powkiddy","7":"product_cat-consolas-retro","8":"product_cat-mini-pc","9":"product_tag-top10","11":"first","12":"outofstock","13":"sale","14":"taxable","15":"shipping-taxable","16":"purchasable","17":"product-type-simple"},"supplier_id":null,"supplier_sku":"","barcode":null,"atum_controlled":true,"out_stock_date":"2025-07-04 15:28:37","out_stock_threshold":null,"inheritable":false,"inbound_stock":null,"stock_on_hold":0,"sold_today":0,"sales_last_days":0,"reserved_stock":null,"customer_returns":null,"warehouse_damage":null,"lost_in_post":null,"other_logs":null,"out_stock_days":297,"lost_sales":12724,"has_location":true,"update_date":"2026-05-06T20:55:38","atum_locations":[{"id":41,"name":"Bilbao","slug":"bilbao"}],"atum_stock_status":"outofstock","restock_status":false,"low_stock_amount":0,"sales_update_date":"2026-04-28T05:05:39","calc_backorders":null,"_links":{"self":[{"href":"https:\/\/www.kibotek.com\/pt\/wp-json\/wp\/v2\/product\/52900","targetHints":{"allow":["GET"]}}],"collection":[{"href":"https:\/\/www.kibotek.com\/pt\/wp-json\/wp\/v2\/product"}],"about":[{"href":"https:\/\/www.kibotek.com\/pt\/wp-json\/wp\/v2\/types\/product"}],"replies":[{"embeddable":true,"href":"https:\/\/www.kibotek.com\/pt\/wp-json\/wp\/v2\/comments?post=52900"}],"version-history":[{"count":0,"href":"https:\/\/www.kibotek.com\/pt\/wp-json\/wp\/v2\/product\/52900\/revisions"}],"wp:featuredmedia":[{"embeddable":true,"href":"https:\/\/www.kibotek.com\/pt\/wp-json\/wp\/v2\/media\/52905"}],"wp:attachment":[{"href":"https:\/\/www.kibotek.com\/pt\/wp-json\/wp\/v2\/media?parent=52900"}],"wp:term":[{"taxonomy":"product_brand","embeddable":true,"href":"https:\/\/www.kibotek.com\/pt\/wp-json\/wp\/v2\/product_brand?post=52900"},{"taxonomy":"product_cat","embeddable":true,"href":"https:\/\/www.kibotek.com\/pt\/wp-json\/wp\/v2\/product_cat?post=52900"},{"taxonomy":"product_tag","embeddable":true,"href":"https:\/\/www.kibotek.com\/pt\/wp-json\/wp\/v2\/product_tag?post=52900"}],"curies":[{"name":"wp","href":"https:\/\/api.w.org\/{rel}","templated":true}]}}