{"id":48978,"date":"2023-07-06T19:09:54","date_gmt":"2023-07-06T17:09:54","guid":{"rendered":"https:\/\/www.kibotek.com\/?post_type=product&#038;p=48978"},"modified":"2026-05-08T23:10:48","modified_gmt":"2026-05-08T21:10:48","slug":"xiaomi-pad-6-8gb-256gb","status":"publish","type":"product","link":"https:\/\/www.kibotek.com\/pt\/kibostore\/xiaomi-pad-6-8gb-256gb\/","title":{"rendered":"Xiaomi Pad 6 8GB\/256GB"},"content":{"rendered":"<p>Comprar <a href=\"https:\/\/www.kibotek.com\/pt\/brand\/compre-o-melhor-de-xiaomi\/\">Xiaomi<\/a> Pad 6 8GB\/256GB com envio de Espanha para toda a Europa em 24\/72h e garantia de dois anos.<\/p>\n<ul>\n<li>Tela LCD IPS de 11 &quot;<\/li>\n<li>Taxa de atualiza\u00e7\u00e3o de 144 Hz<\/li>\n<li>2880 x 1800 Resolu\u00e7\u00e3o de 2,8 K com propor\u00e7\u00e3o de 16:10<\/li>\n<li>Corning\u00ae Gorilla\u00ae Glass 3<\/li>\n<li>Processador Qualcomm Snapdragon 870<\/li>\n<li>8 GB de RAM LPDDR4x e 256 GB de armazenamento UFS 3.1<\/li>\n<li>Bateria de 8.840 mah, com carga r\u00e1pida de 33W<\/li>\n<li>Sensor de impress\u00e3o digital<\/li>\n<li>c\u00e2mera de 13MP<\/li>\n<li>Som Dolby Atmos com 4 alto-falantes<\/li>\n<li>WiFi6, BT 5.1, GPS, Glonass<\/li>\n<li>Dimens\u00f5es 253,9 x 165,1 x 6,51 mm<\/li>\n<li>Peso 490gr<\/li>\n<li>Sistema operacional MIUI 14 FOR PAD, baseado no sistema operacional Android 13<\/li>\n<\/ul>\n<h3>Chega a concorr\u00eancia para a Apple, a Rainha dos tablets<\/h3>\n<p>A Xiaomi apresenta seu novo Tablet, o Pad 6. Um assistente inteligente e eficiente que n\u00e3o ir\u00e1 decepcion\u00e1-lo em nenhuma faceta, vem para competir diretamente com a Apple e j\u00e1 era hora.<\/p>\n<h3>Tela de 11\u2033 com resolu\u00e7\u00e3o de 2880 x 1800 px WQHD+<\/h3>\n<p>Temos uma tela grande e ultra n\u00edtida de 11 polegadas com resolu\u00e7\u00e3o de 2,8 K (WQHD+) e suporte para HDR 10+. Sinta todo o conte\u00fado que voc\u00ea v\u00ea com at\u00e9 um bilh\u00e3o de cores. O<strong> a taxa de atualiza\u00e7\u00e3o deste painel \u00e9 de 144 Hz com Dolby Vision<\/strong> e um contraste de 1400: 1. Essa alta taxa de atualiza\u00e7\u00e3o nos fornece uma vis\u00e3o fluida, movimentos consistentes e detalhes como voc\u00ea nunca viu. Esta tela tamb\u00e9m vem com prote\u00e7\u00e3o ocular eficiente, certificada pela T\u00dcV Rheinland.<\/p>\n<p>Por outro lado, a tela inclui o exclusivo <strong>True Tone True Color<\/strong>, que consiste em ter sensores de luz dupla dianteiros e traseiros para ajustar automaticamente a tela com o melhor brilho e temperatura de cor.<\/p>\n<h3>O som ao Redor<\/h3>\n<p>Al\u00e9m disso, os 4 alto-falantes que circundam este tablet n\u00e3o o deixar\u00e3o indiferente. Som surround com graves altos, brilhantes e soltos. Seu \u00e1udio \u00e9 compat\u00edvel com <strong>Dolby Panorama<\/strong> criando efeitos sonoros espaciais envolventes ...<\/p>\n<h3>Um processador Qualcomm para dominar a besta<\/h3>\n<p>Nesta ocasi\u00e3o, os caras da Xiaomi queriam equipar este tablet com o processador <strong>Qualcomm Snapdragon<\/strong> <strong>870,<\/strong> um processador high-end fabricado em 7 nan\u00f4metros, com 8 n\u00facleos rodando a uma velocidade m\u00e1xima de 2,96 GhZ <strong>com desempenho espetacular. <\/strong><\/p>\n<p>Um processador que n\u00e3o o decepcionar\u00e1 nem com o entretenimento audiovisual, nem com os jogos em movimento em grande escala, nem com a velocidade na hora de mover arquivos, pois tem um desempenho brilhante e um consumo de energia muito baixo.<\/p>\n<h3>Bateria para passar o dia sem problemas<\/h3>\n<p>Neste tablet, encontramos um espetacular <strong>bateria de 8840 miliamperes<\/strong> com uma carga r\u00e1pida de 33 watts, o que garantir\u00e1 que n\u00e3o fiquemos presos em nenhum momento.<\/p>\n<p>No que diz respeito \u00e0 conectividade <strong>n\u00e3o h\u00e1 nem o novo Wi-Fi 6<\/strong>\u00a0e desbloqueio facial duplo, para tornar seu dispositivo um castelo inexpugn\u00e1vel.<\/p>\n<p>Como acess\u00f3rios tamb\u00e9m teremos dispon\u00edvel para comprar um espetacular<strong> caneta de segunda gera\u00e7\u00e3o e um estojo de teclado f\u00edsico.<\/strong><\/p>\n<p>Na kiboTEK podes comprar o Xiaomi Pad 6 8GB\/256GB com a garantia e seguran\u00e7a da melhor loja Xiaomi em Espanha Europa.<\/p>\n<p><img loading=\"lazy\" decoding=\"async\" class=\"alignleft wp-image-48986 size-large\" src=\"https:\/\/www.kibotek.com\/wp-content\/uploads\/2023\/07\/kiboTEK_xiaomi_pad_6_002-1024x471.jpg\" alt=\"\" width=\"1024\" height=\"471\" title=\"\" srcset=\"https:\/\/www.kibotek.com\/wp-content\/uploads\/2023\/07\/kiboTEK_xiaomi_pad_6_002-1024x471.jpg 1024w, https:\/\/www.kibotek.com\/wp-content\/uploads\/2023\/07\/kiboTEK_xiaomi_pad_6_002-430x198.jpg 430w, https:\/\/www.kibotek.com\/wp-content\/uploads\/2023\/07\/kiboTEK_xiaomi_pad_6_002-150x69.jpg 150w, https:\/\/www.kibotek.com\/wp-content\/uploads\/2023\/07\/kiboTEK_xiaomi_pad_6_002-700x322.jpg 700w, https:\/\/www.kibotek.com\/wp-content\/uploads\/2023\/07\/kiboTEK_xiaomi_pad_6_002-300x138.jpg 300w, https:\/\/www.kibotek.com\/wp-content\/uploads\/2023\/07\/kiboTEK_xiaomi_pad_6_002-768x353.jpg 768w, https:\/\/www.kibotek.com\/wp-content\/uploads\/2023\/07\/kiboTEK_xiaomi_pad_6_002-1536x707.jpg 1536w, https:\/\/www.kibotek.com\/wp-content\/uploads\/2023\/07\/kiboTEK_xiaomi_pad_6_002-18x8.jpg 18w, https:\/\/www.kibotek.com\/wp-content\/uploads\/2023\/07\/kiboTEK_xiaomi_pad_6_002.jpg 1806w\" sizes=\"auto, (max-width: 1024px) 100vw, 1024px\" \/> <img loading=\"lazy\" decoding=\"async\" class=\"alignleft wp-image-48990 size-large\" src=\"https:\/\/www.kibotek.com\/wp-content\/uploads\/2023\/07\/kiboTEK_xiaomi_pad_6_006-1024x496.jpg\" alt=\"\" width=\"1024\" height=\"496\" title=\"\" srcset=\"https:\/\/www.kibotek.com\/wp-content\/uploads\/2023\/07\/kiboTEK_xiaomi_pad_6_006-1024x496.jpg 1024w, https:\/\/www.kibotek.com\/wp-content\/uploads\/2023\/07\/kiboTEK_xiaomi_pad_6_006-430x208.jpg 430w, https:\/\/www.kibotek.com\/wp-content\/uploads\/2023\/07\/kiboTEK_xiaomi_pad_6_006-150x73.jpg 150w, https:\/\/www.kibotek.com\/wp-content\/uploads\/2023\/07\/kiboTEK_xiaomi_pad_6_006-700x339.jpg 700w, https:\/\/www.kibotek.com\/wp-content\/uploads\/2023\/07\/kiboTEK_xiaomi_pad_6_006-300x145.jpg 300w, https:\/\/www.kibotek.com\/wp-content\/uploads\/2023\/07\/kiboTEK_xiaomi_pad_6_006-768x372.jpg 768w, https:\/\/www.kibotek.com\/wp-content\/uploads\/2023\/07\/kiboTEK_xiaomi_pad_6_006-1536x744.jpg 1536w, https:\/\/www.kibotek.com\/wp-content\/uploads\/2023\/07\/kiboTEK_xiaomi_pad_6_006-18x9.jpg 18w, https:\/\/www.kibotek.com\/wp-content\/uploads\/2023\/07\/kiboTEK_xiaomi_pad_6_006.jpg 1710w\" sizes=\"auto, (max-width: 1024px) 100vw, 1024px\" \/> <img loading=\"lazy\" decoding=\"async\" class=\"alignleft wp-image-48991 size-large\" src=\"https:\/\/www.kibotek.com\/wp-content\/uploads\/2023\/07\/kiboTEK_xiaomi_pad_6_007-1024x460.jpg\" alt=\"\" width=\"1024\" height=\"460\" title=\"\" srcset=\"https:\/\/www.kibotek.com\/wp-content\/uploads\/2023\/07\/kiboTEK_xiaomi_pad_6_007-1024x460.jpg 1024w, https:\/\/www.kibotek.com\/wp-content\/uploads\/2023\/07\/kiboTEK_xiaomi_pad_6_007-430x193.jpg 430w, https:\/\/www.kibotek.com\/wp-content\/uploads\/2023\/07\/kiboTEK_xiaomi_pad_6_007-150x67.jpg 150w, https:\/\/www.kibotek.com\/wp-content\/uploads\/2023\/07\/kiboTEK_xiaomi_pad_6_007-700x314.jpg 700w, https:\/\/www.kibotek.com\/wp-content\/uploads\/2023\/07\/kiboTEK_xiaomi_pad_6_007-300x135.jpg 300w, https:\/\/www.kibotek.com\/wp-content\/uploads\/2023\/07\/kiboTEK_xiaomi_pad_6_007-768x345.jpg 768w, https:\/\/www.kibotek.com\/wp-content\/uploads\/2023\/07\/kiboTEK_xiaomi_pad_6_007-1536x690.jpg 1536w, https:\/\/www.kibotek.com\/wp-content\/uploads\/2023\/07\/kiboTEK_xiaomi_pad_6_007-18x8.jpg 18w, https:\/\/www.kibotek.com\/wp-content\/uploads\/2023\/07\/kiboTEK_xiaomi_pad_6_007.jpg 1814w\" sizes=\"auto, (max-width: 1024px) 100vw, 1024px\" \/> <img loading=\"lazy\" decoding=\"async\" class=\"alignleft wp-image-48992 size-large\" src=\"https:\/\/www.kibotek.com\/wp-content\/uploads\/2023\/07\/kiboTEK_xiaomi_pad_6_008-1024x475.jpg\" alt=\"\" width=\"1024\" height=\"475\" title=\"\" srcset=\"https:\/\/www.kibotek.com\/wp-content\/uploads\/2023\/07\/kiboTEK_xiaomi_pad_6_008-1024x475.jpg 1024w, https:\/\/www.kibotek.com\/wp-content\/uploads\/2023\/07\/kiboTEK_xiaomi_pad_6_008-430x199.jpg 430w, https:\/\/www.kibotek.com\/wp-content\/uploads\/2023\/07\/kiboTEK_xiaomi_pad_6_008-150x70.jpg 150w, https:\/\/www.kibotek.com\/wp-content\/uploads\/2023\/07\/kiboTEK_xiaomi_pad_6_008-700x325.jpg 700w, https:\/\/www.kibotek.com\/wp-content\/uploads\/2023\/07\/kiboTEK_xiaomi_pad_6_008-300x139.jpg 300w, https:\/\/www.kibotek.com\/wp-content\/uploads\/2023\/07\/kiboTEK_xiaomi_pad_6_008-768x356.jpg 768w, https:\/\/www.kibotek.com\/wp-content\/uploads\/2023\/07\/kiboTEK_xiaomi_pad_6_008-1536x712.jpg 1536w, https:\/\/www.kibotek.com\/wp-content\/uploads\/2023\/07\/kiboTEK_xiaomi_pad_6_008-18x8.jpg 18w, https:\/\/www.kibotek.com\/wp-content\/uploads\/2023\/07\/kiboTEK_xiaomi_pad_6_008.jpg 1652w\" sizes=\"auto, (max-width: 1024px) 100vw, 1024px\" \/> <img loading=\"lazy\" decoding=\"async\" class=\"alignleft wp-image-48993 size-large\" src=\"https:\/\/www.kibotek.com\/wp-content\/uploads\/2023\/07\/kiboTEK_xiaomi_pad_6_009-1024x503.jpg\" alt=\"\" width=\"1024\" height=\"503\" title=\"\" srcset=\"https:\/\/www.kibotek.com\/wp-content\/uploads\/2023\/07\/kiboTEK_xiaomi_pad_6_009-1024x503.jpg 1024w, https:\/\/www.kibotek.com\/wp-content\/uploads\/2023\/07\/kiboTEK_xiaomi_pad_6_009-430x211.jpg 430w, https:\/\/www.kibotek.com\/wp-content\/uploads\/2023\/07\/kiboTEK_xiaomi_pad_6_009-150x74.jpg 150w, https:\/\/www.kibotek.com\/wp-content\/uploads\/2023\/07\/kiboTEK_xiaomi_pad_6_009-700x344.jpg 700w, https:\/\/www.kibotek.com\/wp-content\/uploads\/2023\/07\/kiboTEK_xiaomi_pad_6_009-300x147.jpg 300w, https:\/\/www.kibotek.com\/wp-content\/uploads\/2023\/07\/kiboTEK_xiaomi_pad_6_009-768x377.jpg 768w, https:\/\/www.kibotek.com\/wp-content\/uploads\/2023\/07\/kiboTEK_xiaomi_pad_6_009-1536x754.jpg 1536w, https:\/\/www.kibotek.com\/wp-content\/uploads\/2023\/07\/kiboTEK_xiaomi_pad_6_009-18x9.jpg 18w, https:\/\/www.kibotek.com\/wp-content\/uploads\/2023\/07\/kiboTEK_xiaomi_pad_6_009.jpg 1809w\" sizes=\"auto, (max-width: 1024px) 100vw, 1024px\" \/> <img loading=\"lazy\" decoding=\"async\" class=\"alignleft wp-image-48994 size-large\" src=\"https:\/\/www.kibotek.com\/wp-content\/uploads\/2023\/07\/kiboTEK_xiaomi_pad_6_010-1024x484.jpg\" alt=\"\" width=\"1024\" height=\"484\" title=\"\" srcset=\"https:\/\/www.kibotek.com\/wp-content\/uploads\/2023\/07\/kiboTEK_xiaomi_pad_6_010-1024x484.jpg 1024w, https:\/\/www.kibotek.com\/wp-content\/uploads\/2023\/07\/kiboTEK_xiaomi_pad_6_010-430x203.jpg 430w, https:\/\/www.kibotek.com\/wp-content\/uploads\/2023\/07\/kiboTEK_xiaomi_pad_6_010-150x71.jpg 150w, https:\/\/www.kibotek.com\/wp-content\/uploads\/2023\/07\/kiboTEK_xiaomi_pad_6_010-700x331.jpg 700w, https:\/\/www.kibotek.com\/wp-content\/uploads\/2023\/07\/kiboTEK_xiaomi_pad_6_010-300x142.jpg 300w, https:\/\/www.kibotek.com\/wp-content\/uploads\/2023\/07\/kiboTEK_xiaomi_pad_6_010-768x363.jpg 768w, https:\/\/www.kibotek.com\/wp-content\/uploads\/2023\/07\/kiboTEK_xiaomi_pad_6_010-1536x726.jpg 1536w, https:\/\/www.kibotek.com\/wp-content\/uploads\/2023\/07\/kiboTEK_xiaomi_pad_6_010-18x9.jpg 18w, https:\/\/www.kibotek.com\/wp-content\/uploads\/2023\/07\/kiboTEK_xiaomi_pad_6_010.jpg 1781w\" sizes=\"auto, (max-width: 1024px) 100vw, 1024px\" \/> <img loading=\"lazy\" decoding=\"async\" class=\"alignleft wp-image-48995 size-large\" src=\"https:\/\/www.kibotek.com\/wp-content\/uploads\/2023\/07\/kiboTEK_xiaomi_pad_6_011-1024x495.jpg\" alt=\"\" width=\"1024\" height=\"495\" title=\"\" srcset=\"https:\/\/www.kibotek.com\/wp-content\/uploads\/2023\/07\/kiboTEK_xiaomi_pad_6_011-1024x495.jpg 1024w, https:\/\/www.kibotek.com\/wp-content\/uploads\/2023\/07\/kiboTEK_xiaomi_pad_6_011-430x208.jpg 430w, https:\/\/www.kibotek.com\/wp-content\/uploads\/2023\/07\/kiboTEK_xiaomi_pad_6_011-150x73.jpg 150w, https:\/\/www.kibotek.com\/wp-content\/uploads\/2023\/07\/kiboTEK_xiaomi_pad_6_011-700x339.jpg 700w, https:\/\/www.kibotek.com\/wp-content\/uploads\/2023\/07\/kiboTEK_xiaomi_pad_6_011-300x145.jpg 300w, https:\/\/www.kibotek.com\/wp-content\/uploads\/2023\/07\/kiboTEK_xiaomi_pad_6_011-768x371.jpg 768w, https:\/\/www.kibotek.com\/wp-content\/uploads\/2023\/07\/kiboTEK_xiaomi_pad_6_011-1536x743.jpg 1536w, https:\/\/www.kibotek.com\/wp-content\/uploads\/2023\/07\/kiboTEK_xiaomi_pad_6_011-18x9.jpg 18w, https:\/\/www.kibotek.com\/wp-content\/uploads\/2023\/07\/kiboTEK_xiaomi_pad_6_011.jpg 1772w\" sizes=\"auto, (max-width: 1024px) 100vw, 1024px\" \/> <img loading=\"lazy\" decoding=\"async\" class=\"alignleft wp-image-48996 size-large\" src=\"https:\/\/www.kibotek.com\/wp-content\/uploads\/2023\/07\/kiboTEK_xiaomi_pad_6_012-1024x457.jpg\" alt=\"\" width=\"1024\" height=\"457\" title=\"\" srcset=\"https:\/\/www.kibotek.com\/wp-content\/uploads\/2023\/07\/kiboTEK_xiaomi_pad_6_012-1024x457.jpg 1024w, https:\/\/www.kibotek.com\/wp-content\/uploads\/2023\/07\/kiboTEK_xiaomi_pad_6_012-430x192.jpg 430w, https:\/\/www.kibotek.com\/wp-content\/uploads\/2023\/07\/kiboTEK_xiaomi_pad_6_012-150x67.jpg 150w, https:\/\/www.kibotek.com\/wp-content\/uploads\/2023\/07\/kiboTEK_xiaomi_pad_6_012-700x312.jpg 700w, https:\/\/www.kibotek.com\/wp-content\/uploads\/2023\/07\/kiboTEK_xiaomi_pad_6_012-300x134.jpg 300w, https:\/\/www.kibotek.com\/wp-content\/uploads\/2023\/07\/kiboTEK_xiaomi_pad_6_012-768x342.jpg 768w, https:\/\/www.kibotek.com\/wp-content\/uploads\/2023\/07\/kiboTEK_xiaomi_pad_6_012-1536x685.jpg 1536w, https:\/\/www.kibotek.com\/wp-content\/uploads\/2023\/07\/kiboTEK_xiaomi_pad_6_012-18x8.jpg 18w, https:\/\/www.kibotek.com\/wp-content\/uploads\/2023\/07\/kiboTEK_xiaomi_pad_6_012.jpg 1785w\" sizes=\"auto, (max-width: 1024px) 100vw, 1024px\" \/> <img loading=\"lazy\" decoding=\"async\" class=\"alignleft wp-image-48997 size-large\" src=\"https:\/\/www.kibotek.com\/wp-content\/uploads\/2023\/07\/kiboTEK_xiaomi_pad_6_013-1024x408.jpg\" alt=\"\" width=\"1024\" height=\"408\" title=\"\" srcset=\"https:\/\/www.kibotek.com\/wp-content\/uploads\/2023\/07\/kiboTEK_xiaomi_pad_6_013-1024x408.jpg 1024w, https:\/\/www.kibotek.com\/wp-content\/uploads\/2023\/07\/kiboTEK_xiaomi_pad_6_013-430x171.jpg 430w, https:\/\/www.kibotek.com\/wp-content\/uploads\/2023\/07\/kiboTEK_xiaomi_pad_6_013-150x60.jpg 150w, https:\/\/www.kibotek.com\/wp-content\/uploads\/2023\/07\/kiboTEK_xiaomi_pad_6_013-700x279.jpg 700w, https:\/\/www.kibotek.com\/wp-content\/uploads\/2023\/07\/kiboTEK_xiaomi_pad_6_013-300x120.jpg 300w, https:\/\/www.kibotek.com\/wp-content\/uploads\/2023\/07\/kiboTEK_xiaomi_pad_6_013-768x306.jpg 768w, https:\/\/www.kibotek.com\/wp-content\/uploads\/2023\/07\/kiboTEK_xiaomi_pad_6_013-1536x612.jpg 1536w, https:\/\/www.kibotek.com\/wp-content\/uploads\/2023\/07\/kiboTEK_xiaomi_pad_6_013-18x7.jpg 18w, https:\/\/www.kibotek.com\/wp-content\/uploads\/2023\/07\/kiboTEK_xiaomi_pad_6_013.jpg 1805w\" sizes=\"auto, (max-width: 1024px) 100vw, 1024px\" \/> <img loading=\"lazy\" decoding=\"async\" class=\"alignleft wp-image-48998 size-large\" src=\"https:\/\/www.kibotek.com\/wp-content\/uploads\/2023\/07\/kiboTEK_xiaomi_pad_6_014-1024x381.jpg\" alt=\"\" width=\"1024\" height=\"381\" title=\"\" srcset=\"https:\/\/www.kibotek.com\/wp-content\/uploads\/2023\/07\/kiboTEK_xiaomi_pad_6_014-1024x381.jpg 1024w, https:\/\/www.kibotek.com\/wp-content\/uploads\/2023\/07\/kiboTEK_xiaomi_pad_6_014-430x160.jpg 430w, https:\/\/www.kibotek.com\/wp-content\/uploads\/2023\/07\/kiboTEK_xiaomi_pad_6_014-150x56.jpg 150w, https:\/\/www.kibotek.com\/wp-content\/uploads\/2023\/07\/kiboTEK_xiaomi_pad_6_014-700x260.jpg 700w, https:\/\/www.kibotek.com\/wp-content\/uploads\/2023\/07\/kiboTEK_xiaomi_pad_6_014-300x112.jpg 300w, https:\/\/www.kibotek.com\/wp-content\/uploads\/2023\/07\/kiboTEK_xiaomi_pad_6_014-768x286.jpg 768w, https:\/\/www.kibotek.com\/wp-content\/uploads\/2023\/07\/kiboTEK_xiaomi_pad_6_014-1536x571.jpg 1536w, https:\/\/www.kibotek.com\/wp-content\/uploads\/2023\/07\/kiboTEK_xiaomi_pad_6_014-18x7.jpg 18w, https:\/\/www.kibotek.com\/wp-content\/uploads\/2023\/07\/kiboTEK_xiaomi_pad_6_014.jpg 1805w\" sizes=\"auto, (max-width: 1024px) 100vw, 1024px\" \/> <img loading=\"lazy\" decoding=\"async\" class=\"alignleft wp-image-48999 size-large\" src=\"https:\/\/www.kibotek.com\/wp-content\/uploads\/2023\/07\/kiboTEK_xiaomi_pad_6_015-1024x475.jpg\" alt=\"\" width=\"1024\" height=\"475\" title=\"\" srcset=\"https:\/\/www.kibotek.com\/wp-content\/uploads\/2023\/07\/kiboTEK_xiaomi_pad_6_015-1024x475.jpg 1024w, https:\/\/www.kibotek.com\/wp-content\/uploads\/2023\/07\/kiboTEK_xiaomi_pad_6_015-430x199.jpg 430w, https:\/\/www.kibotek.com\/wp-content\/uploads\/2023\/07\/kiboTEK_xiaomi_pad_6_015-150x70.jpg 150w, https:\/\/www.kibotek.com\/wp-content\/uploads\/2023\/07\/kiboTEK_xiaomi_pad_6_015-700x324.jpg 700w, https:\/\/www.kibotek.com\/wp-content\/uploads\/2023\/07\/kiboTEK_xiaomi_pad_6_015-300x139.jpg 300w, https:\/\/www.kibotek.com\/wp-content\/uploads\/2023\/07\/kiboTEK_xiaomi_pad_6_015-768x356.jpg 768w, https:\/\/www.kibotek.com\/wp-content\/uploads\/2023\/07\/kiboTEK_xiaomi_pad_6_015-1536x712.jpg 1536w, https:\/\/www.kibotek.com\/wp-content\/uploads\/2023\/07\/kiboTEK_xiaomi_pad_6_015-18x8.jpg 18w, https:\/\/www.kibotek.com\/wp-content\/uploads\/2023\/07\/kiboTEK_xiaomi_pad_6_015.jpg 1713w\" sizes=\"auto, (max-width: 1024px) 100vw, 1024px\" \/> <img loading=\"lazy\" decoding=\"async\" class=\"alignleft wp-image-48989 size-large\" src=\"https:\/\/www.kibotek.com\/wp-content\/uploads\/2023\/07\/kiboTEK_xiaomi_pad_6_005-1024x361.jpg\" alt=\"\" width=\"1024\" height=\"361\" title=\"\" srcset=\"https:\/\/www.kibotek.com\/wp-content\/uploads\/2023\/07\/kiboTEK_xiaomi_pad_6_005-1024x361.jpg 1024w, https:\/\/www.kibotek.com\/wp-content\/uploads\/2023\/07\/kiboTEK_xiaomi_pad_6_005-430x152.jpg 430w, https:\/\/www.kibotek.com\/wp-content\/uploads\/2023\/07\/kiboTEK_xiaomi_pad_6_005-150x53.jpg 150w, https:\/\/www.kibotek.com\/wp-content\/uploads\/2023\/07\/kiboTEK_xiaomi_pad_6_005-700x247.jpg 700w, https:\/\/www.kibotek.com\/wp-content\/uploads\/2023\/07\/kiboTEK_xiaomi_pad_6_005-300x106.jpg 300w, https:\/\/www.kibotek.com\/wp-content\/uploads\/2023\/07\/kiboTEK_xiaomi_pad_6_005-768x271.jpg 768w, https:\/\/www.kibotek.com\/wp-content\/uploads\/2023\/07\/kiboTEK_xiaomi_pad_6_005-1536x542.jpg 1536w, https:\/\/www.kibotek.com\/wp-content\/uploads\/2023\/07\/kiboTEK_xiaomi_pad_6_005-18x6.jpg 18w, https:\/\/www.kibotek.com\/wp-content\/uploads\/2023\/07\/kiboTEK_xiaomi_pad_6_005.jpg 1778w\" sizes=\"auto, (max-width: 1024px) 100vw, 1024px\" \/><\/p>","protected":false},"excerpt":{"rendered":"<div class=\"woocommerce-product-details__short-description\">\n<p><strong><em>COMPRE AGORA E RECEBA EM 24H NA PEN\u00cdNSULA \ud83d\ude80<\/em><\/strong><\/p>\n<p><strong><em>COMPRE AGORA E RECEBA EM 72H NA EUROPA \ud83d\ude80<\/em><\/strong><\/p>\n<p><strong><em>GARANTIA OFICIAL DE 3 ANOS \u2699\ufe0f<\/em><\/strong><\/p>\n<\/div>","protected":false},"featured_media":48987,"comment_status":"open","ping_status":"closed","template":"","meta":{"iawp_total_views":170},"product_brand":[8155],"product_cat":[79,78,332,7076,7912],"product_tag":[7698],"class_list":{"0":"post-48978","1":"product","2":"type-product","3":"status-publish","4":"has-post-thumbnail","6":"product_brand-comprar-lo-mejor-de-xiaomi","7":"product_cat-comprar-los-mejores-moviles","8":"product_cat-comprar-los-mejores-moviles-de-gama-flagship","9":"product_cat-comprar-los-mejores-moviles-mas-famosos","10":"product_cat-informatica","11":"product_cat-tablets-xiaomi","12":"product_tag-all","13":"pa_otros-wlan-8x8-mimo","14":"pa_procesador-qualcomm-snapdragon-870","15":"pa_sistema-operativo-sistema-operativo-miui-14-for-pad-basado-en-android-13-os","17":"first","18":"outofstock","19":"taxable","20":"shipping-taxable","21":"purchasable","22":"product-type-variable","23":"has-default-attributes"},"supplier_id":null,"supplier_sku":"","barcode":null,"atum_controlled":true,"out_stock_date":null,"out_stock_threshold":null,"inheritable":true,"inbound_stock":null,"stock_on_hold":0,"sold_today":0,"sales_last_days":0,"reserved_stock":null,"customer_returns":null,"warehouse_damage":null,"lost_in_post":null,"other_logs":null,"out_stock_days":0,"lost_sales":0,"has_location":true,"update_date":"2026-05-08T21:10:40","atum_locations":[{"id":41,"name":"Bilbao","slug":"bilbao"}],"atum_stock_status":"outofstock","restock_status":false,"low_stock_amount":"","sales_update_date":"2026-04-29T00:01:00","calc_backorders":null,"_links":{"self":[{"href":"https:\/\/www.kibotek.com\/pt\/wp-json\/wp\/v2\/product\/48978","targetHints":{"allow":["GET"]}}],"collection":[{"href":"https:\/\/www.kibotek.com\/pt\/wp-json\/wp\/v2\/product"}],"about":[{"href":"https:\/\/www.kibotek.com\/pt\/wp-json\/wp\/v2\/types\/product"}],"replies":[{"embeddable":true,"href":"https:\/\/www.kibotek.com\/pt\/wp-json\/wp\/v2\/comments?post=48978"}],"version-history":[{"count":0,"href":"https:\/\/www.kibotek.com\/pt\/wp-json\/wp\/v2\/product\/48978\/revisions"}],"wp:featuredmedia":[{"embeddable":true,"href":"https:\/\/www.kibotek.com\/pt\/wp-json\/wp\/v2\/media\/48987"}],"wp:attachment":[{"href":"https:\/\/www.kibotek.com\/pt\/wp-json\/wp\/v2\/media?parent=48978"}],"wp:term":[{"taxonomy":"product_brand","embeddable":true,"href":"https:\/\/www.kibotek.com\/pt\/wp-json\/wp\/v2\/product_brand?post=48978"},{"taxonomy":"product_cat","embeddable":true,"href":"https:\/\/www.kibotek.com\/pt\/wp-json\/wp\/v2\/product_cat?post=48978"},{"taxonomy":"product_tag","embeddable":true,"href":"https:\/\/www.kibotek.com\/pt\/wp-json\/wp\/v2\/product_tag?post=48978"}],"curies":[{"name":"wp","href":"https:\/\/api.w.org\/{rel}","templated":true}]}}