{"id":46082,"date":"2022-12-15T11:14:10","date_gmt":"2022-12-15T10:14:10","guid":{"rendered":"https:\/\/www.kibotek.com\/?post_type=product&#038;p=46082"},"modified":"2026-05-06T23:13:34","modified_gmt":"2026-05-06T21:13:34","slug":"smart-laser-meter-xiaomi-smart-laser-measure","status":"publish","type":"product","link":"https:\/\/www.kibotek.com\/pt\/kibostore\/medidor-laser-inteligente-xiaomi-smart-laser-measure\/","title":{"rendered":"Medi\u00e7\u00e3o Laser Inteligente Xiaomi \u2013 Medi\u00e7\u00e3o Laser Inteligente"},"content":{"rendered":"<p>Compre Xiaomi Smart Laser Measure - Smart Laser Measure com envio em 24 horas da Espanha Europa e garantia oficial.<\/p>\n<ul>\n<li>Modelo <span class=\"xm-text f-light\" data-key=\"spec_5\" data-type=\"text\" data-id=\"b24b82afce\">MJJGCJYD001QW<\/span><\/li>\n<li>faixa de medi\u00e7\u00e3o <span class=\"xm-text f-light\" data-key=\"spec_7\" data-type=\"text\" data-id=\"1ac0ad5f72\">0,05\u00d7-40m<\/span><\/li>\n<li>Precis\u00e3o da medi\u00e7\u00e3o <span class=\"xm-text f-light\" data-key=\"spec_9\" data-type=\"text\" data-id=\"b75bd34168\">\u00b1(3mm + 5 x 10 \u2013 5D*)<\/span><\/li>\n<li>Unidade de exibi\u00e7\u00e3o m\u00ednima de <span class=\"xm-text f-light\" data-key=\"spec_11\" data-type=\"text\" data-id=\"014d625e72\">0,001m<\/span><\/li>\n<li><span class=\"xm-text f-light\" data-key=\"spec_15\" data-type=\"text\" data-id=\"2de50be8ce\">O comprimento de onda \u00e9 630-680 nm<\/span><\/li>\n<li><span class=\"xm-text f-light\" data-key=\"spec_17\" data-type=\"text\" data-id=\"e456ad90c3\">Bateria dev 3,7 V\u2393370 mAh<\/span><\/li>\n<li><span class=\"xm-text f-light\" data-key=\"spec_19\" data-type=\"text\" data-id=\"32a5b84b5a\">Tela LCD de 1,23 polegadas<\/span><\/li>\n<li>dist\u00e2ncia bluetooth de <span class=\"xm-text f-light\" data-key=\"spec_21\" data-type=\"text\" data-id=\"aa9605735f\">Aproximadamente 8 m (sem obst\u00e1culos)<\/span><\/li>\n<li>padr\u00f5es <span class=\"xm-text f-light\" data-key=\"spec_23\" data-type=\"text\" data-id=\"3bc55ee033\">GB 4793.1-2007, GB 7247.1-2012<\/span><\/li>\n<li>Dimens\u00f5es <span class=\"xm-text f-light\" data-key=\"spec_25\" data-type=\"text\" data-id=\"95adc15cf7\">80x35x21mm<\/span><\/li>\n<li>60g de peso<\/li>\n<li>O tempo de carga <span class=\"xm-text f-light\" data-key=\"spec_33\" data-type=\"text\" data-id=\"639c4acb8a\">cerca de 100 minutos<\/span><\/li>\n<li>Desligamento autom\u00e1tico ligado <span class=\"xm-text f-light\" data-key=\"spec_35\" data-type=\"text\" data-id=\"a7035bd8e2\">180s<\/span><\/li>\n<\/ul>\n<p>&nbsp;<\/p>\n<ul>\n<li><b>Conte\u00fado da caixa:<\/b><\/li>\n<li><b><\/b>1x Xiaomi Xiaomi Smart Laser Measure - Medi\u00e7\u00e3o Laser Inteligente<\/li>\n<li>1x manual de instru\u00e7\u00f5es<\/li>\n<li>1x cabo de alimenta\u00e7\u00e3o<\/li>\n<\/ul>\n<p><img loading=\"lazy\" decoding=\"async\" class=\"alignleft wp-image-46091 size-large\" src=\"https:\/\/www.kibotek.com\/wp-content\/uploads\/2022\/12\/kiboTEK_xiaomi_smart_laser_007-1024x465.jpg\" alt=\"\" width=\"1024\" height=\"465\" title=\"\" srcset=\"https:\/\/www.kibotek.com\/wp-content\/uploads\/2022\/12\/kiboTEK_xiaomi_smart_laser_007-1024x465.jpg 1024w, https:\/\/www.kibotek.com\/wp-content\/uploads\/2022\/12\/kiboTEK_xiaomi_smart_laser_007-430x195.jpg 430w, https:\/\/www.kibotek.com\/wp-content\/uploads\/2022\/12\/kiboTEK_xiaomi_smart_laser_007-150x68.jpg 150w, https:\/\/www.kibotek.com\/wp-content\/uploads\/2022\/12\/kiboTEK_xiaomi_smart_laser_007-700x318.jpg 700w, https:\/\/www.kibotek.com\/wp-content\/uploads\/2022\/12\/kiboTEK_xiaomi_smart_laser_007-300x136.jpg 300w, https:\/\/www.kibotek.com\/wp-content\/uploads\/2022\/12\/kiboTEK_xiaomi_smart_laser_007-768x349.jpg 768w, https:\/\/www.kibotek.com\/wp-content\/uploads\/2022\/12\/kiboTEK_xiaomi_smart_laser_007-18x8.jpg 18w, https:\/\/www.kibotek.com\/wp-content\/uploads\/2022\/12\/kiboTEK_xiaomi_smart_laser_007.jpg 1150w\" sizes=\"auto, (max-width: 1024px) 100vw, 1024px\" \/> <img loading=\"lazy\" decoding=\"async\" class=\"alignleft wp-image-46090 size-large\" src=\"https:\/\/www.kibotek.com\/wp-content\/uploads\/2022\/12\/kiboTEK_xiaomi_smart_laser_006-1024x464.jpg\" alt=\"\" width=\"1024\" height=\"464\" title=\"\" srcset=\"https:\/\/www.kibotek.com\/wp-content\/uploads\/2022\/12\/kiboTEK_xiaomi_smart_laser_006-1024x464.jpg 1024w, https:\/\/www.kibotek.com\/wp-content\/uploads\/2022\/12\/kiboTEK_xiaomi_smart_laser_006-430x195.jpg 430w, https:\/\/www.kibotek.com\/wp-content\/uploads\/2022\/12\/kiboTEK_xiaomi_smart_laser_006-150x68.jpg 150w, https:\/\/www.kibotek.com\/wp-content\/uploads\/2022\/12\/kiboTEK_xiaomi_smart_laser_006-700x317.jpg 700w, https:\/\/www.kibotek.com\/wp-content\/uploads\/2022\/12\/kiboTEK_xiaomi_smart_laser_006-300x136.jpg 300w, https:\/\/www.kibotek.com\/wp-content\/uploads\/2022\/12\/kiboTEK_xiaomi_smart_laser_006-768x348.jpg 768w, https:\/\/www.kibotek.com\/wp-content\/uploads\/2022\/12\/kiboTEK_xiaomi_smart_laser_006-18x8.jpg 18w, https:\/\/www.kibotek.com\/wp-content\/uploads\/2022\/12\/kiboTEK_xiaomi_smart_laser_006.jpg 1151w\" sizes=\"auto, (max-width: 1024px) 100vw, 1024px\" \/> <img loading=\"lazy\" decoding=\"async\" class=\"alignleft wp-image-46089 size-large\" src=\"https:\/\/www.kibotek.com\/wp-content\/uploads\/2022\/12\/kiboTEK_xiaomi_smart_laser_005-1024x476.jpg\" alt=\"\" width=\"1024\" height=\"476\" title=\"\" srcset=\"https:\/\/www.kibotek.com\/wp-content\/uploads\/2022\/12\/kiboTEK_xiaomi_smart_laser_005-1024x476.jpg 1024w, https:\/\/www.kibotek.com\/wp-content\/uploads\/2022\/12\/kiboTEK_xiaomi_smart_laser_005-430x200.jpg 430w, https:\/\/www.kibotek.com\/wp-content\/uploads\/2022\/12\/kiboTEK_xiaomi_smart_laser_005-150x70.jpg 150w, https:\/\/www.kibotek.com\/wp-content\/uploads\/2022\/12\/kiboTEK_xiaomi_smart_laser_005-700x325.jpg 700w, https:\/\/www.kibotek.com\/wp-content\/uploads\/2022\/12\/kiboTEK_xiaomi_smart_laser_005-300x139.jpg 300w, https:\/\/www.kibotek.com\/wp-content\/uploads\/2022\/12\/kiboTEK_xiaomi_smart_laser_005-768x357.jpg 768w, https:\/\/www.kibotek.com\/wp-content\/uploads\/2022\/12\/kiboTEK_xiaomi_smart_laser_005-18x8.jpg 18w, https:\/\/www.kibotek.com\/wp-content\/uploads\/2022\/12\/kiboTEK_xiaomi_smart_laser_005.jpg 1137w\" sizes=\"auto, (max-width: 1024px) 100vw, 1024px\" \/> <img loading=\"lazy\" decoding=\"async\" class=\"alignleft wp-image-46088 size-large\" src=\"https:\/\/www.kibotek.com\/wp-content\/uploads\/2022\/12\/kiboTEK_xiaomi_smart_laser_004-1024x463.jpg\" alt=\"\" width=\"1024\" height=\"463\" title=\"\" srcset=\"https:\/\/www.kibotek.com\/wp-content\/uploads\/2022\/12\/kiboTEK_xiaomi_smart_laser_004-1024x463.jpg 1024w, https:\/\/www.kibotek.com\/wp-content\/uploads\/2022\/12\/kiboTEK_xiaomi_smart_laser_004-430x194.jpg 430w, https:\/\/www.kibotek.com\/wp-content\/uploads\/2022\/12\/kiboTEK_xiaomi_smart_laser_004-150x68.jpg 150w, https:\/\/www.kibotek.com\/wp-content\/uploads\/2022\/12\/kiboTEK_xiaomi_smart_laser_004-700x317.jpg 700w, https:\/\/www.kibotek.com\/wp-content\/uploads\/2022\/12\/kiboTEK_xiaomi_smart_laser_004-300x136.jpg 300w, https:\/\/www.kibotek.com\/wp-content\/uploads\/2022\/12\/kiboTEK_xiaomi_smart_laser_004-768x347.jpg 768w, https:\/\/www.kibotek.com\/wp-content\/uploads\/2022\/12\/kiboTEK_xiaomi_smart_laser_004-18x8.jpg 18w, https:\/\/www.kibotek.com\/wp-content\/uploads\/2022\/12\/kiboTEK_xiaomi_smart_laser_004.jpg 1152w\" sizes=\"auto, (max-width: 1024px) 100vw, 1024px\" \/> <img loading=\"lazy\" decoding=\"async\" class=\"alignleft wp-image-46087 size-large\" src=\"https:\/\/www.kibotek.com\/wp-content\/uploads\/2022\/12\/kiboTEK_xiaomi_smart_laser_003-1024x455.jpg\" alt=\"\" width=\"1024\" height=\"455\" title=\"\" srcset=\"https:\/\/www.kibotek.com\/wp-content\/uploads\/2022\/12\/kiboTEK_xiaomi_smart_laser_003-1024x455.jpg 1024w, https:\/\/www.kibotek.com\/wp-content\/uploads\/2022\/12\/kiboTEK_xiaomi_smart_laser_003-430x191.jpg 430w, https:\/\/www.kibotek.com\/wp-content\/uploads\/2022\/12\/kiboTEK_xiaomi_smart_laser_003-150x67.jpg 150w, https:\/\/www.kibotek.com\/wp-content\/uploads\/2022\/12\/kiboTEK_xiaomi_smart_laser_003-700x311.jpg 700w, https:\/\/www.kibotek.com\/wp-content\/uploads\/2022\/12\/kiboTEK_xiaomi_smart_laser_003-300x133.jpg 300w, https:\/\/www.kibotek.com\/wp-content\/uploads\/2022\/12\/kiboTEK_xiaomi_smart_laser_003-768x341.jpg 768w, https:\/\/www.kibotek.com\/wp-content\/uploads\/2022\/12\/kiboTEK_xiaomi_smart_laser_003-18x8.jpg 18w, https:\/\/www.kibotek.com\/wp-content\/uploads\/2022\/12\/kiboTEK_xiaomi_smart_laser_003.jpg 1162w\" sizes=\"auto, (max-width: 1024px) 100vw, 1024px\" \/> <img loading=\"lazy\" decoding=\"async\" class=\"alignleft wp-image-46086 size-large\" src=\"https:\/\/www.kibotek.com\/wp-content\/uploads\/2022\/12\/kiboTEK_xiaomi_smart_laser_002-1024x552.jpg\" alt=\"\" width=\"1024\" height=\"552\" title=\"\" srcset=\"https:\/\/www.kibotek.com\/wp-content\/uploads\/2022\/12\/kiboTEK_xiaomi_smart_laser_002-1024x552.jpg 1024w, https:\/\/www.kibotek.com\/wp-content\/uploads\/2022\/12\/kiboTEK_xiaomi_smart_laser_002-430x232.jpg 430w, https:\/\/www.kibotek.com\/wp-content\/uploads\/2022\/12\/kiboTEK_xiaomi_smart_laser_002-150x81.jpg 150w, https:\/\/www.kibotek.com\/wp-content\/uploads\/2022\/12\/kiboTEK_xiaomi_smart_laser_002-700x378.jpg 700w, https:\/\/www.kibotek.com\/wp-content\/uploads\/2022\/12\/kiboTEK_xiaomi_smart_laser_002-300x162.jpg 300w, https:\/\/www.kibotek.com\/wp-content\/uploads\/2022\/12\/kiboTEK_xiaomi_smart_laser_002-768x414.jpg 768w, https:\/\/www.kibotek.com\/wp-content\/uploads\/2022\/12\/kiboTEK_xiaomi_smart_laser_002-18x10.jpg 18w, https:\/\/www.kibotek.com\/wp-content\/uploads\/2022\/12\/kiboTEK_xiaomi_smart_laser_002.jpg 1055w\" sizes=\"auto, (max-width: 1024px) 100vw, 1024px\" \/> \u00a0<img loading=\"lazy\" decoding=\"async\" class=\"alignleft wp-image-46084 size-large\" src=\"https:\/\/www.kibotek.com\/wp-content\/uploads\/2022\/12\/kiboTEK_xiaomi_smart_laser_001-1024x550.jpg\" alt=\"\" width=\"1024\" height=\"550\" title=\"\" srcset=\"https:\/\/www.kibotek.com\/wp-content\/uploads\/2022\/12\/kiboTEK_xiaomi_smart_laser_001-1024x550.jpg 1024w, https:\/\/www.kibotek.com\/wp-content\/uploads\/2022\/12\/kiboTEK_xiaomi_smart_laser_001-430x231.jpg 430w, https:\/\/www.kibotek.com\/wp-content\/uploads\/2022\/12\/kiboTEK_xiaomi_smart_laser_001-150x81.jpg 150w, https:\/\/www.kibotek.com\/wp-content\/uploads\/2022\/12\/kiboTEK_xiaomi_smart_laser_001-700x376.jpg 700w, https:\/\/www.kibotek.com\/wp-content\/uploads\/2022\/12\/kiboTEK_xiaomi_smart_laser_001-300x161.jpg 300w, https:\/\/www.kibotek.com\/wp-content\/uploads\/2022\/12\/kiboTEK_xiaomi_smart_laser_001-768x413.jpg 768w, https:\/\/www.kibotek.com\/wp-content\/uploads\/2022\/12\/kiboTEK_xiaomi_smart_laser_001-18x10.jpg 18w, https:\/\/www.kibotek.com\/wp-content\/uploads\/2022\/12\/kiboTEK_xiaomi_smart_laser_001.jpg 1057w\" sizes=\"auto, (max-width: 1024px) 100vw, 1024px\" \/> <img loading=\"lazy\" decoding=\"async\" class=\"alignleft wp-image-46093 size-large\" src=\"https:\/\/www.kibotek.com\/wp-content\/uploads\/2022\/12\/kiboTEK_xiaomi_smart_laser_009-1024x505.jpg\" alt=\"\" width=\"1024\" height=\"505\" title=\"\" srcset=\"https:\/\/www.kibotek.com\/wp-content\/uploads\/2022\/12\/kiboTEK_xiaomi_smart_laser_009-1024x505.jpg 1024w, https:\/\/www.kibotek.com\/wp-content\/uploads\/2022\/12\/kiboTEK_xiaomi_smart_laser_009-430x212.jpg 430w, https:\/\/www.kibotek.com\/wp-content\/uploads\/2022\/12\/kiboTEK_xiaomi_smart_laser_009-150x74.jpg 150w, https:\/\/www.kibotek.com\/wp-content\/uploads\/2022\/12\/kiboTEK_xiaomi_smart_laser_009-700x345.jpg 700w, https:\/\/www.kibotek.com\/wp-content\/uploads\/2022\/12\/kiboTEK_xiaomi_smart_laser_009-300x148.jpg 300w, https:\/\/www.kibotek.com\/wp-content\/uploads\/2022\/12\/kiboTEK_xiaomi_smart_laser_009-768x379.jpg 768w, https:\/\/www.kibotek.com\/wp-content\/uploads\/2022\/12\/kiboTEK_xiaomi_smart_laser_009-18x9.jpg 18w, https:\/\/www.kibotek.com\/wp-content\/uploads\/2022\/12\/kiboTEK_xiaomi_smart_laser_009.jpg 1103w\" sizes=\"auto, (max-width: 1024px) 100vw, 1024px\" \/><\/p>\n<p>&nbsp;<\/p>\n<p>Se voc\u00ea quiser ter o controle do que acontece do outro lado da sua porta o tempo todo, voc\u00ea pode <strong>Compre ao melhor pre\u00e7o e com envio em 24 horas o novo Xiaomi Smart Laser Measure \u2013 Smart Laser Measure na kiboTEK.<\/strong><\/p>\n<p>Na kiboTEK voc\u00ea pode comprar Xiaomi Smart Laser Measure - Smart Laser Measure com a garantia e seguran\u00e7a da melhor loja Xiaomi da Espanha Europa.<\/p>\n<p>&nbsp;<\/p>","protected":false},"excerpt":{"rendered":"<p><strong><em>COMPRE AGORA E RECEBA EM 24H NA ESPANHA\ud83d\ude80<\/em><\/strong><\/p>\n<p><strong><em>COMPRE AGORA E RECEBA EM 72H NA EUROPA \ud83d\ude80<\/em><\/strong><\/p>\n<p><strong><em>GARANTIA OFICIAL DE 3 ANOS \u2699\ufe0f<\/em><\/strong><\/p>\n<p>&nbsp;<\/p>\n<p>&nbsp;<\/p>","protected":false},"featured_media":46092,"comment_status":"open","ping_status":"closed","template":"","meta":{"iawp_total_views":77},"product_brand":[8155],"product_cat":[5515,5521],"product_tag":[1798,7698],"class_list":{"0":"post-46082","1":"product","2":"type-product","3":"status-publish","4":"has-post-thumbnail","6":"product_brand-comprar-lo-mejor-de-xiaomi","7":"product_cat-smartwatch-pulseras-tv-auriculares-smarthome-salud-relojes-para-ninos","8":"product_cat-comprar-smarthome-scooters-camaras","9":"product_tag-acc_top","10":"product_tag-all","12":"first","13":"instock","14":"sale","15":"taxable","16":"shipping-taxable","17":"purchasable","18":"product-type-simple"},"supplier_id":null,"supplier_sku":"","barcode":null,"atum_controlled":true,"out_stock_date":null,"out_stock_threshold":null,"inheritable":false,"inbound_stock":null,"stock_on_hold":0,"sold_today":0,"sales_last_days":0,"reserved_stock":null,"customer_returns":null,"warehouse_damage":null,"lost_in_post":null,"other_logs":null,"out_stock_days":0,"lost_sales":0,"has_location":true,"update_date":"2026-05-06T21:13:35","atum_locations":[{"id":41,"name":"Bilbao","slug":"bilbao"}],"atum_stock_status":"instock","restock_status":false,"low_stock_amount":"","sales_update_date":"2026-04-29T00:01:02","calc_backorders":null,"_links":{"self":[{"href":"https:\/\/www.kibotek.com\/pt\/wp-json\/wp\/v2\/product\/46082","targetHints":{"allow":["GET"]}}],"collection":[{"href":"https:\/\/www.kibotek.com\/pt\/wp-json\/wp\/v2\/product"}],"about":[{"href":"https:\/\/www.kibotek.com\/pt\/wp-json\/wp\/v2\/types\/product"}],"replies":[{"embeddable":true,"href":"https:\/\/www.kibotek.com\/pt\/wp-json\/wp\/v2\/comments?post=46082"}],"version-history":[{"count":0,"href":"https:\/\/www.kibotek.com\/pt\/wp-json\/wp\/v2\/product\/46082\/revisions"}],"wp:featuredmedia":[{"embeddable":true,"href":"https:\/\/www.kibotek.com\/pt\/wp-json\/wp\/v2\/media\/46092"}],"wp:attachment":[{"href":"https:\/\/www.kibotek.com\/pt\/wp-json\/wp\/v2\/media?parent=46082"}],"wp:term":[{"taxonomy":"product_brand","embeddable":true,"href":"https:\/\/www.kibotek.com\/pt\/wp-json\/wp\/v2\/product_brand?post=46082"},{"taxonomy":"product_cat","embeddable":true,"href":"https:\/\/www.kibotek.com\/pt\/wp-json\/wp\/v2\/product_cat?post=46082"},{"taxonomy":"product_tag","embeddable":true,"href":"https:\/\/www.kibotek.com\/pt\/wp-json\/wp\/v2\/product_tag?post=46082"}],"curies":[{"name":"wp","href":"https:\/\/api.w.org\/{rel}","templated":true}]}}