{"id":45852,"date":"2022-12-02T10:58:06","date_gmt":"2022-12-02T09:58:06","guid":{"rendered":"https:\/\/www.kibotek.com\/?post_type=product&#038;p=45852"},"modified":"2026-05-06T23:13:36","modified_gmt":"2026-05-06T21:13:36","slug":"xiaomi-smart-camera-c300-2k","status":"publish","type":"product","link":"https:\/\/www.kibotek.com\/pt\/kibostore\/xiaomi-smart-camera-c300-2k\/","title":{"rendered":"C\u00e2mera Inteligente Xiaomi C300 2K"},"content":{"rendered":"<p>Compre a Xiaomi Smart Camera C300 2K com envio de Espanha para toda a Europa em 24\/72h e garantia de dois anos.<\/p>\n<ul>\n<li>Resolu\u00e7\u00e3o de v\u00eddeo: 2K<\/li>\n<li>\u00c2ngulo de vis\u00e3o de 360 graus<\/li>\n<li>vis\u00e3o noturna infravermelha<\/li>\n<li>Conex\u00e3o Wi-Fi 2.4GhZ<\/li>\n<li>Suporta cart\u00e3o SD at\u00e9 256GB<\/li>\n<li>Compat\u00edvel com Google Assistant e Alexa<\/li>\n<li>detector de choro de beb\u00ea<\/li>\n<li>alto-falantes e microfone<\/li>\n<li>Dimens\u00f5es: 11,5 x 7,8 x 7,8 cm<\/li>\n<li>Compat\u00edvel com Android 4.4 ou superior e IOS 9.0 ou superior<\/li>\n<\/ul>\n<p><strong>Conte\u00fado da caixa<\/strong><\/p>\n<ul>\n<li>1 x Xiaomi Mi 360\u00ba Smart Camera C300 2K<\/li>\n<li>1 x cabo de carregamento USB<\/li>\n<li>1 x carregador<\/li>\n<li>1 x kit de instala\u00e7\u00e3o<\/li>\n<li>1 x manual do usu\u00e1rio<\/li>\n<\/ul>\n<p><img loading=\"lazy\" decoding=\"async\" class=\"alignleft wp-image-45854 size-large\" src=\"https:\/\/www.kibotek.com\/wp-content\/uploads\/2022\/12\/kiboTEK_xiaomi_camera_c300_002-1024x467.jpg\" alt=\"\" width=\"1024\" height=\"467\" title=\"\" srcset=\"https:\/\/www.kibotek.com\/wp-content\/uploads\/2022\/12\/kiboTEK_xiaomi_camera_c300_002-1024x467.jpg 1024w, https:\/\/www.kibotek.com\/wp-content\/uploads\/2022\/12\/kiboTEK_xiaomi_camera_c300_002-430x196.jpg 430w, https:\/\/www.kibotek.com\/wp-content\/uploads\/2022\/12\/kiboTEK_xiaomi_camera_c300_002-150x68.jpg 150w, https:\/\/www.kibotek.com\/wp-content\/uploads\/2022\/12\/kiboTEK_xiaomi_camera_c300_002-700x319.jpg 700w, https:\/\/www.kibotek.com\/wp-content\/uploads\/2022\/12\/kiboTEK_xiaomi_camera_c300_002-300x137.jpg 300w, https:\/\/www.kibotek.com\/wp-content\/uploads\/2022\/12\/kiboTEK_xiaomi_camera_c300_002-768x350.jpg 768w, https:\/\/www.kibotek.com\/wp-content\/uploads\/2022\/12\/kiboTEK_xiaomi_camera_c300_002-18x8.jpg 18w, https:\/\/www.kibotek.com\/wp-content\/uploads\/2022\/12\/kiboTEK_xiaomi_camera_c300_002.jpg 1147w\" sizes=\"auto, (max-width: 1024px) 100vw, 1024px\" \/><\/p>\n<h3>Xiaomi Security Camera 2K C300 para controlar sua casa e seus entes queridos.<\/h3>\n<p>Desta vez, a empresa chinesa Xiaomi nos surpreende novamente com uma evolu\u00e7\u00e3o de sua c\u00e2mera de seguran\u00e7a dom\u00e9stica mais vendida nos \u00faltimos anos, este Xiaomi mi 360 graus 2K pode mudar sua vida. Se precisa de seguran\u00e7a para a sua casa, se preocupa com a seguran\u00e7a dos seus familiares, dos idosos ou dos seus beb\u00e9s, pode controlar tudo com esta nova c\u00e2mara. Adapta-se perfeitamente a todas as situa\u00e7\u00f5es com as suas v\u00e1rias tecnologias e tem uma capacidade de vis\u00e3o 360\u00b0 para que n\u00e3o perca nada.<\/p>\n<p><img loading=\"lazy\" decoding=\"async\" class=\"alignleft wp-image-45862 size-large\" src=\"https:\/\/www.kibotek.com\/wp-content\/uploads\/2022\/12\/kiboTEK_xiaomi_camera_c300_010-1024x401.jpg\" alt=\"\" width=\"1024\" height=\"401\" title=\"\" srcset=\"https:\/\/www.kibotek.com\/wp-content\/uploads\/2022\/12\/kiboTEK_xiaomi_camera_c300_010-1024x401.jpg 1024w, https:\/\/www.kibotek.com\/wp-content\/uploads\/2022\/12\/kiboTEK_xiaomi_camera_c300_010-430x168.jpg 430w, https:\/\/www.kibotek.com\/wp-content\/uploads\/2022\/12\/kiboTEK_xiaomi_camera_c300_010-150x59.jpg 150w, https:\/\/www.kibotek.com\/wp-content\/uploads\/2022\/12\/kiboTEK_xiaomi_camera_c300_010-700x274.jpg 700w, https:\/\/www.kibotek.com\/wp-content\/uploads\/2022\/12\/kiboTEK_xiaomi_camera_c300_010-300x118.jpg 300w, https:\/\/www.kibotek.com\/wp-content\/uploads\/2022\/12\/kiboTEK_xiaomi_camera_c300_010-768x301.jpg 768w, https:\/\/www.kibotek.com\/wp-content\/uploads\/2022\/12\/kiboTEK_xiaomi_camera_c300_010-18x7.jpg 18w, https:\/\/www.kibotek.com\/wp-content\/uploads\/2022\/12\/kiboTEK_xiaomi_camera_c300_010.jpg 1238w\" sizes=\"auto, (max-width: 1024px) 100vw, 1024px\" \/><\/p>\n<p><img loading=\"lazy\" decoding=\"async\" class=\"alignleft wp-image-45863 size-large\" src=\"https:\/\/www.kibotek.com\/wp-content\/uploads\/2022\/12\/kiboTEK_xiaomi_camera_c300_011-1024x469.jpg\" alt=\"\" width=\"1024\" height=\"469\" title=\"\" srcset=\"https:\/\/www.kibotek.com\/wp-content\/uploads\/2022\/12\/kiboTEK_xiaomi_camera_c300_011-1024x469.jpg 1024w, https:\/\/www.kibotek.com\/wp-content\/uploads\/2022\/12\/kiboTEK_xiaomi_camera_c300_011-430x197.jpg 430w, https:\/\/www.kibotek.com\/wp-content\/uploads\/2022\/12\/kiboTEK_xiaomi_camera_c300_011-150x69.jpg 150w, https:\/\/www.kibotek.com\/wp-content\/uploads\/2022\/12\/kiboTEK_xiaomi_camera_c300_011-700x320.jpg 700w, https:\/\/www.kibotek.com\/wp-content\/uploads\/2022\/12\/kiboTEK_xiaomi_camera_c300_011-300x137.jpg 300w, https:\/\/www.kibotek.com\/wp-content\/uploads\/2022\/12\/kiboTEK_xiaomi_camera_c300_011-768x351.jpg 768w, https:\/\/www.kibotek.com\/wp-content\/uploads\/2022\/12\/kiboTEK_xiaomi_camera_c300_011-18x8.jpg 18w, https:\/\/www.kibotek.com\/wp-content\/uploads\/2022\/12\/kiboTEK_xiaomi_camera_c300_011.jpg 1145w\" sizes=\"auto, (max-width: 1024px) 100vw, 1024px\" \/> <img loading=\"lazy\" decoding=\"async\" class=\"alignleft wp-image-45856 size-large\" src=\"https:\/\/www.kibotek.com\/wp-content\/uploads\/2022\/12\/kiboTEK_xiaomi_camera_c300_004-1024x434.jpg\" alt=\"\" width=\"1024\" height=\"434\" title=\"\" srcset=\"https:\/\/www.kibotek.com\/wp-content\/uploads\/2022\/12\/kiboTEK_xiaomi_camera_c300_004-1024x434.jpg 1024w, https:\/\/www.kibotek.com\/wp-content\/uploads\/2022\/12\/kiboTEK_xiaomi_camera_c300_004-430x182.jpg 430w, https:\/\/www.kibotek.com\/wp-content\/uploads\/2022\/12\/kiboTEK_xiaomi_camera_c300_004-150x64.jpg 150w, https:\/\/www.kibotek.com\/wp-content\/uploads\/2022\/12\/kiboTEK_xiaomi_camera_c300_004-700x296.jpg 700w, https:\/\/www.kibotek.com\/wp-content\/uploads\/2022\/12\/kiboTEK_xiaomi_camera_c300_004-300x127.jpg 300w, https:\/\/www.kibotek.com\/wp-content\/uploads\/2022\/12\/kiboTEK_xiaomi_camera_c300_004-768x325.jpg 768w, https:\/\/www.kibotek.com\/wp-content\/uploads\/2022\/12\/kiboTEK_xiaomi_camera_c300_004-18x8.jpg 18w, https:\/\/www.kibotek.com\/wp-content\/uploads\/2022\/12\/kiboTEK_xiaomi_camera_c300_004.jpg 1190w\" sizes=\"auto, (max-width: 1024px) 100vw, 1024px\" \/><\/p>\n<h3>2K para n\u00e3o perder nenhum detalhe<\/h3>\n<p>Possui uma resolu\u00e7\u00e3o espetacular para que voc\u00ea possa ver as imagens com a melhor qualidade. Sem d\u00favida, esta nova c\u00e2mera da Xiaomi \u00e9 uma das que oferece a melhor qualidade de v\u00eddeo e \u00e1udio de todas as atualmente no mercado. Sua lente possui um sensor de resolu\u00e7\u00e3o 2K que permite que voc\u00ea veja tudo o que precisa em sua casa com qualidade espetacular. Pode controlar toda a divis\u00e3o onde instalar o dispositivo gra\u00e7as \u00e0 sua capacidade de rota\u00e7\u00e3o de 360\u00b0, que pode controlar atrav\u00e9s da APP (Mi Home) e no seu telem\u00f3vel. \u00c9 uma c\u00e2mera com fones de ouvido e alto-falantes integrados para se comunicar com seus entes queridos.<\/p>\n<p><img loading=\"lazy\" decoding=\"async\" class=\"alignleft wp-image-45855 size-large\" src=\"https:\/\/www.kibotek.com\/wp-content\/uploads\/2022\/12\/kiboTEK_xiaomi_camera_c300_003-1024x318.jpg\" alt=\"\" width=\"1024\" height=\"318\" title=\"\" srcset=\"https:\/\/www.kibotek.com\/wp-content\/uploads\/2022\/12\/kiboTEK_xiaomi_camera_c300_003-1024x318.jpg 1024w, https:\/\/www.kibotek.com\/wp-content\/uploads\/2022\/12\/kiboTEK_xiaomi_camera_c300_003-430x134.jpg 430w, https:\/\/www.kibotek.com\/wp-content\/uploads\/2022\/12\/kiboTEK_xiaomi_camera_c300_003-150x47.jpg 150w, https:\/\/www.kibotek.com\/wp-content\/uploads\/2022\/12\/kiboTEK_xiaomi_camera_c300_003-700x218.jpg 700w, https:\/\/www.kibotek.com\/wp-content\/uploads\/2022\/12\/kiboTEK_xiaomi_camera_c300_003-300x93.jpg 300w, https:\/\/www.kibotek.com\/wp-content\/uploads\/2022\/12\/kiboTEK_xiaomi_camera_c300_003-768x239.jpg 768w, https:\/\/www.kibotek.com\/wp-content\/uploads\/2022\/12\/kiboTEK_xiaomi_camera_c300_003-18x6.jpg 18w, https:\/\/www.kibotek.com\/wp-content\/uploads\/2022\/12\/kiboTEK_xiaomi_camera_c300_003.jpg 1389w\" sizes=\"auto, (max-width: 1024px) 100vw, 1024px\" \/> <img loading=\"lazy\" decoding=\"async\" class=\"alignleft wp-image-45858 size-large\" src=\"https:\/\/www.kibotek.com\/wp-content\/uploads\/2022\/12\/kiboTEK_xiaomi_camera_c300_006-1024x467.jpg\" alt=\"\" width=\"1024\" height=\"467\" title=\"\" srcset=\"https:\/\/www.kibotek.com\/wp-content\/uploads\/2022\/12\/kiboTEK_xiaomi_camera_c300_006-1024x467.jpg 1024w, https:\/\/www.kibotek.com\/wp-content\/uploads\/2022\/12\/kiboTEK_xiaomi_camera_c300_006-430x196.jpg 430w, https:\/\/www.kibotek.com\/wp-content\/uploads\/2022\/12\/kiboTEK_xiaomi_camera_c300_006-150x68.jpg 150w, https:\/\/www.kibotek.com\/wp-content\/uploads\/2022\/12\/kiboTEK_xiaomi_camera_c300_006-700x319.jpg 700w, https:\/\/www.kibotek.com\/wp-content\/uploads\/2022\/12\/kiboTEK_xiaomi_camera_c300_006-300x137.jpg 300w, https:\/\/www.kibotek.com\/wp-content\/uploads\/2022\/12\/kiboTEK_xiaomi_camera_c300_006-768x350.jpg 768w, https:\/\/www.kibotek.com\/wp-content\/uploads\/2022\/12\/kiboTEK_xiaomi_camera_c300_006-18x8.jpg 18w, https:\/\/www.kibotek.com\/wp-content\/uploads\/2022\/12\/kiboTEK_xiaomi_camera_c300_006.jpg 1148w\" sizes=\"auto, (max-width: 1024px) 100vw, 1024px\" \/><\/p>\n<h3>WiFi e Bluetooth para nunca se desconectar do que \u00e9 importante para voc\u00ea<\/h3>\n<p>Entre suas caracter\u00edsticas, temos Wi-Fi de banda dupla, conex\u00e3o bluetooth super r\u00e1pida para nunca ficar sem conex\u00e3o e, claro, tamb\u00e9m temos um assistente de voz com Alexa e Google.<\/p>\n<p>Outra das vantagens desta c\u00e2mera \u00e9 que ela possui reconhecimento facial e algo que os pais de primeira viagem ir\u00e3o apreciar \u00e9 que ela possui um detector de choro de beb\u00ea, para que voc\u00ea saiba o tempo todo que seu beb\u00ea est\u00e1 em perfeitas condi\u00e7\u00f5es.<\/p>\n<p><strong>Outra vantagem desta nova c\u00e2mera da Xiaomi \u00e9 que ela possui infravermelho integrado para que voc\u00ea tenha uma vis\u00e3o noturna completa.<\/strong><\/p>\n<p><img loading=\"lazy\" decoding=\"async\" class=\"alignleft wp-image-45853 size-large\" src=\"https:\/\/www.kibotek.com\/wp-content\/uploads\/2022\/12\/kiboTEK_xiaomi_camera_c300_001-1024x344.jpg\" alt=\"\" width=\"1024\" height=\"344\" title=\"\" srcset=\"https:\/\/www.kibotek.com\/wp-content\/uploads\/2022\/12\/kiboTEK_xiaomi_camera_c300_001-1024x344.jpg 1024w, https:\/\/www.kibotek.com\/wp-content\/uploads\/2022\/12\/kiboTEK_xiaomi_camera_c300_001-430x144.jpg 430w, https:\/\/www.kibotek.com\/wp-content\/uploads\/2022\/12\/kiboTEK_xiaomi_camera_c300_001-150x50.jpg 150w, https:\/\/www.kibotek.com\/wp-content\/uploads\/2022\/12\/kiboTEK_xiaomi_camera_c300_001-700x235.jpg 700w, https:\/\/www.kibotek.com\/wp-content\/uploads\/2022\/12\/kiboTEK_xiaomi_camera_c300_001-300x101.jpg 300w, https:\/\/www.kibotek.com\/wp-content\/uploads\/2022\/12\/kiboTEK_xiaomi_camera_c300_001-768x258.jpg 768w, https:\/\/www.kibotek.com\/wp-content\/uploads\/2022\/12\/kiboTEK_xiaomi_camera_c300_001-18x6.jpg 18w, https:\/\/www.kibotek.com\/wp-content\/uploads\/2022\/12\/kiboTEK_xiaomi_camera_c300_001.jpg 1337w\" sizes=\"auto, (max-width: 1024px) 100vw, 1024px\" \/> <img loading=\"lazy\" decoding=\"async\" class=\"alignleft wp-image-45860 size-large\" src=\"https:\/\/www.kibotek.com\/wp-content\/uploads\/2022\/12\/kiboTEK_xiaomi_camera_c300_008-1024x426.jpg\" alt=\"\" width=\"1024\" height=\"426\" title=\"\" srcset=\"https:\/\/www.kibotek.com\/wp-content\/uploads\/2022\/12\/kiboTEK_xiaomi_camera_c300_008-1024x426.jpg 1024w, https:\/\/www.kibotek.com\/wp-content\/uploads\/2022\/12\/kiboTEK_xiaomi_camera_c300_008-430x179.jpg 430w, https:\/\/www.kibotek.com\/wp-content\/uploads\/2022\/12\/kiboTEK_xiaomi_camera_c300_008-150x62.jpg 150w, https:\/\/www.kibotek.com\/wp-content\/uploads\/2022\/12\/kiboTEK_xiaomi_camera_c300_008-700x291.jpg 700w, https:\/\/www.kibotek.com\/wp-content\/uploads\/2022\/12\/kiboTEK_xiaomi_camera_c300_008-300x125.jpg 300w, https:\/\/www.kibotek.com\/wp-content\/uploads\/2022\/12\/kiboTEK_xiaomi_camera_c300_008-768x320.jpg 768w, https:\/\/www.kibotek.com\/wp-content\/uploads\/2022\/12\/kiboTEK_xiaomi_camera_c300_008-18x7.jpg 18w, https:\/\/www.kibotek.com\/wp-content\/uploads\/2022\/12\/kiboTEK_xiaomi_camera_c300_008.jpg 1201w\" sizes=\"auto, (max-width: 1024px) 100vw, 1024px\" \/> <a href=\"https:\/\/www.kibotek.com\/wp-content\/uploads\/2022\/12\/kiboTEK_xiaomi_camera_c300_007.jpg\"><img loading=\"lazy\" decoding=\"async\" class=\"alignleft wp-image-45859 size-large\" src=\"https:\/\/www.kibotek.com\/wp-content\/uploads\/2022\/12\/kiboTEK_xiaomi_camera_c300_007-1024x242.jpg\" alt=\"\" width=\"1024\" height=\"242\" title=\"\" srcset=\"https:\/\/www.kibotek.com\/wp-content\/uploads\/2022\/12\/kiboTEK_xiaomi_camera_c300_007-1024x242.jpg 1024w, https:\/\/www.kibotek.com\/wp-content\/uploads\/2022\/12\/kiboTEK_xiaomi_camera_c300_007-430x102.jpg 430w, https:\/\/www.kibotek.com\/wp-content\/uploads\/2022\/12\/kiboTEK_xiaomi_camera_c300_007-150x36.jpg 150w, https:\/\/www.kibotek.com\/wp-content\/uploads\/2022\/12\/kiboTEK_xiaomi_camera_c300_007-700x166.jpg 700w, https:\/\/www.kibotek.com\/wp-content\/uploads\/2022\/12\/kiboTEK_xiaomi_camera_c300_007-300x71.jpg 300w, https:\/\/www.kibotek.com\/wp-content\/uploads\/2022\/12\/kiboTEK_xiaomi_camera_c300_007-768x182.jpg 768w, https:\/\/www.kibotek.com\/wp-content\/uploads\/2022\/12\/kiboTEK_xiaomi_camera_c300_007-1536x364.jpg 1536w, https:\/\/www.kibotek.com\/wp-content\/uploads\/2022\/12\/kiboTEK_xiaomi_camera_c300_007-18x4.jpg 18w, https:\/\/www.kibotek.com\/wp-content\/uploads\/2022\/12\/kiboTEK_xiaomi_camera_c300_007.jpg 1592w\" sizes=\"auto, (max-width: 1024px) 100vw, 1024px\" \/><\/a><\/p>\n<p>Resumindo, da kiboTEK achamos que \u00e9 uma das melhores c\u00e2maras de seguran\u00e7a em termos de qualidade\/pre\u00e7o. Uma maravilha ao alcance de todos. Sua tranquilidade vale a pena.<\/p>\n<p>Na kiboTEK enviamos a Xiaomi Mi 360\u00ba Smart Camera C300 2K para mais de 30 pa\u00edses diferentes na Europa em <strong>24 \/ 72h com dois anos de garantia<\/strong>. Verifique e calcule os portes de envio no carrinho inserindo a sua morada.<\/p>","protected":false},"excerpt":{"rendered":"<p><strong><em>COMPRE AGORA E RECEBA EM 24H NA ESPANHA\ud83d\ude80<\/em><\/strong><\/p>\n<p><strong><em>COMPRE AGORA E RECEBA EM 72H NA EUROPA \ud83d\ude80<\/em><\/strong><\/p>","protected":false},"featured_media":45864,"comment_status":"open","ping_status":"closed","template":"","meta":{"iawp_total_views":89},"product_brand":[8155],"product_cat":[5515,5521],"product_tag":[1798,7698,6771],"class_list":{"0":"post-45852","1":"product","2":"type-product","3":"status-publish","4":"has-post-thumbnail","6":"product_brand-comprar-lo-mejor-de-xiaomi","7":"product_cat-smartwatch-pulseras-tv-auriculares-smarthome-salud-relojes-para-ninos","8":"product_cat-comprar-smarthome-scooters-camaras","9":"product_tag-acc_top","10":"product_tag-all","11":"product_tag-ofertas","13":"first","14":"instock","15":"taxable","16":"shipping-taxable","17":"purchasable","18":"product-type-simple"},"supplier_id":null,"supplier_sku":"","barcode":null,"atum_controlled":true,"out_stock_date":null,"out_stock_threshold":null,"inheritable":false,"inbound_stock":null,"stock_on_hold":0,"sold_today":0,"sales_last_days":0,"reserved_stock":null,"customer_returns":null,"warehouse_damage":null,"lost_in_post":null,"other_logs":null,"out_stock_days":0,"lost_sales":0,"has_location":true,"update_date":"2026-05-06T21:13:39","atum_locations":[{"id":41,"name":"Bilbao","slug":"bilbao"}],"atum_stock_status":"instock","restock_status":false,"low_stock_amount":0,"sales_update_date":"2026-04-29T00:01:02","calc_backorders":null,"_links":{"self":[{"href":"https:\/\/www.kibotek.com\/pt\/wp-json\/wp\/v2\/product\/45852","targetHints":{"allow":["GET"]}}],"collection":[{"href":"https:\/\/www.kibotek.com\/pt\/wp-json\/wp\/v2\/product"}],"about":[{"href":"https:\/\/www.kibotek.com\/pt\/wp-json\/wp\/v2\/types\/product"}],"replies":[{"embeddable":true,"href":"https:\/\/www.kibotek.com\/pt\/wp-json\/wp\/v2\/comments?post=45852"}],"version-history":[{"count":0,"href":"https:\/\/www.kibotek.com\/pt\/wp-json\/wp\/v2\/product\/45852\/revisions"}],"wp:featuredmedia":[{"embeddable":true,"href":"https:\/\/www.kibotek.com\/pt\/wp-json\/wp\/v2\/media\/45864"}],"wp:attachment":[{"href":"https:\/\/www.kibotek.com\/pt\/wp-json\/wp\/v2\/media?parent=45852"}],"wp:term":[{"taxonomy":"product_brand","embeddable":true,"href":"https:\/\/www.kibotek.com\/pt\/wp-json\/wp\/v2\/product_brand?post=45852"},{"taxonomy":"product_cat","embeddable":true,"href":"https:\/\/www.kibotek.com\/pt\/wp-json\/wp\/v2\/product_cat?post=45852"},{"taxonomy":"product_tag","embeddable":true,"href":"https:\/\/www.kibotek.com\/pt\/wp-json\/wp\/v2\/product_tag?post=45852"}],"curies":[{"name":"wp","href":"https:\/\/api.w.org\/{rel}","templated":true}]}}