{"id":42888,"date":"2022-05-16T10:22:11","date_gmt":"2022-05-16T08:22:11","guid":{"rendered":"https:\/\/www.kibotek.com\/?post_type=product&#038;p=42888"},"modified":"2026-04-20T23:32:44","modified_gmt":"2026-04-20T21:32:44","slug":"xiaomi-luggage-classic-20-travel-mala-preto","status":"publish","type":"product","link":"https:\/\/www.kibotek.com\/pt\/kibostore\/xiaomi-luggage-classic-20-maleta-de-viaje-negra\/","title":{"rendered":"Xiaomi Luggage Classic 20\u2033- Mala de viagem preta"},"content":{"rendered":"<p>Compre Xiaomi Luggage Classic 20\u2033- Mala de viagem preta com envio de Espanha para toda a Europa em 24\/72h e 3 anos de garantia.<\/p>\n<ul>\n<li>Modelo XMLXX02RM<\/li>\n<li>Dimens\u00f5es do produto de 356 \u00d7 225 \u00d7 505 mm<\/li>\n<li>Dimens\u00f5es totais de 375 \u00d7 225 \u00d7 550mm<\/li>\n<li>Mala pr\u00e1tica com capacidade de 38l<\/li>\n<li>Trava de seguran\u00e7a dupla TSA para maior prote\u00e7\u00e3o de suas roupas e dispositivos eletr\u00f4nicos<\/li>\n<li>Excelente resist\u00eancia ao choque e \u00e0 press\u00e3o<\/li>\n<li>al\u00e7a telesc\u00f3pica<\/li>\n<li>Rodas silenciosas com possibilidade de girar 360\u00b0<\/li>\n<\/ul>\n<p><img loading=\"lazy\" decoding=\"async\" class=\"alignleft wp-image-42895 size-large\" src=\"https:\/\/www.kibotek.com\/wp-content\/uploads\/2022\/05\/kiboTEK_maleta_xiaomi_20_007-1024x480.jpg\" alt=\"\" width=\"1024\" height=\"480\" title=\"\" srcset=\"https:\/\/www.kibotek.com\/wp-content\/uploads\/2022\/05\/kiboTEK_maleta_xiaomi_20_007-1024x480.jpg 1024w, https:\/\/www.kibotek.com\/wp-content\/uploads\/2022\/05\/kiboTEK_maleta_xiaomi_20_007-430x202.jpg 430w, https:\/\/www.kibotek.com\/wp-content\/uploads\/2022\/05\/kiboTEK_maleta_xiaomi_20_007-150x70.jpg 150w, https:\/\/www.kibotek.com\/wp-content\/uploads\/2022\/05\/kiboTEK_maleta_xiaomi_20_007-700x328.jpg 700w, https:\/\/www.kibotek.com\/wp-content\/uploads\/2022\/05\/kiboTEK_maleta_xiaomi_20_007-300x141.jpg 300w, https:\/\/www.kibotek.com\/wp-content\/uploads\/2022\/05\/kiboTEK_maleta_xiaomi_20_007-768x360.jpg 768w, https:\/\/www.kibotek.com\/wp-content\/uploads\/2022\/05\/kiboTEK_maleta_xiaomi_20_007-1536x720.jpg 1536w, https:\/\/www.kibotek.com\/wp-content\/uploads\/2022\/05\/kiboTEK_maleta_xiaomi_20_007-2048x960.jpg 2048w, https:\/\/www.kibotek.com\/wp-content\/uploads\/2022\/05\/kiboTEK_maleta_xiaomi_20_007-18x8.jpg 18w, https:\/\/www.kibotek.com\/wp-content\/uploads\/2022\/05\/kiboTEK_maleta_xiaomi_20_007-600x281.jpg 600w\" sizes=\"auto, (max-width: 1024px) 100vw, 1024px\" \/><\/p>\n<h3>Grande capacidade de 38l<\/h3>\n<p>Prepare-se para viajar da maneira mais confort\u00e1vel gra\u00e7as a esta mala de 20 polegadas da Xiaomi. Com capacidade de at\u00e9 38 litros em seu interior, voc\u00ea pode guardar suas roupas e pertences para suas viagens.<\/p>\n<p><img loading=\"lazy\" decoding=\"async\" class=\"alignleft wp-image-42891 size-large\" src=\"https:\/\/www.kibotek.com\/wp-content\/uploads\/2022\/05\/kiboTEK_maleta_xiaomi_20_003-1024x411.jpg\" alt=\"\" width=\"1024\" height=\"411\" title=\"\" srcset=\"https:\/\/www.kibotek.com\/wp-content\/uploads\/2022\/05\/kiboTEK_maleta_xiaomi_20_003-1024x411.jpg 1024w, https:\/\/www.kibotek.com\/wp-content\/uploads\/2022\/05\/kiboTEK_maleta_xiaomi_20_003-430x173.jpg 430w, https:\/\/www.kibotek.com\/wp-content\/uploads\/2022\/05\/kiboTEK_maleta_xiaomi_20_003-150x60.jpg 150w, https:\/\/www.kibotek.com\/wp-content\/uploads\/2022\/05\/kiboTEK_maleta_xiaomi_20_003-700x281.jpg 700w, https:\/\/www.kibotek.com\/wp-content\/uploads\/2022\/05\/kiboTEK_maleta_xiaomi_20_003-300x120.jpg 300w, https:\/\/www.kibotek.com\/wp-content\/uploads\/2022\/05\/kiboTEK_maleta_xiaomi_20_003-768x308.jpg 768w, https:\/\/www.kibotek.com\/wp-content\/uploads\/2022\/05\/kiboTEK_maleta_xiaomi_20_003-18x7.jpg 18w, https:\/\/www.kibotek.com\/wp-content\/uploads\/2022\/05\/kiboTEK_maleta_xiaomi_20_003-600x241.jpg 600w, https:\/\/www.kibotek.com\/wp-content\/uploads\/2022\/05\/kiboTEK_maleta_xiaomi_20_003.jpg 1256w\" sizes=\"auto, (max-width: 1024px) 100vw, 1024px\" \/> <img loading=\"lazy\" decoding=\"async\" class=\"alignleft wp-image-42892 size-large\" src=\"https:\/\/www.kibotek.com\/wp-content\/uploads\/2022\/05\/kiboTEK_maleta_xiaomi_20_004-1024x445.jpg\" alt=\"\" width=\"1024\" height=\"445\" title=\"\" srcset=\"https:\/\/www.kibotek.com\/wp-content\/uploads\/2022\/05\/kiboTEK_maleta_xiaomi_20_004-1024x445.jpg 1024w, https:\/\/www.kibotek.com\/wp-content\/uploads\/2022\/05\/kiboTEK_maleta_xiaomi_20_004-430x187.jpg 430w, https:\/\/www.kibotek.com\/wp-content\/uploads\/2022\/05\/kiboTEK_maleta_xiaomi_20_004-150x65.jpg 150w, https:\/\/www.kibotek.com\/wp-content\/uploads\/2022\/05\/kiboTEK_maleta_xiaomi_20_004-700x304.jpg 700w, https:\/\/www.kibotek.com\/wp-content\/uploads\/2022\/05\/kiboTEK_maleta_xiaomi_20_004-300x130.jpg 300w, https:\/\/www.kibotek.com\/wp-content\/uploads\/2022\/05\/kiboTEK_maleta_xiaomi_20_004-768x334.jpg 768w, https:\/\/www.kibotek.com\/wp-content\/uploads\/2022\/05\/kiboTEK_maleta_xiaomi_20_004-18x8.jpg 18w, https:\/\/www.kibotek.com\/wp-content\/uploads\/2022\/05\/kiboTEK_maleta_xiaomi_20_004-600x261.jpg 600w, https:\/\/www.kibotek.com\/wp-content\/uploads\/2022\/05\/kiboTEK_maleta_xiaomi_20_004.jpg 1254w\" sizes=\"auto, (max-width: 1024px) 100vw, 1024px\" \/> <img loading=\"lazy\" decoding=\"async\" class=\"alignleft wp-image-42893 size-large\" src=\"https:\/\/www.kibotek.com\/wp-content\/uploads\/2022\/05\/kiboTEK_maleta_xiaomi_20_005-1024x471.jpg\" alt=\"\" width=\"1024\" height=\"471\" title=\"\" srcset=\"https:\/\/www.kibotek.com\/wp-content\/uploads\/2022\/05\/kiboTEK_maleta_xiaomi_20_005-1024x471.jpg 1024w, https:\/\/www.kibotek.com\/wp-content\/uploads\/2022\/05\/kiboTEK_maleta_xiaomi_20_005-430x198.jpg 430w, https:\/\/www.kibotek.com\/wp-content\/uploads\/2022\/05\/kiboTEK_maleta_xiaomi_20_005-150x69.jpg 150w, https:\/\/www.kibotek.com\/wp-content\/uploads\/2022\/05\/kiboTEK_maleta_xiaomi_20_005-700x322.jpg 700w, https:\/\/www.kibotek.com\/wp-content\/uploads\/2022\/05\/kiboTEK_maleta_xiaomi_20_005-300x138.jpg 300w, https:\/\/www.kibotek.com\/wp-content\/uploads\/2022\/05\/kiboTEK_maleta_xiaomi_20_005-768x353.jpg 768w, https:\/\/www.kibotek.com\/wp-content\/uploads\/2022\/05\/kiboTEK_maleta_xiaomi_20_005-18x8.jpg 18w, https:\/\/www.kibotek.com\/wp-content\/uploads\/2022\/05\/kiboTEK_maleta_xiaomi_20_005-600x276.jpg 600w, https:\/\/www.kibotek.com\/wp-content\/uploads\/2022\/05\/kiboTEK_maleta_xiaomi_20_005.jpg 1264w\" sizes=\"auto, (max-width: 1024px) 100vw, 1024px\" \/><\/p>\n<h3>Resistente a choque e press\u00e3o<\/h3>\n<p>\u00c9 uma mala com <strong>excelente resist\u00eancia ao choque e press\u00e3o com materiais de qualidade<\/strong>. Este material composto covestro PC de tr\u00eas camadas vai nos oferecer resist\u00eancia \u00e0 press\u00e3o acima da m\u00e9dia. Por outro lado, a superf\u00edcie da mala \u00e9 feita de material recicl\u00e1vel e tem uma resist\u00eancia muito maior a arranh\u00f5es.<\/p>\n<p>No interior temos um material leve e agrad\u00e1vel ao toque. Claro que dentro teremos espa\u00e7os pr\u00e1ticos para guardar roupas e pequenos objetos com forro de fibra de poli\u00e9ster.<\/p>\n<p><img loading=\"lazy\" decoding=\"async\" class=\"alignleft wp-image-42896 size-large\" src=\"https:\/\/www.kibotek.com\/wp-content\/uploads\/2022\/05\/kiboTEK_maleta_xiaomi_20_008-1024x484.jpg\" alt=\"\" width=\"1024\" height=\"484\" title=\"\" srcset=\"https:\/\/www.kibotek.com\/wp-content\/uploads\/2022\/05\/kiboTEK_maleta_xiaomi_20_008-1024x484.jpg 1024w, https:\/\/www.kibotek.com\/wp-content\/uploads\/2022\/05\/kiboTEK_maleta_xiaomi_20_008-430x203.jpg 430w, https:\/\/www.kibotek.com\/wp-content\/uploads\/2022\/05\/kiboTEK_maleta_xiaomi_20_008-150x71.jpg 150w, https:\/\/www.kibotek.com\/wp-content\/uploads\/2022\/05\/kiboTEK_maleta_xiaomi_20_008-700x331.jpg 700w, https:\/\/www.kibotek.com\/wp-content\/uploads\/2022\/05\/kiboTEK_maleta_xiaomi_20_008-300x142.jpg 300w, https:\/\/www.kibotek.com\/wp-content\/uploads\/2022\/05\/kiboTEK_maleta_xiaomi_20_008-768x363.jpg 768w, https:\/\/www.kibotek.com\/wp-content\/uploads\/2022\/05\/kiboTEK_maleta_xiaomi_20_008-18x9.jpg 18w, https:\/\/www.kibotek.com\/wp-content\/uploads\/2022\/05\/kiboTEK_maleta_xiaomi_20_008-600x284.jpg 600w, https:\/\/www.kibotek.com\/wp-content\/uploads\/2022\/05\/kiboTEK_maleta_xiaomi_20_008.jpg 1247w\" sizes=\"auto, (max-width: 1024px) 100vw, 1024px\" \/> <img loading=\"lazy\" decoding=\"async\" class=\"alignleft wp-image-42890 size-large\" src=\"https:\/\/www.kibotek.com\/wp-content\/uploads\/2022\/05\/kiboTEK_maleta_xiaomi_20_002-1024x483.jpg\" alt=\"\" width=\"1024\" height=\"483\" title=\"\" srcset=\"https:\/\/www.kibotek.com\/wp-content\/uploads\/2022\/05\/kiboTEK_maleta_xiaomi_20_002-1024x483.jpg 1024w, https:\/\/www.kibotek.com\/wp-content\/uploads\/2022\/05\/kiboTEK_maleta_xiaomi_20_002-430x203.jpg 430w, https:\/\/www.kibotek.com\/wp-content\/uploads\/2022\/05\/kiboTEK_maleta_xiaomi_20_002-150x71.jpg 150w, https:\/\/www.kibotek.com\/wp-content\/uploads\/2022\/05\/kiboTEK_maleta_xiaomi_20_002-700x330.jpg 700w, https:\/\/www.kibotek.com\/wp-content\/uploads\/2022\/05\/kiboTEK_maleta_xiaomi_20_002-300x141.jpg 300w, https:\/\/www.kibotek.com\/wp-content\/uploads\/2022\/05\/kiboTEK_maleta_xiaomi_20_002-768x362.jpg 768w, https:\/\/www.kibotek.com\/wp-content\/uploads\/2022\/05\/kiboTEK_maleta_xiaomi_20_002-18x8.jpg 18w, https:\/\/www.kibotek.com\/wp-content\/uploads\/2022\/05\/kiboTEK_maleta_xiaomi_20_002-600x283.jpg 600w, https:\/\/www.kibotek.com\/wp-content\/uploads\/2022\/05\/kiboTEK_maleta_xiaomi_20_002.jpg 1258w\" sizes=\"auto, (max-width: 1024px) 100vw, 1024px\" \/><\/p>\n<h3>Seguro com bloqueio duplo TSA<\/h3>\n<p>Em termos de seguran\u00e7a, voc\u00ea pode ficar tranquilo com esta mala Xiaomi, pois possui uma trava TSA dupla. \u00c9 importante al\u00e9m de ter uma mala <strong>resistente confort\u00e1vel e leve<\/strong>, a seguran\u00e7a v\u00ea que seus objetos est\u00e3o bem protegidos.<\/p>\n<h3>design minimalista<\/h3>\n<p>Quanto ao design, esta mala cl\u00e1ssica de bagagem de 20 polegadas da Xiaomi possui rodas de 360 graus que proporcionam muito menos ru\u00eddo do que uma mala convencional. Por outro lado, as bases das rodas s\u00e3o separadas por 12,5 mm, o que garantir\u00e1 estabilidade em p\u00e9.<\/p>\n<p><img loading=\"lazy\" decoding=\"async\" class=\"alignleft wp-image-42889 size-large\" src=\"https:\/\/www.kibotek.com\/wp-content\/uploads\/2022\/05\/kiboTEK_maleta_xiaomi_20_001-1024x474.jpg\" alt=\"\" width=\"1024\" height=\"474\" title=\"\" srcset=\"https:\/\/www.kibotek.com\/wp-content\/uploads\/2022\/05\/kiboTEK_maleta_xiaomi_20_001-1024x474.jpg 1024w, https:\/\/www.kibotek.com\/wp-content\/uploads\/2022\/05\/kiboTEK_maleta_xiaomi_20_001-430x199.jpg 430w, https:\/\/www.kibotek.com\/wp-content\/uploads\/2022\/05\/kiboTEK_maleta_xiaomi_20_001-150x69.jpg 150w, https:\/\/www.kibotek.com\/wp-content\/uploads\/2022\/05\/kiboTEK_maleta_xiaomi_20_001-700x324.jpg 700w, https:\/\/www.kibotek.com\/wp-content\/uploads\/2022\/05\/kiboTEK_maleta_xiaomi_20_001-300x139.jpg 300w, https:\/\/www.kibotek.com\/wp-content\/uploads\/2022\/05\/kiboTEK_maleta_xiaomi_20_001-768x355.jpg 768w, https:\/\/www.kibotek.com\/wp-content\/uploads\/2022\/05\/kiboTEK_maleta_xiaomi_20_001-18x8.jpg 18w, https:\/\/www.kibotek.com\/wp-content\/uploads\/2022\/05\/kiboTEK_maleta_xiaomi_20_001-600x278.jpg 600w, https:\/\/www.kibotek.com\/wp-content\/uploads\/2022\/05\/kiboTEK_maleta_xiaomi_20_001.jpg 1245w\" sizes=\"auto, (max-width: 1024px) 100vw, 1024px\" \/> <img loading=\"lazy\" decoding=\"async\" class=\"alignleft wp-image-42898 size-large\" src=\"https:\/\/www.kibotek.com\/wp-content\/uploads\/2022\/05\/kiboTEK_maleta_xiaomi_20_010-1024x504.jpg\" alt=\"\" width=\"1024\" height=\"504\" title=\"\" srcset=\"https:\/\/www.kibotek.com\/wp-content\/uploads\/2022\/05\/kiboTEK_maleta_xiaomi_20_010-1024x504.jpg 1024w, https:\/\/www.kibotek.com\/wp-content\/uploads\/2022\/05\/kiboTEK_maleta_xiaomi_20_010-430x212.jpg 430w, https:\/\/www.kibotek.com\/wp-content\/uploads\/2022\/05\/kiboTEK_maleta_xiaomi_20_010-150x74.jpg 150w, https:\/\/www.kibotek.com\/wp-content\/uploads\/2022\/05\/kiboTEK_maleta_xiaomi_20_010-700x345.jpg 700w, https:\/\/www.kibotek.com\/wp-content\/uploads\/2022\/05\/kiboTEK_maleta_xiaomi_20_010-300x148.jpg 300w, https:\/\/www.kibotek.com\/wp-content\/uploads\/2022\/05\/kiboTEK_maleta_xiaomi_20_010-768x378.jpg 768w, https:\/\/www.kibotek.com\/wp-content\/uploads\/2022\/05\/kiboTEK_maleta_xiaomi_20_010-18x9.jpg 18w, https:\/\/www.kibotek.com\/wp-content\/uploads\/2022\/05\/kiboTEK_maleta_xiaomi_20_010-600x295.jpg 600w, https:\/\/www.kibotek.com\/wp-content\/uploads\/2022\/05\/kiboTEK_maleta_xiaomi_20_010.jpg 1239w\" sizes=\"auto, (max-width: 1024px) 100vw, 1024px\" \/><\/p>\n<h3>Punho telesc\u00f3pico confort\u00e1vel<\/h3>\n<p>A al\u00e7a telesc\u00f3pica para pegar a mala \u00e9 muito confort\u00e1vel e <strong>\u00e9 feito de alum\u00ednio.<\/strong> Voc\u00ea pode ajust\u00e1-lo \u00e0s suas necessidades com quatro tipos de configura\u00e7\u00f5es de altura.<\/p>\n<p><img loading=\"lazy\" decoding=\"async\" class=\"alignleft wp-image-42901 size-full\" src=\"https:\/\/www.kibotek.com\/wp-content\/uploads\/2022\/05\/kiboTEK_maleta_xiaomi_20_013.jpg\" alt=\"\" width=\"598\" height=\"465\" title=\"\" srcset=\"https:\/\/www.kibotek.com\/wp-content\/uploads\/2022\/05\/kiboTEK_maleta_xiaomi_20_013.jpg 598w, https:\/\/www.kibotek.com\/wp-content\/uploads\/2022\/05\/kiboTEK_maleta_xiaomi_20_013-430x334.jpg 430w, https:\/\/www.kibotek.com\/wp-content\/uploads\/2022\/05\/kiboTEK_maleta_xiaomi_20_013-150x117.jpg 150w, https:\/\/www.kibotek.com\/wp-content\/uploads\/2022\/05\/kiboTEK_maleta_xiaomi_20_013-300x233.jpg 300w, https:\/\/www.kibotek.com\/wp-content\/uploads\/2022\/05\/kiboTEK_maleta_xiaomi_20_013-15x12.jpg 15w\" sizes=\"auto, (max-width: 598px) 100vw, 598px\" \/> <img loading=\"lazy\" decoding=\"async\" class=\"alignleft wp-image-42900 size-full\" src=\"https:\/\/www.kibotek.com\/wp-content\/uploads\/2022\/05\/kiboTEK_maleta_xiaomi_20_012.jpg\" alt=\"\" width=\"597\" height=\"453\" title=\"\" srcset=\"https:\/\/www.kibotek.com\/wp-content\/uploads\/2022\/05\/kiboTEK_maleta_xiaomi_20_012.jpg 597w, https:\/\/www.kibotek.com\/wp-content\/uploads\/2022\/05\/kiboTEK_maleta_xiaomi_20_012-430x326.jpg 430w, https:\/\/www.kibotek.com\/wp-content\/uploads\/2022\/05\/kiboTEK_maleta_xiaomi_20_012-150x114.jpg 150w, https:\/\/www.kibotek.com\/wp-content\/uploads\/2022\/05\/kiboTEK_maleta_xiaomi_20_012-300x228.jpg 300w, https:\/\/www.kibotek.com\/wp-content\/uploads\/2022\/05\/kiboTEK_maleta_xiaomi_20_012-16x12.jpg 16w\" sizes=\"auto, (max-width: 597px) 100vw, 597px\" \/> <img loading=\"lazy\" decoding=\"async\" class=\"alignleft wp-image-42894 size-full\" src=\"https:\/\/www.kibotek.com\/wp-content\/uploads\/2022\/05\/kiboTEK_maleta_xiaomi_20_006.jpg\" alt=\"\" width=\"621\" height=\"458\" title=\"\" srcset=\"https:\/\/www.kibotek.com\/wp-content\/uploads\/2022\/05\/kiboTEK_maleta_xiaomi_20_006.jpg 621w, https:\/\/www.kibotek.com\/wp-content\/uploads\/2022\/05\/kiboTEK_maleta_xiaomi_20_006-430x317.jpg 430w, https:\/\/www.kibotek.com\/wp-content\/uploads\/2022\/05\/kiboTEK_maleta_xiaomi_20_006-150x111.jpg 150w, https:\/\/www.kibotek.com\/wp-content\/uploads\/2022\/05\/kiboTEK_maleta_xiaomi_20_006-300x221.jpg 300w, https:\/\/www.kibotek.com\/wp-content\/uploads\/2022\/05\/kiboTEK_maleta_xiaomi_20_006-16x12.jpg 16w, https:\/\/www.kibotek.com\/wp-content\/uploads\/2022\/05\/kiboTEK_maleta_xiaomi_20_006-600x443.jpg 600w\" sizes=\"auto, (max-width: 621px) 100vw, 621px\" \/><\/p>\n<p>Na kiboTEK voc\u00ea pode comprar a Xiaomi Luggage Classic 20\u2033- Black Travel Suitcase com a garantia e seguran\u00e7a da melhor loja de fitness Xiaomi na Espanha Europa.<\/p>","protected":false},"excerpt":{"rendered":"<p><strong><em>COMPRE AGORA E RECEBA EM 24H NA PEN\u00cdNSULA \ud83d\ude80<\/em><\/strong><\/p>\n<p><strong><em>COMPRE AGORA E RECEBA EM 72H NA EUROPA \ud83d\ude80<\/em><\/strong><\/p>\n<p><strong><em>GARANTIA OFICIAL DE 3 ANOS \u2699\ufe0f<\/em><\/strong><\/p>","protected":false},"featured_media":42902,"comment_status":"open","ping_status":"closed","template":"","meta":{"iawp_total_views":221},"product_brand":[8155],"product_cat":[80,5525,5521],"product_tag":[7698,6771],"class_list":{"0":"post-42888","1":"product","2":"type-product","3":"status-publish","4":"has-post-thumbnail","6":"product_brand-comprar-lo-mejor-de-xiaomi","7":"product_cat-comprar-los-mejores-accesorios-para-moviles","8":"product_cat-comprar-mochilas-zapatillas-ropa-xiaomi","9":"product_cat-comprar-smarthome-scooters-camaras","10":"product_tag-all","11":"product_tag-ofertas","13":"first","14":"outofstock","15":"sale","16":"taxable","17":"shipping-taxable","18":"purchasable","19":"product-type-simple"},"supplier_id":null,"supplier_sku":"","barcode":null,"atum_controlled":true,"out_stock_date":"2025-07-28 22:44:29","out_stock_threshold":null,"inheritable":false,"inbound_stock":null,"stock_on_hold":0,"sold_today":0,"sales_last_days":0,"reserved_stock":null,"customer_returns":null,"warehouse_damage":null,"lost_in_post":null,"other_logs":null,"out_stock_days":265,"lost_sales":0,"has_location":true,"update_date":"2026-04-20T21:32:46","atum_locations":[{"id":41,"name":"Bilbao","slug":"bilbao"}],"atum_stock_status":"outofstock","restock_status":false,"low_stock_amount":"","sales_update_date":"2026-04-20T05:03:45","calc_backorders":null,"_links":{"self":[{"href":"https:\/\/www.kibotek.com\/pt\/wp-json\/wp\/v2\/product\/42888","targetHints":{"allow":["GET"]}}],"collection":[{"href":"https:\/\/www.kibotek.com\/pt\/wp-json\/wp\/v2\/product"}],"about":[{"href":"https:\/\/www.kibotek.com\/pt\/wp-json\/wp\/v2\/types\/product"}],"replies":[{"embeddable":true,"href":"https:\/\/www.kibotek.com\/pt\/wp-json\/wp\/v2\/comments?post=42888"}],"version-history":[{"count":0,"href":"https:\/\/www.kibotek.com\/pt\/wp-json\/wp\/v2\/product\/42888\/revisions"}],"wp:featuredmedia":[{"embeddable":true,"href":"https:\/\/www.kibotek.com\/pt\/wp-json\/wp\/v2\/media\/42902"}],"wp:attachment":[{"href":"https:\/\/www.kibotek.com\/pt\/wp-json\/wp\/v2\/media?parent=42888"}],"wp:term":[{"taxonomy":"product_brand","embeddable":true,"href":"https:\/\/www.kibotek.com\/pt\/wp-json\/wp\/v2\/product_brand?post=42888"},{"taxonomy":"product_cat","embeddable":true,"href":"https:\/\/www.kibotek.com\/pt\/wp-json\/wp\/v2\/product_cat?post=42888"},{"taxonomy":"product_tag","embeddable":true,"href":"https:\/\/www.kibotek.com\/pt\/wp-json\/wp\/v2\/product_tag?post=42888"}],"curies":[{"name":"wp","href":"https:\/\/api.w.org\/{rel}","templated":true}]}}