{"id":38565,"date":"2021-07-13T11:08:43","date_gmt":"2021-07-13T09:08:43","guid":{"rendered":"https:\/\/www.kibotek.com\/?post_type=product&#038;p=38565"},"modified":"2026-04-18T23:48:07","modified_gmt":"2026-04-18T21:48:07","slug":"xiaomi-oil-free-air-fryer-mi-smart-air-fryer-3-5l","status":"publish","type":"product","link":"https:\/\/www.kibotek.com\/pt\/kibostore\/xiaomi-freidora-de-aire-sin-aceite-mi-smart-air-fryer-3-5l\/","title":{"rendered":"Fritadeira de Ar Sem \u00d3leo Xiaomi - Mi Smart Air Fryer 3.5L"},"content":{"rendered":"<p>Compre a Fritadeira Xiaomi Air sem \u00f3leo - Mi Smart Air Fryer 3.5L com frete da Espanha para toda a Europa em 24 \/ 72h e dois anos de garantia.<\/p>\n<ul>\n<li>Fritadeira sem \u00f3leo<\/li>\n<li>Controle de toque OLED<\/li>\n<li>Vinculando ao APP Mi Home<\/li>\n<li>Capacidade 3,5L<\/li>\n<li>Aquecimento de circula\u00e7\u00e3o de ar quente 360 \u00b0<\/li>\n<li>Bandeja remov\u00edvel<\/li>\n<li>Temperatura ajust\u00e1vel<\/li>\n<li>Conectividade wi-fi<\/li>\n<li>3,9 kg de peso<\/li>\n<li><span class=\"xm-text f18 f-medium c323232\" data-key=\"spec_12\" data-type=\"text\" data-id=\"co9idhvrc9\">Pot\u00eancia nominal de <\/span><span class=\"xm-text f18 f-light c646464\" data-key=\"spec_13\" data-type=\"text\" data-id=\"qp76omrye3\">1500W<\/span><\/li>\n<li>Tens\u00e3o nominal <span class=\"xm-text f18 f-light c646464\" data-key=\"spec_5\" data-type=\"text\" data-id=\"ihhdbkr98k\">220-240 V<\/span><\/li>\n<li>Freq\u00fc\u00eancia nominal <span class=\"xm-text f18 f-light c646464\" data-key=\"spec_7\" data-type=\"text\" data-id=\"un5dpk2w24\">50-60 Hz<\/span><\/li>\n<li>Dimens\u00f5es 13 &#039;&#039; x 10 &#039;&#039; x 12 &#039;&#039;<\/li>\n<li>40-200 temperatura<\/li>\n<li>Aquecimento de circula\u00e7\u00e3o de ar quente 360 \u00b0<\/li>\n<li>Temperatura 40-200 \u00baC<\/li>\n<\/ul>\n<p><strong>Conte\u00fado da caixa<\/strong><\/p>\n<ul>\n<li>1x Fritadeira Mi Smart Air<\/li>\n<li>1x placa<\/li>\n<li>1x Grill<\/li>\n<li>1x instru\u00e7\u00f5es<\/li>\n<\/ul>\n<h3>Cozinhe de forma saud\u00e1vel<\/h3>\n<p>Uma cozinha mais saud\u00e1vel com muito pouco \u00f3leo e pouca gordura ser\u00e1 poss\u00edvel gra\u00e7as a este novo aparelho que a Xiaomi introduz nas nossas fronteiras. Entre as caracter\u00edsticas que encontramos nesta espetacular fritadeira, podemos destacar que al\u00e9m de <strong>fritar com ar quente tamb\u00e9m pode assar, fazer iogurte, fruta seca, descongelar<\/strong>\u2026 E tudo sem deixar uma gota de fuma\u00e7a.<\/p>\n<p>Voc\u00ea receber\u00e1 um <strong>comida saud\u00e1vel e r\u00e1pida<\/strong> gra\u00e7as \u00e0 circula\u00e7\u00e3o de <strong>Ar quente 360 \u00b0<\/strong> com o qual voc\u00ea pode cozinhar rapidamente. Tem um cozimento cont\u00ednuo de at\u00e9 24 horas, j\u00e1 que voc\u00ea pode ajustar sua temperatura de 40 graus para 200 graus e pode estar com a comida pronta ao chegar em casa ou ao acordar. Voc\u00ea tamb\u00e9m pode agendar com at\u00e9 24 horas de anteced\u00eancia para ter comida quente esperando por voc\u00ea quando chegar em casa. E voc\u00ea controla tudo gra\u00e7as ao seu <strong>Tela de toque OLED.<\/strong><\/p>\n<h3>10 design como a Xiaomi nos acostuma<\/h3>\n<p>Um design alinhado com o resto dos componentes do Xiaomi Smarthome World. Como \u00e9 habitual no fabricante chin\u00eas, esta fritadeira tem um design branco sem qualquer estrid\u00eancia, o que a tornar\u00e1 espectacular onde quer que a coloque. Um design simples e simples e em linha com o que a Xiaomi nos habituou.<\/p>\n<h3>Opera\u00e7\u00e3o Simples<\/h3>\n<p>Quanto \u00e0 opera\u00e7\u00e3o, podemos dizer que com esta espetacular fritadeira usaremos menos \u00f3leo e n\u00e3o geraremos fuma\u00e7a. O \u00f3leo em seu interior \u00e9 bem frito em circula\u00e7\u00e3o de ar quente 360 \u00b0 proporcionando uma refei\u00e7\u00e3o deliciosa com menos gordura e mais saud\u00e1vel. Os alimentos <strong>aque\u00e7a uniformemente, criando uma camada externa crocante<\/strong> e mantendo o interior macio.<\/p>\n<p>A temperatura pode ser ajustada de <strong>40 graus cent\u00edgrados a 200 graus<\/strong> cent\u00edgrado. A faixa de temperatura baixa iria de 40 graus a 80 graus e valeria a pena poder fazer iogurte, frutas secas e carnes ou descongelar. A faixa de 80 a 200 graus \u00e9 automaticamente combinada com uma alta velocidade de rota\u00e7\u00e3o para um r\u00e1pido aumento da temperatura e seria \u00fatil, por exemplo, para fazer vegetais mistos, batatas fritas, asas de frango ou p\u00e3o.<\/p>\n<p>Al\u00e9m de tudo isso, voc\u00ea tamb\u00e9m pode tirar a cesta para verificar o estado de cozimento de seus alimentos e o cozimento ser\u00e1 pausado automaticamente.<\/p>\n<h3>Controle da tela de toque<\/h3>\n<p>Com o seu ecr\u00e3 t\u00e1ctil OLED simples e visual, n\u00e3o s\u00f3 conseguir\u00e1 ajustar a temperatura e o tempo de cozedura, mas tamb\u00e9m o lembrar\u00e1 quando for a altura de virar ou sacudir os alimentos.<\/p>\n<p>Todos os componentes s\u00e3o fritadeira <strong>podem ser lavados na m\u00e1quina de lavar lou\u00e7a<\/strong> E o cesto de fritar \u00e9 composto por 7 camadas com um revestimento antiaderente PTFE de dupla camada que o torna resistente ao desgaste e f\u00e1cil de limpar.<\/p>\n<p>Na kiboTEK voc\u00ea pode comprar a Fritadeira de Ar Sem \u00d3leo Xiaomi - Mi Smart Air Fryer 3.5L <strong>com a garantia e seguran\u00e7a da melhor loja online Xiaomi na Espanha Europa.<\/strong><\/p>\n<p>Na kiboTEK, enviamos a Fritadeira a Ar Livre de \u00d3leo Xiaomi - Fritadeira Mi Smart Air 3.5L para mais de 30 pa\u00edses diferentes na Europa em <strong>24 \/ 72h com dois anos de garantia<\/strong>. Verifique e calcule os portes de envio no carrinho inserindo a sua morada.<\/p>","protected":false},"excerpt":{"rendered":"<p><strong><em>COMPRE AGORA E RECEBA EM 24H NA PEN\u00cdNSULA \ud83d\ude80<\/em><\/strong><\/p>\n<p><strong><em>COMPRE AGORA E RECEBA EM 72H NA EUROPA \ud83d\ude80<\/em><\/strong><\/p>\n<p><strong><em>GARANTIA OFICIAL DE 3 ANOS \u2699\ufe0f<\/em><\/strong><\/p>","protected":false},"featured_media":38567,"comment_status":"open","ping_status":"closed","template":"","meta":{"iawp_total_views":248},"product_brand":[8155],"product_cat":[5521,5515,332],"product_tag":[1798,7698,6771],"class_list":{"0":"post-38565","1":"product","2":"type-product","3":"status-publish","4":"has-post-thumbnail","6":"product_brand-comprar-lo-mejor-de-xiaomi","7":"product_cat-comprar-smarthome-scooters-camaras","8":"product_cat-smartwatch-pulseras-tv-auriculares-smarthome-salud-relojes-para-ninos","9":"product_cat-comprar-los-mejores-moviles-mas-famosos","10":"product_tag-acc_top","11":"product_tag-all","12":"product_tag-ofertas","14":"first","15":"instock","16":"sale","17":"taxable","18":"shipping-taxable","19":"purchasable","20":"product-type-simple"},"supplier_id":null,"supplier_sku":"","barcode":null,"atum_controlled":true,"out_stock_date":null,"out_stock_threshold":null,"inheritable":false,"inbound_stock":0,"stock_on_hold":0,"sold_today":0,"sales_last_days":0,"reserved_stock":0,"customer_returns":0,"warehouse_damage":0,"lost_in_post":0,"other_logs":0,"out_stock_days":0,"lost_sales":0,"has_location":true,"update_date":"2026-04-18T21:48:08","atum_locations":[{"id":41,"name":"Bilbao","slug":"bilbao"}],"atum_stock_status":"instock","restock_status":false,"low_stock_amount":0,"sales_update_date":"2026-04-17T05:02:00","calc_backorders":null,"_links":{"self":[{"href":"https:\/\/www.kibotek.com\/pt\/wp-json\/wp\/v2\/product\/38565","targetHints":{"allow":["GET"]}}],"collection":[{"href":"https:\/\/www.kibotek.com\/pt\/wp-json\/wp\/v2\/product"}],"about":[{"href":"https:\/\/www.kibotek.com\/pt\/wp-json\/wp\/v2\/types\/product"}],"replies":[{"embeddable":true,"href":"https:\/\/www.kibotek.com\/pt\/wp-json\/wp\/v2\/comments?post=38565"}],"version-history":[{"count":0,"href":"https:\/\/www.kibotek.com\/pt\/wp-json\/wp\/v2\/product\/38565\/revisions"}],"wp:featuredmedia":[{"embeddable":true,"href":"https:\/\/www.kibotek.com\/pt\/wp-json\/wp\/v2\/media\/38567"}],"wp:attachment":[{"href":"https:\/\/www.kibotek.com\/pt\/wp-json\/wp\/v2\/media?parent=38565"}],"wp:term":[{"taxonomy":"product_brand","embeddable":true,"href":"https:\/\/www.kibotek.com\/pt\/wp-json\/wp\/v2\/product_brand?post=38565"},{"taxonomy":"product_cat","embeddable":true,"href":"https:\/\/www.kibotek.com\/pt\/wp-json\/wp\/v2\/product_cat?post=38565"},{"taxonomy":"product_tag","embeddable":true,"href":"https:\/\/www.kibotek.com\/pt\/wp-json\/wp\/v2\/product_tag?post=38565"}],"curies":[{"name":"wp","href":"https:\/\/api.w.org\/{rel}","templated":true}]}}