{"id":34910,"date":"2021-01-31T14:07:06","date_gmt":"2021-01-31T13:07:06","guid":{"rendered":"https:\/\/www.kibotek.com\/?post_type=product&#038;p=34910"},"modified":"2026-05-14T23:09:16","modified_gmt":"2026-05-14T21:09:16","slug":"wireless-controllers-joystick-type-ps1","status":"publish","type":"product","link":"https:\/\/www.kibotek.com\/pt\/kibostore\/mandos-inalambricos-joystick-tipo-ps1\/","title":{"rendered":"Controladores de joystick sem fio tipo PS1"},"content":{"rendered":"<p>Compre controladores de joystick sem fio PS1 com remessa da Espanha para toda a Europa em 24\/72 horas e 2 anos de garantia.<\/p>\n<ul>\n<li>2 controladores sem fio estilo PlayStation<\/li>\n<li>Conex\u00e3o sem fio de 2,4 GHz<\/li>\n<li>Joystick duplo sem vibra\u00e7\u00e3o<\/li>\n<li>Controle remoto de 10 metros sem atraso<\/li>\n<li>Design ergon\u00f4mico<\/li>\n<li>Conex\u00e3o autom\u00e1tica<\/li>\n<li>Material tipo ABS<\/li>\n<li>Tamanho aproximado de 15 x 10 x 5 \/ 5,91 \u00d7 3,94 \u00d7 1,97 pol.<\/li>\n<li><span data-spm-anchor-id=\"a2g0o.detail.1000023.i3.7f1671fbQIv9sV\">2 pilhas AA (n\u00e3o inclu\u00eddas)<\/span><\/li>\n<li>Cor preta<\/li>\n<\/ul>\n<p>Desfrute dos melhores jogos com estes dois controladores sem fios do tipo PlayStation. Voc\u00ea pode conect\u00e1-los facilmente ao console Pandora box 3D SAGA ou a qualquer PC, TV Box ou diferentes tipos de consoles. A conex\u00e3o \u00e9 autom\u00e1tica e apenas ligando voc\u00ea pode jogar seus jogos favoritos.<\/p>\n<p>Na kiboTEK pode adquirir os controladores sem fios joystick tipo PS1 com a garantia e seguran\u00e7a da melhor loja online de Espanha e Europa.<\/p>\n<p>Na kiboTEK, enviamos os controladores joystick sem fio PS1 para mais de 29 pa\u00edses al\u00e9m da Europa em 24\/72 horas com garantia de dois anos. Verifique e calcule os portes de envio no carrinho inserindo a sua morada.<\/p>","protected":false},"excerpt":{"rendered":"<p><strong><em>COMPRE AGORA E RECEBA EM 24H NA ESPANHA\ud83d\ude80<\/em><\/strong><\/p>\n<p><strong><em>COMPRE AGORA E RECEBA EM 72H NA EUROPA \ud83d\ude80<\/em><\/strong><\/p>","protected":false},"featured_media":34897,"comment_status":"open","ping_status":"closed","template":"","meta":{"iawp_total_views":296},"product_brand":[8166],"product_cat":[2611,80,7078,5514],"product_tag":[6771,1794],"class_list":{"0":"post-34910","1":"product","2":"type-product","3":"status-publish","4":"has-post-thumbnail","6":"product_brand-pandorabox3d","7":"product_cat-multimedia-xiaomi","8":"product_cat-comprar-los-mejores-accesorios-para-moviles","9":"product_cat-accesorios-pc","10":"product_cat-consolas-retro-gaming-arcade-bartop-pandora-box-anbernic-powkiddy","11":"product_tag-ofertas","12":"product_tag-top10","14":"first","15":"instock","16":"sale","17":"taxable","18":"shipping-taxable","19":"purchasable","20":"product-type-simple"},"supplier_id":null,"supplier_sku":"","barcode":null,"atum_controlled":true,"out_stock_date":null,"out_stock_threshold":null,"inheritable":false,"inbound_stock":0,"stock_on_hold":0,"sold_today":0,"sales_last_days":0,"reserved_stock":0,"customer_returns":0,"warehouse_damage":0,"lost_in_post":0,"other_logs":0,"out_stock_days":0,"lost_sales":0,"has_location":true,"update_date":"2026-05-14T21:09:17","atum_locations":[{"id":41,"name":"Bilbao","slug":"bilbao"}],"atum_stock_status":"instock","restock_status":false,"low_stock_amount":0,"sales_update_date":"2026-04-29T00:00:31","calc_backorders":null,"_links":{"self":[{"href":"https:\/\/www.kibotek.com\/pt\/wp-json\/wp\/v2\/product\/34910","targetHints":{"allow":["GET"]}}],"collection":[{"href":"https:\/\/www.kibotek.com\/pt\/wp-json\/wp\/v2\/product"}],"about":[{"href":"https:\/\/www.kibotek.com\/pt\/wp-json\/wp\/v2\/types\/product"}],"replies":[{"embeddable":true,"href":"https:\/\/www.kibotek.com\/pt\/wp-json\/wp\/v2\/comments?post=34910"}],"version-history":[{"count":0,"href":"https:\/\/www.kibotek.com\/pt\/wp-json\/wp\/v2\/product\/34910\/revisions"}],"wp:featuredmedia":[{"embeddable":true,"href":"https:\/\/www.kibotek.com\/pt\/wp-json\/wp\/v2\/media\/34897"}],"wp:attachment":[{"href":"https:\/\/www.kibotek.com\/pt\/wp-json\/wp\/v2\/media?parent=34910"}],"wp:term":[{"taxonomy":"product_brand","embeddable":true,"href":"https:\/\/www.kibotek.com\/pt\/wp-json\/wp\/v2\/product_brand?post=34910"},{"taxonomy":"product_cat","embeddable":true,"href":"https:\/\/www.kibotek.com\/pt\/wp-json\/wp\/v2\/product_cat?post=34910"},{"taxonomy":"product_tag","embeddable":true,"href":"https:\/\/www.kibotek.com\/pt\/wp-json\/wp\/v2\/product_tag?post=34910"}],"curies":[{"name":"wp","href":"https:\/\/api.w.org\/{rel}","templated":true}]}}