{"id":6926,"date":"2019-02-25T20:23:53","date_gmt":"2019-02-25T18:23:53","guid":{"rendered":"https:\/\/www.kibotek.com\/?page_id=6926"},"modified":"2025-08-30T16:28:12","modified_gmt":"2025-08-30T14:28:12","slug":"comprar-xiaomi-espanha","status":"publish","type":"page","link":"https:\/\/www.kibotek.com\/pt\/comprar-xiaomi-espana\/","title":{"rendered":"Compre Xiaomi Espanha"},"content":{"rendered":"<h3>Compre Xiaomi na Espanha<\/h3>\n<p>Se voc\u00ea est\u00e1 interessado em comprar Xiaomi na Espanha com todas as garantias <strong><span style=\"color: #ff7d06;\"><a style=\"color: #ff7d06;\" href=\"https:\/\/www.kibotek.com\/pt\/\">kiboTEK<\/a><\/span><\/strong> \u00e9 a sua loja online. Somos especialistas em celulares Xiaomi, pois nossos clientes podem comprar na kiboTEK desde 2014 com uma garantia espanhola de 2 anos. Hoje, comprar um smartphone Xiaomi garante uma \u00f3tima rela\u00e7\u00e3o qualidade \/ pre\u00e7o.<\/p>\n<h3>Compre Xiaomi na Espanha com 3 anos de garantia oficial<\/h3>\n<p>Desfrute de uma compra segura com anos de garantia oficial espanhola.<\/p>\n<h3>Compre Xiaomi com frete da Espanha em 24 horas<\/h3>\n<p>Dentro <strong><span style=\"color: #ff7d06;\"><a style=\"color: #ff7d06;\" href=\"https:\/\/www.kibotek.com\/pt\/\">kiboTEK<\/a><\/span><\/strong> Voc\u00ea pode comprar um smartphone Xiaomi e receb\u00ea-lo em 24 horas em sua casa. Al\u00e9m disso, o envio \u00e9 gratuito para encomendas superiores a \u20ac 100.<\/p>\n<h3>Xiaomi Espanha<\/h3>\n<p><a href=\"https:\/\/es.wikipedia.org\/wiki\/Xiaomi\" rel=\"nofollow noopener\" target=\"_blank\">Xiaomi<\/a> na Espanha, cresceu nos \u00faltimos anos e se tornou uma das marcas favoritas dos usu\u00e1rios. Seu sucesso se deve ao valor pelo dinheiro que seus celulares obt\u00eam. Desde que a Xiaomi foi criada em 2010, a marca chinesa conseguiu reunir uma legi\u00e3o de fi\u00e9is MiFans em todo o mundo.<\/p>\n<h4>Smartphones Xiaomi<\/h4>\n<p>A Xiaomi na Espanha possui uma ampla gama de produtos onde voc\u00ea pode encontrar smartphones, gadgets, tablets, laptops ou acess\u00f3rios.<\/p>\n<p>O ecossistema Xiaomi<\/p>\n<p>A marca chinesa nos deixa sem palavras com a grande quantidade de aparelhos que possui em seu portf\u00f3lio.<\/p>\n<p>Todos <strong><span style=\"color: #ff7d06;\"><a style=\"color: #ff7d06;\" href=\"https:\/\/www.kibotek.com\/pt\/brand\/compre-o-melhor-de-xiaomi\/\">Cat\u00e1logo da Xiaomi<\/a><\/span><\/strong> \u00e0 sua disposi\u00e7\u00e3o em <a href=\"https:\/\/www.kibotek.com\/pt\/\"><strong><span style=\"color: #ff7d06;\">kiboTEK<\/span><\/strong><\/a>, loja <span style=\"color: #ff0000;\">dentro<\/span> Espanha <span style=\"color: #ff0000;\">para<\/span> Espanha e <span style=\"color: #ff0000;\">Desde a<\/span> Espanha. Desde 2014 oferecendo a melhor tecnologia a pre\u00e7os ainda mais honestos.<\/p>","protected":false},"excerpt":{"rendered":"<p>Comprar Xiaomi en Espa\u00f1a Si estas interesado en comprar Xiaomi en Espa\u00f1a con todas las garant\u00edas kiboTEK es tu tienda<\/p>","protected":false},"author":12,"featured_media":0,"parent":0,"menu_order":0,"comment_status":"closed","ping_status":"closed","template":"","meta":{"iawp_total_views":967,"footnotes":""},"class_list":["post-6926","page","type-page","status-publish","hentry"],"rttpg_featured_image_url":null,"rttpg_author":{"display_name":"kiboadm","author_link":"https:\/\/www.kibotek.com\/pt\/kibonews\/author\/kiboadm-2-2-2-2-2-2-2-2-2-2-2-2-2\/"},"rttpg_comment":0,"rttpg_category":null,"rttpg_excerpt":"Comprar Xiaomi en Espa\u00f1a Si estas interesado en comprar Xiaomi en Espa\u00f1a con todas las garant\u00edas kiboTEK es tu tienda","_links":{"self":[{"href":"https:\/\/www.kibotek.com\/pt\/wp-json\/wp\/v2\/pages\/6926","targetHints":{"allow":["GET"]}}],"collection":[{"href":"https:\/\/www.kibotek.com\/pt\/wp-json\/wp\/v2\/pages"}],"about":[{"href":"https:\/\/www.kibotek.com\/pt\/wp-json\/wp\/v2\/types\/page"}],"author":[{"embeddable":true,"href":"https:\/\/www.kibotek.com\/pt\/wp-json\/wp\/v2\/users\/12"}],"replies":[{"embeddable":true,"href":"https:\/\/www.kibotek.com\/pt\/wp-json\/wp\/v2\/comments?post=6926"}],"version-history":[{"count":0,"href":"https:\/\/www.kibotek.com\/pt\/wp-json\/wp\/v2\/pages\/6926\/revisions"}],"wp:attachment":[{"href":"https:\/\/www.kibotek.com\/pt\/wp-json\/wp\/v2\/media?parent=6926"}],"curies":[{"name":"wp","href":"https:\/\/api.w.org\/{rel}","templated":true}]}}