{"id":3,"date":"2018-10-09T18:11:10","date_gmt":"2018-10-09T18:11:10","guid":{"rendered":"https:\/\/www.kibotek.com\/?page_id=3"},"modified":"2020-11-17T22:20:27","modified_gmt":"2020-11-17T21:20:27","slug":"politica-de-privacidade","status":"publish","type":"page","link":"https:\/\/www.kibotek.com\/pt\/politica-privacidad\/","title":{"rendered":"Pol\u00edtica de privacidade"},"content":{"rendered":"<h2>Quem somos<\/h2>\n<p>O endere\u00e7o do nosso site \u00e9: https:\/\/www.kibotek.com.<\/p>\n<p>O propriet\u00e1rio deste site \u00e9 Sainz Caballero Comunicaciones, SL (doravante SCCOM), uma empresa espanhola com CIF B-95782819, registrada em 6 de novembro de 2014 no Registro Mercantil de Bilbao, Volume 5495, Folio 32, primeira entrada com folha BI-65157 e com sede em Karmelo Torre 14, Basauri em Biscaia.<\/p>\n<h2>Quais dados pessoais coletamos e por que os coletamos<\/h2>\n<p>Enquanto voc\u00ea visita nosso site, acompanharemos:<\/p>\n<p>- Os produtos que voc\u00ea viu: usaremos isso para, por exemplo, mostrar produtos que voc\u00ea viu recentemente.<br \/>\n- Localiza\u00e7\u00e3o, endere\u00e7o IP e tipo de navegador: usaremos isso para fins de estimativa de impostos e custos de envio.<br \/>\n- Endere\u00e7o de envio: pediremos que voc\u00ea forne\u00e7a isso para que possamos, por exemplo, estimar o custo do envio antes de fazer um pedido e enviar o pedido para voc\u00ea!<\/p>\n<p>Quando voc\u00ea compra algo de n\u00f3s, pedimos que voc\u00ea forne\u00e7a informa\u00e7\u00f5es que incluem seu nome, endere\u00e7o de cobran\u00e7a, n\u00famero de identifica\u00e7\u00e3o ou IVA, endere\u00e7o de entrega, endere\u00e7o de e-mail, n\u00famero de telefone, detalhes de cart\u00e3o de cr\u00e9dito \/ pagamento e informa\u00e7\u00f5es adicionais opcionais, como nome. usu\u00e1rio e senha. Usaremos essas informa\u00e7\u00f5es para finalidades como:<\/p>\n<p>- Enviar informa\u00e7\u00f5es sobre sua conta e pedido<br \/>\n- Responda \u00e0s suas solicita\u00e7\u00f5es, incluindo reembolsos e reclama\u00e7\u00f5es<br \/>\n- Processar pagamentos e evitar fraudes<br \/>\n- Configure sua conta para nossa loja e gerencie a garantia do que voc\u00ea comprou<br \/>\n- Cumprir todas as obriga\u00e7\u00f5es legais que temos, como c\u00e1lculos de impostos, faturamento e contabilidade<br \/>\n- Melhore as ofertas da nossa loja<br \/>\n- Enviar mensagens promocionais, se voc\u00ea optar por receb\u00ea-las<\/p>\n<p>Se voc\u00ea criar uma conta, iremos armazenar seu nome, endere\u00e7o, e-mail e n\u00famero de telefone, que usaremos para o processo de pagamento e pedidos futuros.<\/p>\n<p>Tamb\u00e9m armazenamos coment\u00e1rios ou classifica\u00e7\u00f5es, se voc\u00ea decidir deix\u00e1-los.<\/p>\n<p>Os membros da nossa equipe t\u00eam acesso \u00e0s informa\u00e7\u00f5es que voc\u00ea nos fornece. Por exemplo, administradores e gerentes de loja podem acessar:<\/p>\n<ul>\n<li>Informa\u00e7\u00f5es do pedido, como o que foi comprado, quando foi comprado e para onde deve ser enviado, e<\/li>\n<li>Informa\u00e7\u00f5es do cliente, como seu nome, endere\u00e7o de e-mail e informa\u00e7\u00f5es de cobran\u00e7a e envio.<\/li>\n<\/ul>\n<p>Membros de nossa equipe t\u00eam acesso a essas informa\u00e7\u00f5es para ajudar a concluir pedidos, processar reembolsos e oferecer suporte a voc\u00ea.<\/p>\n<h3>Coment\u00e1rios<\/h3>\n<p>Quando os visitantes deixam coment\u00e1rios na web, coletamos os dados exibidos no formul\u00e1rio de coment\u00e1rios, bem como o endere\u00e7o IP do visitante e a string do agente do usu\u00e1rio do navegador para ajudar a detectar spam.<\/p>\n<p>Uma string an\u00f4nima criada a partir do seu endere\u00e7o de e-mail (tamb\u00e9m chamado de hash) pode ser fornecida ao servi\u00e7o Gravatar para ver se voc\u00ea est\u00e1 usando. A pol\u00edtica de privacidade do servi\u00e7o Gravatar est\u00e1 dispon\u00edvel aqui: https:\/\/automattic.com\/privacy\/. Ap\u00f3s a aprova\u00e7\u00e3o do seu coment\u00e1rio, a foto do seu perfil ficar\u00e1 vis\u00edvel ao p\u00fablico no contexto do seu coment\u00e1rio.<\/p>\n<h3>meios de comunica\u00e7\u00e3o<\/h3>\n<p>Se voc\u00ea fizer upload de imagens para a web, evite fazer upload de imagens com dados de localiza\u00e7\u00e3o (EXIF GPS) inclu\u00eddos. Os visitantes do site podem baixar e extrair quaisquer dados de localiza\u00e7\u00e3o das imagens do site.<\/p>\n<h3>Formul\u00e1rios de contato<\/h3>\n<p>No formul\u00e1rio de contato, coletamos o nome e o endere\u00e7o de e-mail para fins de atendimento ao cliente. N\u00e3o usamos as informa\u00e7\u00f5es enviadas por meio deles para fins de marketing<\/p>\n<h3>biscoitos<\/h3>\n<p>Se voc\u00ea deixar um coment\u00e1rio em nosso site, poder\u00e1 escolher salvar seu nome, endere\u00e7o de e-mail e site em cookies. Isso \u00e9 para sua conveni\u00eancia, para que voc\u00ea n\u00e3o precise preencher seus dados novamente ao deixar outro coment\u00e1rio. Esses cookies v\u00e3o durar um ano.<\/p>\n<p>Se voc\u00ea tiver uma conta e se conectar a este site, definiremos um cookie tempor\u00e1rio para determinar se o seu navegador aceita cookies. Este cookie n\u00e3o cont\u00e9m dados pessoais e \u00e9 exclu\u00eddo quando o navegador \u00e9 fechado.<\/p>\n<p>Quando voc\u00ea faz login, tamb\u00e9m instalaremos v\u00e1rios cookies para salvar suas informa\u00e7\u00f5es de login e op\u00e7\u00f5es de exibi\u00e7\u00e3o na tela. Os cookies de login duram dois dias e os cookies de op\u00e7\u00f5es de tela duram um ano. Se voc\u00ea selecionar \u201cLembrar-me\u201d, seu login durar\u00e1 duas semanas. Se voc\u00ea sair da sua conta, os cookies de login ser\u00e3o removidos.<\/p>\n<p>Se voc\u00ea editar ou publicar um artigo, um cookie adicional ser\u00e1 salvo em seu navegador. Este cookie n\u00e3o inclui dados pessoais e simplesmente indica o ID do artigo que acabou de editar. Ele expira ap\u00f3s 1 dia.<\/p>\n<p>Tamb\u00e9m usamos cookies para rastrear o conte\u00fado do carrinho enquanto voc\u00ea navega em nosso site.<\/p>\n<p>Voc\u00ea pode verificar nosso <a href=\"https:\/\/www.kibotek.com\/pt\/politica-de-cookies\/\">Pol\u00edtica de cookies<\/a>.<\/p>\n<h3>Conte\u00fado incorporado de outros sites<\/h3>\n<p>Os artigos neste site podem incluir conte\u00fado incorporado (por exemplo, v\u00eddeos, imagens, artigos, etc.). O conte\u00fado incorporado de outros sites se comporta exatamente da mesma maneira como se o visitante tivesse visitado o outro site.<\/p>\n<p>Esses sites podem coletar dados sobre voc\u00ea, usar cookies, incorporar rastreamento de terceiros adicional e monitorar sua intera\u00e7\u00e3o com esse conte\u00fado incorporado, incluindo o rastreamento de sua intera\u00e7\u00e3o com o conte\u00fado incorporado, se voc\u00ea tiver uma conta e estiver conectado a esse site.<\/p>\n<h3>Analytics<\/h3>\n<p>Usamos o Google Analytics para analisar como nossos usu\u00e1rios usam os sites SCCOM. O Google Analytics nos fornece dados agregados para nos ajudar a tomar decis\u00f5es de neg\u00f3cios informadas. Em \u00faltima an\u00e1lise, o Google, como terceiro, controla as informa\u00e7\u00f5es coletadas por meio do Google Analytics e voc\u00ea deve verificar e se sentir confort\u00e1vel com suas pr\u00e1ticas de privacidade antes de usar os sites SCCOM. Voc\u00ea pode revisar as informa\u00e7\u00f5es sobre as pr\u00e1ticas de privacidade do Google em rela\u00e7\u00e3o ao Google Analytics em <a href=\"https:\/\/policies.google.com\/privacy\" rel=\"nofollow noopener\" target=\"_blank\">https:\/\/policies.google.com\/privacy<\/a> .<\/p>\n<h2>Com quem compartilhamos seus dados<\/h2>\n<p>N\u00f3s apenas compartilhamos dados pessoais com o provedor de transporte e gateways de pagamento, como Redsys ou Paypal. Ao processar pagamentos, alguns de seus dados ser\u00e3o passados para o gateway de pagamento, incluindo as informa\u00e7\u00f5es necess\u00e1rias para processar ou dar suporte ao pagamento, como o total da compra e informa\u00e7\u00f5es de faturamento.<\/p>\n<h2>Por quanto tempo mantemos seus dados<\/h2>\n<p>Se voc\u00ea deixar um coment\u00e1rio, o coment\u00e1rio e seus metadados ser\u00e3o preservados indefinidamente. Isso \u00e9 para que possamos reconhecer e aprovar coment\u00e1rios subsequentes automaticamente, em vez de mant\u00ea-los em uma fila de modera\u00e7\u00e3o.<\/p>\n<p>Dos usu\u00e1rios que se cadastram em nosso site (se houver), tamb\u00e9m armazenamos as informa\u00e7\u00f5es pessoais que eles fornecem em seu perfil de usu\u00e1rio. Todos os usu\u00e1rios podem visualizar, editar ou excluir suas informa\u00e7\u00f5es pessoais a qualquer momento (exceto que eles n\u00e3o podem alterar seu nome de usu\u00e1rio). Os administradores do site tamb\u00e9m podem visualizar e editar essas informa\u00e7\u00f5es.<\/p>\n<p>Normalmente armazenamos informa\u00e7\u00f5es sobre voc\u00ea pelo tempo que precisarmos delas para os fins para os quais as coletamos e usamos, e n\u00e3o somos legalmente obrigados a mant\u00ea-las. Por exemplo, armazenaremos informa\u00e7\u00f5es de pedidos por 2 anos para fins tribut\u00e1rios, cont\u00e1beis e de gerenciamento de garantia. Isso inclui seu nome, endere\u00e7o de e-mail e endere\u00e7os de cobran\u00e7a e envio.<\/p>\n<h2>Que direitos voc\u00ea tem sobre seus dados?<\/h2>\n<p>Se voc\u00ea possui uma conta ou deixou coment\u00e1rios neste site, pode solicitar o recebimento de um arquivo de exporta\u00e7\u00e3o dos dados pessoais que mantemos sobre voc\u00ea, incluindo quaisquer dados que voc\u00ea nos forneceu. Voc\u00ea tamb\u00e9m pode solicitar que excluamos todos os dados pessoais que temos sobre voc\u00ea. Isso n\u00e3o inclui quaisquer dados que somos obrigados a manter para fins administrativos, legais ou de seguran\u00e7a.<\/p>\n<h2>Para onde enviamos seus dados<\/h2>\n<p>N\u00e3o realizamos transfer\u00eancias de dados fora da Uni\u00e3o Europeia.<\/p>\n<h2>Informa\u00e7\u00e3o adicional<\/h2>\n<h3>Como protegemos seus dados<\/h3>\n<p>A seguran\u00e7a de suas informa\u00e7\u00f5es \u00e9 importante para n\u00f3s, incluindo, sem limita\u00e7\u00e3o, informa\u00e7\u00f5es pessoais coletadas por meio dos sites e servi\u00e7os da SCCOM. Usamos medidas de seguran\u00e7a razo\u00e1veis para nos proteger contra a perda, mau uso e altera\u00e7\u00e3o das informa\u00e7\u00f5es pessoais sob nosso controle, tanto durante a transmiss\u00e3o quanto assim que as recebemos. Isso inclui, mas n\u00e3o se limita ao uso de firewalls e criptografia. Embora fa\u00e7amos grandes esfor\u00e7os para manter a seguran\u00e7a de tais informa\u00e7\u00f5es pessoais, nenhum m\u00e9todo de transmiss\u00e3o pela Internet ou armazenamento eletr\u00f4nico \u00e9 100% seguro e n\u00e3o podemos garantir que ser\u00e1 mantido livre de acesso, uso, divulga\u00e7\u00e3o ou modifica\u00e7\u00e3o n\u00e3o autorizados. Al\u00e9m disso, embora trabalhemos duro para garantir um n\u00edvel razo\u00e1vel de integridade e seguran\u00e7a para nossa rede e sistemas, n\u00e3o podemos garantir ao 100% que nossas medidas de seguran\u00e7a impedir\u00e3o \u201chackers\u201d ou outras pessoas n\u00e3o autorizadas de acessar ou obter ilegalmente essas informa\u00e7\u00f5es.<\/p>\n<h3>Quais procedimentos usamos contra viola\u00e7\u00f5es de dados<\/h3>\n<p>Se soubermos de uma viola\u00e7\u00e3o de seguran\u00e7a envolvendo suas informa\u00e7\u00f5es pessoais, tentaremos notific\u00e1-lo eletronicamente para que voc\u00ea possa tomar as medidas de prote\u00e7\u00e3o adequadas. Ao usar os sites da SCCOM ou nos fornecer informa\u00e7\u00f5es pessoais, voc\u00ea concorda que podemos nos comunicar com voc\u00ea eletronicamente a respeito de quest\u00f5es de seguran\u00e7a, privacidade e administrativas relacionadas ao seu uso dos sites da SCCOM. Se ocorrer uma viola\u00e7\u00e3o dos sistemas de seguran\u00e7a, podemos publicar um aviso em nossa p\u00e1gina inicial ou em qualquer outro lugar nos sites da SCCOM e enviar um e-mail para o endere\u00e7o de e-mail que voc\u00ea nos forneceu. Dependendo de onde voc\u00ea mora, voc\u00ea pode ter o direito legal de ser notificado por escrito sobre uma viola\u00e7\u00e3o de seguran\u00e7a envolvendo suas informa\u00e7\u00f5es pessoais.<\/p>\n<h3><\/h3>","protected":false},"excerpt":{"rendered":"<p>Qui\u00e9nes somos La direcci\u00f3n de nuestra web es: https:\/\/www.kibotek.com. El titular de este sitio web es Sainz Caballero Comunicaciones, S.L.<\/p>","protected":false},"author":12,"featured_media":0,"parent":0,"menu_order":0,"comment_status":"closed","ping_status":"closed","template":"","meta":{"iawp_total_views":225,"footnotes":""},"class_list":["post-3","page","type-page","status-publish","hentry"],"rttpg_featured_image_url":null,"rttpg_author":{"display_name":"kiboadm","author_link":"https:\/\/www.kibotek.com\/pt\/kibonews\/author\/kiboadm-2-2-2-2-2-2-2-2-2-2-2-2-2\/"},"rttpg_comment":0,"rttpg_category":null,"rttpg_excerpt":"Qui\u00e9nes somos La direcci\u00f3n de nuestra web es: https:\/\/www.kibotek.com. El titular de este sitio web es Sainz Caballero Comunicaciones, S.L.","_links":{"self":[{"href":"https:\/\/www.kibotek.com\/pt\/wp-json\/wp\/v2\/pages\/3","targetHints":{"allow":["GET"]}}],"collection":[{"href":"https:\/\/www.kibotek.com\/pt\/wp-json\/wp\/v2\/pages"}],"about":[{"href":"https:\/\/www.kibotek.com\/pt\/wp-json\/wp\/v2\/types\/page"}],"author":[{"embeddable":true,"href":"https:\/\/www.kibotek.com\/pt\/wp-json\/wp\/v2\/users\/12"}],"replies":[{"embeddable":true,"href":"https:\/\/www.kibotek.com\/pt\/wp-json\/wp\/v2\/comments?post=3"}],"version-history":[{"count":0,"href":"https:\/\/www.kibotek.com\/pt\/wp-json\/wp\/v2\/pages\/3\/revisions"}],"wp:attachment":[{"href":"https:\/\/www.kibotek.com\/pt\/wp-json\/wp\/v2\/media?parent=3"}],"curies":[{"name":"wp","href":"https:\/\/api.w.org\/{rel}","templated":true}]}}