{"id":2102,"date":"2018-12-16T17:42:15","date_gmt":"2018-12-16T15:42:15","guid":{"rendered":"https:\/\/www.kibotek.com\/?page_id=2102"},"modified":"2020-11-17T22:19:49","modified_gmt":"2020-11-17T21:19:49","slug":"politica-de-cookies","status":"publish","type":"page","link":"https:\/\/www.kibotek.com\/pt\/politica-de-cookies\/","title":{"rendered":"Pol\u00edtica de cookies"},"content":{"rendered":"<h2>Quem somos<\/h2>\n<p>O endere\u00e7o do nosso site \u00e9: https:\/\/www.kibotek.com.<\/p>\n<p>O propriet\u00e1rio deste site \u00e9 Sainz Caballero Comunicaciones, SL (doravante SCCOM), uma empresa espanhola com CIF B-95782819, registrada em 6 de novembro de 2014 no Registro Mercantil de Bilbao, Volume 5495, Folio 32, primeira entrada com folha BI-65157 e com sede em Karmelo Torre 14, Basauri em Biscaia.<\/p>\n<h3>biscoitos<\/h3>\n<p>Se voc\u00ea deixar um coment\u00e1rio em nosso site, poder\u00e1 escolher salvar seu nome, endere\u00e7o de e-mail e site em cookies. Isto \u00e9 para sua conveni\u00eancia, para que n\u00e3o tenha de preencher novamente os seus dados quando deixar outro coment\u00e1rio. Esses cookies v\u00e3o durar um ano.<\/p>\n<p>Se voc\u00ea tiver uma conta e se conectar a este site, definiremos um cookie tempor\u00e1rio para determinar se o seu navegador aceita cookies. Este cookie n\u00e3o cont\u00e9m dados pessoais e \u00e9 exclu\u00eddo quando o navegador \u00e9 fechado.<\/p>\n<p>Quando voc\u00ea faz login, tamb\u00e9m instalaremos v\u00e1rios cookies para salvar suas informa\u00e7\u00f5es de login e op\u00e7\u00f5es de exibi\u00e7\u00e3o na tela. Os cookies de login duram dois dias e os cookies de op\u00e7\u00f5es de tela duram um ano. Se voc\u00ea selecionar \u201cLembrar-me\u201d, seu login durar\u00e1 duas semanas. Se voc\u00ea sair da sua conta, os cookies de login ser\u00e3o removidos.<\/p>\n<p>Se voc\u00ea editar ou publicar um artigo, um cookie adicional ser\u00e1 salvo em seu navegador. Este cookie n\u00e3o inclui dados pessoais e simplesmente indica o ID do artigo que acabou de editar. Ele expira ap\u00f3s 1 dia.<\/p>\n<p>Tamb\u00e9m usamos cookies para rastrear o conte\u00fado do carrinho enquanto voc\u00ea navega em nosso site.<\/p>\n<h3>Conte\u00fado incorporado de outros sites<\/h3>\n<p>Os artigos neste site podem incluir conte\u00fado incorporado (por exemplo, v\u00eddeos, imagens, artigos, etc.). O conte\u00fado incorporado de outros sites se comporta exatamente da mesma maneira como se o visitante tivesse visitado o outro site.<\/p>\n<p>Esses sites podem coletar dados sobre voc\u00ea, usar cookies, incorporar rastreamento adicional de terceiros e monitorar sua intera\u00e7\u00e3o com esse conte\u00fado incorporado, incluindo o rastreamento de sua intera\u00e7\u00e3o com o conte\u00fado incorporado, se voc\u00ea tiver uma conta e estiver conectado a esse site.<\/p>\n<h3>Pol\u00edtica geral de cookies<\/h3>\n<p>Como a maioria dos servi\u00e7os baseados na Web, o SCCOM pode receber e registrar informa\u00e7\u00f5es automaticamente quando voc\u00ea usa os sites e servi\u00e7os do SCCOM. Podemos coletar uma variedade de m\u00e9todos, incluindo GIFs claros (tamb\u00e9m conhecidos como &quot;web beacons&quot;) e &quot;cookies&quot;, para coletar essas informa\u00e7\u00f5es.<\/p>\n<p>Esta Pol\u00edtica de Cookies destina-se a inform\u00e1-lo sobre nosso uso de cookies e GIFs transparentes, mas n\u00e3o regula o uso de sites da SCCOM ou o processamento de informa\u00e7\u00f5es pessoais em sites da SCCOM. Portanto, a Pol\u00edtica de Cookies deve ser lida em conjunto com nossos <a href=\"https:\/\/www.kibotek.com\/pt\/politica-de-privacidade\/\">Pol\u00edtica de privacidade<\/a> e os <a href=\"https:\/\/www.kibotek.com\/pt\/termos-e-condicoes\/\">Termos e Condi\u00e7\u00f5es<\/a> Servi\u00e7o SCCOM. Qualquer termo em mai\u00fasculas nesta Pol\u00edtica de Cookies \u00e9 definido na Pol\u00edtica de Privacidade ou, na sua falta, nos Termos de Servi\u00e7o.<\/p>\n<p><strong>1. Cookies e outros meios de coleta de dados passivos automatizados<\/strong>.<\/p>\n<p>Nesta Pol\u00edtica de Cookies, cookies e outros meios automatizados (por exemplo, web beacons) ser\u00e3o referidos coletivamente como &quot;Cookies&quot; em toda esta pol\u00edtica, exceto conforme estabelecido nesta se\u00e7\u00e3o.<\/p>\n<p>Esta se\u00e7\u00e3o fornece mais informa\u00e7\u00f5es sobre algumas dessas tecnologias e como elas funcionam.<\/p>\n<p><strong>Cookies \/ Cookies<\/strong>.<\/p>\n<p>Um cookie \u00e9 uma sequ\u00eancia de informa\u00e7\u00f5es que um site armazena no computador de um visitante e que o navegador do visitante fornece ao site cada vez que o visitante retorna. A maioria dos principais sites usa cookies. Como o navegador fornece essas informa\u00e7\u00f5es de cookie ao site em cada visita, os cookies funcionam como uma esp\u00e9cie de tag que permite a um site &quot;reconhecer&quot; um navegador quando ele retorna ao site.<\/p>\n<p>Os cookies armazenam informa\u00e7\u00f5es sobre suas atividades em um site ou outra plataforma. Por exemplo, os cookies podem armazenar as informa\u00e7\u00f5es da sua sess\u00e3o para fazer login facilmente em um site ou outra plataforma que voc\u00ea tenha visitado anteriormente. Eles nos permitem tornar o uso dos sites e servi\u00e7os da SCCOM mais agrad\u00e1vel e melhorar a funcionalidade do servi\u00e7o.<\/p>\n<p><strong>GIFs transparentes<\/strong>.<\/p>\n<p>Clear GIFs (tamb\u00e9m conhecidos como web beacons) s\u00e3o usados em combina\u00e7\u00e3o com cookies para ajudar os operadores de sites a entender como os visitantes interagem com seus sites. Um GIF claro \u00e9 normalmente uma imagem gr\u00e1fica transparente (geralmente 1 pixel x 1 pixel) que \u00e9 colocada em um site. Usar um GIF claro permite que o site me\u00e7a as a\u00e7\u00f5es do visitante que abre a p\u00e1gina que cont\u00e9m o GIF claro. Ele facilita o rastreamento e o registro das atividades de um navegador reconhecido, como o caminho das p\u00e1ginas visitadas em um site.<\/p>\n<p>Arquivos GIF limpos, que podem ser incorporados em p\u00e1ginas da web, v\u00eddeos ou e-mails, podem permitir que um servidor da web leia certos tipos de informa\u00e7\u00f5es do seu navegador, verifique se voc\u00ea visualizou uma p\u00e1gina da web ou mensagem de e-mail espec\u00edfica e entre Outras coisas, a hora e a data em que voc\u00ea visualizou o Clear GIF, o endere\u00e7o IP do seu computador e o URL da p\u00e1gina da web de onde o Clear GIF foi visualizado.<\/p>\n<p>Para obter mais informa\u00e7\u00f5es sobre cookies e web beacons, visite <a href=\"http:\/\/www.allaboutcookies.org\/cookies\/\" rel=\"nofollow noopener\" target=\"_blank\">http:\/\/www.allaboutcookies.org\/cookies\/<\/a>.<\/p>\n<p><strong>2. Que informa\u00e7\u00f5es coletamos passivamente?<\/strong><\/p>\n<p>As informa\u00e7\u00f5es que podemos coletar com esses m\u00e9todos automatizados podem incluir, por exemplo, seu endere\u00e7o IP, informa\u00e7\u00f5es de cookies, um ID de usu\u00e1rio ou dispositivo exclusivo, tipo de navegador, tipo de sistema, o conte\u00fado e as p\u00e1ginas que voc\u00ea acessa no Sites ou servi\u00e7os da SCCOM, a frequ\u00eancia e dura\u00e7\u00e3o de suas visitas aos sites ou servi\u00e7os da SCCOM e o \u201cURL de refer\u00eancia\u201d (ou seja, a p\u00e1gina da qual voc\u00ea navegou para os sites da SCCOM). Tamb\u00e9m podemos usar cookies nos sites e servi\u00e7os da SCCOM para armazenar validadores de sess\u00e3o em seu disco r\u00edgido.<\/p>\n<p><strong>3. Como usamos os dados coletados passivamente?<\/strong><\/p>\n<p>Nos sites da SCCOM, podemos usar os dados coletados passivamente para: (a) lembrar suas informa\u00e7\u00f5es para que voc\u00ea n\u00e3o tenha que inseri-las novamente durante sua visita ou na pr\u00f3xima vez que visitar os sites da SCCOM; (b) monitorar sua participa\u00e7\u00e3o em v\u00e1rias se\u00e7\u00f5es dos sites da SCCOM; (c) personalizar nosso servi\u00e7o para voc\u00ea, incluindo recomenda\u00e7\u00f5es; (c) monitorar as m\u00e9tricas agregadas de uso do site, como o n\u00famero total de visitantes e p\u00e1ginas visitadas; e (d) administrar, operar e melhorar os sites da SCCOM e nossos outros servi\u00e7os e sistemas, e fornecer servi\u00e7os e conte\u00fado personalizados para voc\u00ea.<\/p>\n<p><strong>4. Quais cookies usamos e por qu\u00ea?<\/strong><\/p>\n<p>Usamos os seguintes tipos de cookies:<\/p>\n<p><strong>Cookies estritamente necess\u00e1rios<\/strong>: estes cookies s\u00e3o utilizados com o \u00fanico prop\u00f3sito de (i) realizar a transmiss\u00e3o de uma comunica\u00e7\u00e3o atrav\u00e9s de uma rede de comunica\u00e7\u00f5es eletr\u00f3nicas, ou (ii) para permitir que o fornecedor de um servi\u00e7o da sociedade da informa\u00e7\u00e3o forne\u00e7a o servi\u00e7o que \u00e9 explicitamente solicitado por voc\u00ea.<\/p>\n<p><strong>Cookies de desempenho<\/strong>- Esses cookies coletam informa\u00e7\u00f5es sobre como os visitantes usam um site, por exemplo, quais p\u00e1ginas eles visitam com mais frequ\u00eancia e se eles recebem mensagens de erro de p\u00e1ginas da web. Esses cookies n\u00e3o coletam informa\u00e7\u00f5es que identificam um visitante. Todas as informa\u00e7\u00f5es que esses cookies coletam s\u00e3o agregadas e, portanto, an\u00f4nimas. \u00c9 usado apenas para melhorar o funcionamento de um site.<\/p>\n<p><strong>Cookies de funcionalidade<\/strong>Esses cookies permitem que o site se lembre das escolhas que voc\u00ea faz (como nome de usu\u00e1rio, idioma ou regi\u00e3o em que voc\u00ea est\u00e1) e forne\u00e7a recursos aprimorados e mais pessoais.<\/p>\n<p><strong>Cookies de m\u00eddia social<\/strong>: esses cookies s\u00e3o usados em fun\u00e7\u00e3o das fun\u00e7\u00f5es de conex\u00e3o social ou quando voc\u00ea usa um bot\u00e3o para adicionar redes sociais (por exemplo, clicando no \u00edcone &quot;Curtir&quot; em uma p\u00e1gina da web)<\/p>\n<p><strong>Cookies de publicidade<\/strong>- Esses cookies coletam informa\u00e7\u00f5es sobre a atividade de navega\u00e7\u00e3o na web para informar as redes de an\u00fancios sobre o tr\u00e1fego do site, a fim de fornecer an\u00fancios direcionados com base na atividade de navega\u00e7\u00e3o anterior.<\/p>\n<p>Se um cookie \u00e9 considerado um cookie de &quot;origem&quot; ou &quot;terceiro&quot;, refere-se ao dom\u00ednio que coloca o cookie. Cookies prim\u00e1rios s\u00e3o aqueles estabelecidos pelo site que est\u00e1 sendo visitado pelo usu\u00e1rio naquele momento. Cookies de terceiros s\u00e3o cookies definidos por um dom\u00ednio diferente do site visitado pelo usu\u00e1rio. Se um usu\u00e1rio visitar um site e outra entidade definir um cookie por meio desse site, ser\u00e1 um cookie de terceiros.<\/p>\n<p>Os cookies de sess\u00e3o permitem que os operadores do site vinculem suas a\u00e7\u00f5es durante uma sess\u00e3o do navegador. Uma sess\u00e3o do navegador come\u00e7a quando voc\u00ea abre a janela do navegador e termina quando voc\u00ea fecha a janela do navegador. Os cookies de sess\u00e3o s\u00e3o criados temporariamente. Depois de fechar o navegador, todos os cookies de sess\u00e3o ser\u00e3o exclu\u00eddos. Os cookies persistentes, por outro lado, s\u00e3o cookies que permanecem no seu dispositivo pelo per\u00edodo de tempo especificado no cookie. Usamos cookies de sess\u00e3o e persistentes.<\/p>\n<p><strong>5. Como desativar ou excluir cookies<\/strong><\/p>\n<p>biscoitos<\/p>\n<p>Voc\u00ea pode configurar seu navegador de Internet, alterando suas op\u00e7\u00f5es, para parar de aceitar cookies completamente ou para notific\u00e1-lo antes de aceitar um cookie do site que voc\u00ea visita. No entanto, se voc\u00ea n\u00e3o aceitar cookies, pode n\u00e3o conseguir usar todas as partes dos sites da SCCOM ou todas as fun\u00e7\u00f5es dos Servi\u00e7os.<\/p>\n<p>Observe que desativar essas tecnologias pode interferir no desempenho e nos recursos dos Servi\u00e7os.<\/p>\n<p>Para permitir, bloquear ou excluir os cookies instalados em seu computador configurando as op\u00e7\u00f5es do navegador instaladas em seu computador, visite:<\/p>\n<p><a href=\"http:\/\/support.google.com\/chrome\/bin\/answer.py?hl=es&amp;answer=95647\" rel=\"nofollow noopener\" target=\"_blank\">cromada<\/a><br \/>\n<a href=\"https:\/\/support.apple.com\/es-es\/guide\/safari\/manage-cookies-and-website-data-sfri11471\/mac\" rel=\"nofollow noopener\" target=\"_blank\">Saf\u00e1ri<\/a><br \/>\n<a href=\"https:\/\/support.microsoft.com\/es-es\/help\/17442\/windows-internet-explorer-delete-manage-cookies\" rel=\"nofollow noopener\" target=\"_blank\">Explorador de internet<\/a><br \/>\n<a href=\"http:\/\/support.mozilla.org\/es\/kb\/habilitar-y-deshabilitar-cookies-que-los-sitios-we\" rel=\"nofollow noopener\" target=\"_blank\">Raposa de fogo<\/a><\/p>\n<p>&nbsp;<\/p>","protected":false},"excerpt":{"rendered":"<p>Qui\u00e9nes somos La direcci\u00f3n de nuestra web es: https:\/\/www.kibotek.com. El titular de este sitio web es Sainz Caballero Comunicaciones, S.L.<\/p>","protected":false},"author":12,"featured_media":0,"parent":0,"menu_order":0,"comment_status":"closed","ping_status":"closed","template":"","meta":{"iawp_total_views":142,"footnotes":""},"class_list":["post-2102","page","type-page","status-publish","hentry"],"rttpg_featured_image_url":null,"rttpg_author":{"display_name":"kiboadm","author_link":"https:\/\/www.kibotek.com\/pt\/kibonews\/author\/kiboadm-2-2-2-2-2-2-2-2-2-2-2-2-2\/"},"rttpg_comment":0,"rttpg_category":null,"rttpg_excerpt":"Qui\u00e9nes somos La direcci\u00f3n de nuestra web es: https:\/\/www.kibotek.com. El titular de este sitio web es Sainz Caballero Comunicaciones, S.L.","_links":{"self":[{"href":"https:\/\/www.kibotek.com\/pt\/wp-json\/wp\/v2\/pages\/2102","targetHints":{"allow":["GET"]}}],"collection":[{"href":"https:\/\/www.kibotek.com\/pt\/wp-json\/wp\/v2\/pages"}],"about":[{"href":"https:\/\/www.kibotek.com\/pt\/wp-json\/wp\/v2\/types\/page"}],"author":[{"embeddable":true,"href":"https:\/\/www.kibotek.com\/pt\/wp-json\/wp\/v2\/users\/12"}],"replies":[{"embeddable":true,"href":"https:\/\/www.kibotek.com\/pt\/wp-json\/wp\/v2\/comments?post=2102"}],"version-history":[{"count":0,"href":"https:\/\/www.kibotek.com\/pt\/wp-json\/wp\/v2\/pages\/2102\/revisions"}],"wp:attachment":[{"href":"https:\/\/www.kibotek.com\/pt\/wp-json\/wp\/v2\/media?parent=2102"}],"curies":[{"name":"wp","href":"https:\/\/api.w.org\/{rel}","templated":true}]}}