{"id":1979,"date":"2018-12-16T02:47:23","date_gmt":"2018-12-16T00:47:23","guid":{"rendered":"https:\/\/www.kibotek.com\/?page_id=1979"},"modified":"2020-11-29T11:52:48","modified_gmt":"2020-11-29T10:52:48","slug":"termos-e-condicoes","status":"publish","type":"page","link":"https:\/\/www.kibotek.com\/pt\/terminos-y-condiciones\/","title":{"rendered":"Termos e Condi\u00e7\u00f5es"},"content":{"rendered":"<h2>Quem somos<\/h2>\n<p>O endere\u00e7o do nosso site \u00e9: https:\/\/www.kibotek.com.<\/p>\n<p>O propriet\u00e1rio deste site \u00e9 Sainz Caballero Comunicaciones, SL (doravante SCCOM), uma empresa espanhola com CIF B-95782819, registrada em 6 de novembro de 2014 no Registro Mercantil de Bilbao, Volume 5495, Folio 32, primeira entrada com folha BI-65157 e com sede em Karmelo Torre 14, Basauri em Biscaia.<\/p>\n<h2>Termos e Condi\u00e7\u00f5es<\/h2>\n<p>A SCCOM reserva-se o direito de fazer, a qualquer momento e sem necessidade de aviso pr\u00e9vio, modifica\u00e7\u00f5es nas informa\u00e7\u00f5es contidas em seu site ou em sua configura\u00e7\u00e3o e apresenta\u00e7\u00e3o.<\/p>\n<p>Tanto o acesso a este site como a utiliza\u00e7\u00e3o que possa ser feita das informa\u00e7\u00f5es nele contidas s\u00e3o da exclusiva responsabilidade de quem o realiza. Por este motivo, a SCCOM n\u00e3o ser\u00e1 respons\u00e1vel por qualquer consequ\u00eancia, dano ou preju\u00edzo que possa surgir de tal acesso ou uso das informa\u00e7\u00f5es.<\/p>\n<p>A SCCOM s\u00f3 ser\u00e1 respons\u00e1vel por erros ou omiss\u00f5es que apare\u00e7am nas informa\u00e7\u00f5es de sua propriedade, comprometendo-se com rela\u00e7\u00e3o ao restante das informa\u00e7\u00f5es a envidar seus melhores esfor\u00e7os para que os propriet\u00e1rios das mesmas procedam \u00e0 sua atualiza\u00e7\u00e3o. Os direitos derivados deste site nas suas diferentes modalidades pertencem \u00e0 SCCOM, pelo que a sua utiliza\u00e7\u00e3o n\u00e3o autorizada por terceiros dar\u00e1 origem \u00e0s responsabilidades legalmente estabelecidas.<\/p>\n<p>As eventuais refer\u00eancias que sejam feitas neste site a qualquer produto, servi\u00e7o, processo, link, hipertexto ou qualquer outra informa\u00e7\u00e3o em que a marca, o nome comercial ou o nome do fabricante, fornecedor, etc., sejam propriedade de terceiros n\u00e3o constituir\u00e3o ou implicar\u00e3o em qualquer endosso, patroc\u00ednio ou recomenda\u00e7\u00e3o por parte da SCCOM.<\/p>\n<p>A SCCOM zela para que as informa\u00e7\u00f5es e dados contidos em seu site sejam corretos. No entanto, n\u00e3o assume qualquer responsabilidade pela poss\u00edvel inclus\u00e3o de uma informa\u00e7\u00e3o errada.<\/p>\n<p>O objetivo desta informa\u00e7\u00e3o \u00e9 fornecer ao usu\u00e1rio uma vis\u00e3o geral informativa da empresa, produtos e servi\u00e7os da SCCOM, mas o usu\u00e1rio n\u00e3o deve consider\u00e1-la uma fonte de informa\u00e7\u00e3o absolutamente precisa, completa e atualizada. A SCCOM n\u00e3o aceita qualquer responsabilidade por danos diretos ou indiretos que possam resultar da utiliza\u00e7\u00e3o das informa\u00e7\u00f5es e dados inclu\u00eddos neste site.<br \/>\nN\u00e3o h\u00e1 direitos ou obriga\u00e7\u00f5es entre a SCCOM e o usu\u00e1rio deste site ou terceiros.<\/p>\n<h2>Condi\u00e7\u00f5es de Compra<\/h2>\n<p>No caso de compra, o usu\u00e1rio aceita as condi\u00e7\u00f5es de garantia, envio, devolu\u00e7\u00e3o e pagamento detalhadas em suas respectivas p\u00e1ginas:<\/p>\n<p><a href=\"https:\/\/www.kibotek.com\/pt\/condicoes-de-garantia\/\"><span style=\"color: #ff6600;\">Condi\u00e7\u00f5es de garantia<\/span><\/a><\/p>\n<p><span style=\"color: #ff6600;\"><a style=\"color: #ff6600;\" href=\"https:\/\/www.kibotek.com\/pt\/condicoes-de-envio\/\">Condi\u00e7\u00f5es de envio<\/a><\/span><\/p>\n<p><span style=\"color: #ff6600;\"><a style=\"color: #ff6600;\" href=\"https:\/\/www.kibotek.com\/pt\/condicoes-para-devolucoes\/\">Condi\u00e7\u00f5es de Devolu\u00e7\u00e3o<\/a><\/span><\/p>\n<p><span style=\"color: #ff6600;\"><a style=\"color: #ff6600;\" href=\"https:\/\/www.kibotek.com\/pt\/formas-de-pagamento\/\">Formas de pagamento<\/a><\/span><\/p>","protected":false},"excerpt":{"rendered":"<p>Qui\u00e9nes somos La direcci\u00f3n de nuestra web es: https:\/\/www.kibotek.com. El titular de este sitio web es Sainz Caballero Comunicaciones, S.L.<\/p>","protected":false},"author":12,"featured_media":0,"parent":0,"menu_order":0,"comment_status":"closed","ping_status":"closed","template":"","meta":{"iawp_total_views":421,"footnotes":""},"class_list":["post-1979","page","type-page","status-publish","hentry"],"rttpg_featured_image_url":null,"rttpg_author":{"display_name":"kiboadm","author_link":"https:\/\/www.kibotek.com\/pt\/kibonews\/author\/kiboadm-2-2-2-2-2-2-2-2-2-2-2-2-2\/"},"rttpg_comment":0,"rttpg_category":null,"rttpg_excerpt":"Qui\u00e9nes somos La direcci\u00f3n de nuestra web es: https:\/\/www.kibotek.com. El titular de este sitio web es Sainz Caballero Comunicaciones, S.L.","_links":{"self":[{"href":"https:\/\/www.kibotek.com\/pt\/wp-json\/wp\/v2\/pages\/1979","targetHints":{"allow":["GET"]}}],"collection":[{"href":"https:\/\/www.kibotek.com\/pt\/wp-json\/wp\/v2\/pages"}],"about":[{"href":"https:\/\/www.kibotek.com\/pt\/wp-json\/wp\/v2\/types\/page"}],"author":[{"embeddable":true,"href":"https:\/\/www.kibotek.com\/pt\/wp-json\/wp\/v2\/users\/12"}],"replies":[{"embeddable":true,"href":"https:\/\/www.kibotek.com\/pt\/wp-json\/wp\/v2\/comments?post=1979"}],"version-history":[{"count":0,"href":"https:\/\/www.kibotek.com\/pt\/wp-json\/wp\/v2\/pages\/1979\/revisions"}],"wp:attachment":[{"href":"https:\/\/www.kibotek.com\/pt\/wp-json\/wp\/v2\/media?parent=1979"}],"curies":[{"name":"wp","href":"https:\/\/api.w.org\/{rel}","templated":true}]}}