{"id":12,"date":"2018-10-09T18:15:27","date_gmt":"2018-10-09T18:15:27","guid":{"rendered":"https:\/\/www.kibotek.com\/?page_id=12"},"modified":"2024-12-01T21:47:41","modified_gmt":"2024-12-01T20:47:41","slug":"sobre-kibotek","status":"publish","type":"page","link":"https:\/\/www.kibotek.com\/pt\/acerca-de-kibotek\/","title":{"rendered":"Sobre kiboTEK"},"content":{"rendered":"<p><a href=\"https:\/\/www.kibotek.com\/pt\/\"><span style=\"color: #ff7d06;\"><strong>kiboTEK<\/strong><\/span><\/a> \u00e9 uma loja de tecnologia online e f\u00edsica localizada na Alameda Urquijo 35 Bilbao Espanha que oferece os melhores servi\u00e7os telef\u00f4nicos desde 2014. Agora voc\u00ea tamb\u00e9m pode nos encontrar em Vitoria-Gasteiz na Independencia 13.<\/p>\n<p>kiboTEK<em> -Tecnologia com pre\u00e7os amig\u00e1veis-<\/em><\/p>\n<h3>Distribuidores oficiais das principais marcas de smartphones<\/h3>\n<p>Somos distribuidores oficiais das principais marcas de celulares ou smartphones, como <strong>Xiaomi, Realme, Redmi, Realme, OnePlus, Poco, Oppo, Samsung, Umidigi<\/strong> entre outras. Com envios para toda a Europa em 24\/72 horas com garantia oficial de 3 anos em Espanha.<\/p>\n<h3>Especialistas em consoles Retro Gaming<\/h3>\n<p>Especialista em <strong>consoles de jogos retr\u00f4<\/strong> com uma vasta gama de dispositivos de entretenimento com envios em 24\/72h para toda a Europa. Distribuidores oficiais de Retroid, Anbernic, Pandora Box ou Powkiddy.<\/p>\n<h3>Multioperadora com mais de 10 companhias telef\u00f4nicas<\/h3>\n<p>A loja com mais operadoras de telefonia para economizar na sua fatura de fibra e celular. Temos uma ampla gama de taxas para que <strong>economize na sua fatura de fibra e celular<\/strong>. Especialistas em tarifas sem perman\u00eancia e sem altera\u00e7\u00f5es de tarifas ou aumentos de pre\u00e7os para sua tranquilidade. <strong>Distribuidores oficiais da Movistar, O2, Lowi, M\u00e1sm\u00f3vil, Pepephone, Guuk, Digi, FiNetwork, Simyo, Orange, Llamaya.<\/strong><\/p>\n<p><strong><a href=\"https:\/\/www.kibotek.com\/wp-content\/uploads\/2021\/07\/kiboTEK_Xiaomi_PPP_Store_02.jpg\"><img loading=\"lazy\" decoding=\"async\" class=\"alignnone wp-image-38639 size-large\" src=\"https:\/\/www.kibotek.com\/wp-content\/uploads\/2021\/07\/kiboTEK_Xiaomi_PPP_Store_02-1024x768.jpg\" alt=\"\" width=\"1024\" height=\"768\" title=\"\" srcset=\"https:\/\/www.kibotek.com\/wp-content\/uploads\/2021\/07\/kiboTEK_Xiaomi_PPP_Store_02-1024x768.jpg 1024w, https:\/\/www.kibotek.com\/wp-content\/uploads\/2021\/07\/kiboTEK_Xiaomi_PPP_Store_02-430x323.jpg 430w, https:\/\/www.kibotek.com\/wp-content\/uploads\/2021\/07\/kiboTEK_Xiaomi_PPP_Store_02-150x113.jpg 150w, https:\/\/www.kibotek.com\/wp-content\/uploads\/2021\/07\/kiboTEK_Xiaomi_PPP_Store_02-700x525.jpg 700w, https:\/\/www.kibotek.com\/wp-content\/uploads\/2021\/07\/kiboTEK_Xiaomi_PPP_Store_02-300x225.jpg 300w, https:\/\/www.kibotek.com\/wp-content\/uploads\/2021\/07\/kiboTEK_Xiaomi_PPP_Store_02-768x576.jpg 768w, https:\/\/www.kibotek.com\/wp-content\/uploads\/2021\/07\/kiboTEK_Xiaomi_PPP_Store_02-16x12.jpg 16w, https:\/\/www.kibotek.com\/wp-content\/uploads\/2021\/07\/kiboTEK_Xiaomi_PPP_Store_02-600x450.jpg 600w, https:\/\/www.kibotek.com\/wp-content\/uploads\/2021\/07\/kiboTEK_Xiaomi_PPP_Store_02-80x60.jpg 80w, https:\/\/www.kibotek.com\/wp-content\/uploads\/2021\/07\/kiboTEK_Xiaomi_PPP_Store_02-120x90.jpg 120w, https:\/\/www.kibotek.com\/wp-content\/uploads\/2021\/07\/kiboTEK_Xiaomi_PPP_Store_02.jpg 1440w\" sizes=\"auto, (max-width: 1024px) 100vw, 1024px\" \/><\/a><\/strong><\/p>\n<p><strong>Desde 2014<\/strong> trazendo a melhor tecnologia ...<span style=\"color: #ff7d06;\"><strong><a style=\"color: #ff7d06;\" href=\"https:\/\/www.kibotek.com\/pt\/xiaomi-bilbao-store\/\">o primeiro a apresentar a marca Xiaomi<\/a><\/strong><\/span>\u2026 A loja de refer\u00eancia para marcas asi\u00e1ticas emergentes.<\/p>\n<p><em>N\u00f3s ... vimos coisas em que voc\u00ea n\u00e3o acreditaria: marcas como a Xiaomi surgiram do nada para atacar al\u00e9m da China. Vimos bast\u00f5es de selfie brilhando no escuro perto da entrada do metr\u00f4. Todos esses momentos ser\u00e3o perdidos ... no tempo ... como l\u00e1grimas na chuva ........................................ N\u00c3OOOO .......... nosso Instagram mostra toda a nossa hist\u00f3ria melhor do que ningu\u00e9m \ud83d\ude42<\/em><\/p>\n<p>Desde junho de 2021 nos tornamos uma loja <strong>Loja PPP da Xiaomi (parceiro preferencial da Xiaomi)<\/strong> com toda a linha de smartphones, gadgets e acess\u00f3rios da Xiaomi em exibi\u00e7\u00e3o em nossa loja f\u00edsica kiboTEK. Claro, com os melhores conselhos sobre a Xiaomi apoiados pelos muitos anos de experi\u00eancia desde 2014. Iniciamos nossa jornada vendendo smartphones da marca que se tornou l\u00edder de mercado. <strong>Xiaomi em 2014<\/strong>. Os primeiros smartphones que vendemos foram o Xiaomi Redmi note 1, Redmi 2, Xiaomi Mi 3 ou o conhecido Mi Band. Desde ent\u00e3o, muitas gamas e produtos da marca Xiaomi j\u00e1 passaram, o que nos fez ter uma experi\u00eancia contrastante com a marca.<\/p>\n<p><a href=\"https:\/\/www.kibotek.com\/wp-content\/uploads\/2021\/07\/kiboTEK_Xiaomi_PPP_Store_10.jpg\"><img loading=\"lazy\" decoding=\"async\" class=\"alignnone size-medium wp-image-38647\" src=\"https:\/\/www.kibotek.com\/wp-content\/uploads\/2021\/07\/kiboTEK_Xiaomi_PPP_Store_10-225x300.jpg\" alt=\"\" width=\"225\" height=\"300\" title=\"\" srcset=\"https:\/\/www.kibotek.com\/wp-content\/uploads\/2021\/07\/kiboTEK_Xiaomi_PPP_Store_10-225x300.jpg 225w, https:\/\/www.kibotek.com\/wp-content\/uploads\/2021\/07\/kiboTEK_Xiaomi_PPP_Store_10-430x573.jpg 430w, https:\/\/www.kibotek.com\/wp-content\/uploads\/2021\/07\/kiboTEK_Xiaomi_PPP_Store_10-150x200.jpg 150w, https:\/\/www.kibotek.com\/wp-content\/uploads\/2021\/07\/kiboTEK_Xiaomi_PPP_Store_10-700x933.jpg 700w, https:\/\/www.kibotek.com\/wp-content\/uploads\/2021\/07\/kiboTEK_Xiaomi_PPP_Store_10-768x1024.jpg 768w, https:\/\/www.kibotek.com\/wp-content\/uploads\/2021\/07\/kiboTEK_Xiaomi_PPP_Store_10-1152x1536.jpg 1152w, https:\/\/www.kibotek.com\/wp-content\/uploads\/2021\/07\/kiboTEK_Xiaomi_PPP_Store_10-9x12.jpg 9w, https:\/\/www.kibotek.com\/wp-content\/uploads\/2021\/07\/kiboTEK_Xiaomi_PPP_Store_10-600x800.jpg 600w, https:\/\/www.kibotek.com\/wp-content\/uploads\/2021\/07\/kiboTEK_Xiaomi_PPP_Store_10-45x60.jpg 45w, https:\/\/www.kibotek.com\/wp-content\/uploads\/2021\/07\/kiboTEK_Xiaomi_PPP_Store_10-68x90.jpg 68w, https:\/\/www.kibotek.com\/wp-content\/uploads\/2021\/07\/kiboTEK_Xiaomi_PPP_Store_10.jpg 1440w\" sizes=\"auto, (max-width: 225px) 100vw, 225px\" \/><\/a><a href=\"https:\/\/www.kibotek.com\/wp-content\/uploads\/2021\/07\/kiboTEK_Xiaomi_PPP_Store_07.jpg\"><img loading=\"lazy\" decoding=\"async\" class=\"alignnone size-medium wp-image-38644\" src=\"https:\/\/www.kibotek.com\/wp-content\/uploads\/2021\/07\/kiboTEK_Xiaomi_PPP_Store_07-222x300.jpg\" alt=\"\" width=\"222\" height=\"300\" title=\"\" srcset=\"https:\/\/www.kibotek.com\/wp-content\/uploads\/2021\/07\/kiboTEK_Xiaomi_PPP_Store_07-222x300.jpg 222w, https:\/\/www.kibotek.com\/wp-content\/uploads\/2021\/07\/kiboTEK_Xiaomi_PPP_Store_07-430x580.jpg 430w, https:\/\/www.kibotek.com\/wp-content\/uploads\/2021\/07\/kiboTEK_Xiaomi_PPP_Store_07-150x202.jpg 150w, https:\/\/www.kibotek.com\/wp-content\/uploads\/2021\/07\/kiboTEK_Xiaomi_PPP_Store_07-700x944.jpg 700w, https:\/\/www.kibotek.com\/wp-content\/uploads\/2021\/07\/kiboTEK_Xiaomi_PPP_Store_07-759x1024.jpg 759w, https:\/\/www.kibotek.com\/wp-content\/uploads\/2021\/07\/kiboTEK_Xiaomi_PPP_Store_07-768x1036.jpg 768w, https:\/\/www.kibotek.com\/wp-content\/uploads\/2021\/07\/kiboTEK_Xiaomi_PPP_Store_07-1139x1536.jpg 1139w, https:\/\/www.kibotek.com\/wp-content\/uploads\/2021\/07\/kiboTEK_Xiaomi_PPP_Store_07-9x12.jpg 9w, https:\/\/www.kibotek.com\/wp-content\/uploads\/2021\/07\/kiboTEK_Xiaomi_PPP_Store_07-600x809.jpg 600w, https:\/\/www.kibotek.com\/wp-content\/uploads\/2021\/07\/kiboTEK_Xiaomi_PPP_Store_07-44x60.jpg 44w, https:\/\/www.kibotek.com\/wp-content\/uploads\/2021\/07\/kiboTEK_Xiaomi_PPP_Store_07-67x90.jpg 67w, https:\/\/www.kibotek.com\/wp-content\/uploads\/2021\/07\/kiboTEK_Xiaomi_PPP_Store_07.jpg 1440w\" sizes=\"auto, (max-width: 222px) 100vw, 222px\" \/><\/a><a href=\"https:\/\/www.kibotek.com\/wp-content\/uploads\/2021\/07\/kiboTEK_Xiaomi_PPP_Store_03.jpg\"><img loading=\"lazy\" decoding=\"async\" class=\"alignnone size-medium wp-image-38640\" src=\"https:\/\/www.kibotek.com\/wp-content\/uploads\/2021\/07\/kiboTEK_Xiaomi_PPP_Store_03-222x300.jpg\" alt=\"\" width=\"222\" height=\"300\" title=\"\" srcset=\"https:\/\/www.kibotek.com\/wp-content\/uploads\/2021\/07\/kiboTEK_Xiaomi_PPP_Store_03-222x300.jpg 222w, https:\/\/www.kibotek.com\/wp-content\/uploads\/2021\/07\/kiboTEK_Xiaomi_PPP_Store_03-430x580.jpg 430w, https:\/\/www.kibotek.com\/wp-content\/uploads\/2021\/07\/kiboTEK_Xiaomi_PPP_Store_03-150x202.jpg 150w, https:\/\/www.kibotek.com\/wp-content\/uploads\/2021\/07\/kiboTEK_Xiaomi_PPP_Store_03-700x944.jpg 700w, https:\/\/www.kibotek.com\/wp-content\/uploads\/2021\/07\/kiboTEK_Xiaomi_PPP_Store_03-759x1024.jpg 759w, https:\/\/www.kibotek.com\/wp-content\/uploads\/2021\/07\/kiboTEK_Xiaomi_PPP_Store_03-768x1036.jpg 768w, https:\/\/www.kibotek.com\/wp-content\/uploads\/2021\/07\/kiboTEK_Xiaomi_PPP_Store_03-1139x1536.jpg 1139w, https:\/\/www.kibotek.com\/wp-content\/uploads\/2021\/07\/kiboTEK_Xiaomi_PPP_Store_03-9x12.jpg 9w, https:\/\/www.kibotek.com\/wp-content\/uploads\/2021\/07\/kiboTEK_Xiaomi_PPP_Store_03-600x809.jpg 600w, https:\/\/www.kibotek.com\/wp-content\/uploads\/2021\/07\/kiboTEK_Xiaomi_PPP_Store_03-44x60.jpg 44w, https:\/\/www.kibotek.com\/wp-content\/uploads\/2021\/07\/kiboTEK_Xiaomi_PPP_Store_03-67x90.jpg 67w, https:\/\/www.kibotek.com\/wp-content\/uploads\/2021\/07\/kiboTEK_Xiaomi_PPP_Store_03.jpg 1440w\" sizes=\"auto, (max-width: 222px) 100vw, 222px\" \/><\/a><\/p>\n<p>Temos tamb\u00e9m uma loja f\u00edsica e dep\u00f3sito no norte da Espanha, especificamente em nosso <span style=\"color: #ff7d06;\"><strong><a style=\"color: #ff7d06;\" href=\"https:\/\/www.kibotek.com\/pt\/xiaomi-bilbao-store\/\">Loja Xiaomi em Bilbao<\/a><\/strong><\/span>. Desde 2014, tornamos mais f\u00e1cil comprar Xiaomi em <a href=\"https:\/\/es.wikipedia.org\/wiki\/Bilbao\" rel=\"nofollow noopener\" target=\"_blank\">Bilbao<\/a> e arredores com todas as garantias; n\u00f3s ajudamos <strong><span style=\"color: #ff7d06;\"><a style=\"color: #ff7d06;\" href=\"https:\/\/www.kibotek.com\/pt\/comprar-xiaomi-espanha\/\">Xiaomi<\/a><\/span><\/strong> e outras marcas s\u00e3o conhecidas no mercado espanhol, oferecendo sempre o servi\u00e7o mais honesto poss\u00edvel gra\u00e7as ao nosso servi\u00e7o de assist\u00eancia t\u00e9cnica local.<\/p>\n<p>E desde 2024 desembarcamos em Vitoria-Gasteiz para aplicar toda a nossa experi\u00eancia e oferecer o melhor servi\u00e7o na capital Euskadi.<\/p>\n<p><img loading=\"lazy\" decoding=\"async\" class=\"alignnone wp-image-55363\" src=\"https:\/\/www.kibotek.com\/wp-content\/uploads\/2024\/12\/WhatsApp-Image-2024-11-26-at-20.14.29-1024x432.jpeg\" alt=\"\" width=\"1024\" height=\"432\" title=\"\" srcset=\"https:\/\/www.kibotek.com\/wp-content\/uploads\/2024\/12\/WhatsApp-Image-2024-11-26-at-20.14.29-1024x432.jpeg 1024w, https:\/\/www.kibotek.com\/wp-content\/uploads\/2024\/12\/WhatsApp-Image-2024-11-26-at-20.14.29-430x181.jpeg 430w, https:\/\/www.kibotek.com\/wp-content\/uploads\/2024\/12\/WhatsApp-Image-2024-11-26-at-20.14.29-150x63.jpeg 150w, https:\/\/www.kibotek.com\/wp-content\/uploads\/2024\/12\/WhatsApp-Image-2024-11-26-at-20.14.29-700x295.jpeg 700w, https:\/\/www.kibotek.com\/wp-content\/uploads\/2024\/12\/WhatsApp-Image-2024-11-26-at-20.14.29-300x127.jpeg 300w, https:\/\/www.kibotek.com\/wp-content\/uploads\/2024\/12\/WhatsApp-Image-2024-11-26-at-20.14.29-768x324.jpeg 768w, https:\/\/www.kibotek.com\/wp-content\/uploads\/2024\/12\/WhatsApp-Image-2024-11-26-at-20.14.29-1536x648.jpeg 1536w, https:\/\/www.kibotek.com\/wp-content\/uploads\/2024\/12\/WhatsApp-Image-2024-11-26-at-20.14.29-18x8.jpeg 18w, https:\/\/www.kibotek.com\/wp-content\/uploads\/2024\/12\/WhatsApp-Image-2024-11-26-at-20.14.29.jpeg 1600w\" sizes=\"auto, (max-width: 1024px) 100vw, 1024px\" \/><\/p>\n<p><a href=\"https:\/\/www.kibotek.com\/wp-content\/uploads\/2021\/07\/kiboTEK_Xiaomi_PPP_Store_12.jpg\"><img loading=\"lazy\" decoding=\"async\" class=\"alignnone size-medium wp-image-38649\" src=\"https:\/\/www.kibotek.com\/wp-content\/uploads\/2021\/07\/kiboTEK_Xiaomi_PPP_Store_12-300x225.jpg\" alt=\"\" width=\"300\" height=\"225\" title=\"\" srcset=\"https:\/\/www.kibotek.com\/wp-content\/uploads\/2021\/07\/kiboTEK_Xiaomi_PPP_Store_12-300x225.jpg 300w, https:\/\/www.kibotek.com\/wp-content\/uploads\/2021\/07\/kiboTEK_Xiaomi_PPP_Store_12-430x323.jpg 430w, https:\/\/www.kibotek.com\/wp-content\/uploads\/2021\/07\/kiboTEK_Xiaomi_PPP_Store_12-150x113.jpg 150w, https:\/\/www.kibotek.com\/wp-content\/uploads\/2021\/07\/kiboTEK_Xiaomi_PPP_Store_12-700x525.jpg 700w, https:\/\/www.kibotek.com\/wp-content\/uploads\/2021\/07\/kiboTEK_Xiaomi_PPP_Store_12-1024x768.jpg 1024w, https:\/\/www.kibotek.com\/wp-content\/uploads\/2021\/07\/kiboTEK_Xiaomi_PPP_Store_12-768x576.jpg 768w, https:\/\/www.kibotek.com\/wp-content\/uploads\/2021\/07\/kiboTEK_Xiaomi_PPP_Store_12-16x12.jpg 16w, https:\/\/www.kibotek.com\/wp-content\/uploads\/2021\/07\/kiboTEK_Xiaomi_PPP_Store_12-600x450.jpg 600w, https:\/\/www.kibotek.com\/wp-content\/uploads\/2021\/07\/kiboTEK_Xiaomi_PPP_Store_12-80x60.jpg 80w, https:\/\/www.kibotek.com\/wp-content\/uploads\/2021\/07\/kiboTEK_Xiaomi_PPP_Store_12-120x90.jpg 120w, https:\/\/www.kibotek.com\/wp-content\/uploads\/2021\/07\/kiboTEK_Xiaomi_PPP_Store_12.jpg 1440w\" sizes=\"auto, (max-width: 300px) 100vw, 300px\" \/><\/a><a href=\"https:\/\/www.kibotek.com\/wp-content\/uploads\/2021\/07\/kiboTEK_Xiaomi_PPP_Store_11.jpg\"><img loading=\"lazy\" decoding=\"async\" class=\"alignnone size-medium wp-image-38648\" src=\"https:\/\/www.kibotek.com\/wp-content\/uploads\/2021\/07\/kiboTEK_Xiaomi_PPP_Store_11-300x225.jpg\" alt=\"\" width=\"300\" height=\"225\" title=\"\" srcset=\"https:\/\/www.kibotek.com\/wp-content\/uploads\/2021\/07\/kiboTEK_Xiaomi_PPP_Store_11-300x225.jpg 300w, https:\/\/www.kibotek.com\/wp-content\/uploads\/2021\/07\/kiboTEK_Xiaomi_PPP_Store_11-430x323.jpg 430w, https:\/\/www.kibotek.com\/wp-content\/uploads\/2021\/07\/kiboTEK_Xiaomi_PPP_Store_11-150x113.jpg 150w, https:\/\/www.kibotek.com\/wp-content\/uploads\/2021\/07\/kiboTEK_Xiaomi_PPP_Store_11-700x525.jpg 700w, https:\/\/www.kibotek.com\/wp-content\/uploads\/2021\/07\/kiboTEK_Xiaomi_PPP_Store_11-1024x768.jpg 1024w, https:\/\/www.kibotek.com\/wp-content\/uploads\/2021\/07\/kiboTEK_Xiaomi_PPP_Store_11-768x576.jpg 768w, https:\/\/www.kibotek.com\/wp-content\/uploads\/2021\/07\/kiboTEK_Xiaomi_PPP_Store_11-16x12.jpg 16w, https:\/\/www.kibotek.com\/wp-content\/uploads\/2021\/07\/kiboTEK_Xiaomi_PPP_Store_11-600x450.jpg 600w, https:\/\/www.kibotek.com\/wp-content\/uploads\/2021\/07\/kiboTEK_Xiaomi_PPP_Store_11-80x60.jpg 80w, https:\/\/www.kibotek.com\/wp-content\/uploads\/2021\/07\/kiboTEK_Xiaomi_PPP_Store_11-120x90.jpg 120w, https:\/\/www.kibotek.com\/wp-content\/uploads\/2021\/07\/kiboTEK_Xiaomi_PPP_Store_11.jpg 1440w\" sizes=\"auto, (max-width: 300px) 100vw, 300px\" \/><\/a><a href=\"https:\/\/www.kibotek.com\/wp-content\/uploads\/2021\/07\/kiboTEK_Xiaomi_PPP_Store_01.jpg\"><img loading=\"lazy\" decoding=\"async\" class=\"alignnone size-medium wp-image-38638\" src=\"https:\/\/www.kibotek.com\/wp-content\/uploads\/2021\/07\/kiboTEK_Xiaomi_PPP_Store_01-300x223.jpg\" alt=\"\" width=\"300\" height=\"223\" title=\"\" srcset=\"https:\/\/www.kibotek.com\/wp-content\/uploads\/2021\/07\/kiboTEK_Xiaomi_PPP_Store_01-300x223.jpg 300w, https:\/\/www.kibotek.com\/wp-content\/uploads\/2021\/07\/kiboTEK_Xiaomi_PPP_Store_01-430x319.jpg 430w, https:\/\/www.kibotek.com\/wp-content\/uploads\/2021\/07\/kiboTEK_Xiaomi_PPP_Store_01-150x111.jpg 150w, https:\/\/www.kibotek.com\/wp-content\/uploads\/2021\/07\/kiboTEK_Xiaomi_PPP_Store_01-700x519.jpg 700w, https:\/\/www.kibotek.com\/wp-content\/uploads\/2021\/07\/kiboTEK_Xiaomi_PPP_Store_01-1024x759.jpg 1024w, https:\/\/www.kibotek.com\/wp-content\/uploads\/2021\/07\/kiboTEK_Xiaomi_PPP_Store_01-768x570.jpg 768w, https:\/\/www.kibotek.com\/wp-content\/uploads\/2021\/07\/kiboTEK_Xiaomi_PPP_Store_01-16x12.jpg 16w, https:\/\/www.kibotek.com\/wp-content\/uploads\/2021\/07\/kiboTEK_Xiaomi_PPP_Store_01-600x445.jpg 600w, https:\/\/www.kibotek.com\/wp-content\/uploads\/2021\/07\/kiboTEK_Xiaomi_PPP_Store_01-81x60.jpg 81w, https:\/\/www.kibotek.com\/wp-content\/uploads\/2021\/07\/kiboTEK_Xiaomi_PPP_Store_01-121x90.jpg 121w, https:\/\/www.kibotek.com\/wp-content\/uploads\/2021\/07\/kiboTEK_Xiaomi_PPP_Store_01.jpg 1440w\" sizes=\"auto, (max-width: 300px) 100vw, 300px\" \/><\/a><a href=\"https:\/\/www.kibotek.com\/wp-content\/uploads\/2021\/07\/kiboTEK_Xiaomi_PPP_Store_05.jpg\"><img loading=\"lazy\" decoding=\"async\" class=\"alignnone size-medium wp-image-38642\" src=\"https:\/\/www.kibotek.com\/wp-content\/uploads\/2021\/07\/kiboTEK_Xiaomi_PPP_Store_05-300x225.jpg\" alt=\"\" width=\"300\" height=\"225\" title=\"\" srcset=\"https:\/\/www.kibotek.com\/wp-content\/uploads\/2021\/07\/kiboTEK_Xiaomi_PPP_Store_05-300x225.jpg 300w, https:\/\/www.kibotek.com\/wp-content\/uploads\/2021\/07\/kiboTEK_Xiaomi_PPP_Store_05-430x323.jpg 430w, https:\/\/www.kibotek.com\/wp-content\/uploads\/2021\/07\/kiboTEK_Xiaomi_PPP_Store_05-150x113.jpg 150w, https:\/\/www.kibotek.com\/wp-content\/uploads\/2021\/07\/kiboTEK_Xiaomi_PPP_Store_05-700x525.jpg 700w, https:\/\/www.kibotek.com\/wp-content\/uploads\/2021\/07\/kiboTEK_Xiaomi_PPP_Store_05-1024x768.jpg 1024w, https:\/\/www.kibotek.com\/wp-content\/uploads\/2021\/07\/kiboTEK_Xiaomi_PPP_Store_05-768x576.jpg 768w, https:\/\/www.kibotek.com\/wp-content\/uploads\/2021\/07\/kiboTEK_Xiaomi_PPP_Store_05-16x12.jpg 16w, https:\/\/www.kibotek.com\/wp-content\/uploads\/2021\/07\/kiboTEK_Xiaomi_PPP_Store_05-600x450.jpg 600w, https:\/\/www.kibotek.com\/wp-content\/uploads\/2021\/07\/kiboTEK_Xiaomi_PPP_Store_05-80x60.jpg 80w, https:\/\/www.kibotek.com\/wp-content\/uploads\/2021\/07\/kiboTEK_Xiaomi_PPP_Store_05-120x90.jpg 120w, https:\/\/www.kibotek.com\/wp-content\/uploads\/2021\/07\/kiboTEK_Xiaomi_PPP_Store_05.jpg 1440w\" sizes=\"auto, (max-width: 300px) 100vw, 300px\" \/><\/a><\/p>\n<p>Temos muitos anos de experi\u00eancia, sempre ao servi\u00e7o dos nossos clientes.<\/p>\n<p>No kiboTEK voc\u00ea pode <strong><span style=\"color: #ff7d06;\"><a style=\"color: #ff7d06;\" href=\"https:\/\/www.kibotek.com\/pt\/comprar-xiaomi-espanha\/\">comprar Xiaomi<\/a><\/span><\/strong> barato,\u00a0 <a href=\"https:\/\/www.kibotek.com\/pt\/brand\/compre-o-melhor-de-xiaomi\/comprar-lo-mejor-de-pocophone\/\"><strong><span style=\"color: #ff7d06;\">Pouco<\/span><\/strong><\/a>, Blackshark e <strong><span style=\"color: #ff7d06;\"><a style=\"color: #ff7d06;\" href=\"https:\/\/www.kibotek.com\/pt\/brand\/compre-o-melhor-de-xiaomi\/compre-o-melhor-de-redmi\/\">Redmi<\/a><\/span><\/strong>bem como marcas emergentes e em ascens\u00e3o como a Realme. N\u00f3s tamb\u00e9m somos uma loja <strong><span style=\"color: #ff7d06;\"><a style=\"color: #ff7d06;\" href=\"https:\/\/www.kibotek.com\/pt\/brand\/compre-o-melhor-de-huawei\/comprar-lo-mejor-de-honor\/\">Honra<\/a><\/span><\/strong>\u00a0na Espanha, bem como na loja <strong><span style=\"color: #ff7d06;\"><a style=\"color: #ff7d06;\" href=\"https:\/\/www.kibotek.com\/pt\/brand\/compre-o-melhor-de-um-plus\/\">Oneplus<\/a><\/span><\/strong> na Espanha, loja Realme Espanha, loja Oppo Espanha, loja <strong><span style=\"color: #ff7d06;\"><a style=\"color: #ff7d06;\" href=\"https:\/\/www.kibotek.com\/pt\/brand\/compre-o-melhor-de-meizu\/\">Meizu<\/a><\/span><\/strong> e muitas outras marcas. N\u00f3s nos esfor\u00e7amos para trazer os melhores modelos internacionais 100% originais do mercado asi\u00e1tico para a Espanha. Sempre o primeiro. Temos tamb\u00e9m um grande cat\u00e1logo de gadgets e acess\u00f3rios.<\/p>\n<p>Nossa refer\u00eancia \u00e9 o ranking <strong><span style=\"color: #ff7d06;\"><a style=\"color: #ff7d06;\" href=\"http:\/\/www.antutu.com\/en\/\" rel=\"nofollow noopener\" target=\"_blank\">Antutu<\/a><\/span><\/strong> como voc\u00ea pode ver em nosso <strong><span style=\"color: #ff7d06;\"><a style=\"color: #ff7d06;\" href=\"https:\/\/www.kibotek.com\/pt\/espacio-antutu\/\">Top Antutu<\/a><\/span><\/strong>, embora tamb\u00e9m ofere\u00e7amos modelos de baixo custo. Sempre com excelentes rela\u00e7\u00f5es qualidade \/ pre\u00e7o.<\/p>","protected":false},"excerpt":{"rendered":"<p>kiboTEK es una tienda de tecnolog\u00eda online y f\u00edsica ubicada en Alameda Urquijo 35 Bilbao Espa\u00f1a que te ofrece los<\/p>","protected":false},"author":12,"featured_media":0,"parent":0,"menu_order":0,"comment_status":"closed","ping_status":"closed","template":"","meta":{"iawp_total_views":2548,"footnotes":""},"class_list":["post-12","page","type-page","status-publish","hentry"],"rttpg_featured_image_url":null,"rttpg_author":{"display_name":"kiboadm","author_link":"https:\/\/www.kibotek.com\/pt\/kibonews\/author\/kiboadm-2-2-2-2-2-2-2-2-2-2-2-2-2\/"},"rttpg_comment":0,"rttpg_category":null,"rttpg_excerpt":"kiboTEK es una tienda de tecnolog\u00eda online y f\u00edsica ubicada en Alameda Urquijo 35 Bilbao Espa\u00f1a que te ofrece los","_links":{"self":[{"href":"https:\/\/www.kibotek.com\/pt\/wp-json\/wp\/v2\/pages\/12","targetHints":{"allow":["GET"]}}],"collection":[{"href":"https:\/\/www.kibotek.com\/pt\/wp-json\/wp\/v2\/pages"}],"about":[{"href":"https:\/\/www.kibotek.com\/pt\/wp-json\/wp\/v2\/types\/page"}],"author":[{"embeddable":true,"href":"https:\/\/www.kibotek.com\/pt\/wp-json\/wp\/v2\/users\/12"}],"replies":[{"embeddable":true,"href":"https:\/\/www.kibotek.com\/pt\/wp-json\/wp\/v2\/comments?post=12"}],"version-history":[{"count":0,"href":"https:\/\/www.kibotek.com\/pt\/wp-json\/wp\/v2\/pages\/12\/revisions"}],"wp:attachment":[{"href":"https:\/\/www.kibotek.com\/pt\/wp-json\/wp\/v2\/media?parent=12"}],"curies":[{"name":"wp","href":"https:\/\/api.w.org\/{rel}","templated":true}]}}