{"id":11757,"date":"2019-11-18T00:07:12","date_gmt":"2019-11-17T22:07:12","guid":{"rendered":"https:\/\/www.kibotek.com\/?page_id=11757"},"modified":"2026-04-27T19:16:34","modified_gmt":"2026-04-27T17:16:34","slug":"formas-de-pagamento","status":"publish","type":"page","link":"https:\/\/www.kibotek.com\/pt\/formas-de-pago\/","title":{"rendered":"Formas de pagamento"},"content":{"rendered":"<h1>M\u00e9todos de pagamento kiboTEK<\/h1>\n<p>Na kiboTEK aceitamos diversas formas de pagamento: pagamento com cart\u00e3o via RedSys, parcelamento em 3 vezes via Sequra, pagamento com cart\u00e3o via Stripe, Google Pay, Klarna, Apple Pay e tamb\u00e9m pagamento via PayPal.<\/p>\n<p><img loading=\"lazy\" decoding=\"async\" class=\"aligncenter size-full wp-image-76221\" src=\"https:\/\/www.kibotek.com\/wp-content\/uploads\/2026\/04\/pay_methods_kibotek_001.png\" alt=\"\" width=\"1376\" height=\"190\" title=\"\" srcset=\"https:\/\/www.kibotek.com\/wp-content\/uploads\/2026\/04\/pay_methods_kibotek_001.png 1376w, https:\/\/www.kibotek.com\/wp-content\/uploads\/2026\/04\/pay_methods_kibotek_001-400x55.png 400w, https:\/\/www.kibotek.com\/wp-content\/uploads\/2026\/04\/pay_methods_kibotek_001-1300x180.png 1300w, https:\/\/www.kibotek.com\/wp-content\/uploads\/2026\/04\/pay_methods_kibotek_001-768x106.png 768w, https:\/\/www.kibotek.com\/wp-content\/uploads\/2026\/04\/pay_methods_kibotek_001-18x2.png 18w, https:\/\/www.kibotek.com\/wp-content\/uploads\/2026\/04\/pay_methods_kibotek_001-430x59.png 430w, https:\/\/www.kibotek.com\/wp-content\/uploads\/2026\/04\/pay_methods_kibotek_001-700x97.png 700w, https:\/\/www.kibotek.com\/wp-content\/uploads\/2026\/04\/pay_methods_kibotek_001-150x21.png 150w\" sizes=\"auto, (max-width: 1376px) 100vw, 1376px\" \/><\/p>\n<h2>Pagamento por Cart\u00e3o (Redsys)<\/h2>\n<p><strong>Dispon\u00edvel para compras na Europa<\/strong>.<\/p>\n<p>Aceitamos pagamento por cart\u00e3o de cr\u00e9dito ou d\u00e9bito com base no <strong>gateway de pagamento mais usado na Espanha<\/strong>, <strong><span style=\"color: #ff7d06;\"><a style=\"color: #ff7d06;\" href=\"http:\/\/www.redsys.es\/comercio-electronico.html\" target=\"_blank\" rel=\"noopener noreferrer nofollow\">RedSys<\/a><\/span><\/strong>.<\/p>\n<p>N\u00e3o guardamos ou armazenamos quaisquer dados de pagamento dos nossos clientes, uma vez que estes s\u00e3o processados pelos pr\u00f3prios sistemas banc\u00e1rios do cliente.<\/p>\n<div id=\"thawteseal\" title=\"Clique para verificar - Este site escolheu Thawte SSL para com\u00e9rcio eletr\u00f4nico seguro e comunica\u00e7\u00f5es confidenciais.\">\n<h2>Divida em 3 Sequra<\/h2>\n<p><strong>Dispon\u00edvel apenas para compras na Espanha.<\/strong><\/p>\n<p>Divida o pagamento do seu pedido em 3 parcelas iguais, sem juros, apenas com um custo de estudo de 2.95% do pedido que voc\u00ea paga no momento da compra. O restante dos pagamentos n\u00e3o tem custo associado. Um pagamento por m\u00eas. Sim mas. Instantaneamente e sem papelada.<\/p>\n<p><img loading=\"lazy\" decoding=\"async\" class=\"alignnone size-full wp-image-29921\" style=\"display: none !important;\" hidden=\"\" src=\"https:\/\/www.kibotek.com\/wp-content\/uploads\/2020\/10\/banner-SQ-div3-295-verde_pos_728x90.png\" alt=\"\" width=\"728\" height=\"90\" title=\"\" srcset=\"https:\/\/www.kibotek.com\/wp-content\/uploads\/2020\/10\/banner-SQ-div3-295-verde_pos_728x90.png 728w, https:\/\/www.kibotek.com\/wp-content\/uploads\/2020\/10\/banner-SQ-div3-295-verde_pos_728x90-430x53.png 430w, https:\/\/www.kibotek.com\/wp-content\/uploads\/2020\/10\/banner-SQ-div3-295-verde_pos_728x90-150x19.png 150w, https:\/\/www.kibotek.com\/wp-content\/uploads\/2020\/10\/banner-SQ-div3-295-verde_pos_728x90-700x87.png 700w, https:\/\/www.kibotek.com\/wp-content\/uploads\/2020\/10\/banner-SQ-div3-295-verde_pos_728x90-300x37.png 300w, https:\/\/www.kibotek.com\/wp-content\/uploads\/2020\/10\/banner-SQ-div3-295-verde_pos_728x90-16x2.png 16w, https:\/\/www.kibotek.com\/wp-content\/uploads\/2020\/10\/banner-SQ-div3-295-verde_pos_728x90-24x3.png 24w, https:\/\/www.kibotek.com\/wp-content\/uploads\/2020\/10\/banner-SQ-div3-295-verde_pos_728x90-36x4.png 36w, https:\/\/www.kibotek.com\/wp-content\/uploads\/2020\/10\/banner-SQ-div3-295-verde_pos_728x90-48x6.png 48w, https:\/\/www.kibotek.com\/wp-content\/uploads\/2020\/10\/banner-SQ-div3-295-verde_pos_728x90-600x74.png 600w, https:\/\/www.kibotek.com\/wp-content\/uploads\/2020\/10\/banner-SQ-div3-295-verde_pos_728x90-190x23.png 190w\" sizes=\"auto, (max-width: 728px) 100vw, 728px\" \/><\/p>\n<p><img loading=\"lazy\" decoding=\"async\" class=\"alignnone size-full wp-image-29918\" style=\"display: none !important;\" hidden=\"\" src=\"https:\/\/www.kibotek.com\/wp-content\/uploads\/2020\/10\/banner-SQ-div3-295-verde_neg_728x90.png\" alt=\"\" width=\"728\" height=\"90\" title=\"\"><\/p>\n<p><img loading=\"lazy\" decoding=\"async\" class=\"alignnone size-full wp-image-29918\" style=\"display: none !important;\" hidden=\"\" src=\"https:\/\/www.kibotek.com\/wp-content\/uploads\/2020\/10\/banner-SQ-div3-295-verde_neg_728x90.png\" alt=\"\" width=\"728\" height=\"90\" title=\"\"><\/p>\n<p>Por exemplo, se voc\u00ea escolher pagar por um pedido de \u20ac 100 em 3 meses, dever\u00e1 pagar \u20ac 33,33 no momento da compra (+ \u20ac 2,95 de custo de abertura) e outro \u20ac 33,33 nos dois meses seguintes. A cobran\u00e7a mensal \u00e9 autom\u00e1tica no seu cart\u00e3o. Sempre no mesmo dia do m\u00eas em que efetuou a compra. Se esse dia n\u00e3o for o melhor para voc\u00ea, voc\u00ea pode alter\u00e1-lo sem nenhum custo extra.<\/p>\n<p>\u00c9 t\u00e3o f\u00e1cil e r\u00e1pido dividir seu pagamento em 3 com a SeQura:<\/p>\n<p>1. Selecione SeQura Divide in 3 como m\u00e9todo de pagamento no final de sua compra.<br \/>\n2. Insira seus dados (ID e celular) e pague o primeiro pagamento (1\/3 do pedido + custo de abertura).<br \/>\n3. Aproveite sua compra! O restante dos pagamentos ser\u00e1 feito automaticamente a cada m\u00eas.<\/p>\n<p>Se voc\u00ea tiver d\u00favidas, resolva-as <a href=\"https:\/\/www.sequra.es\/preguntas-frecuentes\/?utm_source=merchant&amp;utm_medium=paginainfo&amp;utm_term=faqs&amp;utm_content=descripci\u00f3n_SP1coste_SQ&amp;utm_campaign=paginainfometodosdepago\" target=\"_blank\" rel=\"noopener noreferrer nofollow\">aqui<\/a>.<\/p>\n<\/div>\n<h2>Pagamento parcelado Sequra<\/h2>\n<p><strong>Dispon\u00edvel apenas para compras na Espanha.<\/strong><\/p>\n<p>Opte por dividir o valor do seu pedido em 4, 6, 12 ou 18 presta\u00e7\u00f5es mensais, no ato da compra.<\/p>\n<ul>\n<li>S\u00f3 um pouco <strong>custo fixo por m\u00eas<\/strong> (varia dependendo do valor do pedido). <strong>Sem juros, TIN 0%. Sem custos ocultos<\/strong>.<\/li>\n<li>Instantaneamente e sem papelada. Somente com seu DNI ou NIE, seu celular e seu cart\u00e3o.<\/li>\n<li>No momento da compra, \u00e9 feito o primeiro pagamento com cart\u00e3o, e o restante \u00e9 automatizado dependendo dos pagamentos mensais que voc\u00ea escolheu.<\/li>\n<li>Voc\u00ea pode modificar o plano de pagamento ou pagar integralmente a qualquer momento sem custos adicionais. E voc\u00ea tamb\u00e9m pode escolher ou modificar o dia do m\u00eas que deseja pagar.<\/li>\n<li>A SeQura ir\u00e1 inform\u00e1-lo em todos os momentos atrav\u00e9s do seu e-mail e SMS.<\/li>\n<li>\u00c9 um servi\u00e7o de <a href=\"https:\/\/www.sequra.es\/preguntas-frecuentes.html\" target=\"_blank\" rel=\"noopener noreferrer nofollow\">SeQura<\/a>, que oferece a op\u00e7\u00e3o de salvar os detalhes do cart\u00e3o para que voc\u00ea n\u00e3o precise inserir novamente os detalhes de pagamento para suas compras<\/li>\n<\/ul>\n<p>Por exemplo, se optar por pagar uma encomenda de 180 \u20ac em 4 meses, pagaria 48 \u20ac por m\u00eas (apenas 3 \u20ac por m\u00eas por presta\u00e7\u00e3o).<\/p>\n<h2>Pague por Paypal<\/h2>\n<p><strong>Dispon\u00edvel para compras na Europa<\/strong>.<\/p>\n<p>Tamb\u00e9m aceitamos pagamento atrav\u00e9s de <span style=\"color: #ff6600;\"><a style=\"color: #ff6600;\" href=\"https:\/\/www.paypal.com\/es\" rel=\"nofollow noopener\" target=\"_blank\">Paypal<\/a><\/span>, embora neste caso apliquemos uma comiss\u00e3o extra de 2,9% mais \u20ac 0,35 pela opera\u00e7\u00e3o, relativamente \u00e0s despesas que esta plataforma de pagamento PayPal aplica aos vendedores.<\/p>\n<h2>Pagamento por Cart\u00e3o (Stripe)<\/h2>\n<p>Tamb\u00e9m oferecemos pagamento f\u00e1cil com cart\u00e3o via Stripe<\/p>\n<h2>Pagamento com Bizum<\/h2>\n<p>Agora voc\u00ea pode pagar com Bizum no kiboTEK, f\u00e1cil e simples.<\/p>\n<h2>Klarna<\/h2>\n<p>Pague em tr\u00eas parcelas sem juros.<\/p>\n<p>Al\u00e9m disso, nosso site kiboTEK oferece uma experi\u00eancia de compra segura, com criptografia SSL do in\u00edcio ao fim, n\u00e3o apenas no pagamento.<\/p>\n<div id=\"thawteseal\" style=\"text-align: center;\" title=\"Clique para verificar - Este site escolheu Thawte SSL para com\u00e9rcio eletr\u00f4nico seguro e comunica\u00e7\u00f5es confidenciais.\">\n<div><script type=\"text\/javascript\" src=\"https:\/\/seal.thawte.com\/getthawteseal?host_name=www.kibotek.com&amp;size=S&amp;lang=es\"><\/script><\/div>\n<div><a style=\"color: #000000; text-decoration: none; font: bold 10px arial,sans-serif; margin: 0px; padding: 0px;\" href=\"http:\/\/www.thawte.com\/ssl-certificates\/\" target=\"_blank\" rel=\"noopener noreferrer nofollow\">Sobre certificados SSL<\/a><\/div>\n<\/div>\n<p>&nbsp;<\/p>","protected":false},"excerpt":{"rendered":"<p>Formas de pago kiboTEK En kiboTEK aceptamos muchas formas de pago: Pago con Tarjeta mediante RedSys, Divide en 3 y<\/p>","protected":false},"author":12,"featured_media":0,"parent":0,"menu_order":0,"comment_status":"closed","ping_status":"closed","template":"","meta":{"iawp_total_views":1819,"footnotes":""},"class_list":["post-11757","page","type-page","status-publish","hentry"],"rttpg_featured_image_url":null,"rttpg_author":{"display_name":"kiboadm","author_link":"https:\/\/www.kibotek.com\/pt\/kibonews\/author\/kiboadm-2-2-2-2-2-2-2-2-2-2-2-2-2\/"},"rttpg_comment":0,"rttpg_category":null,"rttpg_excerpt":"Formas de pago kiboTEK En kiboTEK aceptamos muchas formas de pago: Pago con Tarjeta mediante RedSys, Divide en 3 y","_links":{"self":[{"href":"https:\/\/www.kibotek.com\/pt\/wp-json\/wp\/v2\/pages\/11757","targetHints":{"allow":["GET"]}}],"collection":[{"href":"https:\/\/www.kibotek.com\/pt\/wp-json\/wp\/v2\/pages"}],"about":[{"href":"https:\/\/www.kibotek.com\/pt\/wp-json\/wp\/v2\/types\/page"}],"author":[{"embeddable":true,"href":"https:\/\/www.kibotek.com\/pt\/wp-json\/wp\/v2\/users\/12"}],"replies":[{"embeddable":true,"href":"https:\/\/www.kibotek.com\/pt\/wp-json\/wp\/v2\/comments?post=11757"}],"version-history":[{"count":2,"href":"https:\/\/www.kibotek.com\/pt\/wp-json\/wp\/v2\/pages\/11757\/revisions"}],"predecessor-version":[{"id":76255,"href":"https:\/\/www.kibotek.com\/pt\/wp-json\/wp\/v2\/pages\/11757\/revisions\/76255"}],"wp:attachment":[{"href":"https:\/\/www.kibotek.com\/pt\/wp-json\/wp\/v2\/media?parent=11757"}],"curies":[{"name":"wp","href":"https:\/\/api.w.org\/{rel}","templated":true}]}}