{"id":73967,"date":"2026-03-17T13:36:22","date_gmt":"2026-03-17T12:36:22","guid":{"rendered":"https:\/\/www.kibotek.com\/?post_type=product&#038;p=73967"},"modified":"2026-04-18T22:03:10","modified_gmt":"2026-04-18T20:03:10","slug":"tastiera-xiaomi-pad-8-8-pro","status":"publish","type":"product","link":"https:\/\/www.kibotek.com\/it\/kibostore\/xiaomi-pad-8-8-pro-keyboard\/","title":{"rendered":"Tastiera Xiaomi iPad 8 \/ 8 Pro"},"content":{"rendered":"<h3>Acquista la tastiera per Xiaomi Pad 8 \/ 8 Pro<\/h3>\n<h3>Spedizioni dalla Spagna a tutta Europa in 24\/72 ore<\/h3>\n<h3><strong>3 anni<\/strong> <strong>Garanzia europea <\/strong><strong>Solo da kiboTEK<\/strong><\/h3>\n<h3>Specifiche<\/h3>\n<ul>\n<li>Compatibilit\u00e0 Xiaomi Pad 8\/ 8 Pro<\/li>\n<li>Angolo di supporto 120\u00b0<\/li>\n<li>65 tasti (versione UK)<\/li>\n<li>spagnolo<\/li>\n<li>Dimensioni 253,41 x 363,5 x 5,4 mm (aperto)<\/li>\n<li>Peso 320 g<\/li>\n<\/ul>\n<p>Contenuto del pacco<\/p>\n<ul>\n<li>1x tastiera intelligente per tablet<\/li>\n<li>1x Guida rapida<\/li>\n<li>1x scheda di garanzia<\/li>\n<\/ul>\n<h3>Sicurezza nel tuo acquisto<\/h3>\n<p>Su kiboTEK, puoi contare sulla tranquillit\u00e0 e sulla sicurezza di fare acquisti in uno dei negozi online pi\u00f9 apprezzati dagli utenti. Se non sei soddisfatto del tuo acquisto, puoi usufruire della massima tranquillit\u00e0 grazie alla nostra politica di reso.,<\/p>\n<p><strong><span style=\"font-size: 12pt;\">Hai 14 giorni per richiedere un rimborso.<\/span><\/strong><\/p>\n<p>D&#039;altra parte, non preoccuparti per la garanzia perch\u00e9 solo sul nostro sito web la avrai.<\/p>\n<p><strong>Garanzia europea di 3 anni<\/strong><\/p>\n<p>Da kiboTEK puoi acquistare <strong>Tastiera Xiaomi iPad 8 \/ 8 Pro<\/strong>\u00a0con la garanzia e la sicurezza del miglior negozio online in Spagna e in Europa.<\/p>\n<p><a href=\"https:\/\/www.kibotek.com\/it\/condizioni-per-resi\/\">Consulta qui i termini e le condizioni senza alcun impegno.\u00a0<\/a><\/p>\n<h2 data-start=\"3539\" data-end=\"3610\">Acquistalo su kiboTEK \u2014 Negozio fisico e online con garanzia ufficiale<\/h2>\n<p data-start=\"3612\" data-end=\"3866\">Nel <strong data-start=\"3615\" data-end=\"3656\"><span class=\"hover:entity-accent entity-underline inline cursor-pointer align-baseline\"><span class=\"whitespace-normal\">kiboTEK<\/span><\/span><\/strong> Potere <strong data-start=\"3664\" data-end=\"3711\">Acquista la tastiera per Xiaomi Pad 8 \/ 8 Pro<\/strong>\u00a0tanto <a href=\"http:\/\/www.kiboTEK.com\" target=\"_blank\" rel=\"nofollow noopener\">in linea\u00a0<\/a> come nel nostro <strong data-start=\"3742\" data-end=\"3789\">negozi fisici a Bilbao e Vitoria-Gasteiz<\/strong>, con <strong data-start=\"3795\" data-end=\"3833\">Garanzia ufficiale europea di 3 anni<\/strong> e supporto tecnico specializzato.<\/p>\n<ul data-start=\"3263\" data-end=\"3417\">\n<li data-start=\"3263\" data-end=\"3291\">\n<p data-start=\"3265\" data-end=\"3291\"><a href=\"https:\/\/share.google\/6A44KmqGyzVK0dryQ\" target=\"_blank\" rel=\"nofollow noopener\">\ud83d\udccd Negozio KiboTEK di Bilbao<\/a><\/p>\n<\/li>\n<li data-start=\"3292\" data-end=\"3329\">\n<p data-start=\"3294\" data-end=\"3329\"><a href=\"https:\/\/share.google\/j0qINcfL2JLnLzuep\" target=\"_blank\" rel=\"nofollow noopener\">\ud83d\udccdnegozio kiboTEK Vitoria-Gasteiz<\/a><\/p>\n<\/li>\n<li data-start=\"3330\" data-end=\"3374\">\n<p data-start=\"3332\" data-end=\"3374\">\ud83d\ude9a Spedizioni veloci 24\/72 h in tutta Europa<\/p>\n<\/li>\n<li data-start=\"3375\" data-end=\"3417\">\n<p data-start=\"3377\" data-end=\"3417\">\ud83d\udee1\ufe0f Garanzia ufficiale e supporto tecnico<\/p>\n<\/li>\n<\/ul>\n<p>Xiaomi ci porta la sua novit\u00e0 <strong>Tastiera Xiaomi iPad 8 \/ 8 Pro<\/strong>.<\/p>\n<div class=\"Y3BBE\" data-sfc-cp=\"\" data-sfc-cb=\"\" data-hveid=\"CAEIAhAA\" data-complete=\"true\" data-processed=\"true\">La tastiera standard per il\u00a0<strong class=\"Yjhzub\" data-sfc-cb=\"\" data-complete=\"true\" data-processed=\"true\">Xiaomi Pad 8 e 8 Pro<\/strong>\u00a0Si tratta fondamentalmente di una custodia intelligente che si collega tramite\u00a0<strong class=\"Yjhzub\" data-sfc-cb=\"\" data-complete=\"true\" data-processed=\"true\">Spille Pogo<\/strong> quei punti dorati situati in alto. Questo \u00e8 fondamentale perch\u00e9, quando i magneti si toccano, la tastiera riceve energia dal tablet e invia le lettere all&#039;istante, con <strong class=\"Yjhzub\" data-sfc-cb=\"\" data-complete=\"true\" data-processed=\"true\">latenza zero<\/strong>. Dimenticatevi di ricaricare la tastiera tramite USB o Bluetooth e di interrompere la connessione a met\u00e0 frase.<\/div>\n<div data-sfc-cp=\"\" data-sfc-cb=\"\" data-hveid=\"CAEIAhAA\" data-complete=\"true\" data-processed=\"true\"><\/div>\n<div class=\"Y3BBE\" data-sfc-cp=\"\" data-sfc-cb=\"\" data-hveid=\"CAEIAxAA\" data-complete=\"true\" data-processed=\"true\">Per quanto riguarda le chiavi, hanno un\u00a0<strong class=\"Yjhzub\" data-sfc-cb=\"\" data-complete=\"true\" data-processed=\"true\">Corsa di 1,3 mm<\/strong>. Questo tecnicamente significa che non sono piatti come la carta; quando digiti, senti quel vero rimbalzo di un laptop di buona qualit\u00e0. I tasti misurano <strong class=\"Yjhzub\" data-sfc-cb=\"\" data-complete=\"true\" data-processed=\"true\">16 x 16 mm<\/strong>, che \u00e8 la dimensione standard, cos\u00ec non si rischia di sbagliare la lettera anche con le dita grosse.<\/div>\n<div data-sfc-cp=\"\" data-sfc-cb=\"\" data-hveid=\"CAEIAxAA\" data-complete=\"true\" data-processed=\"true\"><\/div>\n<div class=\"Y3BBE\" data-sfc-cp=\"\" data-sfc-cb=\"\" data-hveid=\"CAEIBBAA\" data-complete=\"true\" data-processed=\"true\">Un dettaglio tecnico molto utile \u00e8 il\u00a0<strong class=\"Yjhzub\" data-sfc-cb=\"\" data-complete=\"true\" data-processed=\"true\">sensore ad effetto Hall<\/strong>. \u00c8 ci\u00f2 che fa s\u00ec che il tablet &quot;sappia&quot; quando chiudi il coperchio in modo da poter spegnere automaticamente lo schermo e risparmiare batteria. Il materiale \u00e8\u00a0<strong class=\"Yjhzub\" data-sfc-cb=\"\" data-complete=\"true\" data-processed=\"true\">poliuretano (PU)<\/strong>, che resiste bene all&#039;attrito e non si ricopre di impronte digitali alla prima occasione.<\/div>\n<div data-sfc-cp=\"\" data-sfc-cb=\"\" data-hveid=\"CAEIBBAA\" data-complete=\"true\" data-processed=\"true\"><\/div>\n<div class=\"Y3BBE\" data-sfc-cp=\"\" data-sfc-cb=\"\" data-hveid=\"CAEIBRAA\" data-complete=\"true\" data-processed=\"true\" aria-owns=\"action-menu-parent-container\">Ci\u00f2 che si perde rispetto al modello Focus \u00e8 il\u00a0<strong class=\"Yjhzub\" data-sfc-cb=\"\" data-complete=\"true\" data-processed=\"true\">trackpad<\/strong>\u00a0e il\u00a0<strong class=\"Yjhzub\" data-sfc-cb=\"\" data-complete=\"true\" data-processed=\"true\">fanali posteriori<\/strong>\u00a0(retroilluminazione), ma in cambio si ottiene un accessorio molto pi\u00f9 sottile che non trasforma il tablet in un pesante mattone. \u00c8 pura performance tecnica focalizzata sulla digitazione veloce.<\/div>\n<div data-sfc-cp=\"\" data-sfc-cb=\"\" data-hveid=\"CAEIBRAA\" data-complete=\"true\" data-processed=\"true\" aria-owns=\"action-menu-parent-container\"><img loading=\"lazy\" decoding=\"async\" class=\"aligncenter size-full wp-image-73968\" src=\"https:\/\/www.kibotek.com\/wp-content\/uploads\/2026\/03\/kiboTEK_XIAOMI_keyboard_pad_8_pad_8_pro_001.jpg\" alt=\"\" width=\"1784\" height=\"819\" title=\"\" srcset=\"https:\/\/www.kibotek.com\/wp-content\/uploads\/2026\/03\/kiboTEK_XIAOMI_keyboard_pad_8_pad_8_pro_001.jpg 1784w, https:\/\/www.kibotek.com\/wp-content\/uploads\/2026\/03\/kiboTEK_XIAOMI_keyboard_pad_8_pad_8_pro_001-400x184.jpg 400w, https:\/\/www.kibotek.com\/wp-content\/uploads\/2026\/03\/kiboTEK_XIAOMI_keyboard_pad_8_pad_8_pro_001-1300x597.jpg 1300w, https:\/\/www.kibotek.com\/wp-content\/uploads\/2026\/03\/kiboTEK_XIAOMI_keyboard_pad_8_pad_8_pro_001-768x353.jpg 768w, https:\/\/www.kibotek.com\/wp-content\/uploads\/2026\/03\/kiboTEK_XIAOMI_keyboard_pad_8_pad_8_pro_001-1536x705.jpg 1536w, https:\/\/www.kibotek.com\/wp-content\/uploads\/2026\/03\/kiboTEK_XIAOMI_keyboard_pad_8_pad_8_pro_001-18x8.jpg 18w, https:\/\/www.kibotek.com\/wp-content\/uploads\/2026\/03\/kiboTEK_XIAOMI_keyboard_pad_8_pad_8_pro_001-430x197.jpg 430w, https:\/\/www.kibotek.com\/wp-content\/uploads\/2026\/03\/kiboTEK_XIAOMI_keyboard_pad_8_pad_8_pro_001-700x321.jpg 700w, https:\/\/www.kibotek.com\/wp-content\/uploads\/2026\/03\/kiboTEK_XIAOMI_keyboard_pad_8_pad_8_pro_001-150x69.jpg 150w\" sizes=\"auto, (max-width: 1784px) 100vw, 1784px\" \/> <img loading=\"lazy\" decoding=\"async\" class=\"aligncenter size-full wp-image-73971\" src=\"https:\/\/www.kibotek.com\/wp-content\/uploads\/2026\/03\/kibotek_xiaomi_keyboard_pad_8_pad_8_pro_004.jpg\" alt=\"\" width=\"1639\" height=\"331\" title=\"\" srcset=\"https:\/\/www.kibotek.com\/wp-content\/uploads\/2026\/03\/kibotek_xiaomi_keyboard_pad_8_pad_8_pro_004.jpg 1639w, https:\/\/www.kibotek.com\/wp-content\/uploads\/2026\/03\/kibotek_xiaomi_keyboard_pad_8_pad_8_pro_004-400x81.jpg 400w, https:\/\/www.kibotek.com\/wp-content\/uploads\/2026\/03\/kibotek_xiaomi_keyboard_pad_8_pad_8_pro_004-1300x263.jpg 1300w, https:\/\/www.kibotek.com\/wp-content\/uploads\/2026\/03\/kibotek_xiaomi_keyboard_pad_8_pad_8_pro_004-768x155.jpg 768w, https:\/\/www.kibotek.com\/wp-content\/uploads\/2026\/03\/kibotek_xiaomi_keyboard_pad_8_pad_8_pro_004-1536x310.jpg 1536w, https:\/\/www.kibotek.com\/wp-content\/uploads\/2026\/03\/kibotek_xiaomi_keyboard_pad_8_pad_8_pro_004-18x4.jpg 18w, https:\/\/www.kibotek.com\/wp-content\/uploads\/2026\/03\/kibotek_xiaomi_keyboard_pad_8_pad_8_pro_004-430x87.jpg 430w, https:\/\/www.kibotek.com\/wp-content\/uploads\/2026\/03\/kibotek_xiaomi_keyboard_pad_8_pad_8_pro_004-700x141.jpg 700w, https:\/\/www.kibotek.com\/wp-content\/uploads\/2026\/03\/kibotek_xiaomi_keyboard_pad_8_pad_8_pro_004-150x30.jpg 150w\" sizes=\"auto, (max-width: 1639px) 100vw, 1639px\" \/> <img loading=\"lazy\" decoding=\"async\" class=\"aligncenter size-full wp-image-73972\" src=\"https:\/\/www.kibotek.com\/wp-content\/uploads\/2026\/03\/kibotek_xiaomi_keyboard_pad_8_pad_8_pro_005.jpg\" alt=\"\" width=\"1682\" height=\"697\" title=\"\" srcset=\"https:\/\/www.kibotek.com\/wp-content\/uploads\/2026\/03\/kibotek_xiaomi_keyboard_pad_8_pad_8_pro_005.jpg 1682w, https:\/\/www.kibotek.com\/wp-content\/uploads\/2026\/03\/kibotek_xiaomi_keyboard_pad_8_pad_8_pro_005-400x166.jpg 400w, https:\/\/www.kibotek.com\/wp-content\/uploads\/2026\/03\/kibotek_xiaomi_keyboard_pad_8_pad_8_pro_005-1300x539.jpg 1300w, https:\/\/www.kibotek.com\/wp-content\/uploads\/2026\/03\/kibotek_xiaomi_keyboard_pad_8_pad_8_pro_005-768x318.jpg 768w, https:\/\/www.kibotek.com\/wp-content\/uploads\/2026\/03\/kibotek_xiaomi_keyboard_pad_8_pad_8_pro_005-1536x636.jpg 1536w, https:\/\/www.kibotek.com\/wp-content\/uploads\/2026\/03\/kibotek_xiaomi_keyboard_pad_8_pad_8_pro_005-18x7.jpg 18w, https:\/\/www.kibotek.com\/wp-content\/uploads\/2026\/03\/kibotek_xiaomi_keyboard_pad_8_pad_8_pro_005-430x178.jpg 430w, https:\/\/www.kibotek.com\/wp-content\/uploads\/2026\/03\/kibotek_xiaomi_keyboard_pad_8_pad_8_pro_005-700x290.jpg 700w, https:\/\/www.kibotek.com\/wp-content\/uploads\/2026\/03\/kibotek_xiaomi_keyboard_pad_8_pad_8_pro_005-150x62.jpg 150w\" sizes=\"auto, (max-width: 1682px) 100vw, 1682px\" \/> <img loading=\"lazy\" decoding=\"async\" class=\"aligncenter size-full wp-image-73973\" src=\"https:\/\/www.kibotek.com\/wp-content\/uploads\/2026\/03\/kibotek_xiaomi_keyboard_pad_8_pad_8_pro_006.jpg\" alt=\"\" width=\"1753\" height=\"834\" title=\"\" srcset=\"https:\/\/www.kibotek.com\/wp-content\/uploads\/2026\/03\/kibotek_xiaomi_keyboard_pad_8_pad_8_pro_006.jpg 1753w, https:\/\/www.kibotek.com\/wp-content\/uploads\/2026\/03\/kibotek_xiaomi_keyboard_pad_8_pad_8_pro_006-400x190.jpg 400w, https:\/\/www.kibotek.com\/wp-content\/uploads\/2026\/03\/kibotek_xiaomi_keyboard_pad_8_pad_8_pro_006-1300x618.jpg 1300w, https:\/\/www.kibotek.com\/wp-content\/uploads\/2026\/03\/kibotek_xiaomi_keyboard_pad_8_pad_8_pro_006-768x365.jpg 768w, https:\/\/www.kibotek.com\/wp-content\/uploads\/2026\/03\/kibotek_xiaomi_keyboard_pad_8_pad_8_pro_006-1536x731.jpg 1536w, https:\/\/www.kibotek.com\/wp-content\/uploads\/2026\/03\/kibotek_xiaomi_keyboard_pad_8_pad_8_pro_006-18x9.jpg 18w, https:\/\/www.kibotek.com\/wp-content\/uploads\/2026\/03\/kibotek_xiaomi_keyboard_pad_8_pad_8_pro_006-430x205.jpg 430w, https:\/\/www.kibotek.com\/wp-content\/uploads\/2026\/03\/kibotek_xiaomi_keyboard_pad_8_pad_8_pro_006-700x333.jpg 700w, https:\/\/www.kibotek.com\/wp-content\/uploads\/2026\/03\/kibotek_xiaomi_keyboard_pad_8_pad_8_pro_006-150x71.jpg 150w\" sizes=\"auto, (max-width: 1753px) 100vw, 1753px\" \/> <img loading=\"lazy\" decoding=\"async\" class=\"aligncenter size-full wp-image-73974\" src=\"https:\/\/www.kibotek.com\/wp-content\/uploads\/2026\/03\/kibotek_xiaomi_keyboard_pad_8_pad_8_pro_007.jpg\" alt=\"\" width=\"1702\" height=\"826\" title=\"\" srcset=\"https:\/\/www.kibotek.com\/wp-content\/uploads\/2026\/03\/kibotek_xiaomi_keyboard_pad_8_pad_8_pro_007.jpg 1702w, https:\/\/www.kibotek.com\/wp-content\/uploads\/2026\/03\/kibotek_xiaomi_keyboard_pad_8_pad_8_pro_007-400x194.jpg 400w, https:\/\/www.kibotek.com\/wp-content\/uploads\/2026\/03\/kibotek_xiaomi_keyboard_pad_8_pad_8_pro_007-1300x631.jpg 1300w, https:\/\/www.kibotek.com\/wp-content\/uploads\/2026\/03\/kibotek_xiaomi_keyboard_pad_8_pad_8_pro_007-768x373.jpg 768w, https:\/\/www.kibotek.com\/wp-content\/uploads\/2026\/03\/kibotek_xiaomi_keyboard_pad_8_pad_8_pro_007-1536x745.jpg 1536w, https:\/\/www.kibotek.com\/wp-content\/uploads\/2026\/03\/kibotek_xiaomi_keyboard_pad_8_pad_8_pro_007-18x9.jpg 18w, https:\/\/www.kibotek.com\/wp-content\/uploads\/2026\/03\/kibotek_xiaomi_keyboard_pad_8_pad_8_pro_007-430x209.jpg 430w, https:\/\/www.kibotek.com\/wp-content\/uploads\/2026\/03\/kibotek_xiaomi_keyboard_pad_8_pad_8_pro_007-700x340.jpg 700w, https:\/\/www.kibotek.com\/wp-content\/uploads\/2026\/03\/kibotek_xiaomi_keyboard_pad_8_pad_8_pro_007-150x73.jpg 150w\" sizes=\"auto, (max-width: 1702px) 100vw, 1702px\" \/> <img loading=\"lazy\" decoding=\"async\" class=\"aligncenter size-full wp-image-73975\" src=\"https:\/\/www.kibotek.com\/wp-content\/uploads\/2026\/03\/kibotek_xiaomi_keyboard_pad_8_pad_8_pro_008.jpg\" alt=\"\" width=\"1748\" height=\"816\" title=\"\" srcset=\"https:\/\/www.kibotek.com\/wp-content\/uploads\/2026\/03\/kibotek_xiaomi_keyboard_pad_8_pad_8_pro_008.jpg 1748w, https:\/\/www.kibotek.com\/wp-content\/uploads\/2026\/03\/kibotek_xiaomi_keyboard_pad_8_pad_8_pro_008-400x187.jpg 400w, https:\/\/www.kibotek.com\/wp-content\/uploads\/2026\/03\/kibotek_xiaomi_keyboard_pad_8_pad_8_pro_008-1300x607.jpg 1300w, https:\/\/www.kibotek.com\/wp-content\/uploads\/2026\/03\/kibotek_xiaomi_keyboard_pad_8_pad_8_pro_008-768x359.jpg 768w, https:\/\/www.kibotek.com\/wp-content\/uploads\/2026\/03\/kibotek_xiaomi_keyboard_pad_8_pad_8_pro_008-1536x717.jpg 1536w, https:\/\/www.kibotek.com\/wp-content\/uploads\/2026\/03\/kibotek_xiaomi_keyboard_pad_8_pad_8_pro_008-18x8.jpg 18w, https:\/\/www.kibotek.com\/wp-content\/uploads\/2026\/03\/kibotek_xiaomi_keyboard_pad_8_pad_8_pro_008-430x201.jpg 430w, https:\/\/www.kibotek.com\/wp-content\/uploads\/2026\/03\/kibotek_xiaomi_keyboard_pad_8_pad_8_pro_008-700x327.jpg 700w, https:\/\/www.kibotek.com\/wp-content\/uploads\/2026\/03\/kibotek_xiaomi_keyboard_pad_8_pad_8_pro_008-150x70.jpg 150w\" sizes=\"auto, (max-width: 1748px) 100vw, 1748px\" \/><\/div>","protected":false},"excerpt":{"rendered":"<p class=\"price woobt-price-56089\"><strong><em>ACQUISTA ORA E <\/em><\/strong><strong><em>RICEVI IN 24\/72H \ud83d\ude80<\/em><\/strong><\/p>","protected":false},"featured_media":73969,"comment_status":"open","ping_status":"closed","template":"","meta":{"iawp_total_views":101},"product_brand":[8155],"product_cat":[7912,79],"product_tag":[],"class_list":{"0":"post-73967","1":"product","2":"type-product","3":"status-publish","4":"has-post-thumbnail","6":"product_brand-comprar-lo-mejor-de-xiaomi","7":"product_cat-tablets-xiaomi","8":"product_cat-comprar-los-mejores-moviles","10":"first","11":"instock","12":"taxable","13":"shipping-taxable","14":"purchasable","15":"product-type-simple"},"supplier_id":null,"supplier_sku":"","barcode":null,"atum_controlled":true,"out_stock_date":null,"out_stock_threshold":null,"inheritable":false,"inbound_stock":null,"stock_on_hold":0,"sold_today":0,"sales_last_days":0,"reserved_stock":null,"customer_returns":null,"warehouse_damage":null,"lost_in_post":null,"other_logs":null,"out_stock_days":0,"lost_sales":0,"has_location":false,"update_date":"2026-04-18T20:03:12","atum_locations":[],"atum_stock_status":"instock","restock_status":false,"low_stock_amount":"","sales_update_date":"2026-04-18T05:02:08","calc_backorders":null,"_links":{"self":[{"href":"https:\/\/www.kibotek.com\/it\/wp-json\/wp\/v2\/product\/73967","targetHints":{"allow":["GET"]}}],"collection":[{"href":"https:\/\/www.kibotek.com\/it\/wp-json\/wp\/v2\/product"}],"about":[{"href":"https:\/\/www.kibotek.com\/it\/wp-json\/wp\/v2\/types\/product"}],"replies":[{"embeddable":true,"href":"https:\/\/www.kibotek.com\/it\/wp-json\/wp\/v2\/comments?post=73967"}],"version-history":[{"count":3,"href":"https:\/\/www.kibotek.com\/it\/wp-json\/wp\/v2\/product\/73967\/revisions"}],"predecessor-version":[{"id":73981,"href":"https:\/\/www.kibotek.com\/it\/wp-json\/wp\/v2\/product\/73967\/revisions\/73981"}],"wp:featuredmedia":[{"embeddable":true,"href":"https:\/\/www.kibotek.com\/it\/wp-json\/wp\/v2\/media\/73969"}],"wp:attachment":[{"href":"https:\/\/www.kibotek.com\/it\/wp-json\/wp\/v2\/media?parent=73967"}],"wp:term":[{"taxonomy":"product_brand","embeddable":true,"href":"https:\/\/www.kibotek.com\/it\/wp-json\/wp\/v2\/product_brand?post=73967"},{"taxonomy":"product_cat","embeddable":true,"href":"https:\/\/www.kibotek.com\/it\/wp-json\/wp\/v2\/product_cat?post=73967"},{"taxonomy":"product_tag","embeddable":true,"href":"https:\/\/www.kibotek.com\/it\/wp-json\/wp\/v2\/product_tag?post=73967"}],"curies":[{"name":"parola chiave","href":"https:\/\/api.w.org\/{rel}","templated":true}]}}