{"id":70360,"date":"2026-01-13T16:40:49","date_gmt":"2026-01-13T15:40:49","guid":{"rendered":"https:\/\/www.kibotek.com\/?post_type=product&#038;p=70360"},"modified":"2026-05-07T22:08:19","modified_gmt":"2026-05-07T20:08:19","slug":"console-portatile-retro-anbernic-rg-477v-8gb-128gb-android-14","status":"publish","type":"product","link":"https:\/\/www.kibotek.com\/it\/kibostore\/anbernic-rg-477v-8gb-128gb-consola-retro-portable-android-14\/","title":{"rendered":"Anbernic RG 477V 8GB\/128GB Console retr\u00f2 portatile Android 14"},"content":{"rendered":"<h3>Acquista Anbernic RG 477V DE 8GB\/128GB Console retr\u00f2 portatile<\/h3>\n<h3>Spedizione dalla Spagna all&#039;Europa in 24\/72 ore<\/h3>\n<h3><strong>3 anni<\/strong> <strong>Garanzia europea <\/strong><strong>Solo da kiboTEK <\/strong><\/h3>\n<h3>Specifiche<\/h3>\n<ul>\n<li><span style=\"color: #ff0000;\"><strong>CUSTODIA REGALO<\/strong><\/span><\/li>\n<li><span style=\"color: #ff0000;\"><strong>SCHEDA SD GRATUITA 128GB<\/strong><\/span><\/li>\n<li>Display OCA in-cell LTPS da 4,7 pollici<\/li>\n<li>Risoluzione di 1280 x 960 pixel<\/li>\n<li>Frequenza di aggiornamento 120Hz<\/li>\n<li>Sistema operativo Android 14<\/li>\n<li><strong>Emulatori: Play Station 2, PSP, Play Station 1, Arcade, Wii, PSVITA, NeoGeo, MAME, Sega Genesis, \u2026<\/strong><\/li>\n<li>Processore Dimensity 8300 <span class=\"Y2IQFc\" lang=\"es\">(chip SOC 5G con processo EUV da 4 nm)<\/span><\/li>\n<li><span class=\"Y2IQFc\" lang=\"es\">GPU Mali-G615 MC6<\/span><\/li>\n<li>Controllo con i pulsanti L1 \/ L2 e R1 \/ R2<\/li>\n<li><strong>Memoria RAM 8GB LPDDR4<\/strong><\/li>\n<li><strong><span class=\"Y2IQFc\" lang=\"es\">Archiviazione 128GB UFS 2.2<\/span><\/strong><\/li>\n<li><strong>Uscita HDMI<\/strong><\/li>\n<li><span class=\"Y2IQFc\" lang=\"es\">IA ANBERNIC<\/span><\/li>\n<li>Wi-Fi 6E 802.11a\/b\/g\/n\/ac, Bluetooth 5.3<\/li>\n<li>Porta USB Type-C, OTG-USB e jack audio da 3,5 mm<\/li>\n<li>Batteria da 5500 mAh per un massimo di 8 ore di utilizzo<\/li>\n<li>5 V\/9 A, 27 W<\/li>\n<li>Peso 334 g<\/li>\n<li>Dimensioni 15,3 x 10,57 x 2,3 cm<\/li>\n<li>Nero e grigio retr\u00f2<\/li>\n<\/ul>\n<p><iframe loading=\"lazy\" title=\"ANBERNIC RG 477V \u00e8 disponibile ora!\" width=\"500\" height=\"281\" src=\"https:\/\/www.youtube.com\/embed\/1Ph910XCXAY?feature=oembed\" frameborder=\"0\" allow=\"accelerometer; autoplay; clipboard-write; encrypted-media; gyroscope; picture-in-picture; web-share\" referrerpolicy=\"strict-origin-when-cross-origin\" allowfullscreen><\/iframe><\/p>\n<h3>Sicurezza nel tuo acquisto<\/h3>\n<p>Su kiboTEK, puoi contare sulla tranquillit\u00e0 e sulla sicurezza di fare acquisti nel miglior negozio online in Spagna. Se non sei soddisfatto del tuo acquisto, puoi usufruire della massima tranquillit\u00e0 grazie alla nostra politica di reso.,<\/p>\n<p><strong><span style=\"font-size: 12pt;\">Hai 14 giorni per richiedere un rimborso.<\/span><\/strong><\/p>\n<p>D&#039;altra parte, non preoccuparti per la garanzia perch\u00e9 solo sul nostro sito web la avrai.<\/p>\n<p><strong>Garanzia europea di 3 anni<\/strong><\/p>\n<p>Da kiboTEK puoi acquistare <strong>Anbernic RG 477V<\/strong><strong data-start=\"450\" data-end=\"470\">\u00a0<\/strong>con la garanzia e la sicurezza del miglior negozio online in Spagna e in Europa.<\/p>\n<h2 data-start=\"3539\" data-end=\"3610\">Acquistalo su kiboTEK \u2014 Negozio fisico e online con garanzia ufficiale<\/h2>\n<p data-start=\"3612\" data-end=\"3866\">Nel <strong data-start=\"3615\" data-end=\"3656\"><span class=\"hover:entity-accent entity-underline inline cursor-pointer align-baseline\"><span class=\"whitespace-normal\">kiboTEK<\/span><\/span><\/strong> Potere <strong data-start=\"3664\" data-end=\"3711\">Acquista Anbernic RG 477V <\/strong>\u00a0tanto <a href=\"http:\/\/www.kiboTEK.com\" target=\"_blank\" rel=\"nofollow noopener\">in linea\u00a0<\/a> come nel nostro <strong data-start=\"3742\" data-end=\"3789\">negozi fisici a Bilbao e Vitoria-Gasteiz<\/strong>, con <strong data-start=\"3795\" data-end=\"3833\">Garanzia ufficiale europea di 3 anni<\/strong> e supporto tecnico specializzato.<\/p>\n<ul data-start=\"3263\" data-end=\"3417\">\n<li data-start=\"3263\" data-end=\"3291\">\n<p data-start=\"3265\" data-end=\"3291\"><a href=\"https:\/\/share.google\/6A44KmqGyzVK0dryQ\" target=\"_blank\" rel=\"nofollow noopener\">\ud83d\udccd Negozio KiboTEK di Bilbao<\/a><\/p>\n<\/li>\n<li data-start=\"3292\" data-end=\"3329\">\n<p data-start=\"3294\" data-end=\"3329\"><a href=\"https:\/\/share.google\/j0qINcfL2JLnLzuep\" target=\"_blank\" rel=\"nofollow noopener\">\ud83d\udccdnegozio kiboTEK Vitoria-Gasteiz<\/a><\/p>\n<\/li>\n<li data-start=\"3330\" data-end=\"3374\">\n<p data-start=\"3332\" data-end=\"3374\">\ud83d\ude9a Spedizioni veloci entro 24\/48 ore in tutta Europa<\/p>\n<\/li>\n<li data-start=\"3375\" data-end=\"3417\">\n<p data-start=\"3377\" data-end=\"3417\">\ud83d\udee1\ufe0f Garanzia ufficiale e supporto tecnico<\/p>\n<\/li>\n<\/ul>\n<h3>Schermo da 4,7\u2033<\/h3>\n<p>Questa nuova console Anbernic, la RG 477V, \u00e8 dotata di uno schermo di <strong>4,7 pollici con una risoluzione di 1280 x 960 pixel<\/strong> e una frequenza di aggiornamento di 120 Hz, cos\u00ec potrai goderti tutti i tuoi giochi con la massima fluidit\u00e0 e un controllo molto preciso sul suo touch screen.<\/p>\n<h3>Incredibile processore Mediatek<\/h3>\n<p>Ci presenta un Mediatek <strong>Dimensioni 8300<\/strong> un potente processore che possiamo trovare nel nostro <a href=\"https:\/\/www.kibotek.com\/it\/kibostore\/console-portatile-retro-anbernic-rg-557-da-12-gb-e-256-gb-android-14\/\">RG 557<\/a> garantendoci prestazioni ed efficienza energetica impressionanti.<\/p>\n<p>Dotato di un processore MediaTek Dimensity 8300, questo Anbernic RG 477V pu\u00f2 gestire facilmente un&#039;ampia gamma di piattaforme retr\u00f2 a 8 bit, 16 bit e 32 bit. <strong>Utilizza lo stesso processore dei potenti telefoni attuali come lo Xiaomi 14T o il Poco X6 Pro.<\/strong><\/p>\n<p>Sar\u00e0 disponibile in due versioni: <strong>8 GB RAM + 128 GB<\/strong> stoccaggio o <strong>12 GB RAM + 256 GB<\/strong> stoccaggio, cos\u00ec possiamo soddisfare tutte le vostre esigenze.<\/p>\n<h3 class=\"western\">Sistema di avvio Android 14<\/h3>\n<p>Grazie al suo sistema operativo Android, questo RG477V ci d\u00e0 la possibilit\u00e0 di avere tutte le comodit\u00e0 e<strong> app Android<\/strong> D&#039;altra parte, puoi riprodurre le ROM direttamente da quelle installate sulla tua scheda SD. La console RG 477V \u00e8 dotata di Android installato, il che ti permetter\u00e0 di... <strong>accedi al Play Store e scarica i giochi che pi\u00f9 ti piacciono.<\/strong><\/p>\n<h3><strong>Intelligenza artificiale<\/strong><\/h3>\n<p>Una delle novit\u00e0 che contraddistingue le nuove generazioni di console di Anbernic \u00e8 l&#039;integrazione della propria IA.<span class=\"Y2IQFc\" lang=\"es\">Supporta il riconoscimento del gioco con un clic, suggerimenti sulle strategie, traduzione in tempo reale, dialoghi intelligenti, conversione da testo a immagine, elaborazione delle immagini e molto altro.<\/span><\/p>\n<h3 class=\"western\">Compatibile con i principali emulatori<\/h3>\n<p>Con questa nuova console retr\u00f2 Anbernic RG477V, hai compatibilit\u00e0 con diversi emulatori come<strong> Neo geo, Sega genesis, Sega Saturn, MAME, FBA, PlayStation 1, PlayStation 2, Dreamcast o PSP<\/strong> tra gli altri e la compatibilit\u00e0 di <b>Wii U e PS Vita<\/b>. Giochi Android (Genshin Impact, Honor of Kings, ecc.)<\/p>\n<p>Troveremo un doppio stick analogico, un pad direzionale, quattro pulsanti di azione principali e altri due che probabilmente serviranno per funzioni come avvio e selezione, cos\u00ec potrai divertirti con i giochi che pi\u00f9 ti appassionano, che siano giochi di combattimento per sentirti un campione o anche giochi di sparatutto per migliorare la tua mira e poter mostrare i tuoi punteggi migliori ai tuoi amici.<\/p>\n<h3 class=\"western\">Wi-Fi, 6 integrati<\/h3>\n<p>Per quanto riguarda la connettivit\u00e0 che abbiamo <strong>Wi-Fi <\/strong><strong>6 <\/strong>Ci\u00f2 migliora significativamente la velocit\u00e0 di connessione nel nuovo Anbernic RG477V. Inoltre, abbiamo anche <strong>Bluetooth 5.3<\/strong><strong> per poter collegare il nostro gamepad<\/strong> al dispositivo.<\/p>\n<h3 class=\"western\">Batteria sufficiente da 5.500 mAh<\/h3>\n<p>Ci porta una batteria da 5.500 milliampere che <strong>si traduce in fino a 8 ore di gioco <\/strong><strong>instancabile ma sempre <\/strong><strong>secondo il produttore. <\/strong>\u00a0Questa batteria pu\u00f2 essere caricata tramite la porta di connessione Type-C ed \u00e8 compatibile con la ricarica rapida da 27 W.<\/p>\n<p>Ci offre un sistema di raffreddamento attivo con una ventola ad alte prestazioni e un tubo di calore che mantiene stabile il dispositivo.<\/p>\n<p>\u00c8 dotato di un joystick Hall 3D grandangolare che rileva con precisione anche i movimenti pi\u00f9 impercettibili, garantendo un controllo fluido e preciso.<\/p>\n<p>Anbernic ci porta questo nuovo RG 477V in due colori tra cui scegliere, da un lato il colore <strong>Nero e grigio retr\u00f2.<\/strong><\/p>\n<p><strong>Spese gratuite per Spagna e Portogallo (solo Penisola) da \u20ac 100<\/strong>.<\/p>\n<p><img loading=\"lazy\" decoding=\"async\" class=\"aligncenter size-full wp-image-70345\" src=\"https:\/\/www.kibotek.com\/wp-content\/uploads\/2026\/01\/kiboTEK_anbernic_rg_477_v_006.jpg\" alt=\"\" width=\"1400\" height=\"1400\" title=\"\" srcset=\"https:\/\/www.kibotek.com\/wp-content\/uploads\/2026\/01\/kiboTEK_anbernic_rg_477_v_006.jpg 1400w, https:\/\/www.kibotek.com\/wp-content\/uploads\/2026\/01\/kiboTEK_anbernic_rg_477_v_006-300x300.jpg 300w, https:\/\/www.kibotek.com\/wp-content\/uploads\/2026\/01\/kiboTEK_anbernic_rg_477_v_006-800x800.jpg 800w, https:\/\/www.kibotek.com\/wp-content\/uploads\/2026\/01\/kiboTEK_anbernic_rg_477_v_006-150x150.jpg 150w, https:\/\/www.kibotek.com\/wp-content\/uploads\/2026\/01\/kiboTEK_anbernic_rg_477_v_006-768x768.jpg 768w, https:\/\/www.kibotek.com\/wp-content\/uploads\/2026\/01\/kiboTEK_anbernic_rg_477_v_006-12x12.jpg 12w, https:\/\/www.kibotek.com\/wp-content\/uploads\/2026\/01\/kiboTEK_anbernic_rg_477_v_006-430x430.jpg 430w, https:\/\/www.kibotek.com\/wp-content\/uploads\/2026\/01\/kiboTEK_anbernic_rg_477_v_006-700x700.jpg 700w, https:\/\/www.kibotek.com\/wp-content\/uploads\/2026\/01\/kiboTEK_anbernic_rg_477_v_006-50x50.jpg 50w, https:\/\/www.kibotek.com\/wp-content\/uploads\/2026\/01\/kiboTEK_anbernic_rg_477_v_006-100x100.jpg 100w, https:\/\/www.kibotek.com\/wp-content\/uploads\/2026\/01\/kiboTEK_anbernic_rg_477_v_006-32x32.jpg 32w\" sizes=\"auto, (max-width: 1400px) 100vw, 1400px\" \/> <img loading=\"lazy\" decoding=\"async\" class=\"aligncenter size-full wp-image-70346\" src=\"https:\/\/www.kibotek.com\/wp-content\/uploads\/2026\/01\/kiboTEK_anbernic_rg_477_v_007.jpg\" alt=\"\" width=\"1400\" height=\"1400\" title=\"\" srcset=\"https:\/\/www.kibotek.com\/wp-content\/uploads\/2026\/01\/kiboTEK_anbernic_rg_477_v_007.jpg 1400w, https:\/\/www.kibotek.com\/wp-content\/uploads\/2026\/01\/kiboTEK_anbernic_rg_477_v_007-300x300.jpg 300w, https:\/\/www.kibotek.com\/wp-content\/uploads\/2026\/01\/kiboTEK_anbernic_rg_477_v_007-800x800.jpg 800w, https:\/\/www.kibotek.com\/wp-content\/uploads\/2026\/01\/kiboTEK_anbernic_rg_477_v_007-150x150.jpg 150w, https:\/\/www.kibotek.com\/wp-content\/uploads\/2026\/01\/kiboTEK_anbernic_rg_477_v_007-768x768.jpg 768w, https:\/\/www.kibotek.com\/wp-content\/uploads\/2026\/01\/kiboTEK_anbernic_rg_477_v_007-12x12.jpg 12w, https:\/\/www.kibotek.com\/wp-content\/uploads\/2026\/01\/kiboTEK_anbernic_rg_477_v_007-430x430.jpg 430w, https:\/\/www.kibotek.com\/wp-content\/uploads\/2026\/01\/kiboTEK_anbernic_rg_477_v_007-700x700.jpg 700w, https:\/\/www.kibotek.com\/wp-content\/uploads\/2026\/01\/kiboTEK_anbernic_rg_477_v_007-50x50.jpg 50w, https:\/\/www.kibotek.com\/wp-content\/uploads\/2026\/01\/kiboTEK_anbernic_rg_477_v_007-100x100.jpg 100w, https:\/\/www.kibotek.com\/wp-content\/uploads\/2026\/01\/kiboTEK_anbernic_rg_477_v_007-32x32.jpg 32w\" sizes=\"auto, (max-width: 1400px) 100vw, 1400px\" \/> <img loading=\"lazy\" decoding=\"async\" class=\"aligncenter size-full wp-image-70347\" src=\"https:\/\/www.kibotek.com\/wp-content\/uploads\/2026\/01\/kiboTEK_anbernic_rg_477_v_008.jpg\" alt=\"\" width=\"1400\" height=\"1400\" title=\"\" srcset=\"https:\/\/www.kibotek.com\/wp-content\/uploads\/2026\/01\/kiboTEK_anbernic_rg_477_v_008.jpg 1400w, https:\/\/www.kibotek.com\/wp-content\/uploads\/2026\/01\/kiboTEK_anbernic_rg_477_v_008-300x300.jpg 300w, https:\/\/www.kibotek.com\/wp-content\/uploads\/2026\/01\/kiboTEK_anbernic_rg_477_v_008-800x800.jpg 800w, https:\/\/www.kibotek.com\/wp-content\/uploads\/2026\/01\/kiboTEK_anbernic_rg_477_v_008-150x150.jpg 150w, https:\/\/www.kibotek.com\/wp-content\/uploads\/2026\/01\/kiboTEK_anbernic_rg_477_v_008-768x768.jpg 768w, https:\/\/www.kibotek.com\/wp-content\/uploads\/2026\/01\/kiboTEK_anbernic_rg_477_v_008-12x12.jpg 12w, https:\/\/www.kibotek.com\/wp-content\/uploads\/2026\/01\/kiboTEK_anbernic_rg_477_v_008-430x430.jpg 430w, https:\/\/www.kibotek.com\/wp-content\/uploads\/2026\/01\/kiboTEK_anbernic_rg_477_v_008-700x700.jpg 700w, https:\/\/www.kibotek.com\/wp-content\/uploads\/2026\/01\/kiboTEK_anbernic_rg_477_v_008-50x50.jpg 50w, https:\/\/www.kibotek.com\/wp-content\/uploads\/2026\/01\/kiboTEK_anbernic_rg_477_v_008-100x100.jpg 100w, https:\/\/www.kibotek.com\/wp-content\/uploads\/2026\/01\/kiboTEK_anbernic_rg_477_v_008-32x32.jpg 32w\" sizes=\"auto, (max-width: 1400px) 100vw, 1400px\" \/> <img loading=\"lazy\" decoding=\"async\" class=\"aligncenter size-full wp-image-70348\" src=\"https:\/\/www.kibotek.com\/wp-content\/uploads\/2026\/01\/kiboTEK_anbernic_rg_477_v_009.jpg\" alt=\"\" width=\"1400\" height=\"1400\" title=\"\" srcset=\"https:\/\/www.kibotek.com\/wp-content\/uploads\/2026\/01\/kiboTEK_anbernic_rg_477_v_009.jpg 1400w, https:\/\/www.kibotek.com\/wp-content\/uploads\/2026\/01\/kiboTEK_anbernic_rg_477_v_009-300x300.jpg 300w, https:\/\/www.kibotek.com\/wp-content\/uploads\/2026\/01\/kiboTEK_anbernic_rg_477_v_009-800x800.jpg 800w, https:\/\/www.kibotek.com\/wp-content\/uploads\/2026\/01\/kiboTEK_anbernic_rg_477_v_009-150x150.jpg 150w, https:\/\/www.kibotek.com\/wp-content\/uploads\/2026\/01\/kiboTEK_anbernic_rg_477_v_009-768x768.jpg 768w, https:\/\/www.kibotek.com\/wp-content\/uploads\/2026\/01\/kiboTEK_anbernic_rg_477_v_009-12x12.jpg 12w, https:\/\/www.kibotek.com\/wp-content\/uploads\/2026\/01\/kiboTEK_anbernic_rg_477_v_009-430x430.jpg 430w, https:\/\/www.kibotek.com\/wp-content\/uploads\/2026\/01\/kiboTEK_anbernic_rg_477_v_009-700x700.jpg 700w, https:\/\/www.kibotek.com\/wp-content\/uploads\/2026\/01\/kiboTEK_anbernic_rg_477_v_009-50x50.jpg 50w, https:\/\/www.kibotek.com\/wp-content\/uploads\/2026\/01\/kiboTEK_anbernic_rg_477_v_009-100x100.jpg 100w, https:\/\/www.kibotek.com\/wp-content\/uploads\/2026\/01\/kiboTEK_anbernic_rg_477_v_009-32x32.jpg 32w\" sizes=\"auto, (max-width: 1400px) 100vw, 1400px\" \/> <img loading=\"lazy\" decoding=\"async\" class=\"aligncenter size-full wp-image-70349\" src=\"https:\/\/www.kibotek.com\/wp-content\/uploads\/2026\/01\/kiboTEK_anbernic_rg_477_v_010.jpg\" alt=\"\" width=\"1400\" height=\"1400\" title=\"\" srcset=\"https:\/\/www.kibotek.com\/wp-content\/uploads\/2026\/01\/kiboTEK_anbernic_rg_477_v_010.jpg 1400w, https:\/\/www.kibotek.com\/wp-content\/uploads\/2026\/01\/kiboTEK_anbernic_rg_477_v_010-300x300.jpg 300w, https:\/\/www.kibotek.com\/wp-content\/uploads\/2026\/01\/kiboTEK_anbernic_rg_477_v_010-800x800.jpg 800w, https:\/\/www.kibotek.com\/wp-content\/uploads\/2026\/01\/kiboTEK_anbernic_rg_477_v_010-150x150.jpg 150w, https:\/\/www.kibotek.com\/wp-content\/uploads\/2026\/01\/kiboTEK_anbernic_rg_477_v_010-768x768.jpg 768w, https:\/\/www.kibotek.com\/wp-content\/uploads\/2026\/01\/kiboTEK_anbernic_rg_477_v_010-12x12.jpg 12w, https:\/\/www.kibotek.com\/wp-content\/uploads\/2026\/01\/kiboTEK_anbernic_rg_477_v_010-430x430.jpg 430w, https:\/\/www.kibotek.com\/wp-content\/uploads\/2026\/01\/kiboTEK_anbernic_rg_477_v_010-700x700.jpg 700w, https:\/\/www.kibotek.com\/wp-content\/uploads\/2026\/01\/kiboTEK_anbernic_rg_477_v_010-50x50.jpg 50w, https:\/\/www.kibotek.com\/wp-content\/uploads\/2026\/01\/kiboTEK_anbernic_rg_477_v_010-100x100.jpg 100w, https:\/\/www.kibotek.com\/wp-content\/uploads\/2026\/01\/kiboTEK_anbernic_rg_477_v_010-32x32.jpg 32w\" sizes=\"auto, (max-width: 1400px) 100vw, 1400px\" \/> <img loading=\"lazy\" decoding=\"async\" class=\"aligncenter size-full wp-image-70350\" src=\"https:\/\/www.kibotek.com\/wp-content\/uploads\/2026\/01\/kiboTEK_anbernic_rg_477_v_011.jpg\" alt=\"\" width=\"1400\" height=\"1400\" title=\"\" srcset=\"https:\/\/www.kibotek.com\/wp-content\/uploads\/2026\/01\/kiboTEK_anbernic_rg_477_v_011.jpg 1400w, https:\/\/www.kibotek.com\/wp-content\/uploads\/2026\/01\/kiboTEK_anbernic_rg_477_v_011-300x300.jpg 300w, https:\/\/www.kibotek.com\/wp-content\/uploads\/2026\/01\/kiboTEK_anbernic_rg_477_v_011-800x800.jpg 800w, https:\/\/www.kibotek.com\/wp-content\/uploads\/2026\/01\/kiboTEK_anbernic_rg_477_v_011-150x150.jpg 150w, https:\/\/www.kibotek.com\/wp-content\/uploads\/2026\/01\/kiboTEK_anbernic_rg_477_v_011-768x768.jpg 768w, https:\/\/www.kibotek.com\/wp-content\/uploads\/2026\/01\/kiboTEK_anbernic_rg_477_v_011-12x12.jpg 12w, https:\/\/www.kibotek.com\/wp-content\/uploads\/2026\/01\/kiboTEK_anbernic_rg_477_v_011-430x430.jpg 430w, https:\/\/www.kibotek.com\/wp-content\/uploads\/2026\/01\/kiboTEK_anbernic_rg_477_v_011-700x700.jpg 700w, https:\/\/www.kibotek.com\/wp-content\/uploads\/2026\/01\/kiboTEK_anbernic_rg_477_v_011-50x50.jpg 50w, https:\/\/www.kibotek.com\/wp-content\/uploads\/2026\/01\/kiboTEK_anbernic_rg_477_v_011-100x100.jpg 100w, https:\/\/www.kibotek.com\/wp-content\/uploads\/2026\/01\/kiboTEK_anbernic_rg_477_v_011-32x32.jpg 32w\" sizes=\"auto, (max-width: 1400px) 100vw, 1400px\" \/> <img loading=\"lazy\" decoding=\"async\" class=\"aligncenter size-full wp-image-70351\" src=\"https:\/\/www.kibotek.com\/wp-content\/uploads\/2026\/01\/kiboTEK_anbernic_rg_477_v_012.jpg\" alt=\"\" width=\"1400\" height=\"1400\" title=\"\" srcset=\"https:\/\/www.kibotek.com\/wp-content\/uploads\/2026\/01\/kiboTEK_anbernic_rg_477_v_012.jpg 1400w, https:\/\/www.kibotek.com\/wp-content\/uploads\/2026\/01\/kiboTEK_anbernic_rg_477_v_012-300x300.jpg 300w, https:\/\/www.kibotek.com\/wp-content\/uploads\/2026\/01\/kiboTEK_anbernic_rg_477_v_012-800x800.jpg 800w, https:\/\/www.kibotek.com\/wp-content\/uploads\/2026\/01\/kiboTEK_anbernic_rg_477_v_012-150x150.jpg 150w, https:\/\/www.kibotek.com\/wp-content\/uploads\/2026\/01\/kiboTEK_anbernic_rg_477_v_012-768x768.jpg 768w, https:\/\/www.kibotek.com\/wp-content\/uploads\/2026\/01\/kiboTEK_anbernic_rg_477_v_012-12x12.jpg 12w, https:\/\/www.kibotek.com\/wp-content\/uploads\/2026\/01\/kiboTEK_anbernic_rg_477_v_012-430x430.jpg 430w, https:\/\/www.kibotek.com\/wp-content\/uploads\/2026\/01\/kiboTEK_anbernic_rg_477_v_012-700x700.jpg 700w, https:\/\/www.kibotek.com\/wp-content\/uploads\/2026\/01\/kiboTEK_anbernic_rg_477_v_012-50x50.jpg 50w, https:\/\/www.kibotek.com\/wp-content\/uploads\/2026\/01\/kiboTEK_anbernic_rg_477_v_012-100x100.jpg 100w, https:\/\/www.kibotek.com\/wp-content\/uploads\/2026\/01\/kiboTEK_anbernic_rg_477_v_012-32x32.jpg 32w\" sizes=\"auto, (max-width: 1400px) 100vw, 1400px\" \/> <img loading=\"lazy\" decoding=\"async\" class=\"aligncenter size-full wp-image-70352\" src=\"https:\/\/www.kibotek.com\/wp-content\/uploads\/2026\/01\/kiboTEK_anbernic_rg_477_v_013.jpg\" alt=\"\" width=\"1400\" height=\"1400\" title=\"\" srcset=\"https:\/\/www.kibotek.com\/wp-content\/uploads\/2026\/01\/kiboTEK_anbernic_rg_477_v_013.jpg 1400w, https:\/\/www.kibotek.com\/wp-content\/uploads\/2026\/01\/kiboTEK_anbernic_rg_477_v_013-300x300.jpg 300w, https:\/\/www.kibotek.com\/wp-content\/uploads\/2026\/01\/kiboTEK_anbernic_rg_477_v_013-800x800.jpg 800w, https:\/\/www.kibotek.com\/wp-content\/uploads\/2026\/01\/kiboTEK_anbernic_rg_477_v_013-150x150.jpg 150w, https:\/\/www.kibotek.com\/wp-content\/uploads\/2026\/01\/kiboTEK_anbernic_rg_477_v_013-768x768.jpg 768w, https:\/\/www.kibotek.com\/wp-content\/uploads\/2026\/01\/kiboTEK_anbernic_rg_477_v_013-12x12.jpg 12w, https:\/\/www.kibotek.com\/wp-content\/uploads\/2026\/01\/kiboTEK_anbernic_rg_477_v_013-430x430.jpg 430w, https:\/\/www.kibotek.com\/wp-content\/uploads\/2026\/01\/kiboTEK_anbernic_rg_477_v_013-700x700.jpg 700w, https:\/\/www.kibotek.com\/wp-content\/uploads\/2026\/01\/kiboTEK_anbernic_rg_477_v_013-50x50.jpg 50w, https:\/\/www.kibotek.com\/wp-content\/uploads\/2026\/01\/kiboTEK_anbernic_rg_477_v_013-100x100.jpg 100w, https:\/\/www.kibotek.com\/wp-content\/uploads\/2026\/01\/kiboTEK_anbernic_rg_477_v_013-32x32.jpg 32w\" sizes=\"auto, (max-width: 1400px) 100vw, 1400px\" \/> <img loading=\"lazy\" decoding=\"async\" class=\"aligncenter size-full wp-image-70353\" src=\"https:\/\/www.kibotek.com\/wp-content\/uploads\/2026\/01\/kiboTEK_anbernic_rg_477_v_014.jpg\" alt=\"\" width=\"1400\" height=\"1400\" title=\"\" srcset=\"https:\/\/www.kibotek.com\/wp-content\/uploads\/2026\/01\/kiboTEK_anbernic_rg_477_v_014.jpg 1400w, https:\/\/www.kibotek.com\/wp-content\/uploads\/2026\/01\/kiboTEK_anbernic_rg_477_v_014-300x300.jpg 300w, https:\/\/www.kibotek.com\/wp-content\/uploads\/2026\/01\/kiboTEK_anbernic_rg_477_v_014-800x800.jpg 800w, https:\/\/www.kibotek.com\/wp-content\/uploads\/2026\/01\/kiboTEK_anbernic_rg_477_v_014-150x150.jpg 150w, https:\/\/www.kibotek.com\/wp-content\/uploads\/2026\/01\/kiboTEK_anbernic_rg_477_v_014-768x768.jpg 768w, https:\/\/www.kibotek.com\/wp-content\/uploads\/2026\/01\/kiboTEK_anbernic_rg_477_v_014-12x12.jpg 12w, https:\/\/www.kibotek.com\/wp-content\/uploads\/2026\/01\/kiboTEK_anbernic_rg_477_v_014-430x430.jpg 430w, https:\/\/www.kibotek.com\/wp-content\/uploads\/2026\/01\/kiboTEK_anbernic_rg_477_v_014-700x700.jpg 700w, https:\/\/www.kibotek.com\/wp-content\/uploads\/2026\/01\/kiboTEK_anbernic_rg_477_v_014-50x50.jpg 50w, https:\/\/www.kibotek.com\/wp-content\/uploads\/2026\/01\/kiboTEK_anbernic_rg_477_v_014-100x100.jpg 100w, https:\/\/www.kibotek.com\/wp-content\/uploads\/2026\/01\/kiboTEK_anbernic_rg_477_v_014-32x32.jpg 32w\" sizes=\"auto, (max-width: 1400px) 100vw, 1400px\" \/><\/p>\n<p>&nbsp;<\/p>","protected":false},"excerpt":{"rendered":"<div class=\"woocommerce-product-details__short-description\">\n<div class=\"woocommerce-product-details__short-description\">\n<p class=\"price woobt-price-56089\"><strong><em>ACQUISTA ORA E <\/em><\/strong><strong><em>RICEVI IN 24\/72H \ud83d\ude80<\/em><\/strong><\/p>\n<\/div>\n<\/div>","protected":false},"featured_media":71656,"comment_status":"open","ping_status":"closed","template":"","meta":{"iawp_total_views":1614},"product_brand":[8167],"product_cat":[7809,5514],"product_tag":[],"class_list":{"0":"post-70360","1":"product","2":"type-product","3":"status-publish","4":"has-post-thumbnail","6":"product_brand-anbernic","7":"product_cat-consolas-retro","8":"product_cat-consolas-retro-gaming-arcade-bartop-pandora-box-anbernic-powkiddy","10":"first","11":"instock","12":"taxable","13":"shipping-taxable","14":"purchasable","15":"product-type-variable"},"supplier_id":null,"supplier_sku":"","barcode":null,"atum_controlled":true,"out_stock_date":null,"out_stock_threshold":null,"inheritable":true,"inbound_stock":null,"stock_on_hold":0,"sold_today":0,"sales_last_days":2,"reserved_stock":null,"customer_returns":null,"warehouse_damage":null,"lost_in_post":null,"other_logs":null,"out_stock_days":0,"lost_sales":0,"has_location":false,"update_date":"2026-05-07T20:08:13","atum_locations":[],"atum_stock_status":"instock","restock_status":false,"low_stock_amount":"","sales_update_date":"2026-04-28T05:05:02","calc_backorders":null,"_links":{"self":[{"href":"https:\/\/www.kibotek.com\/it\/wp-json\/wp\/v2\/product\/70360","targetHints":{"allow":["GET"]}}],"collection":[{"href":"https:\/\/www.kibotek.com\/it\/wp-json\/wp\/v2\/product"}],"about":[{"href":"https:\/\/www.kibotek.com\/it\/wp-json\/wp\/v2\/types\/product"}],"replies":[{"embeddable":true,"href":"https:\/\/www.kibotek.com\/it\/wp-json\/wp\/v2\/comments?post=70360"}],"version-history":[{"count":5,"href":"https:\/\/www.kibotek.com\/it\/wp-json\/wp\/v2\/product\/70360\/revisions"}],"predecessor-version":[{"id":70384,"href":"https:\/\/www.kibotek.com\/it\/wp-json\/wp\/v2\/product\/70360\/revisions\/70384"}],"wp:featuredmedia":[{"embeddable":true,"href":"https:\/\/www.kibotek.com\/it\/wp-json\/wp\/v2\/media\/71656"}],"wp:attachment":[{"href":"https:\/\/www.kibotek.com\/it\/wp-json\/wp\/v2\/media?parent=70360"}],"wp:term":[{"taxonomy":"product_brand","embeddable":true,"href":"https:\/\/www.kibotek.com\/it\/wp-json\/wp\/v2\/product_brand?post=70360"},{"taxonomy":"product_cat","embeddable":true,"href":"https:\/\/www.kibotek.com\/it\/wp-json\/wp\/v2\/product_cat?post=70360"},{"taxonomy":"product_tag","embeddable":true,"href":"https:\/\/www.kibotek.com\/it\/wp-json\/wp\/v2\/product_tag?post=70360"}],"curies":[{"name":"parola chiave","href":"https:\/\/api.w.org\/{rel}","templated":true}]}}