{"id":69203,"date":"2026-01-24T20:01:53","date_gmt":"2026-01-24T19:01:53","guid":{"rendered":"https:\/\/www.kibotek.com\/?post_type=product&#038;p=69203"},"modified":"2026-04-18T22:07:34","modified_gmt":"2026-04-18T20:07:34","slug":"ayaneo-next-ii","status":"publish","type":"product","link":"https:\/\/www.kibotek.com\/it\/kibostore\/ayaneo-next-ii\/","title":{"rendered":"AYANEO NEXT II"},"content":{"rendered":"<h3>PROXIMAMENTE AYANEO Next II Consola Port\u00e1til Gaming<\/h3>\n<h3>Env\u00edo desde Espa\u00f1a a toda Europa en 24\/72h<\/h3>\n<h3><strong>3 a\u00f1os<\/strong> <strong>garant\u00eda Europea <\/strong><strong>Solo en kiboTEK<\/strong><\/h3>\n<h3>Especificaciones<\/h3>\n<ul>\n<li>Procesador AMD Ryzen AI Max+ 395<\/li>\n<li>GPU Radeon 8060s (RDNa 3.5)<\/li>\n<li><strong>OLED 9.06&#8243; 2400 x 1504 pixeles hasta 165Hz<\/strong><\/li>\n<li>Dual-fan Cooling System<\/li>\n<li>Bater\u00eda 115Wh<\/li>\n<li>D-pad flotante de 8 direcciones<\/li>\n<li>Joysticks y gatillos hall<\/li>\n<li>2 touchpads inteligentes<\/li>\n<\/ul>\n<h3>Seguridad en tu compra<\/h3>\n<p>En kiboTEK dispones de la tranquilidad y seguridad de comprar en una de las tiendas gaming mejor valoradas entre los usuarios. Total tranquilidad con la devoluci\u00f3n si no est\u00e1s satisfecho con tu compra,<\/p>\n<p><strong><span style=\"font-size: 12pt;\">Dispones de 14 d\u00edas para solicitar la devoluci\u00f3n<\/span><\/strong><\/p>\n<p>Por otro lado, despreoc\u00fapate por la garant\u00eda porque solo en nuestra p\u00e1gina web dispondr\u00e1s de<\/p>\n<p><strong>3 a\u00f1os de garant\u00eda europea<\/strong><\/p>\n<p>En kiboTEK puedes comprar Consola Port\u00e1til Gaming con la garant\u00eda y seguridad de la mejor tienda gaming online en Espa\u00f1a Europe.<\/p>\n<p><a href=\"https:\/\/www.kibotek.com\/condiciones-para-devoluciones\/\">Cosulta aqu\u00ed las condiciones sin ning\u00fan compromiso.<\/a><\/p>\n<h3 data-start=\"3539\" data-end=\"3610\">C\u00f3mprala en kiboTEK \u2014 Tienda f\u00edsica y online con garant\u00eda oficial<\/h3>\n<p data-start=\"3612\" data-end=\"3866\">En <strong data-start=\"3615\" data-end=\"3656\"><span class=\"hover:entity-accent entity-underline inline cursor-pointer align-baseline\"><span class=\"whitespace-normal\">kiboTEK<\/span><\/span><\/strong> puedes <strong data-start=\"3664\" data-end=\"3711\">comprar <\/strong>AYANEO Next II tanto <a href=\"http:\/\/www.kiboTEK.com\" target=\"_blank\" rel=\"nofollow noopener\">online\u00a0<\/a> como en nuestras <strong data-start=\"3742\" data-end=\"3789\">tiendas f\u00edsicas en Bilbao y Vitoria-Gasteiz<\/strong>, con <strong data-start=\"3795\" data-end=\"3833\">garant\u00eda oficial europea de 3 a\u00f1os<\/strong> y soporte t\u00e9cnico especializado.<\/p>\n<ul data-start=\"3263\" data-end=\"3417\">\n<li data-start=\"3263\" data-end=\"3291\">\n<p data-start=\"3265\" data-end=\"3291\"><a href=\"https:\/\/share.google\/6A44KmqGyzVK0dryQ\" target=\"_blank\" rel=\"nofollow noopener\">\ud83d\udccd Tienda kiboTEK Bilbao<\/a><\/p>\n<\/li>\n<li data-start=\"3292\" data-end=\"3329\">\n<p data-start=\"3294\" data-end=\"3329\"><a href=\"https:\/\/share.google\/j0qINcfL2JLnLzuep\" target=\"_blank\" rel=\"nofollow noopener\">\ud83d\udccd Tienda kiboTEK Vitoria-Gasteiz<\/a><\/p>\n<\/li>\n<li data-start=\"3330\" data-end=\"3374\">\n<p data-start=\"3332\" data-end=\"3374\">\ud83d\ude9a Env\u00edos r\u00e1pidos 24\/48 h en toda Europa<\/p>\n<\/li>\n<li data-start=\"3375\" data-end=\"3417\">\n<p data-start=\"3377\" data-end=\"3417\">\ud83d\udee1\ufe0f Garant\u00eda oficial y soporte t\u00e9cnico<\/p>\n<\/li>\n<\/ul>\n<p><iframe loading=\"lazy\" title=\"AYANEO NEXT 2 -- The New Generation Top Flagship Windows Handheld\" width=\"500\" height=\"281\" src=\"https:\/\/www.youtube.com\/embed\/mRF_w5TI7Fo?feature=oembed\" frameborder=\"0\" allow=\"accelerometer; autoplay; clipboard-write; encrypted-media; gyroscope; picture-in-picture; web-share\" referrerpolicy=\"strict-origin-when-cross-origin\" allowfullscreen><\/iframe><\/p>\n<h3>Pantalla que enamora<\/h3>\n<p>La Next II monta una pantalla OLED de 9.06 pulgadas con una resoluci\u00f3n de 2400&#215;1504, colores vibrantes y buen contraste. Hasta 165Hz de tasa de refresco lo que hace que los juegos se vean suaves lo que la hace perfecto para juegos de ritmo r\u00e1pido. Gracias a su brillo m\u00e1ximo que es bastante alto te ayudar\u00e1 incluso con luz ambiental intensa.<\/p>\n<h3>Procesador que impresiona<\/h3>\n<p>Lo m\u00e1s loco de la <strong data-start=\"860\" data-end=\"871\">NEXT II<\/strong> es su cerebro: viene equipada con el <strong data-start=\"909\" data-end=\"934\">AMD Ryzen AI Max+ 395<\/strong>, un chip enorme pensado para gaming, creaci\u00f3n de contenido y multitarea intensa en formato port\u00e1til.<\/p>\n<h3 data-start=\"3004\" data-end=\"3048\">Bater\u00eda grande<\/h3>\n<p data-start=\"3050\" data-end=\"3392\">Uno de los mayores dolores de cabeza de los dispositivos port\u00e1tiles que intentan ser potentes es la autonom\u00eda: si metes hardware enorme, necesitas bater\u00eda enorme. La NEXT II lo sabe y por eso trae una bater\u00eda interna de <strong data-start=\"3272\" data-end=\"3282\">115 Wh<\/strong>, que es una capacidad realmente colosal para este tipo de hardware.<\/p>\n<div class=\"flex h-svh w-screen flex-col\">\n<div class=\"relative z-0 flex min-h-0 w-full flex-1\">\n<div class=\"relative flex min-h-0 w-full flex-1\">\n<div class=\"@container\/main relative flex min-w-0 flex-1 flex-col -translate-y-[calc(env(safe-area-inset-bottom,0px)\/2)] pt-[calc(env(safe-area-inset-bottom,0px)\/2)]\">\n<h3><span style=\"color: #1b1919; font-size: 22px;\">Controles<\/span><\/h3>\n<div id=\"thread\" class=\"group\/thread flex flex-col min-h-full\">\n<div class=\"composer-parent flex flex-1 flex-col focus-visible:outline-0\" role=\"presentation\">\n<div class=\"relative basis-auto flex-col -mb-(--composer-overlap-px) [--composer-overlap-px:28px] grow flex\">\n<div class=\"flex flex-col text-sm @w-xl\/main:pt-header-height pb-25\">\n<article class=\"text-token-text-primary w-full focus:outline-none [--shadow-height:45px] has-data-writing-block:pointer-events-none has-data-writing-block:-mt-(--shadow-height) has-data-writing-block:pt-(--shadow-height) [&amp;:has([data-writing-block])&gt;*]:pointer-events-auto scroll-mt-[calc(var(--header-height)+min(200px,max(70px,20svh)))]\" dir=\"auto\" tabindex=\"-1\" data-turn-id=\"request-WEB:2dcec774-b88e-42eb-b733-434c5a2eafe1-1\" data-testid=\"conversation-turn-4\" data-scroll-anchor=\"true\" data-turn=\"assistant\">\n<div class=\"text-base my-auto mx-auto pb-10 [--thread-content-margin:--spacing(4)] @w-sm\/main:[--thread-content-margin:--spacing(6)] @w-lg\/main:[--thread-content-margin:--spacing(16)] px-(--thread-content-margin)\">\n<div class=\"[--thread-content-max-width:40rem] @w-lg\/main:[--thread-content-max-width:48rem] mx-auto max-w-(--thread-content-max-width) flex-1 group\/turn-messages focus-visible:outline-hidden relative flex w-full min-w-0 flex-col agent-turn\" tabindex=\"-1\">\n<div class=\"flex max-w-full flex-col grow\">\n<div class=\"min-h-8 text-message relative flex w-full flex-col items-end gap-2 text-start break-words whitespace-normal [.text-message+&amp;]:mt-1\" dir=\"auto\" data-message-author-role=\"assistant\" data-message-id=\"48769852-3b5d-45f4-9fe4-886c8d6b57a9\" data-message-model-slug=\"gpt-5-2\">\n<div class=\"flex w-full flex-col gap-1 empty:hidden first:pt-[1px]\">\n<div class=\"markdown prose dark:prose-invert w-full break-words light markdown-new-styling\">\n<p data-start=\"4244\" data-end=\"5086\"><strong data-start=\"4248\" data-end=\"4277\">Joysticks con efecto Hall<\/strong> s\u00faper precisos, <strong>gatillos lineales Hall<\/strong> con dos modos (linear o microinterruptor) para distintos estilos de juego,\u00a0<strong data-start=\"4515\" data-end=\"4550\">D-pad flotante de 8 direcciones<\/strong> para juegos de lucha o plataformas, <strong data-start=\"4633\" data-end=\"4679\">Dos touchpads inteligentes \u201cTouchTAPMagic\u201d<\/strong> que puedes usar como mouse o para otras funciones, <strong data-start=\"4776\" data-end=\"4838\">Cuatro botones traseros y cuatro funciones personalizables<\/strong> que multiplican tus opciones en juegos competitivos, \u00a0<strong data-start=\"4937\" data-end=\"4964\">Motor h\u00e1ptico magn\u00e9tico<\/strong> para vibraciones detalladas (m\u00e1s inmersivas que las vibraciones tradicionales).<\/p>\n<h3 data-start=\"5314\" data-end=\"5376\">Refrigeraci\u00f3n: porque la potencia sin control no vale<\/h3>\n<p data-start=\"5378\" data-end=\"5627\">Con todo ese m\u00fasculo bajo el cap\u00f3, AYANEO no se qued\u00f3 corta en dise\u00f1o t\u00e9rmico. La NEXT II incorpora <strong data-start=\"5478\" data-end=\"5534\">dos ventiladores + un sistema de disipaci\u00f3n avanzado<\/strong> para mantener temperaturas lo m\u00e1s estables posibles.<\/p>\n<p data-start=\"5629\" data-end=\"5825\">Esto importa porque cuando corres juegos pesados, los chips tienden a calentarse, y si no tienes buen flujo de aire\u2026 bueno, se reduce rendimiento o terminas con un dispositivo inc\u00f3modo en la mano.<\/p>\n<h3 data-start=\"5832\" data-end=\"5867\">Windows\u2026 pero m\u00e1s amigable<\/h3>\n<p data-start=\"5869\" data-end=\"6173\">Aqu\u00ed viene la parte interesante: la consola viene con <strong data-start=\"5919\" data-end=\"5930\">Windows<\/strong>, lo que quiere decir que <strong data-start=\"5956\" data-end=\"6030\">no est\u00e1 limitada a un ecosistema de juegos como Steam Deck Mode o Xbox<\/strong>. Puedes instalar cualquier juego, launcher, emulador o incluso usarla como mini PC.<\/p>\n<p data-start=\"6175\" data-end=\"6312\">Pero claro, Windows en pantallas peque\u00f1as puede ser complicado\u2026 as\u00ed que AYANEO ofrece su propia <strong data-start=\"6269\" data-end=\"6306\">capa de software llamada AYASpace<\/strong>, que lo que hace es organizar tus juegos como si fuese una biblioteca tipo consola, ajusta perfiles de rendimiento y ventiladores con un par de toques, ofrece mapeo de teclas y macros sin volverte loco.<\/p>\n<\/div>\n<\/div>\n<\/div>\n<\/div>\n<\/div>\n<\/div>\n<\/article>\n<\/div>\n<\/div>\n<\/div>\n<\/div>\n<\/div>\n<\/div>\n<\/div>\n<\/div>\n<p><img loading=\"lazy\" decoding=\"async\" class=\"aligncenter size-full wp-image-69216\" src=\"https:\/\/www.kibotek.com\/wp-content\/uploads\/2025\/12\/kiboTEK_ayaneo_next_ii_001-1.jpg\" alt=\"\" width=\"1920\" height=\"2375\" title=\"\" srcset=\"https:\/\/www.kibotek.com\/wp-content\/uploads\/2025\/12\/kiboTEK_ayaneo_next_ii_001-1.jpg 1920w, https:\/\/www.kibotek.com\/wp-content\/uploads\/2025\/12\/kiboTEK_ayaneo_next_ii_001-1-243x300.jpg 243w, https:\/\/www.kibotek.com\/wp-content\/uploads\/2025\/12\/kiboTEK_ayaneo_next_ii_001-1-647x800.jpg 647w, https:\/\/www.kibotek.com\/wp-content\/uploads\/2025\/12\/kiboTEK_ayaneo_next_ii_001-1-768x950.jpg 768w, https:\/\/www.kibotek.com\/wp-content\/uploads\/2025\/12\/kiboTEK_ayaneo_next_ii_001-1-1242x1536.jpg 1242w, https:\/\/www.kibotek.com\/wp-content\/uploads\/2025\/12\/kiboTEK_ayaneo_next_ii_001-1-1656x2048.jpg 1656w, https:\/\/www.kibotek.com\/wp-content\/uploads\/2025\/12\/kiboTEK_ayaneo_next_ii_001-1-10x12.jpg 10w, https:\/\/www.kibotek.com\/wp-content\/uploads\/2025\/12\/kiboTEK_ayaneo_next_ii_001-1-430x532.jpg 430w, https:\/\/www.kibotek.com\/wp-content\/uploads\/2025\/12\/kiboTEK_ayaneo_next_ii_001-1-700x866.jpg 700w, https:\/\/www.kibotek.com\/wp-content\/uploads\/2025\/12\/kiboTEK_ayaneo_next_ii_001-1-150x186.jpg 150w\" sizes=\"auto, (max-width: 1920px) 100vw, 1920px\" \/> <img loading=\"lazy\" decoding=\"async\" class=\"aligncenter size-full wp-image-69217\" src=\"https:\/\/www.kibotek.com\/wp-content\/uploads\/2025\/12\/kiboTEK_ayaneo_next_ii_010.jpg\" alt=\"\" width=\"1920\" height=\"1888\" title=\"\" srcset=\"https:\/\/www.kibotek.com\/wp-content\/uploads\/2025\/12\/kiboTEK_ayaneo_next_ii_010.jpg 1920w, https:\/\/www.kibotek.com\/wp-content\/uploads\/2025\/12\/kiboTEK_ayaneo_next_ii_010-305x300.jpg 305w, https:\/\/www.kibotek.com\/wp-content\/uploads\/2025\/12\/kiboTEK_ayaneo_next_ii_010-814x800.jpg 814w, https:\/\/www.kibotek.com\/wp-content\/uploads\/2025\/12\/kiboTEK_ayaneo_next_ii_010-768x755.jpg 768w, https:\/\/www.kibotek.com\/wp-content\/uploads\/2025\/12\/kiboTEK_ayaneo_next_ii_010-1536x1510.jpg 1536w, https:\/\/www.kibotek.com\/wp-content\/uploads\/2025\/12\/kiboTEK_ayaneo_next_ii_010-12x12.jpg 12w, https:\/\/www.kibotek.com\/wp-content\/uploads\/2025\/12\/kiboTEK_ayaneo_next_ii_010-430x423.jpg 430w, https:\/\/www.kibotek.com\/wp-content\/uploads\/2025\/12\/kiboTEK_ayaneo_next_ii_010-700x688.jpg 700w, https:\/\/www.kibotek.com\/wp-content\/uploads\/2025\/12\/kiboTEK_ayaneo_next_ii_010-150x148.jpg 150w, https:\/\/www.kibotek.com\/wp-content\/uploads\/2025\/12\/kiboTEK_ayaneo_next_ii_010-50x50.jpg 50w, https:\/\/www.kibotek.com\/wp-content\/uploads\/2025\/12\/kiboTEK_ayaneo_next_ii_010-32x32.jpg 32w\" sizes=\"auto, (max-width: 1920px) 100vw, 1920px\" \/> <img loading=\"lazy\" decoding=\"async\" class=\"aligncenter wp-image-69224\" src=\"https:\/\/www.kibotek.com\/wp-content\/uploads\/2025\/12\/kiboTEK_ayaneo_next_ii_011-scaled.jpg\" alt=\"\" width=\"1474\" height=\"3316\" title=\"\" srcset=\"https:\/\/www.kibotek.com\/wp-content\/uploads\/2025\/12\/kiboTEK_ayaneo_next_ii_011-scaled.jpg 1138w, https:\/\/www.kibotek.com\/wp-content\/uploads\/2025\/12\/kiboTEK_ayaneo_next_ii_011-133x300.jpg 133w, https:\/\/www.kibotek.com\/wp-content\/uploads\/2025\/12\/kiboTEK_ayaneo_next_ii_011-356x800.jpg 356w, https:\/\/www.kibotek.com\/wp-content\/uploads\/2025\/12\/kiboTEK_ayaneo_next_ii_011-768x1727.jpg 768w, https:\/\/www.kibotek.com\/wp-content\/uploads\/2025\/12\/kiboTEK_ayaneo_next_ii_011-683x1536.jpg 683w, https:\/\/www.kibotek.com\/wp-content\/uploads\/2025\/12\/kiboTEK_ayaneo_next_ii_011-911x2048.jpg 911w, https:\/\/www.kibotek.com\/wp-content\/uploads\/2025\/12\/kiboTEK_ayaneo_next_ii_011-5x12.jpg 5w, https:\/\/www.kibotek.com\/wp-content\/uploads\/2025\/12\/kiboTEK_ayaneo_next_ii_011-430x967.jpg 430w, https:\/\/www.kibotek.com\/wp-content\/uploads\/2025\/12\/kiboTEK_ayaneo_next_ii_011-700x1574.jpg 700w, https:\/\/www.kibotek.com\/wp-content\/uploads\/2025\/12\/kiboTEK_ayaneo_next_ii_011-150x337.jpg 150w\" sizes=\"auto, (max-width: 1474px) 100vw, 1474px\" \/> <img loading=\"lazy\" decoding=\"async\" class=\"aligncenter wp-image-69225\" src=\"https:\/\/www.kibotek.com\/wp-content\/uploads\/2025\/12\/kiboTEK_ayaneo_next_ii_012-scaled.jpg\" alt=\"\" width=\"1383\" height=\"5050\" title=\"\" srcset=\"https:\/\/www.kibotek.com\/wp-content\/uploads\/2025\/12\/kiboTEK_ayaneo_next_ii_012-scaled.jpg 701w, https:\/\/www.kibotek.com\/wp-content\/uploads\/2025\/12\/kiboTEK_ayaneo_next_ii_012-82x300.jpg 82w, https:\/\/www.kibotek.com\/wp-content\/uploads\/2025\/12\/kiboTEK_ayaneo_next_ii_012-219x800.jpg 219w, https:\/\/www.kibotek.com\/wp-content\/uploads\/2025\/12\/kiboTEK_ayaneo_next_ii_012-561x2048.jpg 561w, https:\/\/www.kibotek.com\/wp-content\/uploads\/2025\/12\/kiboTEK_ayaneo_next_ii_012-3x12.jpg 3w, https:\/\/www.kibotek.com\/wp-content\/uploads\/2025\/12\/kiboTEK_ayaneo_next_ii_012-430x1571.jpg 430w, https:\/\/www.kibotek.com\/wp-content\/uploads\/2025\/12\/kiboTEK_ayaneo_next_ii_012-150x548.jpg 150w\" sizes=\"auto, (max-width: 1383px) 100vw, 1383px\" \/><\/p>\n<p>&nbsp;<\/p>\n","protected":false},"excerpt":{"rendered":"<p><span style=\"color: #ff0000;\"><strong>PROSSIMAMENTE<\/strong><\/span><\/p>","protected":false},"featured_media":69208,"comment_status":"open","ping_status":"closed","template":"","meta":{"iawp_total_views":910},"product_brand":[8141],"product_cat":[5514],"product_tag":[],"class_list":{"0":"post-69203","1":"product","2":"type-product","3":"status-publish","4":"has-post-thumbnail","6":"product_brand-comprar-consola-gaming-ayaneo","7":"product_cat-consolas-retro-gaming-arcade-bartop-pandora-box-anbernic-powkiddy","9":"first","10":"outofstock","11":"taxable","12":"shipping-taxable","13":"product-type-simple"},"supplier_id":null,"supplier_sku":"","barcode":null,"atum_controlled":true,"out_stock_date":"2025-12-13 12:03:17","out_stock_threshold":null,"inheritable":false,"inbound_stock":null,"stock_on_hold":0,"sold_today":0,"sales_last_days":0,"reserved_stock":null,"customer_returns":null,"warehouse_damage":null,"lost_in_post":null,"other_logs":null,"out_stock_days":126,"lost_sales":0,"has_location":false,"update_date":"2026-04-19T05:02:08","atum_locations":[],"atum_stock_status":"outofstock","restock_status":false,"low_stock_amount":"","sales_update_date":"2026-04-19T05:02:08","calc_backorders":null,"_links":{"self":[{"href":"https:\/\/www.kibotek.com\/it\/wp-json\/wp\/v2\/product\/69203","targetHints":{"allow":["GET"]}}],"collection":[{"href":"https:\/\/www.kibotek.com\/it\/wp-json\/wp\/v2\/product"}],"about":[{"href":"https:\/\/www.kibotek.com\/it\/wp-json\/wp\/v2\/types\/product"}],"replies":[{"embeddable":true,"href":"https:\/\/www.kibotek.com\/it\/wp-json\/wp\/v2\/comments?post=69203"}],"version-history":[{"count":7,"href":"https:\/\/www.kibotek.com\/it\/wp-json\/wp\/v2\/product\/69203\/revisions"}],"predecessor-version":[{"id":71105,"href":"https:\/\/www.kibotek.com\/it\/wp-json\/wp\/v2\/product\/69203\/revisions\/71105"}],"wp:featuredmedia":[{"embeddable":true,"href":"https:\/\/www.kibotek.com\/it\/wp-json\/wp\/v2\/media\/69208"}],"wp:attachment":[{"href":"https:\/\/www.kibotek.com\/it\/wp-json\/wp\/v2\/media?parent=69203"}],"wp:term":[{"taxonomy":"product_brand","embeddable":true,"href":"https:\/\/www.kibotek.com\/it\/wp-json\/wp\/v2\/product_brand?post=69203"},{"taxonomy":"product_cat","embeddable":true,"href":"https:\/\/www.kibotek.com\/it\/wp-json\/wp\/v2\/product_cat?post=69203"},{"taxonomy":"product_tag","embeddable":true,"href":"https:\/\/www.kibotek.com\/it\/wp-json\/wp\/v2\/product_tag?post=69203"}],"curies":[{"name":"parola chiave","href":"https:\/\/api.w.org\/{rel}","templated":true}]}}