{"id":62834,"date":"2025-07-31T19:17:09","date_gmt":"2025-07-31T17:17:09","guid":{"rendered":"https:\/\/www.kibotek.com\/?post_type=product&#038;p=62834"},"modified":"2026-05-09T22:22:50","modified_gmt":"2026-05-09T20:22:50","slug":"console-portatile-retro-anbernic-rg-477m-12gb-256gb-android-14","status":"publish","type":"product","link":"https:\/\/www.kibotek.com\/it\/kibostore\/anbernic-rg-477m-12gb-256gb-consola-retro-portable-android-14\/","title":{"rendered":"Anbernic RG 477M 12GB\/256GB Console retr\u00f2 portatile Android 14"},"content":{"rendered":"<h3>Acquista Anbernic RG 477M DE 12GB\/256GB Console retr\u00f2 portatile<\/h3>\n<h3>Spedizione dalla Spagna all&#039;Europa in 24\/72 ore<\/h3>\n<h3><strong>3 anni<\/strong> <strong>Garanzia europea <\/strong><strong>Solo da kiboTEK <\/strong><\/h3>\n<h3>Specifiche<\/h3>\n<ul>\n<li><span style=\"color: #ff0000;\"><strong>SCHEDA SD GRATUITA 256GB<\/strong><\/span><\/li>\n<li>Display OCA in-cell LTPS da 4,7 pollici<\/li>\n<li>Risoluzione di 1280 x 960 pixel<\/li>\n<li>Frequenza di aggiornamento 120Hz<\/li>\n<li>Sistema operativo Android 14<\/li>\n<li><strong>Emulatori: Play Station 2, PSP, Play Station 1, Arcade, Wii, PSVITA, NeoGeo, MAME, Sega Genesis, \u2026<\/strong><\/li>\n<li>Processore Dimensity 8300 <span class=\"Y2IQFc\" lang=\"es\">(chip SOC 5G con processo EUV da 4 nm)<\/span><\/li>\n<li><span class=\"Y2IQFc\" lang=\"es\">GPU Mali-G615 MC6<\/span><\/li>\n<li>Controllo con i pulsanti L1 \/ L2 e R1 \/ R2<\/li>\n<li><strong>Memoria RAM 12GB LPDDR4<\/strong><\/li>\n<li><strong><span class=\"Y2IQFc\" lang=\"es\">256GB Archiviazione UFS 2.2<\/span><\/strong><\/li>\n<li><strong>Uscita HDMI<\/strong><\/li>\n<li><span class=\"Y2IQFc\" lang=\"es\">IA ANBERNIC<\/span><\/li>\n<li>Wi-Fi 6E 802.11a\/b\/g\/n\/ac, Bluetooth 5.3<\/li>\n<li>Porta USB Type-C, OTG-USB e jack audio da 3,5 mm<\/li>\n<li>Batteria da 5300 mAh per un massimo di 7 ore di utilizzo<\/li>\n<li>5 V\/9 A, 27 W<\/li>\n<li>Peso 379gr<\/li>\n<li>Dimensioni 15,4 x 9 x 2,6 cm<\/li>\n<li>Colore bronzo cioccolato e lama argento<\/li>\n<\/ul>\n<p><iframe loading=\"lazy\" title=\"Video promozionale ufficiale ANBERNIC RG 477M\" width=\"500\" height=\"281\" src=\"https:\/\/www.youtube.com\/embed\/XGt2jry0Emw?start=3&#038;feature=oembed\" frameborder=\"0\" allow=\"accelerometer; autoplay; clipboard-write; encrypted-media; gyroscope; picture-in-picture; web-share\" referrerpolicy=\"strict-origin-when-cross-origin\" allowfullscreen><\/iframe><\/p>\n<p><iframe loading=\"lazy\" title=\"ANBERNIC RG 477M Prima occhiata!\" width=\"500\" height=\"281\" src=\"https:\/\/www.youtube.com\/embed\/-RBArKfpkZE?start=7&#038;feature=oembed\" frameborder=\"0\" allow=\"accelerometer; autoplay; clipboard-write; encrypted-media; gyroscope; picture-in-picture; web-share\" referrerpolicy=\"strict-origin-when-cross-origin\" allowfullscreen><\/iframe><\/p>\n<h3>Schermo da 4,7\u2033<\/h3>\n<p>Questa nuova console di Anbernic, la RG 477M, ci viene presentata con uno schermo di <strong>4,7 pollici con una risoluzione di 1280 x 960 pixel<\/strong> e una frequenza di aggiornamento di 120 Hz, cos\u00ec potrai goderti tutti i tuoi giochi con la massima fluidit\u00e0 e un controllo molto preciso sul suo touch screen.<\/p>\n<h3>Incredibile processore Mediatek<\/h3>\n<p>Ci presenta un Mediatek <strong>Dimensioni 8300<\/strong> un potente processore che possiamo trovare nel nostro <a href=\"https:\/\/www.kibotek.com\/it\/kibostore\/console-portatile-retro-anbernic-rg-557-da-12-gb-e-256-gb-android-14\/\">RG 557<\/a> garantendoci prestazioni ed efficienza energetica impressionanti.<\/p>\n<p>Dotato di un processore MediaTek Dimesity 8300, questo Anbernic RG 477 pu\u00f2 gestire facilmente un&#039;ampia gamma di piattaforme retr\u00f2 a 8 bit, 16 bit e 32 bit. <strong>Ha lo stesso processore degli attuali potenti telefoni come il <a href=\"https:\/\/www.kibotek.com\/it\/kibostore\/xiaomi-14t-12gb-256gb\/\">Xiaomi14T<\/a> o il Poco X6 Pro.<\/strong><\/p>\n<p>Sar\u00e0 disponibile in due versioni: <strong>8 GB RAM + 128 GB<\/strong> stoccaggio o <strong>12 GB RAM + 256 GB<\/strong> stoccaggio, cos\u00ec possiamo soddisfare tutte le vostre esigenze.<\/p>\n<h3 class=\"western\">Sistema di avvio Android 14<\/h3>\n<p>Grazie al suo sistema operativo Android, questo RG477M ci d\u00e0 la possibilit\u00e0 di avere tutte le comodit\u00e0 e<strong> app Android<\/strong> e d&#039;altra parte, giocare direttamente dalle ROM che hai installato sulla tua scheda SD. La console RG 477M ha un Android installato che ti permetter\u00e0 <strong>accedi al Play Store e scarica i giochi che pi\u00f9 ti piacciono.<\/strong><\/p>\n<h3><strong>Intelligenza artificiale<\/strong><\/h3>\n<p>Una delle novit\u00e0 che contraddistingue le nuove generazioni di console di Anbernic \u00e8 l&#039;integrazione della propria IA.<span class=\"Y2IQFc\" lang=\"es\">Supporta il riconoscimento del gioco con un clic, suggerimenti sulle strategie, traduzione in tempo reale, dialoghi intelligenti, conversione da testo a immagine, elaborazione delle immagini e molto altro.<\/span><\/p>\n<h3 class=\"western\">Compatibile con i principali emulatori<\/h3>\n<p>Con questa nuova console retr\u00f2 Anbernic RG477M hai la compatibilit\u00e0 con diversi emulatori come<strong> Neo geo, Sega genesis, Sega Saturn, MAME, FBA, PlayStation 1, PlayStation 2, Dreamcast o PSP<\/strong> tra gli altri e la compatibilit\u00e0 di <b>Wii U e PS Vita<\/b>. Giochi Android (Genshin Impact, Honor of Kings, ecc.)<\/p>\n<p>Troveremo un doppio stick analogico, un pad direzionale, quattro pulsanti di azione principali e altri due che probabilmente serviranno per funzioni come avvio e selezione, cos\u00ec potrai divertirti con i giochi che pi\u00f9 ti appassionano, che siano giochi di combattimento per sentirti un campione o anche giochi di sparatutto per migliorare la tua mira e poter mostrare i tuoi punteggi migliori ai tuoi amici.<\/p>\n<h3 class=\"western\">Wi-Fi, 6 integrati<\/h3>\n<p>Per quanto riguarda la connettivit\u00e0 che abbiamo <strong>Wi-Fi <\/strong><strong>6 <\/strong>con cui la velocit\u00e0 di connessione \u00e8 notevolmente migliorata in questo nuovo Anbernic RG477M. D&#039;altra parte, abbiamo anche <strong>Bluetooth 5.3<\/strong><strong> per poter collegare il nostro gamepad<\/strong> al dispositivo.<\/p>\n<h3 class=\"western\">Batteria sufficiente da 5.300 mAh<\/h3>\n<p>Ci porta una batteria da 5.300 milliampere che \u00e8 <strong>si traduce in fino a 7 ore di gioco <\/strong><strong>instancabile ma sempre <\/strong><strong>secondo il produttore. <\/strong>\u00a0Questa batteria pu\u00f2 essere caricata tramite la porta di connessione Type-C ed \u00e8 compatibile con la ricarica rapida da 27 W.<\/p>\n<p>Ci offre un sistema di raffreddamento attivo con una ventola ad alte prestazioni e un tubo di calore che mantiene stabile il dispositivo.<\/p>\n<p>\u00c8 dotato di un joystick Hall 3D grandangolare che rileva con precisione anche i movimenti pi\u00f9 impercettibili, garantendo un controllo fluido e preciso.<\/p>\n<p>Anbernic ci porta in questo nuovo RG 477 un telaio in alluminio e in due colori tra cui scegliere, da un lato il colore <strong>Cioccolato di bronzo e lama d&#039;argento.<\/strong><\/p>\n<p>Su kiboTEK puoi acquistare la console retr\u00f2 portatile Anbernic RG 477M Android 14 \/ Linux con la garanzia e la sicurezza del miglior negozio online in Spagna e in Europa.<\/p>\n<p>Da kiboTEK spediamo la console portatile retr\u00f2 Anbernic RG 477M Android 14 a <strong>Spagna, Portogallo, <span lang=\"en\">Austria, Belgio, Bulgaria, Croazia, Cipro, Repubblica Ceca, Danimarca, Estonia, Finlandia, Francia, Germania, Grecia, Ungheria, Irlanda, Italia, Lettonia, Lituania, Lussemburgo, Malta, Paesi Bassi, Polonia, Portogallo, Monaco, Slovacchia, Slovenia , Spagna, Romania, Regno Unito, Turchia, Svezia, Svizzera, Brasile, Colombia e Messico<\/span><\/strong>. Verifica e calcola le spese di spedizione nel carrello inserendo il tuo indirizzo.<\/p>\n<p><strong>Spese gratuite per Spagna e Portogallo (solo Penisola) da \u20ac 100<\/strong>.<\/p>\n<p><img loading=\"lazy\" decoding=\"async\" class=\"aligncenter size-full wp-image-63246\" src=\"https:\/\/www.kibotek.com\/wp-content\/uploads\/2025\/07\/kiboTEK_anbernic_rg447_new_001.jpg\" alt=\"\" width=\"1200\" height=\"1200\" title=\"\" srcset=\"https:\/\/www.kibotek.com\/wp-content\/uploads\/2025\/07\/kiboTEK_anbernic_rg447_new_001.jpg 1200w, https:\/\/www.kibotek.com\/wp-content\/uploads\/2025\/07\/kiboTEK_anbernic_rg447_new_001-430x430.jpg 430w, https:\/\/www.kibotek.com\/wp-content\/uploads\/2025\/07\/kiboTEK_anbernic_rg447_new_001-150x150.jpg 150w, https:\/\/www.kibotek.com\/wp-content\/uploads\/2025\/07\/kiboTEK_anbernic_rg447_new_001-700x700.jpg 700w, https:\/\/www.kibotek.com\/wp-content\/uploads\/2025\/07\/kiboTEK_anbernic_rg447_new_001-300x300.jpg 300w, https:\/\/www.kibotek.com\/wp-content\/uploads\/2025\/07\/kiboTEK_anbernic_rg447_new_001-800x800.jpg 800w, https:\/\/www.kibotek.com\/wp-content\/uploads\/2025\/07\/kiboTEK_anbernic_rg447_new_001-768x768.jpg 768w, https:\/\/www.kibotek.com\/wp-content\/uploads\/2025\/07\/kiboTEK_anbernic_rg447_new_001-12x12.jpg 12w, https:\/\/www.kibotek.com\/wp-content\/uploads\/2025\/07\/kiboTEK_anbernic_rg447_new_001-50x50.jpg 50w, https:\/\/www.kibotek.com\/wp-content\/uploads\/2025\/07\/kiboTEK_anbernic_rg447_new_001-100x100.jpg 100w, https:\/\/www.kibotek.com\/wp-content\/uploads\/2025\/07\/kiboTEK_anbernic_rg447_new_001-32x32.jpg 32w\" sizes=\"auto, (max-width: 1200px) 100vw, 1200px\" \/> <img loading=\"lazy\" decoding=\"async\" class=\"aligncenter size-full wp-image-63245\" src=\"https:\/\/www.kibotek.com\/wp-content\/uploads\/2025\/07\/kiboTEK_anbernic_rg447_new_002.jpg\" alt=\"\" width=\"1400\" height=\"1400\" title=\"\" srcset=\"https:\/\/www.kibotek.com\/wp-content\/uploads\/2025\/07\/kiboTEK_anbernic_rg447_new_002.jpg 1400w, https:\/\/www.kibotek.com\/wp-content\/uploads\/2025\/07\/kiboTEK_anbernic_rg447_new_002-430x430.jpg 430w, https:\/\/www.kibotek.com\/wp-content\/uploads\/2025\/07\/kiboTEK_anbernic_rg447_new_002-150x150.jpg 150w, https:\/\/www.kibotek.com\/wp-content\/uploads\/2025\/07\/kiboTEK_anbernic_rg447_new_002-700x700.jpg 700w, https:\/\/www.kibotek.com\/wp-content\/uploads\/2025\/07\/kiboTEK_anbernic_rg447_new_002-300x300.jpg 300w, https:\/\/www.kibotek.com\/wp-content\/uploads\/2025\/07\/kiboTEK_anbernic_rg447_new_002-800x800.jpg 800w, https:\/\/www.kibotek.com\/wp-content\/uploads\/2025\/07\/kiboTEK_anbernic_rg447_new_002-768x768.jpg 768w, https:\/\/www.kibotek.com\/wp-content\/uploads\/2025\/07\/kiboTEK_anbernic_rg447_new_002-12x12.jpg 12w, https:\/\/www.kibotek.com\/wp-content\/uploads\/2025\/07\/kiboTEK_anbernic_rg447_new_002-50x50.jpg 50w, https:\/\/www.kibotek.com\/wp-content\/uploads\/2025\/07\/kiboTEK_anbernic_rg447_new_002-100x100.jpg 100w, https:\/\/www.kibotek.com\/wp-content\/uploads\/2025\/07\/kiboTEK_anbernic_rg447_new_002-32x32.jpg 32w\" sizes=\"auto, (max-width: 1400px) 100vw, 1400px\" \/> <img loading=\"lazy\" decoding=\"async\" class=\"aligncenter size-full wp-image-63244\" src=\"https:\/\/www.kibotek.com\/wp-content\/uploads\/2025\/07\/kiboTEK_anbernic_rg447_new_003.jpg\" alt=\"\" width=\"1400\" height=\"1400\" title=\"\" srcset=\"https:\/\/www.kibotek.com\/wp-content\/uploads\/2025\/07\/kiboTEK_anbernic_rg447_new_003.jpg 1400w, https:\/\/www.kibotek.com\/wp-content\/uploads\/2025\/07\/kiboTEK_anbernic_rg447_new_003-430x430.jpg 430w, https:\/\/www.kibotek.com\/wp-content\/uploads\/2025\/07\/kiboTEK_anbernic_rg447_new_003-150x150.jpg 150w, https:\/\/www.kibotek.com\/wp-content\/uploads\/2025\/07\/kiboTEK_anbernic_rg447_new_003-700x700.jpg 700w, https:\/\/www.kibotek.com\/wp-content\/uploads\/2025\/07\/kiboTEK_anbernic_rg447_new_003-300x300.jpg 300w, https:\/\/www.kibotek.com\/wp-content\/uploads\/2025\/07\/kiboTEK_anbernic_rg447_new_003-800x800.jpg 800w, https:\/\/www.kibotek.com\/wp-content\/uploads\/2025\/07\/kiboTEK_anbernic_rg447_new_003-768x768.jpg 768w, https:\/\/www.kibotek.com\/wp-content\/uploads\/2025\/07\/kiboTEK_anbernic_rg447_new_003-12x12.jpg 12w, https:\/\/www.kibotek.com\/wp-content\/uploads\/2025\/07\/kiboTEK_anbernic_rg447_new_003-50x50.jpg 50w, https:\/\/www.kibotek.com\/wp-content\/uploads\/2025\/07\/kiboTEK_anbernic_rg447_new_003-100x100.jpg 100w, https:\/\/www.kibotek.com\/wp-content\/uploads\/2025\/07\/kiboTEK_anbernic_rg447_new_003-32x32.jpg 32w\" sizes=\"auto, (max-width: 1400px) 100vw, 1400px\" \/> <img loading=\"lazy\" decoding=\"async\" class=\"aligncenter size-full wp-image-63243\" src=\"https:\/\/www.kibotek.com\/wp-content\/uploads\/2025\/07\/kiboTEK_anbernic_rg447_new_004.jpg\" alt=\"\" width=\"1400\" height=\"1400\" title=\"\" srcset=\"https:\/\/www.kibotek.com\/wp-content\/uploads\/2025\/07\/kiboTEK_anbernic_rg447_new_004.jpg 1400w, https:\/\/www.kibotek.com\/wp-content\/uploads\/2025\/07\/kiboTEK_anbernic_rg447_new_004-430x430.jpg 430w, https:\/\/www.kibotek.com\/wp-content\/uploads\/2025\/07\/kiboTEK_anbernic_rg447_new_004-150x150.jpg 150w, https:\/\/www.kibotek.com\/wp-content\/uploads\/2025\/07\/kiboTEK_anbernic_rg447_new_004-700x700.jpg 700w, https:\/\/www.kibotek.com\/wp-content\/uploads\/2025\/07\/kiboTEK_anbernic_rg447_new_004-300x300.jpg 300w, https:\/\/www.kibotek.com\/wp-content\/uploads\/2025\/07\/kiboTEK_anbernic_rg447_new_004-800x800.jpg 800w, https:\/\/www.kibotek.com\/wp-content\/uploads\/2025\/07\/kiboTEK_anbernic_rg447_new_004-768x768.jpg 768w, https:\/\/www.kibotek.com\/wp-content\/uploads\/2025\/07\/kiboTEK_anbernic_rg447_new_004-12x12.jpg 12w, https:\/\/www.kibotek.com\/wp-content\/uploads\/2025\/07\/kiboTEK_anbernic_rg447_new_004-50x50.jpg 50w, https:\/\/www.kibotek.com\/wp-content\/uploads\/2025\/07\/kiboTEK_anbernic_rg447_new_004-100x100.jpg 100w, https:\/\/www.kibotek.com\/wp-content\/uploads\/2025\/07\/kiboTEK_anbernic_rg447_new_004-32x32.jpg 32w\" sizes=\"auto, (max-width: 1400px) 100vw, 1400px\" \/> <img loading=\"lazy\" decoding=\"async\" class=\"aligncenter size-full wp-image-63242\" src=\"https:\/\/www.kibotek.com\/wp-content\/uploads\/2025\/07\/kiboTEK_anbernic_rg447_new_005.jpg\" alt=\"\" width=\"1400\" height=\"1400\" title=\"\" srcset=\"https:\/\/www.kibotek.com\/wp-content\/uploads\/2025\/07\/kiboTEK_anbernic_rg447_new_005.jpg 1400w, https:\/\/www.kibotek.com\/wp-content\/uploads\/2025\/07\/kiboTEK_anbernic_rg447_new_005-430x430.jpg 430w, https:\/\/www.kibotek.com\/wp-content\/uploads\/2025\/07\/kiboTEK_anbernic_rg447_new_005-150x150.jpg 150w, https:\/\/www.kibotek.com\/wp-content\/uploads\/2025\/07\/kiboTEK_anbernic_rg447_new_005-700x700.jpg 700w, https:\/\/www.kibotek.com\/wp-content\/uploads\/2025\/07\/kiboTEK_anbernic_rg447_new_005-300x300.jpg 300w, https:\/\/www.kibotek.com\/wp-content\/uploads\/2025\/07\/kiboTEK_anbernic_rg447_new_005-800x800.jpg 800w, https:\/\/www.kibotek.com\/wp-content\/uploads\/2025\/07\/kiboTEK_anbernic_rg447_new_005-768x768.jpg 768w, https:\/\/www.kibotek.com\/wp-content\/uploads\/2025\/07\/kiboTEK_anbernic_rg447_new_005-12x12.jpg 12w, https:\/\/www.kibotek.com\/wp-content\/uploads\/2025\/07\/kiboTEK_anbernic_rg447_new_005-50x50.jpg 50w, https:\/\/www.kibotek.com\/wp-content\/uploads\/2025\/07\/kiboTEK_anbernic_rg447_new_005-100x100.jpg 100w, https:\/\/www.kibotek.com\/wp-content\/uploads\/2025\/07\/kiboTEK_anbernic_rg447_new_005-32x32.jpg 32w\" sizes=\"auto, (max-width: 1400px) 100vw, 1400px\" \/> <img loading=\"lazy\" decoding=\"async\" class=\"aligncenter size-full wp-image-63241\" src=\"https:\/\/www.kibotek.com\/wp-content\/uploads\/2025\/07\/kiboTEK_anbernic_rg447_new_006.jpg\" alt=\"\" width=\"1400\" height=\"1400\" title=\"\" srcset=\"https:\/\/www.kibotek.com\/wp-content\/uploads\/2025\/07\/kiboTEK_anbernic_rg447_new_006.jpg 1400w, https:\/\/www.kibotek.com\/wp-content\/uploads\/2025\/07\/kiboTEK_anbernic_rg447_new_006-430x430.jpg 430w, https:\/\/www.kibotek.com\/wp-content\/uploads\/2025\/07\/kiboTEK_anbernic_rg447_new_006-150x150.jpg 150w, https:\/\/www.kibotek.com\/wp-content\/uploads\/2025\/07\/kiboTEK_anbernic_rg447_new_006-700x700.jpg 700w, https:\/\/www.kibotek.com\/wp-content\/uploads\/2025\/07\/kiboTEK_anbernic_rg447_new_006-300x300.jpg 300w, https:\/\/www.kibotek.com\/wp-content\/uploads\/2025\/07\/kiboTEK_anbernic_rg447_new_006-800x800.jpg 800w, https:\/\/www.kibotek.com\/wp-content\/uploads\/2025\/07\/kiboTEK_anbernic_rg447_new_006-768x768.jpg 768w, https:\/\/www.kibotek.com\/wp-content\/uploads\/2025\/07\/kiboTEK_anbernic_rg447_new_006-12x12.jpg 12w, https:\/\/www.kibotek.com\/wp-content\/uploads\/2025\/07\/kiboTEK_anbernic_rg447_new_006-50x50.jpg 50w, https:\/\/www.kibotek.com\/wp-content\/uploads\/2025\/07\/kiboTEK_anbernic_rg447_new_006-100x100.jpg 100w, https:\/\/www.kibotek.com\/wp-content\/uploads\/2025\/07\/kiboTEK_anbernic_rg447_new_006-32x32.jpg 32w\" sizes=\"auto, (max-width: 1400px) 100vw, 1400px\" \/> <img loading=\"lazy\" decoding=\"async\" class=\"aligncenter size-full wp-image-63240\" src=\"https:\/\/www.kibotek.com\/wp-content\/uploads\/2025\/07\/kiboTEK_anbernic_rg447_new_007.jpg\" alt=\"\" width=\"1400\" height=\"1400\" title=\"\" srcset=\"https:\/\/www.kibotek.com\/wp-content\/uploads\/2025\/07\/kiboTEK_anbernic_rg447_new_007.jpg 1400w, https:\/\/www.kibotek.com\/wp-content\/uploads\/2025\/07\/kiboTEK_anbernic_rg447_new_007-430x430.jpg 430w, https:\/\/www.kibotek.com\/wp-content\/uploads\/2025\/07\/kiboTEK_anbernic_rg447_new_007-150x150.jpg 150w, https:\/\/www.kibotek.com\/wp-content\/uploads\/2025\/07\/kiboTEK_anbernic_rg447_new_007-700x700.jpg 700w, https:\/\/www.kibotek.com\/wp-content\/uploads\/2025\/07\/kiboTEK_anbernic_rg447_new_007-300x300.jpg 300w, https:\/\/www.kibotek.com\/wp-content\/uploads\/2025\/07\/kiboTEK_anbernic_rg447_new_007-800x800.jpg 800w, https:\/\/www.kibotek.com\/wp-content\/uploads\/2025\/07\/kiboTEK_anbernic_rg447_new_007-768x768.jpg 768w, https:\/\/www.kibotek.com\/wp-content\/uploads\/2025\/07\/kiboTEK_anbernic_rg447_new_007-12x12.jpg 12w, https:\/\/www.kibotek.com\/wp-content\/uploads\/2025\/07\/kiboTEK_anbernic_rg447_new_007-50x50.jpg 50w, https:\/\/www.kibotek.com\/wp-content\/uploads\/2025\/07\/kiboTEK_anbernic_rg447_new_007-100x100.jpg 100w, https:\/\/www.kibotek.com\/wp-content\/uploads\/2025\/07\/kiboTEK_anbernic_rg447_new_007-32x32.jpg 32w\" sizes=\"auto, (max-width: 1400px) 100vw, 1400px\" \/> <img loading=\"lazy\" decoding=\"async\" class=\"aligncenter size-full wp-image-63239\" src=\"https:\/\/www.kibotek.com\/wp-content\/uploads\/2025\/07\/kiboTEK_anbernic_rg447_new_008.jpg\" alt=\"\" width=\"1200\" height=\"1200\" title=\"\" srcset=\"https:\/\/www.kibotek.com\/wp-content\/uploads\/2025\/07\/kiboTEK_anbernic_rg447_new_008.jpg 1200w, https:\/\/www.kibotek.com\/wp-content\/uploads\/2025\/07\/kiboTEK_anbernic_rg447_new_008-430x430.jpg 430w, https:\/\/www.kibotek.com\/wp-content\/uploads\/2025\/07\/kiboTEK_anbernic_rg447_new_008-150x150.jpg 150w, https:\/\/www.kibotek.com\/wp-content\/uploads\/2025\/07\/kiboTEK_anbernic_rg447_new_008-700x700.jpg 700w, https:\/\/www.kibotek.com\/wp-content\/uploads\/2025\/07\/kiboTEK_anbernic_rg447_new_008-300x300.jpg 300w, https:\/\/www.kibotek.com\/wp-content\/uploads\/2025\/07\/kiboTEK_anbernic_rg447_new_008-800x800.jpg 800w, https:\/\/www.kibotek.com\/wp-content\/uploads\/2025\/07\/kiboTEK_anbernic_rg447_new_008-768x768.jpg 768w, https:\/\/www.kibotek.com\/wp-content\/uploads\/2025\/07\/kiboTEK_anbernic_rg447_new_008-12x12.jpg 12w, https:\/\/www.kibotek.com\/wp-content\/uploads\/2025\/07\/kiboTEK_anbernic_rg447_new_008-50x50.jpg 50w, https:\/\/www.kibotek.com\/wp-content\/uploads\/2025\/07\/kiboTEK_anbernic_rg447_new_008-100x100.jpg 100w, https:\/\/www.kibotek.com\/wp-content\/uploads\/2025\/07\/kiboTEK_anbernic_rg447_new_008-32x32.jpg 32w\" sizes=\"auto, (max-width: 1200px) 100vw, 1200px\" \/> <img loading=\"lazy\" decoding=\"async\" class=\"aligncenter size-full wp-image-63238\" src=\"https:\/\/www.kibotek.com\/wp-content\/uploads\/2025\/07\/kiboTEK_anbernic_rg447_new_009.jpg\" alt=\"\" width=\"1200\" height=\"1200\" title=\"\" srcset=\"https:\/\/www.kibotek.com\/wp-content\/uploads\/2025\/07\/kiboTEK_anbernic_rg447_new_009.jpg 1200w, https:\/\/www.kibotek.com\/wp-content\/uploads\/2025\/07\/kiboTEK_anbernic_rg447_new_009-430x430.jpg 430w, https:\/\/www.kibotek.com\/wp-content\/uploads\/2025\/07\/kiboTEK_anbernic_rg447_new_009-150x150.jpg 150w, https:\/\/www.kibotek.com\/wp-content\/uploads\/2025\/07\/kiboTEK_anbernic_rg447_new_009-700x700.jpg 700w, https:\/\/www.kibotek.com\/wp-content\/uploads\/2025\/07\/kiboTEK_anbernic_rg447_new_009-300x300.jpg 300w, https:\/\/www.kibotek.com\/wp-content\/uploads\/2025\/07\/kiboTEK_anbernic_rg447_new_009-800x800.jpg 800w, https:\/\/www.kibotek.com\/wp-content\/uploads\/2025\/07\/kiboTEK_anbernic_rg447_new_009-768x768.jpg 768w, https:\/\/www.kibotek.com\/wp-content\/uploads\/2025\/07\/kiboTEK_anbernic_rg447_new_009-12x12.jpg 12w, https:\/\/www.kibotek.com\/wp-content\/uploads\/2025\/07\/kiboTEK_anbernic_rg447_new_009-50x50.jpg 50w, https:\/\/www.kibotek.com\/wp-content\/uploads\/2025\/07\/kiboTEK_anbernic_rg447_new_009-100x100.jpg 100w, https:\/\/www.kibotek.com\/wp-content\/uploads\/2025\/07\/kiboTEK_anbernic_rg447_new_009-32x32.jpg 32w\" sizes=\"auto, (max-width: 1200px) 100vw, 1200px\" \/><\/p>","protected":false},"excerpt":{"rendered":"<div class=\"woocommerce-product-details__short-description\">\n<div class=\"woocommerce-product-details__short-description\">\n<div class=\"woocommerce-product-details__short-description\">\n<div class=\"woocommerce-product-details__short-description\">\n<div class=\"woocommerce-product-details__short-description\">\n<div class=\"woocommerce-product-details__short-description\">\n<div class=\"woocommerce-product-details__short-description\">\n<p class=\"price woobt-price-56089\"><strong><em>ACQUISTA ORA E <\/em><\/strong><strong><em>RICEVI IN 24\/72H \ud83d\ude80<\/em><\/strong><\/p>\n<\/div>\n<\/div>\n<\/div>\n<\/div>\n<\/div>\n<\/div>\n<\/div>","protected":false},"featured_media":77440,"comment_status":"open","ping_status":"closed","template":"","meta":{"iawp_total_views":3405},"product_brand":[8167],"product_cat":[7809,5514],"product_tag":[],"class_list":{"0":"post-62834","1":"product","2":"type-product","3":"status-publish","4":"has-post-thumbnail","6":"product_brand-anbernic","7":"product_cat-consolas-retro","8":"product_cat-consolas-retro-gaming-arcade-bartop-pandora-box-anbernic-powkiddy","10":"first","11":"instock","12":"sale","13":"taxable","14":"shipping-taxable","15":"purchasable","16":"product-type-variable","17":"has-default-attributes"},"supplier_id":null,"supplier_sku":"","barcode":null,"atum_controlled":true,"out_stock_date":"2025-07-29 13:23:13","out_stock_threshold":null,"inheritable":true,"inbound_stock":null,"stock_on_hold":0,"sold_today":0,"sales_last_days":1,"reserved_stock":null,"customer_returns":null,"warehouse_damage":null,"lost_in_post":null,"other_logs":null,"out_stock_days":274,"lost_sales":0,"has_location":false,"update_date":"2026-05-09T20:22:46","atum_locations":[],"atum_stock_status":"instock","restock_status":false,"low_stock_amount":"","sales_update_date":"2026-04-28T05:05:15","calc_backorders":null,"_links":{"self":[{"href":"https:\/\/www.kibotek.com\/it\/wp-json\/wp\/v2\/product\/62834","targetHints":{"allow":["GET"]}}],"collection":[{"href":"https:\/\/www.kibotek.com\/it\/wp-json\/wp\/v2\/product"}],"about":[{"href":"https:\/\/www.kibotek.com\/it\/wp-json\/wp\/v2\/types\/product"}],"replies":[{"embeddable":true,"href":"https:\/\/www.kibotek.com\/it\/wp-json\/wp\/v2\/comments?post=62834"}],"version-history":[{"count":3,"href":"https:\/\/www.kibotek.com\/it\/wp-json\/wp\/v2\/product\/62834\/revisions"}],"predecessor-version":[{"id":77439,"href":"https:\/\/www.kibotek.com\/it\/wp-json\/wp\/v2\/product\/62834\/revisions\/77439"}],"wp:featuredmedia":[{"embeddable":true,"href":"https:\/\/www.kibotek.com\/it\/wp-json\/wp\/v2\/media\/77440"}],"wp:attachment":[{"href":"https:\/\/www.kibotek.com\/it\/wp-json\/wp\/v2\/media?parent=62834"}],"wp:term":[{"taxonomy":"product_brand","embeddable":true,"href":"https:\/\/www.kibotek.com\/it\/wp-json\/wp\/v2\/product_brand?post=62834"},{"taxonomy":"product_cat","embeddable":true,"href":"https:\/\/www.kibotek.com\/it\/wp-json\/wp\/v2\/product_cat?post=62834"},{"taxonomy":"product_tag","embeddable":true,"href":"https:\/\/www.kibotek.com\/it\/wp-json\/wp\/v2\/product_tag?post=62834"}],"curies":[{"name":"parola chiave","href":"https:\/\/api.w.org\/{rel}","templated":true}]}}