{"id":61693,"date":"2025-06-21T13:54:42","date_gmt":"2025-06-21T11:54:42","guid":{"rendered":"https:\/\/www.kibotek.com\/?post_type=product&#038;p=61693"},"modified":"2026-04-18T22:35:03","modified_gmt":"2026-04-18T20:35:03","slug":"console-portatile-retro-anbernic-rg-slide-per-android-13","status":"publish","type":"product","link":"https:\/\/www.kibotek.com\/it\/kibostore\/anbernic-rg-slide-consola-retro-portable-android-13\/","title":{"rendered":"Anbernic RG SLIDE 8GB\/128GB Console retr\u00f2 portatile Android 13"},"content":{"rendered":"<h3>Acquista la console retr\u00f2 portatile Anbernic RG SLIDE 8GB\/128GB<\/h3>\n<h3>Spedizione dalla Spagna all&#039;Europa entro 24\/72 ore e garanzia europea.<\/h3>\n<h3>Specifiche<\/h3>\n<ul>\n<li><span style=\"color: #ff0000;\"><strong>CUSTODIA REGALO<\/strong><\/span><\/li>\n<li><span style=\"color: #ff0000;\"><strong>SCHEDA SD GRATUITA 128GB<\/strong><\/span><\/li>\n<li>Display OCA in-cell LTPS da 4,7 pollici<\/li>\n<li>Risoluzione di 1280 x 960 pixel<\/li>\n<li>Sistema operativo Android 13<\/li>\n<li><strong>Emulatori: Play Station 2, PSP, Play Station 1, Arcade, NeoGeo, MAME, Sega Genesis, \u2026<\/strong><\/li>\n<li>Processore <span class=\"Y2IQFc\" lang=\"es\">Tiger T820 (chip SOC EUV 5G con processo a 6 nm)<\/span> octa-core 1*A76@2,7GHz+3*A76@2,3GHz+4*A55@2,1GHz<\/li>\n<li><span class=\"Y2IQFc\" lang=\"es\">GPU Mali-G57 quad-core da 850 MHz<\/span><\/li>\n<li>Controllo con i pulsanti L1 \/ L2 e R1 \/ R2<\/li>\n<li><strong>Memoria RAM 8GB LPDDR4<\/strong><\/li>\n<li><strong><span class=\"Y2IQFc\" lang=\"es\">Archiviazione 128 GB UFS 2.2<\/span><\/strong><\/li>\n<li><strong>Uscita HDMI<\/strong><\/li>\n<li><span class=\"Y2IQFc\" lang=\"es\">IA ANBERNIC<\/span><\/li>\n<li>Wi-Fi 2.4\/5G 802.11a\/b\/g\/n\/ac, Bluetooth 5<\/li>\n<li>Porta USB Type-C, OTG-USB e jack audio da 3,5 mm<\/li>\n<li>Batteria da 5000 mAh per un massimo di 6 ore di utilizzo<\/li>\n<li>5V\/2A, Tipo C<\/li>\n<li>Peso 379gr<\/li>\n<li>Dimensioni 15,4 x 9 x 2,6 cm<\/li>\n<\/ul>\n<p><iframe loading=\"lazy\" title=\"Video promozionale ufficiale della slitta RG ANBERNIC\" width=\"500\" height=\"281\" src=\"https:\/\/www.youtube.com\/embed\/Z1nzwTHqCb8?feature=oembed\" frameborder=\"0\" allow=\"accelerometer; autoplay; clipboard-write; encrypted-media; gyroscope; picture-in-picture; web-share\" referrerpolicy=\"strict-origin-when-cross-origin\" allowfullscreen><\/iframe><\/p>\n<p><iframe loading=\"lazy\" title=\"Nuovo Anbernic RG Slide su kiboTEK #anbernicrgslide #anbernic #nostalgia #nokian97 #retro #gaming #\" width=\"422\" height=\"750\" src=\"https:\/\/www.youtube.com\/embed\/BQ6l5oBD7UY?feature=oembed\" frameborder=\"0\" allow=\"accelerometer; autoplay; clipboard-write; encrypted-media; gyroscope; picture-in-picture; web-share\" referrerpolicy=\"strict-origin-when-cross-origin\" allowfullscreen><\/iframe><\/p>\n<h3>Un moderno Nokia N97 per i pi\u00f9 malinconici<\/h3>\n<p>Questa nuova console Anbernic RG SLIDE, come abbiamo gi\u00e0 accennato in precedenza, <strong>Ricorda un paio di modelli leggendari di telefoni Nokia N97.<\/strong>Potremmo parlare di un ibrido tra il Nokia N97 e l&#039;innovativo Nokia N-Gage per l&#039;epoca. Il formato di apertura \u00e8 simile a quello del Nokia N97 di allora, ma con un design pi\u00f9 curato ed ergonomico per giocare su questo RG slide.<\/p>\n<h3>Schermo da 4,7\u2033<\/h3>\n<p>Sappiamo gi\u00e0 che questo Anbernic RG Slide porta un <strong>P<\/strong><span class=\"Y2IQFc\" lang=\"es\"><strong>Display LTPS in-cell da 4,7 pollici<\/strong>, OCA con legame completo, multi-touch <\/span>\u00a0che hanno progettato per offrirci immagini chiare e confortevoli per la nostra vista.<\/p>\n<p>Ci offre una risoluzione di<strong> 1280x960 abbastanza nitido e il classico rapporto di aspetto 4:3<\/strong> Ideale per emulare le console retr\u00f2, la frequenza di aggiornamento di 120 Hz e, naturalmente, il contrasto di 1200:1 e la luminosit\u00e0 fino a 500 nit dello schermo ci regaleranno immagini ultra fluide, neri profondi e colori vivaci.<\/p>\n<h3>Processore Tiger T820 con RAM 8GB<\/h3>\n<p>Nella sua sala macchine siamo dotati di un <strong>Processore <span class=\"Y2IQFc\" lang=\"es\">Tiger T820 (chip SOC EUV 5G con processo a 6 nm)<\/span> octa-core 1*A76@2,7GHz+3*A76@2,3GHz+4*A55@2,1GHz <\/strong>accompagnato da una GPU Mali-G57 a 4 core a 850 MHz. Per quanto riguarda lo storage, avremo <strong>8 GB Memoria RAM LPDDR4X<\/strong> insieme a 128 gigabyte di memoria interna UFS 2.2, cos\u00ec possiamo scaricare gli emulatori o i giochi che pi\u00f9 ci piacciono e giocare senza problemi.<\/p>\n<p>Grazie a questa memoria interna avremo abbastanza spazio anche per scaricare i giochi che vogliamo direttamente sulla nostra console dal Play Store.<\/p>\n<h3>Ottima compatibilit\u00e0 con gli emulatori<\/h3>\n<p>Come abbiamo indicato in precedenza, questo nuovo Anbernic RG SLIM supporter\u00e0 gli emulatori dei nostri giochi Android preferiti come <span class=\"Y2IQFc\" lang=\"es\">Genshin Impact, Honor dei Re<\/span>, emulare fino a <strong>PlayStation 2<\/strong>, sotto di esso possiamo giocare a qualsiasi piattaforma come<strong> Play Station, PSP, Neo Geo, MAME, megadrive, Capcom<\/strong> e molti altri ancora e, secondo il video di Ambernic, supporter\u00e0 anche la Wii.<\/p>\n<h3>Batteria a lunga durata<\/h3>\n<p>Come abbiamo gi\u00e0 visto nelle specifiche, \u00e8 dotato di una batteria da 5000 mAh. <strong>si traduce in fino a 6 ore di gioco <\/strong><strong>instancabile ma sempre <\/strong><strong>secondo il produttore. <\/strong>Possiamo caricare questa batteria tramite la porta di connessione Type-C, che si ricaricher\u00e0 completamente in circa 3 ore, permettendoci di continuare a divertirci con i nostri giochi.<\/p>\n<h3><b>Inizio<\/b><\/h3>\n<p>Su entrambe le console troveremo Android 13, che ci permetter\u00e0 di accedere a Google Play e scaricare i nostri giochi e app preferiti. Una volta chiusi i controller, potremo utilizzare la nostra nuova console come un dispositivo Android, dai social network alla visione dei nostri video preferiti, e molto altro ancora.<\/p>\n<h3><strong>Intelligenza artificiale<\/strong><\/h3>\n<p>Una delle novit\u00e0 di cui si parler\u00e0 di pi\u00f9 in questo Anbernic RG SLIDE \u00e8 la presenza della sua intelligenza artificiale.<span class=\"Y2IQFc\" lang=\"es\">Supporta il riconoscimento del gioco con un clic, suggerimenti sulle strategie, traduzione in tempo reale, dialoghi intelligenti, conversione da testo a immagine, elaborazione delle immagini e molto altro.<\/span><\/p>\n<h3><strong>Connettivit\u00e0<\/strong><\/h3>\n<p>Per quanto riguarda la connettivit\u00e0 che abbiamo <strong>Wi-Fi 5 per una trasmissione dati molto veloce<\/strong>. D&#039;altra parte, abbiamo anche <strong>Bluetooth <\/strong><strong>\u00a0per poter collegare il nostro gamepad<\/strong> al dispositivo. <span class=\"Y2IQFc\" lang=\"es\">Supporta lo streaming Wi-Fi e il multigiocatore online.<\/span><\/p>\n<p>Parlando delle specifiche, facendo scorrere lo schermo verso l&#039;alto troveremo un doppio stick analogico, un pad direzionale, quattro pulsanti di azione principali e altri due che probabilmente servono per funzioni come avvio e selezione, cos\u00ec da poterlo usare con i giochi che pi\u00f9 ti appassionano, che siano giochi di combattimento per sentirti un campione o anche sparatutto per migliorare la mira e poter mostrare i tuoi punteggi migliori agli amici.<\/p>\n<p>Anbernic continua a scommettere su design che gi\u00e0 conosciamo e in questo caso ci ricorda la PSP Go, arrivando in diversi colori cos\u00ec puoi scegliere quello che pi\u00f9 ti piace, <strong>nero o bianco.<\/strong><\/p>\n<p>Su kiboTEK puoi acquistare la console portatile retr\u00f2 Anbernic RG SLIDE con la garanzia e la sicurezza del miglior negozio online di Spagna ed Europa.<\/p>\n<p>Da kiboTEK spediamo le console Anbernic RG SLIDE in oltre 29 destinazioni europee entro 24\/72 ore con una garanzia di 3 anni. Verifica e calcola le spese di spedizione inserendo il tuo indirizzo nel carrello. <strong>Spese gratuite per la Spagna da \u20ac 100<\/strong>.<\/p>\n<p>Visita i nostri negozi kiboTEK a Vitoria in Calle Independencia 13, a Bilbao in Calle Alameda de Urquijo 35 oppure visita il nostro sito web. <a href=\"http:\/\/www.kiboTEK.com\/\" target=\"_blank\" rel=\"nofollow noopener\">www.kiboTEK.com<\/a>\u00a0 e troverai un ampio catalogo di console retr\u00f2. Acquista una qualsiasi delle nostre console e torna indietro nel tempo, alla tua infanzia.<\/p>\n<p><img loading=\"lazy\" decoding=\"async\" class=\"aligncenter size-full wp-image-61849\" src=\"https:\/\/www.kibotek.com\/wp-content\/uploads\/2025\/06\/kiboTEK_RG_SLIDE_004.jpg\" alt=\"\" width=\"1200\" height=\"1200\" title=\"\" srcset=\"https:\/\/www.kibotek.com\/wp-content\/uploads\/2025\/06\/kiboTEK_RG_SLIDE_004.jpg 1200w, https:\/\/www.kibotek.com\/wp-content\/uploads\/2025\/06\/kiboTEK_RG_SLIDE_004-430x430.jpg 430w, https:\/\/www.kibotek.com\/wp-content\/uploads\/2025\/06\/kiboTEK_RG_SLIDE_004-150x150.jpg 150w, https:\/\/www.kibotek.com\/wp-content\/uploads\/2025\/06\/kiboTEK_RG_SLIDE_004-700x700.jpg 700w, https:\/\/www.kibotek.com\/wp-content\/uploads\/2025\/06\/kiboTEK_RG_SLIDE_004-300x300.jpg 300w, https:\/\/www.kibotek.com\/wp-content\/uploads\/2025\/06\/kiboTEK_RG_SLIDE_004-800x800.jpg 800w, https:\/\/www.kibotek.com\/wp-content\/uploads\/2025\/06\/kiboTEK_RG_SLIDE_004-768x768.jpg 768w, https:\/\/www.kibotek.com\/wp-content\/uploads\/2025\/06\/kiboTEK_RG_SLIDE_004-12x12.jpg 12w, https:\/\/www.kibotek.com\/wp-content\/uploads\/2025\/06\/kiboTEK_RG_SLIDE_004-50x50.jpg 50w, https:\/\/www.kibotek.com\/wp-content\/uploads\/2025\/06\/kiboTEK_RG_SLIDE_004-100x100.jpg 100w, https:\/\/www.kibotek.com\/wp-content\/uploads\/2025\/06\/kiboTEK_RG_SLIDE_004-32x32.jpg 32w\" sizes=\"auto, (max-width: 1200px) 100vw, 1200px\" \/> <img loading=\"lazy\" decoding=\"async\" class=\"aligncenter size-full wp-image-61848\" src=\"https:\/\/www.kibotek.com\/wp-content\/uploads\/2025\/06\/kiboTEK_RG_SLIDE_005.jpg\" alt=\"\" width=\"1200\" height=\"1200\" title=\"\" srcset=\"https:\/\/www.kibotek.com\/wp-content\/uploads\/2025\/06\/kiboTEK_RG_SLIDE_005.jpg 1200w, https:\/\/www.kibotek.com\/wp-content\/uploads\/2025\/06\/kiboTEK_RG_SLIDE_005-430x430.jpg 430w, https:\/\/www.kibotek.com\/wp-content\/uploads\/2025\/06\/kiboTEK_RG_SLIDE_005-150x150.jpg 150w, https:\/\/www.kibotek.com\/wp-content\/uploads\/2025\/06\/kiboTEK_RG_SLIDE_005-700x700.jpg 700w, https:\/\/www.kibotek.com\/wp-content\/uploads\/2025\/06\/kiboTEK_RG_SLIDE_005-300x300.jpg 300w, https:\/\/www.kibotek.com\/wp-content\/uploads\/2025\/06\/kiboTEK_RG_SLIDE_005-800x800.jpg 800w, https:\/\/www.kibotek.com\/wp-content\/uploads\/2025\/06\/kiboTEK_RG_SLIDE_005-768x768.jpg 768w, https:\/\/www.kibotek.com\/wp-content\/uploads\/2025\/06\/kiboTEK_RG_SLIDE_005-12x12.jpg 12w, https:\/\/www.kibotek.com\/wp-content\/uploads\/2025\/06\/kiboTEK_RG_SLIDE_005-50x50.jpg 50w, https:\/\/www.kibotek.com\/wp-content\/uploads\/2025\/06\/kiboTEK_RG_SLIDE_005-100x100.jpg 100w, https:\/\/www.kibotek.com\/wp-content\/uploads\/2025\/06\/kiboTEK_RG_SLIDE_005-32x32.jpg 32w\" sizes=\"auto, (max-width: 1200px) 100vw, 1200px\" \/> <img loading=\"lazy\" decoding=\"async\" class=\"aligncenter size-full wp-image-61847\" src=\"https:\/\/www.kibotek.com\/wp-content\/uploads\/2025\/06\/kiboTEK_RG_SLIDE_006.jpg\" alt=\"\" width=\"1200\" height=\"1200\" title=\"\" srcset=\"https:\/\/www.kibotek.com\/wp-content\/uploads\/2025\/06\/kiboTEK_RG_SLIDE_006.jpg 1200w, https:\/\/www.kibotek.com\/wp-content\/uploads\/2025\/06\/kiboTEK_RG_SLIDE_006-430x430.jpg 430w, https:\/\/www.kibotek.com\/wp-content\/uploads\/2025\/06\/kiboTEK_RG_SLIDE_006-150x150.jpg 150w, https:\/\/www.kibotek.com\/wp-content\/uploads\/2025\/06\/kiboTEK_RG_SLIDE_006-700x700.jpg 700w, https:\/\/www.kibotek.com\/wp-content\/uploads\/2025\/06\/kiboTEK_RG_SLIDE_006-300x300.jpg 300w, https:\/\/www.kibotek.com\/wp-content\/uploads\/2025\/06\/kiboTEK_RG_SLIDE_006-800x800.jpg 800w, https:\/\/www.kibotek.com\/wp-content\/uploads\/2025\/06\/kiboTEK_RG_SLIDE_006-768x768.jpg 768w, https:\/\/www.kibotek.com\/wp-content\/uploads\/2025\/06\/kiboTEK_RG_SLIDE_006-12x12.jpg 12w, https:\/\/www.kibotek.com\/wp-content\/uploads\/2025\/06\/kiboTEK_RG_SLIDE_006-50x50.jpg 50w, https:\/\/www.kibotek.com\/wp-content\/uploads\/2025\/06\/kiboTEK_RG_SLIDE_006-100x100.jpg 100w, https:\/\/www.kibotek.com\/wp-content\/uploads\/2025\/06\/kiboTEK_RG_SLIDE_006-32x32.jpg 32w\" sizes=\"auto, (max-width: 1200px) 100vw, 1200px\" \/> <img loading=\"lazy\" decoding=\"async\" class=\"aligncenter size-full wp-image-61846\" src=\"https:\/\/www.kibotek.com\/wp-content\/uploads\/2025\/06\/kiboTEK_RG_SLIDE_007.jpg\" alt=\"\" width=\"1200\" height=\"1200\" title=\"\" srcset=\"https:\/\/www.kibotek.com\/wp-content\/uploads\/2025\/06\/kiboTEK_RG_SLIDE_007.jpg 1200w, https:\/\/www.kibotek.com\/wp-content\/uploads\/2025\/06\/kiboTEK_RG_SLIDE_007-430x430.jpg 430w, https:\/\/www.kibotek.com\/wp-content\/uploads\/2025\/06\/kiboTEK_RG_SLIDE_007-150x150.jpg 150w, https:\/\/www.kibotek.com\/wp-content\/uploads\/2025\/06\/kiboTEK_RG_SLIDE_007-700x700.jpg 700w, https:\/\/www.kibotek.com\/wp-content\/uploads\/2025\/06\/kiboTEK_RG_SLIDE_007-300x300.jpg 300w, https:\/\/www.kibotek.com\/wp-content\/uploads\/2025\/06\/kiboTEK_RG_SLIDE_007-800x800.jpg 800w, https:\/\/www.kibotek.com\/wp-content\/uploads\/2025\/06\/kiboTEK_RG_SLIDE_007-768x768.jpg 768w, https:\/\/www.kibotek.com\/wp-content\/uploads\/2025\/06\/kiboTEK_RG_SLIDE_007-12x12.jpg 12w, https:\/\/www.kibotek.com\/wp-content\/uploads\/2025\/06\/kiboTEK_RG_SLIDE_007-50x50.jpg 50w, https:\/\/www.kibotek.com\/wp-content\/uploads\/2025\/06\/kiboTEK_RG_SLIDE_007-100x100.jpg 100w, https:\/\/www.kibotek.com\/wp-content\/uploads\/2025\/06\/kiboTEK_RG_SLIDE_007-32x32.jpg 32w\" sizes=\"auto, (max-width: 1200px) 100vw, 1200px\" \/> <img loading=\"lazy\" decoding=\"async\" class=\"aligncenter size-full wp-image-61845\" src=\"https:\/\/www.kibotek.com\/wp-content\/uploads\/2025\/06\/kiboTEK_RG_SLIDE_008.jpg\" alt=\"\" width=\"1200\" height=\"1200\" title=\"\" srcset=\"https:\/\/www.kibotek.com\/wp-content\/uploads\/2025\/06\/kiboTEK_RG_SLIDE_008.jpg 1200w, https:\/\/www.kibotek.com\/wp-content\/uploads\/2025\/06\/kiboTEK_RG_SLIDE_008-430x430.jpg 430w, https:\/\/www.kibotek.com\/wp-content\/uploads\/2025\/06\/kiboTEK_RG_SLIDE_008-150x150.jpg 150w, https:\/\/www.kibotek.com\/wp-content\/uploads\/2025\/06\/kiboTEK_RG_SLIDE_008-700x700.jpg 700w, https:\/\/www.kibotek.com\/wp-content\/uploads\/2025\/06\/kiboTEK_RG_SLIDE_008-300x300.jpg 300w, https:\/\/www.kibotek.com\/wp-content\/uploads\/2025\/06\/kiboTEK_RG_SLIDE_008-800x800.jpg 800w, https:\/\/www.kibotek.com\/wp-content\/uploads\/2025\/06\/kiboTEK_RG_SLIDE_008-768x768.jpg 768w, https:\/\/www.kibotek.com\/wp-content\/uploads\/2025\/06\/kiboTEK_RG_SLIDE_008-12x12.jpg 12w, https:\/\/www.kibotek.com\/wp-content\/uploads\/2025\/06\/kiboTEK_RG_SLIDE_008-50x50.jpg 50w, https:\/\/www.kibotek.com\/wp-content\/uploads\/2025\/06\/kiboTEK_RG_SLIDE_008-100x100.jpg 100w, https:\/\/www.kibotek.com\/wp-content\/uploads\/2025\/06\/kiboTEK_RG_SLIDE_008-32x32.jpg 32w\" sizes=\"auto, (max-width: 1200px) 100vw, 1200px\" \/> <img loading=\"lazy\" decoding=\"async\" class=\"aligncenter size-full wp-image-61844\" src=\"https:\/\/www.kibotek.com\/wp-content\/uploads\/2025\/06\/kiboTEK_RG_SLIDE_009.jpg\" alt=\"\" width=\"1400\" height=\"1400\" title=\"\" srcset=\"https:\/\/www.kibotek.com\/wp-content\/uploads\/2025\/06\/kiboTEK_RG_SLIDE_009.jpg 1400w, https:\/\/www.kibotek.com\/wp-content\/uploads\/2025\/06\/kiboTEK_RG_SLIDE_009-430x430.jpg 430w, https:\/\/www.kibotek.com\/wp-content\/uploads\/2025\/06\/kiboTEK_RG_SLIDE_009-150x150.jpg 150w, https:\/\/www.kibotek.com\/wp-content\/uploads\/2025\/06\/kiboTEK_RG_SLIDE_009-700x700.jpg 700w, https:\/\/www.kibotek.com\/wp-content\/uploads\/2025\/06\/kiboTEK_RG_SLIDE_009-300x300.jpg 300w, https:\/\/www.kibotek.com\/wp-content\/uploads\/2025\/06\/kiboTEK_RG_SLIDE_009-800x800.jpg 800w, https:\/\/www.kibotek.com\/wp-content\/uploads\/2025\/06\/kiboTEK_RG_SLIDE_009-768x768.jpg 768w, https:\/\/www.kibotek.com\/wp-content\/uploads\/2025\/06\/kiboTEK_RG_SLIDE_009-12x12.jpg 12w, https:\/\/www.kibotek.com\/wp-content\/uploads\/2025\/06\/kiboTEK_RG_SLIDE_009-50x50.jpg 50w, https:\/\/www.kibotek.com\/wp-content\/uploads\/2025\/06\/kiboTEK_RG_SLIDE_009-100x100.jpg 100w, https:\/\/www.kibotek.com\/wp-content\/uploads\/2025\/06\/kiboTEK_RG_SLIDE_009-32x32.jpg 32w\" sizes=\"auto, (max-width: 1400px) 100vw, 1400px\" \/> <img loading=\"lazy\" decoding=\"async\" class=\"aligncenter size-full wp-image-61843\" src=\"https:\/\/www.kibotek.com\/wp-content\/uploads\/2025\/06\/kiboTEK_RG_SLIDE_010.jpg\" alt=\"\" width=\"1200\" height=\"1200\" title=\"\" srcset=\"https:\/\/www.kibotek.com\/wp-content\/uploads\/2025\/06\/kiboTEK_RG_SLIDE_010.jpg 1200w, https:\/\/www.kibotek.com\/wp-content\/uploads\/2025\/06\/kiboTEK_RG_SLIDE_010-430x430.jpg 430w, https:\/\/www.kibotek.com\/wp-content\/uploads\/2025\/06\/kiboTEK_RG_SLIDE_010-150x150.jpg 150w, https:\/\/www.kibotek.com\/wp-content\/uploads\/2025\/06\/kiboTEK_RG_SLIDE_010-700x700.jpg 700w, https:\/\/www.kibotek.com\/wp-content\/uploads\/2025\/06\/kiboTEK_RG_SLIDE_010-300x300.jpg 300w, https:\/\/www.kibotek.com\/wp-content\/uploads\/2025\/06\/kiboTEK_RG_SLIDE_010-800x800.jpg 800w, https:\/\/www.kibotek.com\/wp-content\/uploads\/2025\/06\/kiboTEK_RG_SLIDE_010-768x768.jpg 768w, https:\/\/www.kibotek.com\/wp-content\/uploads\/2025\/06\/kiboTEK_RG_SLIDE_010-12x12.jpg 12w, https:\/\/www.kibotek.com\/wp-content\/uploads\/2025\/06\/kiboTEK_RG_SLIDE_010-50x50.jpg 50w, https:\/\/www.kibotek.com\/wp-content\/uploads\/2025\/06\/kiboTEK_RG_SLIDE_010-100x100.jpg 100w, https:\/\/www.kibotek.com\/wp-content\/uploads\/2025\/06\/kiboTEK_RG_SLIDE_010-32x32.jpg 32w\" sizes=\"auto, (max-width: 1200px) 100vw, 1200px\" \/> <img loading=\"lazy\" decoding=\"async\" class=\"aligncenter size-full wp-image-61850\" src=\"https:\/\/www.kibotek.com\/wp-content\/uploads\/2025\/06\/kiboTEK_RG_SLIDE_003.jpg\" alt=\"\" width=\"1400\" height=\"1400\" title=\"\" srcset=\"https:\/\/www.kibotek.com\/wp-content\/uploads\/2025\/06\/kiboTEK_RG_SLIDE_003.jpg 1400w, https:\/\/www.kibotek.com\/wp-content\/uploads\/2025\/06\/kiboTEK_RG_SLIDE_003-430x430.jpg 430w, https:\/\/www.kibotek.com\/wp-content\/uploads\/2025\/06\/kiboTEK_RG_SLIDE_003-150x150.jpg 150w, https:\/\/www.kibotek.com\/wp-content\/uploads\/2025\/06\/kiboTEK_RG_SLIDE_003-700x700.jpg 700w, https:\/\/www.kibotek.com\/wp-content\/uploads\/2025\/06\/kiboTEK_RG_SLIDE_003-300x300.jpg 300w, https:\/\/www.kibotek.com\/wp-content\/uploads\/2025\/06\/kiboTEK_RG_SLIDE_003-800x800.jpg 800w, https:\/\/www.kibotek.com\/wp-content\/uploads\/2025\/06\/kiboTEK_RG_SLIDE_003-768x768.jpg 768w, https:\/\/www.kibotek.com\/wp-content\/uploads\/2025\/06\/kiboTEK_RG_SLIDE_003-12x12.jpg 12w, https:\/\/www.kibotek.com\/wp-content\/uploads\/2025\/06\/kiboTEK_RG_SLIDE_003-50x50.jpg 50w, https:\/\/www.kibotek.com\/wp-content\/uploads\/2025\/06\/kiboTEK_RG_SLIDE_003-100x100.jpg 100w, https:\/\/www.kibotek.com\/wp-content\/uploads\/2025\/06\/kiboTEK_RG_SLIDE_003-32x32.jpg 32w\" sizes=\"auto, (max-width: 1400px) 100vw, 1400px\" \/> <img loading=\"lazy\" decoding=\"async\" class=\"aligncenter size-full wp-image-61842\" src=\"https:\/\/www.kibotek.com\/wp-content\/uploads\/2025\/06\/kiboTEK_RG_SLIDE_011.jpg\" alt=\"\" width=\"1400\" height=\"1400\" title=\"\" srcset=\"https:\/\/www.kibotek.com\/wp-content\/uploads\/2025\/06\/kiboTEK_RG_SLIDE_011.jpg 1400w, https:\/\/www.kibotek.com\/wp-content\/uploads\/2025\/06\/kiboTEK_RG_SLIDE_011-430x430.jpg 430w, https:\/\/www.kibotek.com\/wp-content\/uploads\/2025\/06\/kiboTEK_RG_SLIDE_011-150x150.jpg 150w, https:\/\/www.kibotek.com\/wp-content\/uploads\/2025\/06\/kiboTEK_RG_SLIDE_011-700x700.jpg 700w, https:\/\/www.kibotek.com\/wp-content\/uploads\/2025\/06\/kiboTEK_RG_SLIDE_011-300x300.jpg 300w, https:\/\/www.kibotek.com\/wp-content\/uploads\/2025\/06\/kiboTEK_RG_SLIDE_011-800x800.jpg 800w, https:\/\/www.kibotek.com\/wp-content\/uploads\/2025\/06\/kiboTEK_RG_SLIDE_011-768x768.jpg 768w, https:\/\/www.kibotek.com\/wp-content\/uploads\/2025\/06\/kiboTEK_RG_SLIDE_011-12x12.jpg 12w, https:\/\/www.kibotek.com\/wp-content\/uploads\/2025\/06\/kiboTEK_RG_SLIDE_011-50x50.jpg 50w, https:\/\/www.kibotek.com\/wp-content\/uploads\/2025\/06\/kiboTEK_RG_SLIDE_011-100x100.jpg 100w, https:\/\/www.kibotek.com\/wp-content\/uploads\/2025\/06\/kiboTEK_RG_SLIDE_011-32x32.jpg 32w\" sizes=\"auto, (max-width: 1400px) 100vw, 1400px\" \/><\/p>","protected":false},"excerpt":{"rendered":"<p><strong><em>ACQUISTA ORA E <\/em><\/strong><strong><em>RICEVI IN 24\/72H \ud83d\ude80<\/em><\/strong><\/p>","protected":false},"featured_media":61717,"comment_status":"open","ping_status":"closed","template":"","meta":{"iawp_total_views":1364},"product_brand":[8167],"product_cat":[7809,5514],"product_tag":[],"class_list":{"0":"post-61693","1":"product","2":"type-product","3":"status-publish","4":"has-post-thumbnail","6":"product_brand-anbernic","7":"product_cat-consolas-retro","8":"product_cat-consolas-retro-gaming-arcade-bartop-pandora-box-anbernic-powkiddy","10":"first","11":"instock","12":"sale","13":"taxable","14":"shipping-taxable","15":"purchasable","16":"product-type-variable","17":"has-default-attributes"},"supplier_id":null,"supplier_sku":"","barcode":null,"atum_controlled":true,"out_stock_date":"2025-06-21 12:49:27","out_stock_threshold":null,"inheritable":true,"inbound_stock":null,"stock_on_hold":0,"sold_today":0,"sales_last_days":0,"reserved_stock":null,"customer_returns":null,"warehouse_damage":null,"lost_in_post":null,"other_logs":null,"out_stock_days":301,"lost_sales":0,"has_location":false,"update_date":"2026-04-19T05:02:29","atum_locations":[],"atum_stock_status":"instock","restock_status":false,"low_stock_amount":"","sales_update_date":"2026-04-19T05:02:29","calc_backorders":null,"_links":{"self":[{"href":"https:\/\/www.kibotek.com\/it\/wp-json\/wp\/v2\/product\/61693","targetHints":{"allow":["GET"]}}],"collection":[{"href":"https:\/\/www.kibotek.com\/it\/wp-json\/wp\/v2\/product"}],"about":[{"href":"https:\/\/www.kibotek.com\/it\/wp-json\/wp\/v2\/types\/product"}],"replies":[{"embeddable":true,"href":"https:\/\/www.kibotek.com\/it\/wp-json\/wp\/v2\/comments?post=61693"}],"version-history":[{"count":2,"href":"https:\/\/www.kibotek.com\/it\/wp-json\/wp\/v2\/product\/61693\/revisions"}],"predecessor-version":[{"id":71661,"href":"https:\/\/www.kibotek.com\/it\/wp-json\/wp\/v2\/product\/61693\/revisions\/71661"}],"wp:featuredmedia":[{"embeddable":true,"href":"https:\/\/www.kibotek.com\/it\/wp-json\/wp\/v2\/media\/61717"}],"wp:attachment":[{"href":"https:\/\/www.kibotek.com\/it\/wp-json\/wp\/v2\/media?parent=61693"}],"wp:term":[{"taxonomy":"product_brand","embeddable":true,"href":"https:\/\/www.kibotek.com\/it\/wp-json\/wp\/v2\/product_brand?post=61693"},{"taxonomy":"product_cat","embeddable":true,"href":"https:\/\/www.kibotek.com\/it\/wp-json\/wp\/v2\/product_cat?post=61693"},{"taxonomy":"product_tag","embeddable":true,"href":"https:\/\/www.kibotek.com\/it\/wp-json\/wp\/v2\/product_tag?post=61693"}],"curies":[{"name":"parola chiave","href":"https:\/\/api.w.org\/{rel}","templated":true}]}}