{"id":55416,"date":"2024-12-04T16:55:51","date_gmt":"2024-12-04T15:55:51","guid":{"rendered":"https:\/\/www.kibotek.com\/?post_type=product&#038;p=55416"},"modified":"2026-04-19T22:52:37","modified_gmt":"2026-04-19T20:52:37","slug":"cool-custodia-in-silicone-per-xiaomi-redmi-10c-trasparente-15","status":"publish","type":"product","link":"https:\/\/www.kibotek.com\/it\/kibostore\/auriculares-35-mm-cool-care-stereo-con-micro-blanco\/","title":{"rendered":"Cuffie stereo COOL Care da 3,5 mm con microfono bianco"},"content":{"rendered":"<h4>Auriculares con cable COOL Care.<\/h4>\n<p>Compatibles con Android e iOs (Conexi\u00f3n Jack 3,5mm)<\/p>\n<p>Los auriculares manos libres COOL Care constan de un\u00a0dise\u00f1o simple donde se destaca\u00a0una apariencia elegante y un sonido perfecto. Se ajustan perfectamente produciendo un aislamiento contra el ruido externo para el disfrute de la m\u00fasica y las llamadas.<\/p>\n<p>Estos auriculares cuentan con contestador de llamadas mediante bot\u00f3n y un micr\u00f3fono integrado. Adem\u00e1s, incorporan botones para subir y bajar el volumen.<\/p>\n<p>Codice logistico: IDSDVAN<\/p>\n<p><strong>Caratteristiche tecniche:<\/strong><\/p>\n<ul id=\"moreinfo\" class=\"tm_productinner tab-pane active\">\n<li style=\"list-style-type: none;\">\n<ul>\n<li>Est\u00e9reo (calidad de sonido premium).<\/li>\n<li>Bot\u00f3n incorporado en el cable, situado detr\u00e1s del micr\u00f3fono (para colgar \/ descolgar \/ silenciar).<\/li>\n<li>Bot\u00f3n (+ \/ &#8211; Volumen)<\/li>\n<li>Altavoces de 11 mm de di\u00e1metro.<\/li>\n<li>Impedancia de 34 ohmios del altavoz.<\/li>\n<li>Frecuencia de 20Hz a 30Khz.<\/li>\n<li>Sensibilidad: 105db<\/li>\n<li>Largo total del cable: 112 cm (1,12 metros)<\/li>\n<li>Conector de Audio: Universal Jack 3.5mm<\/li>\n<\/ul>\n<\/li>\n<\/ul>\n<p><img loading=\"lazy\" decoding=\"async\" class=\"alignleft wp-image-55417 size-full\" src=\"https:\/\/www.kibotek.com\/wp-content\/uploads\/2024\/12\/kiboTEK_cool_auriculares_blanco_001.jpg\" alt=\"\" width=\"800\" height=\"800\" title=\"\" srcset=\"https:\/\/www.kibotek.com\/wp-content\/uploads\/2024\/12\/kiboTEK_cool_auriculares_blanco_001.jpg 800w, https:\/\/www.kibotek.com\/wp-content\/uploads\/2024\/12\/kiboTEK_cool_auriculares_blanco_001-430x430.jpg 430w, https:\/\/www.kibotek.com\/wp-content\/uploads\/2024\/12\/kiboTEK_cool_auriculares_blanco_001-150x150.jpg 150w, https:\/\/www.kibotek.com\/wp-content\/uploads\/2024\/12\/kiboTEK_cool_auriculares_blanco_001-700x700.jpg 700w, https:\/\/www.kibotek.com\/wp-content\/uploads\/2024\/12\/kiboTEK_cool_auriculares_blanco_001-300x300.jpg 300w, https:\/\/www.kibotek.com\/wp-content\/uploads\/2024\/12\/kiboTEK_cool_auriculares_blanco_001-768x768.jpg 768w, https:\/\/www.kibotek.com\/wp-content\/uploads\/2024\/12\/kiboTEK_cool_auriculares_blanco_001-12x12.jpg 12w, https:\/\/www.kibotek.com\/wp-content\/uploads\/2024\/12\/kiboTEK_cool_auriculares_blanco_001-50x50.jpg 50w, https:\/\/www.kibotek.com\/wp-content\/uploads\/2024\/12\/kiboTEK_cool_auriculares_blanco_001-100x100.jpg 100w, https:\/\/www.kibotek.com\/wp-content\/uploads\/2024\/12\/kiboTEK_cool_auriculares_blanco_001-32x32.jpg 32w\" sizes=\"auto, (max-width: 800px) 100vw, 800px\" \/> <img loading=\"lazy\" decoding=\"async\" class=\"alignleft wp-image-55418 size-full\" src=\"https:\/\/www.kibotek.com\/wp-content\/uploads\/2024\/12\/kiboTEK_cool_auriculares_blanco_002.jpg\" alt=\"\" width=\"800\" height=\"800\" title=\"\" srcset=\"https:\/\/www.kibotek.com\/wp-content\/uploads\/2024\/12\/kiboTEK_cool_auriculares_blanco_002.jpg 800w, https:\/\/www.kibotek.com\/wp-content\/uploads\/2024\/12\/kiboTEK_cool_auriculares_blanco_002-430x430.jpg 430w, https:\/\/www.kibotek.com\/wp-content\/uploads\/2024\/12\/kiboTEK_cool_auriculares_blanco_002-150x150.jpg 150w, https:\/\/www.kibotek.com\/wp-content\/uploads\/2024\/12\/kiboTEK_cool_auriculares_blanco_002-700x700.jpg 700w, https:\/\/www.kibotek.com\/wp-content\/uploads\/2024\/12\/kiboTEK_cool_auriculares_blanco_002-300x300.jpg 300w, https:\/\/www.kibotek.com\/wp-content\/uploads\/2024\/12\/kiboTEK_cool_auriculares_blanco_002-768x768.jpg 768w, https:\/\/www.kibotek.com\/wp-content\/uploads\/2024\/12\/kiboTEK_cool_auriculares_blanco_002-12x12.jpg 12w, https:\/\/www.kibotek.com\/wp-content\/uploads\/2024\/12\/kiboTEK_cool_auriculares_blanco_002-50x50.jpg 50w, https:\/\/www.kibotek.com\/wp-content\/uploads\/2024\/12\/kiboTEK_cool_auriculares_blanco_002-100x100.jpg 100w, https:\/\/www.kibotek.com\/wp-content\/uploads\/2024\/12\/kiboTEK_cool_auriculares_blanco_002-32x32.jpg 32w\" sizes=\"auto, (max-width: 800px) 100vw, 800px\" \/> <img loading=\"lazy\" decoding=\"async\" class=\"alignleft wp-image-55420 size-full\" src=\"https:\/\/www.kibotek.com\/wp-content\/uploads\/2024\/12\/kiboTEK_cool_auriculares_blanco_004.jpg\" alt=\"\" width=\"800\" height=\"800\" title=\"\" srcset=\"https:\/\/www.kibotek.com\/wp-content\/uploads\/2024\/12\/kiboTEK_cool_auriculares_blanco_004.jpg 800w, https:\/\/www.kibotek.com\/wp-content\/uploads\/2024\/12\/kiboTEK_cool_auriculares_blanco_004-430x430.jpg 430w, https:\/\/www.kibotek.com\/wp-content\/uploads\/2024\/12\/kiboTEK_cool_auriculares_blanco_004-150x150.jpg 150w, https:\/\/www.kibotek.com\/wp-content\/uploads\/2024\/12\/kiboTEK_cool_auriculares_blanco_004-700x700.jpg 700w, https:\/\/www.kibotek.com\/wp-content\/uploads\/2024\/12\/kiboTEK_cool_auriculares_blanco_004-300x300.jpg 300w, https:\/\/www.kibotek.com\/wp-content\/uploads\/2024\/12\/kiboTEK_cool_auriculares_blanco_004-768x768.jpg 768w, https:\/\/www.kibotek.com\/wp-content\/uploads\/2024\/12\/kiboTEK_cool_auriculares_blanco_004-12x12.jpg 12w, https:\/\/www.kibotek.com\/wp-content\/uploads\/2024\/12\/kiboTEK_cool_auriculares_blanco_004-50x50.jpg 50w, https:\/\/www.kibotek.com\/wp-content\/uploads\/2024\/12\/kiboTEK_cool_auriculares_blanco_004-100x100.jpg 100w, https:\/\/www.kibotek.com\/wp-content\/uploads\/2024\/12\/kiboTEK_cool_auriculares_blanco_004-32x32.jpg 32w\" sizes=\"auto, (max-width: 800px) 100vw, 800px\" \/> <img loading=\"lazy\" decoding=\"async\" class=\"alignleft wp-image-55421 size-full\" src=\"https:\/\/www.kibotek.com\/wp-content\/uploads\/2024\/12\/kiboTEK_cool_auriculares_blanco_005.jpg\" alt=\"\" width=\"800\" height=\"800\" title=\"\" srcset=\"https:\/\/www.kibotek.com\/wp-content\/uploads\/2024\/12\/kiboTEK_cool_auriculares_blanco_005.jpg 800w, https:\/\/www.kibotek.com\/wp-content\/uploads\/2024\/12\/kiboTEK_cool_auriculares_blanco_005-430x430.jpg 430w, https:\/\/www.kibotek.com\/wp-content\/uploads\/2024\/12\/kiboTEK_cool_auriculares_blanco_005-150x150.jpg 150w, https:\/\/www.kibotek.com\/wp-content\/uploads\/2024\/12\/kiboTEK_cool_auriculares_blanco_005-700x700.jpg 700w, https:\/\/www.kibotek.com\/wp-content\/uploads\/2024\/12\/kiboTEK_cool_auriculares_blanco_005-300x300.jpg 300w, https:\/\/www.kibotek.com\/wp-content\/uploads\/2024\/12\/kiboTEK_cool_auriculares_blanco_005-768x768.jpg 768w, https:\/\/www.kibotek.com\/wp-content\/uploads\/2024\/12\/kiboTEK_cool_auriculares_blanco_005-12x12.jpg 12w, https:\/\/www.kibotek.com\/wp-content\/uploads\/2024\/12\/kiboTEK_cool_auriculares_blanco_005-50x50.jpg 50w, https:\/\/www.kibotek.com\/wp-content\/uploads\/2024\/12\/kiboTEK_cool_auriculares_blanco_005-100x100.jpg 100w, https:\/\/www.kibotek.com\/wp-content\/uploads\/2024\/12\/kiboTEK_cool_auriculares_blanco_005-32x32.jpg 32w\" sizes=\"auto, (max-width: 800px) 100vw, 800px\" \/> <img loading=\"lazy\" decoding=\"async\" class=\"alignleft wp-image-55422 size-full\" src=\"https:\/\/www.kibotek.com\/wp-content\/uploads\/2024\/12\/kiboTEK_cool_auriculares_blanco_006.jpg\" alt=\"\" width=\"800\" height=\"800\" title=\"\" srcset=\"https:\/\/www.kibotek.com\/wp-content\/uploads\/2024\/12\/kiboTEK_cool_auriculares_blanco_006.jpg 800w, https:\/\/www.kibotek.com\/wp-content\/uploads\/2024\/12\/kiboTEK_cool_auriculares_blanco_006-430x430.jpg 430w, https:\/\/www.kibotek.com\/wp-content\/uploads\/2024\/12\/kiboTEK_cool_auriculares_blanco_006-150x150.jpg 150w, https:\/\/www.kibotek.com\/wp-content\/uploads\/2024\/12\/kiboTEK_cool_auriculares_blanco_006-700x700.jpg 700w, https:\/\/www.kibotek.com\/wp-content\/uploads\/2024\/12\/kiboTEK_cool_auriculares_blanco_006-300x300.jpg 300w, https:\/\/www.kibotek.com\/wp-content\/uploads\/2024\/12\/kiboTEK_cool_auriculares_blanco_006-768x768.jpg 768w, https:\/\/www.kibotek.com\/wp-content\/uploads\/2024\/12\/kiboTEK_cool_auriculares_blanco_006-12x12.jpg 12w, https:\/\/www.kibotek.com\/wp-content\/uploads\/2024\/12\/kiboTEK_cool_auriculares_blanco_006-50x50.jpg 50w, https:\/\/www.kibotek.com\/wp-content\/uploads\/2024\/12\/kiboTEK_cool_auriculares_blanco_006-100x100.jpg 100w, https:\/\/www.kibotek.com\/wp-content\/uploads\/2024\/12\/kiboTEK_cool_auriculares_blanco_006-32x32.jpg 32w\" sizes=\"auto, (max-width: 800px) 100vw, 800px\" \/><\/p>","protected":false},"excerpt":{"rendered":"<p><strong><em>ACQUISTA ORA E RICEVI IN 24H IN SPAGNA \ud83d\ude80<\/em><\/strong><\/p>\n<p><strong><em>ACQUISTA ORA E RICEVI IN 72 ORE IN EUROPA \ud83d\ude80<\/em><\/strong><\/p>","protected":false},"featured_media":55422,"comment_status":"open","ping_status":"closed","template":"","meta":{"iawp_total_views":25},"product_brand":[8152],"product_cat":[8319],"product_tag":[],"class_list":{"0":"post-55416","1":"product","2":"type-product","3":"status-publish","4":"has-post-thumbnail","6":"product_brand-comprar-cool-accesorios","7":"product_cat-unkategorisiert","9":"first","10":"instock","11":"sale","12":"taxable","13":"shipping-taxable","14":"purchasable","15":"product-type-simple"},"supplier_id":null,"supplier_sku":"","barcode":null,"atum_controlled":true,"out_stock_date":null,"out_stock_threshold":null,"inheritable":false,"inbound_stock":null,"stock_on_hold":0,"sold_today":0,"sales_last_days":0,"reserved_stock":null,"customer_returns":null,"warehouse_damage":null,"lost_in_post":null,"other_logs":null,"out_stock_days":0,"lost_sales":0,"has_location":false,"update_date":"2026-04-19T20:52:40","atum_locations":[],"atum_stock_status":"instock","restock_status":false,"low_stock_amount":"","sales_update_date":"2026-04-19T05:02:44","calc_backorders":null,"_links":{"self":[{"href":"https:\/\/www.kibotek.com\/it\/wp-json\/wp\/v2\/product\/55416","targetHints":{"allow":["GET"]}}],"collection":[{"href":"https:\/\/www.kibotek.com\/it\/wp-json\/wp\/v2\/product"}],"about":[{"href":"https:\/\/www.kibotek.com\/it\/wp-json\/wp\/v2\/types\/product"}],"replies":[{"embeddable":true,"href":"https:\/\/www.kibotek.com\/it\/wp-json\/wp\/v2\/comments?post=55416"}],"version-history":[{"count":0,"href":"https:\/\/www.kibotek.com\/it\/wp-json\/wp\/v2\/product\/55416\/revisions"}],"wp:featuredmedia":[{"embeddable":true,"href":"https:\/\/www.kibotek.com\/it\/wp-json\/wp\/v2\/media\/55422"}],"wp:attachment":[{"href":"https:\/\/www.kibotek.com\/it\/wp-json\/wp\/v2\/media?parent=55416"}],"wp:term":[{"taxonomy":"product_brand","embeddable":true,"href":"https:\/\/www.kibotek.com\/it\/wp-json\/wp\/v2\/product_brand?post=55416"},{"taxonomy":"product_cat","embeddable":true,"href":"https:\/\/www.kibotek.com\/it\/wp-json\/wp\/v2\/product_cat?post=55416"},{"taxonomy":"product_tag","embeddable":true,"href":"https:\/\/www.kibotek.com\/it\/wp-json\/wp\/v2\/product_tag?post=55416"}],"curies":[{"name":"parola chiave","href":"https:\/\/api.w.org\/{rel}","templated":true}]}}