{"id":50622,"date":"2023-12-13T19:02:01","date_gmt":"2023-12-13T18:02:01","guid":{"rendered":"https:\/\/www.kibotek.com\/?post_type=product&#038;p=50622"},"modified":"2026-05-06T23:04:25","modified_gmt":"2026-05-06T21:04:25","slug":"retroid-pocket-4-pro-console-portatile-retro-android-8-gb-128-gb","status":"publish","type":"product","link":"https:\/\/www.kibotek.com\/it\/kibostore\/retroid-pocket-4-pro-consola-retro-portable-android-8gb-128gb\/","title":{"rendered":"Retroid Pocket 4 Pro Console retr\u00f2 portatile Android 8GB\/128GB"},"content":{"rendered":"<p>Acquista Retroid Pocket 4 Pro Console Android portatile retr\u00f2 8GB\/128GB con spedizione dalla Spagna Europa in 24\/72 ore e garanzia europea.<\/p>\n<ul>\n<li>Emulatori: Play Station 1, <strong>PlayStation 2<\/strong>, PSP, Game Cube, N64, NeoGeo, MAME, Sega Genesis, SNES...<\/li>\n<li>Sistema di avvio Android 13<\/li>\n<li>Processore Mediatek\u00a0<strong>Dimensione 1100<\/strong><\/li>\n<li>Core distribuiti in 4*78@2,6GHz 4*A55@2,0 GHz<\/li>\n<li>Scheda grafica G77 MC9<span data-contrast=\"auto\">\u00a0(@836Mhz)<\/span><\/li>\n<li>Wi-Fi 2.4G\/5G\/6+BT 5.2<\/li>\n<li>Controlli di progettazione completi della traversa<\/li>\n<li>Schermo IPS da 4,7 pollici <strong>tattile<\/strong> \u2013 risoluzione 750\u00d71334<\/li>\n<li>Proporzioni 16:9<\/li>\n<li><strong>RAM8GB LPDDR4xUFS 3.1<\/strong><\/li>\n<li><strong>128GB Memoria eMCP<\/strong><\/li>\n<li>Connessione OTG di tipo C, porta micro-HDMI, 2 altoparlanti stereo e porta jack audio da 3,5 mm<\/li>\n<li>Supporta 720pHDMI<\/li>\n<li>Motore di vibrazione integrato<\/li>\n<li>6 lingue<\/li>\n<li>Batteria da 5.000 mAh<\/li>\n<li>Supporto OTA ufficiale integrato per l&#039;aggiornamento<\/li>\n<li>Dimensioni di 184,8 x 82,6 x 15,8 mm<\/li>\n<li>Peso di 261gr<\/li>\n<\/ul>\n<ul>\n<li><strong>Contenuto della confezione<\/strong><\/li>\n<li>Console portatile Retroid Pocket 4 Pro<\/li>\n<li>Manuale di istruzioni in inglese<\/li>\n<li>Cavo di ricarica di tipo C<\/li>\n<\/ul>\n<p><strong>Il numero uno \u00e8 tornato<\/strong>, giunge alla quarta edizione di una delle console di maggior successo degli ultimi tempi per emulare i tuoi giochi preferiti. Una delle console che ha gi\u00e0 avuto un successo travolgente nelle sue tre edizioni precedenti e che in questo quarto capitolo promette pi\u00f9 potenza e un hardware migliore.<\/p>\n<p>Tutto sembra indicare che questa nuova versione del<strong> Retroid Pocket 4 e 4 Pro diventeranno una delle console pi\u00f9 vendute nel 2024<\/strong> Grazie all&#039;ottimo rapporto qualit\u00e0-prezzo a cui il produttore Retroid ci ha abituato.<\/p>\n<h3>Schermo tattile HD da 4,7 pollici<\/h3>\n<p>Per quanto riguarda lo schermo, il rinnovato Retroid Pocket 4 ha ovviamente un touch screen da 4,7 pollici con una risoluzione all&#039;altezza. IL<strong> La risoluzione di questo touchscreen IPS \u00e8 di 750 x 1334 pixel con 60 fps<\/strong>. Grazie al suo formato 16:9, questa console \u00e8 perfetta per emulare piattaforme pi\u00f9 esigenti come PlayStation 1 o PlayStation 2.<\/p>\n<p>Anche il fatto di avere accesso diretto al Play store per scaricare i tuoi titoli preferiti fa s\u00ec che la risoluzione dei giochi si adatti perfettamente come se fosse uno smartphone.<\/p>\n<p>Retroid Pocket 4 Pro mantiene il design familiare dei suoi predecessori, ma con numerosi miglioramenti notevoli. Regali <strong>Joystick ad effetto Hall con impugnature concave e grilletti analogici testurizzati per una migliore presa<\/strong>.<\/p>\n<h3><strong>processore pi\u00f9 potente\u00a0<\/strong><\/h3>\n<p>Uno degli aspetti che risalta di pi\u00f9 tra le sue caratteristiche rispetto al suo predecessore, il Retroid Pocket 3 Plus, \u00e8 il suo processore, che \u00e8 notevolmente migliorato. Nella sala macchine abbiamo a <strong>Processore MediaTek Dimensity 1100 che ne ha otto<\/strong> core distribuiti in 4xA78 @ 2.6Ghz 4xA78 @ 2.6Ghz. Sulla GPU abbiamo G77 MC4<span data-contrast=\"none\">\u00a0(@900Mhz<\/span><span data-contrast=\"auto\">).\u00a0<\/span><\/p>\n<p>Questo processore \u00e8 basato su <strong>8 RAM GB LPDDR4x<\/strong> Con <strong>128 GB memoria interna<\/strong> Cosa possiamo espandere utilizzando una scheda SD UFS 3.1.<\/p>\n<p>Con questa versione rinnovata potremo divertirci con emulatori come PSP, PS1 PS2, GameCube, Dreamcast, N64, MAME, Sega Genesis, SNES... e molti altri.<\/p>\n<h3><strong>Possibilit\u00e0 di giocare in Rete<\/strong><\/h3>\n<p>Questo Retroid Pocket 4 include un&#039;importante novit\u00e0: puoi immaginare di poter giocare a classici come Contra o Pang con un altro amico? Bene, questa volta puoi farcela! Include una funzione per poter <strong>gioca online con un altro amico<\/strong> creazione di un hotspot.<\/p>\n<p>Puoi anche ascoltare l&#039;audio dei tuoi giochi preferiti sia con le cuffie cablate che con quelle bluetooth. Un&#039;altra cosa che ci fa impazzire \u00e8 poter giocare con la nostra console sulla nostra televisione di casa... <strong>Uscita HDMI 720p<\/strong> che caratterizza questo Retroid Pocket 4 Pro. Il Retroid Pocket 4. Questo, combinato con il supporto per i controller Bluetooth, ne migliora la versatilit\u00e0 come dispositivo di gioco portatile e domestico.<\/p>\n<h3>Riproduci di nuovo i tuoi titoli preferiti<\/h3>\n<p>Noi giocatori amiamo ricordare i vecchi tempi attaccandoci alla macchina di turno e schiacciando i pulsanti come se la nostra vita dipendesse da questo. I giochi con cui abbiamo trascorso il fine settimana si pagano nella sala giochi. <strong>Pang, Street Fighter, Sunset Riders, Bubble Bobble, Out Run, Metal Slug, Ghosts &#039;n Goblins..<\/strong>. Ora arriva Retroid Pocket 4, una console super portatile che ci teletrasporter\u00e0 in un&#039;altra era. Possiamo anche divertirci con i titoli PS2 pi\u00f9 attuali o accedere ai giochi store su Android 13.<\/p>\n<h3><strong>Avvia con Android 13<br \/>\n<\/strong><\/h3>\n<p>Grazie al sistema operativo Android 13 possiamo connetterci al Wi-Fi 6 e scaricare applicazioni da Google Play. Con Retroid Pocket 4 possiamo avere accesso a <strong>i nostri social network, GMAIL, Calendar, YouTube, twitch<\/strong> e infinite funzioni simili a quelle di uno smartphone.<\/p>\n<p>Questa nuova versione dispone di Android per accedere a tutti i servizi Google.<\/p>\n<h3>Emulazione e software<\/h3>\n<p>In esecuzione su Android 13, il <strong>Retroid Pocket 4 Pro include un launcher personalizzato che semplifica la configurazione degli emulatori<\/strong> e l&#039;organizzazione dei giochi. Gli utenti possono passare facilmente dal Retroid Launcher al launcher Android standard, offrendo flessibilit\u00e0 per accedere sia ai giochi retr\u00f2 che alle app Android. La console supporta funzionalit\u00e0 avanzate come impostazioni delle prestazioni, mappatura dei tasti e monitoraggio in tempo reale dei parametri delle prestazioni del sistema<\/p>\n<p><strong>Connessioni<\/strong><\/p>\n<p>Retroid Pocket 4 ha una connessione OTG di tipo C, porta micro-HDMI, 2 altoparlanti stereo e una porta jack audio da 3,5 mm. Supporta anche HDMI 720p. D&#039;altra parte abbiamo la possibilit\u00e0 di <strong>Connessione Wi-Fi 6 e Bluetooth 5.2.\u00a0<\/strong><\/p>\n<h3><strong>Batteria al massimo livello<\/strong><\/h3>\n<p>Per quanto riguarda la batteria,<strong> 5.000 mAh<\/strong> per non rimanere nel bel mezzo del gioco e caricarlo completamente in sole 2 ore e mezza tramite la sua porta USB-C. La console ha una batteria da 5000 mAh, che offre in media circa 5 ore di gioco. Include una ventola di raffreddamento integrata che gestisce efficacemente le prestazioni termiche durante le sessioni di gioco intense. Supporta fino a 128 schede GB.<\/p>\n<p>Se stai pensando di acquistare una console retr\u00f2 portatile con <strong>ottimo rapporto qualit\u00e0 prezzo<\/strong> senza dubbio questo <strong>Retroid Pocket 4 \u00e8 una delle migliori opzioni sul mercato.<\/strong><\/p>\n<p><img loading=\"lazy\" decoding=\"async\" class=\"alignleft wp-image-50676 size-full\" src=\"https:\/\/www.kibotek.com\/wp-content\/uploads\/2023\/12\/kiboTEK_retroid_pocket4_1.jpg\" alt=\"\" width=\"950\" height=\"951\" title=\"\" srcset=\"https:\/\/www.kibotek.com\/wp-content\/uploads\/2023\/12\/kiboTEK_retroid_pocket4_1.jpg 950w, https:\/\/www.kibotek.com\/wp-content\/uploads\/2023\/12\/kiboTEK_retroid_pocket4_1-430x430.jpg 430w, https:\/\/www.kibotek.com\/wp-content\/uploads\/2023\/12\/kiboTEK_retroid_pocket4_1-150x150.jpg 150w, https:\/\/www.kibotek.com\/wp-content\/uploads\/2023\/12\/kiboTEK_retroid_pocket4_1-700x701.jpg 700w, https:\/\/www.kibotek.com\/wp-content\/uploads\/2023\/12\/kiboTEK_retroid_pocket4_1-300x300.jpg 300w, https:\/\/www.kibotek.com\/wp-content\/uploads\/2023\/12\/kiboTEK_retroid_pocket4_1-768x769.jpg 768w, https:\/\/www.kibotek.com\/wp-content\/uploads\/2023\/12\/kiboTEK_retroid_pocket4_1-12x12.jpg 12w, https:\/\/www.kibotek.com\/wp-content\/uploads\/2023\/12\/kiboTEK_retroid_pocket4_1-50x50.jpg 50w, https:\/\/www.kibotek.com\/wp-content\/uploads\/2023\/12\/kiboTEK_retroid_pocket4_1-100x100.jpg 100w, https:\/\/www.kibotek.com\/wp-content\/uploads\/2023\/12\/kiboTEK_retroid_pocket4_1-32x32.jpg 32w\" sizes=\"auto, (max-width: 950px) 100vw, 950px\" \/> <img loading=\"lazy\" decoding=\"async\" class=\"alignleft wp-image-50677 size-full\" src=\"https:\/\/www.kibotek.com\/wp-content\/uploads\/2023\/12\/kiboTEK_retroid_pocket4_2.jpg\" alt=\"\" width=\"947\" height=\"945\" title=\"\" srcset=\"https:\/\/www.kibotek.com\/wp-content\/uploads\/2023\/12\/kiboTEK_retroid_pocket4_2.jpg 947w, https:\/\/www.kibotek.com\/wp-content\/uploads\/2023\/12\/kiboTEK_retroid_pocket4_2-430x429.jpg 430w, https:\/\/www.kibotek.com\/wp-content\/uploads\/2023\/12\/kiboTEK_retroid_pocket4_2-150x150.jpg 150w, https:\/\/www.kibotek.com\/wp-content\/uploads\/2023\/12\/kiboTEK_retroid_pocket4_2-700x699.jpg 700w, https:\/\/www.kibotek.com\/wp-content\/uploads\/2023\/12\/kiboTEK_retroid_pocket4_2-300x300.jpg 300w, https:\/\/www.kibotek.com\/wp-content\/uploads\/2023\/12\/kiboTEK_retroid_pocket4_2-768x766.jpg 768w, https:\/\/www.kibotek.com\/wp-content\/uploads\/2023\/12\/kiboTEK_retroid_pocket4_2-12x12.jpg 12w, https:\/\/www.kibotek.com\/wp-content\/uploads\/2023\/12\/kiboTEK_retroid_pocket4_2-50x50.jpg 50w, https:\/\/www.kibotek.com\/wp-content\/uploads\/2023\/12\/kiboTEK_retroid_pocket4_2-100x100.jpg 100w, https:\/\/www.kibotek.com\/wp-content\/uploads\/2023\/12\/kiboTEK_retroid_pocket4_2-32x32.jpg 32w\" sizes=\"auto, (max-width: 947px) 100vw, 947px\" \/> <img loading=\"lazy\" decoding=\"async\" class=\"alignleft wp-image-50678 size-full\" src=\"https:\/\/www.kibotek.com\/wp-content\/uploads\/2023\/12\/kiboTEK_retroid_pocket4_3.jpg\" alt=\"\" width=\"944\" height=\"939\" title=\"\" srcset=\"https:\/\/www.kibotek.com\/wp-content\/uploads\/2023\/12\/kiboTEK_retroid_pocket4_3.jpg 944w, https:\/\/www.kibotek.com\/wp-content\/uploads\/2023\/12\/kiboTEK_retroid_pocket4_3-430x428.jpg 430w, https:\/\/www.kibotek.com\/wp-content\/uploads\/2023\/12\/kiboTEK_retroid_pocket4_3-150x150.jpg 150w, https:\/\/www.kibotek.com\/wp-content\/uploads\/2023\/12\/kiboTEK_retroid_pocket4_3-700x696.jpg 700w, https:\/\/www.kibotek.com\/wp-content\/uploads\/2023\/12\/kiboTEK_retroid_pocket4_3-300x298.jpg 300w, https:\/\/www.kibotek.com\/wp-content\/uploads\/2023\/12\/kiboTEK_retroid_pocket4_3-768x764.jpg 768w, https:\/\/www.kibotek.com\/wp-content\/uploads\/2023\/12\/kiboTEK_retroid_pocket4_3-12x12.jpg 12w, https:\/\/www.kibotek.com\/wp-content\/uploads\/2023\/12\/kiboTEK_retroid_pocket4_3-50x50.jpg 50w, https:\/\/www.kibotek.com\/wp-content\/uploads\/2023\/12\/kiboTEK_retroid_pocket4_3-100x100.jpg 100w, https:\/\/www.kibotek.com\/wp-content\/uploads\/2023\/12\/kiboTEK_retroid_pocket4_3-32x32.jpg 32w\" sizes=\"auto, (max-width: 944px) 100vw, 944px\" \/> <img loading=\"lazy\" decoding=\"async\" class=\"alignleft wp-image-50679 size-full\" src=\"https:\/\/www.kibotek.com\/wp-content\/uploads\/2023\/12\/kiboTEK_retroid_pocket4_4.jpg\" alt=\"\" width=\"951\" height=\"949\" title=\"\" srcset=\"https:\/\/www.kibotek.com\/wp-content\/uploads\/2023\/12\/kiboTEK_retroid_pocket4_4.jpg 951w, https:\/\/www.kibotek.com\/wp-content\/uploads\/2023\/12\/kiboTEK_retroid_pocket4_4-430x429.jpg 430w, https:\/\/www.kibotek.com\/wp-content\/uploads\/2023\/12\/kiboTEK_retroid_pocket4_4-150x150.jpg 150w, https:\/\/www.kibotek.com\/wp-content\/uploads\/2023\/12\/kiboTEK_retroid_pocket4_4-700x699.jpg 700w, https:\/\/www.kibotek.com\/wp-content\/uploads\/2023\/12\/kiboTEK_retroid_pocket4_4-300x300.jpg 300w, https:\/\/www.kibotek.com\/wp-content\/uploads\/2023\/12\/kiboTEK_retroid_pocket4_4-768x766.jpg 768w, https:\/\/www.kibotek.com\/wp-content\/uploads\/2023\/12\/kiboTEK_retroid_pocket4_4-12x12.jpg 12w, https:\/\/www.kibotek.com\/wp-content\/uploads\/2023\/12\/kiboTEK_retroid_pocket4_4-50x50.jpg 50w, https:\/\/www.kibotek.com\/wp-content\/uploads\/2023\/12\/kiboTEK_retroid_pocket4_4-100x100.jpg 100w, https:\/\/www.kibotek.com\/wp-content\/uploads\/2023\/12\/kiboTEK_retroid_pocket4_4-32x32.jpg 32w\" sizes=\"auto, (max-width: 951px) 100vw, 951px\" \/> <img loading=\"lazy\" decoding=\"async\" class=\"alignleft wp-image-50680 size-full\" src=\"https:\/\/www.kibotek.com\/wp-content\/uploads\/2023\/12\/kiboTEK_retroid_pocket4_5.jpg\" alt=\"\" width=\"945\" height=\"947\" title=\"\" srcset=\"https:\/\/www.kibotek.com\/wp-content\/uploads\/2023\/12\/kiboTEK_retroid_pocket4_5.jpg 945w, https:\/\/www.kibotek.com\/wp-content\/uploads\/2023\/12\/kiboTEK_retroid_pocket4_5-430x431.jpg 430w, https:\/\/www.kibotek.com\/wp-content\/uploads\/2023\/12\/kiboTEK_retroid_pocket4_5-150x150.jpg 150w, https:\/\/www.kibotek.com\/wp-content\/uploads\/2023\/12\/kiboTEK_retroid_pocket4_5-700x701.jpg 700w, https:\/\/www.kibotek.com\/wp-content\/uploads\/2023\/12\/kiboTEK_retroid_pocket4_5-300x300.jpg 300w, https:\/\/www.kibotek.com\/wp-content\/uploads\/2023\/12\/kiboTEK_retroid_pocket4_5-768x770.jpg 768w, https:\/\/www.kibotek.com\/wp-content\/uploads\/2023\/12\/kiboTEK_retroid_pocket4_5-12x12.jpg 12w, https:\/\/www.kibotek.com\/wp-content\/uploads\/2023\/12\/kiboTEK_retroid_pocket4_5-50x50.jpg 50w, https:\/\/www.kibotek.com\/wp-content\/uploads\/2023\/12\/kiboTEK_retroid_pocket4_5-100x100.jpg 100w, https:\/\/www.kibotek.com\/wp-content\/uploads\/2023\/12\/kiboTEK_retroid_pocket4_5-32x32.jpg 32w\" sizes=\"auto, (max-width: 945px) 100vw, 945px\" \/> <img loading=\"lazy\" decoding=\"async\" class=\"alignleft wp-image-50681 size-full\" src=\"https:\/\/www.kibotek.com\/wp-content\/uploads\/2023\/12\/kiboTEK_retroid_pocket4_6.jpg\" alt=\"\" width=\"952\" height=\"950\" title=\"\" srcset=\"https:\/\/www.kibotek.com\/wp-content\/uploads\/2023\/12\/kiboTEK_retroid_pocket4_6.jpg 952w, https:\/\/www.kibotek.com\/wp-content\/uploads\/2023\/12\/kiboTEK_retroid_pocket4_6-430x429.jpg 430w, https:\/\/www.kibotek.com\/wp-content\/uploads\/2023\/12\/kiboTEK_retroid_pocket4_6-150x150.jpg 150w, https:\/\/www.kibotek.com\/wp-content\/uploads\/2023\/12\/kiboTEK_retroid_pocket4_6-700x699.jpg 700w, https:\/\/www.kibotek.com\/wp-content\/uploads\/2023\/12\/kiboTEK_retroid_pocket4_6-300x300.jpg 300w, https:\/\/www.kibotek.com\/wp-content\/uploads\/2023\/12\/kiboTEK_retroid_pocket4_6-768x766.jpg 768w, https:\/\/www.kibotek.com\/wp-content\/uploads\/2023\/12\/kiboTEK_retroid_pocket4_6-12x12.jpg 12w, https:\/\/www.kibotek.com\/wp-content\/uploads\/2023\/12\/kiboTEK_retroid_pocket4_6-50x50.jpg 50w, https:\/\/www.kibotek.com\/wp-content\/uploads\/2023\/12\/kiboTEK_retroid_pocket4_6-100x100.jpg 100w, https:\/\/www.kibotek.com\/wp-content\/uploads\/2023\/12\/kiboTEK_retroid_pocket4_6-32x32.jpg 32w\" sizes=\"auto, (max-width: 952px) 100vw, 952px\" \/> <img loading=\"lazy\" decoding=\"async\" class=\"alignleft wp-image-50683 size-full\" src=\"https:\/\/www.kibotek.com\/wp-content\/uploads\/2023\/12\/kiboTEK_retroid_pocket4_8.jpg\" alt=\"\" width=\"949\" height=\"950\" title=\"\" srcset=\"https:\/\/www.kibotek.com\/wp-content\/uploads\/2023\/12\/kiboTEK_retroid_pocket4_8.jpg 949w, https:\/\/www.kibotek.com\/wp-content\/uploads\/2023\/12\/kiboTEK_retroid_pocket4_8-430x430.jpg 430w, https:\/\/www.kibotek.com\/wp-content\/uploads\/2023\/12\/kiboTEK_retroid_pocket4_8-150x150.jpg 150w, https:\/\/www.kibotek.com\/wp-content\/uploads\/2023\/12\/kiboTEK_retroid_pocket4_8-700x701.jpg 700w, https:\/\/www.kibotek.com\/wp-content\/uploads\/2023\/12\/kiboTEK_retroid_pocket4_8-300x300.jpg 300w, https:\/\/www.kibotek.com\/wp-content\/uploads\/2023\/12\/kiboTEK_retroid_pocket4_8-768x769.jpg 768w, https:\/\/www.kibotek.com\/wp-content\/uploads\/2023\/12\/kiboTEK_retroid_pocket4_8-12x12.jpg 12w, https:\/\/www.kibotek.com\/wp-content\/uploads\/2023\/12\/kiboTEK_retroid_pocket4_8-50x50.jpg 50w, https:\/\/www.kibotek.com\/wp-content\/uploads\/2023\/12\/kiboTEK_retroid_pocket4_8-100x100.jpg 100w, https:\/\/www.kibotek.com\/wp-content\/uploads\/2023\/12\/kiboTEK_retroid_pocket4_8-32x32.jpg 32w\" sizes=\"auto, (max-width: 949px) 100vw, 949px\" \/> <img loading=\"lazy\" decoding=\"async\" class=\"alignleft wp-image-50684 size-full\" src=\"https:\/\/www.kibotek.com\/wp-content\/uploads\/2023\/12\/kiboTEK_retroid_pocket4_9.jpg\" alt=\"\" width=\"944\" height=\"948\" title=\"\" srcset=\"https:\/\/www.kibotek.com\/wp-content\/uploads\/2023\/12\/kiboTEK_retroid_pocket4_9.jpg 944w, https:\/\/www.kibotek.com\/wp-content\/uploads\/2023\/12\/kiboTEK_retroid_pocket4_9-430x432.jpg 430w, https:\/\/www.kibotek.com\/wp-content\/uploads\/2023\/12\/kiboTEK_retroid_pocket4_9-150x150.jpg 150w, https:\/\/www.kibotek.com\/wp-content\/uploads\/2023\/12\/kiboTEK_retroid_pocket4_9-700x703.jpg 700w, https:\/\/www.kibotek.com\/wp-content\/uploads\/2023\/12\/kiboTEK_retroid_pocket4_9-300x300.jpg 300w, https:\/\/www.kibotek.com\/wp-content\/uploads\/2023\/12\/kiboTEK_retroid_pocket4_9-768x771.jpg 768w, https:\/\/www.kibotek.com\/wp-content\/uploads\/2023\/12\/kiboTEK_retroid_pocket4_9-12x12.jpg 12w, https:\/\/www.kibotek.com\/wp-content\/uploads\/2023\/12\/kiboTEK_retroid_pocket4_9-50x50.jpg 50w, https:\/\/www.kibotek.com\/wp-content\/uploads\/2023\/12\/kiboTEK_retroid_pocket4_9-100x100.jpg 100w, https:\/\/www.kibotek.com\/wp-content\/uploads\/2023\/12\/kiboTEK_retroid_pocket4_9-32x32.jpg 32w\" sizes=\"auto, (max-width: 944px) 100vw, 944px\" \/> <img loading=\"lazy\" decoding=\"async\" class=\"alignleft wp-image-50682 size-full\" src=\"https:\/\/www.kibotek.com\/wp-content\/uploads\/2023\/12\/kiboTEK_retroid_pocket4_7.jpg\" alt=\"\" width=\"952\" height=\"944\" title=\"\" srcset=\"https:\/\/www.kibotek.com\/wp-content\/uploads\/2023\/12\/kiboTEK_retroid_pocket4_7.jpg 952w, https:\/\/www.kibotek.com\/wp-content\/uploads\/2023\/12\/kiboTEK_retroid_pocket4_7-430x426.jpg 430w, https:\/\/www.kibotek.com\/wp-content\/uploads\/2023\/12\/kiboTEK_retroid_pocket4_7-150x150.jpg 150w, https:\/\/www.kibotek.com\/wp-content\/uploads\/2023\/12\/kiboTEK_retroid_pocket4_7-700x694.jpg 700w, https:\/\/www.kibotek.com\/wp-content\/uploads\/2023\/12\/kiboTEK_retroid_pocket4_7-300x297.jpg 300w, https:\/\/www.kibotek.com\/wp-content\/uploads\/2023\/12\/kiboTEK_retroid_pocket4_7-768x762.jpg 768w, https:\/\/www.kibotek.com\/wp-content\/uploads\/2023\/12\/kiboTEK_retroid_pocket4_7-12x12.jpg 12w, https:\/\/www.kibotek.com\/wp-content\/uploads\/2023\/12\/kiboTEK_retroid_pocket4_7-50x50.jpg 50w, https:\/\/www.kibotek.com\/wp-content\/uploads\/2023\/12\/kiboTEK_retroid_pocket4_7-100x100.jpg 100w, https:\/\/www.kibotek.com\/wp-content\/uploads\/2023\/12\/kiboTEK_retroid_pocket4_7-32x32.jpg 32w\" sizes=\"auto, (max-width: 952px) 100vw, 952px\" \/><\/p>\n<p>Su kiboTEK puoi acquistare la console Android portatile retr\u00f2 Retroid Pocket 4 con la garanzia e la sicurezza del miglior negozio online di giochi retr\u00f2 in Spagna con spedizione in 24\/72 ore in tutta Europa.<\/p>","protected":false},"excerpt":{"rendered":"<p><strong><em>ACQUISTA ORA E RICEVI IN 24 ORE IN SPAGNA\ud83d\ude80<\/em><\/strong><\/p>\n<p><strong><em>ACQUISTA ORA E RICEVI IN 72 ORE IN EUROPA \ud83d\ude80<\/em><\/strong><\/p>\n<p><strong><em>PREZZO FINALE IVA COMPRESA<\/em><\/strong><\/p>\n<p><strong><em>GARANZIA EUROPEA<\/em><\/strong><\/p>\n<p><strong><em>FATTURA COMPLETA<\/em><\/strong><\/p>","protected":false},"featured_media":53172,"comment_status":"open","ping_status":"closed","template":"","meta":{"iawp_total_views":2503},"product_brand":[8168],"product_cat":[5514,7809,332],"product_tag":[7698,6771,7752,1794],"class_list":{"0":"post-50622","1":"product","2":"type-product","3":"status-publish","4":"has-post-thumbnail","6":"product_brand-retroidpocket","7":"product_cat-consolas-retro-gaming-arcade-bartop-pandora-box-anbernic-powkiddy","8":"product_cat-consolas-retro","9":"product_cat-comprar-los-mejores-moviles-mas-famosos","10":"product_tag-all","11":"product_tag-ofertas","12":"product_tag-presale","13":"product_tag-top10","15":"first","16":"outofstock","17":"sale","18":"featured","19":"taxable","20":"shipping-taxable","21":"purchasable","22":"product-type-variable","23":"has-default-attributes"},"supplier_id":null,"supplier_sku":"","barcode":null,"atum_controlled":true,"out_stock_date":null,"out_stock_threshold":null,"inheritable":true,"inbound_stock":null,"stock_on_hold":0,"sold_today":0,"sales_last_days":0,"reserved_stock":null,"customer_returns":null,"warehouse_damage":null,"lost_in_post":null,"other_logs":null,"out_stock_days":0,"lost_sales":0,"has_location":true,"update_date":"2026-05-06T21:04:11","atum_locations":[{"id":41,"name":"Bilbao","slug":"bilbao"}],"atum_stock_status":"outofstock","restock_status":false,"low_stock_amount":"","sales_update_date":"2026-04-29T00:00:54","calc_backorders":null,"_links":{"self":[{"href":"https:\/\/www.kibotek.com\/it\/wp-json\/wp\/v2\/product\/50622","targetHints":{"allow":["GET"]}}],"collection":[{"href":"https:\/\/www.kibotek.com\/it\/wp-json\/wp\/v2\/product"}],"about":[{"href":"https:\/\/www.kibotek.com\/it\/wp-json\/wp\/v2\/types\/product"}],"replies":[{"embeddable":true,"href":"https:\/\/www.kibotek.com\/it\/wp-json\/wp\/v2\/comments?post=50622"}],"version-history":[{"count":0,"href":"https:\/\/www.kibotek.com\/it\/wp-json\/wp\/v2\/product\/50622\/revisions"}],"wp:featuredmedia":[{"embeddable":true,"href":"https:\/\/www.kibotek.com\/it\/wp-json\/wp\/v2\/media\/53172"}],"wp:attachment":[{"href":"https:\/\/www.kibotek.com\/it\/wp-json\/wp\/v2\/media?parent=50622"}],"wp:term":[{"taxonomy":"product_brand","embeddable":true,"href":"https:\/\/www.kibotek.com\/it\/wp-json\/wp\/v2\/product_brand?post=50622"},{"taxonomy":"product_cat","embeddable":true,"href":"https:\/\/www.kibotek.com\/it\/wp-json\/wp\/v2\/product_cat?post=50622"},{"taxonomy":"product_tag","embeddable":true,"href":"https:\/\/www.kibotek.com\/it\/wp-json\/wp\/v2\/product_tag?post=50622"}],"curies":[{"name":"parola chiave","href":"https:\/\/api.w.org\/{rel}","templated":true}]}}