{"id":50135,"date":"2023-11-04T12:39:09","date_gmt":"2023-11-04T11:39:09","guid":{"rendered":"https:\/\/www.kibotek.com\/?post_type=product&#038;p=50135"},"modified":"2026-04-18T23:30:04","modified_gmt":"2026-04-18T21:30:04","slug":"ayn-odin2-base-pro-max-console-di-gioco-portatile-2","status":"publish","type":"product","link":"https:\/\/www.kibotek.com\/it\/kibostore\/ayn-odin2-base-pro-max-consola-portatil-gaming\/","title":{"rendered":"Console da gioco portatile AYN Odin 2 Base 8+128"},"content":{"rendered":"<p>Acquista la console da gioco portatile AYN Odin 2 Base con spedizione dalla Spagna in tutta Europa in 24\/72 ore e <strong>Garanzia europea.<\/strong><\/p>\n<ul>\n<li><strong><span style=\"color: #ff0000;\">REGALO IN VETRO TEMPERATO<\/span><\/strong><\/li>\n<li>Processore Qualcomm Snapdragon 8Gen 2<\/li>\n<li>8 core 3,2 Ghz<\/li>\n<li>GPU Adreno 740<\/li>\n<li>RAM 8GB LPDDR5X<\/li>\n<li>SSD di archiviazione 128GB UFS 4.0<\/li>\n<li>Schermo tattile LCD IPS da 6 pollici<\/li>\n<li>Rapporto 16:9 e 369ppi<\/li>\n<li>Risoluzione di 1080 \u00d7 1920 pixel FHD+<\/li>\n<li>Wi-Fi 2.4\/5G\/7<\/li>\n<li>Bluetooth 5.3<\/li>\n<li>Uscita HDMI<\/li>\n<li>Raffreddamento attivo<\/li>\n<li>Batteria da 8.000 mAh<\/li>\n<li>Ricarica rapida da 65 W<\/li>\n<li>Androide 13<\/li>\n<li>Peso 420 g<\/li>\n<li>Dimensioni di 225 x 98 x 17 mm<\/li>\n<\/ul>\n<p>Il prestigioso marchio di console portatili Ayntec ci presenta la seconda edizione di una delle console pi\u00f9 acclamate, l&#039;Odin 2.<\/p>\n<p>Dopo il successo travolgente della prima versione, ci presentano questa nuova console portatile retr\u00f2 che dispone di tre versioni a seconda della RAM e dello spazio di archiviazione. <strong>Non aspettare oltre e acquista il nuovo Odin 2 con la garanzia e la sicurezza del sito leader in Europa per le console retr\u00f2 portatili.<\/strong><\/p>\n<h3>Schermo Full HD Plus da 6 pollici<\/h3>\n<p>Per quanto riguarda lo schermo, troviamo un pannello LCD IPS da 6 pollici ovviamente touch. La console ha un&#039;estetica molto curata ed \u00e8 ergonomicamente perfetta per lunghe sessioni di gioco. La sua retroilluminazione a LED sui lati e sugli stick analogici della console non attira l&#039;attenzione. Per quanto riguarda lo schermo, abbiamo un pannello touch da 6 pollici <strong>Full HD pi\u00f9 1080 x 1920 pixel<\/strong>. Troviamo un pannello di alta qualit\u00e0 con una risoluzione perfetta per goderti i tuoi titoli preferiti.<\/p>\n<h3>Processore Qualcomm molto potente<\/h3>\n<p>Nella sala macchine, questo nuovo Odin 2 ha un processore molto interessante come il Qualcomm Snapdragon 8 di seconda generazione a 64 bit accompagnato da otto core con una velocit\u00e0 massima di 3,2 GHz. Il processore di questa console retr\u00f2 portatile Odin 2 \u00e8 accompagnato da tre diverse versioni di archiviazione. Il primo ci fornisce<strong> 8 GB di RAM e 128GB di memoria, il secondo arriva a 12 GB di RAM e 256 GB di memoria e l&#039;ultimo arriva fino a sedici gigabyte di ram ed ha 512 GB di memoria interna<\/strong>.<\/p>\n<p>Ovviamente la RAM \u00e8 di tipo LPDDR5X mentre lo storage \u00e8 UFS. In sintesi, ci troviamo di fronte a un processore molto interessante che funzioner\u00e0 ad alto livello in ognuna di queste tre versioni. Delizier\u00e0 anche la maggior parte dei giocatori poich\u00e9 troviamo un processore che si trova negli smartphone di fascia alta. Per quanto riguarda la GPU, non siamo da meno e godremo di una Adreno 740.<\/p>\n<h3>Batteria a solvente da 8.000 mAh<\/h3>\n<p>La batteria di questa incredibile console portatile raggiunge gli 8.000 mAh e ci fornisce un&#039;autonomia sufficiente per goderci lunghe sessioni di gioco. Come se ci\u00f2 non bastasse, abbiamo a <strong>Ricarica ultra rapida da 67 W<\/strong>.<\/p>\n<h3>Connessioni e connettivit\u00e0<\/h3>\n<p>In termini di connettivit\u00e0 che abbiamo <strong>Wi-Fi 2.4\/5G\/7 e Bluetooth 5.7.<\/strong> L&#039;interfaccia della console Odin 2 dispone di USB 3.1 tipo C, HDMI Mini e uscita audio per Jack da 3,5 mm.<\/p>\n<h3>Androide 13<\/h3>\n<p>Tutto questo sotto il sistema operativo Android 13 con il quale \u00e8 possibile personalizzare la console.<\/p>\n<p>Su kiboTEK puoi acquistare la console di gioco portatile AYN Odin 2 con la garanzia e la sicurezza del miglior negozio di giochi online in Spagna Europa.<\/p>\n<p>&nbsp;<\/p>\n<p><img loading=\"lazy\" decoding=\"async\" class=\"alignleft wp-image-50165 size-full\" src=\"https:\/\/www.kibotek.com\/wp-content\/uploads\/2023\/11\/kiboTEK_ayn_odin2_14.jpg\" alt=\"\" width=\"717\" height=\"475\" title=\"\" srcset=\"https:\/\/www.kibotek.com\/wp-content\/uploads\/2023\/11\/kiboTEK_ayn_odin2_14.jpg 717w, https:\/\/www.kibotek.com\/wp-content\/uploads\/2023\/11\/kiboTEK_ayn_odin2_14-430x285.jpg 430w, https:\/\/www.kibotek.com\/wp-content\/uploads\/2023\/11\/kiboTEK_ayn_odin2_14-150x99.jpg 150w, https:\/\/www.kibotek.com\/wp-content\/uploads\/2023\/11\/kiboTEK_ayn_odin2_14-700x464.jpg 700w, https:\/\/www.kibotek.com\/wp-content\/uploads\/2023\/11\/kiboTEK_ayn_odin2_14-300x199.jpg 300w, https:\/\/www.kibotek.com\/wp-content\/uploads\/2023\/11\/kiboTEK_ayn_odin2_14-18x12.jpg 18w\" sizes=\"auto, (max-width: 717px) 100vw, 717px\" \/> <img loading=\"lazy\" decoding=\"async\" class=\"alignleft wp-image-50166 size-full\" src=\"https:\/\/www.kibotek.com\/wp-content\/uploads\/2023\/11\/kiboTEK_ayn_odin2_15.jpg\" alt=\"\" width=\"715\" height=\"475\" title=\"\" srcset=\"https:\/\/www.kibotek.com\/wp-content\/uploads\/2023\/11\/kiboTEK_ayn_odin2_15.jpg 715w, https:\/\/www.kibotek.com\/wp-content\/uploads\/2023\/11\/kiboTEK_ayn_odin2_15-430x286.jpg 430w, https:\/\/www.kibotek.com\/wp-content\/uploads\/2023\/11\/kiboTEK_ayn_odin2_15-150x100.jpg 150w, https:\/\/www.kibotek.com\/wp-content\/uploads\/2023\/11\/kiboTEK_ayn_odin2_15-700x465.jpg 700w, https:\/\/www.kibotek.com\/wp-content\/uploads\/2023\/11\/kiboTEK_ayn_odin2_15-300x199.jpg 300w, https:\/\/www.kibotek.com\/wp-content\/uploads\/2023\/11\/kiboTEK_ayn_odin2_15-18x12.jpg 18w\" sizes=\"auto, (max-width: 715px) 100vw, 715px\" \/> <img loading=\"lazy\" decoding=\"async\" class=\"alignleft wp-image-50157 size-full\" src=\"https:\/\/www.kibotek.com\/wp-content\/uploads\/2023\/11\/kiboTEK_ayn_odin2_6.jpg\" alt=\"\" width=\"716\" height=\"476\" title=\"\" srcset=\"https:\/\/www.kibotek.com\/wp-content\/uploads\/2023\/11\/kiboTEK_ayn_odin2_6.jpg 716w, https:\/\/www.kibotek.com\/wp-content\/uploads\/2023\/11\/kiboTEK_ayn_odin2_6-430x286.jpg 430w, https:\/\/www.kibotek.com\/wp-content\/uploads\/2023\/11\/kiboTEK_ayn_odin2_6-150x100.jpg 150w, https:\/\/www.kibotek.com\/wp-content\/uploads\/2023\/11\/kiboTEK_ayn_odin2_6-700x465.jpg 700w, https:\/\/www.kibotek.com\/wp-content\/uploads\/2023\/11\/kiboTEK_ayn_odin2_6-300x199.jpg 300w, https:\/\/www.kibotek.com\/wp-content\/uploads\/2023\/11\/kiboTEK_ayn_odin2_6-18x12.jpg 18w\" sizes=\"auto, (max-width: 716px) 100vw, 716px\" \/> <img loading=\"lazy\" decoding=\"async\" class=\"alignleft wp-image-50153 size-full\" src=\"https:\/\/www.kibotek.com\/wp-content\/uploads\/2023\/11\/kiboTEK_ayn_odin2_2.jpg\" alt=\"\" width=\"715\" height=\"474\" title=\"\" srcset=\"https:\/\/www.kibotek.com\/wp-content\/uploads\/2023\/11\/kiboTEK_ayn_odin2_2.jpg 715w, https:\/\/www.kibotek.com\/wp-content\/uploads\/2023\/11\/kiboTEK_ayn_odin2_2-430x285.jpg 430w, https:\/\/www.kibotek.com\/wp-content\/uploads\/2023\/11\/kiboTEK_ayn_odin2_2-150x99.jpg 150w, https:\/\/www.kibotek.com\/wp-content\/uploads\/2023\/11\/kiboTEK_ayn_odin2_2-700x464.jpg 700w, https:\/\/www.kibotek.com\/wp-content\/uploads\/2023\/11\/kiboTEK_ayn_odin2_2-300x199.jpg 300w, https:\/\/www.kibotek.com\/wp-content\/uploads\/2023\/11\/kiboTEK_ayn_odin2_2-18x12.jpg 18w\" sizes=\"auto, (max-width: 715px) 100vw, 715px\" \/> <img loading=\"lazy\" decoding=\"async\" class=\"alignleft wp-image-50155 size-full\" src=\"https:\/\/www.kibotek.com\/wp-content\/uploads\/2023\/11\/kiboTEK_ayn_odin2_4.jpg\" alt=\"\" width=\"716\" height=\"474\" title=\"\" srcset=\"https:\/\/www.kibotek.com\/wp-content\/uploads\/2023\/11\/kiboTEK_ayn_odin2_4.jpg 716w, https:\/\/www.kibotek.com\/wp-content\/uploads\/2023\/11\/kiboTEK_ayn_odin2_4-430x285.jpg 430w, https:\/\/www.kibotek.com\/wp-content\/uploads\/2023\/11\/kiboTEK_ayn_odin2_4-150x99.jpg 150w, https:\/\/www.kibotek.com\/wp-content\/uploads\/2023\/11\/kiboTEK_ayn_odin2_4-700x463.jpg 700w, https:\/\/www.kibotek.com\/wp-content\/uploads\/2023\/11\/kiboTEK_ayn_odin2_4-300x199.jpg 300w, https:\/\/www.kibotek.com\/wp-content\/uploads\/2023\/11\/kiboTEK_ayn_odin2_4-18x12.jpg 18w\" sizes=\"auto, (max-width: 716px) 100vw, 716px\" \/> <img loading=\"lazy\" decoding=\"async\" class=\"alignleft wp-image-50163 size-full\" src=\"https:\/\/www.kibotek.com\/wp-content\/uploads\/2023\/11\/kiboTEK_ayn_odin2_12.jpg\" alt=\"\" width=\"714\" height=\"475\" title=\"\" srcset=\"https:\/\/www.kibotek.com\/wp-content\/uploads\/2023\/11\/kiboTEK_ayn_odin2_12.jpg 714w, https:\/\/www.kibotek.com\/wp-content\/uploads\/2023\/11\/kiboTEK_ayn_odin2_12-430x286.jpg 430w, https:\/\/www.kibotek.com\/wp-content\/uploads\/2023\/11\/kiboTEK_ayn_odin2_12-150x100.jpg 150w, https:\/\/www.kibotek.com\/wp-content\/uploads\/2023\/11\/kiboTEK_ayn_odin2_12-700x466.jpg 700w, https:\/\/www.kibotek.com\/wp-content\/uploads\/2023\/11\/kiboTEK_ayn_odin2_12-300x200.jpg 300w, https:\/\/www.kibotek.com\/wp-content\/uploads\/2023\/11\/kiboTEK_ayn_odin2_12-18x12.jpg 18w\" sizes=\"auto, (max-width: 714px) 100vw, 714px\" \/> <img loading=\"lazy\" decoding=\"async\" class=\"alignleft wp-image-50158 size-full\" src=\"https:\/\/www.kibotek.com\/wp-content\/uploads\/2023\/11\/kiboTEK_ayn_odin2_7.jpg\" alt=\"\" width=\"716\" height=\"475\" title=\"\" srcset=\"https:\/\/www.kibotek.com\/wp-content\/uploads\/2023\/11\/kiboTEK_ayn_odin2_7.jpg 716w, https:\/\/www.kibotek.com\/wp-content\/uploads\/2023\/11\/kiboTEK_ayn_odin2_7-430x285.jpg 430w, https:\/\/www.kibotek.com\/wp-content\/uploads\/2023\/11\/kiboTEK_ayn_odin2_7-150x100.jpg 150w, https:\/\/www.kibotek.com\/wp-content\/uploads\/2023\/11\/kiboTEK_ayn_odin2_7-700x464.jpg 700w, https:\/\/www.kibotek.com\/wp-content\/uploads\/2023\/11\/kiboTEK_ayn_odin2_7-300x199.jpg 300w, https:\/\/www.kibotek.com\/wp-content\/uploads\/2023\/11\/kiboTEK_ayn_odin2_7-18x12.jpg 18w\" sizes=\"auto, (max-width: 716px) 100vw, 716px\" \/> <img loading=\"lazy\" decoding=\"async\" class=\"alignleft wp-image-50160 size-full\" src=\"https:\/\/www.kibotek.com\/wp-content\/uploads\/2023\/11\/kiboTEK_ayn_odin2_9.jpg\" alt=\"\" width=\"717\" height=\"476\" title=\"\" srcset=\"https:\/\/www.kibotek.com\/wp-content\/uploads\/2023\/11\/kiboTEK_ayn_odin2_9.jpg 717w, https:\/\/www.kibotek.com\/wp-content\/uploads\/2023\/11\/kiboTEK_ayn_odin2_9-430x285.jpg 430w, https:\/\/www.kibotek.com\/wp-content\/uploads\/2023\/11\/kiboTEK_ayn_odin2_9-150x100.jpg 150w, https:\/\/www.kibotek.com\/wp-content\/uploads\/2023\/11\/kiboTEK_ayn_odin2_9-700x465.jpg 700w, https:\/\/www.kibotek.com\/wp-content\/uploads\/2023\/11\/kiboTEK_ayn_odin2_9-300x199.jpg 300w, https:\/\/www.kibotek.com\/wp-content\/uploads\/2023\/11\/kiboTEK_ayn_odin2_9-18x12.jpg 18w\" sizes=\"auto, (max-width: 717px) 100vw, 717px\" \/> <img loading=\"lazy\" decoding=\"async\" class=\"alignleft wp-image-50164 size-full\" src=\"https:\/\/www.kibotek.com\/wp-content\/uploads\/2023\/11\/kiboTEK_ayn_odin2_13.jpg\" alt=\"\" width=\"715\" height=\"934\" title=\"\" srcset=\"https:\/\/www.kibotek.com\/wp-content\/uploads\/2023\/11\/kiboTEK_ayn_odin2_13.jpg 715w, https:\/\/www.kibotek.com\/wp-content\/uploads\/2023\/11\/kiboTEK_ayn_odin2_13-430x562.jpg 430w, https:\/\/www.kibotek.com\/wp-content\/uploads\/2023\/11\/kiboTEK_ayn_odin2_13-150x196.jpg 150w, https:\/\/www.kibotek.com\/wp-content\/uploads\/2023\/11\/kiboTEK_ayn_odin2_13-700x914.jpg 700w, https:\/\/www.kibotek.com\/wp-content\/uploads\/2023\/11\/kiboTEK_ayn_odin2_13-230x300.jpg 230w, https:\/\/www.kibotek.com\/wp-content\/uploads\/2023\/11\/kiboTEK_ayn_odin2_13-9x12.jpg 9w\" sizes=\"auto, (max-width: 715px) 100vw, 715px\" \/> <img loading=\"lazy\" decoding=\"async\" class=\"alignleft wp-image-50162 size-full\" src=\"https:\/\/www.kibotek.com\/wp-content\/uploads\/2023\/11\/kiboTEK_ayn_odin2_11.jpg\" alt=\"\" width=\"714\" height=\"896\" title=\"\" srcset=\"https:\/\/www.kibotek.com\/wp-content\/uploads\/2023\/11\/kiboTEK_ayn_odin2_11.jpg 714w, https:\/\/www.kibotek.com\/wp-content\/uploads\/2023\/11\/kiboTEK_ayn_odin2_11-430x540.jpg 430w, https:\/\/www.kibotek.com\/wp-content\/uploads\/2023\/11\/kiboTEK_ayn_odin2_11-150x188.jpg 150w, https:\/\/www.kibotek.com\/wp-content\/uploads\/2023\/11\/kiboTEK_ayn_odin2_11-700x878.jpg 700w, https:\/\/www.kibotek.com\/wp-content\/uploads\/2023\/11\/kiboTEK_ayn_odin2_11-239x300.jpg 239w, https:\/\/www.kibotek.com\/wp-content\/uploads\/2023\/11\/kiboTEK_ayn_odin2_11-10x12.jpg 10w\" sizes=\"auto, (max-width: 714px) 100vw, 714px\" \/><\/p>","protected":false},"excerpt":{"rendered":"<p>&nbsp;<\/p>\n<p><strong><em>ACQUISTA ORA E RICEVI IN 24 ORE IN SPAGNA\ud83d\ude80<\/em><\/strong><\/p>\n<p><strong><em>ACQUISTA ORA E RICEVI IN 72 ORE IN EUROPA \ud83d\ude80<\/em><\/strong><\/p>\n<p><strong><em>PREZZO FINALE IVA COMPRESA<\/em><\/strong><\/p>\n<p><strong><em>GARANZIA EUROPEA<\/em><\/strong><\/p>\n<p><strong><em>FATTURA COMPLETA<\/em><\/strong><\/p>","protected":false},"featured_media":52869,"comment_status":"open","ping_status":"closed","template":"","meta":{"iawp_total_views":361},"product_brand":[8140],"product_cat":[7809,5514],"product_tag":[7752,1794],"class_list":{"0":"post-50135","1":"product","2":"type-product","3":"status-publish","4":"has-post-thumbnail","6":"product_brand-comprar-consola-gaming-ayn","7":"product_cat-consolas-retro","8":"product_cat-consolas-retro-gaming-arcade-bartop-pandora-box-anbernic-powkiddy","9":"product_tag-presale","10":"product_tag-top10","12":"first","13":"outofstock","14":"sale","15":"taxable","16":"shipping-taxable","17":"purchasable","18":"product-type-variable","19":"has-default-attributes"},"supplier_id":null,"supplier_sku":"","barcode":null,"atum_controlled":true,"out_stock_date":null,"out_stock_threshold":null,"inheritable":true,"inbound_stock":null,"stock_on_hold":0,"sold_today":0,"sales_last_days":0,"reserved_stock":null,"customer_returns":null,"warehouse_damage":null,"lost_in_post":null,"other_logs":null,"out_stock_days":0,"lost_sales":0,"has_location":true,"update_date":"2026-04-18T21:29:42","atum_locations":[{"id":41,"name":"Bilbao","slug":"bilbao"}],"atum_stock_status":"outofstock","restock_status":false,"low_stock_amount":"","sales_update_date":"2026-04-17T05:01:48","calc_backorders":null,"_links":{"self":[{"href":"https:\/\/www.kibotek.com\/it\/wp-json\/wp\/v2\/product\/50135","targetHints":{"allow":["GET"]}}],"collection":[{"href":"https:\/\/www.kibotek.com\/it\/wp-json\/wp\/v2\/product"}],"about":[{"href":"https:\/\/www.kibotek.com\/it\/wp-json\/wp\/v2\/types\/product"}],"replies":[{"embeddable":true,"href":"https:\/\/www.kibotek.com\/it\/wp-json\/wp\/v2\/comments?post=50135"}],"version-history":[{"count":0,"href":"https:\/\/www.kibotek.com\/it\/wp-json\/wp\/v2\/product\/50135\/revisions"}],"wp:featuredmedia":[{"embeddable":true,"href":"https:\/\/www.kibotek.com\/it\/wp-json\/wp\/v2\/media\/52869"}],"wp:attachment":[{"href":"https:\/\/www.kibotek.com\/it\/wp-json\/wp\/v2\/media?parent=50135"}],"wp:term":[{"taxonomy":"product_brand","embeddable":true,"href":"https:\/\/www.kibotek.com\/it\/wp-json\/wp\/v2\/product_brand?post=50135"},{"taxonomy":"product_cat","embeddable":true,"href":"https:\/\/www.kibotek.com\/it\/wp-json\/wp\/v2\/product_cat?post=50135"},{"taxonomy":"product_tag","embeddable":true,"href":"https:\/\/www.kibotek.com\/it\/wp-json\/wp\/v2\/product_tag?post=50135"}],"curies":[{"name":"parola chiave","href":"https:\/\/api.w.org\/{rel}","templated":true}]}}