{"id":48978,"date":"2023-07-06T19:09:54","date_gmt":"2023-07-06T17:09:54","guid":{"rendered":"https:\/\/www.kibotek.com\/?post_type=product&#038;p=48978"},"modified":"2026-05-08T23:10:48","modified_gmt":"2026-05-08T21:10:48","slug":"xiaomi-pad-6-8gb-256gb","status":"publish","type":"product","link":"https:\/\/www.kibotek.com\/it\/kibostore\/xiaomi-pad-6-8gb-256gb\/","title":{"rendered":"Xiaomi Pad 6 8GB\/256GB"},"content":{"rendered":"<p>Comprare <a href=\"https:\/\/www.kibotek.com\/it\/brand\/acquista-il-meglio-di-xiaomi\/\">Xiaomi<\/a> Pad 6 8GB\/256GB con spedizione dalla Spagna in tutta Europa in 24\/72h e due anni di garanzia.<\/p>\n<ul>\n<li>Schermo LCD IPS da 11&quot;<\/li>\n<li>Frequenza di aggiornamento 144Hz<\/li>\n<li>Risoluzione 2880 x 1800 2.8K con proporzioni 16:10<\/li>\n<li>Vetro Corning\u00ae Gorilla\u00ae 3<\/li>\n<li>Processore Qualcomm Snapdragon 870<\/li>\n<li>8 GB di RAM LPDDR4x e 256 GB di memoria UFS 3.1<\/li>\n<li>Batteria da 8.840 mAh, con ricarica rapida da 33W<\/li>\n<li>Sensore di impronte digitali<\/li>\n<li>Fotocamera da 13MP<\/li>\n<li>Suono Dolby Atmos con 4 altoparlanti<\/li>\n<li>WiFi6, BT 5.1, GPS, Glonass<\/li>\n<li>Dimensioni 253,9 x 165,1 x 6,51 mm<\/li>\n<li>Peso 490gr<\/li>\n<li>Sistema operativo MIUI 14 FOR PAD, basato su sistema operativo Android 13<\/li>\n<\/ul>\n<h3>Concorso per Apple, arriva la regina dei tablet<\/h3>\n<p>Xiaomi presenta il suo nuovo Tablet, il Pad 6. Un assistente intelligente ed efficiente che non ti deluder\u00e0 in nessun aspetto, arriva a competere direttamente con Apple ed era ora.<\/p>\n<h3>Schermo da 11\u2033 con risoluzione 2880 x 1800 px WQHD+<\/h3>\n<p>Abbiamo un ampio schermo ultra nitido da 11 pollici con risoluzione 2.8K (WQHD+) e supporto per HDR 10+. Senti tutti i contenuti che vedi con i suoi fino a un miliardo di colori. IL<strong> la frequenza di aggiornamento di questo pannello \u00e8 di 144 Hz con Dolby Vision<\/strong> e un contrasto di 1400: 1. Questa frequenza di aggiornamento elevata ci offre una visione fluida, movimenti coerenti e dettagli come non li hai mai visti. Questo schermo \u00e8 inoltre dotato di un&#039;efficiente protezione per gli occhi, certificata da T\u00dcV Rheinland.<\/p>\n<p>D&#039;altra parte, lo schermo include l&#039;esclusivo <strong>True Tone True Color<\/strong>, che consiste nell&#039;avere sensori a doppia luce anteriori e posteriori per regolare automaticamente lo schermo con la migliore luminosit\u00e0 e temperatura del colore.<\/p>\n<h3>Suono surround<\/h3>\n<p>Inoltre, i 4 altoparlanti che circondano questo tablet non vi lasceranno indifferenti. Suono surround con bassi alti, brillanti e sciolti. Il tuo audio \u00e8 compatibile con <strong>Dolby Panorama<\/strong> creando effetti sonori spaziali immersivi ...<\/p>\n<h3>Un processore Qualcomm per dominare la bestia<\/h3>\n<p>In questa occasione i ragazzi di Xiaomi hanno voluto dotare questo tablet del processore <strong>Qualcomm Snapdragon<\/strong> <strong>870,<\/strong> un processore di fascia alta prodotto in 7 nanometri, con 8 core che funzionano a una velocit\u00e0 massima di 2,96 GhZ <strong>con prestazioni spettacolari. <\/strong><\/p>\n<p>Un processore che non ti deluder\u00e0 n\u00e9 per l&#039;intrattenimento audiovisivo, n\u00e9 per lo spostamento di giochi su larga scala, n\u00e9 per la velocit\u00e0 quando si tratta di spostare i file poich\u00e9 ha prestazioni brillanti e un consumo energetico molto basso.<\/p>\n<h3>Batteria per affrontare la giornata senza problemi<\/h3>\n<p>In questo tablet troviamo uno spettacolare <strong>Batteria da 8840 milliampere<\/strong> con una carica rapida di 33 watt, che assicurer\u00e0 che non restiamo bloccati in qualsiasi momento.<\/p>\n<p>Per quanto riguarda la connettivit\u00e0 <strong>non c&#039;\u00e8 nemmeno il nuovo Wi-Fi 6<\/strong>\u00a0e doppio sblocco facciale, per rendere il tuo dispositivo un castello inespugnabile.<\/p>\n<p>Come accessori avremo anche a disposizione per acquistare uno spettacolare<strong> stilo di seconda generazione e una custodia per tastiera fisica.<\/strong><\/p>\n<p>Su kiboTEK puoi acquistare lo Xiaomi Pad 6 8GB\/256GB con la garanzia e la sicurezza del miglior negozio Xiaomi in Spagna Europa.<\/p>\n<p><img loading=\"lazy\" decoding=\"async\" class=\"alignleft wp-image-48986 size-large\" src=\"https:\/\/www.kibotek.com\/wp-content\/uploads\/2023\/07\/kiboTEK_xiaomi_pad_6_002-1024x471.jpg\" alt=\"\" width=\"1024\" height=\"471\" title=\"\" srcset=\"https:\/\/www.kibotek.com\/wp-content\/uploads\/2023\/07\/kiboTEK_xiaomi_pad_6_002-1024x471.jpg 1024w, https:\/\/www.kibotek.com\/wp-content\/uploads\/2023\/07\/kiboTEK_xiaomi_pad_6_002-430x198.jpg 430w, https:\/\/www.kibotek.com\/wp-content\/uploads\/2023\/07\/kiboTEK_xiaomi_pad_6_002-150x69.jpg 150w, https:\/\/www.kibotek.com\/wp-content\/uploads\/2023\/07\/kiboTEK_xiaomi_pad_6_002-700x322.jpg 700w, https:\/\/www.kibotek.com\/wp-content\/uploads\/2023\/07\/kiboTEK_xiaomi_pad_6_002-300x138.jpg 300w, https:\/\/www.kibotek.com\/wp-content\/uploads\/2023\/07\/kiboTEK_xiaomi_pad_6_002-768x353.jpg 768w, https:\/\/www.kibotek.com\/wp-content\/uploads\/2023\/07\/kiboTEK_xiaomi_pad_6_002-1536x707.jpg 1536w, https:\/\/www.kibotek.com\/wp-content\/uploads\/2023\/07\/kiboTEK_xiaomi_pad_6_002-18x8.jpg 18w, https:\/\/www.kibotek.com\/wp-content\/uploads\/2023\/07\/kiboTEK_xiaomi_pad_6_002.jpg 1806w\" sizes=\"auto, (max-width: 1024px) 100vw, 1024px\" \/> <img loading=\"lazy\" decoding=\"async\" class=\"alignleft wp-image-48990 size-large\" src=\"https:\/\/www.kibotek.com\/wp-content\/uploads\/2023\/07\/kiboTEK_xiaomi_pad_6_006-1024x496.jpg\" alt=\"\" width=\"1024\" height=\"496\" title=\"\" srcset=\"https:\/\/www.kibotek.com\/wp-content\/uploads\/2023\/07\/kiboTEK_xiaomi_pad_6_006-1024x496.jpg 1024w, https:\/\/www.kibotek.com\/wp-content\/uploads\/2023\/07\/kiboTEK_xiaomi_pad_6_006-430x208.jpg 430w, https:\/\/www.kibotek.com\/wp-content\/uploads\/2023\/07\/kiboTEK_xiaomi_pad_6_006-150x73.jpg 150w, https:\/\/www.kibotek.com\/wp-content\/uploads\/2023\/07\/kiboTEK_xiaomi_pad_6_006-700x339.jpg 700w, https:\/\/www.kibotek.com\/wp-content\/uploads\/2023\/07\/kiboTEK_xiaomi_pad_6_006-300x145.jpg 300w, https:\/\/www.kibotek.com\/wp-content\/uploads\/2023\/07\/kiboTEK_xiaomi_pad_6_006-768x372.jpg 768w, https:\/\/www.kibotek.com\/wp-content\/uploads\/2023\/07\/kiboTEK_xiaomi_pad_6_006-1536x744.jpg 1536w, https:\/\/www.kibotek.com\/wp-content\/uploads\/2023\/07\/kiboTEK_xiaomi_pad_6_006-18x9.jpg 18w, https:\/\/www.kibotek.com\/wp-content\/uploads\/2023\/07\/kiboTEK_xiaomi_pad_6_006.jpg 1710w\" sizes=\"auto, (max-width: 1024px) 100vw, 1024px\" \/> <img loading=\"lazy\" decoding=\"async\" class=\"alignleft wp-image-48991 size-large\" src=\"https:\/\/www.kibotek.com\/wp-content\/uploads\/2023\/07\/kiboTEK_xiaomi_pad_6_007-1024x460.jpg\" alt=\"\" width=\"1024\" height=\"460\" title=\"\" srcset=\"https:\/\/www.kibotek.com\/wp-content\/uploads\/2023\/07\/kiboTEK_xiaomi_pad_6_007-1024x460.jpg 1024w, https:\/\/www.kibotek.com\/wp-content\/uploads\/2023\/07\/kiboTEK_xiaomi_pad_6_007-430x193.jpg 430w, https:\/\/www.kibotek.com\/wp-content\/uploads\/2023\/07\/kiboTEK_xiaomi_pad_6_007-150x67.jpg 150w, https:\/\/www.kibotek.com\/wp-content\/uploads\/2023\/07\/kiboTEK_xiaomi_pad_6_007-700x314.jpg 700w, https:\/\/www.kibotek.com\/wp-content\/uploads\/2023\/07\/kiboTEK_xiaomi_pad_6_007-300x135.jpg 300w, https:\/\/www.kibotek.com\/wp-content\/uploads\/2023\/07\/kiboTEK_xiaomi_pad_6_007-768x345.jpg 768w, https:\/\/www.kibotek.com\/wp-content\/uploads\/2023\/07\/kiboTEK_xiaomi_pad_6_007-1536x690.jpg 1536w, https:\/\/www.kibotek.com\/wp-content\/uploads\/2023\/07\/kiboTEK_xiaomi_pad_6_007-18x8.jpg 18w, https:\/\/www.kibotek.com\/wp-content\/uploads\/2023\/07\/kiboTEK_xiaomi_pad_6_007.jpg 1814w\" sizes=\"auto, (max-width: 1024px) 100vw, 1024px\" \/> <img loading=\"lazy\" decoding=\"async\" class=\"alignleft wp-image-48992 size-large\" src=\"https:\/\/www.kibotek.com\/wp-content\/uploads\/2023\/07\/kiboTEK_xiaomi_pad_6_008-1024x475.jpg\" alt=\"\" width=\"1024\" height=\"475\" title=\"\" srcset=\"https:\/\/www.kibotek.com\/wp-content\/uploads\/2023\/07\/kiboTEK_xiaomi_pad_6_008-1024x475.jpg 1024w, https:\/\/www.kibotek.com\/wp-content\/uploads\/2023\/07\/kiboTEK_xiaomi_pad_6_008-430x199.jpg 430w, https:\/\/www.kibotek.com\/wp-content\/uploads\/2023\/07\/kiboTEK_xiaomi_pad_6_008-150x70.jpg 150w, https:\/\/www.kibotek.com\/wp-content\/uploads\/2023\/07\/kiboTEK_xiaomi_pad_6_008-700x325.jpg 700w, https:\/\/www.kibotek.com\/wp-content\/uploads\/2023\/07\/kiboTEK_xiaomi_pad_6_008-300x139.jpg 300w, https:\/\/www.kibotek.com\/wp-content\/uploads\/2023\/07\/kiboTEK_xiaomi_pad_6_008-768x356.jpg 768w, https:\/\/www.kibotek.com\/wp-content\/uploads\/2023\/07\/kiboTEK_xiaomi_pad_6_008-1536x712.jpg 1536w, https:\/\/www.kibotek.com\/wp-content\/uploads\/2023\/07\/kiboTEK_xiaomi_pad_6_008-18x8.jpg 18w, https:\/\/www.kibotek.com\/wp-content\/uploads\/2023\/07\/kiboTEK_xiaomi_pad_6_008.jpg 1652w\" sizes=\"auto, (max-width: 1024px) 100vw, 1024px\" \/> <img loading=\"lazy\" decoding=\"async\" class=\"alignleft wp-image-48993 size-large\" src=\"https:\/\/www.kibotek.com\/wp-content\/uploads\/2023\/07\/kiboTEK_xiaomi_pad_6_009-1024x503.jpg\" alt=\"\" width=\"1024\" height=\"503\" title=\"\" srcset=\"https:\/\/www.kibotek.com\/wp-content\/uploads\/2023\/07\/kiboTEK_xiaomi_pad_6_009-1024x503.jpg 1024w, https:\/\/www.kibotek.com\/wp-content\/uploads\/2023\/07\/kiboTEK_xiaomi_pad_6_009-430x211.jpg 430w, https:\/\/www.kibotek.com\/wp-content\/uploads\/2023\/07\/kiboTEK_xiaomi_pad_6_009-150x74.jpg 150w, https:\/\/www.kibotek.com\/wp-content\/uploads\/2023\/07\/kiboTEK_xiaomi_pad_6_009-700x344.jpg 700w, https:\/\/www.kibotek.com\/wp-content\/uploads\/2023\/07\/kiboTEK_xiaomi_pad_6_009-300x147.jpg 300w, https:\/\/www.kibotek.com\/wp-content\/uploads\/2023\/07\/kiboTEK_xiaomi_pad_6_009-768x377.jpg 768w, https:\/\/www.kibotek.com\/wp-content\/uploads\/2023\/07\/kiboTEK_xiaomi_pad_6_009-1536x754.jpg 1536w, https:\/\/www.kibotek.com\/wp-content\/uploads\/2023\/07\/kiboTEK_xiaomi_pad_6_009-18x9.jpg 18w, https:\/\/www.kibotek.com\/wp-content\/uploads\/2023\/07\/kiboTEK_xiaomi_pad_6_009.jpg 1809w\" sizes=\"auto, (max-width: 1024px) 100vw, 1024px\" \/> <img loading=\"lazy\" decoding=\"async\" class=\"alignleft wp-image-48994 size-large\" src=\"https:\/\/www.kibotek.com\/wp-content\/uploads\/2023\/07\/kiboTEK_xiaomi_pad_6_010-1024x484.jpg\" alt=\"\" width=\"1024\" height=\"484\" title=\"\" srcset=\"https:\/\/www.kibotek.com\/wp-content\/uploads\/2023\/07\/kiboTEK_xiaomi_pad_6_010-1024x484.jpg 1024w, https:\/\/www.kibotek.com\/wp-content\/uploads\/2023\/07\/kiboTEK_xiaomi_pad_6_010-430x203.jpg 430w, https:\/\/www.kibotek.com\/wp-content\/uploads\/2023\/07\/kiboTEK_xiaomi_pad_6_010-150x71.jpg 150w, https:\/\/www.kibotek.com\/wp-content\/uploads\/2023\/07\/kiboTEK_xiaomi_pad_6_010-700x331.jpg 700w, https:\/\/www.kibotek.com\/wp-content\/uploads\/2023\/07\/kiboTEK_xiaomi_pad_6_010-300x142.jpg 300w, https:\/\/www.kibotek.com\/wp-content\/uploads\/2023\/07\/kiboTEK_xiaomi_pad_6_010-768x363.jpg 768w, https:\/\/www.kibotek.com\/wp-content\/uploads\/2023\/07\/kiboTEK_xiaomi_pad_6_010-1536x726.jpg 1536w, https:\/\/www.kibotek.com\/wp-content\/uploads\/2023\/07\/kiboTEK_xiaomi_pad_6_010-18x9.jpg 18w, https:\/\/www.kibotek.com\/wp-content\/uploads\/2023\/07\/kiboTEK_xiaomi_pad_6_010.jpg 1781w\" sizes=\"auto, (max-width: 1024px) 100vw, 1024px\" \/> <img loading=\"lazy\" decoding=\"async\" class=\"alignleft wp-image-48995 size-large\" src=\"https:\/\/www.kibotek.com\/wp-content\/uploads\/2023\/07\/kiboTEK_xiaomi_pad_6_011-1024x495.jpg\" alt=\"\" width=\"1024\" height=\"495\" title=\"\" srcset=\"https:\/\/www.kibotek.com\/wp-content\/uploads\/2023\/07\/kiboTEK_xiaomi_pad_6_011-1024x495.jpg 1024w, https:\/\/www.kibotek.com\/wp-content\/uploads\/2023\/07\/kiboTEK_xiaomi_pad_6_011-430x208.jpg 430w, https:\/\/www.kibotek.com\/wp-content\/uploads\/2023\/07\/kiboTEK_xiaomi_pad_6_011-150x73.jpg 150w, https:\/\/www.kibotek.com\/wp-content\/uploads\/2023\/07\/kiboTEK_xiaomi_pad_6_011-700x339.jpg 700w, https:\/\/www.kibotek.com\/wp-content\/uploads\/2023\/07\/kiboTEK_xiaomi_pad_6_011-300x145.jpg 300w, https:\/\/www.kibotek.com\/wp-content\/uploads\/2023\/07\/kiboTEK_xiaomi_pad_6_011-768x371.jpg 768w, https:\/\/www.kibotek.com\/wp-content\/uploads\/2023\/07\/kiboTEK_xiaomi_pad_6_011-1536x743.jpg 1536w, https:\/\/www.kibotek.com\/wp-content\/uploads\/2023\/07\/kiboTEK_xiaomi_pad_6_011-18x9.jpg 18w, https:\/\/www.kibotek.com\/wp-content\/uploads\/2023\/07\/kiboTEK_xiaomi_pad_6_011.jpg 1772w\" sizes=\"auto, (max-width: 1024px) 100vw, 1024px\" \/> <img loading=\"lazy\" decoding=\"async\" class=\"alignleft wp-image-48996 size-large\" src=\"https:\/\/www.kibotek.com\/wp-content\/uploads\/2023\/07\/kiboTEK_xiaomi_pad_6_012-1024x457.jpg\" alt=\"\" width=\"1024\" height=\"457\" title=\"\" srcset=\"https:\/\/www.kibotek.com\/wp-content\/uploads\/2023\/07\/kiboTEK_xiaomi_pad_6_012-1024x457.jpg 1024w, https:\/\/www.kibotek.com\/wp-content\/uploads\/2023\/07\/kiboTEK_xiaomi_pad_6_012-430x192.jpg 430w, https:\/\/www.kibotek.com\/wp-content\/uploads\/2023\/07\/kiboTEK_xiaomi_pad_6_012-150x67.jpg 150w, https:\/\/www.kibotek.com\/wp-content\/uploads\/2023\/07\/kiboTEK_xiaomi_pad_6_012-700x312.jpg 700w, https:\/\/www.kibotek.com\/wp-content\/uploads\/2023\/07\/kiboTEK_xiaomi_pad_6_012-300x134.jpg 300w, https:\/\/www.kibotek.com\/wp-content\/uploads\/2023\/07\/kiboTEK_xiaomi_pad_6_012-768x342.jpg 768w, https:\/\/www.kibotek.com\/wp-content\/uploads\/2023\/07\/kiboTEK_xiaomi_pad_6_012-1536x685.jpg 1536w, https:\/\/www.kibotek.com\/wp-content\/uploads\/2023\/07\/kiboTEK_xiaomi_pad_6_012-18x8.jpg 18w, https:\/\/www.kibotek.com\/wp-content\/uploads\/2023\/07\/kiboTEK_xiaomi_pad_6_012.jpg 1785w\" sizes=\"auto, (max-width: 1024px) 100vw, 1024px\" \/> <img loading=\"lazy\" decoding=\"async\" class=\"alignleft wp-image-48997 size-large\" src=\"https:\/\/www.kibotek.com\/wp-content\/uploads\/2023\/07\/kiboTEK_xiaomi_pad_6_013-1024x408.jpg\" alt=\"\" width=\"1024\" height=\"408\" title=\"\" srcset=\"https:\/\/www.kibotek.com\/wp-content\/uploads\/2023\/07\/kiboTEK_xiaomi_pad_6_013-1024x408.jpg 1024w, https:\/\/www.kibotek.com\/wp-content\/uploads\/2023\/07\/kiboTEK_xiaomi_pad_6_013-430x171.jpg 430w, https:\/\/www.kibotek.com\/wp-content\/uploads\/2023\/07\/kiboTEK_xiaomi_pad_6_013-150x60.jpg 150w, https:\/\/www.kibotek.com\/wp-content\/uploads\/2023\/07\/kiboTEK_xiaomi_pad_6_013-700x279.jpg 700w, https:\/\/www.kibotek.com\/wp-content\/uploads\/2023\/07\/kiboTEK_xiaomi_pad_6_013-300x120.jpg 300w, https:\/\/www.kibotek.com\/wp-content\/uploads\/2023\/07\/kiboTEK_xiaomi_pad_6_013-768x306.jpg 768w, https:\/\/www.kibotek.com\/wp-content\/uploads\/2023\/07\/kiboTEK_xiaomi_pad_6_013-1536x612.jpg 1536w, https:\/\/www.kibotek.com\/wp-content\/uploads\/2023\/07\/kiboTEK_xiaomi_pad_6_013-18x7.jpg 18w, https:\/\/www.kibotek.com\/wp-content\/uploads\/2023\/07\/kiboTEK_xiaomi_pad_6_013.jpg 1805w\" sizes=\"auto, (max-width: 1024px) 100vw, 1024px\" \/> <img loading=\"lazy\" decoding=\"async\" class=\"alignleft wp-image-48998 size-large\" src=\"https:\/\/www.kibotek.com\/wp-content\/uploads\/2023\/07\/kiboTEK_xiaomi_pad_6_014-1024x381.jpg\" alt=\"\" width=\"1024\" height=\"381\" title=\"\" srcset=\"https:\/\/www.kibotek.com\/wp-content\/uploads\/2023\/07\/kiboTEK_xiaomi_pad_6_014-1024x381.jpg 1024w, https:\/\/www.kibotek.com\/wp-content\/uploads\/2023\/07\/kiboTEK_xiaomi_pad_6_014-430x160.jpg 430w, https:\/\/www.kibotek.com\/wp-content\/uploads\/2023\/07\/kiboTEK_xiaomi_pad_6_014-150x56.jpg 150w, https:\/\/www.kibotek.com\/wp-content\/uploads\/2023\/07\/kiboTEK_xiaomi_pad_6_014-700x260.jpg 700w, https:\/\/www.kibotek.com\/wp-content\/uploads\/2023\/07\/kiboTEK_xiaomi_pad_6_014-300x112.jpg 300w, https:\/\/www.kibotek.com\/wp-content\/uploads\/2023\/07\/kiboTEK_xiaomi_pad_6_014-768x286.jpg 768w, https:\/\/www.kibotek.com\/wp-content\/uploads\/2023\/07\/kiboTEK_xiaomi_pad_6_014-1536x571.jpg 1536w, https:\/\/www.kibotek.com\/wp-content\/uploads\/2023\/07\/kiboTEK_xiaomi_pad_6_014-18x7.jpg 18w, https:\/\/www.kibotek.com\/wp-content\/uploads\/2023\/07\/kiboTEK_xiaomi_pad_6_014.jpg 1805w\" sizes=\"auto, (max-width: 1024px) 100vw, 1024px\" \/> <img loading=\"lazy\" decoding=\"async\" class=\"alignleft wp-image-48999 size-large\" src=\"https:\/\/www.kibotek.com\/wp-content\/uploads\/2023\/07\/kiboTEK_xiaomi_pad_6_015-1024x475.jpg\" alt=\"\" width=\"1024\" height=\"475\" title=\"\" srcset=\"https:\/\/www.kibotek.com\/wp-content\/uploads\/2023\/07\/kiboTEK_xiaomi_pad_6_015-1024x475.jpg 1024w, https:\/\/www.kibotek.com\/wp-content\/uploads\/2023\/07\/kiboTEK_xiaomi_pad_6_015-430x199.jpg 430w, https:\/\/www.kibotek.com\/wp-content\/uploads\/2023\/07\/kiboTEK_xiaomi_pad_6_015-150x70.jpg 150w, https:\/\/www.kibotek.com\/wp-content\/uploads\/2023\/07\/kiboTEK_xiaomi_pad_6_015-700x324.jpg 700w, https:\/\/www.kibotek.com\/wp-content\/uploads\/2023\/07\/kiboTEK_xiaomi_pad_6_015-300x139.jpg 300w, https:\/\/www.kibotek.com\/wp-content\/uploads\/2023\/07\/kiboTEK_xiaomi_pad_6_015-768x356.jpg 768w, https:\/\/www.kibotek.com\/wp-content\/uploads\/2023\/07\/kiboTEK_xiaomi_pad_6_015-1536x712.jpg 1536w, https:\/\/www.kibotek.com\/wp-content\/uploads\/2023\/07\/kiboTEK_xiaomi_pad_6_015-18x8.jpg 18w, https:\/\/www.kibotek.com\/wp-content\/uploads\/2023\/07\/kiboTEK_xiaomi_pad_6_015.jpg 1713w\" sizes=\"auto, (max-width: 1024px) 100vw, 1024px\" \/> <img loading=\"lazy\" decoding=\"async\" class=\"alignleft wp-image-48989 size-large\" src=\"https:\/\/www.kibotek.com\/wp-content\/uploads\/2023\/07\/kiboTEK_xiaomi_pad_6_005-1024x361.jpg\" alt=\"\" width=\"1024\" height=\"361\" title=\"\" srcset=\"https:\/\/www.kibotek.com\/wp-content\/uploads\/2023\/07\/kiboTEK_xiaomi_pad_6_005-1024x361.jpg 1024w, https:\/\/www.kibotek.com\/wp-content\/uploads\/2023\/07\/kiboTEK_xiaomi_pad_6_005-430x152.jpg 430w, https:\/\/www.kibotek.com\/wp-content\/uploads\/2023\/07\/kiboTEK_xiaomi_pad_6_005-150x53.jpg 150w, https:\/\/www.kibotek.com\/wp-content\/uploads\/2023\/07\/kiboTEK_xiaomi_pad_6_005-700x247.jpg 700w, https:\/\/www.kibotek.com\/wp-content\/uploads\/2023\/07\/kiboTEK_xiaomi_pad_6_005-300x106.jpg 300w, https:\/\/www.kibotek.com\/wp-content\/uploads\/2023\/07\/kiboTEK_xiaomi_pad_6_005-768x271.jpg 768w, https:\/\/www.kibotek.com\/wp-content\/uploads\/2023\/07\/kiboTEK_xiaomi_pad_6_005-1536x542.jpg 1536w, https:\/\/www.kibotek.com\/wp-content\/uploads\/2023\/07\/kiboTEK_xiaomi_pad_6_005-18x6.jpg 18w, https:\/\/www.kibotek.com\/wp-content\/uploads\/2023\/07\/kiboTEK_xiaomi_pad_6_005.jpg 1778w\" sizes=\"auto, (max-width: 1024px) 100vw, 1024px\" \/><\/p>","protected":false},"excerpt":{"rendered":"<div class=\"woocommerce-product-details__short-description\">\n<p><strong><em>ACQUISTA ORA E RICEVI IN 24 ORE IN PENISOLA \ud83d\ude80<\/em><\/strong><\/p>\n<p><strong><em>ACQUISTA ORA E RICEVI IN 72 ORE IN EUROPA \ud83d\ude80<\/em><\/strong><\/p>\n<p><strong><em>3 ANNI DI GARANZIA UFFICIALE \u2699\ufe0f<\/em><\/strong><\/p>\n<\/div>","protected":false},"featured_media":48987,"comment_status":"open","ping_status":"closed","template":"","meta":{"iawp_total_views":170},"product_brand":[8155],"product_cat":[79,78,332,7076,7912],"product_tag":[7698],"class_list":{"0":"post-48978","1":"product","2":"type-product","3":"status-publish","4":"has-post-thumbnail","6":"product_brand-comprar-lo-mejor-de-xiaomi","7":"product_cat-comprar-los-mejores-moviles","8":"product_cat-comprar-los-mejores-moviles-de-gama-flagship","9":"product_cat-comprar-los-mejores-moviles-mas-famosos","10":"product_cat-informatica","11":"product_cat-tablets-xiaomi","12":"product_tag-all","13":"pa_otros-wlan-8x8-mimo","14":"pa_procesador-qualcomm-snapdragon-870","15":"pa_sistema-operativo-sistema-operativo-miui-14-for-pad-basado-en-android-13-os","17":"first","18":"outofstock","19":"taxable","20":"shipping-taxable","21":"purchasable","22":"product-type-variable","23":"has-default-attributes"},"supplier_id":null,"supplier_sku":"","barcode":null,"atum_controlled":true,"out_stock_date":null,"out_stock_threshold":null,"inheritable":true,"inbound_stock":null,"stock_on_hold":0,"sold_today":0,"sales_last_days":0,"reserved_stock":null,"customer_returns":null,"warehouse_damage":null,"lost_in_post":null,"other_logs":null,"out_stock_days":0,"lost_sales":0,"has_location":true,"update_date":"2026-05-08T21:10:40","atum_locations":[{"id":41,"name":"Bilbao","slug":"bilbao"}],"atum_stock_status":"outofstock","restock_status":false,"low_stock_amount":"","sales_update_date":"2026-04-29T00:01:00","calc_backorders":null,"_links":{"self":[{"href":"https:\/\/www.kibotek.com\/it\/wp-json\/wp\/v2\/product\/48978","targetHints":{"allow":["GET"]}}],"collection":[{"href":"https:\/\/www.kibotek.com\/it\/wp-json\/wp\/v2\/product"}],"about":[{"href":"https:\/\/www.kibotek.com\/it\/wp-json\/wp\/v2\/types\/product"}],"replies":[{"embeddable":true,"href":"https:\/\/www.kibotek.com\/it\/wp-json\/wp\/v2\/comments?post=48978"}],"version-history":[{"count":0,"href":"https:\/\/www.kibotek.com\/it\/wp-json\/wp\/v2\/product\/48978\/revisions"}],"wp:featuredmedia":[{"embeddable":true,"href":"https:\/\/www.kibotek.com\/it\/wp-json\/wp\/v2\/media\/48987"}],"wp:attachment":[{"href":"https:\/\/www.kibotek.com\/it\/wp-json\/wp\/v2\/media?parent=48978"}],"wp:term":[{"taxonomy":"product_brand","embeddable":true,"href":"https:\/\/www.kibotek.com\/it\/wp-json\/wp\/v2\/product_brand?post=48978"},{"taxonomy":"product_cat","embeddable":true,"href":"https:\/\/www.kibotek.com\/it\/wp-json\/wp\/v2\/product_cat?post=48978"},{"taxonomy":"product_tag","embeddable":true,"href":"https:\/\/www.kibotek.com\/it\/wp-json\/wp\/v2\/product_tag?post=48978"}],"curies":[{"name":"parola chiave","href":"https:\/\/api.w.org\/{rel}","templated":true}]}}