{"id":48865,"date":"2023-06-21T12:51:31","date_gmt":"2023-06-21T10:51:31","guid":{"rendered":"https:\/\/www.kibotek.com\/?post_type=product&#038;p=48865"},"modified":"2026-04-19T23:21:41","modified_gmt":"2026-04-19T21:21:41","slug":"cavo-usb-compatibile-cool-lightning-per-iphone-ipad-1-2-metri-bianco-3","status":"publish","type":"product","link":"https:\/\/www.kibotek.com\/it\/kibostore\/xiaomi-original-cable-mi-type-c-to-lightning-cable-1m\/","title":{"rendered":"Cavo Xiaomi originale Cavo da Mi Type-C a Lightning 1m"},"content":{"rendered":"<p>Comprar Cable Xiaomi original Cable Mi Type-C to Lightning Cable 1m\u00a0con env\u00edo desde Espa\u00f1a a toda Europa en 24\/72h y 3 a\u00f1os de garant\u00eda oficial.<\/p>\n<ul>\n<li>USB Tipo C a Lilghting MFI<\/li>\n<li>18 W<\/li>\n<li>1 metro<\/li>\n<li>Colore bianco<\/li>\n<\/ul>\n<h2><strong>Cable Xiaomi USB Tipo C<\/strong><\/h2>\n<p>Llega el cable de Xiaomi, USB a Lighting Tipo C, con el que podr\u00e1s conectar tus dispositivos Apple a t\u00fa ordenador. Con Mi Type-C, podr\u00e1s conectar t\u00fa dispositivo Apple, Iphone, Ipad o Ipod, al puerto USB de tu ordenador, de una manera f\u00e1cil y c\u00f3moda con el cable de Xiaomi.<\/p>\n<p>El dise\u00f1o del cable de Xiaomi es en color blanco. Lo podr\u00e1s adaptar a todas las circunstancias que necesites, ya que mide hasta 1 metro, ofreciendo as\u00ed facilidad de conexi\u00f3n, y que no te origine problemas de alcance.<\/p>\n<p>Mi Type-C USB, se trata de un modelo de gran potencia, con capacidad de transmisi\u00f3n de 18 W, de alta calidad.<\/p>\n<p>En kiboTEK puedes comprar el Cable Cable Mi Type-C to Lightning Cable 1m con la garant\u00eda y seguridad de la mejor tienda Xiaomi en Espa\u00f1a Europa.<\/p>\n<p><img loading=\"lazy\" decoding=\"async\" class=\"alignleft wp-image-48866 size-full\" src=\"https:\/\/www.kibotek.com\/wp-content\/uploads\/2023\/06\/kiboTEK_xiaomi_tipo_c_lightning_002.jpg\" alt=\"\" width=\"600\" height=\"600\" title=\"\" srcset=\"https:\/\/www.kibotek.com\/wp-content\/uploads\/2023\/06\/kiboTEK_xiaomi_tipo_c_lightning_002.jpg 600w, https:\/\/www.kibotek.com\/wp-content\/uploads\/2023\/06\/kiboTEK_xiaomi_tipo_c_lightning_002-430x430.jpg 430w, https:\/\/www.kibotek.com\/wp-content\/uploads\/2023\/06\/kiboTEK_xiaomi_tipo_c_lightning_002-150x150.jpg 150w, https:\/\/www.kibotek.com\/wp-content\/uploads\/2023\/06\/kiboTEK_xiaomi_tipo_c_lightning_002-300x300.jpg 300w, https:\/\/www.kibotek.com\/wp-content\/uploads\/2023\/06\/kiboTEK_xiaomi_tipo_c_lightning_002-12x12.jpg 12w, https:\/\/www.kibotek.com\/wp-content\/uploads\/2023\/06\/kiboTEK_xiaomi_tipo_c_lightning_002-50x50.jpg 50w, https:\/\/www.kibotek.com\/wp-content\/uploads\/2023\/06\/kiboTEK_xiaomi_tipo_c_lightning_002-100x100.jpg 100w, https:\/\/www.kibotek.com\/wp-content\/uploads\/2023\/06\/kiboTEK_xiaomi_tipo_c_lightning_002-32x32.jpg 32w\" sizes=\"auto, (max-width: 600px) 100vw, 600px\" \/> <img loading=\"lazy\" decoding=\"async\" class=\"alignleft wp-image-48867 size-full\" src=\"https:\/\/www.kibotek.com\/wp-content\/uploads\/2023\/06\/kiboTEK_xiaomi_tipo_c_lightning_003.jpg\" alt=\"\" width=\"600\" height=\"600\" title=\"\" srcset=\"https:\/\/www.kibotek.com\/wp-content\/uploads\/2023\/06\/kiboTEK_xiaomi_tipo_c_lightning_003.jpg 600w, https:\/\/www.kibotek.com\/wp-content\/uploads\/2023\/06\/kiboTEK_xiaomi_tipo_c_lightning_003-430x430.jpg 430w, https:\/\/www.kibotek.com\/wp-content\/uploads\/2023\/06\/kiboTEK_xiaomi_tipo_c_lightning_003-150x150.jpg 150w, https:\/\/www.kibotek.com\/wp-content\/uploads\/2023\/06\/kiboTEK_xiaomi_tipo_c_lightning_003-300x300.jpg 300w, https:\/\/www.kibotek.com\/wp-content\/uploads\/2023\/06\/kiboTEK_xiaomi_tipo_c_lightning_003-12x12.jpg 12w, https:\/\/www.kibotek.com\/wp-content\/uploads\/2023\/06\/kiboTEK_xiaomi_tipo_c_lightning_003-50x50.jpg 50w, https:\/\/www.kibotek.com\/wp-content\/uploads\/2023\/06\/kiboTEK_xiaomi_tipo_c_lightning_003-100x100.jpg 100w, https:\/\/www.kibotek.com\/wp-content\/uploads\/2023\/06\/kiboTEK_xiaomi_tipo_c_lightning_003-32x32.jpg 32w\" sizes=\"auto, (max-width: 600px) 100vw, 600px\" \/> <img loading=\"lazy\" decoding=\"async\" class=\"alignleft wp-image-48868 size-full\" src=\"https:\/\/www.kibotek.com\/wp-content\/uploads\/2023\/06\/kiboTEK_xiaomi_tipo_c_lightning_001.jpg\" alt=\"\" width=\"600\" height=\"600\" title=\"\" srcset=\"https:\/\/www.kibotek.com\/wp-content\/uploads\/2023\/06\/kiboTEK_xiaomi_tipo_c_lightning_001.jpg 600w, https:\/\/www.kibotek.com\/wp-content\/uploads\/2023\/06\/kiboTEK_xiaomi_tipo_c_lightning_001-430x430.jpg 430w, https:\/\/www.kibotek.com\/wp-content\/uploads\/2023\/06\/kiboTEK_xiaomi_tipo_c_lightning_001-150x150.jpg 150w, https:\/\/www.kibotek.com\/wp-content\/uploads\/2023\/06\/kiboTEK_xiaomi_tipo_c_lightning_001-300x300.jpg 300w, https:\/\/www.kibotek.com\/wp-content\/uploads\/2023\/06\/kiboTEK_xiaomi_tipo_c_lightning_001-12x12.jpg 12w, https:\/\/www.kibotek.com\/wp-content\/uploads\/2023\/06\/kiboTEK_xiaomi_tipo_c_lightning_001-50x50.jpg 50w, https:\/\/www.kibotek.com\/wp-content\/uploads\/2023\/06\/kiboTEK_xiaomi_tipo_c_lightning_001-100x100.jpg 100w, https:\/\/www.kibotek.com\/wp-content\/uploads\/2023\/06\/kiboTEK_xiaomi_tipo_c_lightning_001-32x32.jpg 32w\" sizes=\"auto, (max-width: 600px) 100vw, 600px\" \/><\/p>","protected":false},"excerpt":{"rendered":"<p><strong><em>ACQUISTA ORA E RICEVI IN 24H IN SPAGNA \ud83d\ude80<\/em><\/strong><\/p>\n<p><strong><em>ACQUISTA ORA E RICEVI IN 72 ORE IN EUROPA \ud83d\ude80<\/em><\/strong><\/p>","protected":false},"featured_media":48868,"comment_status":"open","ping_status":"closed","template":"","meta":{"iawp_total_views":18},"product_brand":[8155],"product_cat":[5524],"product_tag":[],"class_list":{"0":"post-48865","1":"product","2":"type-product","3":"status-publish","4":"has-post-thumbnail","6":"product_brand-comprar-lo-mejor-de-xiaomi","7":"product_cat-comprar-accesorios-cargador-inalambrico-tipoc-xiaomi-realme","9":"first","10":"outofstock","11":"sale","12":"taxable","13":"shipping-taxable","14":"purchasable","15":"product-type-simple"},"supplier_id":null,"supplier_sku":"","barcode":null,"atum_controlled":true,"out_stock_date":"2025-03-29 11:27:14","out_stock_threshold":null,"inheritable":false,"inbound_stock":null,"stock_on_hold":0,"sold_today":0,"sales_last_days":0,"reserved_stock":null,"customer_returns":null,"warehouse_damage":null,"lost_in_post":null,"other_logs":null,"out_stock_days":383,"lost_sales":0,"has_location":false,"update_date":"2026-04-19T21:21:42","atum_locations":[],"atum_stock_status":"outofstock","restock_status":false,"low_stock_amount":"","sales_update_date":"2026-04-17T05:01:53","calc_backorders":null,"_links":{"self":[{"href":"https:\/\/www.kibotek.com\/it\/wp-json\/wp\/v2\/product\/48865","targetHints":{"allow":["GET"]}}],"collection":[{"href":"https:\/\/www.kibotek.com\/it\/wp-json\/wp\/v2\/product"}],"about":[{"href":"https:\/\/www.kibotek.com\/it\/wp-json\/wp\/v2\/types\/product"}],"replies":[{"embeddable":true,"href":"https:\/\/www.kibotek.com\/it\/wp-json\/wp\/v2\/comments?post=48865"}],"version-history":[{"count":0,"href":"https:\/\/www.kibotek.com\/it\/wp-json\/wp\/v2\/product\/48865\/revisions"}],"wp:featuredmedia":[{"embeddable":true,"href":"https:\/\/www.kibotek.com\/it\/wp-json\/wp\/v2\/media\/48868"}],"wp:attachment":[{"href":"https:\/\/www.kibotek.com\/it\/wp-json\/wp\/v2\/media?parent=48865"}],"wp:term":[{"taxonomy":"product_brand","embeddable":true,"href":"https:\/\/www.kibotek.com\/it\/wp-json\/wp\/v2\/product_brand?post=48865"},{"taxonomy":"product_cat","embeddable":true,"href":"https:\/\/www.kibotek.com\/it\/wp-json\/wp\/v2\/product_cat?post=48865"},{"taxonomy":"product_tag","embeddable":true,"href":"https:\/\/www.kibotek.com\/it\/wp-json\/wp\/v2\/product_tag?post=48865"}],"curies":[{"name":"parola chiave","href":"https:\/\/api.w.org\/{rel}","templated":true}]}}