{"id":48740,"date":"2023-06-10T11:31:31","date_gmt":"2023-06-10T09:31:31","guid":{"rendered":"https:\/\/www.kibotek.com\/?post_type=product&#038;p=48740"},"modified":"2026-04-18T23:34:43","modified_gmt":"2026-04-18T21:34:43","slug":"ayn-loki-16gb-256gb-console-portable-gaming","status":"publish","type":"product","link":"https:\/\/www.kibotek.com\/it\/kibostore\/ayn-loki-16gb-256gb-consola-portatil-gaming\/","title":{"rendered":"Console di gioco portatile AYN Loki 16GB\/256GB"},"content":{"rendered":"<p>Acquista AYN Loki 16GB\/256GB Console da gioco portatile con spedizione dalla Spagna in tutta Europa in 24\/72 ore e <strong>Garanzia europea.<\/strong><\/p>\n<ul>\n<li>Processore AMD Zen3+ 6600U 6nm<\/li>\n<li>GPU AMD RDNA2 Radeon 660M<\/li>\n<li>RAM LPDDR5 16GB<\/li>\n<li>SSD di archiviazione 256GB<\/li>\n<li>Schermo tattile LCD IPS da 6 pollici<\/li>\n<li>Rapporto 16:9 e 369ppi<\/li>\n<li>Risoluzione di 1080 \u00d7 1920 pixel FHD+<\/li>\n<li>Trigger analogici del sensore Hall<\/li>\n<li>suono stereo<\/li>\n<li>Wi-Fi 2.4\/5G\/6E<\/li>\n<li>Bluetooth 5.2<\/li>\n<li>usb4.0<\/li>\n<li>Uscita HDMI<\/li>\n<li>Giroscopio<\/li>\n<li>Jack da 3,5 mm<\/li>\n<li>Led RGB<\/li>\n<li>Batteria da 46,2 Wh<\/li>\n<li>Ubuntu\/Finestre 10<\/li>\n<\/ul>\n<h3>\u00c8 arrivato Steam Killer<\/h3>\n<p>Presentiamo questa meravigliosa console portatile per giocatori con un rapporto qualit\u00e0-prezzo spettacolare. Il nuovo AYN Loki \u00e8 una console portatile con Windows 10 e a <strong>processore di fascia alta<\/strong> per poter godere dei titoli pi\u00f9 esigenti sul mercato.<\/p>\n<h3>Schermo Full HD Plus da 6 pollici<\/h3>\n<p>La console ha un&#039;estetica molto attenta ed ergonomicamente perfetta per lunghe sessioni di gioco. La sua retroilluminazione a LED sui lati e sugli stick analogici della console non attira l&#039;attenzione. Per quanto riguarda lo schermo abbiamo un pannello touch da 6 pollici <strong>Full HD pi\u00f9 1080 x 1920 pixel<\/strong>. Troviamo un pannello di alta qualit\u00e0 con una risoluzione perfetta per goderti i tuoi titoli preferiti.<\/p>\n<h3>Processore potente e veloce<\/h3>\n<p>La console di gioco portatile Loki ha un processore di fascia alta come l&#039;AMM Zen3+ 6600U 6nm. Senza dubbio, siamo davanti a una delle console pi\u00f9 potenti oggi sul mercato grazie a questa bestia di processore. Questo processore ha otto core e raggiunge una velocit\u00e0 di clock di 2,8 GHz, d&#039;altra parte \u00e8 accompagnato da una GPU AMD RDNA2 Radeon 660M pi\u00f9 che solvente.<\/p>\n<p>Nella sezione di archiviazione abbiamo<strong> 16 RAM GB<\/strong> LPDDR4X mentre abbiamo <strong>Memoria 256GB<\/strong> espandibile tramite scheda di memoria.<\/p>\n<h3>Batteria a solvente da 6.000 mAh<\/h3>\n<p>La batteria di questa incredibile console portatile raggiunge i 6.000 mAh e ci fornisce un&#039;autonomia sufficiente per goderci lunghe sessioni di gioco.<\/p>\n<h3>Connessioni e connettivit\u00e0<\/h3>\n<p>In termini di connettivit\u00e0 che abbiamo <strong>Wi-Fi 2.4\/5G e Bluetooth 5.2.<\/strong> L&#039;interfaccia della console Loki dispone di USB 4.0 tipo C, HDMI Mini e uscita audio per jack da 3,5 mm.<\/p>\n<h3>Con Windows 10<\/h3>\n<p>Tutto questo sotto il sistema operativo Windows 10 con il quale \u00e8 possibile personalizzare la console.<\/p>\n<p><img loading=\"lazy\" decoding=\"async\" class=\"alignleft wp-image-48710 size-full\" src=\"https:\/\/www.kibotek.com\/wp-content\/uploads\/2023\/06\/kiboTEK_ayn_loki_001.jpg\" alt=\"\" width=\"949\" height=\"672\" title=\"\" srcset=\"https:\/\/www.kibotek.com\/wp-content\/uploads\/2023\/06\/kiboTEK_ayn_loki_001.jpg 949w, https:\/\/www.kibotek.com\/wp-content\/uploads\/2023\/06\/kiboTEK_ayn_loki_001-430x304.jpg 430w, https:\/\/www.kibotek.com\/wp-content\/uploads\/2023\/06\/kiboTEK_ayn_loki_001-150x106.jpg 150w, https:\/\/www.kibotek.com\/wp-content\/uploads\/2023\/06\/kiboTEK_ayn_loki_001-700x496.jpg 700w, https:\/\/www.kibotek.com\/wp-content\/uploads\/2023\/06\/kiboTEK_ayn_loki_001-300x212.jpg 300w, https:\/\/www.kibotek.com\/wp-content\/uploads\/2023\/06\/kiboTEK_ayn_loki_001-768x544.jpg 768w, https:\/\/www.kibotek.com\/wp-content\/uploads\/2023\/06\/kiboTEK_ayn_loki_001-18x12.jpg 18w\" sizes=\"auto, (max-width: 949px) 100vw, 949px\" \/> <img loading=\"lazy\" decoding=\"async\" class=\"alignleft wp-image-48713 size-full\" src=\"https:\/\/www.kibotek.com\/wp-content\/uploads\/2023\/06\/kiboTEK_ayn_loki_004.jpg\" alt=\"\" width=\"951\" height=\"548\" title=\"\" srcset=\"https:\/\/www.kibotek.com\/wp-content\/uploads\/2023\/06\/kiboTEK_ayn_loki_004.jpg 951w, https:\/\/www.kibotek.com\/wp-content\/uploads\/2023\/06\/kiboTEK_ayn_loki_004-430x248.jpg 430w, https:\/\/www.kibotek.com\/wp-content\/uploads\/2023\/06\/kiboTEK_ayn_loki_004-150x86.jpg 150w, https:\/\/www.kibotek.com\/wp-content\/uploads\/2023\/06\/kiboTEK_ayn_loki_004-700x403.jpg 700w, https:\/\/www.kibotek.com\/wp-content\/uploads\/2023\/06\/kiboTEK_ayn_loki_004-300x173.jpg 300w, https:\/\/www.kibotek.com\/wp-content\/uploads\/2023\/06\/kiboTEK_ayn_loki_004-768x443.jpg 768w, https:\/\/www.kibotek.com\/wp-content\/uploads\/2023\/06\/kiboTEK_ayn_loki_004-18x10.jpg 18w\" sizes=\"auto, (max-width: 951px) 100vw, 951px\" \/> <img loading=\"lazy\" decoding=\"async\" class=\"alignleft wp-image-48714 size-full\" src=\"https:\/\/www.kibotek.com\/wp-content\/uploads\/2023\/06\/kiboTEK_ayn_loki_005.jpg\" alt=\"\" width=\"956\" height=\"551\" title=\"\" srcset=\"https:\/\/www.kibotek.com\/wp-content\/uploads\/2023\/06\/kiboTEK_ayn_loki_005.jpg 956w, https:\/\/www.kibotek.com\/wp-content\/uploads\/2023\/06\/kiboTEK_ayn_loki_005-430x248.jpg 430w, https:\/\/www.kibotek.com\/wp-content\/uploads\/2023\/06\/kiboTEK_ayn_loki_005-150x86.jpg 150w, https:\/\/www.kibotek.com\/wp-content\/uploads\/2023\/06\/kiboTEK_ayn_loki_005-700x403.jpg 700w, https:\/\/www.kibotek.com\/wp-content\/uploads\/2023\/06\/kiboTEK_ayn_loki_005-300x173.jpg 300w, https:\/\/www.kibotek.com\/wp-content\/uploads\/2023\/06\/kiboTEK_ayn_loki_005-768x443.jpg 768w, https:\/\/www.kibotek.com\/wp-content\/uploads\/2023\/06\/kiboTEK_ayn_loki_005-18x10.jpg 18w\" sizes=\"auto, (max-width: 956px) 100vw, 956px\" \/> <img loading=\"lazy\" decoding=\"async\" class=\"alignleft wp-image-48716 size-full\" src=\"https:\/\/www.kibotek.com\/wp-content\/uploads\/2023\/06\/kiboTEK_ayn_loki_007.jpg\" alt=\"\" width=\"949\" height=\"547\" title=\"\" srcset=\"https:\/\/www.kibotek.com\/wp-content\/uploads\/2023\/06\/kiboTEK_ayn_loki_007.jpg 949w, https:\/\/www.kibotek.com\/wp-content\/uploads\/2023\/06\/kiboTEK_ayn_loki_007-430x248.jpg 430w, https:\/\/www.kibotek.com\/wp-content\/uploads\/2023\/06\/kiboTEK_ayn_loki_007-150x86.jpg 150w, https:\/\/www.kibotek.com\/wp-content\/uploads\/2023\/06\/kiboTEK_ayn_loki_007-700x403.jpg 700w, https:\/\/www.kibotek.com\/wp-content\/uploads\/2023\/06\/kiboTEK_ayn_loki_007-300x173.jpg 300w, https:\/\/www.kibotek.com\/wp-content\/uploads\/2023\/06\/kiboTEK_ayn_loki_007-768x443.jpg 768w, https:\/\/www.kibotek.com\/wp-content\/uploads\/2023\/06\/kiboTEK_ayn_loki_007-18x10.jpg 18w\" sizes=\"auto, (max-width: 949px) 100vw, 949px\" \/> <img loading=\"lazy\" decoding=\"async\" class=\"alignleft wp-image-48717 size-full\" src=\"https:\/\/www.kibotek.com\/wp-content\/uploads\/2023\/06\/kiboTEK_ayn_loki_008.jpg\" alt=\"\" width=\"953\" height=\"548\" title=\"\" srcset=\"https:\/\/www.kibotek.com\/wp-content\/uploads\/2023\/06\/kiboTEK_ayn_loki_008.jpg 953w, https:\/\/www.kibotek.com\/wp-content\/uploads\/2023\/06\/kiboTEK_ayn_loki_008-430x247.jpg 430w, https:\/\/www.kibotek.com\/wp-content\/uploads\/2023\/06\/kiboTEK_ayn_loki_008-150x86.jpg 150w, https:\/\/www.kibotek.com\/wp-content\/uploads\/2023\/06\/kiboTEK_ayn_loki_008-700x403.jpg 700w, https:\/\/www.kibotek.com\/wp-content\/uploads\/2023\/06\/kiboTEK_ayn_loki_008-300x173.jpg 300w, https:\/\/www.kibotek.com\/wp-content\/uploads\/2023\/06\/kiboTEK_ayn_loki_008-768x442.jpg 768w, https:\/\/www.kibotek.com\/wp-content\/uploads\/2023\/06\/kiboTEK_ayn_loki_008-18x10.jpg 18w\" sizes=\"auto, (max-width: 953px) 100vw, 953px\" \/> <img loading=\"lazy\" decoding=\"async\" class=\"alignleft wp-image-48718 size-full\" src=\"https:\/\/www.kibotek.com\/wp-content\/uploads\/2023\/06\/kiboTEK_ayn_loki_009.jpg\" alt=\"\" width=\"951\" height=\"568\" title=\"\" srcset=\"https:\/\/www.kibotek.com\/wp-content\/uploads\/2023\/06\/kiboTEK_ayn_loki_009.jpg 951w, https:\/\/www.kibotek.com\/wp-content\/uploads\/2023\/06\/kiboTEK_ayn_loki_009-430x257.jpg 430w, https:\/\/www.kibotek.com\/wp-content\/uploads\/2023\/06\/kiboTEK_ayn_loki_009-150x90.jpg 150w, https:\/\/www.kibotek.com\/wp-content\/uploads\/2023\/06\/kiboTEK_ayn_loki_009-700x418.jpg 700w, https:\/\/www.kibotek.com\/wp-content\/uploads\/2023\/06\/kiboTEK_ayn_loki_009-300x179.jpg 300w, https:\/\/www.kibotek.com\/wp-content\/uploads\/2023\/06\/kiboTEK_ayn_loki_009-768x459.jpg 768w, https:\/\/www.kibotek.com\/wp-content\/uploads\/2023\/06\/kiboTEK_ayn_loki_009-18x12.jpg 18w\" sizes=\"auto, (max-width: 951px) 100vw, 951px\" \/> <img loading=\"lazy\" decoding=\"async\" class=\"alignleft wp-image-48720 size-full\" src=\"https:\/\/www.kibotek.com\/wp-content\/uploads\/2023\/06\/kiboTEK_ayn_loki_011.jpg\" alt=\"\" width=\"954\" height=\"549\" title=\"\" srcset=\"https:\/\/www.kibotek.com\/wp-content\/uploads\/2023\/06\/kiboTEK_ayn_loki_011.jpg 954w, https:\/\/www.kibotek.com\/wp-content\/uploads\/2023\/06\/kiboTEK_ayn_loki_011-430x247.jpg 430w, https:\/\/www.kibotek.com\/wp-content\/uploads\/2023\/06\/kiboTEK_ayn_loki_011-150x86.jpg 150w, https:\/\/www.kibotek.com\/wp-content\/uploads\/2023\/06\/kiboTEK_ayn_loki_011-700x403.jpg 700w, https:\/\/www.kibotek.com\/wp-content\/uploads\/2023\/06\/kiboTEK_ayn_loki_011-300x173.jpg 300w, https:\/\/www.kibotek.com\/wp-content\/uploads\/2023\/06\/kiboTEK_ayn_loki_011-768x442.jpg 768w, https:\/\/www.kibotek.com\/wp-content\/uploads\/2023\/06\/kiboTEK_ayn_loki_011-18x10.jpg 18w\" sizes=\"auto, (max-width: 954px) 100vw, 954px\" \/> <img loading=\"lazy\" decoding=\"async\" class=\"alignleft wp-image-48729 size-full\" src=\"https:\/\/www.kibotek.com\/wp-content\/uploads\/2023\/06\/kiboTEK_ayn_loki_020.jpg\" alt=\"\" width=\"955\" height=\"557\" title=\"\" srcset=\"https:\/\/www.kibotek.com\/wp-content\/uploads\/2023\/06\/kiboTEK_ayn_loki_020.jpg 955w, https:\/\/www.kibotek.com\/wp-content\/uploads\/2023\/06\/kiboTEK_ayn_loki_020-430x251.jpg 430w, https:\/\/www.kibotek.com\/wp-content\/uploads\/2023\/06\/kiboTEK_ayn_loki_020-150x87.jpg 150w, https:\/\/www.kibotek.com\/wp-content\/uploads\/2023\/06\/kiboTEK_ayn_loki_020-700x408.jpg 700w, https:\/\/www.kibotek.com\/wp-content\/uploads\/2023\/06\/kiboTEK_ayn_loki_020-300x175.jpg 300w, https:\/\/www.kibotek.com\/wp-content\/uploads\/2023\/06\/kiboTEK_ayn_loki_020-768x448.jpg 768w, https:\/\/www.kibotek.com\/wp-content\/uploads\/2023\/06\/kiboTEK_ayn_loki_020-18x10.jpg 18w\" sizes=\"auto, (max-width: 955px) 100vw, 955px\" \/> <img loading=\"lazy\" decoding=\"async\" class=\"alignleft wp-image-48728 size-full\" src=\"https:\/\/www.kibotek.com\/wp-content\/uploads\/2023\/06\/kiboTEK_ayn_loki_019.jpg\" alt=\"\" width=\"951\" height=\"540\" title=\"\" srcset=\"https:\/\/www.kibotek.com\/wp-content\/uploads\/2023\/06\/kiboTEK_ayn_loki_019.jpg 951w, https:\/\/www.kibotek.com\/wp-content\/uploads\/2023\/06\/kiboTEK_ayn_loki_019-430x244.jpg 430w, https:\/\/www.kibotek.com\/wp-content\/uploads\/2023\/06\/kiboTEK_ayn_loki_019-150x85.jpg 150w, https:\/\/www.kibotek.com\/wp-content\/uploads\/2023\/06\/kiboTEK_ayn_loki_019-700x397.jpg 700w, https:\/\/www.kibotek.com\/wp-content\/uploads\/2023\/06\/kiboTEK_ayn_loki_019-300x170.jpg 300w, https:\/\/www.kibotek.com\/wp-content\/uploads\/2023\/06\/kiboTEK_ayn_loki_019-768x436.jpg 768w, https:\/\/www.kibotek.com\/wp-content\/uploads\/2023\/06\/kiboTEK_ayn_loki_019-18x10.jpg 18w\" sizes=\"auto, (max-width: 951px) 100vw, 951px\" \/> <img loading=\"lazy\" decoding=\"async\" class=\"alignleft wp-image-48727 size-full\" src=\"https:\/\/www.kibotek.com\/wp-content\/uploads\/2023\/06\/kiboTEK_ayn_loki_018.jpg\" alt=\"\" width=\"955\" height=\"529\" title=\"\" srcset=\"https:\/\/www.kibotek.com\/wp-content\/uploads\/2023\/06\/kiboTEK_ayn_loki_018.jpg 955w, https:\/\/www.kibotek.com\/wp-content\/uploads\/2023\/06\/kiboTEK_ayn_loki_018-430x238.jpg 430w, https:\/\/www.kibotek.com\/wp-content\/uploads\/2023\/06\/kiboTEK_ayn_loki_018-150x83.jpg 150w, https:\/\/www.kibotek.com\/wp-content\/uploads\/2023\/06\/kiboTEK_ayn_loki_018-700x388.jpg 700w, https:\/\/www.kibotek.com\/wp-content\/uploads\/2023\/06\/kiboTEK_ayn_loki_018-300x166.jpg 300w, https:\/\/www.kibotek.com\/wp-content\/uploads\/2023\/06\/kiboTEK_ayn_loki_018-768x425.jpg 768w, https:\/\/www.kibotek.com\/wp-content\/uploads\/2023\/06\/kiboTEK_ayn_loki_018-18x10.jpg 18w\" sizes=\"auto, (max-width: 955px) 100vw, 955px\" \/> <img loading=\"lazy\" decoding=\"async\" class=\"alignleft wp-image-48726 size-full\" src=\"https:\/\/www.kibotek.com\/wp-content\/uploads\/2023\/06\/kiboTEK_ayn_loki_017.jpg\" alt=\"\" width=\"956\" height=\"552\" title=\"\" srcset=\"https:\/\/www.kibotek.com\/wp-content\/uploads\/2023\/06\/kiboTEK_ayn_loki_017.jpg 956w, https:\/\/www.kibotek.com\/wp-content\/uploads\/2023\/06\/kiboTEK_ayn_loki_017-430x248.jpg 430w, https:\/\/www.kibotek.com\/wp-content\/uploads\/2023\/06\/kiboTEK_ayn_loki_017-150x87.jpg 150w, https:\/\/www.kibotek.com\/wp-content\/uploads\/2023\/06\/kiboTEK_ayn_loki_017-700x404.jpg 700w, https:\/\/www.kibotek.com\/wp-content\/uploads\/2023\/06\/kiboTEK_ayn_loki_017-300x173.jpg 300w, https:\/\/www.kibotek.com\/wp-content\/uploads\/2023\/06\/kiboTEK_ayn_loki_017-768x443.jpg 768w, https:\/\/www.kibotek.com\/wp-content\/uploads\/2023\/06\/kiboTEK_ayn_loki_017-18x10.jpg 18w\" sizes=\"auto, (max-width: 956px) 100vw, 956px\" \/> <img loading=\"lazy\" decoding=\"async\" class=\"alignleft wp-image-48725 size-full\" src=\"https:\/\/www.kibotek.com\/wp-content\/uploads\/2023\/06\/kiboTEK_ayn_loki_016.jpg\" alt=\"\" width=\"956\" height=\"584\" title=\"\" srcset=\"https:\/\/www.kibotek.com\/wp-content\/uploads\/2023\/06\/kiboTEK_ayn_loki_016.jpg 956w, https:\/\/www.kibotek.com\/wp-content\/uploads\/2023\/06\/kiboTEK_ayn_loki_016-430x263.jpg 430w, https:\/\/www.kibotek.com\/wp-content\/uploads\/2023\/06\/kiboTEK_ayn_loki_016-150x92.jpg 150w, https:\/\/www.kibotek.com\/wp-content\/uploads\/2023\/06\/kiboTEK_ayn_loki_016-700x428.jpg 700w, https:\/\/www.kibotek.com\/wp-content\/uploads\/2023\/06\/kiboTEK_ayn_loki_016-300x183.jpg 300w, https:\/\/www.kibotek.com\/wp-content\/uploads\/2023\/06\/kiboTEK_ayn_loki_016-768x469.jpg 768w, https:\/\/www.kibotek.com\/wp-content\/uploads\/2023\/06\/kiboTEK_ayn_loki_016-18x12.jpg 18w\" sizes=\"auto, (max-width: 956px) 100vw, 956px\" \/> <img loading=\"lazy\" decoding=\"async\" class=\"alignleft wp-image-48724 size-full\" src=\"https:\/\/www.kibotek.com\/wp-content\/uploads\/2023\/06\/kiboTEK_ayn_loki_015.jpg\" alt=\"\" width=\"954\" height=\"570\" title=\"\" srcset=\"https:\/\/www.kibotek.com\/wp-content\/uploads\/2023\/06\/kiboTEK_ayn_loki_015.jpg 954w, https:\/\/www.kibotek.com\/wp-content\/uploads\/2023\/06\/kiboTEK_ayn_loki_015-430x257.jpg 430w, https:\/\/www.kibotek.com\/wp-content\/uploads\/2023\/06\/kiboTEK_ayn_loki_015-150x90.jpg 150w, https:\/\/www.kibotek.com\/wp-content\/uploads\/2023\/06\/kiboTEK_ayn_loki_015-700x418.jpg 700w, https:\/\/www.kibotek.com\/wp-content\/uploads\/2023\/06\/kiboTEK_ayn_loki_015-300x179.jpg 300w, https:\/\/www.kibotek.com\/wp-content\/uploads\/2023\/06\/kiboTEK_ayn_loki_015-768x459.jpg 768w, https:\/\/www.kibotek.com\/wp-content\/uploads\/2023\/06\/kiboTEK_ayn_loki_015-18x12.jpg 18w\" sizes=\"auto, (max-width: 954px) 100vw, 954px\" \/> <img loading=\"lazy\" decoding=\"async\" class=\"alignleft wp-image-48723 size-full\" src=\"https:\/\/www.kibotek.com\/wp-content\/uploads\/2023\/06\/kiboTEK_ayn_loki_014.jpg\" alt=\"\" width=\"953\" height=\"551\" title=\"\" srcset=\"https:\/\/www.kibotek.com\/wp-content\/uploads\/2023\/06\/kiboTEK_ayn_loki_014.jpg 953w, https:\/\/www.kibotek.com\/wp-content\/uploads\/2023\/06\/kiboTEK_ayn_loki_014-430x249.jpg 430w, https:\/\/www.kibotek.com\/wp-content\/uploads\/2023\/06\/kiboTEK_ayn_loki_014-150x87.jpg 150w, https:\/\/www.kibotek.com\/wp-content\/uploads\/2023\/06\/kiboTEK_ayn_loki_014-700x405.jpg 700w, https:\/\/www.kibotek.com\/wp-content\/uploads\/2023\/06\/kiboTEK_ayn_loki_014-300x173.jpg 300w, https:\/\/www.kibotek.com\/wp-content\/uploads\/2023\/06\/kiboTEK_ayn_loki_014-768x444.jpg 768w, https:\/\/www.kibotek.com\/wp-content\/uploads\/2023\/06\/kiboTEK_ayn_loki_014-18x10.jpg 18w\" sizes=\"auto, (max-width: 953px) 100vw, 953px\" \/> <img loading=\"lazy\" decoding=\"async\" class=\"alignleft wp-image-48722 size-full\" src=\"https:\/\/www.kibotek.com\/wp-content\/uploads\/2023\/06\/kiboTEK_ayn_loki_013.jpg\" alt=\"\" width=\"952\" height=\"551\" title=\"\" srcset=\"https:\/\/www.kibotek.com\/wp-content\/uploads\/2023\/06\/kiboTEK_ayn_loki_013.jpg 952w, https:\/\/www.kibotek.com\/wp-content\/uploads\/2023\/06\/kiboTEK_ayn_loki_013-430x249.jpg 430w, https:\/\/www.kibotek.com\/wp-content\/uploads\/2023\/06\/kiboTEK_ayn_loki_013-150x87.jpg 150w, https:\/\/www.kibotek.com\/wp-content\/uploads\/2023\/06\/kiboTEK_ayn_loki_013-700x405.jpg 700w, https:\/\/www.kibotek.com\/wp-content\/uploads\/2023\/06\/kiboTEK_ayn_loki_013-300x174.jpg 300w, https:\/\/www.kibotek.com\/wp-content\/uploads\/2023\/06\/kiboTEK_ayn_loki_013-768x445.jpg 768w, https:\/\/www.kibotek.com\/wp-content\/uploads\/2023\/06\/kiboTEK_ayn_loki_013-18x10.jpg 18w\" sizes=\"auto, (max-width: 952px) 100vw, 952px\" \/> <img loading=\"lazy\" decoding=\"async\" class=\"alignleft wp-image-48715 size-full\" src=\"https:\/\/www.kibotek.com\/wp-content\/uploads\/2023\/06\/kiboTEK_ayn_loki_006.jpg\" alt=\"\" width=\"948\" height=\"577\" title=\"\" srcset=\"https:\/\/www.kibotek.com\/wp-content\/uploads\/2023\/06\/kiboTEK_ayn_loki_006.jpg 948w, https:\/\/www.kibotek.com\/wp-content\/uploads\/2023\/06\/kiboTEK_ayn_loki_006-430x262.jpg 430w, https:\/\/www.kibotek.com\/wp-content\/uploads\/2023\/06\/kiboTEK_ayn_loki_006-150x91.jpg 150w, https:\/\/www.kibotek.com\/wp-content\/uploads\/2023\/06\/kiboTEK_ayn_loki_006-700x426.jpg 700w, https:\/\/www.kibotek.com\/wp-content\/uploads\/2023\/06\/kiboTEK_ayn_loki_006-300x183.jpg 300w, https:\/\/www.kibotek.com\/wp-content\/uploads\/2023\/06\/kiboTEK_ayn_loki_006-768x467.jpg 768w, https:\/\/www.kibotek.com\/wp-content\/uploads\/2023\/06\/kiboTEK_ayn_loki_006-18x12.jpg 18w\" sizes=\"auto, (max-width: 948px) 100vw, 948px\" \/> <img loading=\"lazy\" decoding=\"async\" class=\"alignleft wp-image-48712 size-full\" src=\"https:\/\/www.kibotek.com\/wp-content\/uploads\/2023\/06\/kiboTEK_ayn_loki_003.jpg\" alt=\"\" width=\"955\" height=\"334\" title=\"\" srcset=\"https:\/\/www.kibotek.com\/wp-content\/uploads\/2023\/06\/kiboTEK_ayn_loki_003.jpg 955w, https:\/\/www.kibotek.com\/wp-content\/uploads\/2023\/06\/kiboTEK_ayn_loki_003-430x150.jpg 430w, https:\/\/www.kibotek.com\/wp-content\/uploads\/2023\/06\/kiboTEK_ayn_loki_003-150x52.jpg 150w, https:\/\/www.kibotek.com\/wp-content\/uploads\/2023\/06\/kiboTEK_ayn_loki_003-700x245.jpg 700w, https:\/\/www.kibotek.com\/wp-content\/uploads\/2023\/06\/kiboTEK_ayn_loki_003-300x105.jpg 300w, https:\/\/www.kibotek.com\/wp-content\/uploads\/2023\/06\/kiboTEK_ayn_loki_003-768x269.jpg 768w, https:\/\/www.kibotek.com\/wp-content\/uploads\/2023\/06\/kiboTEK_ayn_loki_003-18x6.jpg 18w\" sizes=\"auto, (max-width: 955px) 100vw, 955px\" \/> <img loading=\"lazy\" decoding=\"async\" class=\"alignleft wp-image-48721 size-full\" src=\"https:\/\/www.kibotek.com\/wp-content\/uploads\/2023\/06\/kiboTEK_ayn_loki_012.jpg\" alt=\"\" width=\"953\" height=\"552\" title=\"\" srcset=\"https:\/\/www.kibotek.com\/wp-content\/uploads\/2023\/06\/kiboTEK_ayn_loki_012.jpg 953w, https:\/\/www.kibotek.com\/wp-content\/uploads\/2023\/06\/kiboTEK_ayn_loki_012-430x249.jpg 430w, https:\/\/www.kibotek.com\/wp-content\/uploads\/2023\/06\/kiboTEK_ayn_loki_012-150x87.jpg 150w, https:\/\/www.kibotek.com\/wp-content\/uploads\/2023\/06\/kiboTEK_ayn_loki_012-700x405.jpg 700w, https:\/\/www.kibotek.com\/wp-content\/uploads\/2023\/06\/kiboTEK_ayn_loki_012-300x174.jpg 300w, https:\/\/www.kibotek.com\/wp-content\/uploads\/2023\/06\/kiboTEK_ayn_loki_012-768x445.jpg 768w, https:\/\/www.kibotek.com\/wp-content\/uploads\/2023\/06\/kiboTEK_ayn_loki_012-18x10.jpg 18w\" sizes=\"auto, (max-width: 953px) 100vw, 953px\" \/><\/p>\n<p>&nbsp;<\/p>\n<p>Su kiboTEK puoi acquistare la console di gioco portatile AYN Loki con la garanzia e la sicurezza del miglior negozio di giochi online in Spagna Europa.<\/p>\n<p>&nbsp;<\/p>","protected":false},"excerpt":{"rendered":"<p><strong><em>ACQUISTA ORA E RICEVI IN 24 ORE IN SPAGNA\ud83d\ude80<\/em><\/strong><\/p>\n<p><strong><em>ACQUISTA ORA E RICEVI IN 72 ORE IN EUROPA \ud83d\ude80<\/em><\/strong><\/p>","protected":false},"featured_media":48711,"comment_status":"open","ping_status":"closed","template":"","meta":{"iawp_total_views":144},"product_brand":[8140],"product_cat":[7809,5514],"product_tag":[1794],"class_list":{"0":"post-48740","1":"product","2":"type-product","3":"status-publish","4":"has-post-thumbnail","6":"product_brand-comprar-consola-gaming-ayn","7":"product_cat-consolas-retro","8":"product_cat-consolas-retro-gaming-arcade-bartop-pandora-box-anbernic-powkiddy","9":"product_tag-top10","11":"first","12":"outofstock","13":"sale","14":"taxable","15":"shipping-taxable","16":"purchasable","17":"product-type-variable","18":"has-default-attributes"},"supplier_id":null,"supplier_sku":"","barcode":null,"atum_controlled":true,"out_stock_date":null,"out_stock_threshold":null,"inheritable":true,"inbound_stock":null,"stock_on_hold":0,"sold_today":0,"sales_last_days":0,"reserved_stock":null,"customer_returns":null,"warehouse_damage":null,"lost_in_post":null,"other_logs":null,"out_stock_days":0,"lost_sales":0,"has_location":true,"update_date":"2026-04-18T21:34:36","atum_locations":[{"id":41,"name":"Bilbao","slug":"bilbao"}],"atum_stock_status":"outofstock","restock_status":false,"low_stock_amount":"","sales_update_date":"2026-04-17T05:01:53","calc_backorders":null,"_links":{"self":[{"href":"https:\/\/www.kibotek.com\/it\/wp-json\/wp\/v2\/product\/48740","targetHints":{"allow":["GET"]}}],"collection":[{"href":"https:\/\/www.kibotek.com\/it\/wp-json\/wp\/v2\/product"}],"about":[{"href":"https:\/\/www.kibotek.com\/it\/wp-json\/wp\/v2\/types\/product"}],"replies":[{"embeddable":true,"href":"https:\/\/www.kibotek.com\/it\/wp-json\/wp\/v2\/comments?post=48740"}],"version-history":[{"count":0,"href":"https:\/\/www.kibotek.com\/it\/wp-json\/wp\/v2\/product\/48740\/revisions"}],"wp:featuredmedia":[{"embeddable":true,"href":"https:\/\/www.kibotek.com\/it\/wp-json\/wp\/v2\/media\/48711"}],"wp:attachment":[{"href":"https:\/\/www.kibotek.com\/it\/wp-json\/wp\/v2\/media?parent=48740"}],"wp:term":[{"taxonomy":"product_brand","embeddable":true,"href":"https:\/\/www.kibotek.com\/it\/wp-json\/wp\/v2\/product_brand?post=48740"},{"taxonomy":"product_cat","embeddable":true,"href":"https:\/\/www.kibotek.com\/it\/wp-json\/wp\/v2\/product_cat?post=48740"},{"taxonomy":"product_tag","embeddable":true,"href":"https:\/\/www.kibotek.com\/it\/wp-json\/wp\/v2\/product_tag?post=48740"}],"curies":[{"name":"parola chiave","href":"https:\/\/api.w.org\/{rel}","templated":true}]}}