{"id":45852,"date":"2022-12-02T10:58:06","date_gmt":"2022-12-02T09:58:06","guid":{"rendered":"https:\/\/www.kibotek.com\/?post_type=product&#038;p=45852"},"modified":"2026-05-06T23:13:36","modified_gmt":"2026-05-06T21:13:36","slug":"xiaomi-smart-camera-c300-2k","status":"publish","type":"product","link":"https:\/\/www.kibotek.com\/it\/kibostore\/xiaomi-smart-camera-c300-2k\/","title":{"rendered":"Xiaomi Smart Camera C300 2K"},"content":{"rendered":"<p>Acquista la Xiaomi Smart Camera C300 2K con spedizione dalla Spagna in tutta Europa in 24\/72h e due anni di garanzia.<\/p>\n<ul>\n<li>Risoluzione video: 2K<\/li>\n<li>Angolo di visione a 360 gradi<\/li>\n<li>Visione notturna a infrarossi<\/li>\n<li>Connessione WiFi 2.4GhZ<\/li>\n<li>Supporta schede SD fino a 256GB<\/li>\n<li>Compatibile con Google Assistant e Alexa<\/li>\n<li>Rilevatore di pianto per bambini<\/li>\n<li>Altoparlanti e microfono<\/li>\n<li>Dimensioni: 11,5 x 7,8 x 7,8 cm<\/li>\n<li>Compatibile con Android 4.4 o versioni successive e IOS 9.0 o versioni successive<\/li>\n<\/ul>\n<p><strong>Contenuto della confezione<\/strong><\/p>\n<ul>\n<li>1 fotocamera intelligente Xiaomi Mi 360\u00ba C300 2K<\/li>\n<li>1 x cavo di ricarica USB<\/li>\n<li>1 x caricatore<\/li>\n<li>1 x kit di installazione<\/li>\n<li>1 x manuale utente<\/li>\n<\/ul>\n<p><img loading=\"lazy\" decoding=\"async\" class=\"alignleft wp-image-45854 size-large\" src=\"https:\/\/www.kibotek.com\/wp-content\/uploads\/2022\/12\/kiboTEK_xiaomi_camera_c300_002-1024x467.jpg\" alt=\"\" width=\"1024\" height=\"467\" title=\"\" srcset=\"https:\/\/www.kibotek.com\/wp-content\/uploads\/2022\/12\/kiboTEK_xiaomi_camera_c300_002-1024x467.jpg 1024w, https:\/\/www.kibotek.com\/wp-content\/uploads\/2022\/12\/kiboTEK_xiaomi_camera_c300_002-430x196.jpg 430w, https:\/\/www.kibotek.com\/wp-content\/uploads\/2022\/12\/kiboTEK_xiaomi_camera_c300_002-150x68.jpg 150w, https:\/\/www.kibotek.com\/wp-content\/uploads\/2022\/12\/kiboTEK_xiaomi_camera_c300_002-700x319.jpg 700w, https:\/\/www.kibotek.com\/wp-content\/uploads\/2022\/12\/kiboTEK_xiaomi_camera_c300_002-300x137.jpg 300w, https:\/\/www.kibotek.com\/wp-content\/uploads\/2022\/12\/kiboTEK_xiaomi_camera_c300_002-768x350.jpg 768w, https:\/\/www.kibotek.com\/wp-content\/uploads\/2022\/12\/kiboTEK_xiaomi_camera_c300_002-18x8.jpg 18w, https:\/\/www.kibotek.com\/wp-content\/uploads\/2022\/12\/kiboTEK_xiaomi_camera_c300_002.jpg 1147w\" sizes=\"auto, (max-width: 1024px) 100vw, 1024px\" \/><\/p>\n<h3>Xiaomi Security Camera 2K C300 per controllare la tua casa e i tuoi cari.<\/h3>\n<p>Questa volta l&#039;azienda cinese Xiaomi ci sorprende ancora con un&#039;evoluzione della sua telecamera di sicurezza domestica pi\u00f9 venduta negli ultimi anni, questo Xiaomi mi 360 gradi 2K pu\u00f2 cambiarti la vita. Se hai bisogno di sicurezza per la tua casa, sei preoccupato per la sicurezza dei tuoi parenti, anziani o bambini, puoi controllare tutto con questa nuova telecamera. Si adatta perfettamente a tutte le situazioni con le sue varie tecnologie e ha una capacit\u00e0 di visione a 360 \u00b0 per non farti perdere nulla.<\/p>\n<p><img loading=\"lazy\" decoding=\"async\" class=\"alignleft wp-image-45862 size-large\" src=\"https:\/\/www.kibotek.com\/wp-content\/uploads\/2022\/12\/kiboTEK_xiaomi_camera_c300_010-1024x401.jpg\" alt=\"\" width=\"1024\" height=\"401\" title=\"\" srcset=\"https:\/\/www.kibotek.com\/wp-content\/uploads\/2022\/12\/kiboTEK_xiaomi_camera_c300_010-1024x401.jpg 1024w, https:\/\/www.kibotek.com\/wp-content\/uploads\/2022\/12\/kiboTEK_xiaomi_camera_c300_010-430x168.jpg 430w, https:\/\/www.kibotek.com\/wp-content\/uploads\/2022\/12\/kiboTEK_xiaomi_camera_c300_010-150x59.jpg 150w, https:\/\/www.kibotek.com\/wp-content\/uploads\/2022\/12\/kiboTEK_xiaomi_camera_c300_010-700x274.jpg 700w, https:\/\/www.kibotek.com\/wp-content\/uploads\/2022\/12\/kiboTEK_xiaomi_camera_c300_010-300x118.jpg 300w, https:\/\/www.kibotek.com\/wp-content\/uploads\/2022\/12\/kiboTEK_xiaomi_camera_c300_010-768x301.jpg 768w, https:\/\/www.kibotek.com\/wp-content\/uploads\/2022\/12\/kiboTEK_xiaomi_camera_c300_010-18x7.jpg 18w, https:\/\/www.kibotek.com\/wp-content\/uploads\/2022\/12\/kiboTEK_xiaomi_camera_c300_010.jpg 1238w\" sizes=\"auto, (max-width: 1024px) 100vw, 1024px\" \/><\/p>\n<p><img loading=\"lazy\" decoding=\"async\" class=\"alignleft wp-image-45863 size-large\" src=\"https:\/\/www.kibotek.com\/wp-content\/uploads\/2022\/12\/kiboTEK_xiaomi_camera_c300_011-1024x469.jpg\" alt=\"\" width=\"1024\" height=\"469\" title=\"\" srcset=\"https:\/\/www.kibotek.com\/wp-content\/uploads\/2022\/12\/kiboTEK_xiaomi_camera_c300_011-1024x469.jpg 1024w, https:\/\/www.kibotek.com\/wp-content\/uploads\/2022\/12\/kiboTEK_xiaomi_camera_c300_011-430x197.jpg 430w, https:\/\/www.kibotek.com\/wp-content\/uploads\/2022\/12\/kiboTEK_xiaomi_camera_c300_011-150x69.jpg 150w, https:\/\/www.kibotek.com\/wp-content\/uploads\/2022\/12\/kiboTEK_xiaomi_camera_c300_011-700x320.jpg 700w, https:\/\/www.kibotek.com\/wp-content\/uploads\/2022\/12\/kiboTEK_xiaomi_camera_c300_011-300x137.jpg 300w, https:\/\/www.kibotek.com\/wp-content\/uploads\/2022\/12\/kiboTEK_xiaomi_camera_c300_011-768x351.jpg 768w, https:\/\/www.kibotek.com\/wp-content\/uploads\/2022\/12\/kiboTEK_xiaomi_camera_c300_011-18x8.jpg 18w, https:\/\/www.kibotek.com\/wp-content\/uploads\/2022\/12\/kiboTEK_xiaomi_camera_c300_011.jpg 1145w\" sizes=\"auto, (max-width: 1024px) 100vw, 1024px\" \/> <img loading=\"lazy\" decoding=\"async\" class=\"alignleft wp-image-45856 size-large\" src=\"https:\/\/www.kibotek.com\/wp-content\/uploads\/2022\/12\/kiboTEK_xiaomi_camera_c300_004-1024x434.jpg\" alt=\"\" width=\"1024\" height=\"434\" title=\"\" srcset=\"https:\/\/www.kibotek.com\/wp-content\/uploads\/2022\/12\/kiboTEK_xiaomi_camera_c300_004-1024x434.jpg 1024w, https:\/\/www.kibotek.com\/wp-content\/uploads\/2022\/12\/kiboTEK_xiaomi_camera_c300_004-430x182.jpg 430w, https:\/\/www.kibotek.com\/wp-content\/uploads\/2022\/12\/kiboTEK_xiaomi_camera_c300_004-150x64.jpg 150w, https:\/\/www.kibotek.com\/wp-content\/uploads\/2022\/12\/kiboTEK_xiaomi_camera_c300_004-700x296.jpg 700w, https:\/\/www.kibotek.com\/wp-content\/uploads\/2022\/12\/kiboTEK_xiaomi_camera_c300_004-300x127.jpg 300w, https:\/\/www.kibotek.com\/wp-content\/uploads\/2022\/12\/kiboTEK_xiaomi_camera_c300_004-768x325.jpg 768w, https:\/\/www.kibotek.com\/wp-content\/uploads\/2022\/12\/kiboTEK_xiaomi_camera_c300_004-18x8.jpg 18w, https:\/\/www.kibotek.com\/wp-content\/uploads\/2022\/12\/kiboTEK_xiaomi_camera_c300_004.jpg 1190w\" sizes=\"auto, (max-width: 1024px) 100vw, 1024px\" \/><\/p>\n<h3>2K per non perdere nessun dettaglio<\/h3>\n<p>Ha una risoluzione spettacolare in modo da poter vedere le immagini con la migliore qualit\u00e0. Senza dubbio, questa nuova fotocamera Xiaomi \u00e8 una di quelle che ti offre la migliore qualit\u00e0 video e audio tra tutte quelle attualmente in commercio. Il suo obiettivo ha un sensore di risoluzione 2K che ti consente di vedere tutto ci\u00f2 di cui hai bisogno nella tua casa con una qualit\u00e0 spettacolare. Puoi controllare l&#039;intera stanza in cui installi il dispositivo grazie alla sua capacit\u00e0 di ruotare di 360 \u00b0, che puoi controllare tramite l&#039;APP (My Home) e sul tuo telefonino. \u00c8 una fotocamera con cuffie e altoparlanti integrati per comunicare con i tuoi cari.<\/p>\n<p><img loading=\"lazy\" decoding=\"async\" class=\"alignleft wp-image-45855 size-large\" src=\"https:\/\/www.kibotek.com\/wp-content\/uploads\/2022\/12\/kiboTEK_xiaomi_camera_c300_003-1024x318.jpg\" alt=\"\" width=\"1024\" height=\"318\" title=\"\" srcset=\"https:\/\/www.kibotek.com\/wp-content\/uploads\/2022\/12\/kiboTEK_xiaomi_camera_c300_003-1024x318.jpg 1024w, https:\/\/www.kibotek.com\/wp-content\/uploads\/2022\/12\/kiboTEK_xiaomi_camera_c300_003-430x134.jpg 430w, https:\/\/www.kibotek.com\/wp-content\/uploads\/2022\/12\/kiboTEK_xiaomi_camera_c300_003-150x47.jpg 150w, https:\/\/www.kibotek.com\/wp-content\/uploads\/2022\/12\/kiboTEK_xiaomi_camera_c300_003-700x218.jpg 700w, https:\/\/www.kibotek.com\/wp-content\/uploads\/2022\/12\/kiboTEK_xiaomi_camera_c300_003-300x93.jpg 300w, https:\/\/www.kibotek.com\/wp-content\/uploads\/2022\/12\/kiboTEK_xiaomi_camera_c300_003-768x239.jpg 768w, https:\/\/www.kibotek.com\/wp-content\/uploads\/2022\/12\/kiboTEK_xiaomi_camera_c300_003-18x6.jpg 18w, https:\/\/www.kibotek.com\/wp-content\/uploads\/2022\/12\/kiboTEK_xiaomi_camera_c300_003.jpg 1389w\" sizes=\"auto, (max-width: 1024px) 100vw, 1024px\" \/> <img loading=\"lazy\" decoding=\"async\" class=\"alignleft wp-image-45858 size-large\" src=\"https:\/\/www.kibotek.com\/wp-content\/uploads\/2022\/12\/kiboTEK_xiaomi_camera_c300_006-1024x467.jpg\" alt=\"\" width=\"1024\" height=\"467\" title=\"\" srcset=\"https:\/\/www.kibotek.com\/wp-content\/uploads\/2022\/12\/kiboTEK_xiaomi_camera_c300_006-1024x467.jpg 1024w, https:\/\/www.kibotek.com\/wp-content\/uploads\/2022\/12\/kiboTEK_xiaomi_camera_c300_006-430x196.jpg 430w, https:\/\/www.kibotek.com\/wp-content\/uploads\/2022\/12\/kiboTEK_xiaomi_camera_c300_006-150x68.jpg 150w, https:\/\/www.kibotek.com\/wp-content\/uploads\/2022\/12\/kiboTEK_xiaomi_camera_c300_006-700x319.jpg 700w, https:\/\/www.kibotek.com\/wp-content\/uploads\/2022\/12\/kiboTEK_xiaomi_camera_c300_006-300x137.jpg 300w, https:\/\/www.kibotek.com\/wp-content\/uploads\/2022\/12\/kiboTEK_xiaomi_camera_c300_006-768x350.jpg 768w, https:\/\/www.kibotek.com\/wp-content\/uploads\/2022\/12\/kiboTEK_xiaomi_camera_c300_006-18x8.jpg 18w, https:\/\/www.kibotek.com\/wp-content\/uploads\/2022\/12\/kiboTEK_xiaomi_camera_c300_006.jpg 1148w\" sizes=\"auto, (max-width: 1024px) 100vw, 1024px\" \/><\/p>\n<h3>WiFi e Bluetooth per non disconnetterti mai da ci\u00f2 che conta per te<\/h3>\n<p>Tra le sue caratteristiche abbiamo un Wi-Fi dual-band, una connessione bluetooth super veloce per non rimanere mai senza connessione e, naturalmente, abbiamo anche un assistente vocale sia con Alexa che con Google.<\/p>\n<p>Un altro dei vantaggi di questa fotocamera \u00e8 che ha il riconoscimento facciale e qualcosa che i nuovi genitori apprezzeranno \u00e8 che ha un rilevatore di pianto, quindi saprai in ogni momento che il tuo bambino \u00e8 in perfette condizioni.<\/p>\n<p><strong>Un altro vantaggio di questa nuova fotocamera Xiaomi \u00e8 che ha gli infrarossi integrati in modo da avere una visione notturna completa.<\/strong><\/p>\n<p><img loading=\"lazy\" decoding=\"async\" class=\"alignleft wp-image-45853 size-large\" src=\"https:\/\/www.kibotek.com\/wp-content\/uploads\/2022\/12\/kiboTEK_xiaomi_camera_c300_001-1024x344.jpg\" alt=\"\" width=\"1024\" height=\"344\" title=\"\" srcset=\"https:\/\/www.kibotek.com\/wp-content\/uploads\/2022\/12\/kiboTEK_xiaomi_camera_c300_001-1024x344.jpg 1024w, https:\/\/www.kibotek.com\/wp-content\/uploads\/2022\/12\/kiboTEK_xiaomi_camera_c300_001-430x144.jpg 430w, https:\/\/www.kibotek.com\/wp-content\/uploads\/2022\/12\/kiboTEK_xiaomi_camera_c300_001-150x50.jpg 150w, https:\/\/www.kibotek.com\/wp-content\/uploads\/2022\/12\/kiboTEK_xiaomi_camera_c300_001-700x235.jpg 700w, https:\/\/www.kibotek.com\/wp-content\/uploads\/2022\/12\/kiboTEK_xiaomi_camera_c300_001-300x101.jpg 300w, https:\/\/www.kibotek.com\/wp-content\/uploads\/2022\/12\/kiboTEK_xiaomi_camera_c300_001-768x258.jpg 768w, https:\/\/www.kibotek.com\/wp-content\/uploads\/2022\/12\/kiboTEK_xiaomi_camera_c300_001-18x6.jpg 18w, https:\/\/www.kibotek.com\/wp-content\/uploads\/2022\/12\/kiboTEK_xiaomi_camera_c300_001.jpg 1337w\" sizes=\"auto, (max-width: 1024px) 100vw, 1024px\" \/> <img loading=\"lazy\" decoding=\"async\" class=\"alignleft wp-image-45860 size-large\" src=\"https:\/\/www.kibotek.com\/wp-content\/uploads\/2022\/12\/kiboTEK_xiaomi_camera_c300_008-1024x426.jpg\" alt=\"\" width=\"1024\" height=\"426\" title=\"\" srcset=\"https:\/\/www.kibotek.com\/wp-content\/uploads\/2022\/12\/kiboTEK_xiaomi_camera_c300_008-1024x426.jpg 1024w, https:\/\/www.kibotek.com\/wp-content\/uploads\/2022\/12\/kiboTEK_xiaomi_camera_c300_008-430x179.jpg 430w, https:\/\/www.kibotek.com\/wp-content\/uploads\/2022\/12\/kiboTEK_xiaomi_camera_c300_008-150x62.jpg 150w, https:\/\/www.kibotek.com\/wp-content\/uploads\/2022\/12\/kiboTEK_xiaomi_camera_c300_008-700x291.jpg 700w, https:\/\/www.kibotek.com\/wp-content\/uploads\/2022\/12\/kiboTEK_xiaomi_camera_c300_008-300x125.jpg 300w, https:\/\/www.kibotek.com\/wp-content\/uploads\/2022\/12\/kiboTEK_xiaomi_camera_c300_008-768x320.jpg 768w, https:\/\/www.kibotek.com\/wp-content\/uploads\/2022\/12\/kiboTEK_xiaomi_camera_c300_008-18x7.jpg 18w, https:\/\/www.kibotek.com\/wp-content\/uploads\/2022\/12\/kiboTEK_xiaomi_camera_c300_008.jpg 1201w\" sizes=\"auto, (max-width: 1024px) 100vw, 1024px\" \/> <a href=\"https:\/\/www.kibotek.com\/wp-content\/uploads\/2022\/12\/kiboTEK_xiaomi_camera_c300_007.jpg\"><img loading=\"lazy\" decoding=\"async\" class=\"alignleft wp-image-45859 size-large\" src=\"https:\/\/www.kibotek.com\/wp-content\/uploads\/2022\/12\/kiboTEK_xiaomi_camera_c300_007-1024x242.jpg\" alt=\"\" width=\"1024\" height=\"242\" title=\"\" srcset=\"https:\/\/www.kibotek.com\/wp-content\/uploads\/2022\/12\/kiboTEK_xiaomi_camera_c300_007-1024x242.jpg 1024w, https:\/\/www.kibotek.com\/wp-content\/uploads\/2022\/12\/kiboTEK_xiaomi_camera_c300_007-430x102.jpg 430w, https:\/\/www.kibotek.com\/wp-content\/uploads\/2022\/12\/kiboTEK_xiaomi_camera_c300_007-150x36.jpg 150w, https:\/\/www.kibotek.com\/wp-content\/uploads\/2022\/12\/kiboTEK_xiaomi_camera_c300_007-700x166.jpg 700w, https:\/\/www.kibotek.com\/wp-content\/uploads\/2022\/12\/kiboTEK_xiaomi_camera_c300_007-300x71.jpg 300w, https:\/\/www.kibotek.com\/wp-content\/uploads\/2022\/12\/kiboTEK_xiaomi_camera_c300_007-768x182.jpg 768w, https:\/\/www.kibotek.com\/wp-content\/uploads\/2022\/12\/kiboTEK_xiaomi_camera_c300_007-1536x364.jpg 1536w, https:\/\/www.kibotek.com\/wp-content\/uploads\/2022\/12\/kiboTEK_xiaomi_camera_c300_007-18x4.jpg 18w, https:\/\/www.kibotek.com\/wp-content\/uploads\/2022\/12\/kiboTEK_xiaomi_camera_c300_007.jpg 1592w\" sizes=\"auto, (max-width: 1024px) 100vw, 1024px\" \/><\/a><\/p>\n<p>Insomma, da kiboTEK pensiamo che sia una delle migliori telecamere di sicurezza in termini di qualit\u00e0 \/ prezzo. Una meraviglia alla portata di chiunque. La tua tranquillit\u00e0 ne vale la pena.<\/p>\n<p>A kiboTEK inviamo la Xiaomi Mi 360\u00ba Smart Camera C300 2K a pi\u00f9 di 30 diversi paesi in Europa in <strong>24 \/ 72h con due anni di garanzia<\/strong>. Verifica e calcola le spese di spedizione nel carrello inserendo il tuo indirizzo.<\/p>","protected":false},"excerpt":{"rendered":"<p><strong><em>ACQUISTA ORA E RICEVI IN 24 ORE IN SPAGNA\ud83d\ude80<\/em><\/strong><\/p>\n<p><strong><em>ACQUISTA ORA E RICEVI IN 72 ORE IN EUROPA \ud83d\ude80<\/em><\/strong><\/p>","protected":false},"featured_media":45864,"comment_status":"open","ping_status":"closed","template":"","meta":{"iawp_total_views":89},"product_brand":[8155],"product_cat":[5515,5521],"product_tag":[1798,7698,6771],"class_list":{"0":"post-45852","1":"product","2":"type-product","3":"status-publish","4":"has-post-thumbnail","6":"product_brand-comprar-lo-mejor-de-xiaomi","7":"product_cat-smartwatch-pulseras-tv-auriculares-smarthome-salud-relojes-para-ninos","8":"product_cat-comprar-smarthome-scooters-camaras","9":"product_tag-acc_top","10":"product_tag-all","11":"product_tag-ofertas","13":"first","14":"instock","15":"taxable","16":"shipping-taxable","17":"purchasable","18":"product-type-simple"},"supplier_id":null,"supplier_sku":"","barcode":null,"atum_controlled":true,"out_stock_date":null,"out_stock_threshold":null,"inheritable":false,"inbound_stock":null,"stock_on_hold":0,"sold_today":0,"sales_last_days":0,"reserved_stock":null,"customer_returns":null,"warehouse_damage":null,"lost_in_post":null,"other_logs":null,"out_stock_days":0,"lost_sales":0,"has_location":true,"update_date":"2026-05-06T21:13:39","atum_locations":[{"id":41,"name":"Bilbao","slug":"bilbao"}],"atum_stock_status":"instock","restock_status":false,"low_stock_amount":0,"sales_update_date":"2026-04-29T00:01:02","calc_backorders":null,"_links":{"self":[{"href":"https:\/\/www.kibotek.com\/it\/wp-json\/wp\/v2\/product\/45852","targetHints":{"allow":["GET"]}}],"collection":[{"href":"https:\/\/www.kibotek.com\/it\/wp-json\/wp\/v2\/product"}],"about":[{"href":"https:\/\/www.kibotek.com\/it\/wp-json\/wp\/v2\/types\/product"}],"replies":[{"embeddable":true,"href":"https:\/\/www.kibotek.com\/it\/wp-json\/wp\/v2\/comments?post=45852"}],"version-history":[{"count":0,"href":"https:\/\/www.kibotek.com\/it\/wp-json\/wp\/v2\/product\/45852\/revisions"}],"wp:featuredmedia":[{"embeddable":true,"href":"https:\/\/www.kibotek.com\/it\/wp-json\/wp\/v2\/media\/45864"}],"wp:attachment":[{"href":"https:\/\/www.kibotek.com\/it\/wp-json\/wp\/v2\/media?parent=45852"}],"wp:term":[{"taxonomy":"product_brand","embeddable":true,"href":"https:\/\/www.kibotek.com\/it\/wp-json\/wp\/v2\/product_brand?post=45852"},{"taxonomy":"product_cat","embeddable":true,"href":"https:\/\/www.kibotek.com\/it\/wp-json\/wp\/v2\/product_cat?post=45852"},{"taxonomy":"product_tag","embeddable":true,"href":"https:\/\/www.kibotek.com\/it\/wp-json\/wp\/v2\/product_tag?post=45852"}],"curies":[{"name":"parola chiave","href":"https:\/\/api.w.org\/{rel}","templated":true}]}}