{"id":45202,"date":"2022-10-21T17:03:29","date_gmt":"2022-10-21T15:03:29","guid":{"rendered":"https:\/\/www.kibotek.com\/?post_type=product&#038;p=45202"},"modified":"2026-05-08T23:16:19","modified_gmt":"2026-05-08T21:16:19","slug":"realme-c21y-4gb-64gb-non-sigillato-km-0","status":"publish","type":"product","link":"https:\/\/www.kibotek.com\/it\/kibostore\/realme-c21y-4gb-64gb-desprecintado-km-0\/","title":{"rendered":"Realme C21Y 4GB\/64GB non sigillato KM 0"},"content":{"rendered":"<p>Comprare <a href=\"https:\/\/www.kibotek.com\/it\/brand\/compra-il-meglio-di-oppo\/compra-il-meglio-di-realme\/\">Realme<\/a> C21Y 4GB\/64GB Chiuso KM 0 con spedizione in 24\/72h dalla Spagna in tutta Europa<\/p>\n<ul>\n<li>Schermo IPS LCD HD + da 6,5 &quot;<\/li>\n<li>Processore Unisoc Tiger T610 da 1,8 GHz<\/li>\n<li>GPU ARM Mali G52<\/li>\n<li>Tripla fotocamera posteriore con sensore principale da 13MPX + 2MPX + 2MPX<\/li>\n<li>Fotocamera frontale da 5 MPX<\/li>\n<li>RAM 4GB ROM 64GB<\/li>\n<li>Batteria da 5.000 mAh con carica di 10 W<\/li>\n<li>Sensore di impronte digitali posteriore<\/li>\n<li>Sistema operativo Realme UI basato su sistema operativo Android 11<\/li>\n<\/ul>\n<p>Contenuto della confezione<\/p>\n<ul>\n<li>1 x Realme C21Y 4GB\/64GB non sigillato KM 0<\/li>\n<li>1 x caricatore<\/li>\n<li>1 x cavo di ricarica<\/li>\n<li>1 x cover posteriore<\/li>\n<\/ul>\n<p><img loading=\"lazy\" decoding=\"async\" class=\"alignleft wp-image-40407 size-large\" src=\"https:\/\/www.kibotek.com\/wp-content\/uploads\/2021\/12\/kiboTEK_realme_c21y__004-1024x654.jpg\" alt=\"\" width=\"1024\" height=\"654\" title=\"\" srcset=\"https:\/\/www.kibotek.com\/wp-content\/uploads\/2021\/12\/kiboTEK_realme_c21y__004-1024x654.jpg 1024w, https:\/\/www.kibotek.com\/wp-content\/uploads\/2021\/12\/kiboTEK_realme_c21y__004-430x275.jpg 430w, https:\/\/www.kibotek.com\/wp-content\/uploads\/2021\/12\/kiboTEK_realme_c21y__004-150x96.jpg 150w, https:\/\/www.kibotek.com\/wp-content\/uploads\/2021\/12\/kiboTEK_realme_c21y__004-700x447.jpg 700w, https:\/\/www.kibotek.com\/wp-content\/uploads\/2021\/12\/kiboTEK_realme_c21y__004-300x192.jpg 300w, https:\/\/www.kibotek.com\/wp-content\/uploads\/2021\/12\/kiboTEK_realme_c21y__004-768x490.jpg 768w, https:\/\/www.kibotek.com\/wp-content\/uploads\/2021\/12\/kiboTEK_realme_c21y__004-18x12.jpg 18w, https:\/\/www.kibotek.com\/wp-content\/uploads\/2021\/12\/kiboTEK_realme_c21y__004-600x383.jpg 600w, https:\/\/www.kibotek.com\/wp-content\/uploads\/2021\/12\/kiboTEK_realme_c21y__004.jpg 1181w\" sizes=\"auto, (max-width: 1024px) 100vw, 1024px\" \/><\/p>\n<h3><\/h3>\n<h3><\/h3>\n<h3><\/h3>\n<h3><\/h3>\n<h3><\/h3>\n<h3><\/h3>\n<h3><\/h3>\n<h3><\/h3>\n<h3><\/h3>\n<h3><\/h3>\n<h3>Realme C21Y, ottima batteria e buon design<\/h3>\n<p>Realme presenta un altro terminale della gamma C21, si tratta del C21Y, un terminale entry-level che si differenzia dal fratello per il processore: qui abbiamo un processore UniSoc al posto del Mediatek. Si distingue per essere un terminale con un bel design e un&#039;ottima batteria.<\/p>\n<h3>Schermo HD+ da 6,5\u2033<\/h3>\n<p>In questo Realme C21Y abbiamo uno schermo di <strong>Tipo LCD IPS da 6,5 pollici con risoluzione HD+<\/strong> (720 x 1600 pixel). Il rapporto di aspetto \u00e8 20: 9. Abbiamo una densit\u00e0 di 269 ppi, praticamente come la maggior parte dei terminali di questo prezzo. La fotocamera selfie \u00e8 in una tacca a goccia d&#039;acqua, che si trova al centro dello schermo, il rapporto di contrasto \u00e8 1500: 1, quindi abbiamo uno schermo che non ci dar\u00e0 alcun problema.tempo per guardare contenuti multimediali o lavorare con le nostre app preferite.<\/p>\n<p>Abbiamo il <strong>Certificazione T\u00dcV Rheinland Eye Comfort<\/strong>, il che ci assicura che non avremo alcun problema ai nostri occhi durante l&#039;utilizzo del terminale.<\/p>\n<p><img loading=\"lazy\" decoding=\"async\" class=\"alignleft wp-image-40417 size-large\" src=\"https:\/\/www.kibotek.com\/wp-content\/uploads\/2021\/12\/kiboTEK_realme_c21y__014-1024x559.jpg\" alt=\"\" width=\"1024\" height=\"559\" title=\"\" srcset=\"https:\/\/www.kibotek.com\/wp-content\/uploads\/2021\/12\/kiboTEK_realme_c21y__014-1024x559.jpg 1024w, https:\/\/www.kibotek.com\/wp-content\/uploads\/2021\/12\/kiboTEK_realme_c21y__014-430x235.jpg 430w, https:\/\/www.kibotek.com\/wp-content\/uploads\/2021\/12\/kiboTEK_realme_c21y__014-150x82.jpg 150w, https:\/\/www.kibotek.com\/wp-content\/uploads\/2021\/12\/kiboTEK_realme_c21y__014-700x382.jpg 700w, https:\/\/www.kibotek.com\/wp-content\/uploads\/2021\/12\/kiboTEK_realme_c21y__014-300x164.jpg 300w, https:\/\/www.kibotek.com\/wp-content\/uploads\/2021\/12\/kiboTEK_realme_c21y__014-768x420.jpg 768w, https:\/\/www.kibotek.com\/wp-content\/uploads\/2021\/12\/kiboTEK_realme_c21y__014-18x10.jpg 18w, https:\/\/www.kibotek.com\/wp-content\/uploads\/2021\/12\/kiboTEK_realme_c21y__014-600x328.jpg 600w, https:\/\/www.kibotek.com\/wp-content\/uploads\/2021\/12\/kiboTEK_realme_c21y__014.jpg 1219w\" sizes=\"auto, (max-width: 1024px) 100vw, 1024px\" \/><\/p>\n<h3>Unisoc Tiger T610 \u00e8 il cervello di questo Realme C21Y<\/h3>\n<p>Questo Realme C21Y monta un processore Unisoc Tiger T610 prodotto con tecnologia a 12 nanometri e utilizza core Cortex A75 e A55. Questo Tiger T610 raggiunge un <strong>Velocit\u00e0 di crociera 1,8 GHz.<\/strong> \u00c8 accompagnato in questo viaggio dalla nostra vecchia conoscenza, il Mali G52 di ARM, un grafico con un po&#039; di tempo ma che funziona molto bene e molto velocemente. In breve, se quello che vuoi \u00e8 passare ore agganciato ai giochi, questo potrebbe essere il tuo cellulare.<\/p>\n<p>Se a tutto questo aggiungiamo uno schermo IPS da 6.5\u201d e il <strong>4GB di RAM e 64GB di memoria<\/strong>Siamo di fronte a uno dei migliori cellulari in termini di qualit\u00e0 \/ prezzo che puoi trovare attualmente.<\/p>\n<p><img loading=\"lazy\" decoding=\"async\" class=\"alignleft wp-image-40405 size-large\" src=\"https:\/\/www.kibotek.com\/wp-content\/uploads\/2021\/12\/kiboTEK_realme_c21y__002-1024x260.jpg\" alt=\"\" width=\"1024\" height=\"260\" title=\"\" srcset=\"https:\/\/www.kibotek.com\/wp-content\/uploads\/2021\/12\/kiboTEK_realme_c21y__002-1024x260.jpg 1024w, https:\/\/www.kibotek.com\/wp-content\/uploads\/2021\/12\/kiboTEK_realme_c21y__002-scaled-430x109.jpg 430w, https:\/\/www.kibotek.com\/wp-content\/uploads\/2021\/12\/kiboTEK_realme_c21y__002-scaled-150x38.jpg 150w, https:\/\/www.kibotek.com\/wp-content\/uploads\/2021\/12\/kiboTEK_realme_c21y__002-scaled-700x178.jpg 700w, https:\/\/www.kibotek.com\/wp-content\/uploads\/2021\/12\/kiboTEK_realme_c21y__002-300x76.jpg 300w, https:\/\/www.kibotek.com\/wp-content\/uploads\/2021\/12\/kiboTEK_realme_c21y__002-768x195.jpg 768w, https:\/\/www.kibotek.com\/wp-content\/uploads\/2021\/12\/kiboTEK_realme_c21y__002-1536x390.jpg 1536w, https:\/\/www.kibotek.com\/wp-content\/uploads\/2021\/12\/kiboTEK_realme_c21y__002-2048x520.jpg 2048w, https:\/\/www.kibotek.com\/wp-content\/uploads\/2021\/12\/kiboTEK_realme_c21y__002-18x5.jpg 18w, https:\/\/www.kibotek.com\/wp-content\/uploads\/2021\/12\/kiboTEK_realme_c21y__002-600x152.jpg 600w\" sizes=\"auto, (max-width: 1024px) 100vw, 1024px\" \/><\/p>\n<h3>Tripla fotocamera posteriore da 13 megapixel<\/h3>\n<p>Questo nuovo cellulare dell&#039;azienda cinese porta una tripla fotocamera posteriore con il<strong> Sensore principale da 13 megapixel<\/strong> e apertura f\/2.2 accompagnando un obiettivo macro di 2 megapixel e apertura f\/2.4 e l&#039;ultimo sensore per la modalit\u00e0 ritratto con una risoluzione di 2 megapixel e apertura f\/2.4. Oltre a questo ha l&#039;autofocus, la messa a fuoco tattile, lo scatto continuo o a raffica, \u00e8 compatibile con l&#039;HDR, ha il rilevamento del volto o l&#039;autoscatto.<\/p>\n<p>Per quanto riguarda la fotocamera frontale, abbiamo una risoluzione di 5 megapixel con un&#039;apertura di f\/2.2.<\/p>\n<p><img loading=\"lazy\" decoding=\"async\" class=\"alignleft wp-image-40408 size-large\" src=\"https:\/\/www.kibotek.com\/wp-content\/uploads\/2021\/12\/kiboTEK_realme_c21y__005-1024x684.jpg\" alt=\"\" width=\"1024\" height=\"684\" title=\"\" srcset=\"https:\/\/www.kibotek.com\/wp-content\/uploads\/2021\/12\/kiboTEK_realme_c21y__005-1024x684.jpg 1024w, https:\/\/www.kibotek.com\/wp-content\/uploads\/2021\/12\/kiboTEK_realme_c21y__005-430x287.jpg 430w, https:\/\/www.kibotek.com\/wp-content\/uploads\/2021\/12\/kiboTEK_realme_c21y__005-150x100.jpg 150w, https:\/\/www.kibotek.com\/wp-content\/uploads\/2021\/12\/kiboTEK_realme_c21y__005-700x467.jpg 700w, https:\/\/www.kibotek.com\/wp-content\/uploads\/2021\/12\/kiboTEK_realme_c21y__005-300x200.jpg 300w, https:\/\/www.kibotek.com\/wp-content\/uploads\/2021\/12\/kiboTEK_realme_c21y__005-768x513.jpg 768w, https:\/\/www.kibotek.com\/wp-content\/uploads\/2021\/12\/kiboTEK_realme_c21y__005-18x12.jpg 18w, https:\/\/www.kibotek.com\/wp-content\/uploads\/2021\/12\/kiboTEK_realme_c21y__005-600x401.jpg 600w, https:\/\/www.kibotek.com\/wp-content\/uploads\/2021\/12\/kiboTEK_realme_c21y__005.jpg 1201w\" sizes=\"auto, (max-width: 1024px) 100vw, 1024px\" \/><\/p>\n<h3>Batteria con buona autonomia<\/h3>\n<p>Ebbene in questo caso i ragazzi di Realme hanno optato per una batteria di<strong> 5.000 milliampere<\/strong>. Porta micro USB e ricarica da 10 watt.<\/p>\n<p><img loading=\"lazy\" decoding=\"async\" class=\"alignleft wp-image-40406 size-large\" src=\"https:\/\/www.kibotek.com\/wp-content\/uploads\/2021\/12\/kiboTEK_realme_c21y__003-1024x500.png\" alt=\"\" width=\"1024\" height=\"500\" title=\"\" srcset=\"https:\/\/www.kibotek.com\/wp-content\/uploads\/2021\/12\/kiboTEK_realme_c21y__003-1024x500.png 1024w, https:\/\/www.kibotek.com\/wp-content\/uploads\/2021\/12\/kiboTEK_realme_c21y__003-430x210.png 430w, https:\/\/www.kibotek.com\/wp-content\/uploads\/2021\/12\/kiboTEK_realme_c21y__003-150x73.png 150w, https:\/\/www.kibotek.com\/wp-content\/uploads\/2021\/12\/kiboTEK_realme_c21y__003-700x341.png 700w, https:\/\/www.kibotek.com\/wp-content\/uploads\/2021\/12\/kiboTEK_realme_c21y__003-300x146.png 300w, https:\/\/www.kibotek.com\/wp-content\/uploads\/2021\/12\/kiboTEK_realme_c21y__003-768x375.png 768w, https:\/\/www.kibotek.com\/wp-content\/uploads\/2021\/12\/kiboTEK_realme_c21y__003-18x9.png 18w, https:\/\/www.kibotek.com\/wp-content\/uploads\/2021\/12\/kiboTEK_realme_c21y__003-600x293.png 600w, https:\/\/www.kibotek.com\/wp-content\/uploads\/2021\/12\/kiboTEK_realme_c21y__003.png 1230w\" sizes=\"auto, (max-width: 1024px) 100vw, 1024px\" \/><\/p>\n<h3>Connettivit\u00e0<\/h3>\n<p>Bene, in questo terminale abbiamo praticamente tutto. Wi-Fi, Bluetooth 5.0, minijack, LTE, micro USB... Quello che ti aspetteresti da un terminale entry-level.<\/p>\n<p>Su kiboTEK puoi acquistare Realme C21Y 4GB\/64GB Unsealed KM 0 con la garanzia e la sicurezza del miglior negozio Realme in Spagna Europa.<\/p>","protected":false},"excerpt":{"rendered":"<p><strong><em>ACQUISTA ORA E RICEVI IN 24 ORE IN SPAGNA\ud83d\ude80<\/em><\/strong><\/p>\n<p><strong><em>ACQUISTA ORA E RICEVI IN 72 ORE IN EUROPA \ud83d\ude80<\/em><\/strong><\/p>","protected":false},"featured_media":40409,"comment_status":"open","ping_status":"closed","template":"","meta":{"iawp_total_views":50},"product_brand":[8163],"product_cat":[76,332,79],"product_tag":[7698,6771,3977],"class_list":{"0":"post-45202","1":"product","2":"type-product","3":"status-publish","4":"has-post-thumbnail","6":"product_brand-comprar-lo-mejor-de-realme","7":"product_cat-comprar-los-mejores-moviles-de-gama-media","8":"product_cat-comprar-los-mejores-moviles-mas-famosos","9":"product_cat-comprar-los-mejores-moviles","10":"product_tag-all","11":"product_tag-ofertas","12":"product_tag-new","13":"pa_procesador-unisoc-tiger-t610","14":"pa_sistema-operativo-realme-ui-2-0-android-11","16":"first","17":"outofstock","18":"sale","19":"taxable","20":"shipping-taxable","21":"purchasable","22":"product-type-variable","23":"has-default-attributes"},"supplier_id":null,"supplier_sku":"","barcode":null,"atum_controlled":true,"out_stock_date":null,"out_stock_threshold":null,"inheritable":true,"inbound_stock":null,"stock_on_hold":0,"sold_today":0,"sales_last_days":0,"reserved_stock":null,"customer_returns":null,"warehouse_damage":null,"lost_in_post":null,"other_logs":null,"out_stock_days":0,"lost_sales":0,"has_location":true,"update_date":"2026-05-08T21:16:17","atum_locations":[{"id":41,"name":"Bilbao","slug":"bilbao"}],"atum_stock_status":"outofstock","restock_status":false,"low_stock_amount":"","sales_update_date":"2026-04-29T00:01:03","calc_backorders":null,"_links":{"self":[{"href":"https:\/\/www.kibotek.com\/it\/wp-json\/wp\/v2\/product\/45202","targetHints":{"allow":["GET"]}}],"collection":[{"href":"https:\/\/www.kibotek.com\/it\/wp-json\/wp\/v2\/product"}],"about":[{"href":"https:\/\/www.kibotek.com\/it\/wp-json\/wp\/v2\/types\/product"}],"replies":[{"embeddable":true,"href":"https:\/\/www.kibotek.com\/it\/wp-json\/wp\/v2\/comments?post=45202"}],"version-history":[{"count":0,"href":"https:\/\/www.kibotek.com\/it\/wp-json\/wp\/v2\/product\/45202\/revisions"}],"wp:featuredmedia":[{"embeddable":true,"href":"https:\/\/www.kibotek.com\/it\/wp-json\/wp\/v2\/media\/40409"}],"wp:attachment":[{"href":"https:\/\/www.kibotek.com\/it\/wp-json\/wp\/v2\/media?parent=45202"}],"wp:term":[{"taxonomy":"product_brand","embeddable":true,"href":"https:\/\/www.kibotek.com\/it\/wp-json\/wp\/v2\/product_brand?post=45202"},{"taxonomy":"product_cat","embeddable":true,"href":"https:\/\/www.kibotek.com\/it\/wp-json\/wp\/v2\/product_cat?post=45202"},{"taxonomy":"product_tag","embeddable":true,"href":"https:\/\/www.kibotek.com\/it\/wp-json\/wp\/v2\/product_tag?post=45202"}],"curies":[{"name":"parola chiave","href":"https:\/\/api.w.org\/{rel}","templated":true}]}}