{"id":43066,"date":"2022-05-21T10:57:25","date_gmt":"2022-05-21T08:57:25","guid":{"rendered":"https:\/\/www.kibotek.com\/?post_type=product&#038;p=43066"},"modified":"2026-04-17T23:33:27","modified_gmt":"2026-04-17T21:33:27","slug":"xiaomi-gamepad-edizione-delite","status":"publish","type":"product","link":"https:\/\/www.kibotek.com\/it\/kibostore\/xiaomi-gamepad-elite-edition\/","title":{"rendered":"Edizione Xiaomi GamePad Elite"},"content":{"rendered":"<p>Acquista Xiaomi GamePad Elite Edition con spedizione dalla Spagna Europa in 24 ore e con garanzia europea.<\/p>\n<ul>\n<li>Gamepad Xiaomi Elite Edition<\/li>\n<li>Compatibile con Console, smartphone Android, SmartTV e PC<\/li>\n<li>Giroscopio a 6 assi<\/li>\n<li>motore a vibrazione<\/li>\n<li>Accessorio docking per smartphone<\/li>\n<li>Bluetooth 5.0 e 2.4 Ghz<\/li>\n<li>Colore bianco<\/li>\n<\/ul>\n<p><img loading=\"lazy\" decoding=\"async\" class=\"alignleft wp-image-43079 size-large\" src=\"https:\/\/www.kibotek.com\/wp-content\/uploads\/2022\/05\/kiboTEK_Xiaomi_GamePad_Elite_Edition_012-1024x729.jpeg\" alt=\"\" width=\"1024\" height=\"729\" title=\"\" srcset=\"https:\/\/www.kibotek.com\/wp-content\/uploads\/2022\/05\/kiboTEK_Xiaomi_GamePad_Elite_Edition_012-1024x729.jpeg 1024w, https:\/\/www.kibotek.com\/wp-content\/uploads\/2022\/05\/kiboTEK_Xiaomi_GamePad_Elite_Edition_012-430x306.jpeg 430w, https:\/\/www.kibotek.com\/wp-content\/uploads\/2022\/05\/kiboTEK_Xiaomi_GamePad_Elite_Edition_012-150x107.jpeg 150w, https:\/\/www.kibotek.com\/wp-content\/uploads\/2022\/05\/kiboTEK_Xiaomi_GamePad_Elite_Edition_012-700x498.jpeg 700w, https:\/\/www.kibotek.com\/wp-content\/uploads\/2022\/05\/kiboTEK_Xiaomi_GamePad_Elite_Edition_012-300x213.jpeg 300w, https:\/\/www.kibotek.com\/wp-content\/uploads\/2022\/05\/kiboTEK_Xiaomi_GamePad_Elite_Edition_012-768x546.jpeg 768w, https:\/\/www.kibotek.com\/wp-content\/uploads\/2022\/05\/kiboTEK_Xiaomi_GamePad_Elite_Edition_012-18x12.jpeg 18w, https:\/\/www.kibotek.com\/wp-content\/uploads\/2022\/05\/kiboTEK_Xiaomi_GamePad_Elite_Edition_012-600x427.jpeg 600w, https:\/\/www.kibotek.com\/wp-content\/uploads\/2022\/05\/kiboTEK_Xiaomi_GamePad_Elite_Edition_012.jpeg 1366w\" sizes=\"auto, (max-width: 1024px) 100vw, 1024px\" \/><\/p>\n<h3>Ciao giocatori! Xiaomi ti saluta!<\/h3>\n<p>Il brand cinese lo ha fatto di nuovo e questa volta ci presenta uno spettacolo spettacolare <strong>controller di gioco<\/strong> che delizier\u00e0 tutti i giocatori su diverse piattaforme.<\/p>\n<p><img loading=\"lazy\" decoding=\"async\" class=\"alignleft wp-image-43078 size-large\" src=\"https:\/\/www.kibotek.com\/wp-content\/uploads\/2022\/05\/kiboTEK_Xiaomi_GamePad_Elite_Edition_011-1024x713.jpeg\" alt=\"\" width=\"1024\" height=\"713\" title=\"\" srcset=\"https:\/\/www.kibotek.com\/wp-content\/uploads\/2022\/05\/kiboTEK_Xiaomi_GamePad_Elite_Edition_011-1024x713.jpeg 1024w, https:\/\/www.kibotek.com\/wp-content\/uploads\/2022\/05\/kiboTEK_Xiaomi_GamePad_Elite_Edition_011-430x299.jpeg 430w, https:\/\/www.kibotek.com\/wp-content\/uploads\/2022\/05\/kiboTEK_Xiaomi_GamePad_Elite_Edition_011-150x104.jpeg 150w, https:\/\/www.kibotek.com\/wp-content\/uploads\/2022\/05\/kiboTEK_Xiaomi_GamePad_Elite_Edition_011-700x487.jpeg 700w, https:\/\/www.kibotek.com\/wp-content\/uploads\/2022\/05\/kiboTEK_Xiaomi_GamePad_Elite_Edition_011-300x209.jpeg 300w, https:\/\/www.kibotek.com\/wp-content\/uploads\/2022\/05\/kiboTEK_Xiaomi_GamePad_Elite_Edition_011-768x535.jpeg 768w, https:\/\/www.kibotek.com\/wp-content\/uploads\/2022\/05\/kiboTEK_Xiaomi_GamePad_Elite_Edition_011-18x12.jpeg 18w, https:\/\/www.kibotek.com\/wp-content\/uploads\/2022\/05\/kiboTEK_Xiaomi_GamePad_Elite_Edition_011-600x418.jpeg 600w, https:\/\/www.kibotek.com\/wp-content\/uploads\/2022\/05\/kiboTEK_Xiaomi_GamePad_Elite_Edition_011.jpeg 1366w\" sizes=\"auto, (max-width: 1024px) 100vw, 1024px\" \/><\/p>\n<h3>Si adatta perfettamente alla mano<\/h3>\n<p>Il design come sempre in Xiaomi \u00e8 molto importante e la prova di ci\u00f2 \u00e8 questo gamepad che \u00e8 <strong>si adatta perfettamente alla nostra mano.<\/strong> Questo controller \u00e8 simile a quello che possiamo trovare su PlayStation 4 con un formato in cui abbiamo due joystick in posizione asimmetrica prodotto da ALPS.<\/p>\n<p><img loading=\"lazy\" decoding=\"async\" class=\"alignleft wp-image-43076 size-large\" src=\"https:\/\/www.kibotek.com\/wp-content\/uploads\/2022\/05\/kiboTEK_Xiaomi_GamePad_Elite_Edition_009-1024x624.jpeg\" alt=\"\" width=\"1024\" height=\"624\" title=\"\" srcset=\"https:\/\/www.kibotek.com\/wp-content\/uploads\/2022\/05\/kiboTEK_Xiaomi_GamePad_Elite_Edition_009-1024x624.jpeg 1024w, https:\/\/www.kibotek.com\/wp-content\/uploads\/2022\/05\/kiboTEK_Xiaomi_GamePad_Elite_Edition_009-430x262.jpeg 430w, https:\/\/www.kibotek.com\/wp-content\/uploads\/2022\/05\/kiboTEK_Xiaomi_GamePad_Elite_Edition_009-150x91.jpeg 150w, https:\/\/www.kibotek.com\/wp-content\/uploads\/2022\/05\/kiboTEK_Xiaomi_GamePad_Elite_Edition_009-700x427.jpeg 700w, https:\/\/www.kibotek.com\/wp-content\/uploads\/2022\/05\/kiboTEK_Xiaomi_GamePad_Elite_Edition_009-300x183.jpeg 300w, https:\/\/www.kibotek.com\/wp-content\/uploads\/2022\/05\/kiboTEK_Xiaomi_GamePad_Elite_Edition_009-768x468.jpeg 768w, https:\/\/www.kibotek.com\/wp-content\/uploads\/2022\/05\/kiboTEK_Xiaomi_GamePad_Elite_Edition_009-18x12.jpeg 18w, https:\/\/www.kibotek.com\/wp-content\/uploads\/2022\/05\/kiboTEK_Xiaomi_GamePad_Elite_Edition_009-600x366.jpeg 600w, https:\/\/www.kibotek.com\/wp-content\/uploads\/2022\/05\/kiboTEK_Xiaomi_GamePad_Elite_Edition_009.jpeg 1366w\" sizes=\"auto, (max-width: 1024px) 100vw, 1024px\" \/><\/p>\n<p><img loading=\"lazy\" decoding=\"async\" class=\"alignleft wp-image-43070 size-full\" src=\"https:\/\/www.kibotek.com\/wp-content\/uploads\/2022\/05\/kiboTEK_Xiaomi_GamePad_Elite_Edition_003.jpg\" alt=\"\" width=\"741\" height=\"738\" title=\"\" srcset=\"https:\/\/www.kibotek.com\/wp-content\/uploads\/2022\/05\/kiboTEK_Xiaomi_GamePad_Elite_Edition_003.jpg 741w, https:\/\/www.kibotek.com\/wp-content\/uploads\/2022\/05\/kiboTEK_Xiaomi_GamePad_Elite_Edition_003-430x428.jpg 430w, https:\/\/www.kibotek.com\/wp-content\/uploads\/2022\/05\/kiboTEK_Xiaomi_GamePad_Elite_Edition_003-150x150.jpg 150w, https:\/\/www.kibotek.com\/wp-content\/uploads\/2022\/05\/kiboTEK_Xiaomi_GamePad_Elite_Edition_003-700x697.jpg 700w, https:\/\/www.kibotek.com\/wp-content\/uploads\/2022\/05\/kiboTEK_Xiaomi_GamePad_Elite_Edition_003-300x300.jpg 300w, https:\/\/www.kibotek.com\/wp-content\/uploads\/2022\/05\/kiboTEK_Xiaomi_GamePad_Elite_Edition_003-12x12.jpg 12w, https:\/\/www.kibotek.com\/wp-content\/uploads\/2022\/05\/kiboTEK_Xiaomi_GamePad_Elite_Edition_003-600x598.jpg 600w, https:\/\/www.kibotek.com\/wp-content\/uploads\/2022\/05\/kiboTEK_Xiaomi_GamePad_Elite_Edition_003-100x100.jpg 100w, https:\/\/www.kibotek.com\/wp-content\/uploads\/2022\/05\/kiboTEK_Xiaomi_GamePad_Elite_Edition_003-32x32.jpg 32w\" sizes=\"auto, (max-width: 741px) 100vw, 741px\" \/><\/p>\n<p>In compenso abbiamo un curioso pad direzionale, i pulsanti A\/B\/X\/Y e diversi trigger. Il design \u00e8 minimalista e il colore \u00e8 bianco.<\/p>\n<h3>Giroscopio a 6 assi<\/h3>\n<p>Questo magnifico Xiaomi Gamepad Elite Edition ha un sensore giroscopico InvenSense a 6 assi che ci permetter\u00e0 una risposta tattile durante i videogiochi. Come potrebbe essere altrimenti, questo controller di gioco Xiaomi ha <strong>Connettivit\u00e0 Bluetooth per le bande 5 e 2,4 GHz<\/strong> grazie a uno dei migliori chip wireless attualmente realizzati dall&#039;azienda Nordic Semiconductor.<\/p>\n<p><a href=\"https:\/\/www.kibotek.com\/wp-content\/uploads\/2022\/05\/kiboTEK_Xiaomi_GamePad_Elite_Edition_007.jpg\"><img loading=\"lazy\" decoding=\"async\" class=\"alignleft wp-image-43074 size-full\" src=\"https:\/\/www.kibotek.com\/wp-content\/uploads\/2022\/05\/kiboTEK_Xiaomi_GamePad_Elite_Edition_007.jpg\" alt=\"\" width=\"832\" height=\"739\" title=\"\" srcset=\"https:\/\/www.kibotek.com\/wp-content\/uploads\/2022\/05\/kiboTEK_Xiaomi_GamePad_Elite_Edition_007.jpg 832w, https:\/\/www.kibotek.com\/wp-content\/uploads\/2022\/05\/kiboTEK_Xiaomi_GamePad_Elite_Edition_007-430x382.jpg 430w, https:\/\/www.kibotek.com\/wp-content\/uploads\/2022\/05\/kiboTEK_Xiaomi_GamePad_Elite_Edition_007-150x133.jpg 150w, https:\/\/www.kibotek.com\/wp-content\/uploads\/2022\/05\/kiboTEK_Xiaomi_GamePad_Elite_Edition_007-700x622.jpg 700w, https:\/\/www.kibotek.com\/wp-content\/uploads\/2022\/05\/kiboTEK_Xiaomi_GamePad_Elite_Edition_007-300x266.jpg 300w, https:\/\/www.kibotek.com\/wp-content\/uploads\/2022\/05\/kiboTEK_Xiaomi_GamePad_Elite_Edition_007-768x682.jpg 768w, https:\/\/www.kibotek.com\/wp-content\/uploads\/2022\/05\/kiboTEK_Xiaomi_GamePad_Elite_Edition_007-14x12.jpg 14w, https:\/\/www.kibotek.com\/wp-content\/uploads\/2022\/05\/kiboTEK_Xiaomi_GamePad_Elite_Edition_007-600x533.jpg 600w\" sizes=\"auto, (max-width: 832px) 100vw, 832px\" \/><\/a> <img loading=\"lazy\" decoding=\"async\" class=\"alignleft wp-image-43072 size-full\" src=\"https:\/\/www.kibotek.com\/wp-content\/uploads\/2022\/05\/kiboTEK_Xiaomi_GamePad_Elite_Edition_005.jpg\" alt=\"\" width=\"888\" height=\"737\" title=\"\" srcset=\"https:\/\/www.kibotek.com\/wp-content\/uploads\/2022\/05\/kiboTEK_Xiaomi_GamePad_Elite_Edition_005.jpg 888w, https:\/\/www.kibotek.com\/wp-content\/uploads\/2022\/05\/kiboTEK_Xiaomi_GamePad_Elite_Edition_005-430x357.jpg 430w, https:\/\/www.kibotek.com\/wp-content\/uploads\/2022\/05\/kiboTEK_Xiaomi_GamePad_Elite_Edition_005-150x124.jpg 150w, https:\/\/www.kibotek.com\/wp-content\/uploads\/2022\/05\/kiboTEK_Xiaomi_GamePad_Elite_Edition_005-700x581.jpg 700w, https:\/\/www.kibotek.com\/wp-content\/uploads\/2022\/05\/kiboTEK_Xiaomi_GamePad_Elite_Edition_005-300x249.jpg 300w, https:\/\/www.kibotek.com\/wp-content\/uploads\/2022\/05\/kiboTEK_Xiaomi_GamePad_Elite_Edition_005-768x637.jpg 768w, https:\/\/www.kibotek.com\/wp-content\/uploads\/2022\/05\/kiboTEK_Xiaomi_GamePad_Elite_Edition_005-14x12.jpg 14w, https:\/\/www.kibotek.com\/wp-content\/uploads\/2022\/05\/kiboTEK_Xiaomi_GamePad_Elite_Edition_005-600x498.jpg 600w\" sizes=\"auto, (max-width: 888px) 100vw, 888px\" \/> <img loading=\"lazy\" decoding=\"async\" class=\"alignleft wp-image-43073 size-full\" src=\"https:\/\/www.kibotek.com\/wp-content\/uploads\/2022\/05\/kiboTEK_Xiaomi_GamePad_Elite_Edition_006.jpg\" alt=\"\" width=\"739\" height=\"736\" title=\"\" srcset=\"https:\/\/www.kibotek.com\/wp-content\/uploads\/2022\/05\/kiboTEK_Xiaomi_GamePad_Elite_Edition_006.jpg 739w, https:\/\/www.kibotek.com\/wp-content\/uploads\/2022\/05\/kiboTEK_Xiaomi_GamePad_Elite_Edition_006-430x428.jpg 430w, https:\/\/www.kibotek.com\/wp-content\/uploads\/2022\/05\/kiboTEK_Xiaomi_GamePad_Elite_Edition_006-150x150.jpg 150w, https:\/\/www.kibotek.com\/wp-content\/uploads\/2022\/05\/kiboTEK_Xiaomi_GamePad_Elite_Edition_006-700x697.jpg 700w, https:\/\/www.kibotek.com\/wp-content\/uploads\/2022\/05\/kiboTEK_Xiaomi_GamePad_Elite_Edition_006-300x300.jpg 300w, https:\/\/www.kibotek.com\/wp-content\/uploads\/2022\/05\/kiboTEK_Xiaomi_GamePad_Elite_Edition_006-12x12.jpg 12w, https:\/\/www.kibotek.com\/wp-content\/uploads\/2022\/05\/kiboTEK_Xiaomi_GamePad_Elite_Edition_006-600x598.jpg 600w, https:\/\/www.kibotek.com\/wp-content\/uploads\/2022\/05\/kiboTEK_Xiaomi_GamePad_Elite_Edition_006-100x100.jpg 100w, https:\/\/www.kibotek.com\/wp-content\/uploads\/2022\/05\/kiboTEK_Xiaomi_GamePad_Elite_Edition_006-32x32.jpg 32w\" sizes=\"auto, (max-width: 739px) 100vw, 739px\" \/><\/p>\n<h3>Compatibile con pi\u00f9 sistemi<\/h3>\n<p>Abbiamo una compatibilit\u00e0 ottimale per pi\u00f9 sistemi in cui piattaforme come <strong>Windows, Steam o Smart TV con Android<\/strong>. Ovviamente questo Xiaomi Gamepad Elite Edition \u00e8 compatibile con tablet e cellulari Android.<\/p>\n<p><img loading=\"lazy\" decoding=\"async\" class=\"alignleft wp-image-43071 size-full\" src=\"https:\/\/www.kibotek.com\/wp-content\/uploads\/2022\/05\/kiboTEK_Xiaomi_GamePad_Elite_Edition_004.jpg\" alt=\"\" width=\"732\" height=\"735\" title=\"\" srcset=\"https:\/\/www.kibotek.com\/wp-content\/uploads\/2022\/05\/kiboTEK_Xiaomi_GamePad_Elite_Edition_004.jpg 732w, https:\/\/www.kibotek.com\/wp-content\/uploads\/2022\/05\/kiboTEK_Xiaomi_GamePad_Elite_Edition_004-430x432.jpg 430w, https:\/\/www.kibotek.com\/wp-content\/uploads\/2022\/05\/kiboTEK_Xiaomi_GamePad_Elite_Edition_004-150x150.jpg 150w, https:\/\/www.kibotek.com\/wp-content\/uploads\/2022\/05\/kiboTEK_Xiaomi_GamePad_Elite_Edition_004-700x703.jpg 700w, https:\/\/www.kibotek.com\/wp-content\/uploads\/2022\/05\/kiboTEK_Xiaomi_GamePad_Elite_Edition_004-300x300.jpg 300w, https:\/\/www.kibotek.com\/wp-content\/uploads\/2022\/05\/kiboTEK_Xiaomi_GamePad_Elite_Edition_004-12x12.jpg 12w, https:\/\/www.kibotek.com\/wp-content\/uploads\/2022\/05\/kiboTEK_Xiaomi_GamePad_Elite_Edition_004-600x602.jpg 600w, https:\/\/www.kibotek.com\/wp-content\/uploads\/2022\/05\/kiboTEK_Xiaomi_GamePad_Elite_Edition_004-100x100.jpg 100w, https:\/\/www.kibotek.com\/wp-content\/uploads\/2022\/05\/kiboTEK_Xiaomi_GamePad_Elite_Edition_004-32x32.jpg 32w\" sizes=\"auto, (max-width: 732px) 100vw, 732px\" \/> <img loading=\"lazy\" decoding=\"async\" class=\"alignleft wp-image-43069 size-full\" src=\"https:\/\/www.kibotek.com\/wp-content\/uploads\/2022\/05\/kiboTEK_Xiaomi_GamePad_Elite_Edition_002.jpg\" alt=\"\" width=\"732\" height=\"741\" title=\"\" srcset=\"https:\/\/www.kibotek.com\/wp-content\/uploads\/2022\/05\/kiboTEK_Xiaomi_GamePad_Elite_Edition_002.jpg 732w, https:\/\/www.kibotek.com\/wp-content\/uploads\/2022\/05\/kiboTEK_Xiaomi_GamePad_Elite_Edition_002-430x435.jpg 430w, https:\/\/www.kibotek.com\/wp-content\/uploads\/2022\/05\/kiboTEK_Xiaomi_GamePad_Elite_Edition_002-150x152.jpg 150w, https:\/\/www.kibotek.com\/wp-content\/uploads\/2022\/05\/kiboTEK_Xiaomi_GamePad_Elite_Edition_002-700x709.jpg 700w, https:\/\/www.kibotek.com\/wp-content\/uploads\/2022\/05\/kiboTEK_Xiaomi_GamePad_Elite_Edition_002-296x300.jpg 296w, https:\/\/www.kibotek.com\/wp-content\/uploads\/2022\/05\/kiboTEK_Xiaomi_GamePad_Elite_Edition_002-12x12.jpg 12w, https:\/\/www.kibotek.com\/wp-content\/uploads\/2022\/05\/kiboTEK_Xiaomi_GamePad_Elite_Edition_002-600x607.jpg 600w, https:\/\/www.kibotek.com\/wp-content\/uploads\/2022\/05\/kiboTEK_Xiaomi_GamePad_Elite_Edition_002-100x100.jpg 100w, https:\/\/www.kibotek.com\/wp-content\/uploads\/2022\/05\/kiboTEK_Xiaomi_GamePad_Elite_Edition_002-32x32.jpg 32w\" sizes=\"auto, (max-width: 732px) 100vw, 732px\" \/><\/p>\n<h3>Include accessorio per attaccare lo smartphone<\/h3>\n<p>In effetti, questo controller di gioco ha un accessorio che ci consentir\u00e0 <strong>collegare il nostro cellulare al comando<\/strong>. In questo modo avremo la possibilit\u00e0 di giocare con il nostro controller e smartphone ovunque come se fosse una console portatile.<\/p>\n<p><img loading=\"lazy\" decoding=\"async\" class=\"alignleft wp-image-43077 size-large\" src=\"https:\/\/www.kibotek.com\/wp-content\/uploads\/2022\/05\/kiboTEK_Xiaomi_GamePad_Elite_Edition_010-1024x899.jpeg\" alt=\"\" width=\"1024\" height=\"899\" title=\"\" srcset=\"https:\/\/www.kibotek.com\/wp-content\/uploads\/2022\/05\/kiboTEK_Xiaomi_GamePad_Elite_Edition_010-1024x899.jpeg 1024w, https:\/\/www.kibotek.com\/wp-content\/uploads\/2022\/05\/kiboTEK_Xiaomi_GamePad_Elite_Edition_010-430x377.jpeg 430w, https:\/\/www.kibotek.com\/wp-content\/uploads\/2022\/05\/kiboTEK_Xiaomi_GamePad_Elite_Edition_010-150x132.jpeg 150w, https:\/\/www.kibotek.com\/wp-content\/uploads\/2022\/05\/kiboTEK_Xiaomi_GamePad_Elite_Edition_010-700x614.jpeg 700w, https:\/\/www.kibotek.com\/wp-content\/uploads\/2022\/05\/kiboTEK_Xiaomi_GamePad_Elite_Edition_010-300x263.jpeg 300w, https:\/\/www.kibotek.com\/wp-content\/uploads\/2022\/05\/kiboTEK_Xiaomi_GamePad_Elite_Edition_010-768x674.jpeg 768w, https:\/\/www.kibotek.com\/wp-content\/uploads\/2022\/05\/kiboTEK_Xiaomi_GamePad_Elite_Edition_010-14x12.jpeg 14w, https:\/\/www.kibotek.com\/wp-content\/uploads\/2022\/05\/kiboTEK_Xiaomi_GamePad_Elite_Edition_010-600x527.jpeg 600w, https:\/\/www.kibotek.com\/wp-content\/uploads\/2022\/05\/kiboTEK_Xiaomi_GamePad_Elite_Edition_010.jpeg 1366w\" sizes=\"auto, (max-width: 1024px) 100vw, 1024px\" \/> \u00a0<img loading=\"lazy\" decoding=\"async\" class=\"alignleft wp-image-43075 size-full\" src=\"https:\/\/www.kibotek.com\/wp-content\/uploads\/2022\/05\/kiboTEK_Xiaomi_GamePad_Elite_Edition_008.jpg\" alt=\"\" width=\"596\" height=\"732\" title=\"\" srcset=\"https:\/\/www.kibotek.com\/wp-content\/uploads\/2022\/05\/kiboTEK_Xiaomi_GamePad_Elite_Edition_008.jpg 596w, https:\/\/www.kibotek.com\/wp-content\/uploads\/2022\/05\/kiboTEK_Xiaomi_GamePad_Elite_Edition_008-430x528.jpg 430w, https:\/\/www.kibotek.com\/wp-content\/uploads\/2022\/05\/kiboTEK_Xiaomi_GamePad_Elite_Edition_008-150x184.jpg 150w, https:\/\/www.kibotek.com\/wp-content\/uploads\/2022\/05\/kiboTEK_Xiaomi_GamePad_Elite_Edition_008-244x300.jpg 244w, https:\/\/www.kibotek.com\/wp-content\/uploads\/2022\/05\/kiboTEK_Xiaomi_GamePad_Elite_Edition_008-10x12.jpg 10w\" sizes=\"auto, (max-width: 596px) 100vw, 596px\" \/> <img loading=\"lazy\" decoding=\"async\" class=\"alignleft wp-image-43068 size-full\" src=\"https:\/\/www.kibotek.com\/wp-content\/uploads\/2022\/05\/kiboTEK_Xiaomi_GamePad_Elite_Edition_001.jpg\" alt=\"\" width=\"927\" height=\"639\" title=\"\" srcset=\"https:\/\/www.kibotek.com\/wp-content\/uploads\/2022\/05\/kiboTEK_Xiaomi_GamePad_Elite_Edition_001.jpg 927w, https:\/\/www.kibotek.com\/wp-content\/uploads\/2022\/05\/kiboTEK_Xiaomi_GamePad_Elite_Edition_001-430x296.jpg 430w, https:\/\/www.kibotek.com\/wp-content\/uploads\/2022\/05\/kiboTEK_Xiaomi_GamePad_Elite_Edition_001-150x103.jpg 150w, https:\/\/www.kibotek.com\/wp-content\/uploads\/2022\/05\/kiboTEK_Xiaomi_GamePad_Elite_Edition_001-700x483.jpg 700w, https:\/\/www.kibotek.com\/wp-content\/uploads\/2022\/05\/kiboTEK_Xiaomi_GamePad_Elite_Edition_001-300x207.jpg 300w, https:\/\/www.kibotek.com\/wp-content\/uploads\/2022\/05\/kiboTEK_Xiaomi_GamePad_Elite_Edition_001-768x529.jpg 768w, https:\/\/www.kibotek.com\/wp-content\/uploads\/2022\/05\/kiboTEK_Xiaomi_GamePad_Elite_Edition_001-18x12.jpg 18w, https:\/\/www.kibotek.com\/wp-content\/uploads\/2022\/05\/kiboTEK_Xiaomi_GamePad_Elite_Edition_001-600x414.jpg 600w\" sizes=\"auto, (max-width: 927px) 100vw, 927px\" \/><\/p>\n<p>Se sei un giocatore e ti piace Xiaomi questo \u00e8 il <strong>combinazione perfetta per giocare<\/strong>, pu\u00f2 <strong>Acquista questo magnifico Xiaomi Gamepad Elite Edition su kiboTEK con spedizione entro 24 ore e garanzia europea.<\/strong><\/p>\n<p>Su kiboTEK puoi acquistare lo Xiaomi GamePad Elite Edition con la garanzia e la sicurezza del miglior negozio di giochi online in Spagna con spedizioni entro 24\/72 ore in tutta Europa.<\/p>","protected":false},"excerpt":{"rendered":"<p><strong><em>ACQUISTA ORA E RICEVI IN 24 ORE IN SPAGNA\ud83d\ude80<\/em><\/strong><\/p>\n<p><strong><em>ACQUISTA ORA E RICEVI IN 72 ORE IN EUROPA \ud83d\ude80<\/em><\/strong><\/p>","protected":false},"featured_media":43085,"comment_status":"open","ping_status":"closed","template":"","meta":{"iawp_total_views":255},"product_brand":[8155],"product_cat":[7078,7809,5514],"product_tag":[1798,7698],"class_list":{"0":"post-43066","1":"product","2":"type-product","3":"status-publish","4":"has-post-thumbnail","6":"product_brand-comprar-lo-mejor-de-xiaomi","7":"product_cat-accesorios-pc","8":"product_cat-consolas-retro","9":"product_cat-consolas-retro-gaming-arcade-bartop-pandora-box-anbernic-powkiddy","10":"product_tag-acc_top","11":"product_tag-all","13":"first","14":"outofstock","15":"sale","16":"featured","17":"taxable","18":"shipping-taxable","19":"purchasable","20":"product-type-simple"},"supplier_id":null,"supplier_sku":"","barcode":null,"atum_controlled":true,"out_stock_date":"2025-03-29 11:34:53","out_stock_threshold":null,"inheritable":false,"inbound_stock":null,"stock_on_hold":0,"sold_today":0,"sales_last_days":0,"reserved_stock":null,"customer_returns":null,"warehouse_damage":null,"lost_in_post":null,"other_logs":null,"out_stock_days":383,"lost_sales":0,"has_location":true,"update_date":"2026-04-17T21:33:29","atum_locations":[{"id":41,"name":"Bilbao","slug":"bilbao"}],"atum_stock_status":"outofstock","restock_status":false,"low_stock_amount":"","sales_update_date":"2026-04-17T05:01:58","calc_backorders":null,"_links":{"self":[{"href":"https:\/\/www.kibotek.com\/it\/wp-json\/wp\/v2\/product\/43066","targetHints":{"allow":["GET"]}}],"collection":[{"href":"https:\/\/www.kibotek.com\/it\/wp-json\/wp\/v2\/product"}],"about":[{"href":"https:\/\/www.kibotek.com\/it\/wp-json\/wp\/v2\/types\/product"}],"replies":[{"embeddable":true,"href":"https:\/\/www.kibotek.com\/it\/wp-json\/wp\/v2\/comments?post=43066"}],"version-history":[{"count":0,"href":"https:\/\/www.kibotek.com\/it\/wp-json\/wp\/v2\/product\/43066\/revisions"}],"wp:featuredmedia":[{"embeddable":true,"href":"https:\/\/www.kibotek.com\/it\/wp-json\/wp\/v2\/media\/43085"}],"wp:attachment":[{"href":"https:\/\/www.kibotek.com\/it\/wp-json\/wp\/v2\/media?parent=43066"}],"wp:term":[{"taxonomy":"product_brand","embeddable":true,"href":"https:\/\/www.kibotek.com\/it\/wp-json\/wp\/v2\/product_brand?post=43066"},{"taxonomy":"product_cat","embeddable":true,"href":"https:\/\/www.kibotek.com\/it\/wp-json\/wp\/v2\/product_cat?post=43066"},{"taxonomy":"product_tag","embeddable":true,"href":"https:\/\/www.kibotek.com\/it\/wp-json\/wp\/v2\/product_tag?post=43066"}],"curies":[{"name":"parola chiave","href":"https:\/\/api.w.org\/{rel}","templated":true}]}}