{"id":17160,"date":"2020-04-16T21:22:40","date_gmt":"2020-04-16T19:22:40","guid":{"rendered":"https:\/\/www.kibotek.com\/?post_type=product&#038;p=17160"},"modified":"2026-04-18T23:52:10","modified_gmt":"2026-04-18T21:52:10","slug":"pack-maschera-filtro-kn95-ffp2-pm2-5-rockbros","status":"publish","type":"product","link":"https:\/\/www.kibotek.com\/it\/kibostore\/pack-de-filtros-mascarilla-kn95-pm2-5-rockbros\/","title":{"rendered":"Pacchetto filtro maschera Rockbros KN95 PM2.5"},"content":{"rendered":"<p>Acquista Pack di Filtri per Maschera KN95 PM2.5 Rockbros CoolChange con spedizione dalla Spagna<\/p>\n<p>Trattiene agenti patogeni (virus, batteri, spore), particelle (fuliggine, cenere) e allergeni (polline, acari)<\/p>\n<p>Questi filtri sono in grado di combattere gli inquinanti atmosferici come la foschia stagionale, <strong>tempeste di sabbia, raffreddore e agenti patogeni influenzali<\/strong>, pollini allergenici, grassi, fumo e gas di scarico, tra gli altri.<\/p>\n<p>Adatto per proteggerti KN95 antivirale, polvere, scarico anti-veicolo, allergia anti-polline, PM2,5 (particolato inferiore a 2,5 micron), per ciclismo, escursionismo, sci e altre attivit\u00e0 all&#039;aperto.<\/p>\n<div class=\"wp-video\" style=\"width: 1170px;\">\n<video id=\"video-0-1\" class=\"wp-video-shortcode\" width=\"1170\" height=\"658\"><a href=\"https:\/\/www.kibotek.com\/wp-content\/uploads\/2020\/03\/Mascara-filtro-facial-ROCKBROS-para-ciclismo-PM2.5-anit-fog-.mp4\">https:\/\/www.kibotek.com\/wp-content\/uploads\/2020\/03\/Mascara-filtro-facial-ROCKBROS-para-ciclismo-PM2.5-anit-fog-.mp4<\/a><\/video><\/div>\n<p>Il filtro interno intercambiabile \u00e8 composto da 5 strati di protezione:<\/p>\n<p>1. Strato: uno strato esterno in Spunbond, per evitare schizzi di liquidi e particelle pi\u00f9 grandi<\/p>\n<p>2. Strato: strato del filtro a carbone attivo, filtro dall&#039;inquinamento chimico trasportato dall&#039;aria<\/p>\n<p>3. Strato: strato di materiale fuso soffiato, filtrante una polvere pi\u00f9 piccola da 0,30 micron<\/p>\n<p>4. Strato: strato rinforzato Meltblown, che filtra le particelle PM2,5<\/p>\n<p>5. Strato: tessuto non tessuto Spunbond sullo strato interno, confortevole e morbido, piacevole al tatto<\/p>\n<p>In alcuni lotti il filtro KN95 pu\u00f2 essere composto da 4 strati; in questo caso, il terzo strato \u00e8 pi\u00f9 spesso di 50 g, rispetto ai normali 25 g dello strato a 5 strati.<\/p>\n<div class=\"detailmodule_text\">\n<p class=\"detail-desc-decorate-content\">Filtro intercambiabile, filtro a carboni attivi PM2,5 per bloccare efficacemente fumo e nebbia.<\/p>\n<p class=\"detail-desc-decorate-content\">Si consiglia di sostituire il filtro dopo 3-10 giorni di utilizzo.<\/p>\n<\/div>\n<p>Puoi acquistare i pacchetti di filtri per maschere Rockbros KN95 PM2.5 con la garanzia e la sicurezza di kiboTEK.<\/p>","protected":false},"excerpt":{"rendered":"<ul>\n<li>Pacchetto filtri per maschera di protezione Rockbros KN95 con filtro KN95 PM2.5<\/li>\n<li>Funzione: trattiene gli agenti patogeni (virus, batteri, spore), particelle (fuliggine, cenere) e allergeni (polline, acari)<\/li>\n<li>Taglia: taglia unica<\/li>\n<li>Uso: ciclismo, motociclismo, corsa, ciclismo, trekking, pesca, alpinismo, campeggio, fitness<\/li>\n<li>Fattura con IVA dettagliata, acquista con la garanzia e sicurezza kiboTEK.<\/li>\n<\/ul>","protected":false},"featured_media":17174,"comment_status":"closed","ping_status":"closed","template":"","meta":{"iawp_total_views":97},"product_brand":[],"product_cat":[5515],"product_tag":[7698],"class_list":{"0":"post-17160","1":"product","2":"type-product","3":"status-publish","4":"has-post-thumbnail","6":"product_cat-smartwatch-pulseras-tv-auriculares-smarthome-salud-relojes-para-ninos","7":"product_tag-all","9":"first","10":"instock","11":"sale","12":"taxable","13":"shipping-taxable","14":"purchasable","15":"product-type-variable","16":"has-default-attributes"},"supplier_id":null,"supplier_sku":"","barcode":null,"atum_controlled":true,"out_stock_date":null,"out_stock_threshold":null,"inheritable":true,"inbound_stock":0,"stock_on_hold":0,"sold_today":0,"sales_last_days":0,"reserved_stock":0,"customer_returns":0,"warehouse_damage":0,"lost_in_post":0,"other_logs":0,"out_stock_days":0,"lost_sales":0,"has_location":true,"update_date":"2026-04-18T21:52:05","atum_locations":[{"id":41,"name":"Bilbao","slug":"bilbao"}],"atum_stock_status":"instock","restock_status":false,"low_stock_amount":"","sales_update_date":"2026-04-09T04:59:22","calc_backorders":null,"_links":{"self":[{"href":"https:\/\/www.kibotek.com\/it\/wp-json\/wp\/v2\/product\/17160","targetHints":{"allow":["GET"]}}],"collection":[{"href":"https:\/\/www.kibotek.com\/it\/wp-json\/wp\/v2\/product"}],"about":[{"href":"https:\/\/www.kibotek.com\/it\/wp-json\/wp\/v2\/types\/product"}],"replies":[{"embeddable":true,"href":"https:\/\/www.kibotek.com\/it\/wp-json\/wp\/v2\/comments?post=17160"}],"version-history":[{"count":0,"href":"https:\/\/www.kibotek.com\/it\/wp-json\/wp\/v2\/product\/17160\/revisions"}],"wp:featuredmedia":[{"embeddable":true,"href":"https:\/\/www.kibotek.com\/it\/wp-json\/wp\/v2\/media\/17174"}],"wp:attachment":[{"href":"https:\/\/www.kibotek.com\/it\/wp-json\/wp\/v2\/media?parent=17160"}],"wp:term":[{"taxonomy":"product_brand","embeddable":true,"href":"https:\/\/www.kibotek.com\/it\/wp-json\/wp\/v2\/product_brand?post=17160"},{"taxonomy":"product_cat","embeddable":true,"href":"https:\/\/www.kibotek.com\/it\/wp-json\/wp\/v2\/product_cat?post=17160"},{"taxonomy":"product_tag","embeddable":true,"href":"https:\/\/www.kibotek.com\/it\/wp-json\/wp\/v2\/product_tag?post=17160"}],"curies":[{"name":"parola chiave","href":"https:\/\/api.w.org\/{rel}","templated":true}]}}