{"id":1979,"date":"2018-12-16T02:47:23","date_gmt":"2018-12-16T00:47:23","guid":{"rendered":"https:\/\/www.kibotek.com\/?page_id=1979"},"modified":"2020-11-29T11:52:48","modified_gmt":"2020-11-29T10:52:48","slug":"termini-e-condizioni","status":"publish","type":"page","link":"https:\/\/www.kibotek.com\/it\/terminos-y-condiciones\/","title":{"rendered":"Termini e condizioni"},"content":{"rendered":"<h2>Riguardo a noi<\/h2>\n<p>L&#039;indirizzo del nostro sito web \u00e8: https:\/\/www.kibotek.com.<\/p>\n<p>Il proprietario di questo sito web \u00e8 Sainz Caballero Comunicaciones, SL (di seguito SCCOM), una societ\u00e0 spagnola con CIF B-95782819, registrata il 6 novembre 2014 nel Registro Mercantile di Bilbao, Volume 5495, Folio 32, 1a voce con foglio BI-65157 e con sede legale in Karmelo Torre 14, Basauri in Vizcaya.<\/p>\n<h2>Termini e condizioni<\/h2>\n<p>SCCOM si riserva il diritto di apportare, in qualsiasi momento e senza necessit\u00e0 di preavviso, modifiche alle informazioni contenute nel proprio sito web o nella sua configurazione e presentazione.<\/p>\n<p>Sia l&#039;accesso a questo sito web che l&#039;uso che pu\u00f2 essere fatto delle informazioni in esso contenute sono di esclusiva responsabilit\u00e0 della persona che lo esegue. Per questo motivo, SCCOM non sar\u00e0 responsabile per qualsiasi conseguenza, danno o danno che possa derivare da tale accesso o utilizzo delle informazioni.<\/p>\n<p>SCCOM sar\u00e0 responsabile solo per errori od omissioni che compaiono nelle informazioni di sua propriet\u00e0, impegnandosi rispetto al resto delle informazioni a fare del suo meglio affinch\u00e9 i proprietari delle stesse procedano ad aggiornarle. I diritti derivanti da questo sito web nelle sue diverse modalit\u00e0 appartengono a SCCOM, pertanto il suo utilizzo non autorizzato da parte di terzi dar\u00e0 luogo alle responsabilit\u00e0 legalmente stabilite.<\/p>\n<p>Gli eventuali riferimenti che vengono fatti su questo sito Web a qualsiasi prodotto, servizio, processo, collegamento, ipertesto o qualsiasi altra informazione in cui il marchio, il nome commerciale o il nome del produttore, fornitore, ecc., Che sono di propriet\u00e0 di terze parti non costituiranno n\u00e9 implicheranno alcuna approvazione, sponsorizzazione o raccomandazione da parte di SCCOM.<\/p>\n<p>SCCOM si prende cura che le informazioni ei dati contenuti nel proprio sito web siano corretti. Tuttavia, non si assume alcuna responsabilit\u00e0 per l&#039;eventuale inserimento di informazioni errate.<\/p>\n<p>Lo scopo di queste informazioni \u00e8 fornire all&#039;utente una panoramica informativa dell&#039;azienda, dei prodotti e dei servizi di SCCOM, ma l&#039;utente non deve considerarli una fonte di informazioni assolutamente accurata, completa e aggiornata. SCCOM non si assume alcuna responsabilit\u00e0 per danni diretti o indiretti che potrebbero derivare dall&#039;utilizzo delle informazioni e dei dati inclusi in questo sito.<br \/>\nNon esistono diritti o obblighi tra SCCOM e l&#039;utente di questo sito Web o terzi.<\/p>\n<h2>Condizioni di acquisto<\/h2>\n<p>In caso di acquisto, l&#039;utente accetta le condizioni di garanzia, spedizione, reso e pagamento dettagliate nelle rispettive pagine:<\/p>\n<p><a href=\"https:\/\/www.kibotek.com\/it\/condizioni-di-garanzia\/\"><span style=\"color: #ff6600;\">Condizioni di garanzia<\/span><\/a><\/p>\n<p><span style=\"color: #ff6600;\"><a style=\"color: #ff6600;\" href=\"https:\/\/www.kibotek.com\/it\/invia-condizioni\/\">Invia condizioni<\/a><\/span><\/p>\n<p><span style=\"color: #ff6600;\"><a style=\"color: #ff6600;\" href=\"https:\/\/www.kibotek.com\/it\/condizioni-per-resi\/\">Condizioni di reso<\/a><\/span><\/p>\n<p><span style=\"color: #ff6600;\"><a style=\"color: #ff6600;\" href=\"https:\/\/www.kibotek.com\/it\/modalita-di-pagamento\/\">Modalit\u00e0 di pagamento<\/a><\/span><\/p>","protected":false},"excerpt":{"rendered":"<p>Qui\u00e9nes somos La direcci\u00f3n de nuestra web es: https:\/\/www.kibotek.com. El titular de este sitio web es Sainz Caballero Comunicaciones, S.L.<\/p>","protected":false},"author":12,"featured_media":0,"parent":0,"menu_order":0,"comment_status":"closed","ping_status":"closed","template":"","meta":{"iawp_total_views":383,"footnotes":""},"class_list":["post-1979","page","type-page","status-publish","hentry"],"rttpg_featured_image_url":null,"rttpg_author":{"display_name":"kiboadm","author_link":"https:\/\/www.kibotek.com\/it\/kibonews\/author\/kiboadm-2-2-2-2-2-2-2-2-2-2-2-2-2\/"},"rttpg_comment":0,"rttpg_category":null,"rttpg_excerpt":"Qui\u00e9nes somos La direcci\u00f3n de nuestra web es: https:\/\/www.kibotek.com. El titular de este sitio web es Sainz Caballero Comunicaciones, S.L.","_links":{"self":[{"href":"https:\/\/www.kibotek.com\/it\/wp-json\/wp\/v2\/pages\/1979","targetHints":{"allow":["GET"]}}],"collection":[{"href":"https:\/\/www.kibotek.com\/it\/wp-json\/wp\/v2\/pages"}],"about":[{"href":"https:\/\/www.kibotek.com\/it\/wp-json\/wp\/v2\/types\/page"}],"author":[{"embeddable":true,"href":"https:\/\/www.kibotek.com\/it\/wp-json\/wp\/v2\/users\/12"}],"replies":[{"embeddable":true,"href":"https:\/\/www.kibotek.com\/it\/wp-json\/wp\/v2\/comments?post=1979"}],"version-history":[{"count":0,"href":"https:\/\/www.kibotek.com\/it\/wp-json\/wp\/v2\/pages\/1979\/revisions"}],"wp:attachment":[{"href":"https:\/\/www.kibotek.com\/it\/wp-json\/wp\/v2\/media?parent=1979"}],"curies":[{"name":"parola chiave","href":"https:\/\/api.w.org\/{rel}","templated":true}]}}