{"id":12486,"date":"2019-12-17T00:13:27","date_gmt":"2019-12-16T22:13:27","guid":{"rendered":"https:\/\/www.kibotek.com\/?page_id=12486"},"modified":"2026-03-04T10:03:08","modified_gmt":"2026-03-04T09:03:08","slug":"invia-condizioni","status":"publish","type":"page","link":"https:\/\/www.kibotek.com\/it\/condiciones-de-envio\/","title":{"rendered":"Invia condizioni"},"content":{"rendered":"<h1>Condizioni di spedizione kiboTEK<\/h1>\n<p><strong>Elenco dei paesi di spedizione<\/strong><\/p>\n<p><strong>Spagna, Portogallo, <span lang=\"en\">Austria, Belgio, Bulgaria, Croazia, Cipro, Repubblica Ceca, Danimarca, Estonia, Finlandia, Francia, Germania, Grecia, Ungheria, Irlanda, Italia, Lettonia, Lituania, Lussemburgo, Malta, Paesi Bassi, Polonia, Portogallo, Monaco, Slovacchia, Slovenia, Spagna, Romania, Regno Unito, Turchia, Svezia, Svizzera, Brasile, Colombia e Messico.\u00a0<\/span><\/strong><\/p>\n<p>Quando acquisti su questo sito puoi scegliere tra i seguenti tipi di spedizione per ricevere il tuo ordine:<\/p>\n<h2>Spagna<\/h2>\n<p><strong>Spedizione Express Mail gratuita in 24\/48 ore lavorative <\/strong>- Scegliendo questo metodo di spedizione riceverai il tuo ordine in <strong>24\/48 ore<\/strong> (valido solo per la penisola). Gratuito per ordini superiori a 100 \u20ac tasse escluse.<\/p>\n<p>Ordini effettuati prima <strong>18: 00h<\/strong> Saranno serviti lo stesso giorno in cui vengono eseguiti ad eccezione di:<br \/>\n\u2022 Ordini la cui conferma del pagamento \u00e8 successiva a tale orario.<br \/>\n\u2022 Ordini effettuati sabato, domenica o giorni festivi. Questi ordini verranno spediti il giorno lavorativo successivo in base alla disponibilit\u00e0 degli articoli che contengono.<br \/>\n\u2022 Ordini che includono articoli la cui disponibilit\u00e0 implica tempi di consegna pi\u00f9 lunghi. In tal caso, verranno serviti secondo il maggiore dei tempi di consegna che appaiono nell&#039;ordine.<\/p>\n<p>Il cliente pu\u00f2 anche scegliere altre societ\u00e0 di trasporto se preferisce, con il costo corrispondente.<br \/>\nPer ordini inferiori a 100 \u20ac IVA esclusa, il costo di spedizione \u00e8 indicato nel carrello e in fase di ordine in fase di aggiornamento dell&#039;indirizzo di destinazione, potendo il cliente scegliere tra diverse compagnie di trasporto.<\/p>\n<p><strong>Ritirato al negozio<\/strong> Puoi ritirare i tuoi ordini presso i nostri negozi fisici situati in Alameda Urquijo 35, 48010 Bilbao, e Independencia 13 a Vitoria-Gasteiz. A seconda del prodotto, puoi ritirare il tuo ordine il giorno stesso o entro 24-48 ore dall&#039;elaborazione del pagamento. Riceverai una notifica quando il tuo ordine sar\u00e0 pronto per il ritiro.<\/p>\n<h2>paesi europei<\/h2>\n<p><strong>L&#039;opzione di spedizione pi\u00f9 veloce \u00e8 UPS 3 giorni lavorativi<\/strong><\/p>\n<p><strong>Altri modi di spedizione -<\/strong> Quando si aggiunge l&#039;articolo al carrello e si inserisce il file <strong>indirizzo di spedizione verr\u00e0 indicato altre societ\u00e0 di trasporto<\/strong>. Quando si aggiorna l&#039;indirizzo di destinazione \u00e8 possibile scegliere tra diverse compagnie di trasporto internazionali.<\/p>\n<p>Ordini effettuati prima <strong>17: 00h<\/strong> Saranno serviti lo stesso giorno in cui vengono eseguiti ad eccezione di:<br \/>\n\u2022 Ordini la cui conferma del pagamento \u00e8 successiva a tale orario.<br \/>\n\u2022 Ordini effettuati sabato, domenica o giorni festivi. Questi ordini verranno spediti il giorno lavorativo successivo in base alla disponibilit\u00e0 degli articoli che contengono.<br \/>\n\u2022 Ordini che includono articoli la cui disponibilit\u00e0 implica tempi di consegna pi\u00f9 lunghi. In tal caso, verranno serviti secondo il maggiore dei tempi di consegna che appaiono nell&#039;ordine.<\/p>\n<p>Da kiboTEK inviamo i nostri prodotti in 30 diversi paesi in Europa come <strong><span lang=\"en\">Austria, Belgio, Bulgaria, Croazia, Cipro, Repubblica Ceca, Danimarca, Estonia, Finlandia, Francia, Germania, Grecia, Ungheria, Irlanda, Italia, Lettonia, Lituania, Lussemburgo, Malta, Paesi Bassi, Polonia, Portogallo, Monaco, Slovacchia, Slovenia , Spagna, Romania, Regno Unito, Turchia e Svezia.<\/span><\/strong><\/p>\n<p>Durante tutto il processo di acquisto, il nostro team ti terr\u00e0 informato via e-mail sul diverso stato del tuo ordine. Riceverai via mail il tracking number del tuo ordine che potrai controllare anche dal web o dalla tua area clienti. Se preferisci, puoi inviare un&#039;e-mail a kibotek@kibotek.com e il nostro team risponder\u00e0 a qualsiasi domanda al riguardo.<\/p>\n<h2>Isole Baleari<\/h2>\n<p><strong>Spedizione espressa in 24\/48 ore lavorative <\/strong>- Scegliendo questa modalit\u00e0 di spedizione riceverai il tuo ordine in 24\/48 ore (valido solo per la penisola). Gli ordini effettuati prima delle 18:00 verranno serviti lo stesso giorno in cui vengono effettuati, ad eccezione di:<br \/>\n\u2022 Ordini la cui conferma del pagamento \u00e8 successiva a tale orario.<br \/>\n\u2022 Ordini effettuati sabato, domenica o giorni festivi. Questi ordini verranno spediti il giorno lavorativo successivo in base alla disponibilit\u00e0 degli articoli che contengono.<br \/>\n\u2022 Ordini che includono articoli la cui disponibilit\u00e0 implica tempi di consegna pi\u00f9 lunghi. In tal caso, verranno serviti secondo il maggiore dei tempi di consegna che appaiono nell&#039;ordine.<\/p>\n<p>Spedizione gratuita per ordini superiori a 200\u20ac IVA esclusa. Per ordini inferiori, il costo di spedizione \u00e8 di \u20ac 5,99 pi\u00f9 IVA.<\/p>\n<h2>Spagna Canarie<\/h2>\n<p><strong>Spedizione (Canary Islands Express) tramite Correos Express con consegna in 5\/6 giorni lavorativi \u20ac39,90 \u2013<\/strong> Scegliendo questo metodo di spedizione riceverai il tuo ordine in circa 5 giorni lavorativi.<\/p>\n<p>Gli ordini alle Isole Canarie sono esenti dall&#039;IVA, che viene detratta nel carrello o nel processo di ordinazione quando si indica l&#039;indirizzo di destinazione nelle Isole Canarie. Il cliente deve pagare, al ricevimento dell&#039;ordine, le tasse e le spese corrispondenti in base alle normative fiscali vigenti nelle Isole Canarie:<\/p>\n<ul>\n<li>Costi di sdoganamento in dogana (DUA)<\/li>\n<li>Imposte fiscali corrispondenti (IGIC o IPSI)<\/li>\n<li>Tassa di ingresso merci insulari o AIEM, se applicabile<\/li>\n<\/ul>\n<p>Ogni altra spesa derivante dall&#039;applicazione delle tasse territoriali sar\u00e0 a carico esclusivo del cliente.<\/p>\n<p>Nel caso in cui il cliente non riceva la merce e questa venga rispedita al nostro magazzino, verr\u00e0 corrisposto al cliente l&#039;importo dell&#039;ordine, sottraendo il costo di spedizione e restituzione, nonch\u00e9 l&#039;importo della gestione doganale, o ogni altra spesa derivata.<\/p>\n<h2>Portogallo (penisola)<\/h2>\n<p><strong>Spedizione espressa in 24\/48 ore lavorative <\/strong>- Scegliendo questa modalit\u00e0 di spedizione riceverai il tuo ordine in 24\/48 ore (valido solo per la penisola). Gli ordini effettuati prima delle 18:00 verranno serviti lo stesso giorno in cui vengono effettuati, ad eccezione di:<br \/>\n\u2022 Ordini la cui conferma del pagamento \u00e8 successiva a tale orario.<br \/>\n\u2022 Ordini effettuati sabato, domenica o giorni festivi. Questi ordini verranno spediti il giorno lavorativo successivo in base alla disponibilit\u00e0 degli articoli che contengono.<br \/>\n\u2022 Ordini che includono articoli la cui disponibilit\u00e0 implica tempi di consegna pi\u00f9 lunghi. In tal caso, verranno serviti secondo il maggiore dei tempi di consegna che appaiono nell&#039;ordine.<\/p>\n<h2>Paesi al di fuori dell&#039;Unione Europea<\/h2>\n<p><strong>Altri modi di spedizione -<\/strong> Quando si aggiunge l&#039;articolo al carrello e si inserisce il file <strong>indirizzo di spedizione, verranno visualizzate diverse opzioni per le compagnie di trasporto internazionali<\/strong>\u00a0con il rispettivo costo. <strong>Spediamo in Messico, Colombia, Brasile, Svizzera e Regno Unito <\/strong>tra gli altri paesi.<\/p>\n<p>Gli ordini al di fuori dell&#039;UE sono esenti da IVA, che viene detratta nel carrello o nel processo d&#039;ordine indicando l&#039;indirizzo di destinazione in un paese al di fuori dell&#039;UE. Il cliente deve pagare, al ricevimento dell&#039;ordine, le tasse e le spese corrispondenti in base alle normative fiscali di importazione vigenti nel proprio paese (comprese le spese doganali come dazi o tasse).<\/p>\n<p>Nel caso del Regno Unito, verranno serviti solo gli ordini con importi superiori a 150 \u20ac (\u00a3 135). Questa eccezione non si applica all&#039;Irlanda del Nord; Inoltre, le spedizioni verso l\u2019Irlanda del Nord sono ancora considerate intracomunitarie e non saranno soggette a gestione doganale.<\/p>\n<p>Ogni altra spesa derivante dall&#039;applicazione delle tasse territoriali sar\u00e0 a carico esclusivo del cliente.<\/p>\n<h2>Condizioni per le spedizioni con date stimate<\/h2>\n<p>La data di spedizione per gli ordini con data di consegna stimata \u00e8 una stima e pu\u00f2 essere soggetta a modifiche indipendenti dalla volont\u00e0 di kiboTEK. Una volta effettuato l&#039;acquisto, il cliente pu\u00f2 annullarlo in qualsiasi momento inviando un&#039;e-mail a kibotek@kibotek.com indicando il numero d&#039;ordine. La quota di prenotazione verr\u00e0 rimborsata entro 48-72 ore.<\/p>\n<h3>Informazioni sullo stato dell&#039;ordine<\/h3>\n<p>Durante tutto il processo di acquisto, il nostro team ti terr\u00e0 informato via e-mail sul diverso stato del tuo ordine. Riceverai via mail il tracking number del tuo ordine che potrai controllare anche dal web o dalla tua area clienti. Se preferisci, puoi inviare un&#039;e-mail a kibotek@kibotek.com e il nostro team risponder\u00e0 a qualsiasi domanda al riguardo. <strong>Una volta elaborato, l&#039;ordine non pu\u00f2 essere modificato o annullato. <\/strong>Gli ordini in fase di elaborazione effettuati con societ\u00e0 finanziarie come Klarna o Sequra non possono essere annullati.<\/p>\n<h2>Condizioni di consegna<\/h2>\n<p>Se al momento della consegna il pacco presenta segni di manomissione o di apertura con il sigillo kiboTEK rotto, dovresti rifiutare la consegna al corriere e contattare il nostro team all&#039;indirizzo sat@kibotek.com, cos\u00ec possiamo consigliarti come procedere. <strong>\u00c8 molto importante che tu controlli brevemente che il pacco non sia stato manomesso e che il nostro sigillo non sia stato rotto, cos\u00ec da poter rifiutare la consegna e presentare un reclamo al servizio di spedizione.\u00a0<\/strong><\/p>\n<p>Se accetti la consegna di un pacco che mostra segni di manomissione, apertura o con il nostro sigillo rotto, sarai il solo responsabile se il contenuto del pacco \u00e8 incompleto, parziale o difettoso. In questo caso non potrai lamentare alcun difetto di conformit\u00e0 nei confronti di kiboTEK.<\/p>\n<p>Il cliente \u00e8 tenuto a segnalare qualsiasi anomalia o difetto fisico del prodotto ricevuto entro il termine massimo di 24 ore dalla ricezione. \u00c8 necessario inviare un&#039;e-mail a sat@kibotek.com con le foto del prodotto e della scatola esterna danneggiati, eventualmente verificatisi durante la spedizione.<\/p>\n<p>Se rifiuti la consegna o non ritiri la spedizione, una volta che questa torna al punto di partenza hai 30 giorni di calendario per richiedere il rimborso dell&#039;importo totale dell&#039;ordine, al netto delle spese di spedizione sostenute.<\/p>","protected":false},"excerpt":{"rendered":"<p>Condiciones de Env\u00edo kiboTEK Lista de paises de env\u00edo Espa\u00f1a, Portugal, Austria, Belgium, Bulgaria, Croatia, Cyprus, Czech Republic, Denmark, Estonia,<\/p>","protected":false},"author":12,"featured_media":0,"parent":0,"menu_order":0,"comment_status":"closed","ping_status":"closed","template":"","meta":{"iawp_total_views":2054,"footnotes":""},"class_list":["post-12486","page","type-page","status-publish","hentry"],"rttpg_featured_image_url":null,"rttpg_author":{"display_name":"kiboadm","author_link":"https:\/\/www.kibotek.com\/it\/kibonews\/author\/kiboadm-2-2-2-2-2-2-2-2-2-2-2-2-2\/"},"rttpg_comment":0,"rttpg_category":null,"rttpg_excerpt":"Condiciones de Env\u00edo kiboTEK Lista de paises de env\u00edo Espa\u00f1a, Portugal, Austria, Belgium, Bulgaria, Croatia, Cyprus, Czech Republic, Denmark, Estonia,","_links":{"self":[{"href":"https:\/\/www.kibotek.com\/it\/wp-json\/wp\/v2\/pages\/12486","targetHints":{"allow":["GET"]}}],"collection":[{"href":"https:\/\/www.kibotek.com\/it\/wp-json\/wp\/v2\/pages"}],"about":[{"href":"https:\/\/www.kibotek.com\/it\/wp-json\/wp\/v2\/types\/page"}],"author":[{"embeddable":true,"href":"https:\/\/www.kibotek.com\/it\/wp-json\/wp\/v2\/users\/12"}],"replies":[{"embeddable":true,"href":"https:\/\/www.kibotek.com\/it\/wp-json\/wp\/v2\/comments?post=12486"}],"version-history":[{"count":7,"href":"https:\/\/www.kibotek.com\/it\/wp-json\/wp\/v2\/pages\/12486\/revisions"}],"predecessor-version":[{"id":73271,"href":"https:\/\/www.kibotek.com\/it\/wp-json\/wp\/v2\/pages\/12486\/revisions\/73271"}],"wp:attachment":[{"href":"https:\/\/www.kibotek.com\/it\/wp-json\/wp\/v2\/media?parent=12486"}],"curies":[{"name":"parola chiave","href":"https:\/\/api.w.org\/{rel}","templated":true}]}}