{"id":12,"date":"2018-10-09T18:15:27","date_gmt":"2018-10-09T18:15:27","guid":{"rendered":"https:\/\/www.kibotek.com\/?page_id=12"},"modified":"2024-12-01T21:47:41","modified_gmt":"2024-12-01T20:47:41","slug":"about-kibotek","status":"publish","type":"page","link":"https:\/\/www.kibotek.com\/it\/acerca-de-kibotek\/","title":{"rendered":"Informazioni su kiboTEK"},"content":{"rendered":"<p><a href=\"https:\/\/www.kibotek.com\/it\/\"><span style=\"color: #ff7d06;\"><strong>kiboTEK<\/strong><\/span><\/a> \u00e8 un negozio di tecnologia online e fisico situato in Alameda Urquijo 35 Bilbao Spagna che ti offre i migliori servizi telefonici dal 2014. Ora puoi trovarci anche a Vitoria-Gasteiz in Independencia 13.<\/p>\n<p>kiboTEK<em> -Tecnologia a prezzi vantaggiosi-<\/em><\/p>\n<h3>Distributori ufficiali dei principali marchi di smartphone<\/h3>\n<p>Siamo distributori ufficiali dei principali marchi di telefoni cellulari o smartphone come <strong>Xiaomi, Realme, Redmi, Realme, OnePlus, Poco, Oppo, Samsung, Umidigi<\/strong> tra l&#039;altro. Con spedizioni in tutta Europa in 24\/72 ore con garanzia ufficiale di 3 anni in Spagna.<\/p>\n<h3>Specialisti in console di gioco retr\u00f2<\/h3>\n<p>Specialista in <strong>console di gioco retr\u00f2<\/strong> con un&#039;ampia gamma di dispositivi di intrattenimento con spedizioni in 24\/72h in tutta Europa. Distributori ufficiali di Retroid, Anbernic, Pandora Box o Powkiddy.<\/p>\n<h3>Multioperatore con pi\u00f9 di 10 compagnie telefoniche<\/h3>\n<p>Il punto vendita con pi\u00f9 compagnie telefoniche per risparmiare sulla bolletta Fibra e Mobile. Abbiamo una vasta gamma di tariffe in modo che <strong>risparmia sulla bolletta della fibra e del cellulare<\/strong>. Specialisti in tariffe senza permanenza e senza variazioni di tariffa o aumenti di prezzo per la tua tranquillit\u00e0. <strong>Distributori ufficiali di Movistar, O2, Lowi, M\u00e1sm\u00f3vil, Pepephone, Guuk, Digi, FiNetwork, Simyo, Orange, Llamaya.<\/strong><\/p>\n<p><strong><a href=\"https:\/\/www.kibotek.com\/wp-content\/uploads\/2021\/07\/kiboTEK_Xiaomi_PPP_Store_02.jpg\"><img loading=\"lazy\" decoding=\"async\" class=\"alignnone wp-image-38639 size-large\" src=\"https:\/\/www.kibotek.com\/wp-content\/uploads\/2021\/07\/kiboTEK_Xiaomi_PPP_Store_02-1024x768.jpg\" alt=\"\" width=\"1024\" height=\"768\" title=\"\" srcset=\"https:\/\/www.kibotek.com\/wp-content\/uploads\/2021\/07\/kiboTEK_Xiaomi_PPP_Store_02-1024x768.jpg 1024w, https:\/\/www.kibotek.com\/wp-content\/uploads\/2021\/07\/kiboTEK_Xiaomi_PPP_Store_02-430x323.jpg 430w, https:\/\/www.kibotek.com\/wp-content\/uploads\/2021\/07\/kiboTEK_Xiaomi_PPP_Store_02-150x113.jpg 150w, https:\/\/www.kibotek.com\/wp-content\/uploads\/2021\/07\/kiboTEK_Xiaomi_PPP_Store_02-700x525.jpg 700w, https:\/\/www.kibotek.com\/wp-content\/uploads\/2021\/07\/kiboTEK_Xiaomi_PPP_Store_02-300x225.jpg 300w, https:\/\/www.kibotek.com\/wp-content\/uploads\/2021\/07\/kiboTEK_Xiaomi_PPP_Store_02-768x576.jpg 768w, https:\/\/www.kibotek.com\/wp-content\/uploads\/2021\/07\/kiboTEK_Xiaomi_PPP_Store_02-16x12.jpg 16w, https:\/\/www.kibotek.com\/wp-content\/uploads\/2021\/07\/kiboTEK_Xiaomi_PPP_Store_02-600x450.jpg 600w, https:\/\/www.kibotek.com\/wp-content\/uploads\/2021\/07\/kiboTEK_Xiaomi_PPP_Store_02-80x60.jpg 80w, https:\/\/www.kibotek.com\/wp-content\/uploads\/2021\/07\/kiboTEK_Xiaomi_PPP_Store_02-120x90.jpg 120w, https:\/\/www.kibotek.com\/wp-content\/uploads\/2021\/07\/kiboTEK_Xiaomi_PPP_Store_02.jpg 1440w\" sizes=\"auto, (max-width: 1024px) 100vw, 1024px\" \/><\/a><\/strong><\/p>\n<p><strong>Dal 2014<\/strong> portando la migliore tecnologia...<span style=\"color: #ff7d06;\"><strong><a style=\"color: #ff7d06;\" href=\"https:\/\/www.kibotek.com\/it\/xiaomi-bilbao-store\/\">il primo a presentare il marchio Xiaomi<\/a><\/strong><\/span>\u2026 Il negozio di riferimento per i marchi asiatici emergenti.<\/p>\n<p><em>Abbiamo ... visto cose a cui non credereste: marchi come Xiaomi sono emersi dal nulla per attaccare oltre la Cina. Abbiamo visto i selfie stick brillare al buio vicino all&#039;ingresso della metropolitana. Tutti quei momenti andranno persi ... nel tempo ... come lacrime sotto la pioggia ............................................. NOOOO ................. il nostro Instagram mostra tutta la nostra storia meglio di chiunque altro \ud83d\ude42<\/em><\/p>\n<p>Da giugno 2021 siamo diventati un negozio <strong>Xiaomi PPP Store (partner preferito Xiaomi)<\/strong> con l&#039;intera gamma Xiaomi di Smartphone, Gadget e Accessori in esposizione nel nostro negozio fisico kiboTEK. Naturalmente, con i migliori consigli su Xiaomi supportati da molti anni di esperienza dal 2014. Abbiamo iniziato il nostro viaggio vendendo smartphone del marchio che \u00e8 diventato leader di mercato. <strong>Xiaomi nel 2014<\/strong>. I primi smartphone che abbiamo venduto sono stati lo Xiaomi Redmi note 1, Redmi 2, Xiaomi Mi 3 o il noto Mi Band. Da allora sono passate molte gamme e prodotti del brand Xiaomi, che ci hanno fatto vivere un&#039;esperienza contrastante con il brand.<\/p>\n<p><a href=\"https:\/\/www.kibotek.com\/wp-content\/uploads\/2021\/07\/kiboTEK_Xiaomi_PPP_Store_10.jpg\"><img loading=\"lazy\" decoding=\"async\" class=\"alignnone size-medium wp-image-38647\" src=\"https:\/\/www.kibotek.com\/wp-content\/uploads\/2021\/07\/kiboTEK_Xiaomi_PPP_Store_10-225x300.jpg\" alt=\"\" width=\"225\" height=\"300\" title=\"\" srcset=\"https:\/\/www.kibotek.com\/wp-content\/uploads\/2021\/07\/kiboTEK_Xiaomi_PPP_Store_10-225x300.jpg 225w, https:\/\/www.kibotek.com\/wp-content\/uploads\/2021\/07\/kiboTEK_Xiaomi_PPP_Store_10-430x573.jpg 430w, https:\/\/www.kibotek.com\/wp-content\/uploads\/2021\/07\/kiboTEK_Xiaomi_PPP_Store_10-150x200.jpg 150w, https:\/\/www.kibotek.com\/wp-content\/uploads\/2021\/07\/kiboTEK_Xiaomi_PPP_Store_10-700x933.jpg 700w, https:\/\/www.kibotek.com\/wp-content\/uploads\/2021\/07\/kiboTEK_Xiaomi_PPP_Store_10-768x1024.jpg 768w, https:\/\/www.kibotek.com\/wp-content\/uploads\/2021\/07\/kiboTEK_Xiaomi_PPP_Store_10-1152x1536.jpg 1152w, https:\/\/www.kibotek.com\/wp-content\/uploads\/2021\/07\/kiboTEK_Xiaomi_PPP_Store_10-9x12.jpg 9w, https:\/\/www.kibotek.com\/wp-content\/uploads\/2021\/07\/kiboTEK_Xiaomi_PPP_Store_10-600x800.jpg 600w, https:\/\/www.kibotek.com\/wp-content\/uploads\/2021\/07\/kiboTEK_Xiaomi_PPP_Store_10-45x60.jpg 45w, https:\/\/www.kibotek.com\/wp-content\/uploads\/2021\/07\/kiboTEK_Xiaomi_PPP_Store_10-68x90.jpg 68w, https:\/\/www.kibotek.com\/wp-content\/uploads\/2021\/07\/kiboTEK_Xiaomi_PPP_Store_10.jpg 1440w\" sizes=\"auto, (max-width: 225px) 100vw, 225px\" \/><\/a><a href=\"https:\/\/www.kibotek.com\/wp-content\/uploads\/2021\/07\/kiboTEK_Xiaomi_PPP_Store_07.jpg\"><img loading=\"lazy\" decoding=\"async\" class=\"alignnone size-medium wp-image-38644\" src=\"https:\/\/www.kibotek.com\/wp-content\/uploads\/2021\/07\/kiboTEK_Xiaomi_PPP_Store_07-222x300.jpg\" alt=\"\" width=\"222\" height=\"300\" title=\"\" srcset=\"https:\/\/www.kibotek.com\/wp-content\/uploads\/2021\/07\/kiboTEK_Xiaomi_PPP_Store_07-222x300.jpg 222w, https:\/\/www.kibotek.com\/wp-content\/uploads\/2021\/07\/kiboTEK_Xiaomi_PPP_Store_07-430x580.jpg 430w, https:\/\/www.kibotek.com\/wp-content\/uploads\/2021\/07\/kiboTEK_Xiaomi_PPP_Store_07-150x202.jpg 150w, https:\/\/www.kibotek.com\/wp-content\/uploads\/2021\/07\/kiboTEK_Xiaomi_PPP_Store_07-700x944.jpg 700w, https:\/\/www.kibotek.com\/wp-content\/uploads\/2021\/07\/kiboTEK_Xiaomi_PPP_Store_07-759x1024.jpg 759w, https:\/\/www.kibotek.com\/wp-content\/uploads\/2021\/07\/kiboTEK_Xiaomi_PPP_Store_07-768x1036.jpg 768w, https:\/\/www.kibotek.com\/wp-content\/uploads\/2021\/07\/kiboTEK_Xiaomi_PPP_Store_07-1139x1536.jpg 1139w, https:\/\/www.kibotek.com\/wp-content\/uploads\/2021\/07\/kiboTEK_Xiaomi_PPP_Store_07-9x12.jpg 9w, https:\/\/www.kibotek.com\/wp-content\/uploads\/2021\/07\/kiboTEK_Xiaomi_PPP_Store_07-600x809.jpg 600w, https:\/\/www.kibotek.com\/wp-content\/uploads\/2021\/07\/kiboTEK_Xiaomi_PPP_Store_07-44x60.jpg 44w, https:\/\/www.kibotek.com\/wp-content\/uploads\/2021\/07\/kiboTEK_Xiaomi_PPP_Store_07-67x90.jpg 67w, https:\/\/www.kibotek.com\/wp-content\/uploads\/2021\/07\/kiboTEK_Xiaomi_PPP_Store_07.jpg 1440w\" sizes=\"auto, (max-width: 222px) 100vw, 222px\" \/><\/a><a href=\"https:\/\/www.kibotek.com\/wp-content\/uploads\/2021\/07\/kiboTEK_Xiaomi_PPP_Store_03.jpg\"><img loading=\"lazy\" decoding=\"async\" class=\"alignnone size-medium wp-image-38640\" src=\"https:\/\/www.kibotek.com\/wp-content\/uploads\/2021\/07\/kiboTEK_Xiaomi_PPP_Store_03-222x300.jpg\" alt=\"\" width=\"222\" height=\"300\" title=\"\" srcset=\"https:\/\/www.kibotek.com\/wp-content\/uploads\/2021\/07\/kiboTEK_Xiaomi_PPP_Store_03-222x300.jpg 222w, https:\/\/www.kibotek.com\/wp-content\/uploads\/2021\/07\/kiboTEK_Xiaomi_PPP_Store_03-430x580.jpg 430w, https:\/\/www.kibotek.com\/wp-content\/uploads\/2021\/07\/kiboTEK_Xiaomi_PPP_Store_03-150x202.jpg 150w, https:\/\/www.kibotek.com\/wp-content\/uploads\/2021\/07\/kiboTEK_Xiaomi_PPP_Store_03-700x944.jpg 700w, https:\/\/www.kibotek.com\/wp-content\/uploads\/2021\/07\/kiboTEK_Xiaomi_PPP_Store_03-759x1024.jpg 759w, https:\/\/www.kibotek.com\/wp-content\/uploads\/2021\/07\/kiboTEK_Xiaomi_PPP_Store_03-768x1036.jpg 768w, https:\/\/www.kibotek.com\/wp-content\/uploads\/2021\/07\/kiboTEK_Xiaomi_PPP_Store_03-1139x1536.jpg 1139w, https:\/\/www.kibotek.com\/wp-content\/uploads\/2021\/07\/kiboTEK_Xiaomi_PPP_Store_03-9x12.jpg 9w, https:\/\/www.kibotek.com\/wp-content\/uploads\/2021\/07\/kiboTEK_Xiaomi_PPP_Store_03-600x809.jpg 600w, https:\/\/www.kibotek.com\/wp-content\/uploads\/2021\/07\/kiboTEK_Xiaomi_PPP_Store_03-44x60.jpg 44w, https:\/\/www.kibotek.com\/wp-content\/uploads\/2021\/07\/kiboTEK_Xiaomi_PPP_Store_03-67x90.jpg 67w, https:\/\/www.kibotek.com\/wp-content\/uploads\/2021\/07\/kiboTEK_Xiaomi_PPP_Store_03.jpg 1440w\" sizes=\"auto, (max-width: 222px) 100vw, 222px\" \/><\/a><\/p>\n<p>Abbiamo anche un negozio fisico e un magazzino nel nord della Spagna, in particolare nel nostro <span style=\"color: #ff7d06;\"><strong><a style=\"color: #ff7d06;\" href=\"https:\/\/www.kibotek.com\/it\/xiaomi-bilbao-store\/\">Negozio Xiaomi a Bilbao<\/a><\/strong><\/span>. Dal 2014 abbiamo reso facile acquistare Xiaomi in <a href=\"https:\/\/es.wikipedia.org\/wiki\/Bilbao\" rel=\"nofollow noopener\" target=\"_blank\">Bilbao<\/a> e dintorni con tutte le garanzie; abbiamo aiutato <strong><span style=\"color: #ff7d06;\"><a style=\"color: #ff7d06;\" href=\"https:\/\/www.kibotek.com\/it\/acquistare-xiaomi-spagna\/\">Xiaomi<\/a><\/span><\/strong> e altri marchi sono conosciuti nel mercato spagnolo, offrendo sempre il servizio pi\u00f9 onesto possibile grazie al nostro servizio di assistenza tecnica locale.<\/p>\n<p>E dal 2024 siamo sbarcati a Vitoria-Gasteiz per applicare tutta la nostra esperienza e offrire il miglior servizio nella capitale dei Euskadi.<\/p>\n<p><img loading=\"lazy\" decoding=\"async\" class=\"alignnone wp-image-55363\" src=\"https:\/\/www.kibotek.com\/wp-content\/uploads\/2024\/12\/WhatsApp-Image-2024-11-26-at-20.14.29-1024x432.jpeg\" alt=\"\" width=\"1024\" height=\"432\" title=\"\" srcset=\"https:\/\/www.kibotek.com\/wp-content\/uploads\/2024\/12\/WhatsApp-Image-2024-11-26-at-20.14.29-1024x432.jpeg 1024w, https:\/\/www.kibotek.com\/wp-content\/uploads\/2024\/12\/WhatsApp-Image-2024-11-26-at-20.14.29-430x181.jpeg 430w, https:\/\/www.kibotek.com\/wp-content\/uploads\/2024\/12\/WhatsApp-Image-2024-11-26-at-20.14.29-150x63.jpeg 150w, https:\/\/www.kibotek.com\/wp-content\/uploads\/2024\/12\/WhatsApp-Image-2024-11-26-at-20.14.29-700x295.jpeg 700w, https:\/\/www.kibotek.com\/wp-content\/uploads\/2024\/12\/WhatsApp-Image-2024-11-26-at-20.14.29-300x127.jpeg 300w, https:\/\/www.kibotek.com\/wp-content\/uploads\/2024\/12\/WhatsApp-Image-2024-11-26-at-20.14.29-768x324.jpeg 768w, https:\/\/www.kibotek.com\/wp-content\/uploads\/2024\/12\/WhatsApp-Image-2024-11-26-at-20.14.29-1536x648.jpeg 1536w, https:\/\/www.kibotek.com\/wp-content\/uploads\/2024\/12\/WhatsApp-Image-2024-11-26-at-20.14.29-18x8.jpeg 18w, https:\/\/www.kibotek.com\/wp-content\/uploads\/2024\/12\/WhatsApp-Image-2024-11-26-at-20.14.29.jpeg 1600w\" sizes=\"auto, (max-width: 1024px) 100vw, 1024px\" \/><\/p>\n<p><a href=\"https:\/\/www.kibotek.com\/wp-content\/uploads\/2021\/07\/kiboTEK_Xiaomi_PPP_Store_12.jpg\"><img loading=\"lazy\" decoding=\"async\" class=\"alignnone size-medium wp-image-38649\" src=\"https:\/\/www.kibotek.com\/wp-content\/uploads\/2021\/07\/kiboTEK_Xiaomi_PPP_Store_12-300x225.jpg\" alt=\"\" width=\"300\" height=\"225\" title=\"\" srcset=\"https:\/\/www.kibotek.com\/wp-content\/uploads\/2021\/07\/kiboTEK_Xiaomi_PPP_Store_12-300x225.jpg 300w, https:\/\/www.kibotek.com\/wp-content\/uploads\/2021\/07\/kiboTEK_Xiaomi_PPP_Store_12-430x323.jpg 430w, https:\/\/www.kibotek.com\/wp-content\/uploads\/2021\/07\/kiboTEK_Xiaomi_PPP_Store_12-150x113.jpg 150w, https:\/\/www.kibotek.com\/wp-content\/uploads\/2021\/07\/kiboTEK_Xiaomi_PPP_Store_12-700x525.jpg 700w, https:\/\/www.kibotek.com\/wp-content\/uploads\/2021\/07\/kiboTEK_Xiaomi_PPP_Store_12-1024x768.jpg 1024w, https:\/\/www.kibotek.com\/wp-content\/uploads\/2021\/07\/kiboTEK_Xiaomi_PPP_Store_12-768x576.jpg 768w, https:\/\/www.kibotek.com\/wp-content\/uploads\/2021\/07\/kiboTEK_Xiaomi_PPP_Store_12-16x12.jpg 16w, https:\/\/www.kibotek.com\/wp-content\/uploads\/2021\/07\/kiboTEK_Xiaomi_PPP_Store_12-600x450.jpg 600w, https:\/\/www.kibotek.com\/wp-content\/uploads\/2021\/07\/kiboTEK_Xiaomi_PPP_Store_12-80x60.jpg 80w, https:\/\/www.kibotek.com\/wp-content\/uploads\/2021\/07\/kiboTEK_Xiaomi_PPP_Store_12-120x90.jpg 120w, https:\/\/www.kibotek.com\/wp-content\/uploads\/2021\/07\/kiboTEK_Xiaomi_PPP_Store_12.jpg 1440w\" sizes=\"auto, (max-width: 300px) 100vw, 300px\" \/><\/a><a href=\"https:\/\/www.kibotek.com\/wp-content\/uploads\/2021\/07\/kiboTEK_Xiaomi_PPP_Store_11.jpg\"><img loading=\"lazy\" decoding=\"async\" class=\"alignnone size-medium wp-image-38648\" src=\"https:\/\/www.kibotek.com\/wp-content\/uploads\/2021\/07\/kiboTEK_Xiaomi_PPP_Store_11-300x225.jpg\" alt=\"\" width=\"300\" height=\"225\" title=\"\" srcset=\"https:\/\/www.kibotek.com\/wp-content\/uploads\/2021\/07\/kiboTEK_Xiaomi_PPP_Store_11-300x225.jpg 300w, https:\/\/www.kibotek.com\/wp-content\/uploads\/2021\/07\/kiboTEK_Xiaomi_PPP_Store_11-430x323.jpg 430w, https:\/\/www.kibotek.com\/wp-content\/uploads\/2021\/07\/kiboTEK_Xiaomi_PPP_Store_11-150x113.jpg 150w, https:\/\/www.kibotek.com\/wp-content\/uploads\/2021\/07\/kiboTEK_Xiaomi_PPP_Store_11-700x525.jpg 700w, https:\/\/www.kibotek.com\/wp-content\/uploads\/2021\/07\/kiboTEK_Xiaomi_PPP_Store_11-1024x768.jpg 1024w, https:\/\/www.kibotek.com\/wp-content\/uploads\/2021\/07\/kiboTEK_Xiaomi_PPP_Store_11-768x576.jpg 768w, https:\/\/www.kibotek.com\/wp-content\/uploads\/2021\/07\/kiboTEK_Xiaomi_PPP_Store_11-16x12.jpg 16w, https:\/\/www.kibotek.com\/wp-content\/uploads\/2021\/07\/kiboTEK_Xiaomi_PPP_Store_11-600x450.jpg 600w, https:\/\/www.kibotek.com\/wp-content\/uploads\/2021\/07\/kiboTEK_Xiaomi_PPP_Store_11-80x60.jpg 80w, https:\/\/www.kibotek.com\/wp-content\/uploads\/2021\/07\/kiboTEK_Xiaomi_PPP_Store_11-120x90.jpg 120w, https:\/\/www.kibotek.com\/wp-content\/uploads\/2021\/07\/kiboTEK_Xiaomi_PPP_Store_11.jpg 1440w\" sizes=\"auto, (max-width: 300px) 100vw, 300px\" \/><\/a><a href=\"https:\/\/www.kibotek.com\/wp-content\/uploads\/2021\/07\/kiboTEK_Xiaomi_PPP_Store_01.jpg\"><img loading=\"lazy\" decoding=\"async\" class=\"alignnone size-medium wp-image-38638\" src=\"https:\/\/www.kibotek.com\/wp-content\/uploads\/2021\/07\/kiboTEK_Xiaomi_PPP_Store_01-300x223.jpg\" alt=\"\" width=\"300\" height=\"223\" title=\"\" srcset=\"https:\/\/www.kibotek.com\/wp-content\/uploads\/2021\/07\/kiboTEK_Xiaomi_PPP_Store_01-300x223.jpg 300w, https:\/\/www.kibotek.com\/wp-content\/uploads\/2021\/07\/kiboTEK_Xiaomi_PPP_Store_01-430x319.jpg 430w, https:\/\/www.kibotek.com\/wp-content\/uploads\/2021\/07\/kiboTEK_Xiaomi_PPP_Store_01-150x111.jpg 150w, https:\/\/www.kibotek.com\/wp-content\/uploads\/2021\/07\/kiboTEK_Xiaomi_PPP_Store_01-700x519.jpg 700w, https:\/\/www.kibotek.com\/wp-content\/uploads\/2021\/07\/kiboTEK_Xiaomi_PPP_Store_01-1024x759.jpg 1024w, https:\/\/www.kibotek.com\/wp-content\/uploads\/2021\/07\/kiboTEK_Xiaomi_PPP_Store_01-768x570.jpg 768w, https:\/\/www.kibotek.com\/wp-content\/uploads\/2021\/07\/kiboTEK_Xiaomi_PPP_Store_01-16x12.jpg 16w, https:\/\/www.kibotek.com\/wp-content\/uploads\/2021\/07\/kiboTEK_Xiaomi_PPP_Store_01-600x445.jpg 600w, https:\/\/www.kibotek.com\/wp-content\/uploads\/2021\/07\/kiboTEK_Xiaomi_PPP_Store_01-81x60.jpg 81w, https:\/\/www.kibotek.com\/wp-content\/uploads\/2021\/07\/kiboTEK_Xiaomi_PPP_Store_01-121x90.jpg 121w, https:\/\/www.kibotek.com\/wp-content\/uploads\/2021\/07\/kiboTEK_Xiaomi_PPP_Store_01.jpg 1440w\" sizes=\"auto, (max-width: 300px) 100vw, 300px\" \/><\/a><a href=\"https:\/\/www.kibotek.com\/wp-content\/uploads\/2021\/07\/kiboTEK_Xiaomi_PPP_Store_05.jpg\"><img loading=\"lazy\" decoding=\"async\" class=\"alignnone size-medium wp-image-38642\" src=\"https:\/\/www.kibotek.com\/wp-content\/uploads\/2021\/07\/kiboTEK_Xiaomi_PPP_Store_05-300x225.jpg\" alt=\"\" width=\"300\" height=\"225\" title=\"\" srcset=\"https:\/\/www.kibotek.com\/wp-content\/uploads\/2021\/07\/kiboTEK_Xiaomi_PPP_Store_05-300x225.jpg 300w, https:\/\/www.kibotek.com\/wp-content\/uploads\/2021\/07\/kiboTEK_Xiaomi_PPP_Store_05-430x323.jpg 430w, https:\/\/www.kibotek.com\/wp-content\/uploads\/2021\/07\/kiboTEK_Xiaomi_PPP_Store_05-150x113.jpg 150w, https:\/\/www.kibotek.com\/wp-content\/uploads\/2021\/07\/kiboTEK_Xiaomi_PPP_Store_05-700x525.jpg 700w, https:\/\/www.kibotek.com\/wp-content\/uploads\/2021\/07\/kiboTEK_Xiaomi_PPP_Store_05-1024x768.jpg 1024w, https:\/\/www.kibotek.com\/wp-content\/uploads\/2021\/07\/kiboTEK_Xiaomi_PPP_Store_05-768x576.jpg 768w, https:\/\/www.kibotek.com\/wp-content\/uploads\/2021\/07\/kiboTEK_Xiaomi_PPP_Store_05-16x12.jpg 16w, https:\/\/www.kibotek.com\/wp-content\/uploads\/2021\/07\/kiboTEK_Xiaomi_PPP_Store_05-600x450.jpg 600w, https:\/\/www.kibotek.com\/wp-content\/uploads\/2021\/07\/kiboTEK_Xiaomi_PPP_Store_05-80x60.jpg 80w, https:\/\/www.kibotek.com\/wp-content\/uploads\/2021\/07\/kiboTEK_Xiaomi_PPP_Store_05-120x90.jpg 120w, https:\/\/www.kibotek.com\/wp-content\/uploads\/2021\/07\/kiboTEK_Xiaomi_PPP_Store_05.jpg 1440w\" sizes=\"auto, (max-width: 300px) 100vw, 300px\" \/><\/a><\/p>\n<p>Abbiamo molti anni di esperienza, sempre al servizio dei nostri clienti.<\/p>\n<p>In kiboTEK puoi <strong><span style=\"color: #ff7d06;\"><a style=\"color: #ff7d06;\" href=\"https:\/\/www.kibotek.com\/it\/acquistare-xiaomi-spagna\/\">acquista Xiaomi<\/a><\/span><\/strong> a buon mercato,\u00a0 <a href=\"https:\/\/www.kibotek.com\/it\/brand\/acquista-il-meglio-di-xiaomi\/comprar-lo-mejor-de-pocophone\/\"><strong><span style=\"color: #ff7d06;\">Po<\/span><\/strong><\/a>, Blackshark e <strong><span style=\"color: #ff7d06;\"><a style=\"color: #ff7d06;\" href=\"https:\/\/www.kibotek.com\/it\/brand\/acquista-il-meglio-di-xiaomi\/compra-il-meglio-di-redmi\/\">Redmi<\/a><\/span><\/strong>, cos\u00ec come marchi emergenti e in crescita come Realme. Siamo anche un negozio <strong><span style=\"color: #ff7d06;\"><a style=\"color: #ff7d06;\" href=\"https:\/\/www.kibotek.com\/it\/brand\/compra-il-meglio-di-huawei\/comprar-lo-mejor-de-honor\/\">Honor<\/a><\/span><\/strong>\u00a0in Spagna oltre che in negozio <strong><span style=\"color: #ff7d06;\"><a style=\"color: #ff7d06;\" href=\"https:\/\/www.kibotek.com\/it\/brand\/acquista-il-meglio-di-oneplus\/\">Oneplus<\/a><\/span><\/strong> in Spagna, negozio Realme Spagna, negozio Oppo Spagna, negozio <strong><span style=\"color: #ff7d06;\"><a style=\"color: #ff7d06;\" href=\"https:\/\/www.kibotek.com\/it\/brand\/compra-il-meglio-di-meizu\/\">Meizu<\/a><\/span><\/strong> e molti altri marchi. Ci sforziamo di portare i migliori modelli internazionali 100% originali dal mercato asiatico in Spagna. Sempre il primo. Abbiamo anche un ampio catalogo di gadget e accessori.<\/p>\n<p>Il nostro riferimento \u00e8 la classifica <strong><span style=\"color: #ff7d06;\"><a style=\"color: #ff7d06;\" href=\"http:\/\/www.antutu.com\/en\/\" rel=\"nofollow noopener\" target=\"_blank\">Antutu<\/a><\/span><\/strong> come puoi vedere nel nostro <strong><span style=\"color: #ff7d06;\"><a style=\"color: #ff7d06;\" href=\"https:\/\/www.kibotek.com\/it\/espacio-antutu\/\">Top Antutu<\/a><\/span><\/strong>, sebbene offriamo anche modelli di fascia bassa. Sempre con un ottimo rapporto qualit\u00e0 \/ prezzo.<\/p>","protected":false},"excerpt":{"rendered":"<p>kiboTEK es una tienda de tecnolog\u00eda online y f\u00edsica ubicada en Alameda Urquijo 35 Bilbao Espa\u00f1a que te ofrece los<\/p>","protected":false},"author":12,"featured_media":0,"parent":0,"menu_order":0,"comment_status":"closed","ping_status":"closed","template":"","meta":{"iawp_total_views":2421,"footnotes":""},"class_list":["post-12","page","type-page","status-publish","hentry"],"rttpg_featured_image_url":null,"rttpg_author":{"display_name":"kiboadm","author_link":"https:\/\/www.kibotek.com\/it\/kibonews\/author\/kiboadm-2-2-2-2-2-2-2-2-2-2-2-2-2\/"},"rttpg_comment":0,"rttpg_category":null,"rttpg_excerpt":"kiboTEK es una tienda de tecnolog\u00eda online y f\u00edsica ubicada en Alameda Urquijo 35 Bilbao Espa\u00f1a que te ofrece los","_links":{"self":[{"href":"https:\/\/www.kibotek.com\/it\/wp-json\/wp\/v2\/pages\/12","targetHints":{"allow":["GET"]}}],"collection":[{"href":"https:\/\/www.kibotek.com\/it\/wp-json\/wp\/v2\/pages"}],"about":[{"href":"https:\/\/www.kibotek.com\/it\/wp-json\/wp\/v2\/types\/page"}],"author":[{"embeddable":true,"href":"https:\/\/www.kibotek.com\/it\/wp-json\/wp\/v2\/users\/12"}],"replies":[{"embeddable":true,"href":"https:\/\/www.kibotek.com\/it\/wp-json\/wp\/v2\/comments?post=12"}],"version-history":[{"count":0,"href":"https:\/\/www.kibotek.com\/it\/wp-json\/wp\/v2\/pages\/12\/revisions"}],"wp:attachment":[{"href":"https:\/\/www.kibotek.com\/it\/wp-json\/wp\/v2\/media?parent=12"}],"curies":[{"name":"parola chiave","href":"https:\/\/api.w.org\/{rel}","templated":true}]}}