{"id":78308,"date":"2026-05-14T13:49:08","date_gmt":"2026-05-14T11:49:08","guid":{"rendered":"https:\/\/www.kibotek.com\/?post_type=product&#038;p=78308"},"modified":"2026-05-14T22:00:46","modified_gmt":"2026-05-14T20:00:46","slug":"miniloong-pocket-1","status":"publish","type":"product","link":"https:\/\/www.kibotek.com\/fr\/kibostore\/miniloong-pocket-1\/","title":{"rendered":"MINILOONG POCHE 1"},"content":{"rendered":"<h3>Achetez MINILOONG POCKET 1<\/h3>\n<h3>Exp\u00e9dition depuis l&#039;Espagne vers toute l&#039;Europe sous 24\/72 heures<\/h3>\n<h3>Garantie officielle de 3 ans<\/h3>\n<h3>sp\u00e9cifications<\/h3>\n<ul>\n<li>\u00c9cran IPS 4:3 de 4 pouces<\/li>\n<li>R\u00e9solution 960\u00d7720 450 nits<\/li>\n<li>Processeur quadric\u0153ur RockChip RK3566 Cortex-a55<\/li>\n<li>GPU Mali-G52 \u00e0 800 MHz<\/li>\n<li>1GB LPDDR4<\/li>\n<li>eMMC 8GB<\/li>\n<li>Batterie 4000mAh<\/li>\n<li>Charge de 7,5 W<\/li>\n<li>Wi-Fi, BT 4.2, USB-C OTG, prise jack 3,5 mm, HDMI,<\/li>\n<li>2 joysticks analogiques, croix directionnelle, ABYX, L1\/L2-R1\/R2<\/li>\n<li>Syst\u00e8me d&#039;exploitation Linux (LOONG OS)<\/li>\n<li>Dimensions 165,43 x 79 x 17,8 mm<\/li>\n<li>Poids 258 g<\/li>\n<\/ul>\n<h3>S\u00e9curit\u00e9 dans votre achat<\/h3>\n<p>Chez kiboTEK, faites vos achats en toute s\u00e9r\u00e9nit\u00e9 et s\u00e9curit\u00e9 sur la meilleure boutique en ligne d&#039;Espagne. Notre politique de retour vous offre une tranquillit\u00e9 d&#039;esprit totale si vous n&#039;\u00eates pas satisfait de votre achat.,<\/p>\n<p><strong><span style=\"font-size: 12pt;\">Vous disposez de 14 jours pour demander un remboursement.<\/span><\/strong><\/p>\n<p>En revanche, ne vous inqui\u00e9tez pas de la garantie car c&#039;est seulement sur notre site que vous l&#039;aurez.<\/p>\n<p><strong>Garantie europ\u00e9enne de 3 ans<\/strong><\/p>\n<p>Chez kiboTEK, vous pouvez acheter\u00a0<strong>MINILOONG POCHE 1 <\/strong>avec la garantie et la s\u00e9curit\u00e9 de la meilleure boutique en ligne d&#039;Espagne et d&#039;Europe.<\/p>\n<h2 data-start=\"3539\" data-end=\"3610\">Achetez-le chez kiboTEK \u2014 Boutique physique et en ligne avec garantie officielle<\/h2>\n<p data-start=\"3612\" data-end=\"3866\">Dans <strong data-start=\"3615\" data-end=\"3656\"><span class=\"hover:entity-accent entity-underline inline cursor-pointer align-baseline\"><span class=\"whitespace-normal\">kiboTEK<\/span><\/span><\/strong> peut <strong data-start=\"3664\" data-end=\"3711\">acheter MINILOONG POCKET 1<\/strong>\u00a0tellement <a href=\"http:\/\/www.kiboTEK.com\" target=\"_blank\" rel=\"nofollow noopener\">en ligne\u00a0<\/a> comme dans notre <strong data-start=\"3742\" data-end=\"3789\">magasins physiques \u00e0 Bilbao et Vitoria-Gasteiz<\/strong>, avec <strong data-start=\"3795\" data-end=\"3833\">Garantie europ\u00e9enne officielle de 3 ans<\/strong> et un support technique sp\u00e9cialis\u00e9.<\/p>\n<ul data-start=\"3263\" data-end=\"3417\">\n<li data-start=\"3263\" data-end=\"3291\">\n<p data-start=\"3265\" data-end=\"3291\"><a href=\"https:\/\/share.google\/6A44KmqGyzVK0dryQ\" target=\"_blank\" rel=\"nofollow noopener\">\ud83d\udccd Boutique KiboTEK Bilbao<\/a><\/p>\n<\/li>\n<li data-start=\"3292\" data-end=\"3329\">\n<p data-start=\"3294\" data-end=\"3329\"><a href=\"https:\/\/share.google\/j0qINcfL2JLnLzuep\" target=\"_blank\" rel=\"nofollow noopener\">\ud83d\udccdmagasin kiboTEK Vitoria-Gasteiz<\/a><\/p>\n<\/li>\n<li data-start=\"3330\" data-end=\"3374\">\n<p data-start=\"3332\" data-end=\"3374\">\ud83d\ude9a Exp\u00e9dition rapide sous 24\/48 heures dans toute l&#039;Europe<\/p>\n<\/li>\n<li data-start=\"3375\" data-end=\"3417\">\n<p data-start=\"3377\" data-end=\"3417\">\ud83d\udee1\ufe0f Garantie officielle et support technique<\/p>\n<\/li>\n<\/ul>\n<p>Chez kiboTEK, nous continuons d&#039;enrichir notre catalogue pour vous proposer les derni\u00e8res consoles portables. D\u00e9couvrez la nouvelle MINILOONG POCKET 1, un appareil qui se distingue par son syst\u00e8me ouvert et son excellente compatibilit\u00e9 avec de nombreux \u00e9mulateurs. Profitez ainsi d&#039;une vaste s\u00e9lection de jeux vid\u00e9o 8, 16, 32 et 64 bits, tout en faisant office de lecteur multim\u00e9dia complet \u00e0 faible consommation.<\/p>\n<h3>\u00e9cran de 4 pouces<\/h3>\n<p>La console est dot\u00e9e d&#039;un \u00e9cran IPS de 4 pouces offrant un excellent rendu gr\u00e2ce \u00e0 son format 4:3 classique. Elle propose une r\u00e9solution de 960 x 720 pixels et une luminosit\u00e9 de 450 nits pour un confort de jeu optimal o\u00f9 que vous soyez.<\/p>\n<h3>Processeur puissant<\/h3>\n<p>Au c\u0153ur du syst\u00e8me, on trouve un processeur RockChip RK3566 \u00e0 quatre c\u0153urs et un GPU Mali-G52. Ce processeur est accompagn\u00e9 de 11\u00a0TP48\u00a0To de m\u00e9moire LPDDR4 et de 81\u00a0TP48\u00a0To de stockage interne, une combinaison id\u00e9ale pour une exp\u00e9rience de jeu fluide.<\/p>\n<h3>Batterie longue dur\u00e9e<\/h3>\n<p>Pour r\u00e9sister aux longues sessions de jeu, il int\u00e8gre une batterie de 4000 mAh et un syst\u00e8me de charge d&#039;une vitesse standard de 7,5 W.<\/p>\n<h3>La connectivit\u00e9 dans votre main<\/h3>\n<p>En termes de connectivit\u00e9, il est bien \u00e9quip\u00e9 avec des connexions sans fil Wi-Fi et Bluetooth 4.2, et comprend \u00e9galement un port USB-C pour les accessoires, une prise casque classique et une sortie HDMI pour une connexion directe au t\u00e9l\u00e9viseur.<\/p>\n<h3>Commandes confortables<\/h3>\n<p>La configuration des commandes est tr\u00e8s compl\u00e8te et agr\u00e9able \u00e0 utiliser. Elle comprend deux joysticks analogiques, une croix directionnelle, quatre boutons d&#039;action principaux et quatre g\u00e2chettes situ\u00e9es \u00e0 l&#039;arri\u00e8re.<\/p>\n<h3>\u00c9mulateurs<\/h3>\n<p>La console portable MINILOONG Pocket 1 est compatible avec les \u00e9mulateurs classiques tels que NES, GB, GBC, SNES, SEGA GENESIS, PlayStation 1, SEGA Dreamcast, Nintendo 64, GameCube et bien d&#039;autres\u2026<\/p>\n<h3>Syst\u00e8me d&#039;exploitation LOONG OS<\/h3>\n<p>Ce syst\u00e8me d&#039;exploitation, con\u00e7u exclusivement pour les appareils portables, optimise l&#039;\u00e9mulation, les performances des jeux r\u00e9tro et le multit\u00e2che. Tr\u00e8s intuitif et l\u00e9ger, il exploite au maximum les performances de l&#039;appareil tout en consommant un minimum de ressources.<\/p>\n<dl>\n<dt>\n<dl>\n<dt>\n<dl>\n<dt><\/dt>\n<\/dl>\n<\/dt>\n<\/dl>\n<p><img loading=\"lazy\" decoding=\"async\" class=\"aligncenter size-full wp-image-78309\" src=\"https:\/\/www.kibotek.com\/wp-content\/uploads\/2026\/05\/kiboTEK_Miniloong_pocket_1_001.jpg\" alt=\"\" width=\"750\" height=\"940\" title=\"\" srcset=\"https:\/\/www.kibotek.com\/wp-content\/uploads\/2026\/05\/kiboTEK_Miniloong_pocket_1_001.jpg 750w, https:\/\/www.kibotek.com\/wp-content\/uploads\/2026\/05\/kiboTEK_Miniloong_pocket_1_001-239x300.jpg 239w, https:\/\/www.kibotek.com\/wp-content\/uploads\/2026\/05\/kiboTEK_Miniloong_pocket_1_001-638x800.jpg 638w, https:\/\/www.kibotek.com\/wp-content\/uploads\/2026\/05\/kiboTEK_Miniloong_pocket_1_001-10x12.jpg 10w, https:\/\/www.kibotek.com\/wp-content\/uploads\/2026\/05\/kiboTEK_Miniloong_pocket_1_001-430x539.jpg 430w, https:\/\/www.kibotek.com\/wp-content\/uploads\/2026\/05\/kiboTEK_Miniloong_pocket_1_001-700x877.jpg 700w, https:\/\/www.kibotek.com\/wp-content\/uploads\/2026\/05\/kiboTEK_Miniloong_pocket_1_001-150x188.jpg 150w\" sizes=\"auto, (max-width: 750px) 100vw, 750px\" \/> <img loading=\"lazy\" decoding=\"async\" class=\"aligncenter size-full wp-image-78310\" src=\"https:\/\/www.kibotek.com\/wp-content\/uploads\/2026\/05\/kiboTEK_Miniloong_pocket_1_002.jpg\" alt=\"\" width=\"750\" height=\"1106\" title=\"\" srcset=\"https:\/\/www.kibotek.com\/wp-content\/uploads\/2026\/05\/kiboTEK_Miniloong_pocket_1_002.jpg 750w, https:\/\/www.kibotek.com\/wp-content\/uploads\/2026\/05\/kiboTEK_Miniloong_pocket_1_002-203x300.jpg 203w, https:\/\/www.kibotek.com\/wp-content\/uploads\/2026\/05\/kiboTEK_Miniloong_pocket_1_002-542x800.jpg 542w, https:\/\/www.kibotek.com\/wp-content\/uploads\/2026\/05\/kiboTEK_Miniloong_pocket_1_002-8x12.jpg 8w, https:\/\/www.kibotek.com\/wp-content\/uploads\/2026\/05\/kiboTEK_Miniloong_pocket_1_002-430x634.jpg 430w, https:\/\/www.kibotek.com\/wp-content\/uploads\/2026\/05\/kiboTEK_Miniloong_pocket_1_002-700x1032.jpg 700w, https:\/\/www.kibotek.com\/wp-content\/uploads\/2026\/05\/kiboTEK_Miniloong_pocket_1_002-150x221.jpg 150w\" sizes=\"auto, (max-width: 750px) 100vw, 750px\" \/> <img loading=\"lazy\" decoding=\"async\" class=\"aligncenter size-full wp-image-78311\" src=\"https:\/\/www.kibotek.com\/wp-content\/uploads\/2026\/05\/kiboTEK_Miniloong_pocket_1_003.jpg\" alt=\"\" width=\"750\" height=\"854\" title=\"\" srcset=\"https:\/\/www.kibotek.com\/wp-content\/uploads\/2026\/05\/kiboTEK_Miniloong_pocket_1_003.jpg 750w, https:\/\/www.kibotek.com\/wp-content\/uploads\/2026\/05\/kiboTEK_Miniloong_pocket_1_003-263x300.jpg 263w, https:\/\/www.kibotek.com\/wp-content\/uploads\/2026\/05\/kiboTEK_Miniloong_pocket_1_003-703x800.jpg 703w, https:\/\/www.kibotek.com\/wp-content\/uploads\/2026\/05\/kiboTEK_Miniloong_pocket_1_003-11x12.jpg 11w, https:\/\/www.kibotek.com\/wp-content\/uploads\/2026\/05\/kiboTEK_Miniloong_pocket_1_003-430x490.jpg 430w, https:\/\/www.kibotek.com\/wp-content\/uploads\/2026\/05\/kiboTEK_Miniloong_pocket_1_003-700x797.jpg 700w, https:\/\/www.kibotek.com\/wp-content\/uploads\/2026\/05\/kiboTEK_Miniloong_pocket_1_003-150x171.jpg 150w\" sizes=\"auto, (max-width: 750px) 100vw, 750px\" \/> <img loading=\"lazy\" decoding=\"async\" class=\"aligncenter size-full wp-image-78312\" src=\"https:\/\/www.kibotek.com\/wp-content\/uploads\/2026\/05\/kiboTEK_Miniloong_pocket_1_004.jpg\" alt=\"\" width=\"750\" height=\"1302\" title=\"\" srcset=\"https:\/\/www.kibotek.com\/wp-content\/uploads\/2026\/05\/kiboTEK_Miniloong_pocket_1_004.jpg 750w, https:\/\/www.kibotek.com\/wp-content\/uploads\/2026\/05\/kiboTEK_Miniloong_pocket_1_004-173x300.jpg 173w, https:\/\/www.kibotek.com\/wp-content\/uploads\/2026\/05\/kiboTEK_Miniloong_pocket_1_004-461x800.jpg 461w, https:\/\/www.kibotek.com\/wp-content\/uploads\/2026\/05\/kiboTEK_Miniloong_pocket_1_004-7x12.jpg 7w, https:\/\/www.kibotek.com\/wp-content\/uploads\/2026\/05\/kiboTEK_Miniloong_pocket_1_004-430x746.jpg 430w, https:\/\/www.kibotek.com\/wp-content\/uploads\/2026\/05\/kiboTEK_Miniloong_pocket_1_004-700x1215.jpg 700w, https:\/\/www.kibotek.com\/wp-content\/uploads\/2026\/05\/kiboTEK_Miniloong_pocket_1_004-150x260.jpg 150w\" sizes=\"auto, (max-width: 750px) 100vw, 750px\" \/> <img loading=\"lazy\" decoding=\"async\" class=\"aligncenter size-full wp-image-78313\" src=\"https:\/\/www.kibotek.com\/wp-content\/uploads\/2026\/05\/kiboTEK_Miniloong_pocket_1_005.jpg\" alt=\"\" width=\"750\" height=\"1360\" title=\"\" srcset=\"https:\/\/www.kibotek.com\/wp-content\/uploads\/2026\/05\/kiboTEK_Miniloong_pocket_1_005.jpg 750w, https:\/\/www.kibotek.com\/wp-content\/uploads\/2026\/05\/kiboTEK_Miniloong_pocket_1_005-165x300.jpg 165w, https:\/\/www.kibotek.com\/wp-content\/uploads\/2026\/05\/kiboTEK_Miniloong_pocket_1_005-441x800.jpg 441w, https:\/\/www.kibotek.com\/wp-content\/uploads\/2026\/05\/kiboTEK_Miniloong_pocket_1_005-7x12.jpg 7w, https:\/\/www.kibotek.com\/wp-content\/uploads\/2026\/05\/kiboTEK_Miniloong_pocket_1_005-430x780.jpg 430w, https:\/\/www.kibotek.com\/wp-content\/uploads\/2026\/05\/kiboTEK_Miniloong_pocket_1_005-700x1269.jpg 700w, https:\/\/www.kibotek.com\/wp-content\/uploads\/2026\/05\/kiboTEK_Miniloong_pocket_1_005-150x272.jpg 150w\" sizes=\"auto, (max-width: 750px) 100vw, 750px\" \/> <img loading=\"lazy\" decoding=\"async\" class=\"aligncenter size-full wp-image-78314\" src=\"https:\/\/www.kibotek.com\/wp-content\/uploads\/2026\/05\/kiboTEK_Miniloong_pocket_1_006.jpg\" alt=\"\" width=\"750\" height=\"1107\" title=\"\" srcset=\"https:\/\/www.kibotek.com\/wp-content\/uploads\/2026\/05\/kiboTEK_Miniloong_pocket_1_006.jpg 750w, https:\/\/www.kibotek.com\/wp-content\/uploads\/2026\/05\/kiboTEK_Miniloong_pocket_1_006-203x300.jpg 203w, https:\/\/www.kibotek.com\/wp-content\/uploads\/2026\/05\/kiboTEK_Miniloong_pocket_1_006-542x800.jpg 542w, https:\/\/www.kibotek.com\/wp-content\/uploads\/2026\/05\/kiboTEK_Miniloong_pocket_1_006-8x12.jpg 8w, https:\/\/www.kibotek.com\/wp-content\/uploads\/2026\/05\/kiboTEK_Miniloong_pocket_1_006-430x635.jpg 430w, https:\/\/www.kibotek.com\/wp-content\/uploads\/2026\/05\/kiboTEK_Miniloong_pocket_1_006-700x1033.jpg 700w, https:\/\/www.kibotek.com\/wp-content\/uploads\/2026\/05\/kiboTEK_Miniloong_pocket_1_006-150x221.jpg 150w\" sizes=\"auto, (max-width: 750px) 100vw, 750px\" \/> <img loading=\"lazy\" decoding=\"async\" class=\"aligncenter size-full wp-image-78315\" src=\"https:\/\/www.kibotek.com\/wp-content\/uploads\/2026\/05\/kiboTEK_Miniloong_pocket_1_007.jpg\" alt=\"\" width=\"750\" height=\"1107\" title=\"\" srcset=\"https:\/\/www.kibotek.com\/wp-content\/uploads\/2026\/05\/kiboTEK_Miniloong_pocket_1_007.jpg 750w, https:\/\/www.kibotek.com\/wp-content\/uploads\/2026\/05\/kiboTEK_Miniloong_pocket_1_007-203x300.jpg 203w, https:\/\/www.kibotek.com\/wp-content\/uploads\/2026\/05\/kiboTEK_Miniloong_pocket_1_007-542x800.jpg 542w, https:\/\/www.kibotek.com\/wp-content\/uploads\/2026\/05\/kiboTEK_Miniloong_pocket_1_007-8x12.jpg 8w, https:\/\/www.kibotek.com\/wp-content\/uploads\/2026\/05\/kiboTEK_Miniloong_pocket_1_007-430x635.jpg 430w, https:\/\/www.kibotek.com\/wp-content\/uploads\/2026\/05\/kiboTEK_Miniloong_pocket_1_007-700x1033.jpg 700w, https:\/\/www.kibotek.com\/wp-content\/uploads\/2026\/05\/kiboTEK_Miniloong_pocket_1_007-150x221.jpg 150w\" sizes=\"auto, (max-width: 750px) 100vw, 750px\" \/> <img loading=\"lazy\" decoding=\"async\" class=\"aligncenter size-full wp-image-78316\" src=\"https:\/\/www.kibotek.com\/wp-content\/uploads\/2026\/05\/kiboTEK_Miniloong_pocket_1_008.jpg\" alt=\"\" width=\"750\" height=\"751\" title=\"\" srcset=\"https:\/\/www.kibotek.com\/wp-content\/uploads\/2026\/05\/kiboTEK_Miniloong_pocket_1_008.jpg 750w, https:\/\/www.kibotek.com\/wp-content\/uploads\/2026\/05\/kiboTEK_Miniloong_pocket_1_008-300x300.jpg 300w, https:\/\/www.kibotek.com\/wp-content\/uploads\/2026\/05\/kiboTEK_Miniloong_pocket_1_008-150x150.jpg 150w, https:\/\/www.kibotek.com\/wp-content\/uploads\/2026\/05\/kiboTEK_Miniloong_pocket_1_008-12x12.jpg 12w, https:\/\/www.kibotek.com\/wp-content\/uploads\/2026\/05\/kiboTEK_Miniloong_pocket_1_008-430x431.jpg 430w, https:\/\/www.kibotek.com\/wp-content\/uploads\/2026\/05\/kiboTEK_Miniloong_pocket_1_008-700x701.jpg 700w, https:\/\/www.kibotek.com\/wp-content\/uploads\/2026\/05\/kiboTEK_Miniloong_pocket_1_008-50x50.jpg 50w, https:\/\/www.kibotek.com\/wp-content\/uploads\/2026\/05\/kiboTEK_Miniloong_pocket_1_008-100x100.jpg 100w, https:\/\/www.kibotek.com\/wp-content\/uploads\/2026\/05\/kiboTEK_Miniloong_pocket_1_008-32x32.jpg 32w\" sizes=\"auto, (max-width: 750px) 100vw, 750px\" \/> <img loading=\"lazy\" decoding=\"async\" class=\"aligncenter size-full wp-image-78317\" src=\"https:\/\/www.kibotek.com\/wp-content\/uploads\/2026\/05\/kiboTEK_Miniloong_pocket_1_009-scaled.jpg\" alt=\"\" width=\"526\" height=\"2560\" title=\"\" srcset=\"https:\/\/www.kibotek.com\/wp-content\/uploads\/2026\/05\/kiboTEK_Miniloong_pocket_1_009-scaled.jpg 526w, https:\/\/www.kibotek.com\/wp-content\/uploads\/2026\/05\/kiboTEK_Miniloong_pocket_1_009-421x2048.jpg 421w, https:\/\/www.kibotek.com\/wp-content\/uploads\/2026\/05\/kiboTEK_Miniloong_pocket_1_009-430x2094.jpg 430w, https:\/\/www.kibotek.com\/wp-content\/uploads\/2026\/05\/kiboTEK_Miniloong_pocket_1_009-150x730.jpg 150w\" sizes=\"auto, (max-width: 526px) 100vw, 526px\" \/> <img loading=\"lazy\" decoding=\"async\" class=\"aligncenter size-full wp-image-78318\" src=\"https:\/\/www.kibotek.com\/wp-content\/uploads\/2026\/05\/kiboTEK_Miniloong_pocket_1_010.jpg\" alt=\"\" width=\"750\" height=\"1141\" title=\"\" srcset=\"https:\/\/www.kibotek.com\/wp-content\/uploads\/2026\/05\/kiboTEK_Miniloong_pocket_1_010.jpg 750w, https:\/\/www.kibotek.com\/wp-content\/uploads\/2026\/05\/kiboTEK_Miniloong_pocket_1_010-197x300.jpg 197w, https:\/\/www.kibotek.com\/wp-content\/uploads\/2026\/05\/kiboTEK_Miniloong_pocket_1_010-526x800.jpg 526w, https:\/\/www.kibotek.com\/wp-content\/uploads\/2026\/05\/kiboTEK_Miniloong_pocket_1_010-8x12.jpg 8w, https:\/\/www.kibotek.com\/wp-content\/uploads\/2026\/05\/kiboTEK_Miniloong_pocket_1_010-430x654.jpg 430w, https:\/\/www.kibotek.com\/wp-content\/uploads\/2026\/05\/kiboTEK_Miniloong_pocket_1_010-700x1065.jpg 700w, https:\/\/www.kibotek.com\/wp-content\/uploads\/2026\/05\/kiboTEK_Miniloong_pocket_1_010-150x228.jpg 150w\" sizes=\"auto, (max-width: 750px) 100vw, 750px\" \/> <img loading=\"lazy\" decoding=\"async\" class=\"aligncenter size-full wp-image-78319\" src=\"https:\/\/www.kibotek.com\/wp-content\/uploads\/2026\/05\/kiboTEK_Miniloong_pocket_1_011.jpg\" alt=\"\" width=\"750\" height=\"968\" title=\"\" srcset=\"https:\/\/www.kibotek.com\/wp-content\/uploads\/2026\/05\/kiboTEK_Miniloong_pocket_1_011.jpg 750w, https:\/\/www.kibotek.com\/wp-content\/uploads\/2026\/05\/kiboTEK_Miniloong_pocket_1_011-232x300.jpg 232w, https:\/\/www.kibotek.com\/wp-content\/uploads\/2026\/05\/kiboTEK_Miniloong_pocket_1_011-620x800.jpg 620w, https:\/\/www.kibotek.com\/wp-content\/uploads\/2026\/05\/kiboTEK_Miniloong_pocket_1_011-9x12.jpg 9w, https:\/\/www.kibotek.com\/wp-content\/uploads\/2026\/05\/kiboTEK_Miniloong_pocket_1_011-430x555.jpg 430w, https:\/\/www.kibotek.com\/wp-content\/uploads\/2026\/05\/kiboTEK_Miniloong_pocket_1_011-700x903.jpg 700w, https:\/\/www.kibotek.com\/wp-content\/uploads\/2026\/05\/kiboTEK_Miniloong_pocket_1_011-150x194.jpg 150w\" sizes=\"auto, (max-width: 750px) 100vw, 750px\" \/> <img loading=\"lazy\" decoding=\"async\" class=\"aligncenter size-full wp-image-78320\" src=\"https:\/\/www.kibotek.com\/wp-content\/uploads\/2026\/05\/kiboTEK_Miniloong_pocket_1_012.jpg\" alt=\"\" width=\"750\" height=\"1692\" title=\"\" srcset=\"https:\/\/www.kibotek.com\/wp-content\/uploads\/2026\/05\/kiboTEK_Miniloong_pocket_1_012.jpg 750w, https:\/\/www.kibotek.com\/wp-content\/uploads\/2026\/05\/kiboTEK_Miniloong_pocket_1_012-133x300.jpg 133w, https:\/\/www.kibotek.com\/wp-content\/uploads\/2026\/05\/kiboTEK_Miniloong_pocket_1_012-355x800.jpg 355w, https:\/\/www.kibotek.com\/wp-content\/uploads\/2026\/05\/kiboTEK_Miniloong_pocket_1_012-681x1536.jpg 681w, https:\/\/www.kibotek.com\/wp-content\/uploads\/2026\/05\/kiboTEK_Miniloong_pocket_1_012-5x12.jpg 5w, https:\/\/www.kibotek.com\/wp-content\/uploads\/2026\/05\/kiboTEK_Miniloong_pocket_1_012-430x970.jpg 430w, https:\/\/www.kibotek.com\/wp-content\/uploads\/2026\/05\/kiboTEK_Miniloong_pocket_1_012-700x1579.jpg 700w, https:\/\/www.kibotek.com\/wp-content\/uploads\/2026\/05\/kiboTEK_Miniloong_pocket_1_012-150x338.jpg 150w\" sizes=\"auto, (max-width: 750px) 100vw, 750px\" \/> <img loading=\"lazy\" decoding=\"async\" class=\"aligncenter size-full wp-image-78321\" src=\"https:\/\/www.kibotek.com\/wp-content\/uploads\/2026\/05\/kiboTEK_Miniloong_pocket_1_013.jpg\" alt=\"\" width=\"750\" height=\"755\" title=\"\" srcset=\"https:\/\/www.kibotek.com\/wp-content\/uploads\/2026\/05\/kiboTEK_Miniloong_pocket_1_013.jpg 750w, https:\/\/www.kibotek.com\/wp-content\/uploads\/2026\/05\/kiboTEK_Miniloong_pocket_1_013-298x300.jpg 298w, https:\/\/www.kibotek.com\/wp-content\/uploads\/2026\/05\/kiboTEK_Miniloong_pocket_1_013-150x151.jpg 150w, https:\/\/www.kibotek.com\/wp-content\/uploads\/2026\/05\/kiboTEK_Miniloong_pocket_1_013-12x12.jpg 12w, https:\/\/www.kibotek.com\/wp-content\/uploads\/2026\/05\/kiboTEK_Miniloong_pocket_1_013-430x433.jpg 430w, https:\/\/www.kibotek.com\/wp-content\/uploads\/2026\/05\/kiboTEK_Miniloong_pocket_1_013-700x705.jpg 700w, https:\/\/www.kibotek.com\/wp-content\/uploads\/2026\/05\/kiboTEK_Miniloong_pocket_1_013-50x50.jpg 50w, https:\/\/www.kibotek.com\/wp-content\/uploads\/2026\/05\/kiboTEK_Miniloong_pocket_1_013-100x100.jpg 100w, https:\/\/www.kibotek.com\/wp-content\/uploads\/2026\/05\/kiboTEK_Miniloong_pocket_1_013-32x32.jpg 32w\" sizes=\"auto, (max-width: 750px) 100vw, 750px\" \/> <img loading=\"lazy\" decoding=\"async\" class=\"aligncenter size-full wp-image-78322\" src=\"https:\/\/www.kibotek.com\/wp-content\/uploads\/2026\/05\/kiboTEK_Miniloong_pocket_1_014.jpg\" alt=\"\" width=\"750\" height=\"1106\" title=\"\" srcset=\"https:\/\/www.kibotek.com\/wp-content\/uploads\/2026\/05\/kiboTEK_Miniloong_pocket_1_014.jpg 750w, https:\/\/www.kibotek.com\/wp-content\/uploads\/2026\/05\/kiboTEK_Miniloong_pocket_1_014-203x300.jpg 203w, https:\/\/www.kibotek.com\/wp-content\/uploads\/2026\/05\/kiboTEK_Miniloong_pocket_1_014-542x800.jpg 542w, https:\/\/www.kibotek.com\/wp-content\/uploads\/2026\/05\/kiboTEK_Miniloong_pocket_1_014-8x12.jpg 8w, https:\/\/www.kibotek.com\/wp-content\/uploads\/2026\/05\/kiboTEK_Miniloong_pocket_1_014-430x634.jpg 430w, https:\/\/www.kibotek.com\/wp-content\/uploads\/2026\/05\/kiboTEK_Miniloong_pocket_1_014-700x1032.jpg 700w, https:\/\/www.kibotek.com\/wp-content\/uploads\/2026\/05\/kiboTEK_Miniloong_pocket_1_014-150x221.jpg 150w\" sizes=\"auto, (max-width: 750px) 100vw, 750px\" \/> <img loading=\"lazy\" decoding=\"async\" class=\"aligncenter size-full wp-image-78323\" src=\"https:\/\/www.kibotek.com\/wp-content\/uploads\/2026\/05\/kiboTEK_Miniloong_pocket_1_015.jpg\" alt=\"\" width=\"750\" height=\"1281\" title=\"\" srcset=\"https:\/\/www.kibotek.com\/wp-content\/uploads\/2026\/05\/kiboTEK_Miniloong_pocket_1_015.jpg 750w, https:\/\/www.kibotek.com\/wp-content\/uploads\/2026\/05\/kiboTEK_Miniloong_pocket_1_015-176x300.jpg 176w, https:\/\/www.kibotek.com\/wp-content\/uploads\/2026\/05\/kiboTEK_Miniloong_pocket_1_015-468x800.jpg 468w, https:\/\/www.kibotek.com\/wp-content\/uploads\/2026\/05\/kiboTEK_Miniloong_pocket_1_015-7x12.jpg 7w, https:\/\/www.kibotek.com\/wp-content\/uploads\/2026\/05\/kiboTEK_Miniloong_pocket_1_015-430x734.jpg 430w, https:\/\/www.kibotek.com\/wp-content\/uploads\/2026\/05\/kiboTEK_Miniloong_pocket_1_015-700x1196.jpg 700w, https:\/\/www.kibotek.com\/wp-content\/uploads\/2026\/05\/kiboTEK_Miniloong_pocket_1_015-150x256.jpg 150w\" sizes=\"auto, (max-width: 750px) 100vw, 750px\" \/><\/dt>\n<dt><\/dt>\n<\/dl>","protected":false},"excerpt":{"rendered":"<p class=\"price woobt-price-56089\"><strong><em>ACHETEZ MAINTENANT ET <\/em><\/strong><strong><em>RECEVEZ EN 24\/72H \ud83d\ude80<\/em><\/strong><\/p>","protected":false},"featured_media":78341,"comment_status":"open","ping_status":"closed","template":"","meta":{"iawp_total_views":6},"product_brand":[8683],"product_cat":[5514],"product_tag":[],"class_list":{"0":"post-78308","1":"product","2":"type-product","3":"status-publish","4":"has-post-thumbnail","6":"product_brand-miniloong","7":"product_cat-consolas-retro-gaming-arcade-bartop-pandora-box-anbernic-powkiddy","9":"first","10":"outofstock","11":"sale","12":"taxable","13":"shipping-taxable","14":"purchasable","15":"product-type-variable"},"supplier_id":null,"supplier_sku":"","barcode":null,"atum_controlled":true,"out_stock_date":null,"out_stock_threshold":null,"inheritable":true,"inbound_stock":null,"stock_on_hold":0,"sold_today":0,"sales_last_days":0,"reserved_stock":null,"customer_returns":null,"warehouse_damage":null,"lost_in_post":null,"other_logs":null,"out_stock_days":0,"lost_sales":0,"has_location":false,"update_date":"2026-05-14T20:00:43","atum_locations":[],"atum_stock_status":"outofstock","restock_status":false,"low_stock_amount":"","sales_update_date":"2026-05-14T00:44:48","calc_backorders":null,"_links":{"self":[{"href":"https:\/\/www.kibotek.com\/fr\/wp-json\/wp\/v2\/product\/78308","targetHints":{"allow":["GET"]}}],"collection":[{"href":"https:\/\/www.kibotek.com\/fr\/wp-json\/wp\/v2\/product"}],"about":[{"href":"https:\/\/www.kibotek.com\/fr\/wp-json\/wp\/v2\/types\/product"}],"replies":[{"embeddable":true,"href":"https:\/\/www.kibotek.com\/fr\/wp-json\/wp\/v2\/comments?post=78308"}],"version-history":[{"count":10,"href":"https:\/\/www.kibotek.com\/fr\/wp-json\/wp\/v2\/product\/78308\/revisions"}],"predecessor-version":[{"id":78339,"href":"https:\/\/www.kibotek.com\/fr\/wp-json\/wp\/v2\/product\/78308\/revisions\/78339"}],"wp:featuredmedia":[{"embeddable":true,"href":"https:\/\/www.kibotek.com\/fr\/wp-json\/wp\/v2\/media\/78341"}],"wp:attachment":[{"href":"https:\/\/www.kibotek.com\/fr\/wp-json\/wp\/v2\/media?parent=78308"}],"wp:term":[{"taxonomy":"product_brand","embeddable":true,"href":"https:\/\/www.kibotek.com\/fr\/wp-json\/wp\/v2\/product_brand?post=78308"},{"taxonomy":"product_cat","embeddable":true,"href":"https:\/\/www.kibotek.com\/fr\/wp-json\/wp\/v2\/product_cat?post=78308"},{"taxonomy":"product_tag","embeddable":true,"href":"https:\/\/www.kibotek.com\/fr\/wp-json\/wp\/v2\/product_tag?post=78308"}],"curies":[{"name":"wp","href":"https:\/\/api.w.org\/{rel}","templated":true}]}}