{"id":75786,"date":"2026-04-22T18:52:03","date_gmt":"2026-04-22T16:52:03","guid":{"rendered":"https:\/\/www.kibotek.com\/?post_type=product&#038;p=75786"},"modified":"2026-04-24T22:00:52","modified_gmt":"2026-04-24T20:00:52","slug":"ayaneo-pocket-air-mini-3-go-64-go-edition-limitee-b-duck","status":"publish","type":"product","link":"https:\/\/www.kibotek.com\/fr\/kibostore\/ayaneo-pocket-air-mini-3gb-64gb-b-duck-edicion-limitada\/","title":{"rendered":"AYANEO Pocket Air Mini 3GB\/64GB B.Duck \u00c9dition Limit\u00e9e"},"content":{"rendered":"<h3>AYANEO Pocket AIR MINI 3GB\/64GB Consola Port\u00e1til Gaming B.Duck Edici\u00f3n Limitada<\/h3>\n<h3>Exp\u00e9dition depuis l&#039;Espagne vers toute l&#039;Europe sous 24\/72 heures<\/h3>\n<h3><strong>3 ans<\/strong> <strong>garantie europ\u00e9enne <\/strong><strong>Uniquement chez kiboTEK<\/strong><\/h3>\n<h3>sp\u00e9cifications<\/h3>\n<ul>\n<li>Processeur octoc\u0153ur MediaTEK Helio G90T<\/li>\n<li>GPU Mali-G76 MP4<\/li>\n<li>RAM 3GB<\/li>\n<li>Stockage 64GB<\/li>\n<li><strong>\u00c9cran LCD 4,2\u2033 1280 x 960 pixels 60 Hz<\/strong><\/li>\n<li>Refroidissement actif avec ventilateur<\/li>\n<li>1 port USB Type-C<\/li>\n<li>1 emplacement pour carte microSD<\/li>\n<li>Prise casque 3,5 mm<\/li>\n<li>Vibration audio\/vibration Xinut\/vibration du bouton<\/li>\n<li>Modes de surveillance globale et de performances personnalis\u00e9es<\/li>\n<li>Bouton AYA \/ Bouton Menu \/ Bouton de navigation<\/li>\n<li>Wi-Fi 5, BT 5.0<\/li>\n<li>Android 11<\/li>\n<li>Batterie de 4500 mAh<\/li>\n<li>Charge rapide 18 W<\/li>\n<li>Poids 269 g<\/li>\n<li>Dimensions : 165,9 mm x 82,5 mm x 18,7 mm<\/li>\n<li>B.Duck \u00c9dition Limit\u00e9e<\/li>\n<\/ul>\n<h3>S\u00e9curit\u00e9 dans votre achat<\/h3>\n<p>Chez kiboTEK, profitez de la tranquillit\u00e9 d&#039;esprit et de la s\u00e9curit\u00e9 d&#039;achat aupr\u00e8s de l&#039;une des boutiques de jeux vid\u00e9o les mieux not\u00e9es. Soyez assur\u00e9 que vous pourrez retourner votre achat si vous n&#039;\u00eates pas satisfait.,<\/p>\n<p><strong><span style=\"font-size: 12pt;\">Vous disposez de 14 jours pour demander un remboursement.<\/span><\/strong><\/p>\n<p>En revanche, ne vous inqui\u00e9tez pas de la garantie car c&#039;est seulement sur notre site que vous l&#039;aurez.<\/p>\n<p><strong>Garantie europ\u00e9enne de 3 ans<\/strong><\/p>\n<p>Chez kiboTEK, vous pouvez acheter des consoles de jeux portables avec la garantie et la s\u00e9curit\u00e9 du meilleur magasin de jeux en ligne d&#039;Espagne et d&#039;Europe.<\/p>\n<p><a href=\"https:\/\/www.kibotek.com\/fr\/conditions-de-retour\/\">Consultez les conditions g\u00e9n\u00e9rales ici sans engagement.\u00a0<\/a><\/p>\n<h3 data-start=\"3539\" data-end=\"3610\">Achetez-le chez kiboTEK \u2014 Boutique physique et en ligne avec garantie officielle<\/h3>\n<p data-start=\"3612\" data-end=\"3866\">Dans <strong data-start=\"3615\" data-end=\"3656\"><span class=\"hover:entity-accent entity-underline inline cursor-pointer align-baseline\"><span class=\"whitespace-normal\">kiboTEK<\/span><\/span><\/strong> peut <strong data-start=\"3664\" data-end=\"3711\">acheter AYANEO Pocket AIR MINI 3GB\/64GB<\/strong>\u00a0tellement <a href=\"http:\/\/www.kiboTEK.com\" target=\"_blank\" rel=\"nofollow noopener\">en ligne\u00a0<\/a> comme dans notre <strong data-start=\"3742\" data-end=\"3789\">magasins physiques \u00e0 Bilbao et Vitoria-Gasteiz<\/strong>, avec <strong data-start=\"3795\" data-end=\"3833\">Garantie europ\u00e9enne officielle de 3 ans<\/strong> et un support technique sp\u00e9cialis\u00e9.<\/p>\n<ul data-start=\"3263\" data-end=\"3417\">\n<li data-start=\"3263\" data-end=\"3291\">\n<p data-start=\"3265\" data-end=\"3291\"><a href=\"https:\/\/share.google\/6A44KmqGyzVK0dryQ\" target=\"_blank\" rel=\"nofollow noopener\">\ud83d\udccd Boutique KiboTEK Bilbao<\/a><\/p>\n<\/li>\n<li data-start=\"3292\" data-end=\"3329\">\n<p data-start=\"3294\" data-end=\"3329\"><a href=\"https:\/\/share.google\/j0qINcfL2JLnLzuep\" target=\"_blank\" rel=\"nofollow noopener\">\ud83d\udccdmagasin kiboTEK Vitoria-Gasteiz<\/a><\/p>\n<\/li>\n<li data-start=\"3330\" data-end=\"3374\">\n<p data-start=\"3332\" data-end=\"3374\">\ud83d\ude9a Exp\u00e9dition rapide sous 24\/48 heures dans toute l&#039;Europe<\/p>\n<\/li>\n<li data-start=\"3375\" data-end=\"3417\">\n<p data-start=\"3377\" data-end=\"3417\">\ud83d\udee1\ufe0f Garantie officielle et support technique<\/p>\n<\/li>\n<\/ul>\n<h3 data-start=\"399\" data-end=\"451\">\u00c9cran de style r\u00e9tro<\/h3>\n<div class=\"Y3BBE\" data-sfc-cp=\"\" data-sfc-root=\"c\" data-sfc-cb=\"\" data-hveid=\"CAEIAhAA\" data-processed=\"true\" data-complete=\"true\">\n<div class=\"Y3BBE\" data-sfc-cp=\"\" data-sfc-root=\"c\" data-sfc-cb=\"\" data-hveid=\"CAEIAxAA\" data-processed=\"true\" data-complete=\"true\">La <strong class=\"Yjhzub\" data-sfc-root=\"c\" data-sfc-cb=\"\" data-complete=\"true\" data-processed=\"true\">AYANEO Pocket AIR Mini Edition B.Duck<\/strong> Il poss\u00e8de un \u00e9cran de 4,2 pouces. C&#039;est son format. <strong class=\"Yjhzub\" data-sfc-root=\"c\" data-sfc-cb=\"\" data-complete=\"true\" data-processed=\"true\">4:3<\/strong>\u00a0d&#039;une vie et d&#039;une r\u00e9solution de\u00a0<strong class=\"Yjhzub\" data-sfc-root=\"c\" data-sfc-cb=\"\" data-complete=\"true\" data-processed=\"true\">1280 \u00d7 960<\/strong> ce qui rend les jeux r\u00e9tro incroyablement nets. Oubliez les bandes noires et les images d\u00e9form\u00e9es\u00a0; ici, les classiques s&#039;affichent tels qu&#039;ils devraient \u00eatre. De plus, avec\u00a0<strong class=\"Yjhzub\" data-sfc-root=\"c\" data-sfc-cb=\"\" data-complete=\"true\" data-processed=\"true\">500 nits<\/strong> Gr\u00e2ce \u00e0 sa luminosit\u00e9 et \u00e0 sa dalle IPS, il offre une excellente image m\u00eame si vous \u00eates pr\u00e8s d&#039;une fen\u00eatre ou dans un endroit tr\u00e8s lumineux.<\/div>\n<div data-sfc-cp=\"\" data-sfc-root=\"c\" data-sfc-cb=\"\" data-hveid=\"CAEIAxAA\" data-processed=\"true\" data-complete=\"true\"><\/div>\n<div class=\"Y3BBE\" data-sfc-cp=\"\" data-sfc-root=\"c\" data-sfc-cb=\"\" data-hveid=\"CAEIBBAA\" data-complete=\"true\" data-processed=\"true\" aria-owns=\"action-menu-parent-container\">Mais ce qui est vraiment g\u00e9nial, c&#039;est le design. Ils se sont associ\u00e9s \u00e0\u00a0<strong class=\"Yjhzub\" data-sfc-root=\"c\" data-sfc-cb=\"\" data-complete=\"true\" data-processed=\"true\">B. Canard<\/strong>\u00a0et le r\u00e9sultat est une console\u00a0<strong class=\"Yjhzub\" data-sfc-root=\"c\" data-sfc-cb=\"\" data-complete=\"true\" data-processed=\"true\">jaune vif<\/strong>\u00a0Impossible de passer inaper\u00e7u. Ce n&#039;est pas seulement son esth\u00e9tique ext\u00e9rieure qui impressionne\u00a0; lorsqu&#039;on l&#039;allume, on d\u00e9couvre\u2026\u00a0<strong class=\"Yjhzub\" data-sfc-root=\"c\" data-sfc-cb=\"\" data-complete=\"true\" data-processed=\"true\">Menus et animations de canards<\/strong>, L&#039;exp\u00e9rience B.Duck est donc compl\u00e8te d\u00e8s la premi\u00e8re minute.<\/div>\n<\/div>\n<h3 data-start=\"228\" data-end=\"273\">C\u0153ur de la console<\/h3>\n<div class=\"Y3BBE\" data-sfc-cp=\"\" data-sfc-root=\"c\" data-sfc-cb=\"\" data-hveid=\"CAEIAhAA\" data-complete=\"true\" data-processed=\"true\">Sous le capot, il ne d\u00e9\u00e7oit pas. Il est \u00e9quip\u00e9 d&#039;un processeur\u00a0<strong class=\"Yjhzub\" data-sfc-root=\"c\" data-sfc-cb=\"\" data-complete=\"true\" data-processed=\"true\">H\u00e9lium G90T<\/strong>\u00a0qui, avec leurs\u00a0<strong class=\"Yjhzub\" data-sfc-root=\"c\" data-sfc-cb=\"\" data-complete=\"true\" data-processed=\"true\">3GB de RAM et 64GB de m\u00e9moire<\/strong>, Il g\u00e8re sans probl\u00e8me les \u00e9mulateurs et les jeux Android. Et n&#039;oubliez pas que malgr\u00e9 sa petite taille, il renferme une puissance consid\u00e9rable.\u00a0<strong class=\"Yjhzub\" data-sfc-root=\"c\" data-sfc-cb=\"\" data-complete=\"true\" data-processed=\"true\">ventilateur interne<\/strong>\u00a0Ainsi, il ne surchauffe pas lors d&#039;une utilisation intensive et prolong\u00e9e. Si vous manquez d&#039;espace pour vos jeux, vous disposez d&#039;un emplacement suppl\u00e9mentaire.\u00a0<strong class=\"Yjhzub\" data-sfc-root=\"c\" data-sfc-cb=\"\" data-complete=\"true\" data-processed=\"true\">carte microSD<\/strong>\u00a0pour y mettre ce que vous voulez.<\/div>\n<h3 data-start=\"277\" data-end=\"376\">Une autonomie qui surprend<\/h3>\n<div class=\"Y3BBE\" data-sfc-cp=\"\" data-sfc-root=\"c\" data-sfc-cb=\"\" data-hveid=\"CAEIAhAA\" data-complete=\"true\" data-processed=\"true\">Dans la section batterie, <strong class=\"Yjhzub\" data-sfc-root=\"c\" data-sfc-cb=\"\" data-complete=\"true\" data-processed=\"true\">Pocket AIR Mini<\/strong>\u00a0Il int\u00e8gre une batterie de\u00a0<strong class=\"Yjhzub\" data-sfc-root=\"c\" data-sfc-cb=\"\" data-complete=\"true\" data-processed=\"true\">4500 mAh<\/strong>, Une capacit\u00e9 \u00e9tonnamment g\u00e9n\u00e9reuse pour sa taille compacte. Cette batterie permet de longues sessions de jeu, id\u00e9ale pour profiter de longs voyages ou se d\u00e9tendre sans se soucier de la batterie. Elle prend \u00e9galement en charge\u2026\u00a0<strong class=\"Yjhzub\" data-sfc-root=\"c\" data-sfc-cb=\"\" data-complete=\"true\" data-processed=\"true\">Charge rapide PD 18 W<\/strong>, ce qui signifie que le design jaune \u00e9clatant de\u00a0<strong class=\"Yjhzub\" data-sfc-root=\"c\" data-sfc-cb=\"\" data-complete=\"true\" data-processed=\"true\">B. Canard<\/strong> Il vous sera de retour entre les mains et pr\u00eat \u00e0 l&#039;emploi en un rien de temps.<\/div>\n<div data-sfc-cp=\"\" data-sfc-root=\"c\" data-sfc-cb=\"\" data-hveid=\"CAEIAhAA\" data-complete=\"true\" data-processed=\"true\"><\/div>\n<div class=\"Y3BBE\" data-sfc-cp=\"\" data-sfc-root=\"c\" data-sfc-cb=\"\" data-hveid=\"CAEIAxAA\" data-complete=\"true\" data-processed=\"true\" aria-owns=\"action-menu-parent-container\">Cette efficacit\u00e9 \u00e9nerg\u00e9tique, combin\u00e9e \u00e0 sa portabilit\u00e9, renforce l&#039;id\u00e9e que cette console n&#039;est pas seulement un objet de collection visuellement saisissant, mais aussi un outil de divertissement.\u00a0<strong class=\"Yjhzub\" data-sfc-root=\"c\" data-sfc-cb=\"\" data-complete=\"true\" data-processed=\"true\">v\u00e9ritablement portable<\/strong>\u00a0qui peut rivaliser avec les joueurs les plus exigeants.<\/div>\n<h3 data-start=\"3539\" data-end=\"3610\">\u00c9mulateurs<\/h3>\n<p data-start=\"346\" data-end=\"475\">Gr\u00e2ce \u00e0 son mat\u00e9riel (MediaTek Helio G90T SoC + GPU Mali-G76 + Android + 3 Go de RAM GB), le Pocket AIR Mini fonctionne tr\u00e8s bien avec NES, SNES, Mega Drive, Genesis, PlayStation 1 (PS1), Nintendo 64 (N64), et m\u00eame Sega Dreamcast, GBA, PlayStation Portable (PSP).<\/p>\n<h3 data-start=\"346\" data-end=\"475\">Syst\u00e8me op\u00e9ratif<\/h3>\n<p data-start=\"152\" data-end=\"259\">Le Pocket AIR Mini est livr\u00e9 avec <strong data-start=\"181\" data-end=\"195\">Android 11<\/strong> vous avez donc un acc\u00e8s gratuit \u00e0 <strong data-start=\"803\" data-end=\"831\">\u00e9mulateurs, jeux, applications<\/strong> qui sont disponibles pour Android\u00a0: un avantage consid\u00e9rable si vous aimez bidouiller, installer des ROM, essayer diff\u00e9rents \u00e9mulateurs, etc.<\/p>\n<h3 data-start=\"152\" data-end=\"259\">Connectivit\u00e9<\/h3>\n<div class=\"Y3BBE\" data-sfc-cp=\"\" data-sfc-root=\"c\" data-sfc-cb=\"\" data-hveid=\"CAAIAhAA\" data-complete=\"true\" data-processed=\"true\">En termes de connectivit\u00e9,\u00a0<strong class=\"Yjhzub\" data-sfc-root=\"c\" data-sfc-cb=\"\" data-complete=\"true\" data-processed=\"true\">Pocket AIR Mini<\/strong>\u00a0Il est tr\u00e8s bien \u00e9quip\u00e9, vous ne manquerez de rien. Il poss\u00e8de\u00a0<strong class=\"Yjhzub\" data-sfc-root=\"c\" data-sfc-cb=\"\" data-complete=\"true\" data-processed=\"true\">Wi-Fi et Bluetooth<\/strong>, Cela vous permet non seulement de t\u00e9l\u00e9charger rapidement vos jeux et mises \u00e0 jour, mais aussi de connecter des \u00e9couteurs sans fil ou des manettes externes si vous d\u00e9cidez de jouer en mode sur table. Il comprend \u00e9galement un port\u00a0<strong class=\"Yjhzub\" data-sfc-root=\"c\" data-sfc-cb=\"\" data-complete=\"true\" data-processed=\"true\">USB-C<\/strong> Polyvalent, il convient aussi bien \u00e0 la charge rapide qu&#039;au transfert de donn\u00e9es.<\/div>\n<div data-sfc-cp=\"\" data-sfc-root=\"c\" data-sfc-cb=\"\" data-hveid=\"CAAIAhAA\" data-complete=\"true\" data-processed=\"true\"><\/div>\n<div class=\"Y3BBE\" data-sfc-cp=\"\" data-sfc-root=\"c\" data-sfc-cb=\"\" data-hveid=\"CAAIAxAA\" data-processed=\"true\" data-complete=\"true\" aria-owns=\"action-menu-parent-container\">Elle maintient le <strong class=\"Yjhzub\" data-sfc-root=\"c\" data-sfc-cb=\"\" data-complete=\"true\" data-processed=\"true\">Prise audio 3,5 mm<\/strong>. Ainsi, vous pourrez vous immerger dans la musique de vos jeux classiques avec votre casque pr\u00e9f\u00e9r\u00e9, en profitant pleinement de l&#039;exp\u00e9rience tout en arborant le design exclusif de\u00a0<strong class=\"Yjhzub\" data-sfc-root=\"c\" data-sfc-cb=\"\" data-complete=\"true\" data-processed=\"true\">B. Canard<\/strong>. C&#039;est une console de petite taille, mais avec toutes les options de connectivit\u00e9 que l&#039;on attend d&#039;un appareil moderne.<\/div>\n<h3 data-start=\"218\" data-end=\"411\">Commandes, boutons, ergonomie<\/h3>\n<div class=\"Y3BBE\" data-sfc-cp=\"\" data-sfc-root=\"c\" data-sfc-cb=\"\" data-hveid=\"CAEIAhAA\" data-complete=\"true\" data-processed=\"true\">En ce qui concerne les commandes,\u00a0<strong class=\"Yjhzub\" data-sfc-root=\"c\" data-sfc-cb=\"\" data-complete=\"true\" data-processed=\"true\">Pocket AIR Mini<\/strong> \u00e9quipements <strong class=\"Yjhzub\" data-sfc-root=\"c\" data-sfc-cb=\"\" data-complete=\"true\" data-processed=\"true\">joysticks et g\u00e2chettes dot\u00e9s de la technologie \u00e0 effet Hall<\/strong>, Cela \u00e9limine compl\u00e8tement le risque de d\u00e9rive g\u00eanante et offre une pr\u00e9cision tr\u00e8s d\u00e9taill\u00e9e, douce et professionnelle au toucher.<\/div>\n<div data-sfc-cp=\"\" data-sfc-root=\"c\" data-sfc-cb=\"\" data-hveid=\"CAEIAhAA\" data-complete=\"true\" data-processed=\"true\"><\/div>\n<div class=\"Y3BBE\" data-sfc-cp=\"\" data-sfc-root=\"c\" data-sfc-cb=\"\" data-hveid=\"CAEIAxAA\" data-processed=\"true\" data-complete=\"true\" aria-owns=\"action-menu-parent-container\">Les boutons de fa\u00e7ade et la croix directionnelle conservent cet \u00e9quilibre entre fermet\u00e9 et r\u00e9activit\u00e9, permettant \u00e0 l&#039;exp\u00e9rience de jeu d&#039;\u00eatre aussi r\u00e9ussie que son attrait visuel.\u00a0<strong class=\"Yjhzub\" data-sfc-root=\"c\" data-sfc-cb=\"\" data-complete=\"true\" data-processed=\"true\">B. Canard<\/strong>, Les d\u00e9tails, comme la couleur des boutons et l&#039;ergonomie des joysticks, sont parfaitement int\u00e9gr\u00e9s \u00e0 l&#039;ensemble, d\u00e9montrant que AYANEO a apport\u00e9 un soin particulier \u00e0 l&#039;esth\u00e9tique du c\u00e9l\u00e8bre canard et \u00e0 la prise en main.\u00a0<strong class=\"Yjhzub\" data-sfc-root=\"c\" data-sfc-cb=\"\" data-complete=\"true\" data-processed=\"true\">qualit\u00e9 technique<\/strong>\u00a0de chaque battement de c\u0153ur.<\/div>\n<p data-start=\"1018\" data-end=\"1261\">Il comprend \u00e9galement <strong data-start=\"1033\" data-end=\"1058\">vibration, gyroscope.<\/strong><\/p>\n<p data-start=\"1309\" data-end=\"1535\">En termes de taille et de poids, la console p\u00e8se environ <strong data-start=\"1357\" data-end=\"1366\">269 g<\/strong> et ses dimensions compactes le rendent assez <strong data-start=\"1428\" data-end=\"1440\">portable<\/strong> et agr\u00e9able \u00e0 tenir en main sans \u00eatre lourde.<\/p>\n<p data-start=\"1538\" data-end=\"1821\">La plupart des commandes (g\u00e2chettes, joysticks, croix directionnelle, boutons) sont bien calibr\u00e9es\u00a0: les g\u00e2chettes et les joysticks analogiques sont confortables et offrent un bon \u201c\u00a0clic\u00a0\u201d ou une bonne r\u00e9ponse, ce qui permet de jouer pendant plusieurs heures sans ressentir de raideurs aux mains.<\/p>\n<p><img loading=\"lazy\" decoding=\"async\" class=\"aligncenter size-full wp-image-75796\" src=\"https:\/\/www.kibotek.com\/wp-content\/uploads\/2026\/04\/kiboTEK_AYANEO_POCKET_AIR_MINI_B.DUCK_009.jpg\" alt=\"\" width=\"1591\" height=\"783\" title=\"\" srcset=\"https:\/\/www.kibotek.com\/wp-content\/uploads\/2026\/04\/kiboTEK_AYANEO_POCKET_AIR_MINI_B.DUCK_009.jpg 1591w, https:\/\/www.kibotek.com\/wp-content\/uploads\/2026\/04\/kiboTEK_AYANEO_POCKET_AIR_MINI_B.DUCK_009-400x197.jpg 400w, https:\/\/www.kibotek.com\/wp-content\/uploads\/2026\/04\/kiboTEK_AYANEO_POCKET_AIR_MINI_B.DUCK_009-1300x640.jpg 1300w, https:\/\/www.kibotek.com\/wp-content\/uploads\/2026\/04\/kiboTEK_AYANEO_POCKET_AIR_MINI_B.DUCK_009-768x378.jpg 768w, https:\/\/www.kibotek.com\/wp-content\/uploads\/2026\/04\/kiboTEK_AYANEO_POCKET_AIR_MINI_B.DUCK_009-1536x756.jpg 1536w, https:\/\/www.kibotek.com\/wp-content\/uploads\/2026\/04\/kiboTEK_AYANEO_POCKET_AIR_MINI_B.DUCK_009-18x9.jpg 18w, https:\/\/www.kibotek.com\/wp-content\/uploads\/2026\/04\/kiboTEK_AYANEO_POCKET_AIR_MINI_B.DUCK_009-430x212.jpg 430w, https:\/\/www.kibotek.com\/wp-content\/uploads\/2026\/04\/kiboTEK_AYANEO_POCKET_AIR_MINI_B.DUCK_009-700x345.jpg 700w, https:\/\/www.kibotek.com\/wp-content\/uploads\/2026\/04\/kiboTEK_AYANEO_POCKET_AIR_MINI_B.DUCK_009-150x74.jpg 150w\" sizes=\"auto, (max-width: 1591px) 100vw, 1591px\" \/> <img loading=\"lazy\" decoding=\"async\" class=\"aligncenter size-full wp-image-75798\" src=\"https:\/\/www.kibotek.com\/wp-content\/uploads\/2026\/04\/kiboTEK_AYANEO_POCKET_AIR_MINI_B.DUCK_010.jpg\" alt=\"\" width=\"1591\" height=\"865\" title=\"\" srcset=\"https:\/\/www.kibotek.com\/wp-content\/uploads\/2026\/04\/kiboTEK_AYANEO_POCKET_AIR_MINI_B.DUCK_010.jpg 1591w, https:\/\/www.kibotek.com\/wp-content\/uploads\/2026\/04\/kiboTEK_AYANEO_POCKET_AIR_MINI_B.DUCK_010-400x217.jpg 400w, https:\/\/www.kibotek.com\/wp-content\/uploads\/2026\/04\/kiboTEK_AYANEO_POCKET_AIR_MINI_B.DUCK_010-1300x707.jpg 1300w, https:\/\/www.kibotek.com\/wp-content\/uploads\/2026\/04\/kiboTEK_AYANEO_POCKET_AIR_MINI_B.DUCK_010-768x418.jpg 768w, https:\/\/www.kibotek.com\/wp-content\/uploads\/2026\/04\/kiboTEK_AYANEO_POCKET_AIR_MINI_B.DUCK_010-1536x835.jpg 1536w, https:\/\/www.kibotek.com\/wp-content\/uploads\/2026\/04\/kiboTEK_AYANEO_POCKET_AIR_MINI_B.DUCK_010-18x10.jpg 18w, https:\/\/www.kibotek.com\/wp-content\/uploads\/2026\/04\/kiboTEK_AYANEO_POCKET_AIR_MINI_B.DUCK_010-430x234.jpg 430w, https:\/\/www.kibotek.com\/wp-content\/uploads\/2026\/04\/kiboTEK_AYANEO_POCKET_AIR_MINI_B.DUCK_010-700x381.jpg 700w, https:\/\/www.kibotek.com\/wp-content\/uploads\/2026\/04\/kiboTEK_AYANEO_POCKET_AIR_MINI_B.DUCK_010-150x82.jpg 150w\" sizes=\"auto, (max-width: 1591px) 100vw, 1591px\" \/> <img loading=\"lazy\" decoding=\"async\" class=\"aligncenter size-full wp-image-75799\" src=\"https:\/\/www.kibotek.com\/wp-content\/uploads\/2026\/04\/kiboTEK_AYANEO_POCKET_AIR_MINI_B.DUCK_011.jpg\" alt=\"\" width=\"1583\" height=\"871\" title=\"\" srcset=\"https:\/\/www.kibotek.com\/wp-content\/uploads\/2026\/04\/kiboTEK_AYANEO_POCKET_AIR_MINI_B.DUCK_011.jpg 1583w, https:\/\/www.kibotek.com\/wp-content\/uploads\/2026\/04\/kiboTEK_AYANEO_POCKET_AIR_MINI_B.DUCK_011-400x220.jpg 400w, https:\/\/www.kibotek.com\/wp-content\/uploads\/2026\/04\/kiboTEK_AYANEO_POCKET_AIR_MINI_B.DUCK_011-1300x715.jpg 1300w, https:\/\/www.kibotek.com\/wp-content\/uploads\/2026\/04\/kiboTEK_AYANEO_POCKET_AIR_MINI_B.DUCK_011-768x423.jpg 768w, https:\/\/www.kibotek.com\/wp-content\/uploads\/2026\/04\/kiboTEK_AYANEO_POCKET_AIR_MINI_B.DUCK_011-1536x845.jpg 1536w, https:\/\/www.kibotek.com\/wp-content\/uploads\/2026\/04\/kiboTEK_AYANEO_POCKET_AIR_MINI_B.DUCK_011-18x10.jpg 18w, https:\/\/www.kibotek.com\/wp-content\/uploads\/2026\/04\/kiboTEK_AYANEO_POCKET_AIR_MINI_B.DUCK_011-430x237.jpg 430w, https:\/\/www.kibotek.com\/wp-content\/uploads\/2026\/04\/kiboTEK_AYANEO_POCKET_AIR_MINI_B.DUCK_011-700x385.jpg 700w, https:\/\/www.kibotek.com\/wp-content\/uploads\/2026\/04\/kiboTEK_AYANEO_POCKET_AIR_MINI_B.DUCK_011-150x83.jpg 150w\" sizes=\"auto, (max-width: 1583px) 100vw, 1583px\" \/> <img loading=\"lazy\" decoding=\"async\" class=\"aligncenter size-full wp-image-75800\" src=\"https:\/\/www.kibotek.com\/wp-content\/uploads\/2026\/04\/kiboTEK_AYANEO_POCKET_AIR_MINI_B.DUCK_012.jpg\" alt=\"\" width=\"1586\" height=\"888\" title=\"\" srcset=\"https:\/\/www.kibotek.com\/wp-content\/uploads\/2026\/04\/kiboTEK_AYANEO_POCKET_AIR_MINI_B.DUCK_012.jpg 1586w, https:\/\/www.kibotek.com\/wp-content\/uploads\/2026\/04\/kiboTEK_AYANEO_POCKET_AIR_MINI_B.DUCK_012-400x224.jpg 400w, https:\/\/www.kibotek.com\/wp-content\/uploads\/2026\/04\/kiboTEK_AYANEO_POCKET_AIR_MINI_B.DUCK_012-1300x728.jpg 1300w, https:\/\/www.kibotek.com\/wp-content\/uploads\/2026\/04\/kiboTEK_AYANEO_POCKET_AIR_MINI_B.DUCK_012-768x430.jpg 768w, https:\/\/www.kibotek.com\/wp-content\/uploads\/2026\/04\/kiboTEK_AYANEO_POCKET_AIR_MINI_B.DUCK_012-1536x860.jpg 1536w, https:\/\/www.kibotek.com\/wp-content\/uploads\/2026\/04\/kiboTEK_AYANEO_POCKET_AIR_MINI_B.DUCK_012-18x10.jpg 18w, https:\/\/www.kibotek.com\/wp-content\/uploads\/2026\/04\/kiboTEK_AYANEO_POCKET_AIR_MINI_B.DUCK_012-430x241.jpg 430w, https:\/\/www.kibotek.com\/wp-content\/uploads\/2026\/04\/kiboTEK_AYANEO_POCKET_AIR_MINI_B.DUCK_012-700x392.jpg 700w, https:\/\/www.kibotek.com\/wp-content\/uploads\/2026\/04\/kiboTEK_AYANEO_POCKET_AIR_MINI_B.DUCK_012-150x84.jpg 150w\" sizes=\"auto, (max-width: 1586px) 100vw, 1586px\" \/> <img loading=\"lazy\" decoding=\"async\" class=\"aligncenter size-full wp-image-75801\" src=\"https:\/\/www.kibotek.com\/wp-content\/uploads\/2026\/04\/kiboTEK_AYANEO_POCKET_AIR_MINI_B.DUCK_013.jpg\" alt=\"\" width=\"1612\" height=\"765\" title=\"\" srcset=\"https:\/\/www.kibotek.com\/wp-content\/uploads\/2026\/04\/kiboTEK_AYANEO_POCKET_AIR_MINI_B.DUCK_013.jpg 1612w, https:\/\/www.kibotek.com\/wp-content\/uploads\/2026\/04\/kiboTEK_AYANEO_POCKET_AIR_MINI_B.DUCK_013-400x190.jpg 400w, https:\/\/www.kibotek.com\/wp-content\/uploads\/2026\/04\/kiboTEK_AYANEO_POCKET_AIR_MINI_B.DUCK_013-1300x617.jpg 1300w, https:\/\/www.kibotek.com\/wp-content\/uploads\/2026\/04\/kiboTEK_AYANEO_POCKET_AIR_MINI_B.DUCK_013-768x364.jpg 768w, https:\/\/www.kibotek.com\/wp-content\/uploads\/2026\/04\/kiboTEK_AYANEO_POCKET_AIR_MINI_B.DUCK_013-1536x729.jpg 1536w, https:\/\/www.kibotek.com\/wp-content\/uploads\/2026\/04\/kiboTEK_AYANEO_POCKET_AIR_MINI_B.DUCK_013-18x9.jpg 18w, https:\/\/www.kibotek.com\/wp-content\/uploads\/2026\/04\/kiboTEK_AYANEO_POCKET_AIR_MINI_B.DUCK_013-430x204.jpg 430w, https:\/\/www.kibotek.com\/wp-content\/uploads\/2026\/04\/kiboTEK_AYANEO_POCKET_AIR_MINI_B.DUCK_013-700x332.jpg 700w, https:\/\/www.kibotek.com\/wp-content\/uploads\/2026\/04\/kiboTEK_AYANEO_POCKET_AIR_MINI_B.DUCK_013-150x71.jpg 150w\" sizes=\"auto, (max-width: 1612px) 100vw, 1612px\" \/> <img loading=\"lazy\" decoding=\"async\" class=\"aligncenter size-full wp-image-75802\" src=\"https:\/\/www.kibotek.com\/wp-content\/uploads\/2026\/04\/kiboTEK_AYANEO_POCKET_AIR_MINI_B.DUCK_014.jpg\" alt=\"\" width=\"1597\" height=\"825\" title=\"\" srcset=\"https:\/\/www.kibotek.com\/wp-content\/uploads\/2026\/04\/kiboTEK_AYANEO_POCKET_AIR_MINI_B.DUCK_014.jpg 1597w, https:\/\/www.kibotek.com\/wp-content\/uploads\/2026\/04\/kiboTEK_AYANEO_POCKET_AIR_MINI_B.DUCK_014-400x207.jpg 400w, https:\/\/www.kibotek.com\/wp-content\/uploads\/2026\/04\/kiboTEK_AYANEO_POCKET_AIR_MINI_B.DUCK_014-1300x672.jpg 1300w, https:\/\/www.kibotek.com\/wp-content\/uploads\/2026\/04\/kiboTEK_AYANEO_POCKET_AIR_MINI_B.DUCK_014-768x397.jpg 768w, https:\/\/www.kibotek.com\/wp-content\/uploads\/2026\/04\/kiboTEK_AYANEO_POCKET_AIR_MINI_B.DUCK_014-1536x793.jpg 1536w, https:\/\/www.kibotek.com\/wp-content\/uploads\/2026\/04\/kiboTEK_AYANEO_POCKET_AIR_MINI_B.DUCK_014-18x9.jpg 18w, https:\/\/www.kibotek.com\/wp-content\/uploads\/2026\/04\/kiboTEK_AYANEO_POCKET_AIR_MINI_B.DUCK_014-430x222.jpg 430w, https:\/\/www.kibotek.com\/wp-content\/uploads\/2026\/04\/kiboTEK_AYANEO_POCKET_AIR_MINI_B.DUCK_014-700x362.jpg 700w, https:\/\/www.kibotek.com\/wp-content\/uploads\/2026\/04\/kiboTEK_AYANEO_POCKET_AIR_MINI_B.DUCK_014-150x77.jpg 150w\" sizes=\"auto, (max-width: 1597px) 100vw, 1597px\" \/><\/p>","protected":false},"excerpt":{"rendered":"<p class=\"price woobt-price-56089\"><strong><em>ACHETEZ MAINTENANT ET <\/em><\/strong><strong><em>RECEVEZ EN 24\/72H \ud83d\ude80<\/em><\/strong><\/p>","protected":false},"featured_media":75787,"comment_status":"open","ping_status":"closed","template":"","meta":{"iawp_total_views":11},"product_brand":[8141],"product_cat":[7809,5514],"product_tag":[],"class_list":{"0":"post-75786","1":"product","2":"type-product","3":"status-publish","4":"has-post-thumbnail","6":"product_brand-comprar-consola-gaming-ayaneo","7":"product_cat-consolas-retro","8":"product_cat-consolas-retro-gaming-arcade-bartop-pandora-box-anbernic-powkiddy","10":"first","11":"outofstock","12":"taxable","13":"shipping-taxable","14":"purchasable","15":"product-type-simple"},"supplier_id":null,"supplier_sku":"","barcode":null,"atum_controlled":true,"out_stock_date":"2026-04-22 18:49:54","out_stock_threshold":null,"inheritable":false,"inbound_stock":null,"stock_on_hold":0,"sold_today":0,"sales_last_days":0,"reserved_stock":null,"customer_returns":null,"warehouse_damage":null,"lost_in_post":null,"other_logs":null,"out_stock_days":2,"lost_sales":0,"has_location":false,"update_date":"2026-04-25T05:04:07","atum_locations":[],"atum_stock_status":"outofstock","restock_status":false,"low_stock_amount":"","sales_update_date":"2026-04-25T05:04:07","calc_backorders":null,"_links":{"self":[{"href":"https:\/\/www.kibotek.com\/fr\/wp-json\/wp\/v2\/product\/75786","targetHints":{"allow":["GET"]}}],"collection":[{"href":"https:\/\/www.kibotek.com\/fr\/wp-json\/wp\/v2\/product"}],"about":[{"href":"https:\/\/www.kibotek.com\/fr\/wp-json\/wp\/v2\/types\/product"}],"replies":[{"embeddable":true,"href":"https:\/\/www.kibotek.com\/fr\/wp-json\/wp\/v2\/comments?post=75786"}],"version-history":[{"count":5,"href":"https:\/\/www.kibotek.com\/fr\/wp-json\/wp\/v2\/product\/75786\/revisions"}],"predecessor-version":[{"id":75808,"href":"https:\/\/www.kibotek.com\/fr\/wp-json\/wp\/v2\/product\/75786\/revisions\/75808"}],"wp:featuredmedia":[{"embeddable":true,"href":"https:\/\/www.kibotek.com\/fr\/wp-json\/wp\/v2\/media\/75787"}],"wp:attachment":[{"href":"https:\/\/www.kibotek.com\/fr\/wp-json\/wp\/v2\/media?parent=75786"}],"wp:term":[{"taxonomy":"product_brand","embeddable":true,"href":"https:\/\/www.kibotek.com\/fr\/wp-json\/wp\/v2\/product_brand?post=75786"},{"taxonomy":"product_cat","embeddable":true,"href":"https:\/\/www.kibotek.com\/fr\/wp-json\/wp\/v2\/product_cat?post=75786"},{"taxonomy":"product_tag","embeddable":true,"href":"https:\/\/www.kibotek.com\/fr\/wp-json\/wp\/v2\/product_tag?post=75786"}],"curies":[{"name":"wp","href":"https:\/\/api.w.org\/{rel}","templated":true}]}}