{"id":70360,"date":"2026-01-13T16:40:49","date_gmt":"2026-01-13T15:40:49","guid":{"rendered":"https:\/\/www.kibotek.com\/?post_type=product&#038;p=70360"},"modified":"2026-05-07T22:08:19","modified_gmt":"2026-05-07T20:08:19","slug":"console-retro-portable-anbernic-rg-477v-8-go-128-go-android-14","status":"publish","type":"product","link":"https:\/\/www.kibotek.com\/fr\/kibostore\/anbernic-rg-477v-8gb-128gb-consola-retro-portable-android-14\/","title":{"rendered":"Console r\u00e9tro portable Anbernic RG 477V 8GB\/128GB Android 14"},"content":{"rendered":"<h3>Achetez la console r\u00e9tro portable Anbernic RG 477V DE 8GB\/128GB<\/h3>\n<h3>Exp\u00e9dition depuis l&#039;Espagne vers l&#039;Europe en 24\/72 heures<\/h3>\n<h3><strong>3 ans<\/strong> <strong>garantie europ\u00e9enne <\/strong><strong>Uniquement chez kiboTEK <\/strong><\/h3>\n<h3>sp\u00e9cifications<\/h3>\n<ul>\n<li><span style=\"color: #ff0000;\"><strong>\u00c9TUI DE TRANSPORT CADEAU<\/strong><\/span><\/li>\n<li><span style=\"color: #ff0000;\"><strong>CARTE SD GRATUITE 128GB<\/strong><\/span><\/li>\n<li>\u00c9cran OCA LTPS In-cell de 4,7 pouces<\/li>\n<li>R\u00e9solution de 1280 x 960 pixels<\/li>\n<li>Taux de rafra\u00eechissement 120 Hz<\/li>\n<li>Syst\u00e8me d&#039;exploitation Android 14<\/li>\n<li><strong>\u00c9mulateurs\u00a0: PlayStation 2, PSP, PlayStation 1, bornes d\u2019arcade, Wii, PS Vita, Neo Geo, MAME, Sega Genesis\u2026<\/strong><\/li>\n<li>Processeur Dimensity 8300 <span class=\"Y2IQFc\" lang=\"es\">(Puce SOC 5G \u00e0 processus EUV 4 nm)<\/span><\/li>\n<li><span class=\"Y2IQFc\" lang=\"es\">GPU Mali-G615 MC6<\/span><\/li>\n<li>Contr\u00f4le avec les boutons L1 \/ L2 et R1 \/ R2<\/li>\n<li><strong>RAM 8GB LPDDR4<\/strong><\/li>\n<li><strong><span class=\"Y2IQFc\" lang=\"es\">Stockage 128GB UFS 2.2<\/span><\/strong><\/li>\n<li><strong>Sortie HDMI<\/strong><\/li>\n<li><span class=\"Y2IQFc\" lang=\"es\">IA ANBERNIC<\/span><\/li>\n<li>Wi-Fi 6E 802.11a\/b\/g\/n\/ac, Bluetooth 5.3<\/li>\n<li>Port USB Type-C, OTG-USB et prise audio 3,5 mm<\/li>\n<li>Batterie de 5500 mAh offrant jusqu&#039;\u00e0 8 heures d&#039;autonomie.<\/li>\n<li>5 V\/9 A, 27 W<\/li>\n<li>Poids 334 g<\/li>\n<li>Dimensions\u00a0: 15,3 x 10,57 x 2,3 cm<\/li>\n<li>Noir et gris r\u00e9tro<\/li>\n<\/ul>\n<p><iframe loading=\"lazy\" title=\"Le ANBERNIC RG 477V est disponible d\u00e8s maintenant !\" width=\"500\" height=\"281\" src=\"https:\/\/www.youtube.com\/embed\/1Ph910XCXAY?feature=oembed\" frameborder=\"0\" allow=\"accelerometer; autoplay; clipboard-write; encrypted-media; gyroscope; picture-in-picture; web-share\" referrerpolicy=\"strict-origin-when-cross-origin\" allowfullscreen><\/iframe><\/p>\n<h3>S\u00e9curit\u00e9 dans votre achat<\/h3>\n<p>Chez kiboTEK, faites vos achats en toute s\u00e9r\u00e9nit\u00e9 et s\u00e9curit\u00e9 sur la meilleure boutique en ligne d&#039;Espagne. Notre politique de retour vous offre une tranquillit\u00e9 d&#039;esprit totale si vous n&#039;\u00eates pas satisfait de votre achat.,<\/p>\n<p><strong><span style=\"font-size: 12pt;\">Vous disposez de 14 jours pour demander un remboursement.<\/span><\/strong><\/p>\n<p>En revanche, ne vous inqui\u00e9tez pas de la garantie car c&#039;est seulement sur notre site que vous l&#039;aurez.<\/p>\n<p><strong>Garantie europ\u00e9enne de 3 ans<\/strong><\/p>\n<p>Chez kiboTEK, vous pouvez acheter <strong>Anbernic RG 477V<\/strong><strong data-start=\"450\" data-end=\"470\">\u00a0<\/strong>avec la garantie et la s\u00e9curit\u00e9 de la meilleure boutique en ligne d&#039;Espagne et d&#039;Europe.<\/p>\n<h2 data-start=\"3539\" data-end=\"3610\">Achetez-le chez kiboTEK \u2014 Boutique physique et en ligne avec garantie officielle<\/h2>\n<p data-start=\"3612\" data-end=\"3866\">Dans <strong data-start=\"3615\" data-end=\"3656\"><span class=\"hover:entity-accent entity-underline inline cursor-pointer align-baseline\"><span class=\"whitespace-normal\">kiboTEK<\/span><\/span><\/strong> peut <strong data-start=\"3664\" data-end=\"3711\">Achetez Anbernic RG 477V <\/strong>\u00a0tellement <a href=\"http:\/\/www.kiboTEK.com\" target=\"_blank\" rel=\"nofollow noopener\">en ligne\u00a0<\/a> comme dans notre <strong data-start=\"3742\" data-end=\"3789\">magasins physiques \u00e0 Bilbao et Vitoria-Gasteiz<\/strong>, avec <strong data-start=\"3795\" data-end=\"3833\">Garantie europ\u00e9enne officielle de 3 ans<\/strong> et un support technique sp\u00e9cialis\u00e9.<\/p>\n<ul data-start=\"3263\" data-end=\"3417\">\n<li data-start=\"3263\" data-end=\"3291\">\n<p data-start=\"3265\" data-end=\"3291\"><a href=\"https:\/\/share.google\/6A44KmqGyzVK0dryQ\" target=\"_blank\" rel=\"nofollow noopener\">\ud83d\udccd Boutique KiboTEK Bilbao<\/a><\/p>\n<\/li>\n<li data-start=\"3292\" data-end=\"3329\">\n<p data-start=\"3294\" data-end=\"3329\"><a href=\"https:\/\/share.google\/j0qINcfL2JLnLzuep\" target=\"_blank\" rel=\"nofollow noopener\">\ud83d\udccdmagasin kiboTEK Vitoria-Gasteiz<\/a><\/p>\n<\/li>\n<li data-start=\"3330\" data-end=\"3374\">\n<p data-start=\"3332\" data-end=\"3374\">\ud83d\ude9a Exp\u00e9dition rapide sous 24\/48 heures dans toute l&#039;Europe<\/p>\n<\/li>\n<li data-start=\"3375\" data-end=\"3417\">\n<p data-start=\"3377\" data-end=\"3417\">\ud83d\udee1\ufe0f Garantie officielle et support technique<\/p>\n<\/li>\n<\/ul>\n<h3>\u00e9cran de 4,7 pouces<\/h3>\n<p>Cette nouvelle console Anbernic, la RG 477V, est \u00e9quip\u00e9e d&#039;un \u00e9cran de <strong>4,7 pouces avec une r\u00e9solution de 1280 x 960 pixels<\/strong> et un taux de rafra\u00eechissement de 120 Hz pour que vous puissiez profiter de tous vos jeux avec une fluidit\u00e9 totale et un contr\u00f4le tr\u00e8s pr\u00e9cis sur son \u00e9cran tactile.<\/p>\n<h3>Processeur Mediatek incroyable<\/h3>\n<p>Il nous pr\u00e9sente un Mediatek <strong>Dimension 8300<\/strong> un processeur puissant que l&#039;on retrouve dans notre <a href=\"https:\/\/www.kibotek.com\/fr\/kibostore\/console-retro-portable-anbernic-rg-557-12-go-256-go-android-14\/\">RG 557<\/a> nous offrant des performances et une efficacit\u00e9 \u00e9nerg\u00e9tique impressionnantes.<\/p>\n<p>Dot\u00e9 d&#039;un processeur MediaTek Dimensity 8300, cet Anbernic RG 477V peut facilement g\u00e9rer une grande vari\u00e9t\u00e9 de plateformes r\u00e9tro 8 bits, 16 bits et 32 bits. <strong>Il utilise le m\u00eame processeur que des t\u00e9l\u00e9phones actuels performants comme le Xiaomi 14T ou le Poco X6 Pro.<\/strong><\/p>\n<p>Il sera disponible en deux versions : <strong>8 GB RAM + 128 GB<\/strong> stockage ou <strong>12 GB RAM + 256 GB<\/strong> stockage, afin que nous puissions r\u00e9pondre \u00e0 tous vos besoins.<\/p>\n<h3 class=\"western\">Syst\u00e8me de d\u00e9marrage Android 14<\/h3>\n<p>Gr\u00e2ce \u00e0 son syst\u00e8me d&#039;exploitation Android, ce RG477V nous offre la possibilit\u00e9 de disposer de toutes les fonctionnalit\u00e9s et<strong> Applications Android<\/strong> Par ailleurs, vous pouvez jouer directement aux ROMs install\u00e9es sur votre carte SD. La console RG 477V est livr\u00e9e avec Android pr\u00e9install\u00e9, ce qui vous permettra de\u2026 <strong>acc\u00e9dez au Play Store et t\u00e9l\u00e9chargez les jeux que vous aimez le plus.<\/strong><\/p>\n<h3><strong>IA<\/strong><\/h3>\n<p>L\u2019une des nouveaut\u00e9s qui marquent les nouvelles g\u00e9n\u00e9rations de consoles dans Anbernic est l\u2019incorporation de sa propre IA.<span class=\"Y2IQFc\" lang=\"es\">Prend en charge la reconnaissance de jeu en un clic, les suggestions de strat\u00e9gie, la traduction en temps r\u00e9el, le dialogue intelligent, la conversion de texte en image, le traitement d&#039;image et bien plus encore.<\/span><\/p>\n<h3 class=\"western\">Compatible avec les principaux \u00e9mulateurs<\/h3>\n<p>Avec cette nouvelle console r\u00e9tro Anbernic RG477V, vous b\u00e9n\u00e9ficiez d&#039;une compatibilit\u00e9 avec plusieurs \u00e9mulateurs tels que\u00a0:<strong> Neo Geo, Sega Genesis, Sega Saturn, MAME, FBA, PlayStation 1, PlayStation 2, Dreamcast ou PSP<\/strong> entre autres et la compatibilit\u00e9 de <b>Wii U et PS Vita<\/b>. Jeux Android (Genshin Impact, Honor of Kings, etc.)<\/p>\n<p>Nous retrouverons un double stick analogique, un pav\u00e9 directionnel, quatre boutons d&#039;action principaux et deux autres qui serviront probablement \u00e0 des fonctions telles que d\u00e9marrer et s\u00e9lectionner afin que vous puissiez en profiter avec les jeux qui vous passionnent le plus, qu&#039;il s&#039;agisse de jeux de combat pour vous sentir comme un champion ou m\u00eame de jeux de tir pour am\u00e9liorer votre vis\u00e9e et pouvoir montrer vos meilleurs scores \u00e0 vos amis.<\/p>\n<h3 class=\"western\">Wi-Fi, 6 int\u00e9gr\u00e9s<\/h3>\n<p>En ce qui concerne la connectivit\u00e9, nous avons <strong>Wifi <\/strong><strong>6 <\/strong>Cela am\u00e9liore consid\u00e9rablement la vitesse de connexion du nouveau c\u00e2ble Anbernic RG477V. De plus, nous avons \u00e9galement <strong>Bluetooth 5.3<\/strong><strong> pour pouvoir connecter notre manette<\/strong> \u00e0 l&#039;appareil.<\/p>\n<h3 class=\"western\">Batterie suffisante de 5 500 mAh<\/h3>\n<p>Elle nous apporte une batterie de 5 500 milliamp\u00e8res qui <strong>se traduit par jusqu&#039;\u00e0 8 heures de jeu <\/strong><strong>infatigable mais toujours <\/strong><strong>selon le fabricant. <\/strong>\u00a0Cette batterie peut \u00eatre charg\u00e9e via le port de connexion Type-C et est compatible avec la charge rapide de 27 W.<\/p>\n<p>Il nous apporte un syst\u00e8me de refroidissement actif avec un ventilateur haute performance et un caloduc qui maintient l&#039;appareil stable.<\/p>\n<p>Il est dot\u00e9 d&#039;un joystick 3D Hall grand angle qui d\u00e9tecte avec pr\u00e9cision m\u00eame les mouvements les plus subtils, offrant un contr\u00f4le fluide et pr\u00e9cis.<\/p>\n<p>Anbernic nous propose cette nouvelle RG 477V en deux couleurs au choix, d&#039;une part la couleur <strong>Noir et gris r\u00e9tro.<\/strong><\/p>\n<p><strong>D\u00e9penses gratuites pour l&#039;Espagne et le Portugal (p\u00e9ninsule uniquement) \u00e0 partir de 100\u00a0\u20ac<\/strong>.<\/p>\n<p><img loading=\"lazy\" decoding=\"async\" class=\"aligncenter size-full wp-image-70345\" src=\"https:\/\/www.kibotek.com\/wp-content\/uploads\/2026\/01\/kiboTEK_anbernic_rg_477_v_006.jpg\" alt=\"\" width=\"1400\" height=\"1400\" title=\"\" srcset=\"https:\/\/www.kibotek.com\/wp-content\/uploads\/2026\/01\/kiboTEK_anbernic_rg_477_v_006.jpg 1400w, https:\/\/www.kibotek.com\/wp-content\/uploads\/2026\/01\/kiboTEK_anbernic_rg_477_v_006-300x300.jpg 300w, https:\/\/www.kibotek.com\/wp-content\/uploads\/2026\/01\/kiboTEK_anbernic_rg_477_v_006-800x800.jpg 800w, https:\/\/www.kibotek.com\/wp-content\/uploads\/2026\/01\/kiboTEK_anbernic_rg_477_v_006-150x150.jpg 150w, https:\/\/www.kibotek.com\/wp-content\/uploads\/2026\/01\/kiboTEK_anbernic_rg_477_v_006-768x768.jpg 768w, https:\/\/www.kibotek.com\/wp-content\/uploads\/2026\/01\/kiboTEK_anbernic_rg_477_v_006-12x12.jpg 12w, https:\/\/www.kibotek.com\/wp-content\/uploads\/2026\/01\/kiboTEK_anbernic_rg_477_v_006-430x430.jpg 430w, https:\/\/www.kibotek.com\/wp-content\/uploads\/2026\/01\/kiboTEK_anbernic_rg_477_v_006-700x700.jpg 700w, https:\/\/www.kibotek.com\/wp-content\/uploads\/2026\/01\/kiboTEK_anbernic_rg_477_v_006-50x50.jpg 50w, https:\/\/www.kibotek.com\/wp-content\/uploads\/2026\/01\/kiboTEK_anbernic_rg_477_v_006-100x100.jpg 100w, https:\/\/www.kibotek.com\/wp-content\/uploads\/2026\/01\/kiboTEK_anbernic_rg_477_v_006-32x32.jpg 32w\" sizes=\"auto, (max-width: 1400px) 100vw, 1400px\" \/> <img loading=\"lazy\" decoding=\"async\" class=\"aligncenter size-full wp-image-70346\" src=\"https:\/\/www.kibotek.com\/wp-content\/uploads\/2026\/01\/kiboTEK_anbernic_rg_477_v_007.jpg\" alt=\"\" width=\"1400\" height=\"1400\" title=\"\" srcset=\"https:\/\/www.kibotek.com\/wp-content\/uploads\/2026\/01\/kiboTEK_anbernic_rg_477_v_007.jpg 1400w, https:\/\/www.kibotek.com\/wp-content\/uploads\/2026\/01\/kiboTEK_anbernic_rg_477_v_007-300x300.jpg 300w, https:\/\/www.kibotek.com\/wp-content\/uploads\/2026\/01\/kiboTEK_anbernic_rg_477_v_007-800x800.jpg 800w, https:\/\/www.kibotek.com\/wp-content\/uploads\/2026\/01\/kiboTEK_anbernic_rg_477_v_007-150x150.jpg 150w, https:\/\/www.kibotek.com\/wp-content\/uploads\/2026\/01\/kiboTEK_anbernic_rg_477_v_007-768x768.jpg 768w, https:\/\/www.kibotek.com\/wp-content\/uploads\/2026\/01\/kiboTEK_anbernic_rg_477_v_007-12x12.jpg 12w, https:\/\/www.kibotek.com\/wp-content\/uploads\/2026\/01\/kiboTEK_anbernic_rg_477_v_007-430x430.jpg 430w, https:\/\/www.kibotek.com\/wp-content\/uploads\/2026\/01\/kiboTEK_anbernic_rg_477_v_007-700x700.jpg 700w, https:\/\/www.kibotek.com\/wp-content\/uploads\/2026\/01\/kiboTEK_anbernic_rg_477_v_007-50x50.jpg 50w, https:\/\/www.kibotek.com\/wp-content\/uploads\/2026\/01\/kiboTEK_anbernic_rg_477_v_007-100x100.jpg 100w, https:\/\/www.kibotek.com\/wp-content\/uploads\/2026\/01\/kiboTEK_anbernic_rg_477_v_007-32x32.jpg 32w\" sizes=\"auto, (max-width: 1400px) 100vw, 1400px\" \/> <img loading=\"lazy\" decoding=\"async\" class=\"aligncenter size-full wp-image-70347\" src=\"https:\/\/www.kibotek.com\/wp-content\/uploads\/2026\/01\/kiboTEK_anbernic_rg_477_v_008.jpg\" alt=\"\" width=\"1400\" height=\"1400\" title=\"\" srcset=\"https:\/\/www.kibotek.com\/wp-content\/uploads\/2026\/01\/kiboTEK_anbernic_rg_477_v_008.jpg 1400w, https:\/\/www.kibotek.com\/wp-content\/uploads\/2026\/01\/kiboTEK_anbernic_rg_477_v_008-300x300.jpg 300w, https:\/\/www.kibotek.com\/wp-content\/uploads\/2026\/01\/kiboTEK_anbernic_rg_477_v_008-800x800.jpg 800w, https:\/\/www.kibotek.com\/wp-content\/uploads\/2026\/01\/kiboTEK_anbernic_rg_477_v_008-150x150.jpg 150w, https:\/\/www.kibotek.com\/wp-content\/uploads\/2026\/01\/kiboTEK_anbernic_rg_477_v_008-768x768.jpg 768w, https:\/\/www.kibotek.com\/wp-content\/uploads\/2026\/01\/kiboTEK_anbernic_rg_477_v_008-12x12.jpg 12w, https:\/\/www.kibotek.com\/wp-content\/uploads\/2026\/01\/kiboTEK_anbernic_rg_477_v_008-430x430.jpg 430w, https:\/\/www.kibotek.com\/wp-content\/uploads\/2026\/01\/kiboTEK_anbernic_rg_477_v_008-700x700.jpg 700w, https:\/\/www.kibotek.com\/wp-content\/uploads\/2026\/01\/kiboTEK_anbernic_rg_477_v_008-50x50.jpg 50w, https:\/\/www.kibotek.com\/wp-content\/uploads\/2026\/01\/kiboTEK_anbernic_rg_477_v_008-100x100.jpg 100w, https:\/\/www.kibotek.com\/wp-content\/uploads\/2026\/01\/kiboTEK_anbernic_rg_477_v_008-32x32.jpg 32w\" sizes=\"auto, (max-width: 1400px) 100vw, 1400px\" \/> <img loading=\"lazy\" decoding=\"async\" class=\"aligncenter size-full wp-image-70348\" src=\"https:\/\/www.kibotek.com\/wp-content\/uploads\/2026\/01\/kiboTEK_anbernic_rg_477_v_009.jpg\" alt=\"\" width=\"1400\" height=\"1400\" title=\"\" srcset=\"https:\/\/www.kibotek.com\/wp-content\/uploads\/2026\/01\/kiboTEK_anbernic_rg_477_v_009.jpg 1400w, https:\/\/www.kibotek.com\/wp-content\/uploads\/2026\/01\/kiboTEK_anbernic_rg_477_v_009-300x300.jpg 300w, https:\/\/www.kibotek.com\/wp-content\/uploads\/2026\/01\/kiboTEK_anbernic_rg_477_v_009-800x800.jpg 800w, https:\/\/www.kibotek.com\/wp-content\/uploads\/2026\/01\/kiboTEK_anbernic_rg_477_v_009-150x150.jpg 150w, https:\/\/www.kibotek.com\/wp-content\/uploads\/2026\/01\/kiboTEK_anbernic_rg_477_v_009-768x768.jpg 768w, https:\/\/www.kibotek.com\/wp-content\/uploads\/2026\/01\/kiboTEK_anbernic_rg_477_v_009-12x12.jpg 12w, https:\/\/www.kibotek.com\/wp-content\/uploads\/2026\/01\/kiboTEK_anbernic_rg_477_v_009-430x430.jpg 430w, https:\/\/www.kibotek.com\/wp-content\/uploads\/2026\/01\/kiboTEK_anbernic_rg_477_v_009-700x700.jpg 700w, https:\/\/www.kibotek.com\/wp-content\/uploads\/2026\/01\/kiboTEK_anbernic_rg_477_v_009-50x50.jpg 50w, https:\/\/www.kibotek.com\/wp-content\/uploads\/2026\/01\/kiboTEK_anbernic_rg_477_v_009-100x100.jpg 100w, https:\/\/www.kibotek.com\/wp-content\/uploads\/2026\/01\/kiboTEK_anbernic_rg_477_v_009-32x32.jpg 32w\" sizes=\"auto, (max-width: 1400px) 100vw, 1400px\" \/> <img loading=\"lazy\" decoding=\"async\" class=\"aligncenter size-full wp-image-70349\" src=\"https:\/\/www.kibotek.com\/wp-content\/uploads\/2026\/01\/kiboTEK_anbernic_rg_477_v_010.jpg\" alt=\"\" width=\"1400\" height=\"1400\" title=\"\" srcset=\"https:\/\/www.kibotek.com\/wp-content\/uploads\/2026\/01\/kiboTEK_anbernic_rg_477_v_010.jpg 1400w, https:\/\/www.kibotek.com\/wp-content\/uploads\/2026\/01\/kiboTEK_anbernic_rg_477_v_010-300x300.jpg 300w, https:\/\/www.kibotek.com\/wp-content\/uploads\/2026\/01\/kiboTEK_anbernic_rg_477_v_010-800x800.jpg 800w, https:\/\/www.kibotek.com\/wp-content\/uploads\/2026\/01\/kiboTEK_anbernic_rg_477_v_010-150x150.jpg 150w, https:\/\/www.kibotek.com\/wp-content\/uploads\/2026\/01\/kiboTEK_anbernic_rg_477_v_010-768x768.jpg 768w, https:\/\/www.kibotek.com\/wp-content\/uploads\/2026\/01\/kiboTEK_anbernic_rg_477_v_010-12x12.jpg 12w, https:\/\/www.kibotek.com\/wp-content\/uploads\/2026\/01\/kiboTEK_anbernic_rg_477_v_010-430x430.jpg 430w, https:\/\/www.kibotek.com\/wp-content\/uploads\/2026\/01\/kiboTEK_anbernic_rg_477_v_010-700x700.jpg 700w, https:\/\/www.kibotek.com\/wp-content\/uploads\/2026\/01\/kiboTEK_anbernic_rg_477_v_010-50x50.jpg 50w, https:\/\/www.kibotek.com\/wp-content\/uploads\/2026\/01\/kiboTEK_anbernic_rg_477_v_010-100x100.jpg 100w, https:\/\/www.kibotek.com\/wp-content\/uploads\/2026\/01\/kiboTEK_anbernic_rg_477_v_010-32x32.jpg 32w\" sizes=\"auto, (max-width: 1400px) 100vw, 1400px\" \/> <img loading=\"lazy\" decoding=\"async\" class=\"aligncenter size-full wp-image-70350\" src=\"https:\/\/www.kibotek.com\/wp-content\/uploads\/2026\/01\/kiboTEK_anbernic_rg_477_v_011.jpg\" alt=\"\" width=\"1400\" height=\"1400\" title=\"\" srcset=\"https:\/\/www.kibotek.com\/wp-content\/uploads\/2026\/01\/kiboTEK_anbernic_rg_477_v_011.jpg 1400w, https:\/\/www.kibotek.com\/wp-content\/uploads\/2026\/01\/kiboTEK_anbernic_rg_477_v_011-300x300.jpg 300w, https:\/\/www.kibotek.com\/wp-content\/uploads\/2026\/01\/kiboTEK_anbernic_rg_477_v_011-800x800.jpg 800w, https:\/\/www.kibotek.com\/wp-content\/uploads\/2026\/01\/kiboTEK_anbernic_rg_477_v_011-150x150.jpg 150w, https:\/\/www.kibotek.com\/wp-content\/uploads\/2026\/01\/kiboTEK_anbernic_rg_477_v_011-768x768.jpg 768w, https:\/\/www.kibotek.com\/wp-content\/uploads\/2026\/01\/kiboTEK_anbernic_rg_477_v_011-12x12.jpg 12w, https:\/\/www.kibotek.com\/wp-content\/uploads\/2026\/01\/kiboTEK_anbernic_rg_477_v_011-430x430.jpg 430w, https:\/\/www.kibotek.com\/wp-content\/uploads\/2026\/01\/kiboTEK_anbernic_rg_477_v_011-700x700.jpg 700w, https:\/\/www.kibotek.com\/wp-content\/uploads\/2026\/01\/kiboTEK_anbernic_rg_477_v_011-50x50.jpg 50w, https:\/\/www.kibotek.com\/wp-content\/uploads\/2026\/01\/kiboTEK_anbernic_rg_477_v_011-100x100.jpg 100w, https:\/\/www.kibotek.com\/wp-content\/uploads\/2026\/01\/kiboTEK_anbernic_rg_477_v_011-32x32.jpg 32w\" sizes=\"auto, (max-width: 1400px) 100vw, 1400px\" \/> <img loading=\"lazy\" decoding=\"async\" class=\"aligncenter size-full wp-image-70351\" src=\"https:\/\/www.kibotek.com\/wp-content\/uploads\/2026\/01\/kiboTEK_anbernic_rg_477_v_012.jpg\" alt=\"\" width=\"1400\" height=\"1400\" title=\"\" srcset=\"https:\/\/www.kibotek.com\/wp-content\/uploads\/2026\/01\/kiboTEK_anbernic_rg_477_v_012.jpg 1400w, https:\/\/www.kibotek.com\/wp-content\/uploads\/2026\/01\/kiboTEK_anbernic_rg_477_v_012-300x300.jpg 300w, https:\/\/www.kibotek.com\/wp-content\/uploads\/2026\/01\/kiboTEK_anbernic_rg_477_v_012-800x800.jpg 800w, https:\/\/www.kibotek.com\/wp-content\/uploads\/2026\/01\/kiboTEK_anbernic_rg_477_v_012-150x150.jpg 150w, https:\/\/www.kibotek.com\/wp-content\/uploads\/2026\/01\/kiboTEK_anbernic_rg_477_v_012-768x768.jpg 768w, https:\/\/www.kibotek.com\/wp-content\/uploads\/2026\/01\/kiboTEK_anbernic_rg_477_v_012-12x12.jpg 12w, https:\/\/www.kibotek.com\/wp-content\/uploads\/2026\/01\/kiboTEK_anbernic_rg_477_v_012-430x430.jpg 430w, https:\/\/www.kibotek.com\/wp-content\/uploads\/2026\/01\/kiboTEK_anbernic_rg_477_v_012-700x700.jpg 700w, https:\/\/www.kibotek.com\/wp-content\/uploads\/2026\/01\/kiboTEK_anbernic_rg_477_v_012-50x50.jpg 50w, https:\/\/www.kibotek.com\/wp-content\/uploads\/2026\/01\/kiboTEK_anbernic_rg_477_v_012-100x100.jpg 100w, https:\/\/www.kibotek.com\/wp-content\/uploads\/2026\/01\/kiboTEK_anbernic_rg_477_v_012-32x32.jpg 32w\" sizes=\"auto, (max-width: 1400px) 100vw, 1400px\" \/> <img loading=\"lazy\" decoding=\"async\" class=\"aligncenter size-full wp-image-70352\" src=\"https:\/\/www.kibotek.com\/wp-content\/uploads\/2026\/01\/kiboTEK_anbernic_rg_477_v_013.jpg\" alt=\"\" width=\"1400\" height=\"1400\" title=\"\" srcset=\"https:\/\/www.kibotek.com\/wp-content\/uploads\/2026\/01\/kiboTEK_anbernic_rg_477_v_013.jpg 1400w, https:\/\/www.kibotek.com\/wp-content\/uploads\/2026\/01\/kiboTEK_anbernic_rg_477_v_013-300x300.jpg 300w, https:\/\/www.kibotek.com\/wp-content\/uploads\/2026\/01\/kiboTEK_anbernic_rg_477_v_013-800x800.jpg 800w, https:\/\/www.kibotek.com\/wp-content\/uploads\/2026\/01\/kiboTEK_anbernic_rg_477_v_013-150x150.jpg 150w, https:\/\/www.kibotek.com\/wp-content\/uploads\/2026\/01\/kiboTEK_anbernic_rg_477_v_013-768x768.jpg 768w, https:\/\/www.kibotek.com\/wp-content\/uploads\/2026\/01\/kiboTEK_anbernic_rg_477_v_013-12x12.jpg 12w, https:\/\/www.kibotek.com\/wp-content\/uploads\/2026\/01\/kiboTEK_anbernic_rg_477_v_013-430x430.jpg 430w, https:\/\/www.kibotek.com\/wp-content\/uploads\/2026\/01\/kiboTEK_anbernic_rg_477_v_013-700x700.jpg 700w, https:\/\/www.kibotek.com\/wp-content\/uploads\/2026\/01\/kiboTEK_anbernic_rg_477_v_013-50x50.jpg 50w, https:\/\/www.kibotek.com\/wp-content\/uploads\/2026\/01\/kiboTEK_anbernic_rg_477_v_013-100x100.jpg 100w, https:\/\/www.kibotek.com\/wp-content\/uploads\/2026\/01\/kiboTEK_anbernic_rg_477_v_013-32x32.jpg 32w\" sizes=\"auto, (max-width: 1400px) 100vw, 1400px\" \/> <img loading=\"lazy\" decoding=\"async\" class=\"aligncenter size-full wp-image-70353\" src=\"https:\/\/www.kibotek.com\/wp-content\/uploads\/2026\/01\/kiboTEK_anbernic_rg_477_v_014.jpg\" alt=\"\" width=\"1400\" height=\"1400\" title=\"\" srcset=\"https:\/\/www.kibotek.com\/wp-content\/uploads\/2026\/01\/kiboTEK_anbernic_rg_477_v_014.jpg 1400w, https:\/\/www.kibotek.com\/wp-content\/uploads\/2026\/01\/kiboTEK_anbernic_rg_477_v_014-300x300.jpg 300w, https:\/\/www.kibotek.com\/wp-content\/uploads\/2026\/01\/kiboTEK_anbernic_rg_477_v_014-800x800.jpg 800w, https:\/\/www.kibotek.com\/wp-content\/uploads\/2026\/01\/kiboTEK_anbernic_rg_477_v_014-150x150.jpg 150w, https:\/\/www.kibotek.com\/wp-content\/uploads\/2026\/01\/kiboTEK_anbernic_rg_477_v_014-768x768.jpg 768w, https:\/\/www.kibotek.com\/wp-content\/uploads\/2026\/01\/kiboTEK_anbernic_rg_477_v_014-12x12.jpg 12w, https:\/\/www.kibotek.com\/wp-content\/uploads\/2026\/01\/kiboTEK_anbernic_rg_477_v_014-430x430.jpg 430w, https:\/\/www.kibotek.com\/wp-content\/uploads\/2026\/01\/kiboTEK_anbernic_rg_477_v_014-700x700.jpg 700w, https:\/\/www.kibotek.com\/wp-content\/uploads\/2026\/01\/kiboTEK_anbernic_rg_477_v_014-50x50.jpg 50w, https:\/\/www.kibotek.com\/wp-content\/uploads\/2026\/01\/kiboTEK_anbernic_rg_477_v_014-100x100.jpg 100w, https:\/\/www.kibotek.com\/wp-content\/uploads\/2026\/01\/kiboTEK_anbernic_rg_477_v_014-32x32.jpg 32w\" sizes=\"auto, (max-width: 1400px) 100vw, 1400px\" \/><\/p>\n<p>&nbsp;<\/p>","protected":false},"excerpt":{"rendered":"<div class=\"woocommerce-product-details__short-description\">\n<div class=\"woocommerce-product-details__short-description\">\n<p class=\"price woobt-price-56089\"><strong><em>ACHETEZ MAINTENANT ET <\/em><\/strong><strong><em>RECEVEZ EN 24\/72H \ud83d\ude80<\/em><\/strong><\/p>\n<\/div>\n<\/div>","protected":false},"featured_media":71656,"comment_status":"open","ping_status":"closed","template":"","meta":{"iawp_total_views":1614},"product_brand":[8167],"product_cat":[7809,5514],"product_tag":[],"class_list":{"0":"post-70360","1":"product","2":"type-product","3":"status-publish","4":"has-post-thumbnail","6":"product_brand-anbernic","7":"product_cat-consolas-retro","8":"product_cat-consolas-retro-gaming-arcade-bartop-pandora-box-anbernic-powkiddy","10":"first","11":"instock","12":"taxable","13":"shipping-taxable","14":"purchasable","15":"product-type-variable"},"supplier_id":null,"supplier_sku":"","barcode":null,"atum_controlled":true,"out_stock_date":null,"out_stock_threshold":null,"inheritable":true,"inbound_stock":null,"stock_on_hold":0,"sold_today":0,"sales_last_days":2,"reserved_stock":null,"customer_returns":null,"warehouse_damage":null,"lost_in_post":null,"other_logs":null,"out_stock_days":0,"lost_sales":0,"has_location":false,"update_date":"2026-05-07T20:08:13","atum_locations":[],"atum_stock_status":"instock","restock_status":false,"low_stock_amount":"","sales_update_date":"2026-04-28T05:05:02","calc_backorders":null,"_links":{"self":[{"href":"https:\/\/www.kibotek.com\/fr\/wp-json\/wp\/v2\/product\/70360","targetHints":{"allow":["GET"]}}],"collection":[{"href":"https:\/\/www.kibotek.com\/fr\/wp-json\/wp\/v2\/product"}],"about":[{"href":"https:\/\/www.kibotek.com\/fr\/wp-json\/wp\/v2\/types\/product"}],"replies":[{"embeddable":true,"href":"https:\/\/www.kibotek.com\/fr\/wp-json\/wp\/v2\/comments?post=70360"}],"version-history":[{"count":5,"href":"https:\/\/www.kibotek.com\/fr\/wp-json\/wp\/v2\/product\/70360\/revisions"}],"predecessor-version":[{"id":70384,"href":"https:\/\/www.kibotek.com\/fr\/wp-json\/wp\/v2\/product\/70360\/revisions\/70384"}],"wp:featuredmedia":[{"embeddable":true,"href":"https:\/\/www.kibotek.com\/fr\/wp-json\/wp\/v2\/media\/71656"}],"wp:attachment":[{"href":"https:\/\/www.kibotek.com\/fr\/wp-json\/wp\/v2\/media?parent=70360"}],"wp:term":[{"taxonomy":"product_brand","embeddable":true,"href":"https:\/\/www.kibotek.com\/fr\/wp-json\/wp\/v2\/product_brand?post=70360"},{"taxonomy":"product_cat","embeddable":true,"href":"https:\/\/www.kibotek.com\/fr\/wp-json\/wp\/v2\/product_cat?post=70360"},{"taxonomy":"product_tag","embeddable":true,"href":"https:\/\/www.kibotek.com\/fr\/wp-json\/wp\/v2\/product_tag?post=70360"}],"curies":[{"name":"wp","href":"https:\/\/api.w.org\/{rel}","templated":true}]}}