{"id":67272,"date":"2025-11-03T20:26:01","date_gmt":"2025-11-03T19:26:01","guid":{"rendered":"https:\/\/www.kibotek.com\/?post_type=product&#038;p=67272"},"modified":"2026-04-19T22:15:08","modified_gmt":"2026-04-19T20:15:08","slug":"console-retro-portable-anbernic-rg-ds-android-14","status":"publish","type":"product","link":"https:\/\/www.kibotek.com\/fr\/kibostore\/anbernic-rg-ds-consola-retro-portable-android-14\/","title":{"rendered":"Console r\u00e9tro portable Anbernic RG DS Android 14"},"content":{"rendered":"<h3>Comprar Anbernic RG DS Consola Retro Portable Android 14<\/h3>\n<h3>Env\u00edo desde Espa\u00f1a a toda Europa en 24\/72h<\/h3>\n<h3>Garant\u00eda Oficial de 3 a\u00f1os<\/h3>\n<h3>Especificaciones<\/h3>\n<ul>\n<li><span style=\"color: #ff0000;\"><strong>REGALO TARJETA SD 128GB<\/strong><\/span><\/li>\n<li><span style=\"color: #ff0000;\"><strong>REGALO FUNDA DE TRANSPORTE<\/strong><\/span><\/li>\n<li>Pantalla Principal\/ Secundaria IPS 4 pulgadas OCA Full<\/li>\n<li>Resoluci\u00f3n de 640 x 480 p\u00edxeles<\/li>\n<li>Sistema operativo Android 14<\/li>\n<li><strong>Emuladores: PSP, Play Station 1, NDS, 3DS, FBN, WSC, GBC,\u00a0 NES, SMS, CPS1, CPS2, CPS3, N64, Arcade, NeoGeo, MAME, Sega Genesis, &#8230;<\/strong><\/li>\n<li>RK3568 Quad-core de 64 bits Cortex-A55, con una frecuencia que llega hasta los 2.0GHz.<\/li>\n<li><span class=\"Y2IQFc\" lang=\"es\">GPU ARM G52 2EE<\/span><\/li>\n<li>Control con botones L1\/L2 y R1\/R2<\/li>\n<li><strong>RAM 3GB\u00a0<\/strong><\/li>\n<li><strong><span class=\"Y2IQFc\" lang=\"es\">Almacenamiento 32 GB\u00a0<\/span><\/strong><\/li>\n<li>Giroscopio, online multi-player, streaming, proyeccion inalambrica, motor de vibracion<\/li>\n<li>2.4\/5G WIFI 802.11a\/b\/g\/n\/ac,Bluetooth 4.2<\/li>\n<li>Conexi\u00f3n USB Tipo-C,\u00a0 Puerto jack de audio de 3.5mm<\/li>\n<li>Bater\u00eda de 4000mah hasta 6 horas de uso<\/li>\n<li>5V\/2A, Tipo-C<\/li>\n<li>Peso 321gr<\/li>\n<li>Dimensiones 16 x 9,1 x 2,15cm<\/li>\n<\/ul>\n<h3>Seguridad en tu compra<\/h3>\n<p>En kiboTEK dispones de la tranquilidad y seguridad de comprar en una de las tiendas gaming mejor valoradas entre los usuarios. Total tranquilidad con la devoluci\u00f3n si no est\u00e1s satisfecho con tu compra,<\/p>\n<p><strong><span style=\"font-size: 12pt;\">Dispones de 14 d\u00edas para solicitar la devoluci\u00f3n<\/span><\/strong><\/p>\n<p>Por otro lado, despreoc\u00fapate por la garant\u00eda porque solo en nuestra p\u00e1gina web dispondr\u00e1s de<\/p>\n<p><strong>3 a\u00f1os de garant\u00eda europea<\/strong><\/p>\n<p>En kiboTEK puedes comprar con la garant\u00eda y seguridad de la mejor tienda gaming online en Espa\u00f1a Europe.<\/p>\n<p><a href=\"https:\/\/www.kibotek.com\/condiciones-para-devoluciones\/\">Cosulta aqu\u00ed las condiciones sin ning\u00fan compromiso.\u00a0<\/a><\/p>\n<h3>Con sus dos pantallas, un l\u00e1piz t\u00e1ctil de alta precisi\u00f3n y el poder de Android 14, el RG DS lleva la experiencia de juego port\u00e1til a otro nivel. Vive momentos inmersivos y disfruta de tus juegos favoritos con la mejor tecnolog\u00eda en la palma de tu mano. \u00a1Es todo lo que necesitas para jugar donde sea!<\/h3>\n<div class=\"flex max-w-full flex-col grow\">\n<div class=\"min-h-8 text-message relative flex w-full flex-col items-end gap-2 text-start break-words whitespace-normal [.text-message+&amp;]:mt-1\" dir=\"auto\" data-message-author-role=\"assistant\" data-message-id=\"72a67db6-29ee-4a3c-b67a-48d347cc5806\" data-message-model-slug=\"gpt-5\">\n<div class=\"flex w-full flex-col gap-1 empty:hidden first:pt-[1px]\">\n<div class=\"markdown prose dark:prose-invert w-full break-words dark markdown-new-styling\">\n<h3 data-start=\"0\" data-end=\"159\">Pantallas Duales de 4&#8243; IPS: \u00a1Una Experiencia Visual Inigualable para Jugar y Crear!<\/h3>\n<p data-start=\"0\" data-end=\"320\">La pantalla del <strong data-start=\"16\" data-end=\"25\">RG DS<\/strong> es uno de sus grandes atractivos. Con dos pantallas <strong>IPS de 4 pulgadas<\/strong> y laminado OCA completo, nos ofrece im\u00e1genes n\u00edtidas y colores vivos. Ambas pantallas son multit\u00e1ctiles y compatibles con l\u00e1pices capacitivos, lo que las hacen perfectas tanto para jugar como para tareas de precisi\u00f3n, como dibujar o tomar notas.<\/p>\n<p data-start=\"322\" data-end=\"717\" data-is-last-node=\"\" data-is-only-node=\"\">Con una resoluci\u00f3n de <strong>640&#215;480<\/strong>, las im\u00e1genes se ven claras sin sobrecargar la vista. Adem\u00e1s, gracias a su funci\u00f3n de pantalla dividida te permite usar dos aplicaciones al mismo tiempo, ideal para multitareas. Gracias a la tecnolog\u00eda IPS, disfrutar\u00e1s de \u00e1ngulos de visi\u00f3n amplios y colores fieles, lo que hace que compartir la pantalla o ver contenido sea una experiencia excelente desde cualquier posici\u00f3n.<\/p>\n<h3 data-start=\"322\" data-end=\"717\">Potencia sin limites<\/h3>\n<p data-start=\"75\" data-end=\"377\">El <strong data-start=\"78\" data-end=\"87\">RG DS<\/strong> viene con un <strong data-start=\"101\" data-end=\"143\">procesador RK3568 Quad-core Cortex-A55<\/strong> que puede llegar hasta <strong data-start=\"167\" data-end=\"177\">2.0GHz<\/strong>, lo que lo hace ideal para ejecutar juegos, apps y tareas al mismo tiempo sin ning\u00fan problema. \u00bfMultitarea? \u00a1Sin problemas! Puedes jugar, navegar o hacer m\u00e1s cosas al mismo tiempo, todo sin retrasos.<\/p>\n<p data-start=\"379\" data-end=\"616\">Con <strong data-start=\"383\" data-end=\"397\">3GB de RAM<\/strong>, la multitarea es m\u00e1s fluida que nunca, y con <strong data-start=\"444\" data-end=\"478\">32GB de almacenamiento interno<\/strong> (expandible hasta <strong data-start=\"497\" data-end=\"504\">2TB<\/strong> con una tarjeta TF), tendr\u00e1s espacio de sobra para guardar todo lo que necesites: juegos, m\u00fasica, fotos, y m\u00e1s.<\/p>\n<p data-start=\"618\" data-end=\"750\" data-is-last-node=\"\" data-is-only-node=\"\">En resumen, el <strong data-start=\"633\" data-end=\"642\">RG DS<\/strong> tiene el poder de ofrecerte una experiencia r\u00e1pida y sin limitaciones, ideal para todo lo que te propongas.<\/p>\n<h3>Gran compatibilidad con Emuladores<\/h3>\n<p data-start=\"0\" data-end=\"220\">El <strong data-start=\"3\" data-end=\"12\">RG DS<\/strong> es una m\u00e1quina ideal para los amantes de los emuladores. Gracias a su potente procesador RK3568 y sus 3GB de RAM, es totalmente compatible con una gran variedad de emuladores de consolas cl\u00e1sicas y modernas.<\/p>\n<p data-start=\"222\" data-end=\"580\">Desde emuladores de <strong data-start=\"242\" data-end=\"254\">GBC<\/strong>, <strong data-start=\"256\" data-end=\"264\">SNES<\/strong>, <strong data-start=\"266\" data-end=\"281\">PlayStation, PSP<\/strong>\u00a0hasta <strong>3DS<\/strong> y otras consolas m\u00e1s recientes, el <strong data-start=\"343\" data-end=\"352\">RG DS<\/strong> puede manejar todo esto sin problemas, ofreciendo una experiencia de juego fluida y sin interrupciones. Adem\u00e1s, su pantalla dual y su capacidad multit\u00e1ctil permiten una experiencia m\u00e1s inmersiva y c\u00f3moda al jugar t\u00edtulos retro.<\/p>\n<p data-start=\"582\" data-end=\"752\">Tambi\u00e9n puedes personalizar los controles para adaptarlos a tu estilo de juego, lo que te dar\u00e1 una experiencia a\u00fan m\u00e1s aut\u00e9ntica al revivir tus juegos cl\u00e1sicos favoritos.<\/p>\n<p data-start=\"582\" data-end=\"752\"><strong>PSP, Play Station 1, NDS, 3DS, FBN, WSC, GBC,\u00a0 NES, SMS, CPS1, CPS2, CPS3, N64, Arcade, NeoGeo, MAME, Sega Genesis, &#8230;<\/strong><\/p>\n<h3>Bater\u00eda de larga duraci\u00f3n<\/h3>\n<p data-start=\"0\" data-end=\"300\">La bater\u00eda del <strong data-start=\"15\" data-end=\"24\">RG DS<\/strong> est\u00e1 pensada para que disfrutes jugando sin estar todo el tiempo buscando un cargador. Tiene una <strong data-start=\"122\" data-end=\"144\">bater\u00eda de 4000mAh<\/strong>, que te da unas <strong data-start=\"161\" data-end=\"172\">6 horas<\/strong> de uso continuo, as\u00ed que podr\u00e1s jugar, ver tus series o navegar sin preocuparte por quedarte sin bater\u00eda en medio de la acci\u00f3n.<\/p>\n<p data-start=\"302\" data-end=\"510\">Y si necesitas ahorrar algo de energ\u00eda, tiene un <strong data-start=\"351\" data-end=\"369\">modo de ahorro<\/strong> que optimiza el consumo, perfecto cuando no est\u00e1s usando el dispositivo al m\u00e1ximo. As\u00ed, no tienes que estar pendiente de cargarlo cada rato.<\/p>\n<h3 data-start=\"762\" data-end=\"948\">Android 14<\/h3>\n<p data-start=\"762\" data-end=\"948\" data-is-last-node=\"\" data-is-only-node=\"\">El <strong data-start=\"3\" data-end=\"12\">RG DS<\/strong> arranca r\u00e1pidamente gracias a <strong data-start=\"43\" data-end=\"57\">Android 14<\/strong> y su procesador potente. En segundos est\u00e1 listo para usarse, ya sea para jugar o trabajar. Adem\u00e1s, con su <strong data-start=\"164\" data-end=\"182\">modo de reposo<\/strong>, siempre est\u00e1 preparado para retomarlo al instante. Sin esperas, solo diversi\u00f3n.<\/p>\n<h3 data-start=\"762\" data-end=\"948\">Conectividad<\/h3>\n<p data-start=\"0\" data-end=\"111\">El <strong data-start=\"3\" data-end=\"12\">RG DS<\/strong> ofrece varias opciones de <strong data-start=\"39\" data-end=\"55\">conectividad<\/strong> para que puedas disfrutar de una experiencia completa.<\/p>\n<p data-start=\"113\" data-end=\"436\">Cuenta con <strong data-start=\"124\" data-end=\"133\">Wi-Fi<\/strong> para jugar en l\u00ednea, hacer streaming o navegar sin problemas. Adem\u00e1s, tiene <strong data-start=\"210\" data-end=\"223\">Bluetooth<\/strong>, lo que te permite conectar f\u00e1cilmente tus auriculares inal\u00e1mbricos, controladores o incluso otros dispositivos sin cables. Tambi\u00e9n puedes aprovechar su <strong data-start=\"377\" data-end=\"393\">puerto USB-C<\/strong> para cargarlo o conectar otros accesorios.<\/p>\n<p data-start=\"0\" data-end=\"199\">El <strong data-start=\"3\" data-end=\"12\">RG DS<\/strong> tiene un dise\u00f1o moderno y elegante, con un toque de estilo \u00fanico que lo hace destacar. Su forma compacta y bien construida lo hace c\u00f3modo de manejar, ideal para sesiones largas de juego.<\/p>\n<p data-start=\"201\" data-end=\"244\">Est\u00e1 disponible en tres colores llamativos <strong data-start=\"248\" data-end=\"272\">Negro &amp; Rojo Carm\u00edn, A<\/strong><strong data-start=\"329\" data-end=\"347\">zul Turquesa, <\/strong><strong data-start=\"408\" data-end=\"425\">Blanco Polar<\/strong>.<\/p>\n<p data-start=\"487\" data-end=\"660\">Cada color tiene un acabado mate y de alta calidad, que no solo se ve bien, sino que tambi\u00e9n es resistente a huellas y manchas, manteniendo el dispositivo siempre impecable.<\/p>\n<\/div>\n<\/div>\n<\/div>\n<\/div>\n<h3><strong>3 a\u00f1os<\/strong> <strong>garant\u00eda oficial<\/strong><strong>\u00a0en kiboTEK<\/strong><\/h3>\n<p>En kiboTEK puedes comprar la<strong> Anbernic RG DS<\/strong> con la garant\u00eda y seguridad de la mejor tienda gaming online en Espa\u00f1a Europe.<\/p>\n<p>En kiboTEK enviamos <strong> Anbernic RG DS<\/strong> a m\u00e1s de 29 pa\u00edses destinos de Europa en 24\/72h con 3 a\u00f1os de garant\u00eda. Consulta y calcula los gastos de env\u00edo en el carrito insertando tu direcci\u00f3n. <strong>Gastos gratuitos para Espa\u00f1a a partir de 100\u20ac<\/strong>.<\/p>\n<p>Ac\u00e9rcate a nuestras tiendas kiboTEK en Vitoria-Gasteiz en la C\/ Independencia 13, Bilbao en la C\/ Alameda de Urquijo 35 o en nuestra pagina web <a href=\"http:\/\/www.kiboTEK.com\/\" target=\"_blank\" rel=\"nofollow noopener\">www.kiboTEK.com<\/a>\u00a0 y encontraras un amplio catalogo de consolas retro, hazte con cualquiera de nuestras consolas y viaja de nuevo a la infancia.<\/p>\n<p><img loading=\"lazy\" decoding=\"async\" class=\"aligncenter size-full wp-image-67281\" src=\"https:\/\/www.kibotek.com\/wp-content\/uploads\/2025\/11\/kiboTEK_anbernic_rg_ds_018.jpg\" alt=\"\" width=\"1400\" height=\"1400\" title=\"\" srcset=\"https:\/\/www.kibotek.com\/wp-content\/uploads\/2025\/11\/kiboTEK_anbernic_rg_ds_018.jpg 1400w, https:\/\/www.kibotek.com\/wp-content\/uploads\/2025\/11\/kiboTEK_anbernic_rg_ds_018-430x430.jpg 430w, https:\/\/www.kibotek.com\/wp-content\/uploads\/2025\/11\/kiboTEK_anbernic_rg_ds_018-150x150.jpg 150w, https:\/\/www.kibotek.com\/wp-content\/uploads\/2025\/11\/kiboTEK_anbernic_rg_ds_018-700x700.jpg 700w, https:\/\/www.kibotek.com\/wp-content\/uploads\/2025\/11\/kiboTEK_anbernic_rg_ds_018-300x300.jpg 300w, https:\/\/www.kibotek.com\/wp-content\/uploads\/2025\/11\/kiboTEK_anbernic_rg_ds_018-800x800.jpg 800w, https:\/\/www.kibotek.com\/wp-content\/uploads\/2025\/11\/kiboTEK_anbernic_rg_ds_018-768x768.jpg 768w, https:\/\/www.kibotek.com\/wp-content\/uploads\/2025\/11\/kiboTEK_anbernic_rg_ds_018-12x12.jpg 12w, https:\/\/www.kibotek.com\/wp-content\/uploads\/2025\/11\/kiboTEK_anbernic_rg_ds_018-50x50.jpg 50w, https:\/\/www.kibotek.com\/wp-content\/uploads\/2025\/11\/kiboTEK_anbernic_rg_ds_018-100x100.jpg 100w, https:\/\/www.kibotek.com\/wp-content\/uploads\/2025\/11\/kiboTEK_anbernic_rg_ds_018-32x32.jpg 32w\" sizes=\"auto, (max-width: 1400px) 100vw, 1400px\" \/> <img loading=\"lazy\" decoding=\"async\" class=\"aligncenter size-full wp-image-67282\" src=\"https:\/\/www.kibotek.com\/wp-content\/uploads\/2025\/11\/kiboTEK_anbernic_rg_ds_019.jpg\" alt=\"\" width=\"1400\" height=\"1400\" title=\"\" srcset=\"https:\/\/www.kibotek.com\/wp-content\/uploads\/2025\/11\/kiboTEK_anbernic_rg_ds_019.jpg 1400w, https:\/\/www.kibotek.com\/wp-content\/uploads\/2025\/11\/kiboTEK_anbernic_rg_ds_019-430x430.jpg 430w, https:\/\/www.kibotek.com\/wp-content\/uploads\/2025\/11\/kiboTEK_anbernic_rg_ds_019-150x150.jpg 150w, https:\/\/www.kibotek.com\/wp-content\/uploads\/2025\/11\/kiboTEK_anbernic_rg_ds_019-700x700.jpg 700w, https:\/\/www.kibotek.com\/wp-content\/uploads\/2025\/11\/kiboTEK_anbernic_rg_ds_019-300x300.jpg 300w, https:\/\/www.kibotek.com\/wp-content\/uploads\/2025\/11\/kiboTEK_anbernic_rg_ds_019-800x800.jpg 800w, https:\/\/www.kibotek.com\/wp-content\/uploads\/2025\/11\/kiboTEK_anbernic_rg_ds_019-768x768.jpg 768w, https:\/\/www.kibotek.com\/wp-content\/uploads\/2025\/11\/kiboTEK_anbernic_rg_ds_019-12x12.jpg 12w, https:\/\/www.kibotek.com\/wp-content\/uploads\/2025\/11\/kiboTEK_anbernic_rg_ds_019-50x50.jpg 50w, https:\/\/www.kibotek.com\/wp-content\/uploads\/2025\/11\/kiboTEK_anbernic_rg_ds_019-100x100.jpg 100w, https:\/\/www.kibotek.com\/wp-content\/uploads\/2025\/11\/kiboTEK_anbernic_rg_ds_019-32x32.jpg 32w\" sizes=\"auto, (max-width: 1400px) 100vw, 1400px\" \/> <img loading=\"lazy\" decoding=\"async\" class=\"aligncenter size-full wp-image-67283\" src=\"https:\/\/www.kibotek.com\/wp-content\/uploads\/2025\/11\/kiboTEK_anbernic_rg_ds_020.jpg\" alt=\"\" width=\"1400\" height=\"1400\" title=\"\" srcset=\"https:\/\/www.kibotek.com\/wp-content\/uploads\/2025\/11\/kiboTEK_anbernic_rg_ds_020.jpg 1400w, https:\/\/www.kibotek.com\/wp-content\/uploads\/2025\/11\/kiboTEK_anbernic_rg_ds_020-430x430.jpg 430w, https:\/\/www.kibotek.com\/wp-content\/uploads\/2025\/11\/kiboTEK_anbernic_rg_ds_020-150x150.jpg 150w, https:\/\/www.kibotek.com\/wp-content\/uploads\/2025\/11\/kiboTEK_anbernic_rg_ds_020-700x700.jpg 700w, https:\/\/www.kibotek.com\/wp-content\/uploads\/2025\/11\/kiboTEK_anbernic_rg_ds_020-300x300.jpg 300w, https:\/\/www.kibotek.com\/wp-content\/uploads\/2025\/11\/kiboTEK_anbernic_rg_ds_020-800x800.jpg 800w, https:\/\/www.kibotek.com\/wp-content\/uploads\/2025\/11\/kiboTEK_anbernic_rg_ds_020-768x768.jpg 768w, https:\/\/www.kibotek.com\/wp-content\/uploads\/2025\/11\/kiboTEK_anbernic_rg_ds_020-12x12.jpg 12w, https:\/\/www.kibotek.com\/wp-content\/uploads\/2025\/11\/kiboTEK_anbernic_rg_ds_020-50x50.jpg 50w, https:\/\/www.kibotek.com\/wp-content\/uploads\/2025\/11\/kiboTEK_anbernic_rg_ds_020-100x100.jpg 100w, https:\/\/www.kibotek.com\/wp-content\/uploads\/2025\/11\/kiboTEK_anbernic_rg_ds_020-32x32.jpg 32w\" sizes=\"auto, (max-width: 1400px) 100vw, 1400px\" \/> <img loading=\"lazy\" decoding=\"async\" class=\"aligncenter size-full wp-image-67284\" src=\"https:\/\/www.kibotek.com\/wp-content\/uploads\/2025\/11\/kiboTEK_anbernic_rg_ds_021.jpg\" alt=\"\" width=\"1400\" height=\"1400\" title=\"\" srcset=\"https:\/\/www.kibotek.com\/wp-content\/uploads\/2025\/11\/kiboTEK_anbernic_rg_ds_021.jpg 1400w, https:\/\/www.kibotek.com\/wp-content\/uploads\/2025\/11\/kiboTEK_anbernic_rg_ds_021-430x430.jpg 430w, https:\/\/www.kibotek.com\/wp-content\/uploads\/2025\/11\/kiboTEK_anbernic_rg_ds_021-150x150.jpg 150w, https:\/\/www.kibotek.com\/wp-content\/uploads\/2025\/11\/kiboTEK_anbernic_rg_ds_021-700x700.jpg 700w, https:\/\/www.kibotek.com\/wp-content\/uploads\/2025\/11\/kiboTEK_anbernic_rg_ds_021-300x300.jpg 300w, https:\/\/www.kibotek.com\/wp-content\/uploads\/2025\/11\/kiboTEK_anbernic_rg_ds_021-800x800.jpg 800w, https:\/\/www.kibotek.com\/wp-content\/uploads\/2025\/11\/kiboTEK_anbernic_rg_ds_021-768x768.jpg 768w, https:\/\/www.kibotek.com\/wp-content\/uploads\/2025\/11\/kiboTEK_anbernic_rg_ds_021-12x12.jpg 12w, https:\/\/www.kibotek.com\/wp-content\/uploads\/2025\/11\/kiboTEK_anbernic_rg_ds_021-50x50.jpg 50w, https:\/\/www.kibotek.com\/wp-content\/uploads\/2025\/11\/kiboTEK_anbernic_rg_ds_021-100x100.jpg 100w, https:\/\/www.kibotek.com\/wp-content\/uploads\/2025\/11\/kiboTEK_anbernic_rg_ds_021-32x32.jpg 32w\" sizes=\"auto, (max-width: 1400px) 100vw, 1400px\" \/> <img loading=\"lazy\" decoding=\"async\" class=\"aligncenter size-full wp-image-67285\" src=\"https:\/\/www.kibotek.com\/wp-content\/uploads\/2025\/11\/kiboTEK_anbernic_rg_ds_022.jpg\" alt=\"\" width=\"1400\" height=\"1400\" title=\"\" srcset=\"https:\/\/www.kibotek.com\/wp-content\/uploads\/2025\/11\/kiboTEK_anbernic_rg_ds_022.jpg 1400w, https:\/\/www.kibotek.com\/wp-content\/uploads\/2025\/11\/kiboTEK_anbernic_rg_ds_022-430x430.jpg 430w, https:\/\/www.kibotek.com\/wp-content\/uploads\/2025\/11\/kiboTEK_anbernic_rg_ds_022-150x150.jpg 150w, https:\/\/www.kibotek.com\/wp-content\/uploads\/2025\/11\/kiboTEK_anbernic_rg_ds_022-700x700.jpg 700w, https:\/\/www.kibotek.com\/wp-content\/uploads\/2025\/11\/kiboTEK_anbernic_rg_ds_022-300x300.jpg 300w, https:\/\/www.kibotek.com\/wp-content\/uploads\/2025\/11\/kiboTEK_anbernic_rg_ds_022-800x800.jpg 800w, https:\/\/www.kibotek.com\/wp-content\/uploads\/2025\/11\/kiboTEK_anbernic_rg_ds_022-768x768.jpg 768w, https:\/\/www.kibotek.com\/wp-content\/uploads\/2025\/11\/kiboTEK_anbernic_rg_ds_022-12x12.jpg 12w, https:\/\/www.kibotek.com\/wp-content\/uploads\/2025\/11\/kiboTEK_anbernic_rg_ds_022-50x50.jpg 50w, https:\/\/www.kibotek.com\/wp-content\/uploads\/2025\/11\/kiboTEK_anbernic_rg_ds_022-100x100.jpg 100w, https:\/\/www.kibotek.com\/wp-content\/uploads\/2025\/11\/kiboTEK_anbernic_rg_ds_022-32x32.jpg 32w\" sizes=\"auto, (max-width: 1400px) 100vw, 1400px\" \/> <img loading=\"lazy\" decoding=\"async\" class=\"aligncenter size-full wp-image-67286\" src=\"https:\/\/www.kibotek.com\/wp-content\/uploads\/2025\/11\/kiboTEK_anbernic_rg_ds_023.jpg\" alt=\"\" width=\"1400\" height=\"1400\" title=\"\" srcset=\"https:\/\/www.kibotek.com\/wp-content\/uploads\/2025\/11\/kiboTEK_anbernic_rg_ds_023.jpg 1400w, https:\/\/www.kibotek.com\/wp-content\/uploads\/2025\/11\/kiboTEK_anbernic_rg_ds_023-430x430.jpg 430w, https:\/\/www.kibotek.com\/wp-content\/uploads\/2025\/11\/kiboTEK_anbernic_rg_ds_023-150x150.jpg 150w, https:\/\/www.kibotek.com\/wp-content\/uploads\/2025\/11\/kiboTEK_anbernic_rg_ds_023-700x700.jpg 700w, https:\/\/www.kibotek.com\/wp-content\/uploads\/2025\/11\/kiboTEK_anbernic_rg_ds_023-300x300.jpg 300w, https:\/\/www.kibotek.com\/wp-content\/uploads\/2025\/11\/kiboTEK_anbernic_rg_ds_023-800x800.jpg 800w, https:\/\/www.kibotek.com\/wp-content\/uploads\/2025\/11\/kiboTEK_anbernic_rg_ds_023-768x768.jpg 768w, https:\/\/www.kibotek.com\/wp-content\/uploads\/2025\/11\/kiboTEK_anbernic_rg_ds_023-12x12.jpg 12w, https:\/\/www.kibotek.com\/wp-content\/uploads\/2025\/11\/kiboTEK_anbernic_rg_ds_023-50x50.jpg 50w, https:\/\/www.kibotek.com\/wp-content\/uploads\/2025\/11\/kiboTEK_anbernic_rg_ds_023-100x100.jpg 100w, https:\/\/www.kibotek.com\/wp-content\/uploads\/2025\/11\/kiboTEK_anbernic_rg_ds_023-32x32.jpg 32w\" sizes=\"auto, (max-width: 1400px) 100vw, 1400px\" \/> <img loading=\"lazy\" decoding=\"async\" class=\"aligncenter size-full wp-image-67287\" src=\"https:\/\/www.kibotek.com\/wp-content\/uploads\/2025\/11\/kiboTEK_anbernic_rg_ds_024.jpg\" alt=\"\" width=\"1400\" height=\"1400\" title=\"\" srcset=\"https:\/\/www.kibotek.com\/wp-content\/uploads\/2025\/11\/kiboTEK_anbernic_rg_ds_024.jpg 1400w, https:\/\/www.kibotek.com\/wp-content\/uploads\/2025\/11\/kiboTEK_anbernic_rg_ds_024-430x430.jpg 430w, https:\/\/www.kibotek.com\/wp-content\/uploads\/2025\/11\/kiboTEK_anbernic_rg_ds_024-150x150.jpg 150w, https:\/\/www.kibotek.com\/wp-content\/uploads\/2025\/11\/kiboTEK_anbernic_rg_ds_024-700x700.jpg 700w, https:\/\/www.kibotek.com\/wp-content\/uploads\/2025\/11\/kiboTEK_anbernic_rg_ds_024-300x300.jpg 300w, https:\/\/www.kibotek.com\/wp-content\/uploads\/2025\/11\/kiboTEK_anbernic_rg_ds_024-800x800.jpg 800w, https:\/\/www.kibotek.com\/wp-content\/uploads\/2025\/11\/kiboTEK_anbernic_rg_ds_024-768x768.jpg 768w, https:\/\/www.kibotek.com\/wp-content\/uploads\/2025\/11\/kiboTEK_anbernic_rg_ds_024-12x12.jpg 12w, https:\/\/www.kibotek.com\/wp-content\/uploads\/2025\/11\/kiboTEK_anbernic_rg_ds_024-50x50.jpg 50w, https:\/\/www.kibotek.com\/wp-content\/uploads\/2025\/11\/kiboTEK_anbernic_rg_ds_024-100x100.jpg 100w, https:\/\/www.kibotek.com\/wp-content\/uploads\/2025\/11\/kiboTEK_anbernic_rg_ds_024-32x32.jpg 32w\" sizes=\"auto, (max-width: 1400px) 100vw, 1400px\" \/> <img loading=\"lazy\" decoding=\"async\" class=\"aligncenter size-full wp-image-67288\" src=\"https:\/\/www.kibotek.com\/wp-content\/uploads\/2025\/11\/kiboTEK_anbernic_rg_ds_025.jpg\" alt=\"\" width=\"1400\" height=\"1400\" title=\"\" srcset=\"https:\/\/www.kibotek.com\/wp-content\/uploads\/2025\/11\/kiboTEK_anbernic_rg_ds_025.jpg 1400w, https:\/\/www.kibotek.com\/wp-content\/uploads\/2025\/11\/kiboTEK_anbernic_rg_ds_025-430x430.jpg 430w, https:\/\/www.kibotek.com\/wp-content\/uploads\/2025\/11\/kiboTEK_anbernic_rg_ds_025-150x150.jpg 150w, https:\/\/www.kibotek.com\/wp-content\/uploads\/2025\/11\/kiboTEK_anbernic_rg_ds_025-700x700.jpg 700w, https:\/\/www.kibotek.com\/wp-content\/uploads\/2025\/11\/kiboTEK_anbernic_rg_ds_025-300x300.jpg 300w, https:\/\/www.kibotek.com\/wp-content\/uploads\/2025\/11\/kiboTEK_anbernic_rg_ds_025-800x800.jpg 800w, https:\/\/www.kibotek.com\/wp-content\/uploads\/2025\/11\/kiboTEK_anbernic_rg_ds_025-768x768.jpg 768w, https:\/\/www.kibotek.com\/wp-content\/uploads\/2025\/11\/kiboTEK_anbernic_rg_ds_025-12x12.jpg 12w, https:\/\/www.kibotek.com\/wp-content\/uploads\/2025\/11\/kiboTEK_anbernic_rg_ds_025-50x50.jpg 50w, https:\/\/www.kibotek.com\/wp-content\/uploads\/2025\/11\/kiboTEK_anbernic_rg_ds_025-100x100.jpg 100w, https:\/\/www.kibotek.com\/wp-content\/uploads\/2025\/11\/kiboTEK_anbernic_rg_ds_025-32x32.jpg 32w\" sizes=\"auto, (max-width: 1400px) 100vw, 1400px\" \/> <img loading=\"lazy\" decoding=\"async\" class=\"aligncenter size-full wp-image-67280\" src=\"https:\/\/www.kibotek.com\/wp-content\/uploads\/2025\/11\/kiboTEK_anbernic_rg_ds_017.jpg\" alt=\"\" width=\"800\" height=\"800\" title=\"\" srcset=\"https:\/\/www.kibotek.com\/wp-content\/uploads\/2025\/11\/kiboTEK_anbernic_rg_ds_017.jpg 800w, https:\/\/www.kibotek.com\/wp-content\/uploads\/2025\/11\/kiboTEK_anbernic_rg_ds_017-430x430.jpg 430w, https:\/\/www.kibotek.com\/wp-content\/uploads\/2025\/11\/kiboTEK_anbernic_rg_ds_017-150x150.jpg 150w, https:\/\/www.kibotek.com\/wp-content\/uploads\/2025\/11\/kiboTEK_anbernic_rg_ds_017-700x700.jpg 700w, https:\/\/www.kibotek.com\/wp-content\/uploads\/2025\/11\/kiboTEK_anbernic_rg_ds_017-300x300.jpg 300w, https:\/\/www.kibotek.com\/wp-content\/uploads\/2025\/11\/kiboTEK_anbernic_rg_ds_017-768x768.jpg 768w, https:\/\/www.kibotek.com\/wp-content\/uploads\/2025\/11\/kiboTEK_anbernic_rg_ds_017-12x12.jpg 12w, https:\/\/www.kibotek.com\/wp-content\/uploads\/2025\/11\/kiboTEK_anbernic_rg_ds_017-50x50.jpg 50w, https:\/\/www.kibotek.com\/wp-content\/uploads\/2025\/11\/kiboTEK_anbernic_rg_ds_017-100x100.jpg 100w, https:\/\/www.kibotek.com\/wp-content\/uploads\/2025\/11\/kiboTEK_anbernic_rg_ds_017-32x32.jpg 32w\" sizes=\"auto, (max-width: 800px) 100vw, 800px\" \/><\/p>\n","protected":false},"excerpt":{"rendered":"<div class=\"woocommerce-product-details__short-description\">\n<div class=\"woocommerce-product-details__short-description\">\n<div class=\"woocommerce-product-details__short-description\">\n<p class=\"price woobt-price-56089\"><strong><em>ACHETEZ MAINTENANT ET <\/em><\/strong><strong><em>RECEVEZ EN 24\/72H \ud83d\ude80<\/em><\/strong><\/p>\n<\/div>\n<\/div>\n<p class=\"price woobt-price-56089\">\n<\/div>","protected":false},"featured_media":67376,"comment_status":"open","ping_status":"closed","template":"","meta":{"iawp_total_views":2265},"product_brand":[8167],"product_cat":[7809,5514],"product_tag":[],"class_list":{"0":"post-67272","1":"product","2":"type-product","3":"status-publish","4":"has-post-thumbnail","6":"product_brand-anbernic","7":"product_cat-consolas-retro","8":"product_cat-consolas-retro-gaming-arcade-bartop-pandora-box-anbernic-powkiddy","10":"first","11":"instock","12":"sale","13":"taxable","14":"shipping-taxable","15":"purchasable","16":"product-type-variable"},"supplier_id":null,"supplier_sku":"","barcode":null,"atum_controlled":true,"out_stock_date":"2025-11-03 19:32:22","out_stock_threshold":null,"inheritable":true,"inbound_stock":null,"stock_on_hold":0,"sold_today":0,"sales_last_days":0,"reserved_stock":null,"customer_returns":null,"warehouse_damage":null,"lost_in_post":null,"other_logs":null,"out_stock_days":167,"lost_sales":0,"has_location":false,"update_date":"2026-04-20T05:02:53","atum_locations":[],"atum_stock_status":"instock","restock_status":false,"low_stock_amount":"","sales_update_date":"2026-04-20T05:02:53","calc_backorders":null,"_links":{"self":[{"href":"https:\/\/www.kibotek.com\/fr\/wp-json\/wp\/v2\/product\/67272","targetHints":{"allow":["GET"]}}],"collection":[{"href":"https:\/\/www.kibotek.com\/fr\/wp-json\/wp\/v2\/product"}],"about":[{"href":"https:\/\/www.kibotek.com\/fr\/wp-json\/wp\/v2\/types\/product"}],"replies":[{"embeddable":true,"href":"https:\/\/www.kibotek.com\/fr\/wp-json\/wp\/v2\/comments?post=67272"}],"version-history":[{"count":5,"href":"https:\/\/www.kibotek.com\/fr\/wp-json\/wp\/v2\/product\/67272\/revisions"}],"predecessor-version":[{"id":72851,"href":"https:\/\/www.kibotek.com\/fr\/wp-json\/wp\/v2\/product\/67272\/revisions\/72851"}],"wp:featuredmedia":[{"embeddable":true,"href":"https:\/\/www.kibotek.com\/fr\/wp-json\/wp\/v2\/media\/67376"}],"wp:attachment":[{"href":"https:\/\/www.kibotek.com\/fr\/wp-json\/wp\/v2\/media?parent=67272"}],"wp:term":[{"taxonomy":"product_brand","embeddable":true,"href":"https:\/\/www.kibotek.com\/fr\/wp-json\/wp\/v2\/product_brand?post=67272"},{"taxonomy":"product_cat","embeddable":true,"href":"https:\/\/www.kibotek.com\/fr\/wp-json\/wp\/v2\/product_cat?post=67272"},{"taxonomy":"product_tag","embeddable":true,"href":"https:\/\/www.kibotek.com\/fr\/wp-json\/wp\/v2\/product_tag?post=67272"}],"curies":[{"name":"wp","href":"https:\/\/api.w.org\/{rel}","templated":true}]}}