{"id":64435,"date":"2025-09-08T11:13:10","date_gmt":"2025-09-08T09:13:10","guid":{"rendered":"https:\/\/www.kibotek.com\/?post_type=product&#038;p=64435"},"modified":"2026-04-20T13:52:31","modified_gmt":"2026-04-20T11:52:31","slug":"console-de-jeu-portable-ayn-odin-3-base-8-go-128-go","status":"publish","type":"product","link":"https:\/\/www.kibotek.com\/fr\/kibostore\/ayn-odin-3-base-8gb-128gb-consola-portatil-gaming\/","title":{"rendered":"AYN Odin 3 Base 8GB\/128GB UFS 4.0 Consola Port\u00e1til Gaming"},"content":{"rendered":"<h3>Achetez la console de jeu portable AYN Odin 3 8GB+128GB<\/h3>\n<h3>Exp\u00e9dition depuis l&#039;Espagne vers toute l&#039;Europe sous 24\/72 heures<\/h3>\n<h3><strong>3 ans<\/strong> <strong>garantie europ\u00e9enne <\/strong><strong>Uniquement chez kiboTEK <\/strong><\/h3>\n<h3>sp\u00e9cifications<\/h3>\n<ul>\n<li><span style=\"color: #ff0000;\"><strong>CADEAU EN VERRE TREMP\u00c9<\/strong><\/span><\/li>\n<li><span style=\"color: #ff0000;\"><strong>COQUE EN TPU CADEAU<\/strong><\/span><\/li>\n<li>\u00c9cran AMOLED FDH de 6 pouces<\/li>\n<li>R\u00e9solution 1080 x 1920 pixels<\/li>\n<li><strong data-start=\"1083\" data-end=\"1113\">Taux de rafra\u00eechissement de 120 Hz<\/strong><\/li>\n<li><strong><strong>Processeur Qualcomm <\/strong><\/strong><strong><strong>Dragonwing Q8<\/strong><\/strong><strong>\u00a03 nm<\/strong><\/li>\n<li>2 c\u0153urs Prime jusqu&#039;\u00e0 4,32 GHz et 6 c\u0153urs hautes performances jusqu&#039;\u00e0 3,53 GHz<\/li>\n<li>GPU Adreno 830<\/li>\n<li>M\u00e9moire RAM 8GB LPDDR5X<\/li>\n<li>Stockage UFS 3.1 128GB<\/li>\n<li>Batterie 8000mAh<\/li>\n<li>Charge rapide 60 W<\/li>\n<li>Design ergonomique<\/li>\n<li>Refroidissement actif<\/li>\n<li>Sortie vid\u00e9o 4Kp60<\/li>\n<li>WiFi 7 + BT 6.0<\/li>\n<li>USB 3.1 Type C, Jack 3.5<\/li>\n<li>Syst\u00e8me d&#039;exploitation Android 15<\/li>\n<li>Dimensions 224,8 x 87,5 x 16,6 mm<\/li>\n<li>Poids 390gr<\/li>\n<\/ul>\n<h3>S\u00e9curit\u00e9 dans votre achat<\/h3>\n<p>Chez kiboTEK, profitez de la tranquillit\u00e9 d&#039;esprit et de la s\u00e9curit\u00e9 d&#039;achat aupr\u00e8s de l&#039;une des boutiques de jeux vid\u00e9o les mieux not\u00e9es. Soyez assur\u00e9 que vous pourrez retourner votre achat si vous n&#039;\u00eates pas satisfait.,<\/p>\n<p><strong><span style=\"font-size: 12pt;\">Vous disposez de 14 jours pour demander un remboursement.<\/span><\/strong><\/p>\n<p>En revanche, ne vous inqui\u00e9tez pas pour la garantie car c&#039;est seulement sur notre site que vous l&#039;aurez.<\/p>\n<p><strong>Garantie europ\u00e9enne de 3 ans<\/strong><\/p>\n<p>Chez kiboTEK, vous pouvez acheter la console de jeu portable AYN Odin avec la garantie et la s\u00e9curit\u00e9 du meilleur magasin de jeux en ligne d&#039;Espagne et d&#039;Europe.<\/p>\n<p><a href=\"https:\/\/www.kibotek.com\/fr\/conditions-de-retour\/\">Consultez les conditions g\u00e9n\u00e9rales ici sans engagement.\u00a0<\/a><\/p>\n<p><iframe loading=\"lazy\" title=\"AYN Odin3 - Une nouvelle \u00e8re commence\" width=\"500\" height=\"281\" src=\"https:\/\/www.youtube.com\/embed\/mUf13ignOxk?start=3&#038;feature=oembed\" frameborder=\"0\" allow=\"accelerometer; autoplay; clipboard-write; encrypted-media; gyroscope; picture-in-picture; web-share\" referrerpolicy=\"strict-origin-when-cross-origin\" allowfullscreen><\/iframe><\/p>\n<p>La prestigieuse marque de consoles portables <strong>AYN revient avec la version tant attendue du c\u00e9l\u00e8bre Odin<\/strong>. L&#039;une des \u00e9ditions les plus attendues revient, apr\u00e8s deux versions, le c\u00e9l\u00e8bre Odin 3 arrive avec des fonctionnalit\u00e9s de luxe, beaucoup de puissance et des finitions spectaculaires qui en feront le <strong>reine des consoles portables Android<\/strong>.<\/p>\n<h3 data-start=\"935\" data-end=\"980\">\u00c9cran AMOLED + 120 Hz<\/h3>\n<p data-start=\"981\" data-end=\"1264\">Ce qui attire le plus notre attention \u00e0 propos de ce nouveau AYN Odin 3, c&#039;est qu&#039;il dispose d&#039;un \u00e9cran<strong data-start=\"1030\" data-end=\"1060\">\u00a0AMOLED 6 pouces<\/strong>, avec une r\u00e9solution Full HD et <strong data-start=\"1083\" data-end=\"1113\">Taux de rafra\u00eechissement de 120 Hz<\/strong>Il s&#039;agit d&#039;une avanc\u00e9e majeure par rapport \u00e0 l&#039;Odin 2, \u00e9quip\u00e9 d&#039;un \u00e9cran IPS 60 Hz. Vos jeux r\u00e9tro et actuels auront fi\u00e8re allure. <strong data-start=\"1249\" data-end=\"1263\">incroyable<\/strong>.<\/p>\n<h3 data-start=\"581\" data-end=\"629\">Une puissance largement suffisante avec le Qualcomm Dragonwing Q8<\/h3>\n<p data-start=\"630\" data-end=\"933\">Le AYN Odin 3 utilisera le Qualcomm Dragonwing Q8, oui, vous avez bien lu, une puce haut de gamme qui permettra <strong data-start=\"735\" data-end=\"798\">la premi\u00e8re console portable Android avec cette b\u00eate \u00e0 l&#039;int\u00e9rieur<\/strong>Cela signifie qu&#039;il offrira de meilleures performances, une plus grande stabilit\u00e9 et la possibilit\u00e9 d&#039;ex\u00e9cuter sans difficult\u00e9 tout type de jeux, des \u00e9mulateurs lourds aux jeux natifs. Nous nous retrouvons avec l&#039;un des <strong>des processeurs plus puissants<\/strong> Actuellement sur le march\u00e9. Processeur grav\u00e9 en 3 nanom\u00e8tres atteignant 4,32 gigahertz. Les c\u0153urs sont r\u00e9partis comme suit\u00a0: deux c\u0153urs Prime jusqu&#039;\u00e0 4,32\u00a0GHz et six c\u0153urs hautes performances jusqu&#039;\u00e0 3,53\u00a0GHz.<\/p>\n<p data-start=\"630\" data-end=\"933\">La console AYN Odin 3 a <strong>4 versions diff\u00e9rentes de RAM et de stockage<\/strong>La premi\u00e8re version est<strong> Base Odin 3<\/strong> o\u00f9 nous atteindrons le <strong>8 gigaoctets de RAM et 128 GB<\/strong> m\u00e9moire avec UFS 3.1. La deuxi\u00e8me version est la <strong>Odin 3 Pro<\/strong> o\u00f9 nous atteignons le <strong>12 gigaoctets de RAM et 256 GB<\/strong> Stockage UFS 4.0. Avec la troisi\u00e8me version, <strong>Odin 3 Max<\/strong> nous avons atteint le <strong>16 gigaoctets de RAM et 512 GB<\/strong> stockage interne bien s\u00fbr UFS 4.0. La derni\u00e8re version est une nouveaut\u00e9 et s&#039;appelle <strong>Odin 3 Ultra<\/strong> o\u00f9 nous atteignons le <strong>24 gigaoctets de RAM et 1 t\u00e9raoctet<\/strong> Stockage interne UFS 4.0. Cette derni\u00e8re version offre une puissance et un stockage exceptionnels qui raviront tous les joueurs.<\/p>\n<h3 data-start=\"1266\" data-end=\"1304\">Autonomie de la batterie \u00e9norme<\/h3>\n<p data-start=\"1305\" data-end=\"1505\">La batterie nous a \u00e9galement surpris en retrouvant une batterie de <strong data-start=\"1346\" data-end=\"1359\">8 000 mAh<\/strong>, id\u00e9al pour jouer pendant des heures. Et comme si cela ne suffisait pas, en plus d&#039;une grande batterie, nous disposons \u00e9galement d&#039;une charge rapide de 60 W.<\/p>\n<p data-start=\"1305\" data-end=\"1505\">Tout cela dans un corps de <strong data-start=\"1426\" data-end=\"1440\">390 grammes<\/strong>, ce qui n&#039;est pas mal du tout compte tenu du mat\u00e9riel \u00e0 l&#039;int\u00e9rieur.<\/p>\n<h3 data-start=\"1507\" data-end=\"1548\">Design spectaculaire<\/h3>\n<p data-start=\"1549\" data-end=\"1830\">Le design le plus soign\u00e9 et ergonomique gr\u00e2ce \u00e0 ses poign\u00e9es confortables, <strong data-start=\"1618\" data-end=\"1643\">joysticks avec lumi\u00e8re LED<\/strong>, et un <strong data-start=\"1651\" data-end=\"1682\">grande grille de ventilation<\/strong> dos qui nous procure un refroidissement actif.<\/p>\n<p data-start=\"1549\" data-end=\"1830\">Nous avons 5 couleurs diff\u00e9rentes disponibles <strong>Noir, blanc, bleu clair, violet clair et arc-en-ciel<\/strong><\/p>\n<h3 data-start=\"1549\" data-end=\"1830\">Dirig\u00e9 par Android 15<\/h3>\n<p data-start=\"1549\" data-end=\"1830\">En ce qui concerne la connectivit\u00e9, la seule chose que nous savons pour le moment est que <strong data-start=\"1890\" data-end=\"1919\">L&#039;AYN Odin 3 fonctionnera sur le syst\u00e8me d&#039;exploitation Android 15. <\/strong>, afin que nous puissions t\u00e9l\u00e9charger des jeux mobiles, utiliser des \u00e9mulateurs et \u00e9galement du multim\u00e9dia, ce qui en fait une console de poche polyvalente.<\/p>\n<p><strong>Prend en charge l&#039;acc\u00e8s \u00e0 Google Play Store pour t\u00e9l\u00e9charger des jeux et des applications.<\/strong><\/p>\n<p>Prend en charge les \u00e9mulateurs pour consoles telles que NES, SNES, N64, GameCube, PS2, PSP et bien d&#039;autres.<\/p>\n<h3><strong>3 ans<\/strong> <strong>garantie europ\u00e9enne <\/strong><strong>Uniquement chez kiboTEK<\/strong><\/h3>\n<p>Chez kiboTEK, achetez la console de jeu portable AYN Odin 3 avec la garantie et la s\u00e9curit\u00e9 du meilleur magasin de jeux en ligne d&#039;Espagne et d&#039;Europe. Ne vous souciez plus de la garantie, vous l&#039;obtiendrez uniquement sur notre site web. <strong>Garantie europ\u00e9enne de 3 ans.<\/strong><\/p>\n<p>Chez kiboTEK, nous exp\u00e9dions nos consoles vers plus de 29 pays d&#039;Europe sous 24 \u00e0 72 heures, avec une garantie de 3 ans. Consultez et calculez les frais de livraison en saisissant votre adresse dans le panier. <strong>Frais gratuits pour l&#039;Espagne \u00e0 partir de 100 \u20ac<\/strong>.<\/p>\n<p><img loading=\"lazy\" decoding=\"async\" class=\"aligncenter size-full wp-image-74861\" src=\"https:\/\/www.kibotek.com\/wp-content\/uploads\/2025\/09\/kiboTEK_ayn_odin_3_slide_001-scaled.jpg\" alt=\"\" width=\"518\" height=\"2560\" title=\"\" srcset=\"https:\/\/www.kibotek.com\/wp-content\/uploads\/2025\/09\/kiboTEK_ayn_odin_3_slide_001-scaled.jpg 518w, https:\/\/www.kibotek.com\/wp-content\/uploads\/2025\/09\/kiboTEK_ayn_odin_3_slide_001-61x300.jpg 61w, https:\/\/www.kibotek.com\/wp-content\/uploads\/2025\/09\/kiboTEK_ayn_odin_3_slide_001-162x800.jpg 162w, https:\/\/www.kibotek.com\/wp-content\/uploads\/2025\/09\/kiboTEK_ayn_odin_3_slide_001-311x1536.jpg 311w, https:\/\/www.kibotek.com\/wp-content\/uploads\/2025\/09\/kiboTEK_ayn_odin_3_slide_001-430x2126.jpg 430w, https:\/\/www.kibotek.com\/wp-content\/uploads\/2025\/09\/kiboTEK_ayn_odin_3_slide_001-700x3460.jpg 700w, https:\/\/www.kibotek.com\/wp-content\/uploads\/2025\/09\/kiboTEK_ayn_odin_3_slide_001-150x741.jpg 150w\" sizes=\"auto, (max-width: 518px) 100vw, 518px\" \/> <img loading=\"lazy\" decoding=\"async\" class=\"aligncenter size-full wp-image-74860\" src=\"https:\/\/www.kibotek.com\/wp-content\/uploads\/2025\/09\/kiboTEK_ayn_odin_3_slide_002-scaled.jpg\" alt=\"\" width=\"445\" height=\"2560\" title=\"\" srcset=\"https:\/\/www.kibotek.com\/wp-content\/uploads\/2025\/09\/kiboTEK_ayn_odin_3_slide_002-scaled.jpg 445w, https:\/\/www.kibotek.com\/wp-content\/uploads\/2025\/09\/kiboTEK_ayn_odin_3_slide_002-52x300.jpg 52w, https:\/\/www.kibotek.com\/wp-content\/uploads\/2025\/09\/kiboTEK_ayn_odin_3_slide_002-139x800.jpg 139w, https:\/\/www.kibotek.com\/wp-content\/uploads\/2025\/09\/kiboTEK_ayn_odin_3_slide_002-267x1536.jpg 267w, https:\/\/www.kibotek.com\/wp-content\/uploads\/2025\/09\/kiboTEK_ayn_odin_3_slide_002-356x2048.jpg 356w, https:\/\/www.kibotek.com\/wp-content\/uploads\/2025\/09\/kiboTEK_ayn_odin_3_slide_002-2x12.jpg 2w, https:\/\/www.kibotek.com\/wp-content\/uploads\/2025\/09\/kiboTEK_ayn_odin_3_slide_002-150x864.jpg 150w\" sizes=\"auto, (max-width: 445px) 100vw, 445px\" \/> <img loading=\"lazy\" decoding=\"async\" class=\"aligncenter size-full wp-image-74859\" src=\"https:\/\/www.kibotek.com\/wp-content\/uploads\/2025\/09\/kiboTEK_ayn_odin_3_slide_003-scaled.jpg\" alt=\"\" width=\"584\" height=\"2560\" title=\"\" srcset=\"https:\/\/www.kibotek.com\/wp-content\/uploads\/2025\/09\/kiboTEK_ayn_odin_3_slide_003-scaled.jpg 584w, https:\/\/www.kibotek.com\/wp-content\/uploads\/2025\/09\/kiboTEK_ayn_odin_3_slide_003-467x2048.jpg 467w, https:\/\/www.kibotek.com\/wp-content\/uploads\/2025\/09\/kiboTEK_ayn_odin_3_slide_003-3x12.jpg 3w, https:\/\/www.kibotek.com\/wp-content\/uploads\/2025\/09\/kiboTEK_ayn_odin_3_slide_003-430x1884.jpg 430w, https:\/\/www.kibotek.com\/wp-content\/uploads\/2025\/09\/kiboTEK_ayn_odin_3_slide_003-700x3067.jpg 700w, https:\/\/www.kibotek.com\/wp-content\/uploads\/2025\/09\/kiboTEK_ayn_odin_3_slide_003-150x657.jpg 150w\" sizes=\"auto, (max-width: 584px) 100vw, 584px\" \/><\/p>\n<p>Visitez nos magasins kiboTEK Vitoria au 13 rue Independencia, Bilbao au 35 rue Alameda de Urquijo, ou visitez notre site Web. <a href=\"http:\/\/www.kiboTEK.com\/\" target=\"_blank\" rel=\"nofollow noopener\">www.kiboTEK.com<\/a>\u00a0 et vous trouverez un large catalogue de consoles r\u00e9tro. Procurez-vous l&#039;une de nos consoles et replongez dans votre enfance.<\/p>\n<p>&nbsp;<\/p>\n<p>&nbsp;<\/p>","protected":false},"excerpt":{"rendered":"<div class=\"woocommerce-product-details__short-description\">\n<div class=\"woocommerce-product-details__short-description\">\n<div class=\"woocommerce-product-details__short-description\">\n<div class=\"woocommerce-product-details__short-description\">\n<div class=\"woocommerce-product-details__short-description\">\n<div class=\"woocommerce-product-details__short-description\">\n<div class=\"woocommerce-product-details__short-description\">\n<p class=\"price woobt-price-56089\"><strong><em>ACHETEZ MAINTENANT ET <\/em><\/strong><strong><em>RECEVEZ EN 24\/72H \ud83d\ude80<\/em><\/strong><\/p>\n<p><span style=\"color: #ff0000;\"><strong>CADEAU EN VERRE TREMP\u00c9 \ud83c\udf81<\/strong><\/span><\/p>\n<p><span style=\"color: #ff0000;\"><strong>COQUE EN TPU CADEAU \ud83c\udf81<\/strong><\/span><\/p>\n<\/div>\n<\/div>\n<\/div>\n<\/div>\n<\/div>\n<\/div>\n<\/div>","protected":false},"featured_media":67022,"comment_status":"open","ping_status":"closed","template":"","meta":{"iawp_total_views":6465},"product_brand":[8140],"product_cat":[5514],"product_tag":[7752,1794],"class_list":{"0":"post-64435","1":"product","2":"type-product","3":"status-publish","4":"has-post-thumbnail","6":"product_brand-comprar-consola-gaming-ayn","7":"product_cat-consolas-retro-gaming-arcade-bartop-pandora-box-anbernic-powkiddy","8":"product_tag-presale","9":"product_tag-top10","11":"first","12":"instock","13":"taxable","14":"shipping-taxable","15":"purchasable","16":"product-type-variable","17":"has-default-attributes"},"supplier_id":null,"supplier_sku":"","barcode":null,"atum_controlled":true,"out_stock_date":null,"out_stock_threshold":null,"inheritable":true,"inbound_stock":null,"stock_on_hold":0,"sold_today":0,"sales_last_days":0,"reserved_stock":null,"customer_returns":null,"warehouse_damage":null,"lost_in_post":null,"other_logs":null,"out_stock_days":0,"lost_sales":0,"has_location":true,"update_date":"2026-04-20T11:52:39","atum_locations":[{"id":41,"name":"Bilbao","slug":"bilbao"}],"atum_stock_status":"instock","restock_status":false,"low_stock_amount":"","sales_update_date":"2026-04-20T05:03:01","calc_backorders":null,"_links":{"self":[{"href":"https:\/\/www.kibotek.com\/fr\/wp-json\/wp\/v2\/product\/64435","targetHints":{"allow":["GET"]}}],"collection":[{"href":"https:\/\/www.kibotek.com\/fr\/wp-json\/wp\/v2\/product"}],"about":[{"href":"https:\/\/www.kibotek.com\/fr\/wp-json\/wp\/v2\/types\/product"}],"replies":[{"embeddable":true,"href":"https:\/\/www.kibotek.com\/fr\/wp-json\/wp\/v2\/comments?post=64435"}],"version-history":[{"count":8,"href":"https:\/\/www.kibotek.com\/fr\/wp-json\/wp\/v2\/product\/64435\/revisions"}],"predecessor-version":[{"id":75634,"href":"https:\/\/www.kibotek.com\/fr\/wp-json\/wp\/v2\/product\/64435\/revisions\/75634"}],"wp:featuredmedia":[{"embeddable":true,"href":"https:\/\/www.kibotek.com\/fr\/wp-json\/wp\/v2\/media\/67022"}],"wp:attachment":[{"href":"https:\/\/www.kibotek.com\/fr\/wp-json\/wp\/v2\/media?parent=64435"}],"wp:term":[{"taxonomy":"product_brand","embeddable":true,"href":"https:\/\/www.kibotek.com\/fr\/wp-json\/wp\/v2\/product_brand?post=64435"},{"taxonomy":"product_cat","embeddable":true,"href":"https:\/\/www.kibotek.com\/fr\/wp-json\/wp\/v2\/product_cat?post=64435"},{"taxonomy":"product_tag","embeddable":true,"href":"https:\/\/www.kibotek.com\/fr\/wp-json\/wp\/v2\/product_tag?post=64435"}],"curies":[{"name":"wp","href":"https:\/\/api.w.org\/{rel}","templated":true}]}}