{"id":62834,"date":"2025-07-31T19:17:09","date_gmt":"2025-07-31T17:17:09","guid":{"rendered":"https:\/\/www.kibotek.com\/?post_type=product&#038;p=62834"},"modified":"2026-04-19T22:28:32","modified_gmt":"2026-04-19T20:28:32","slug":"console-retro-portable-anbernic-rg-477m-12-go-256-go-android-14","status":"publish","type":"product","link":"https:\/\/www.kibotek.com\/fr\/kibostore\/anbernic-rg-477m-12gb-256gb-consola-retro-portable-android-14\/","title":{"rendered":"Console r\u00e9tro portable Anbernic RG 477M 12GB\/256GB Android 14"},"content":{"rendered":"<h3>Achetez la console r\u00e9tro portable Anbernic RG 477M DE 12GB\/256GB<\/h3>\n<h3>Exp\u00e9dition depuis l&#039;Espagne vers l&#039;Europe en 24\/72 heures<\/h3>\n<h3><strong>3 ans<\/strong> <strong>garantie europ\u00e9enne <\/strong><strong>Uniquement chez kiboTEK <\/strong><\/h3>\n<h3>sp\u00e9cifications<\/h3>\n<ul>\n<li><span style=\"color: #ff0000;\"><strong>\u00c9TUI DE TRANSPORT CADEAU<\/strong><\/span><\/li>\n<li><span style=\"color: #ff0000;\"><strong>REGALO TARJETA SD 256GB<\/strong><\/span><\/li>\n<li>\u00c9cran OCA LTPS In-cell de 4,7 pouces<\/li>\n<li>R\u00e9solution de 1280 x 960 pixels<\/li>\n<li>Taux de rafra\u00eechissement 120 Hz<\/li>\n<li>Syst\u00e8me d&#039;exploitation Android 14<\/li>\n<li><strong>\u00c9mulateurs\u00a0: PlayStation 2, PSP, PlayStation 1, bornes d\u2019arcade, Wii, PS Vita, Neo Geo, MAME, Sega Genesis\u2026<\/strong><\/li>\n<li>Processeur Dimensity 8300 <span class=\"Y2IQFc\" lang=\"es\">(Puce SOC 5G \u00e0 processus EUV 4 nm)<\/span><\/li>\n<li><span class=\"Y2IQFc\" lang=\"es\">GPU Mali-G615 MC6<\/span><\/li>\n<li>Contr\u00f4le avec les boutons L1 \/ L2 et R1 \/ R2<\/li>\n<li><strong>RAM 12GB LPDDR4<\/strong><\/li>\n<li><strong><span class=\"Y2IQFc\" lang=\"es\">Stockage UFS 2.2 256GB<\/span><\/strong><\/li>\n<li><strong>Sortie HDMI<\/strong><\/li>\n<li><span class=\"Y2IQFc\" lang=\"es\">IA ANBERNIC<\/span><\/li>\n<li>Wi-Fi 6E 802.11a\/b\/g\/n\/ac, Bluetooth 5.3<\/li>\n<li>Port USB Type-C, OTG-USB et prise audio 3,5 mm<\/li>\n<li>Batterie de 5300 mAh pour jusqu&#039;\u00e0 7 heures d&#039;utilisation<\/li>\n<li>5 V\/9 A, 27 W<\/li>\n<li>Poids 379gr<\/li>\n<li>Dimensions 15,4 x 9 x 2,6 cm<\/li>\n<li>Couleur Chocolat Bronze et Lame Argent\u00e9e<\/li>\n<\/ul>\n<p><iframe loading=\"lazy\" title=\"Vid\u00e9o promotionnelle officielle du ANBERNIC RG 477M\" width=\"500\" height=\"281\" src=\"https:\/\/www.youtube.com\/embed\/XGt2jry0Emw?start=3&#038;feature=oembed\" frameborder=\"0\" allow=\"accelerometer; autoplay; clipboard-write; encrypted-media; gyroscope; picture-in-picture; web-share\" referrerpolicy=\"strict-origin-when-cross-origin\" allowfullscreen><\/iframe><\/p>\n<p><iframe loading=\"lazy\" title=\"ANBERNIC RG 477M Premier aper\u00e7u !\" width=\"500\" height=\"281\" src=\"https:\/\/www.youtube.com\/embed\/-RBArKfpkZE?start=7&#038;feature=oembed\" frameborder=\"0\" allow=\"accelerometer; autoplay; clipboard-write; encrypted-media; gyroscope; picture-in-picture; web-share\" referrerpolicy=\"strict-origin-when-cross-origin\" allowfullscreen><\/iframe><\/p>\n<h3>\u00e9cran de 4,7 pouces<\/h3>\n<p>Cette nouvelle console d&#039;Anbernic, la RG 477M, nous est pr\u00e9sent\u00e9e avec un \u00e9cran de <strong>4,7 pouces avec une r\u00e9solution de 1280 x 960 pixels<\/strong> et un taux de rafra\u00eechissement de 120 Hz pour que vous puissiez profiter de tous vos jeux avec une fluidit\u00e9 totale et un contr\u00f4le tr\u00e8s pr\u00e9cis sur son \u00e9cran tactile.<\/p>\n<h3>Processeur Mediatek incroyable<\/h3>\n<p>Il nous pr\u00e9sente un Mediatek <strong>Dimension 8300<\/strong> un processeur puissant que l&#039;on retrouve dans notre <a href=\"https:\/\/www.kibotek.com\/fr\/kibostore\/console-retro-portable-anbernic-rg-557-12-go-256-go-android-14\/\">RG 557<\/a> nous offrant des performances et une efficacit\u00e9 \u00e9nerg\u00e9tique impressionnantes.<\/p>\n<p>Aliment\u00e9 par un processeur MediaTek Dimesity 8300, cet Anbernic RG 477 peut facilement g\u00e9rer une grande vari\u00e9t\u00e9 de plates-formes r\u00e9tro 8 bits, 16 bits et 32 bits. <strong>Il poss\u00e8de le m\u00eame processeur que les t\u00e9l\u00e9phones puissants actuels tels que le <a href=\"https:\/\/www.kibotek.com\/fr\/kibostore\/xiaomi-14t-12-go-256-go\/\">Xiaomi 14T<\/a> ou le Poco X6 Pro.<\/strong><\/p>\n<p>Il sera disponible en deux versions : <strong>8 GB RAM + 128 GB<\/strong> stockage ou <strong>12 GB RAM + 256 GB<\/strong> stockage, afin que nous puissions r\u00e9pondre \u00e0 tous vos besoins.<\/p>\n<h3 class=\"western\">Syst\u00e8me de d\u00e9marrage Android 14<\/h3>\n<p>Gr\u00e2ce \u00e0 son syst\u00e8me d&#039;exploitation Android, ce RG477M nous donne la possibilit\u00e9 d&#039;avoir toutes les facilit\u00e9s et<strong> Applications Android<\/strong> Et d&#039;autre part, jouez directement depuis les ROM install\u00e9es sur votre carte SD. La console RG 477M est \u00e9quip\u00e9e d&#039;un syst\u00e8me Android qui vous permettra de <strong>acc\u00e9dez au Play Store et t\u00e9l\u00e9chargez les jeux que vous aimez le plus.<\/strong><\/p>\n<h3><strong>IA<\/strong><\/h3>\n<p>L\u2019une des nouveaut\u00e9s qui marquent les nouvelles g\u00e9n\u00e9rations de consoles dans Anbernic est l\u2019incorporation de sa propre IA.<span class=\"Y2IQFc\" lang=\"es\">Prend en charge la reconnaissance de jeu en un clic, les suggestions de strat\u00e9gie, la traduction en temps r\u00e9el, le dialogue intelligent, la conversion de texte en image, le traitement d&#039;image et bien plus encore.<\/span><\/p>\n<h3 class=\"western\">Compatible avec les principaux \u00e9mulateurs<\/h3>\n<p>Avec cette nouvelle console r\u00e9tro Anbernic RG477M vous avez une compatibilit\u00e9 avec plusieurs \u00e9mulateurs tels que<strong> Neo Geo, Sega Genesis, Sega Saturn, MAME, FBA, PlayStation 1, PlayStation 2, Dreamcast ou PSP<\/strong> entre autres et la compatibilit\u00e9 de <b>Wii U et PS Vita<\/b>. Jeux Android (Genshin Impact, Honor of Kings, etc.)<\/p>\n<p>Nous retrouverons un double stick analogique, un pav\u00e9 directionnel, quatre boutons d&#039;action principaux et deux autres qui serviront probablement \u00e0 des fonctions telles que d\u00e9marrer et s\u00e9lectionner afin que vous puissiez en profiter avec les jeux qui vous passionnent le plus, qu&#039;il s&#039;agisse de jeux de combat pour vous sentir comme un champion ou m\u00eame de jeux de tir pour am\u00e9liorer votre vis\u00e9e et pouvoir montrer vos meilleurs scores \u00e0 vos amis.<\/p>\n<h3 class=\"western\">Wi-Fi, 6 int\u00e9gr\u00e9s<\/h3>\n<p>En ce qui concerne la connectivit\u00e9, nous avons <strong>Wifi <\/strong><strong>6 <\/strong>La vitesse de connexion est ainsi grandement am\u00e9lior\u00e9e avec ce nouveau Anbernic RG477M. D&#039;autre part, nous avons \u00e9galement <strong>Bluetooth 5.3<\/strong><strong> pour pouvoir connecter notre manette<\/strong> \u00e0 l&#039;appareil.<\/p>\n<h3 class=\"western\">Batterie suffisante de 5 300 mAh<\/h3>\n<p>Il nous apporte une batterie de 5 300 milliamp\u00e8res qui est <strong>se traduit par jusqu&#039;\u00e0 7 heures de jeu <\/strong><strong>infatigable mais toujours <\/strong><strong>selon le fabricant. <\/strong>\u00a0Cette batterie peut \u00eatre charg\u00e9e via le port de connexion Type-C et est compatible avec la charge rapide de 27 W.<\/p>\n<p>Il nous apporte un syst\u00e8me de refroidissement actif avec un ventilateur haute performance et un caloduc qui maintient l&#039;appareil stable.<\/p>\n<p>Il est dot\u00e9 d&#039;un joystick 3D Hall grand angle qui d\u00e9tecte avec pr\u00e9cision m\u00eame les mouvements les plus subtils, offrant un contr\u00f4le fluide et pr\u00e9cis.<\/p>\n<p>Anbernic nous apporte dans ce nouveau RG 477 un ch\u00e2ssis en aluminium et en deux coloris au choix, d&#039;une part la couleur <strong>Le Chocolat de Bronze et la Lame d&#039;Argent.<\/strong><\/p>\n<p>Chez kiboTEK, vous pouvez acheter la console r\u00e9tro portable Anbernic RG 477M Android 14 \/ Linux avec la garantie et la s\u00e9curit\u00e9 de la meilleure boutique en ligne d&#039;Espagne et d&#039;Europe.<\/p>\n<p>Chez kiboTEK, nous exp\u00e9dions la console portable r\u00e9tro Anbernic RG 477M Android 14 \u00e0 <strong>Espagne, Portugal, <span lang=\"en\">Autriche, Belgique, Bulgarie, Croatie, Chypre, R\u00e9publique tch\u00e8que, Danemark, Estonie, Finlande, France, Allemagne, Gr\u00e8ce, Hongrie, Irlande, Italie, Lettonie, Lituanie, Luxembourg, Malte, Pays-Bas, Pologne, Portugal, Monaco, Slovaquie, Slov\u00e9nie , Espagne, Roumanie, Royaume-Uni, Turquie, Su\u00e8de, Suisse, Br\u00e9sil, Colombie et Mexique<\/span><\/strong>. V\u00e9rifiez et calculez les frais de port dans le panier en ins\u00e9rant votre adresse.<\/p>\n<p><strong>D\u00e9penses gratuites pour l&#039;Espagne et le Portugal (p\u00e9ninsule uniquement) \u00e0 partir de 100\u00a0\u20ac<\/strong>.<\/p>\n<p><img loading=\"lazy\" decoding=\"async\" class=\"aligncenter size-full wp-image-63246\" src=\"https:\/\/www.kibotek.com\/wp-content\/uploads\/2025\/07\/kiboTEK_anbernic_rg447_new_001.jpg\" alt=\"\" width=\"1200\" height=\"1200\" title=\"\" srcset=\"https:\/\/www.kibotek.com\/wp-content\/uploads\/2025\/07\/kiboTEK_anbernic_rg447_new_001.jpg 1200w, https:\/\/www.kibotek.com\/wp-content\/uploads\/2025\/07\/kiboTEK_anbernic_rg447_new_001-430x430.jpg 430w, https:\/\/www.kibotek.com\/wp-content\/uploads\/2025\/07\/kiboTEK_anbernic_rg447_new_001-150x150.jpg 150w, https:\/\/www.kibotek.com\/wp-content\/uploads\/2025\/07\/kiboTEK_anbernic_rg447_new_001-700x700.jpg 700w, https:\/\/www.kibotek.com\/wp-content\/uploads\/2025\/07\/kiboTEK_anbernic_rg447_new_001-300x300.jpg 300w, https:\/\/www.kibotek.com\/wp-content\/uploads\/2025\/07\/kiboTEK_anbernic_rg447_new_001-800x800.jpg 800w, https:\/\/www.kibotek.com\/wp-content\/uploads\/2025\/07\/kiboTEK_anbernic_rg447_new_001-768x768.jpg 768w, https:\/\/www.kibotek.com\/wp-content\/uploads\/2025\/07\/kiboTEK_anbernic_rg447_new_001-12x12.jpg 12w, https:\/\/www.kibotek.com\/wp-content\/uploads\/2025\/07\/kiboTEK_anbernic_rg447_new_001-50x50.jpg 50w, https:\/\/www.kibotek.com\/wp-content\/uploads\/2025\/07\/kiboTEK_anbernic_rg447_new_001-100x100.jpg 100w, https:\/\/www.kibotek.com\/wp-content\/uploads\/2025\/07\/kiboTEK_anbernic_rg447_new_001-32x32.jpg 32w\" sizes=\"auto, (max-width: 1200px) 100vw, 1200px\" \/> <img loading=\"lazy\" decoding=\"async\" class=\"aligncenter size-full wp-image-63245\" src=\"https:\/\/www.kibotek.com\/wp-content\/uploads\/2025\/07\/kiboTEK_anbernic_rg447_new_002.jpg\" alt=\"\" width=\"1400\" height=\"1400\" title=\"\" srcset=\"https:\/\/www.kibotek.com\/wp-content\/uploads\/2025\/07\/kiboTEK_anbernic_rg447_new_002.jpg 1400w, https:\/\/www.kibotek.com\/wp-content\/uploads\/2025\/07\/kiboTEK_anbernic_rg447_new_002-430x430.jpg 430w, https:\/\/www.kibotek.com\/wp-content\/uploads\/2025\/07\/kiboTEK_anbernic_rg447_new_002-150x150.jpg 150w, https:\/\/www.kibotek.com\/wp-content\/uploads\/2025\/07\/kiboTEK_anbernic_rg447_new_002-700x700.jpg 700w, https:\/\/www.kibotek.com\/wp-content\/uploads\/2025\/07\/kiboTEK_anbernic_rg447_new_002-300x300.jpg 300w, https:\/\/www.kibotek.com\/wp-content\/uploads\/2025\/07\/kiboTEK_anbernic_rg447_new_002-800x800.jpg 800w, https:\/\/www.kibotek.com\/wp-content\/uploads\/2025\/07\/kiboTEK_anbernic_rg447_new_002-768x768.jpg 768w, https:\/\/www.kibotek.com\/wp-content\/uploads\/2025\/07\/kiboTEK_anbernic_rg447_new_002-12x12.jpg 12w, https:\/\/www.kibotek.com\/wp-content\/uploads\/2025\/07\/kiboTEK_anbernic_rg447_new_002-50x50.jpg 50w, https:\/\/www.kibotek.com\/wp-content\/uploads\/2025\/07\/kiboTEK_anbernic_rg447_new_002-100x100.jpg 100w, https:\/\/www.kibotek.com\/wp-content\/uploads\/2025\/07\/kiboTEK_anbernic_rg447_new_002-32x32.jpg 32w\" sizes=\"auto, (max-width: 1400px) 100vw, 1400px\" \/> <img loading=\"lazy\" decoding=\"async\" class=\"aligncenter size-full wp-image-63244\" src=\"https:\/\/www.kibotek.com\/wp-content\/uploads\/2025\/07\/kiboTEK_anbernic_rg447_new_003.jpg\" alt=\"\" width=\"1400\" height=\"1400\" title=\"\" srcset=\"https:\/\/www.kibotek.com\/wp-content\/uploads\/2025\/07\/kiboTEK_anbernic_rg447_new_003.jpg 1400w, https:\/\/www.kibotek.com\/wp-content\/uploads\/2025\/07\/kiboTEK_anbernic_rg447_new_003-430x430.jpg 430w, https:\/\/www.kibotek.com\/wp-content\/uploads\/2025\/07\/kiboTEK_anbernic_rg447_new_003-150x150.jpg 150w, https:\/\/www.kibotek.com\/wp-content\/uploads\/2025\/07\/kiboTEK_anbernic_rg447_new_003-700x700.jpg 700w, https:\/\/www.kibotek.com\/wp-content\/uploads\/2025\/07\/kiboTEK_anbernic_rg447_new_003-300x300.jpg 300w, https:\/\/www.kibotek.com\/wp-content\/uploads\/2025\/07\/kiboTEK_anbernic_rg447_new_003-800x800.jpg 800w, https:\/\/www.kibotek.com\/wp-content\/uploads\/2025\/07\/kiboTEK_anbernic_rg447_new_003-768x768.jpg 768w, https:\/\/www.kibotek.com\/wp-content\/uploads\/2025\/07\/kiboTEK_anbernic_rg447_new_003-12x12.jpg 12w, https:\/\/www.kibotek.com\/wp-content\/uploads\/2025\/07\/kiboTEK_anbernic_rg447_new_003-50x50.jpg 50w, https:\/\/www.kibotek.com\/wp-content\/uploads\/2025\/07\/kiboTEK_anbernic_rg447_new_003-100x100.jpg 100w, https:\/\/www.kibotek.com\/wp-content\/uploads\/2025\/07\/kiboTEK_anbernic_rg447_new_003-32x32.jpg 32w\" sizes=\"auto, (max-width: 1400px) 100vw, 1400px\" \/> <img loading=\"lazy\" decoding=\"async\" class=\"aligncenter size-full wp-image-63243\" src=\"https:\/\/www.kibotek.com\/wp-content\/uploads\/2025\/07\/kiboTEK_anbernic_rg447_new_004.jpg\" alt=\"\" width=\"1400\" height=\"1400\" title=\"\" srcset=\"https:\/\/www.kibotek.com\/wp-content\/uploads\/2025\/07\/kiboTEK_anbernic_rg447_new_004.jpg 1400w, https:\/\/www.kibotek.com\/wp-content\/uploads\/2025\/07\/kiboTEK_anbernic_rg447_new_004-430x430.jpg 430w, https:\/\/www.kibotek.com\/wp-content\/uploads\/2025\/07\/kiboTEK_anbernic_rg447_new_004-150x150.jpg 150w, https:\/\/www.kibotek.com\/wp-content\/uploads\/2025\/07\/kiboTEK_anbernic_rg447_new_004-700x700.jpg 700w, https:\/\/www.kibotek.com\/wp-content\/uploads\/2025\/07\/kiboTEK_anbernic_rg447_new_004-300x300.jpg 300w, https:\/\/www.kibotek.com\/wp-content\/uploads\/2025\/07\/kiboTEK_anbernic_rg447_new_004-800x800.jpg 800w, https:\/\/www.kibotek.com\/wp-content\/uploads\/2025\/07\/kiboTEK_anbernic_rg447_new_004-768x768.jpg 768w, https:\/\/www.kibotek.com\/wp-content\/uploads\/2025\/07\/kiboTEK_anbernic_rg447_new_004-12x12.jpg 12w, https:\/\/www.kibotek.com\/wp-content\/uploads\/2025\/07\/kiboTEK_anbernic_rg447_new_004-50x50.jpg 50w, https:\/\/www.kibotek.com\/wp-content\/uploads\/2025\/07\/kiboTEK_anbernic_rg447_new_004-100x100.jpg 100w, https:\/\/www.kibotek.com\/wp-content\/uploads\/2025\/07\/kiboTEK_anbernic_rg447_new_004-32x32.jpg 32w\" sizes=\"auto, (max-width: 1400px) 100vw, 1400px\" \/> <img loading=\"lazy\" decoding=\"async\" class=\"aligncenter size-full wp-image-63242\" src=\"https:\/\/www.kibotek.com\/wp-content\/uploads\/2025\/07\/kiboTEK_anbernic_rg447_new_005.jpg\" alt=\"\" width=\"1400\" height=\"1400\" title=\"\" srcset=\"https:\/\/www.kibotek.com\/wp-content\/uploads\/2025\/07\/kiboTEK_anbernic_rg447_new_005.jpg 1400w, https:\/\/www.kibotek.com\/wp-content\/uploads\/2025\/07\/kiboTEK_anbernic_rg447_new_005-430x430.jpg 430w, https:\/\/www.kibotek.com\/wp-content\/uploads\/2025\/07\/kiboTEK_anbernic_rg447_new_005-150x150.jpg 150w, https:\/\/www.kibotek.com\/wp-content\/uploads\/2025\/07\/kiboTEK_anbernic_rg447_new_005-700x700.jpg 700w, https:\/\/www.kibotek.com\/wp-content\/uploads\/2025\/07\/kiboTEK_anbernic_rg447_new_005-300x300.jpg 300w, https:\/\/www.kibotek.com\/wp-content\/uploads\/2025\/07\/kiboTEK_anbernic_rg447_new_005-800x800.jpg 800w, https:\/\/www.kibotek.com\/wp-content\/uploads\/2025\/07\/kiboTEK_anbernic_rg447_new_005-768x768.jpg 768w, https:\/\/www.kibotek.com\/wp-content\/uploads\/2025\/07\/kiboTEK_anbernic_rg447_new_005-12x12.jpg 12w, https:\/\/www.kibotek.com\/wp-content\/uploads\/2025\/07\/kiboTEK_anbernic_rg447_new_005-50x50.jpg 50w, https:\/\/www.kibotek.com\/wp-content\/uploads\/2025\/07\/kiboTEK_anbernic_rg447_new_005-100x100.jpg 100w, https:\/\/www.kibotek.com\/wp-content\/uploads\/2025\/07\/kiboTEK_anbernic_rg447_new_005-32x32.jpg 32w\" sizes=\"auto, (max-width: 1400px) 100vw, 1400px\" \/> <img loading=\"lazy\" decoding=\"async\" class=\"aligncenter size-full wp-image-63241\" src=\"https:\/\/www.kibotek.com\/wp-content\/uploads\/2025\/07\/kiboTEK_anbernic_rg447_new_006.jpg\" alt=\"\" width=\"1400\" height=\"1400\" title=\"\" srcset=\"https:\/\/www.kibotek.com\/wp-content\/uploads\/2025\/07\/kiboTEK_anbernic_rg447_new_006.jpg 1400w, https:\/\/www.kibotek.com\/wp-content\/uploads\/2025\/07\/kiboTEK_anbernic_rg447_new_006-430x430.jpg 430w, https:\/\/www.kibotek.com\/wp-content\/uploads\/2025\/07\/kiboTEK_anbernic_rg447_new_006-150x150.jpg 150w, https:\/\/www.kibotek.com\/wp-content\/uploads\/2025\/07\/kiboTEK_anbernic_rg447_new_006-700x700.jpg 700w, https:\/\/www.kibotek.com\/wp-content\/uploads\/2025\/07\/kiboTEK_anbernic_rg447_new_006-300x300.jpg 300w, https:\/\/www.kibotek.com\/wp-content\/uploads\/2025\/07\/kiboTEK_anbernic_rg447_new_006-800x800.jpg 800w, https:\/\/www.kibotek.com\/wp-content\/uploads\/2025\/07\/kiboTEK_anbernic_rg447_new_006-768x768.jpg 768w, https:\/\/www.kibotek.com\/wp-content\/uploads\/2025\/07\/kiboTEK_anbernic_rg447_new_006-12x12.jpg 12w, https:\/\/www.kibotek.com\/wp-content\/uploads\/2025\/07\/kiboTEK_anbernic_rg447_new_006-50x50.jpg 50w, https:\/\/www.kibotek.com\/wp-content\/uploads\/2025\/07\/kiboTEK_anbernic_rg447_new_006-100x100.jpg 100w, https:\/\/www.kibotek.com\/wp-content\/uploads\/2025\/07\/kiboTEK_anbernic_rg447_new_006-32x32.jpg 32w\" sizes=\"auto, (max-width: 1400px) 100vw, 1400px\" \/> <img loading=\"lazy\" decoding=\"async\" class=\"aligncenter size-full wp-image-63240\" src=\"https:\/\/www.kibotek.com\/wp-content\/uploads\/2025\/07\/kiboTEK_anbernic_rg447_new_007.jpg\" alt=\"\" width=\"1400\" height=\"1400\" title=\"\" srcset=\"https:\/\/www.kibotek.com\/wp-content\/uploads\/2025\/07\/kiboTEK_anbernic_rg447_new_007.jpg 1400w, https:\/\/www.kibotek.com\/wp-content\/uploads\/2025\/07\/kiboTEK_anbernic_rg447_new_007-430x430.jpg 430w, https:\/\/www.kibotek.com\/wp-content\/uploads\/2025\/07\/kiboTEK_anbernic_rg447_new_007-150x150.jpg 150w, https:\/\/www.kibotek.com\/wp-content\/uploads\/2025\/07\/kiboTEK_anbernic_rg447_new_007-700x700.jpg 700w, https:\/\/www.kibotek.com\/wp-content\/uploads\/2025\/07\/kiboTEK_anbernic_rg447_new_007-300x300.jpg 300w, https:\/\/www.kibotek.com\/wp-content\/uploads\/2025\/07\/kiboTEK_anbernic_rg447_new_007-800x800.jpg 800w, https:\/\/www.kibotek.com\/wp-content\/uploads\/2025\/07\/kiboTEK_anbernic_rg447_new_007-768x768.jpg 768w, https:\/\/www.kibotek.com\/wp-content\/uploads\/2025\/07\/kiboTEK_anbernic_rg447_new_007-12x12.jpg 12w, https:\/\/www.kibotek.com\/wp-content\/uploads\/2025\/07\/kiboTEK_anbernic_rg447_new_007-50x50.jpg 50w, https:\/\/www.kibotek.com\/wp-content\/uploads\/2025\/07\/kiboTEK_anbernic_rg447_new_007-100x100.jpg 100w, https:\/\/www.kibotek.com\/wp-content\/uploads\/2025\/07\/kiboTEK_anbernic_rg447_new_007-32x32.jpg 32w\" sizes=\"auto, (max-width: 1400px) 100vw, 1400px\" \/> <img loading=\"lazy\" decoding=\"async\" class=\"aligncenter size-full wp-image-63239\" src=\"https:\/\/www.kibotek.com\/wp-content\/uploads\/2025\/07\/kiboTEK_anbernic_rg447_new_008.jpg\" alt=\"\" width=\"1200\" height=\"1200\" title=\"\" srcset=\"https:\/\/www.kibotek.com\/wp-content\/uploads\/2025\/07\/kiboTEK_anbernic_rg447_new_008.jpg 1200w, https:\/\/www.kibotek.com\/wp-content\/uploads\/2025\/07\/kiboTEK_anbernic_rg447_new_008-430x430.jpg 430w, https:\/\/www.kibotek.com\/wp-content\/uploads\/2025\/07\/kiboTEK_anbernic_rg447_new_008-150x150.jpg 150w, https:\/\/www.kibotek.com\/wp-content\/uploads\/2025\/07\/kiboTEK_anbernic_rg447_new_008-700x700.jpg 700w, https:\/\/www.kibotek.com\/wp-content\/uploads\/2025\/07\/kiboTEK_anbernic_rg447_new_008-300x300.jpg 300w, https:\/\/www.kibotek.com\/wp-content\/uploads\/2025\/07\/kiboTEK_anbernic_rg447_new_008-800x800.jpg 800w, https:\/\/www.kibotek.com\/wp-content\/uploads\/2025\/07\/kiboTEK_anbernic_rg447_new_008-768x768.jpg 768w, https:\/\/www.kibotek.com\/wp-content\/uploads\/2025\/07\/kiboTEK_anbernic_rg447_new_008-12x12.jpg 12w, https:\/\/www.kibotek.com\/wp-content\/uploads\/2025\/07\/kiboTEK_anbernic_rg447_new_008-50x50.jpg 50w, https:\/\/www.kibotek.com\/wp-content\/uploads\/2025\/07\/kiboTEK_anbernic_rg447_new_008-100x100.jpg 100w, https:\/\/www.kibotek.com\/wp-content\/uploads\/2025\/07\/kiboTEK_anbernic_rg447_new_008-32x32.jpg 32w\" sizes=\"auto, (max-width: 1200px) 100vw, 1200px\" \/> <img loading=\"lazy\" decoding=\"async\" class=\"aligncenter size-full wp-image-63238\" src=\"https:\/\/www.kibotek.com\/wp-content\/uploads\/2025\/07\/kiboTEK_anbernic_rg447_new_009.jpg\" alt=\"\" width=\"1200\" height=\"1200\" title=\"\" srcset=\"https:\/\/www.kibotek.com\/wp-content\/uploads\/2025\/07\/kiboTEK_anbernic_rg447_new_009.jpg 1200w, https:\/\/www.kibotek.com\/wp-content\/uploads\/2025\/07\/kiboTEK_anbernic_rg447_new_009-430x430.jpg 430w, https:\/\/www.kibotek.com\/wp-content\/uploads\/2025\/07\/kiboTEK_anbernic_rg447_new_009-150x150.jpg 150w, https:\/\/www.kibotek.com\/wp-content\/uploads\/2025\/07\/kiboTEK_anbernic_rg447_new_009-700x700.jpg 700w, https:\/\/www.kibotek.com\/wp-content\/uploads\/2025\/07\/kiboTEK_anbernic_rg447_new_009-300x300.jpg 300w, https:\/\/www.kibotek.com\/wp-content\/uploads\/2025\/07\/kiboTEK_anbernic_rg447_new_009-800x800.jpg 800w, https:\/\/www.kibotek.com\/wp-content\/uploads\/2025\/07\/kiboTEK_anbernic_rg447_new_009-768x768.jpg 768w, https:\/\/www.kibotek.com\/wp-content\/uploads\/2025\/07\/kiboTEK_anbernic_rg447_new_009-12x12.jpg 12w, https:\/\/www.kibotek.com\/wp-content\/uploads\/2025\/07\/kiboTEK_anbernic_rg447_new_009-50x50.jpg 50w, https:\/\/www.kibotek.com\/wp-content\/uploads\/2025\/07\/kiboTEK_anbernic_rg447_new_009-100x100.jpg 100w, https:\/\/www.kibotek.com\/wp-content\/uploads\/2025\/07\/kiboTEK_anbernic_rg447_new_009-32x32.jpg 32w\" sizes=\"auto, (max-width: 1200px) 100vw, 1200px\" \/><\/p>","protected":false},"excerpt":{"rendered":"<div class=\"woocommerce-product-details__short-description\">\n<div class=\"woocommerce-product-details__short-description\">\n<div class=\"woocommerce-product-details__short-description\">\n<div class=\"woocommerce-product-details__short-description\">\n<div class=\"woocommerce-product-details__short-description\">\n<div class=\"woocommerce-product-details__short-description\">\n<div class=\"woocommerce-product-details__short-description\">\n<p class=\"price woobt-price-56089\"><strong><em>ACHETEZ MAINTENANT ET <\/em><\/strong><strong><em>RECEVEZ EN 24\/72H \ud83d\ude80<\/em><\/strong><\/p>\n<\/div>\n<\/div>\n<\/div>\n<\/div>\n<\/div>\n<\/div>\n<\/div>","protected":false},"featured_media":64575,"comment_status":"open","ping_status":"closed","template":"","meta":{"iawp_total_views":3032},"product_brand":[8167],"product_cat":[7809,5514],"product_tag":[],"class_list":{"0":"post-62834","1":"product","2":"type-product","3":"status-publish","4":"has-post-thumbnail","6":"product_brand-anbernic","7":"product_cat-consolas-retro","8":"product_cat-consolas-retro-gaming-arcade-bartop-pandora-box-anbernic-powkiddy","10":"first","11":"instock","12":"sale","13":"taxable","14":"shipping-taxable","15":"purchasable","16":"product-type-variable","17":"has-default-attributes"},"supplier_id":null,"supplier_sku":"","barcode":null,"atum_controlled":true,"out_stock_date":"2025-07-29 13:23:13","out_stock_threshold":null,"inheritable":true,"inbound_stock":null,"stock_on_hold":0,"sold_today":0,"sales_last_days":0,"reserved_stock":null,"customer_returns":null,"warehouse_damage":null,"lost_in_post":null,"other_logs":null,"out_stock_days":264,"lost_sales":0,"has_location":false,"update_date":"2026-04-20T05:03:03","atum_locations":[],"atum_stock_status":"instock","restock_status":false,"low_stock_amount":"","sales_update_date":"2026-04-20T05:03:03","calc_backorders":null,"_links":{"self":[{"href":"https:\/\/www.kibotek.com\/fr\/wp-json\/wp\/v2\/product\/62834","targetHints":{"allow":["GET"]}}],"collection":[{"href":"https:\/\/www.kibotek.com\/fr\/wp-json\/wp\/v2\/product"}],"about":[{"href":"https:\/\/www.kibotek.com\/fr\/wp-json\/wp\/v2\/types\/product"}],"replies":[{"embeddable":true,"href":"https:\/\/www.kibotek.com\/fr\/wp-json\/wp\/v2\/comments?post=62834"}],"version-history":[{"count":1,"href":"https:\/\/www.kibotek.com\/fr\/wp-json\/wp\/v2\/product\/62834\/revisions"}],"predecessor-version":[{"id":71660,"href":"https:\/\/www.kibotek.com\/fr\/wp-json\/wp\/v2\/product\/62834\/revisions\/71660"}],"wp:featuredmedia":[{"embeddable":true,"href":"https:\/\/www.kibotek.com\/fr\/wp-json\/wp\/v2\/media\/64575"}],"wp:attachment":[{"href":"https:\/\/www.kibotek.com\/fr\/wp-json\/wp\/v2\/media?parent=62834"}],"wp:term":[{"taxonomy":"product_brand","embeddable":true,"href":"https:\/\/www.kibotek.com\/fr\/wp-json\/wp\/v2\/product_brand?post=62834"},{"taxonomy":"product_cat","embeddable":true,"href":"https:\/\/www.kibotek.com\/fr\/wp-json\/wp\/v2\/product_cat?post=62834"},{"taxonomy":"product_tag","embeddable":true,"href":"https:\/\/www.kibotek.com\/fr\/wp-json\/wp\/v2\/product_tag?post=62834"}],"curies":[{"name":"wp","href":"https:\/\/api.w.org\/{rel}","templated":true}]}}