{"id":61693,"date":"2025-06-21T13:54:42","date_gmt":"2025-06-21T11:54:42","guid":{"rendered":"https:\/\/www.kibotek.com\/?post_type=product&#038;p=61693"},"modified":"2026-04-19T22:32:30","modified_gmt":"2026-04-19T20:32:30","slug":"console-retro-portable-anbernic-rg-slide-pour-android-13","status":"publish","type":"product","link":"https:\/\/www.kibotek.com\/fr\/kibostore\/anbernic-rg-slide-consola-retro-portable-android-13\/","title":{"rendered":"Console r\u00e9tro portable Anbernic RG SLIDE 8GB\/128GB Android 13"},"content":{"rendered":"<h3>Achetez la console r\u00e9tro portable Anbernic RG SLIDE 8GB\/128GB<\/h3>\n<h3>Exp\u00e9dition depuis l&#039;Espagne vers l&#039;Europe sous 24\/72 heures et garantie europ\u00e9enne.<\/h3>\n<h3>sp\u00e9cifications<\/h3>\n<ul>\n<li><span style=\"color: #ff0000;\"><strong>\u00c9TUI DE TRANSPORT CADEAU<\/strong><\/span><\/li>\n<li><span style=\"color: #ff0000;\"><strong>CARTE SD GRATUITE 128GB<\/strong><\/span><\/li>\n<li>\u00c9cran OCA LTPS In-cell de 4,7 pouces<\/li>\n<li>R\u00e9solution de 1280 x 960 pixels<\/li>\n<li>Syst\u00e8me d&#039;exploitation Android 13<\/li>\n<li><strong>\u00c9mulateurs\u00a0: PlayStation 2, PSP, PlayStation 1, bornes d\u2019arcade, Neo Geo, MAME, Sega Genesis\u2026<\/strong><\/li>\n<li>Processeur <span class=\"Y2IQFc\" lang=\"es\">Tiger T820 (puce SOC EUV 5G de processus 6 nm)<\/span> octa-core 1 * A76 \u00e0 2,7 GHz + 3 * A76 \u00e0 2,3 GHz + 4 * A55 \u00e0 2,1 GHz<\/li>\n<li><span class=\"Y2IQFc\" lang=\"es\">GPU Mali-G57 quadric\u0153ur 850 MHz<\/span><\/li>\n<li>Contr\u00f4le avec les boutons L1 \/ L2 et R1 \/ R2<\/li>\n<li><strong>RAM 8GB LPDDR4<\/strong><\/li>\n<li><strong><span class=\"Y2IQFc\" lang=\"es\">Stockage 128 GB UFS 2.2<\/span><\/strong><\/li>\n<li><strong>Sortie HDMI<\/strong><\/li>\n<li><span class=\"Y2IQFc\" lang=\"es\">IA ANBERNIC<\/span><\/li>\n<li>Wi-Fi 2,4\/5G 802.11a\/b\/g\/n\/ac, Bluetooth 5<\/li>\n<li>Port USB Type-C, OTG-USB et prise audio 3,5 mm<\/li>\n<li>Batterie de 5000 mAh pour jusqu&#039;\u00e0 6 heures d&#039;utilisation<\/li>\n<li>5 V\/2 A, Type C<\/li>\n<li>Poids 379gr<\/li>\n<li>Dimensions 15,4 x 9 x 2,6 cm<\/li>\n<\/ul>\n<p><iframe loading=\"lazy\" title=\"Vid\u00e9o promotionnelle officielle du ANBERNIC RG Slide\" width=\"500\" height=\"281\" src=\"https:\/\/www.youtube.com\/embed\/Z1nzwTHqCb8?feature=oembed\" frameborder=\"0\" allow=\"accelerometer; autoplay; clipboard-write; encrypted-media; gyroscope; picture-in-picture; web-share\" referrerpolicy=\"strict-origin-when-cross-origin\" allowfullscreen><\/iframe><\/p>\n<p><iframe loading=\"lazy\" title=\"Nouvelle diapositive Anbernic RG sur kiboTEK #anbernicrgslide #anbernic #nostalgie #nokian97 #r\u00e9tro #gaming #\" width=\"422\" height=\"750\" src=\"https:\/\/www.youtube.com\/embed\/BQ6l5oBD7UY?feature=oembed\" frameborder=\"0\" allow=\"accelerometer; autoplay; clipboard-write; encrypted-media; gyroscope; picture-in-picture; web-share\" referrerpolicy=\"strict-origin-when-cross-origin\" allowfullscreen><\/iframe><\/p>\n<h3>Un Nokia N97 moderne pour les plus m\u00e9lancoliques<\/h3>\n<p>Cette nouvelle console Anbernic RG SLIDE, comme nous l&#039;avons mentionn\u00e9 pr\u00e9c\u00e9demment, <strong>Cela rappelle quelques mod\u00e8les de t\u00e9l\u00e9phones l\u00e9gendaires Nokia N97.<\/strong>On pourrait parler d&#039;un hybride entre le Nokia N97 et le Nokia N-Gage, innovant pour l&#039;\u00e9poque. Le format d&#039;ouverture est similaire \u00e0 celui du Nokia N97 d&#039;antan, mais avec un design plus raffin\u00e9 et ergonomique pour jouer sur ce RG Slide.<\/p>\n<h3>\u00e9cran de 4,7 pouces<\/h3>\n<p>Nous savons d\u00e9j\u00e0 que cette Anbernic RG Slide apporte un <strong>p<\/strong><span class=\"Y2IQFc\" lang=\"es\"><strong>\u00c9cran LTPS In-cell de 4,7 pouces<\/strong>, OCA avec liaison compl\u00e8te, multi-touch <\/span>\u00a0qu&#039;ils ont con\u00e7u pour nous offrir des images claires et confortables pour notre vision.<\/p>\n<p>Il nous offre une r\u00e9solution de<strong> 1280x960 assez net et le format d&#039;image classique 4:3<\/strong> qui est id\u00e9al pour \u00e9muler les consoles r\u00e9tro, le taux de rafra\u00eechissement de 120 Hz, et bien s\u00fbr le contraste de 1200:1 et la luminosit\u00e9 jusqu&#039;\u00e0 500 nits de l&#039;\u00e9cran nous laisseront des images ultra-fluides, des noirs profonds et des couleurs \u00e9clatantes.<\/p>\n<h3>Processeur Tiger T820 avec RAM 8GB<\/h3>\n<p>Dans sa salle des machines, nous sommes \u00e9quip\u00e9s d&#039;un <strong>Processeur <span class=\"Y2IQFc\" lang=\"es\">Tiger T820 (puce SOC EUV 5G de processus 6 nm)<\/span> octa-core 1 * A76 \u00e0 2,7 GHz + 3 * A76 \u00e0 2,3 GHz + 4 * A55 \u00e0 2,1 GHz <\/strong>accompagn\u00e9 d&#039;un GPU Mali-G57 4 c\u0153urs cadenc\u00e9 \u00e0 850 MHz. C\u00f4t\u00e9 stockage, nous disposerons <strong>8 m\u00e9moires RAM GB LPDDR4X<\/strong> avec 128 gigaoctets de stockage interne UFS 2.2, nous pouvons donc t\u00e9l\u00e9charger les \u00e9mulateurs ou les jeux que nous aimons le plus et jouer en douceur.<\/p>\n<p>Gr\u00e2ce \u00e0 cette m\u00e9moire interne, nous aurons suffisamment d&#039;espace pour m\u00eame t\u00e9l\u00e9charger les jeux que nous voulons directement sur notre console depuis le Play Store.<\/p>\n<h3>Grande compatibilit\u00e9 avec les \u00e9mulateurs<\/h3>\n<p>Comme nous l&#039;avons indiqu\u00e9 pr\u00e9c\u00e9demment, ce nouvel Anbernic RG SLIM prendra en charge les \u00e9mulateurs de nos jeux Android pr\u00e9f\u00e9r\u00e9s tels que <span class=\"Y2IQFc\" lang=\"es\">Genshin Impact, Honor des Rois<\/span>, imiter jusqu&#039;\u00e0 <strong>Playstation 2<\/strong>, en dessous, nous pouvons jouer sur n&#039;importe quelle plateforme comme<strong> PlayStation, PSP, Neo Geo, MAME, Mega Drive, Capcom<\/strong> et bien d&#039;autres, et selon la vid\u00e9o d&#039;Ambernic, il supportera \u00e9galement la Wii.<\/p>\n<h3>Batterie longue dur\u00e9e<\/h3>\n<p>Comme nous l&#039;avons d\u00e9j\u00e0 vu dans ses sp\u00e9cifications, il nous apporte une batterie de 5000mAh. <strong>se traduit par jusqu&#039;\u00e0 6 heures de jeu <\/strong><strong>infatigable mais toujours <\/strong><strong>selon le fabricant. <\/strong>Nous pouvons charger cette batterie via le port de connexion Type-C, qui sera compl\u00e8tement charg\u00e9 en environ 3 heures afin que nous puissions continuer \u00e0 profiter de nos jeux.<\/p>\n<h3><b>Commencer<\/b><\/h3>\n<p>Sur les deux consoles, nous retrouverons Android 13, avec un acc\u00e8s complet \u00e0 Google Play, o\u00f9 nous pourrons t\u00e9l\u00e9charger nos jeux et applications pr\u00e9f\u00e9r\u00e9s. Une fois les manettes ferm\u00e9es, nous pourrons utiliser notre nouvelle console comme un appareil Android, que ce soit pour consulter nos r\u00e9seaux sociaux, regarder nos vid\u00e9os pr\u00e9f\u00e9r\u00e9es, et bien plus encore.<\/p>\n<h3><strong>IA<\/strong><\/h3>\n<p>L\u2019une des nouvelles fonctionnalit\u00e9s dont on parlera le plus dans cet Anbernic RG SLIDE est qu\u2019il est livr\u00e9 avec sa propre IA.<span class=\"Y2IQFc\" lang=\"es\">Prend en charge la reconnaissance de jeu en un clic, les suggestions de strat\u00e9gie, la traduction en temps r\u00e9el, le dialogue intelligent, la conversion de texte en image, le traitement d&#039;image et bien plus encore.<\/span><\/p>\n<h3><strong>Connectivit\u00e9<\/strong><\/h3>\n<p>En ce qui concerne la connectivit\u00e9, nous avons <strong>Wi-Fi 5 pour une transmission de donn\u00e9es tr\u00e8s rapide<\/strong>. D\u2019un autre c\u00f4t\u00e9, nous avons aussi <strong>Bluetooth <\/strong><strong>\u00a0pour pouvoir connecter notre manette<\/strong> \u00e0 l&#039;appareil. <span class=\"Y2IQFc\" lang=\"es\">Prend en charge le streaming Wi-Fi et le multijoueur en ligne.<\/span><\/p>\n<p>Lorsque nous parlons de ses sp\u00e9cifications, en faisant glisser l&#039;\u00e9cran vers le haut, nous trouverons un double stick analogique, un pav\u00e9 directionnel, quatre boutons d&#039;action principaux et deux autres qui sont probablement utilis\u00e9s pour des fonctions telles que d\u00e9marrer et s\u00e9lectionner afin que vous puissiez en profiter avec les jeux qui vous passionnent le plus, qu&#039;il s&#039;agisse de jeux de combat pour vous sentir comme un champion ou m\u00eame de jeux de tir pour am\u00e9liorer votre vis\u00e9e et pouvoir montrer vos meilleurs scores \u00e0 vos amis.<\/p>\n<p>Anbernic continue de miser sur des designs que nous connaissons d\u00e9j\u00e0 et dans ce cas, il nous rappelle la PSP Go, disponible en diff\u00e9rentes couleurs pour que vous puissiez choisir celle que vous aimez le plus, <strong>noir ou blanc.<\/strong><\/p>\n<p>Chez kiboTEK, vous pouvez acheter la console r\u00e9tro portable Anbernic RG SLIDE avec la garantie et la s\u00e9curit\u00e9 de la meilleure boutique en ligne d&#039;Espagne et d&#039;Europe.<\/p>\n<p>Chez kiboTEK, nous exp\u00e9dions les consoles Anbernic RG SLIDE vers plus de 29 destinations europ\u00e9ennes sous 24 \u00e0 72 heures, avec une garantie de 3 ans. Consultez et calculez les frais de livraison en saisissant votre adresse dans le panier. <strong>Frais gratuits pour l&#039;Espagne \u00e0 partir de 100 \u20ac<\/strong>.<\/p>\n<p>Visitez nos magasins kiboTEK Vitoria au 13 rue Independencia, Bilbao au 35 rue Alameda de Urquijo, ou visitez notre site Web. <a href=\"http:\/\/www.kiboTEK.com\/\" target=\"_blank\" rel=\"nofollow noopener\">www.kiboTEK.com<\/a>\u00a0 et vous trouverez un large catalogue de consoles r\u00e9tro. Procurez-vous l&#039;une de nos consoles et replongez dans votre enfance.<\/p>\n<p><img loading=\"lazy\" decoding=\"async\" class=\"aligncenter size-full wp-image-61849\" src=\"https:\/\/www.kibotek.com\/wp-content\/uploads\/2025\/06\/kiboTEK_RG_SLIDE_004.jpg\" alt=\"\" width=\"1200\" height=\"1200\" title=\"\" srcset=\"https:\/\/www.kibotek.com\/wp-content\/uploads\/2025\/06\/kiboTEK_RG_SLIDE_004.jpg 1200w, https:\/\/www.kibotek.com\/wp-content\/uploads\/2025\/06\/kiboTEK_RG_SLIDE_004-430x430.jpg 430w, https:\/\/www.kibotek.com\/wp-content\/uploads\/2025\/06\/kiboTEK_RG_SLIDE_004-150x150.jpg 150w, https:\/\/www.kibotek.com\/wp-content\/uploads\/2025\/06\/kiboTEK_RG_SLIDE_004-700x700.jpg 700w, https:\/\/www.kibotek.com\/wp-content\/uploads\/2025\/06\/kiboTEK_RG_SLIDE_004-300x300.jpg 300w, https:\/\/www.kibotek.com\/wp-content\/uploads\/2025\/06\/kiboTEK_RG_SLIDE_004-800x800.jpg 800w, https:\/\/www.kibotek.com\/wp-content\/uploads\/2025\/06\/kiboTEK_RG_SLIDE_004-768x768.jpg 768w, https:\/\/www.kibotek.com\/wp-content\/uploads\/2025\/06\/kiboTEK_RG_SLIDE_004-12x12.jpg 12w, https:\/\/www.kibotek.com\/wp-content\/uploads\/2025\/06\/kiboTEK_RG_SLIDE_004-50x50.jpg 50w, https:\/\/www.kibotek.com\/wp-content\/uploads\/2025\/06\/kiboTEK_RG_SLIDE_004-100x100.jpg 100w, https:\/\/www.kibotek.com\/wp-content\/uploads\/2025\/06\/kiboTEK_RG_SLIDE_004-32x32.jpg 32w\" sizes=\"auto, (max-width: 1200px) 100vw, 1200px\" \/> <img loading=\"lazy\" decoding=\"async\" class=\"aligncenter size-full wp-image-61848\" src=\"https:\/\/www.kibotek.com\/wp-content\/uploads\/2025\/06\/kiboTEK_RG_SLIDE_005.jpg\" alt=\"\" width=\"1200\" height=\"1200\" title=\"\" srcset=\"https:\/\/www.kibotek.com\/wp-content\/uploads\/2025\/06\/kiboTEK_RG_SLIDE_005.jpg 1200w, https:\/\/www.kibotek.com\/wp-content\/uploads\/2025\/06\/kiboTEK_RG_SLIDE_005-430x430.jpg 430w, https:\/\/www.kibotek.com\/wp-content\/uploads\/2025\/06\/kiboTEK_RG_SLIDE_005-150x150.jpg 150w, https:\/\/www.kibotek.com\/wp-content\/uploads\/2025\/06\/kiboTEK_RG_SLIDE_005-700x700.jpg 700w, https:\/\/www.kibotek.com\/wp-content\/uploads\/2025\/06\/kiboTEK_RG_SLIDE_005-300x300.jpg 300w, https:\/\/www.kibotek.com\/wp-content\/uploads\/2025\/06\/kiboTEK_RG_SLIDE_005-800x800.jpg 800w, https:\/\/www.kibotek.com\/wp-content\/uploads\/2025\/06\/kiboTEK_RG_SLIDE_005-768x768.jpg 768w, https:\/\/www.kibotek.com\/wp-content\/uploads\/2025\/06\/kiboTEK_RG_SLIDE_005-12x12.jpg 12w, https:\/\/www.kibotek.com\/wp-content\/uploads\/2025\/06\/kiboTEK_RG_SLIDE_005-50x50.jpg 50w, https:\/\/www.kibotek.com\/wp-content\/uploads\/2025\/06\/kiboTEK_RG_SLIDE_005-100x100.jpg 100w, https:\/\/www.kibotek.com\/wp-content\/uploads\/2025\/06\/kiboTEK_RG_SLIDE_005-32x32.jpg 32w\" sizes=\"auto, (max-width: 1200px) 100vw, 1200px\" \/> <img loading=\"lazy\" decoding=\"async\" class=\"aligncenter size-full wp-image-61847\" src=\"https:\/\/www.kibotek.com\/wp-content\/uploads\/2025\/06\/kiboTEK_RG_SLIDE_006.jpg\" alt=\"\" width=\"1200\" height=\"1200\" title=\"\" srcset=\"https:\/\/www.kibotek.com\/wp-content\/uploads\/2025\/06\/kiboTEK_RG_SLIDE_006.jpg 1200w, https:\/\/www.kibotek.com\/wp-content\/uploads\/2025\/06\/kiboTEK_RG_SLIDE_006-430x430.jpg 430w, https:\/\/www.kibotek.com\/wp-content\/uploads\/2025\/06\/kiboTEK_RG_SLIDE_006-150x150.jpg 150w, https:\/\/www.kibotek.com\/wp-content\/uploads\/2025\/06\/kiboTEK_RG_SLIDE_006-700x700.jpg 700w, https:\/\/www.kibotek.com\/wp-content\/uploads\/2025\/06\/kiboTEK_RG_SLIDE_006-300x300.jpg 300w, https:\/\/www.kibotek.com\/wp-content\/uploads\/2025\/06\/kiboTEK_RG_SLIDE_006-800x800.jpg 800w, https:\/\/www.kibotek.com\/wp-content\/uploads\/2025\/06\/kiboTEK_RG_SLIDE_006-768x768.jpg 768w, https:\/\/www.kibotek.com\/wp-content\/uploads\/2025\/06\/kiboTEK_RG_SLIDE_006-12x12.jpg 12w, https:\/\/www.kibotek.com\/wp-content\/uploads\/2025\/06\/kiboTEK_RG_SLIDE_006-50x50.jpg 50w, https:\/\/www.kibotek.com\/wp-content\/uploads\/2025\/06\/kiboTEK_RG_SLIDE_006-100x100.jpg 100w, https:\/\/www.kibotek.com\/wp-content\/uploads\/2025\/06\/kiboTEK_RG_SLIDE_006-32x32.jpg 32w\" sizes=\"auto, (max-width: 1200px) 100vw, 1200px\" \/> <img loading=\"lazy\" decoding=\"async\" class=\"aligncenter size-full wp-image-61846\" src=\"https:\/\/www.kibotek.com\/wp-content\/uploads\/2025\/06\/kiboTEK_RG_SLIDE_007.jpg\" alt=\"\" width=\"1200\" height=\"1200\" title=\"\" srcset=\"https:\/\/www.kibotek.com\/wp-content\/uploads\/2025\/06\/kiboTEK_RG_SLIDE_007.jpg 1200w, https:\/\/www.kibotek.com\/wp-content\/uploads\/2025\/06\/kiboTEK_RG_SLIDE_007-430x430.jpg 430w, https:\/\/www.kibotek.com\/wp-content\/uploads\/2025\/06\/kiboTEK_RG_SLIDE_007-150x150.jpg 150w, https:\/\/www.kibotek.com\/wp-content\/uploads\/2025\/06\/kiboTEK_RG_SLIDE_007-700x700.jpg 700w, https:\/\/www.kibotek.com\/wp-content\/uploads\/2025\/06\/kiboTEK_RG_SLIDE_007-300x300.jpg 300w, https:\/\/www.kibotek.com\/wp-content\/uploads\/2025\/06\/kiboTEK_RG_SLIDE_007-800x800.jpg 800w, https:\/\/www.kibotek.com\/wp-content\/uploads\/2025\/06\/kiboTEK_RG_SLIDE_007-768x768.jpg 768w, https:\/\/www.kibotek.com\/wp-content\/uploads\/2025\/06\/kiboTEK_RG_SLIDE_007-12x12.jpg 12w, https:\/\/www.kibotek.com\/wp-content\/uploads\/2025\/06\/kiboTEK_RG_SLIDE_007-50x50.jpg 50w, https:\/\/www.kibotek.com\/wp-content\/uploads\/2025\/06\/kiboTEK_RG_SLIDE_007-100x100.jpg 100w, https:\/\/www.kibotek.com\/wp-content\/uploads\/2025\/06\/kiboTEK_RG_SLIDE_007-32x32.jpg 32w\" sizes=\"auto, (max-width: 1200px) 100vw, 1200px\" \/> <img loading=\"lazy\" decoding=\"async\" class=\"aligncenter size-full wp-image-61845\" src=\"https:\/\/www.kibotek.com\/wp-content\/uploads\/2025\/06\/kiboTEK_RG_SLIDE_008.jpg\" alt=\"\" width=\"1200\" height=\"1200\" title=\"\" srcset=\"https:\/\/www.kibotek.com\/wp-content\/uploads\/2025\/06\/kiboTEK_RG_SLIDE_008.jpg 1200w, https:\/\/www.kibotek.com\/wp-content\/uploads\/2025\/06\/kiboTEK_RG_SLIDE_008-430x430.jpg 430w, https:\/\/www.kibotek.com\/wp-content\/uploads\/2025\/06\/kiboTEK_RG_SLIDE_008-150x150.jpg 150w, https:\/\/www.kibotek.com\/wp-content\/uploads\/2025\/06\/kiboTEK_RG_SLIDE_008-700x700.jpg 700w, https:\/\/www.kibotek.com\/wp-content\/uploads\/2025\/06\/kiboTEK_RG_SLIDE_008-300x300.jpg 300w, https:\/\/www.kibotek.com\/wp-content\/uploads\/2025\/06\/kiboTEK_RG_SLIDE_008-800x800.jpg 800w, https:\/\/www.kibotek.com\/wp-content\/uploads\/2025\/06\/kiboTEK_RG_SLIDE_008-768x768.jpg 768w, https:\/\/www.kibotek.com\/wp-content\/uploads\/2025\/06\/kiboTEK_RG_SLIDE_008-12x12.jpg 12w, https:\/\/www.kibotek.com\/wp-content\/uploads\/2025\/06\/kiboTEK_RG_SLIDE_008-50x50.jpg 50w, https:\/\/www.kibotek.com\/wp-content\/uploads\/2025\/06\/kiboTEK_RG_SLIDE_008-100x100.jpg 100w, https:\/\/www.kibotek.com\/wp-content\/uploads\/2025\/06\/kiboTEK_RG_SLIDE_008-32x32.jpg 32w\" sizes=\"auto, (max-width: 1200px) 100vw, 1200px\" \/> <img loading=\"lazy\" decoding=\"async\" class=\"aligncenter size-full wp-image-61844\" src=\"https:\/\/www.kibotek.com\/wp-content\/uploads\/2025\/06\/kiboTEK_RG_SLIDE_009.jpg\" alt=\"\" width=\"1400\" height=\"1400\" title=\"\" srcset=\"https:\/\/www.kibotek.com\/wp-content\/uploads\/2025\/06\/kiboTEK_RG_SLIDE_009.jpg 1400w, https:\/\/www.kibotek.com\/wp-content\/uploads\/2025\/06\/kiboTEK_RG_SLIDE_009-430x430.jpg 430w, https:\/\/www.kibotek.com\/wp-content\/uploads\/2025\/06\/kiboTEK_RG_SLIDE_009-150x150.jpg 150w, https:\/\/www.kibotek.com\/wp-content\/uploads\/2025\/06\/kiboTEK_RG_SLIDE_009-700x700.jpg 700w, https:\/\/www.kibotek.com\/wp-content\/uploads\/2025\/06\/kiboTEK_RG_SLIDE_009-300x300.jpg 300w, https:\/\/www.kibotek.com\/wp-content\/uploads\/2025\/06\/kiboTEK_RG_SLIDE_009-800x800.jpg 800w, https:\/\/www.kibotek.com\/wp-content\/uploads\/2025\/06\/kiboTEK_RG_SLIDE_009-768x768.jpg 768w, https:\/\/www.kibotek.com\/wp-content\/uploads\/2025\/06\/kiboTEK_RG_SLIDE_009-12x12.jpg 12w, https:\/\/www.kibotek.com\/wp-content\/uploads\/2025\/06\/kiboTEK_RG_SLIDE_009-50x50.jpg 50w, https:\/\/www.kibotek.com\/wp-content\/uploads\/2025\/06\/kiboTEK_RG_SLIDE_009-100x100.jpg 100w, https:\/\/www.kibotek.com\/wp-content\/uploads\/2025\/06\/kiboTEK_RG_SLIDE_009-32x32.jpg 32w\" sizes=\"auto, (max-width: 1400px) 100vw, 1400px\" \/> <img loading=\"lazy\" decoding=\"async\" class=\"aligncenter size-full wp-image-61843\" src=\"https:\/\/www.kibotek.com\/wp-content\/uploads\/2025\/06\/kiboTEK_RG_SLIDE_010.jpg\" alt=\"\" width=\"1200\" height=\"1200\" title=\"\" srcset=\"https:\/\/www.kibotek.com\/wp-content\/uploads\/2025\/06\/kiboTEK_RG_SLIDE_010.jpg 1200w, https:\/\/www.kibotek.com\/wp-content\/uploads\/2025\/06\/kiboTEK_RG_SLIDE_010-430x430.jpg 430w, https:\/\/www.kibotek.com\/wp-content\/uploads\/2025\/06\/kiboTEK_RG_SLIDE_010-150x150.jpg 150w, https:\/\/www.kibotek.com\/wp-content\/uploads\/2025\/06\/kiboTEK_RG_SLIDE_010-700x700.jpg 700w, https:\/\/www.kibotek.com\/wp-content\/uploads\/2025\/06\/kiboTEK_RG_SLIDE_010-300x300.jpg 300w, https:\/\/www.kibotek.com\/wp-content\/uploads\/2025\/06\/kiboTEK_RG_SLIDE_010-800x800.jpg 800w, https:\/\/www.kibotek.com\/wp-content\/uploads\/2025\/06\/kiboTEK_RG_SLIDE_010-768x768.jpg 768w, https:\/\/www.kibotek.com\/wp-content\/uploads\/2025\/06\/kiboTEK_RG_SLIDE_010-12x12.jpg 12w, https:\/\/www.kibotek.com\/wp-content\/uploads\/2025\/06\/kiboTEK_RG_SLIDE_010-50x50.jpg 50w, https:\/\/www.kibotek.com\/wp-content\/uploads\/2025\/06\/kiboTEK_RG_SLIDE_010-100x100.jpg 100w, https:\/\/www.kibotek.com\/wp-content\/uploads\/2025\/06\/kiboTEK_RG_SLIDE_010-32x32.jpg 32w\" sizes=\"auto, (max-width: 1200px) 100vw, 1200px\" \/> <img loading=\"lazy\" decoding=\"async\" class=\"aligncenter size-full wp-image-61850\" src=\"https:\/\/www.kibotek.com\/wp-content\/uploads\/2025\/06\/kiboTEK_RG_SLIDE_003.jpg\" alt=\"\" width=\"1400\" height=\"1400\" title=\"\" srcset=\"https:\/\/www.kibotek.com\/wp-content\/uploads\/2025\/06\/kiboTEK_RG_SLIDE_003.jpg 1400w, https:\/\/www.kibotek.com\/wp-content\/uploads\/2025\/06\/kiboTEK_RG_SLIDE_003-430x430.jpg 430w, https:\/\/www.kibotek.com\/wp-content\/uploads\/2025\/06\/kiboTEK_RG_SLIDE_003-150x150.jpg 150w, https:\/\/www.kibotek.com\/wp-content\/uploads\/2025\/06\/kiboTEK_RG_SLIDE_003-700x700.jpg 700w, https:\/\/www.kibotek.com\/wp-content\/uploads\/2025\/06\/kiboTEK_RG_SLIDE_003-300x300.jpg 300w, https:\/\/www.kibotek.com\/wp-content\/uploads\/2025\/06\/kiboTEK_RG_SLIDE_003-800x800.jpg 800w, https:\/\/www.kibotek.com\/wp-content\/uploads\/2025\/06\/kiboTEK_RG_SLIDE_003-768x768.jpg 768w, https:\/\/www.kibotek.com\/wp-content\/uploads\/2025\/06\/kiboTEK_RG_SLIDE_003-12x12.jpg 12w, https:\/\/www.kibotek.com\/wp-content\/uploads\/2025\/06\/kiboTEK_RG_SLIDE_003-50x50.jpg 50w, https:\/\/www.kibotek.com\/wp-content\/uploads\/2025\/06\/kiboTEK_RG_SLIDE_003-100x100.jpg 100w, https:\/\/www.kibotek.com\/wp-content\/uploads\/2025\/06\/kiboTEK_RG_SLIDE_003-32x32.jpg 32w\" sizes=\"auto, (max-width: 1400px) 100vw, 1400px\" \/> <img loading=\"lazy\" decoding=\"async\" class=\"aligncenter size-full wp-image-61842\" src=\"https:\/\/www.kibotek.com\/wp-content\/uploads\/2025\/06\/kiboTEK_RG_SLIDE_011.jpg\" alt=\"\" width=\"1400\" height=\"1400\" title=\"\" srcset=\"https:\/\/www.kibotek.com\/wp-content\/uploads\/2025\/06\/kiboTEK_RG_SLIDE_011.jpg 1400w, https:\/\/www.kibotek.com\/wp-content\/uploads\/2025\/06\/kiboTEK_RG_SLIDE_011-430x430.jpg 430w, https:\/\/www.kibotek.com\/wp-content\/uploads\/2025\/06\/kiboTEK_RG_SLIDE_011-150x150.jpg 150w, https:\/\/www.kibotek.com\/wp-content\/uploads\/2025\/06\/kiboTEK_RG_SLIDE_011-700x700.jpg 700w, https:\/\/www.kibotek.com\/wp-content\/uploads\/2025\/06\/kiboTEK_RG_SLIDE_011-300x300.jpg 300w, https:\/\/www.kibotek.com\/wp-content\/uploads\/2025\/06\/kiboTEK_RG_SLIDE_011-800x800.jpg 800w, https:\/\/www.kibotek.com\/wp-content\/uploads\/2025\/06\/kiboTEK_RG_SLIDE_011-768x768.jpg 768w, https:\/\/www.kibotek.com\/wp-content\/uploads\/2025\/06\/kiboTEK_RG_SLIDE_011-12x12.jpg 12w, https:\/\/www.kibotek.com\/wp-content\/uploads\/2025\/06\/kiboTEK_RG_SLIDE_011-50x50.jpg 50w, https:\/\/www.kibotek.com\/wp-content\/uploads\/2025\/06\/kiboTEK_RG_SLIDE_011-100x100.jpg 100w, https:\/\/www.kibotek.com\/wp-content\/uploads\/2025\/06\/kiboTEK_RG_SLIDE_011-32x32.jpg 32w\" sizes=\"auto, (max-width: 1400px) 100vw, 1400px\" \/><\/p>","protected":false},"excerpt":{"rendered":"<p><strong><em>ACHETEZ MAINTENANT ET <\/em><\/strong><strong><em>RECEVEZ EN 24\/72H \ud83d\ude80<\/em><\/strong><\/p>","protected":false},"featured_media":61717,"comment_status":"open","ping_status":"closed","template":"","meta":{"iawp_total_views":1370},"product_brand":[8167],"product_cat":[7809,5514],"product_tag":[],"class_list":{"0":"post-61693","1":"product","2":"type-product","3":"status-publish","4":"has-post-thumbnail","6":"product_brand-anbernic","7":"product_cat-consolas-retro","8":"product_cat-consolas-retro-gaming-arcade-bartop-pandora-box-anbernic-powkiddy","10":"first","11":"instock","12":"sale","13":"taxable","14":"shipping-taxable","15":"purchasable","16":"product-type-variable","17":"has-default-attributes"},"supplier_id":null,"supplier_sku":"","barcode":null,"atum_controlled":true,"out_stock_date":"2025-06-21 12:49:27","out_stock_threshold":null,"inheritable":true,"inbound_stock":null,"stock_on_hold":0,"sold_today":0,"sales_last_days":0,"reserved_stock":null,"customer_returns":null,"warehouse_damage":null,"lost_in_post":null,"other_logs":null,"out_stock_days":302,"lost_sales":0,"has_location":false,"update_date":"2026-04-20T05:03:05","atum_locations":[],"atum_stock_status":"instock","restock_status":false,"low_stock_amount":"","sales_update_date":"2026-04-20T05:03:05","calc_backorders":null,"_links":{"self":[{"href":"https:\/\/www.kibotek.com\/fr\/wp-json\/wp\/v2\/product\/61693","targetHints":{"allow":["GET"]}}],"collection":[{"href":"https:\/\/www.kibotek.com\/fr\/wp-json\/wp\/v2\/product"}],"about":[{"href":"https:\/\/www.kibotek.com\/fr\/wp-json\/wp\/v2\/types\/product"}],"replies":[{"embeddable":true,"href":"https:\/\/www.kibotek.com\/fr\/wp-json\/wp\/v2\/comments?post=61693"}],"version-history":[{"count":2,"href":"https:\/\/www.kibotek.com\/fr\/wp-json\/wp\/v2\/product\/61693\/revisions"}],"predecessor-version":[{"id":71661,"href":"https:\/\/www.kibotek.com\/fr\/wp-json\/wp\/v2\/product\/61693\/revisions\/71661"}],"wp:featuredmedia":[{"embeddable":true,"href":"https:\/\/www.kibotek.com\/fr\/wp-json\/wp\/v2\/media\/61717"}],"wp:attachment":[{"href":"https:\/\/www.kibotek.com\/fr\/wp-json\/wp\/v2\/media?parent=61693"}],"wp:term":[{"taxonomy":"product_brand","embeddable":true,"href":"https:\/\/www.kibotek.com\/fr\/wp-json\/wp\/v2\/product_brand?post=61693"},{"taxonomy":"product_cat","embeddable":true,"href":"https:\/\/www.kibotek.com\/fr\/wp-json\/wp\/v2\/product_cat?post=61693"},{"taxonomy":"product_tag","embeddable":true,"href":"https:\/\/www.kibotek.com\/fr\/wp-json\/wp\/v2\/product_tag?post=61693"}],"curies":[{"name":"wp","href":"https:\/\/api.w.org\/{rel}","templated":true}]}}