{"id":61317,"date":"2025-06-10T13:30:59","date_gmt":"2025-06-10T11:30:59","guid":{"rendered":"https:\/\/www.kibotek.com\/?post_type=product&#038;p=61317"},"modified":"2026-04-21T22:17:46","modified_gmt":"2026-04-21T20:17:46","slug":"console-retro-portable-anbernic-rg-35xxpro","status":"publish","type":"product","link":"https:\/\/www.kibotek.com\/fr\/kibostore\/anbernic-rg-35xxpro-consola-retro-portable\/","title":{"rendered":"Console r\u00e9tro portable Anbernic RG 35XXPro"},"content":{"rendered":"<h3>Achetez la console r\u00e9tro portable Anbernic RG35XX Pro<\/h3>\n<h3>Exp\u00e9dition depuis l&#039;Espagne vers l&#039;Europe sous 24\/72 heures et garantie europ\u00e9enne.<\/h3>\n<h3>sp\u00e9cifications<\/h3>\n<ul>\n<li><span style=\"color: #ff0000;\"><strong>\u00c9TUI DE TRANSPORT CADEAU<\/strong><\/span><\/li>\n<li><span style=\"color: #ff0000;\"><strong>CARTE SD CADEAU 64GB<\/strong><\/span><\/li>\n<li>\u00c9cran IPS OCA de 3,5 pouces<\/li>\n<li>R\u00e9solution 640 x 480 pixels<\/li>\n<li>Syst\u00e8me d&#039;exploitation Linux 64 bits<\/li>\n<li><strong>\u00c9mulateurs\u00a0: PSP, PlayStation 1, Arcade, NeoGeo, MAME, Sega Genesis, \u2026<\/strong><\/li>\n<li>Processeur ARM Cortex-A53 quadric\u0153ur H700, fr\u00e9quence 1,5 GHz<\/li>\n<li>GPU G31 MP2 double c\u0153ur<\/li>\n<li>Contr\u00f4le avec les boutons L1 \/ L2 et R1 \/ R2<\/li>\n<li><strong>RAM 1GB LPDDR4<\/strong><\/li>\n<li><strong>Sortie HDMI<\/strong><\/li>\n<li>Wi-Fi 2.4\/5G 802.11a\/b\/g\/n\/ac, Bluetooth 4.2.<\/li>\n<li>Port USB Type-C, OTG-USB et prise audio 3,5 mm<\/li>\n<li>Batterie de 3200 mAh pour jusqu&#039;\u00e0 7 heures d&#039;utilisation<\/li>\n<li>5 V\/1,5 A, compatible avec le chargeur C2C<\/li>\n<li>Poids 191gr<\/li>\n<li>Dimensions 12,8 x 8,1 x 2,2 cm<\/li>\n<\/ul>\n<p><iframe loading=\"lazy\" title=\"Vid\u00e9o promotionnelle officielle du ANBERNIC RG 35XXPro\" width=\"500\" height=\"281\" src=\"https:\/\/www.youtube.com\/embed\/2hIeswYWXK8?feature=oembed\" frameborder=\"0\" allow=\"accelerometer; autoplay; clipboard-write; encrypted-media; gyroscope; picture-in-picture; web-share\" referrerpolicy=\"strict-origin-when-cross-origin\" allowfullscreen><\/iframe><\/p>\n<p>&nbsp;<\/p>\n<h3>\u00c9TUI DE TRANSPORT GRATUIT AVEC VOTRE COMMANDE<\/h3>\n<p>La nouvelle console r\u00e9tro portable Anbernic RG35 XXPRO arrive. <strong>\u00a0une r\u00e9plique tr\u00e8s r\u00e9ussie du l\u00e9gendaire BattleXP G350 avec commandes analogiques.<\/strong> Chez kiboTEK, nous avons d\u00e9j\u00e0 cette nouvelle console, qui deviendra un best-seller pour Anbernic.<\/p>\n<h3>\u00c9cran 3.5\u2033 IPS OCA<\/h3>\n<p>Son \u00e9cran Oca IPS de 3,5 pouces et une r\u00e9solution de<strong> 640\u00d7480 nous donnera des images avec de tr\u00e8s bons pixels, notamment pour jouer \u00e0 des jeux r\u00e9tro.<\/strong>\u00a0qui avec tant de nostalgie nous fait revenir dans le pass\u00e9 et se d\u00e9lecter de ces jeux l\u00e9gendaires des ann\u00e9es 80 et 90.<\/p>\n<p>L&#039;esth\u00e9tique de cette nouvelle console Anbernic RG 35XXPRO nous rappelle la l\u00e9gendaire BattleXP G350<\/p>\n<h3>Processeur H700 avec RAM 1GB<\/h3>\n<p>Toutes les sp\u00e9cifications ont d\u00e9sormais \u00e9t\u00e9 d\u00e9voil\u00e9es, et l&#039;une des questions que nous nous posions concernait les composants internes. Nous avons en effet d\u00e9couvert un processeur H700 dot\u00e9 de 4 c\u0153urs ARM Cortex-A53 et d&#039;une fr\u00e9quence de 1,5 GHz, lui permettant d&#039;\u00e9muler des consoles comme la Dreamcast ou la Neo Geo et son jeu culte Metal Slug, ainsi que de nombreux autres \u00e9mulateurs, dont la PlayStation 1. <strong>ces jeux mythiques<\/strong> \u00c0 partir de GBA SP, vous remarquerez qu&#039;il fonctionne sans probl\u00e8me, capable de supporter, par exemple, un jeu l\u00e9gendaire comme Dragon Ball... pour regretter ces ann\u00e9es-l\u00e0 et gr\u00e2ce \u00e0 ce type de consoles, plus tellement maintenant.<\/p>\n<p><strong>Son prix comp\u00e9titif en fait un choix id\u00e9al pour ceux qui souhaitent jouer aux jeux les plus populaires sans avoir \u00e0 effectuer de nombreuses configurations. Elle est \u00e9quip\u00e9e d&#039;une m\u00e9moire RAM LPDDR4 GB pour une puissance accrue par rapport \u00e0 son pr\u00e9d\u00e9cesseur.<\/strong><\/p>\n<h3>Compatible avec les principaux \u00e9mulateurs<\/h3>\n<p>Comme nous l&#039;avons mentionn\u00e9 pr\u00e9c\u00e9demment, cette console Anbernic RG 35XXPRO est capable d&#039;\u00e9muler jusqu&#039;\u00e0 la PlayStation 1, en dessous de laquelle nous pouvons jouer \u00e0 n&#039;importe quelle plate-forme telle que<strong> PlayStation, PSP, Neo Geo, MAME, Mega Drive, Capcom<\/strong>\u00a0et beaucoup plus. Si ce que vous recherchez est une console de poche pour jouer \u00e0 des jeux n&#039;importe o\u00f9, celle-ci en est une. <strong>l&#039;une des meilleures options sur le march\u00e9.<\/strong><\/p>\n<p>Lorsque nous parlons de ses sp\u00e9cifications, nous constatons qu&#039;il dispose de deux joysticks analogiques pour que vous puissiez profiter des jeux qui vous passionnent le plus, qu&#039;il s&#039;agisse de jeux de combat pour vous sentir comme un champion ou m\u00eame de jeux de tir pour am\u00e9liorer votre vis\u00e9e et pouvoir vous vanter aupr\u00e8s de vos amis de vos meilleurs scores. Il est livr\u00e9 avec le D-pad classique et les boutons avec la position appropri\u00e9e pour que vous puissiez passer des heures \u00e0 jouer.<\/p>\n<h3>Batterie 3200mAh jusqu&#039;\u00e0 7 heures<\/h3>\n<p>Gr\u00e2ce \u00e0 sa batterie, vous b\u00e9n\u00e9ficierez de jusqu&#039;\u00e0 7 heures d&#039;autonomie de jeu ininterrompue, pour en profiter o\u00f9 et quand vous le souhaitez. Et si la batterie est \u00e0 plat, pas d&#039;inqui\u00e9tude\u00a0: gr\u00e2ce \u00e0 son entr\u00e9e Type-C, vous pourrez recharger votre console r\u00e9tro sans probl\u00e8me.<\/p>\n<p>Si vous recherchez une console de poche pour jouer \u00e0 des jeux n&#039;importe o\u00f9, c&#039;est celle-ci. <strong>l&#039;une des meilleures options sur le march\u00e9<\/strong><\/p>\n<h3>emmenez-le o\u00f9 vous voulez<\/h3>\n<p>Son format compact, associ\u00e9 \u00e0 un \u00e9cran de 3,5 pouces, est l&#039;un des atouts de cette nouvelle console Anbernic RG 35XXPRO. Vous pouvez l&#039;emporter pratiquement partout avec vous.<\/p>\n<h3>Connexion HDMI \u00e0 votre t\u00e9l\u00e9viseur<\/h3>\n<p>Bien s\u00fbr, nous avons une connexion Internet <strong>Prise jack 3,5 pour connecter nos \u00e9couteurs<\/strong> et de cette fa\u00e7on, pour ne d\u00e9ranger personne avec notre jeu<strong>s<\/strong>.<\/p>\n<p>Un autre avantage important de cette nouvelle console Anbernic RG 35XXPRO est la possibilit\u00e9 de la connecter \u00e0 notre t\u00e9l\u00e9viseur gr\u00e2ce \u00e0 sa sortie HDMI int\u00e9gr\u00e9e. Gr\u00e2ce \u00e0 cela, nous pouvons <strong>\u00e9coutez nos titres pr\u00e9f\u00e9r\u00e9s sur grand \u00e9cran<\/strong> En connectant simplement le c\u00e2ble HDMI, et gr\u00e2ce \u00e0 sa compatibilit\u00e9 Bluetooth, nous pouvons relier nos manettes pour avoir des batailles sans fin depuis le salon avec nos amis et quelques pizzas...<\/p>\n<p>Nous retrouvons \u00e9galement la compatibilit\u00e9 de <strong>Wi-Fi 5G pour les jeux multijoueurs en ligne et bien s\u00fbr Bluetooth 4.2<\/strong> Il prend \u00e9galement en charge WiliWili et Moonlight qui nous permettront de diffuser des jeux AAA depuis votre PC o\u00f9 vous le souhaitez.<\/p>\n<p>Anbernic continue de miser sur des designs que nous connaissons d\u00e9j\u00e0 et dans ce cas, il nous rappelle le mod\u00e8le BattleXP G350, disponible en diff\u00e9rentes couleurs pour que vous puissiez choisir celui que vous aimez le plus, <strong>blanc, noir, bleu sarcelle transparent.<\/strong><\/p>\n<p>Chez kiboTEK, vous pouvez acheter la console r\u00e9tro portable Anbernic RG35XXPro avec la garantie et la s\u00e9curit\u00e9 de la meilleure boutique en ligne d&#039;Espagne et d&#039;Europe.<\/p>\n<p>Chez kiboTEK, nous exp\u00e9dions la console r\u00e9tro portable Anbernic RG 35XXPro dans plus de 29 pays europ\u00e9ens sous 24 \u00e0 72 heures, avec une garantie de 3 ans. Consultez et calculez les frais de livraison en indiquant votre adresse dans le panier. <strong>Frais gratuits pour l&#039;Espagne \u00e0 partir de 100 \u20ac<\/strong>.<\/p>\n<p>Visitez nos magasins kiboTEK Vitoria au 13 rue Independencia, Bilbao au 35 rue Alameda de Urquijo, ou visitez notre site Web. <a href=\"http:\/\/www.kiboTEK.com\/\" rel=\"nofollow noopener\" target=\"_blank\">www.kiboTEK.com<\/a> et procurez-vous cette merveilleuse console et voyagez \u00e0 bord d&#039;une DeLorean dans les ann\u00e9es 80, 90 et 2000.<\/p>\n<p>&nbsp;<\/p>\n<p><img loading=\"lazy\" decoding=\"async\" class=\"aligncenter size-full wp-image-61339\" src=\"https:\/\/www.kibotek.com\/wp-content\/uploads\/2025\/06\/RG_35XXPro_01.jpg\" alt=\"\" width=\"1200\" height=\"1200\" title=\"\" srcset=\"https:\/\/www.kibotek.com\/wp-content\/uploads\/2025\/06\/RG_35XXPro_01.jpg 1200w, https:\/\/www.kibotek.com\/wp-content\/uploads\/2025\/06\/RG_35XXPro_01-430x430.jpg 430w, https:\/\/www.kibotek.com\/wp-content\/uploads\/2025\/06\/RG_35XXPro_01-150x150.jpg 150w, https:\/\/www.kibotek.com\/wp-content\/uploads\/2025\/06\/RG_35XXPro_01-700x700.jpg 700w, https:\/\/www.kibotek.com\/wp-content\/uploads\/2025\/06\/RG_35XXPro_01-300x300.jpg 300w, https:\/\/www.kibotek.com\/wp-content\/uploads\/2025\/06\/RG_35XXPro_01-800x800.jpg 800w, https:\/\/www.kibotek.com\/wp-content\/uploads\/2025\/06\/RG_35XXPro_01-768x768.jpg 768w, https:\/\/www.kibotek.com\/wp-content\/uploads\/2025\/06\/RG_35XXPro_01-12x12.jpg 12w, https:\/\/www.kibotek.com\/wp-content\/uploads\/2025\/06\/RG_35XXPro_01-50x50.jpg 50w, https:\/\/www.kibotek.com\/wp-content\/uploads\/2025\/06\/RG_35XXPro_01-100x100.jpg 100w, https:\/\/www.kibotek.com\/wp-content\/uploads\/2025\/06\/RG_35XXPro_01-32x32.jpg 32w\" sizes=\"auto, (max-width: 1200px) 100vw, 1200px\" \/> <img loading=\"lazy\" decoding=\"async\" class=\"aligncenter size-full wp-image-61340\" src=\"https:\/\/www.kibotek.com\/wp-content\/uploads\/2025\/06\/RG_35XXPro_02.jpg\" alt=\"\" width=\"1200\" height=\"1200\" title=\"\" srcset=\"https:\/\/www.kibotek.com\/wp-content\/uploads\/2025\/06\/RG_35XXPro_02.jpg 1200w, https:\/\/www.kibotek.com\/wp-content\/uploads\/2025\/06\/RG_35XXPro_02-430x430.jpg 430w, https:\/\/www.kibotek.com\/wp-content\/uploads\/2025\/06\/RG_35XXPro_02-150x150.jpg 150w, https:\/\/www.kibotek.com\/wp-content\/uploads\/2025\/06\/RG_35XXPro_02-700x700.jpg 700w, https:\/\/www.kibotek.com\/wp-content\/uploads\/2025\/06\/RG_35XXPro_02-300x300.jpg 300w, https:\/\/www.kibotek.com\/wp-content\/uploads\/2025\/06\/RG_35XXPro_02-800x800.jpg 800w, https:\/\/www.kibotek.com\/wp-content\/uploads\/2025\/06\/RG_35XXPro_02-768x768.jpg 768w, https:\/\/www.kibotek.com\/wp-content\/uploads\/2025\/06\/RG_35XXPro_02-12x12.jpg 12w, https:\/\/www.kibotek.com\/wp-content\/uploads\/2025\/06\/RG_35XXPro_02-50x50.jpg 50w, https:\/\/www.kibotek.com\/wp-content\/uploads\/2025\/06\/RG_35XXPro_02-100x100.jpg 100w, https:\/\/www.kibotek.com\/wp-content\/uploads\/2025\/06\/RG_35XXPro_02-32x32.jpg 32w\" sizes=\"auto, (max-width: 1200px) 100vw, 1200px\" \/> <img loading=\"lazy\" decoding=\"async\" class=\"aligncenter size-full wp-image-61343\" src=\"https:\/\/www.kibotek.com\/wp-content\/uploads\/2025\/06\/RG_35XXPro_05.jpg\" alt=\"\" width=\"1200\" height=\"1200\" title=\"\" srcset=\"https:\/\/www.kibotek.com\/wp-content\/uploads\/2025\/06\/RG_35XXPro_05.jpg 1200w, https:\/\/www.kibotek.com\/wp-content\/uploads\/2025\/06\/RG_35XXPro_05-430x430.jpg 430w, https:\/\/www.kibotek.com\/wp-content\/uploads\/2025\/06\/RG_35XXPro_05-150x150.jpg 150w, https:\/\/www.kibotek.com\/wp-content\/uploads\/2025\/06\/RG_35XXPro_05-700x700.jpg 700w, https:\/\/www.kibotek.com\/wp-content\/uploads\/2025\/06\/RG_35XXPro_05-300x300.jpg 300w, https:\/\/www.kibotek.com\/wp-content\/uploads\/2025\/06\/RG_35XXPro_05-800x800.jpg 800w, https:\/\/www.kibotek.com\/wp-content\/uploads\/2025\/06\/RG_35XXPro_05-768x768.jpg 768w, https:\/\/www.kibotek.com\/wp-content\/uploads\/2025\/06\/RG_35XXPro_05-12x12.jpg 12w, https:\/\/www.kibotek.com\/wp-content\/uploads\/2025\/06\/RG_35XXPro_05-50x50.jpg 50w, https:\/\/www.kibotek.com\/wp-content\/uploads\/2025\/06\/RG_35XXPro_05-100x100.jpg 100w, https:\/\/www.kibotek.com\/wp-content\/uploads\/2025\/06\/RG_35XXPro_05-32x32.jpg 32w\" sizes=\"auto, (max-width: 1200px) 100vw, 1200px\" \/> <img loading=\"lazy\" decoding=\"async\" class=\"aligncenter size-full wp-image-61341\" src=\"https:\/\/www.kibotek.com\/wp-content\/uploads\/2025\/06\/RG_35XXPro_03.jpg\" alt=\"\" width=\"1200\" height=\"1200\" title=\"\" srcset=\"https:\/\/www.kibotek.com\/wp-content\/uploads\/2025\/06\/RG_35XXPro_03.jpg 1200w, https:\/\/www.kibotek.com\/wp-content\/uploads\/2025\/06\/RG_35XXPro_03-430x430.jpg 430w, https:\/\/www.kibotek.com\/wp-content\/uploads\/2025\/06\/RG_35XXPro_03-150x150.jpg 150w, https:\/\/www.kibotek.com\/wp-content\/uploads\/2025\/06\/RG_35XXPro_03-700x700.jpg 700w, https:\/\/www.kibotek.com\/wp-content\/uploads\/2025\/06\/RG_35XXPro_03-300x300.jpg 300w, https:\/\/www.kibotek.com\/wp-content\/uploads\/2025\/06\/RG_35XXPro_03-800x800.jpg 800w, https:\/\/www.kibotek.com\/wp-content\/uploads\/2025\/06\/RG_35XXPro_03-768x768.jpg 768w, https:\/\/www.kibotek.com\/wp-content\/uploads\/2025\/06\/RG_35XXPro_03-12x12.jpg 12w, https:\/\/www.kibotek.com\/wp-content\/uploads\/2025\/06\/RG_35XXPro_03-50x50.jpg 50w, https:\/\/www.kibotek.com\/wp-content\/uploads\/2025\/06\/RG_35XXPro_03-100x100.jpg 100w, https:\/\/www.kibotek.com\/wp-content\/uploads\/2025\/06\/RG_35XXPro_03-32x32.jpg 32w\" sizes=\"auto, (max-width: 1200px) 100vw, 1200px\" \/> <img loading=\"lazy\" decoding=\"async\" class=\"aligncenter size-full wp-image-61342\" src=\"https:\/\/www.kibotek.com\/wp-content\/uploads\/2025\/06\/RG_35XXPro_04.jpg\" alt=\"\" width=\"1200\" height=\"1200\" title=\"\" srcset=\"https:\/\/www.kibotek.com\/wp-content\/uploads\/2025\/06\/RG_35XXPro_04.jpg 1200w, https:\/\/www.kibotek.com\/wp-content\/uploads\/2025\/06\/RG_35XXPro_04-430x430.jpg 430w, https:\/\/www.kibotek.com\/wp-content\/uploads\/2025\/06\/RG_35XXPro_04-150x150.jpg 150w, https:\/\/www.kibotek.com\/wp-content\/uploads\/2025\/06\/RG_35XXPro_04-700x700.jpg 700w, https:\/\/www.kibotek.com\/wp-content\/uploads\/2025\/06\/RG_35XXPro_04-300x300.jpg 300w, https:\/\/www.kibotek.com\/wp-content\/uploads\/2025\/06\/RG_35XXPro_04-800x800.jpg 800w, https:\/\/www.kibotek.com\/wp-content\/uploads\/2025\/06\/RG_35XXPro_04-768x768.jpg 768w, https:\/\/www.kibotek.com\/wp-content\/uploads\/2025\/06\/RG_35XXPro_04-12x12.jpg 12w, https:\/\/www.kibotek.com\/wp-content\/uploads\/2025\/06\/RG_35XXPro_04-50x50.jpg 50w, https:\/\/www.kibotek.com\/wp-content\/uploads\/2025\/06\/RG_35XXPro_04-100x100.jpg 100w, https:\/\/www.kibotek.com\/wp-content\/uploads\/2025\/06\/RG_35XXPro_04-32x32.jpg 32w\" sizes=\"auto, (max-width: 1200px) 100vw, 1200px\" \/> <img loading=\"lazy\" decoding=\"async\" class=\"aligncenter size-full wp-image-61344\" src=\"https:\/\/www.kibotek.com\/wp-content\/uploads\/2025\/06\/RG_35XXPro_06.jpg\" alt=\"\" width=\"1200\" height=\"1200\" title=\"\" srcset=\"https:\/\/www.kibotek.com\/wp-content\/uploads\/2025\/06\/RG_35XXPro_06.jpg 1200w, https:\/\/www.kibotek.com\/wp-content\/uploads\/2025\/06\/RG_35XXPro_06-430x430.jpg 430w, https:\/\/www.kibotek.com\/wp-content\/uploads\/2025\/06\/RG_35XXPro_06-150x150.jpg 150w, https:\/\/www.kibotek.com\/wp-content\/uploads\/2025\/06\/RG_35XXPro_06-700x700.jpg 700w, https:\/\/www.kibotek.com\/wp-content\/uploads\/2025\/06\/RG_35XXPro_06-300x300.jpg 300w, https:\/\/www.kibotek.com\/wp-content\/uploads\/2025\/06\/RG_35XXPro_06-800x800.jpg 800w, https:\/\/www.kibotek.com\/wp-content\/uploads\/2025\/06\/RG_35XXPro_06-768x768.jpg 768w, https:\/\/www.kibotek.com\/wp-content\/uploads\/2025\/06\/RG_35XXPro_06-12x12.jpg 12w, https:\/\/www.kibotek.com\/wp-content\/uploads\/2025\/06\/RG_35XXPro_06-50x50.jpg 50w, https:\/\/www.kibotek.com\/wp-content\/uploads\/2025\/06\/RG_35XXPro_06-100x100.jpg 100w, https:\/\/www.kibotek.com\/wp-content\/uploads\/2025\/06\/RG_35XXPro_06-32x32.jpg 32w\" sizes=\"auto, (max-width: 1200px) 100vw, 1200px\" \/> <img loading=\"lazy\" decoding=\"async\" class=\"aligncenter size-full wp-image-61328\" src=\"https:\/\/www.kibotek.com\/wp-content\/uploads\/2025\/06\/kiboTEK_anbernic_rg_35xx_pro_012.jpg\" alt=\"\" width=\"1400\" height=\"1400\" title=\"\" srcset=\"https:\/\/www.kibotek.com\/wp-content\/uploads\/2025\/06\/kiboTEK_anbernic_rg_35xx_pro_012.jpg 1400w, https:\/\/www.kibotek.com\/wp-content\/uploads\/2025\/06\/kiboTEK_anbernic_rg_35xx_pro_012-430x430.jpg 430w, https:\/\/www.kibotek.com\/wp-content\/uploads\/2025\/06\/kiboTEK_anbernic_rg_35xx_pro_012-150x150.jpg 150w, https:\/\/www.kibotek.com\/wp-content\/uploads\/2025\/06\/kiboTEK_anbernic_rg_35xx_pro_012-700x700.jpg 700w, https:\/\/www.kibotek.com\/wp-content\/uploads\/2025\/06\/kiboTEK_anbernic_rg_35xx_pro_012-300x300.jpg 300w, https:\/\/www.kibotek.com\/wp-content\/uploads\/2025\/06\/kiboTEK_anbernic_rg_35xx_pro_012-800x800.jpg 800w, https:\/\/www.kibotek.com\/wp-content\/uploads\/2025\/06\/kiboTEK_anbernic_rg_35xx_pro_012-768x768.jpg 768w, https:\/\/www.kibotek.com\/wp-content\/uploads\/2025\/06\/kiboTEK_anbernic_rg_35xx_pro_012-12x12.jpg 12w, https:\/\/www.kibotek.com\/wp-content\/uploads\/2025\/06\/kiboTEK_anbernic_rg_35xx_pro_012-50x50.jpg 50w, https:\/\/www.kibotek.com\/wp-content\/uploads\/2025\/06\/kiboTEK_anbernic_rg_35xx_pro_012-100x100.jpg 100w, https:\/\/www.kibotek.com\/wp-content\/uploads\/2025\/06\/kiboTEK_anbernic_rg_35xx_pro_012-32x32.jpg 32w\" sizes=\"auto, (max-width: 1400px) 100vw, 1400px\" \/><\/p>","protected":false},"excerpt":{"rendered":"<div class=\"woocommerce-product-details__short-description\">\n<div class=\"woocommerce-product-details__short-description\">\n<div class=\"woocommerce-product-details__short-description\">\n<div class=\"woocommerce-product-details__short-description\">\n<p class=\"price woobt-price-56089\"><strong><em>ACHETEZ MAINTENANT ET <\/em><\/strong><strong><em>RECEVEZ EN 24\/72H \ud83d\ude80<\/em><\/strong><\/p>\n<\/div>\n<\/div>\n<\/div>\n<\/div>","protected":false},"featured_media":61416,"comment_status":"open","ping_status":"closed","template":"","meta":{"iawp_total_views":1945},"product_brand":[8167],"product_cat":[5514,7809],"product_tag":[7698,6771,7752,1794],"class_list":{"0":"post-61317","1":"product","2":"type-product","3":"status-publish","4":"has-post-thumbnail","6":"product_brand-anbernic","7":"product_cat-consolas-retro-gaming-arcade-bartop-pandora-box-anbernic-powkiddy","8":"product_cat-consolas-retro","9":"product_tag-all","10":"product_tag-ofertas","11":"product_tag-presale","12":"product_tag-top10","14":"first","15":"outofstock","16":"sale","17":"featured","18":"taxable","19":"shipping-taxable","20":"purchasable","21":"product-type-variable","22":"has-default-attributes"},"supplier_id":null,"supplier_sku":"","barcode":null,"atum_controlled":true,"out_stock_date":null,"out_stock_threshold":null,"inheritable":true,"inbound_stock":null,"stock_on_hold":0,"sold_today":0,"sales_last_days":0,"reserved_stock":null,"customer_returns":null,"warehouse_damage":null,"lost_in_post":null,"other_logs":null,"out_stock_days":0,"lost_sales":0,"has_location":true,"update_date":"2026-04-22T05:03:52","atum_locations":[{"id":41,"name":"Bilbao","slug":"bilbao"}],"atum_stock_status":"outofstock","restock_status":false,"low_stock_amount":"","sales_update_date":"2026-04-22T05:03:52","calc_backorders":null,"_links":{"self":[{"href":"https:\/\/www.kibotek.com\/fr\/wp-json\/wp\/v2\/product\/61317","targetHints":{"allow":["GET"]}}],"collection":[{"href":"https:\/\/www.kibotek.com\/fr\/wp-json\/wp\/v2\/product"}],"about":[{"href":"https:\/\/www.kibotek.com\/fr\/wp-json\/wp\/v2\/types\/product"}],"replies":[{"embeddable":true,"href":"https:\/\/www.kibotek.com\/fr\/wp-json\/wp\/v2\/comments?post=61317"}],"version-history":[{"count":1,"href":"https:\/\/www.kibotek.com\/fr\/wp-json\/wp\/v2\/product\/61317\/revisions"}],"predecessor-version":[{"id":74638,"href":"https:\/\/www.kibotek.com\/fr\/wp-json\/wp\/v2\/product\/61317\/revisions\/74638"}],"wp:featuredmedia":[{"embeddable":true,"href":"https:\/\/www.kibotek.com\/fr\/wp-json\/wp\/v2\/media\/61416"}],"wp:attachment":[{"href":"https:\/\/www.kibotek.com\/fr\/wp-json\/wp\/v2\/media?parent=61317"}],"wp:term":[{"taxonomy":"product_brand","embeddable":true,"href":"https:\/\/www.kibotek.com\/fr\/wp-json\/wp\/v2\/product_brand?post=61317"},{"taxonomy":"product_cat","embeddable":true,"href":"https:\/\/www.kibotek.com\/fr\/wp-json\/wp\/v2\/product_cat?post=61317"},{"taxonomy":"product_tag","embeddable":true,"href":"https:\/\/www.kibotek.com\/fr\/wp-json\/wp\/v2\/product_tag?post=61317"}],"curies":[{"name":"wp","href":"https:\/\/api.w.org\/{rel}","templated":true}]}}