{"id":59787,"date":"2025-04-14T19:06:13","date_gmt":"2025-04-14T17:06:13","guid":{"rendered":"https:\/\/www.kibotek.com\/?post_type=product&#038;p=59787"},"modified":"2026-04-24T22:29:26","modified_gmt":"2026-04-24T20:29:26","slug":"xiaomi-tv-box-s-3e-generation-32-go-avec-android-tv-4k","status":"publish","type":"product","link":"https:\/\/www.kibotek.com\/fr\/kibostore\/xiaomi-tv-box-s-3rd-gen-32gb-con-4k-android-tv\/","title":{"rendered":"Xiaomi TV Box S 3e g\u00e9n\u00e9ration 32GB avec Android TV 4K"},"content":{"rendered":"<h3>Acheter <a href=\"https:\/\/www.kibotek.com\/fr\/brand\/acheter-le-meilleur-de-xiaomi\/\">Xiaomi<\/a> Box TV S 3e g\u00e9n\u00e9ration 32GB avec Android TV 4K<\/h3>\n<h3>Exp\u00e9dition sous 24\/72 heures dans toute l&#039;Europe et garantie officielle<\/h3>\n<h3>sp\u00e9cifications<\/h3>\n<ul>\n<li><span class=\"tlid-translation translation\"><span title=\"\">Xiaomi TV Box S 3e g\u00e9n\u00e9ration<\/span><\/span><\/li>\n<li>Quad-core, c\u0153urs ARM A-55<\/li>\n<li>GPU ARM G310 V2<\/li>\n<li>D\u00e9codage vid\u00e9o 4K \u00e0 60 ips<\/li>\n<li>D\u00e9codage audio Dolby Atmos, DTS:X<\/li>\n<li>Dolby Vision, technologie d&#039;imagerie HDR10+<\/li>\n<li>Wi-Fi double bande 2,4 GHz\/5 GHz<\/li>\n<li>Bluetooth 5.2<\/li>\n<li>2 Go de RAM DDR3<\/li>\n<li>Stockage interne 32GB<\/li>\n<li>Avec t\u00e9l\u00e9commande vocale Bluetooth 360\u00ba.<\/li>\n<li>Syst\u00e8mes d&#039;exploitation Google TV<\/li>\n<li>version internationale<\/li>\n<li>HDMI 2.1\u00a0: 1, USB 2.0\u00a0: 1, connecteur d&#039;alimentation\u00a0: 1<\/li>\n<li>Dimensions 97 x 97 x 17 mm<\/li>\n<li>Poids de 91,2 gr<\/li>\n<\/ul>\n<p>y compris le forfait<\/p>\n<div class=\"lazy\" data-type=\"bg\" data-id=\"18792c391c\" data-background-image=\"\" data-loaded=\"true\">\n<div class=\"lazy\" data-type=\"bg\" data-id=\"fdf7c6c563\" data-background-image=\"\" data-loaded=\"true\">\n<div data-type=\"bg\" data-id=\"56d27bc43e\" data-background-image=\"\" data-loaded=\"true\">\n<ul>\n<li><span class=\"xm-text f-medium\" data-key=\"spec_44\" data-type=\"text\" data-id=\"a8d84720a1\">Xiaomi TV Box S (3e g\u00e9n\u00e9ration) : 1<\/span><\/li>\n<li>\n<div class=\"lazy\" data-type=\"bg\" data-id=\"156ac5da26\" data-background-image=\"\" data-loaded=\"true\">\n<div class=\"lazy\" data-type=\"bg\" data-id=\"24f891b58c\" data-background-image=\"\" data-loaded=\"true\">\n<div class=\"lazy\" data-type=\"bg\" data-id=\"3d7c28a0d4\" data-background-image=\"\" data-loaded=\"true\">t\u00e9l\u00e9commandes : 1<\/div>\n<\/div>\n<\/div>\n<\/li>\n<li>Manuel d&#039;utilisation : 1<\/li>\n<li>Adaptateur secteur : 1<\/li>\n<li><span class=\"xm-text f-medium\" data-key=\"spec_48\" data-type=\"text\" data-id=\"5ee590ea9e\">C\u00e2ble HDMI : 1<\/span><\/li>\n<\/ul>\n<\/div>\n<\/div>\n<\/div>\n<h3 class=\"western\">Nouvelle Xiaomi TV Box S de 3e g\u00e9n\u00e9ration<\/h3>\n<p>Xiaomi vient de mettre \u00e0 jour son mod\u00e8le Android TV Box de troisi\u00e8me g\u00e9n\u00e9ration, am\u00e9liorant les performances et le stockage interne afin que vous puissiez t\u00e9l\u00e9charger les applications qui vous int\u00e9ressent le plus.<\/p>\n<p>Vous pouvez le trouver dans nos magasins kiboTEK \u00e0 Vitoria-Gasteiz \u00e0 la Calle Independencia 13, \u00e0 Bilbao \u00e0 l&#039;Alameda de Urquijo 35 et \u00e9galement sur notre site Web. <a href=\"http:\/\/www.kiboTEk.com\/\" target=\"_blank\" rel=\"noopener nofollow\">www.kiboTEK.com<\/a> avec des exp\u00e9ditions en 24\/72 heures dans toute l&#039;Europe avec la garantie officielle de 3 ans sur tous les produits Xiaomi.<\/p>\n<h3 class=\"western\">2GB de RAM et 32GB de stockage<\/h3>\n<p>L&#039;une des mises \u00e0 jour les plus importantes apport\u00e9es \u00e0 ce t\u00e9l\u00e9viseur Android Xiaomi est qu&#039;il dispose d&#039;un <strong>Processeur 4 c\u0153urs avec des performances plus rapides et plus flexibles que son pr\u00e9d\u00e9cesseur<\/strong>. A cela nous ajoutons 2 GB de RAM et 32GB de m\u00e9moire interne qui nous permettront de t\u00e9l\u00e9charger des applications et d&#039;obtenir une exp\u00e9rience multit\u00e2che plus fluide.<\/p>\n<h3 class=\"western\">Acc\u00e8s facile \u00e0 vos applications pr\u00e9f\u00e9r\u00e9es<\/h3>\n<p>La nouvelle TV Box S 3rd Gen est un lecteur multim\u00e9dia dot\u00e9 d&#039;un syst\u00e8me d&#039;exploitation Android qui vous permet de transformer n&#039;importe quel t\u00e9l\u00e9viseur en Smart TV avec Google TV. <strong>Vous pouvez t\u00e9l\u00e9charger toutes les applications que vous souhaitez depuis le Play Store, y compris certaines applications bien connues comme Netflix, HBO Max, Disney Plus, Amazon Prime et Kodi.<\/strong><\/p>\n<h3 class=\"western\">R\u00e9solution 4K<\/h3>\n<p>Cette Xiaomi TV Box S de 3\u00e8me g\u00e9n\u00e9ration dispose d&#039;une r\u00e9solution 4K UHD de 3840 \u00d7 2160 pixels <strong>compatible avec <\/strong><strong>D<\/strong><strong>obl<\/strong><strong>Oui<\/strong> <strong>Vision<\/strong><strong> et HR10<\/strong><strong>+.<\/strong><strong> Il est \u00e9galement compatible avec Dolby Atmos et DRS:X, avec lesquels nous aurons une grande qualit\u00e9 comme si nous \u00e9tions<\/strong><strong>soyons<\/strong><strong> au cin\u00e9ma mais de la com<\/strong><strong>ou<\/strong><strong>d<\/strong><strong>identifiant<\/strong><strong>hors de ta maison.<\/strong><\/p>\n<h3 class=\"western\">Google TV avec assistant vocal int\u00e9gr\u00e9<\/h3>\n<p>Dans cette nouvelle TV Box S (3\u00e8me g\u00e9n\u00e9ration) nous retrouverons le syst\u00e8me d&#039;exploitation Google TV o\u00f9 nous aurons : des films, la t\u00e9l\u00e9vision en direct, des jeux et l&#039;acc\u00e8s \u00e0 toutes vos plateformes, en plus vous pourrez demander \u00e0 l&#039;assistant Google depuis votre t\u00e9l\u00e9commande de trouver ce dont vous avez besoin.<\/p>\n<h3 class=\"western\">T\u00e9l\u00e9commande Bluetooth 5.2 et Wi-Fi 6<\/h3>\n<p>Gr\u00e2ce \u00e0 la compatibilit\u00e9 de <b>Wi-Fi 6<\/b> Nous verrons une meilleure transmission du contenu en ligne.<\/p>\n<p>Dans la nouvelle Xiaomi TV Box de 3\u00e8me g\u00e9n\u00e9ration, nous avons une compatibilit\u00e9 avec<strong> Bluetooth 5.2. Gr\u00e2ce \u00e0 cela, nous pouvons profiter de notre t\u00e9l\u00e9commande <\/strong><strong>360\u00ba<\/strong>. D&#039;autre part, il a<strong> boutons de raccourci<\/strong> pour que vous puissiez acc\u00e9der directement \u00e0 votre contenu pr\u00e9f\u00e9r\u00e9 tel que Netflix, Prime Video ou YouTube, ou si cela vous convient mieux, utiliser des commandes vocales.<\/p>\n<h3 class=\"western\">Assistant Google intelligent<\/h3>\n<p>L&#039;intelligence artificielle devient de plus en plus \u00e0 la mode et gr\u00e2ce \u00e0 l&#039;assistant Google de la nouvelle troisi\u00e8me g\u00e9n\u00e9ration de Xiaomi TV Box S 4K, vous pourrez le faire <strong>diff\u00e9rentes op\u00e9rations simplement en disant \u00ab Ok Google \u00bb<\/strong>. Vous pourrez rechercher un film pr\u00e9f\u00e9r\u00e9 et le trouver sur une application de streaming. Bien s\u00fbr, vous pouvez \u00e9galement utiliser votre voix pour contr\u00f4ler d&#039;autres appareils intelligents dans votre maison, comme contr\u00f4ler la temp\u00e9rature, allumer une lampe, un purificateur d&#039;air ou un robot aspirateur.<\/p>\n<h3 class=\"western\">Google Chromecast<\/h3>\n<p>Nous retrouverons \u00e9galement la possibilit\u00e9 de diffuser facilement depuis notre t\u00e9l\u00e9phone ou notre tablette directement sur le t\u00e9l\u00e9viseur gr\u00e2ce au Google Cast int\u00e9gr\u00e9 \u00e0 cette TV Box S de troisi\u00e8me g\u00e9n\u00e9ration.<\/p>\n<p>Chez kiboTEK, nous exp\u00e9dions la Xiaomi Mi Box S 4K 3e g\u00e9n\u00e9ration avec Android TV dans plus de 29 pays diff\u00e9rents en Europe dans les 24\/72 heures avec une garantie officielle. V\u00e9rifiez et calculez les frais de livraison dans le panier en saisissant votre adresse. <strong>Frais gratuits pour la p\u00e9ninsule ib\u00e9rique \u00e0 partir de 100 \u20ac<\/strong><\/p>\n<div><strong>Vous pouvez acheter dans nos magasins physiques kiboTEK Xiaomi Partenaire privil\u00e9gi\u00e9 Magasin Bilbao \/ Vitoria-Gasteiz<\/strong><strong> avec la garantie et la s\u00e9curit\u00e9 de la t\u00e9l\u00e9phonie kiboTEK pr\u00e8s de chez vous.<\/strong><\/div>\n<p><img loading=\"lazy\" decoding=\"async\" class=\"aligncenter wp-image-59789 size-full\" src=\"https:\/\/www.kibotek.com\/wp-content\/uploads\/2025\/04\/kiboTEK_xiaomi_box_s_3rd_001.png\" alt=\"\" width=\"1810\" height=\"754\" title=\"\" srcset=\"https:\/\/www.kibotek.com\/wp-content\/uploads\/2025\/04\/kiboTEK_xiaomi_box_s_3rd_001.png 1810w, https:\/\/www.kibotek.com\/wp-content\/uploads\/2025\/04\/kiboTEK_xiaomi_box_s_3rd_001-430x179.png 430w, https:\/\/www.kibotek.com\/wp-content\/uploads\/2025\/04\/kiboTEK_xiaomi_box_s_3rd_001-150x62.png 150w, https:\/\/www.kibotek.com\/wp-content\/uploads\/2025\/04\/kiboTEK_xiaomi_box_s_3rd_001-700x292.png 700w, https:\/\/www.kibotek.com\/wp-content\/uploads\/2025\/04\/kiboTEK_xiaomi_box_s_3rd_001-400x167.png 400w, https:\/\/www.kibotek.com\/wp-content\/uploads\/2025\/04\/kiboTEK_xiaomi_box_s_3rd_001-1300x542.png 1300w, https:\/\/www.kibotek.com\/wp-content\/uploads\/2025\/04\/kiboTEK_xiaomi_box_s_3rd_001-768x320.png 768w, https:\/\/www.kibotek.com\/wp-content\/uploads\/2025\/04\/kiboTEK_xiaomi_box_s_3rd_001-1536x640.png 1536w, https:\/\/www.kibotek.com\/wp-content\/uploads\/2025\/04\/kiboTEK_xiaomi_box_s_3rd_001-18x7.png 18w\" sizes=\"auto, (max-width: 1810px) 100vw, 1810px\" \/> <img loading=\"lazy\" decoding=\"async\" class=\"aligncenter wp-image-59790 size-full\" src=\"https:\/\/www.kibotek.com\/wp-content\/uploads\/2025\/04\/kiboTEK_xiaomi_box_s_3rd_002.png\" alt=\"\" width=\"1741\" height=\"709\" title=\"\" srcset=\"https:\/\/www.kibotek.com\/wp-content\/uploads\/2025\/04\/kiboTEK_xiaomi_box_s_3rd_002.png 1741w, https:\/\/www.kibotek.com\/wp-content\/uploads\/2025\/04\/kiboTEK_xiaomi_box_s_3rd_002-430x175.png 430w, https:\/\/www.kibotek.com\/wp-content\/uploads\/2025\/04\/kiboTEK_xiaomi_box_s_3rd_002-150x61.png 150w, https:\/\/www.kibotek.com\/wp-content\/uploads\/2025\/04\/kiboTEK_xiaomi_box_s_3rd_002-700x285.png 700w, https:\/\/www.kibotek.com\/wp-content\/uploads\/2025\/04\/kiboTEK_xiaomi_box_s_3rd_002-400x163.png 400w, https:\/\/www.kibotek.com\/wp-content\/uploads\/2025\/04\/kiboTEK_xiaomi_box_s_3rd_002-1300x529.png 1300w, https:\/\/www.kibotek.com\/wp-content\/uploads\/2025\/04\/kiboTEK_xiaomi_box_s_3rd_002-768x313.png 768w, https:\/\/www.kibotek.com\/wp-content\/uploads\/2025\/04\/kiboTEK_xiaomi_box_s_3rd_002-1536x626.png 1536w, https:\/\/www.kibotek.com\/wp-content\/uploads\/2025\/04\/kiboTEK_xiaomi_box_s_3rd_002-18x7.png 18w\" sizes=\"auto, (max-width: 1741px) 100vw, 1741px\" \/> <img loading=\"lazy\" decoding=\"async\" class=\"aligncenter wp-image-59791 size-full\" src=\"https:\/\/www.kibotek.com\/wp-content\/uploads\/2025\/04\/kiboTEK_xiaomi_box_s_3rd_003.png\" alt=\"\" width=\"1788\" height=\"769\" title=\"\" srcset=\"https:\/\/www.kibotek.com\/wp-content\/uploads\/2025\/04\/kiboTEK_xiaomi_box_s_3rd_003.png 1788w, https:\/\/www.kibotek.com\/wp-content\/uploads\/2025\/04\/kiboTEK_xiaomi_box_s_3rd_003-430x185.png 430w, https:\/\/www.kibotek.com\/wp-content\/uploads\/2025\/04\/kiboTEK_xiaomi_box_s_3rd_003-150x65.png 150w, https:\/\/www.kibotek.com\/wp-content\/uploads\/2025\/04\/kiboTEK_xiaomi_box_s_3rd_003-700x301.png 700w, https:\/\/www.kibotek.com\/wp-content\/uploads\/2025\/04\/kiboTEK_xiaomi_box_s_3rd_003-400x172.png 400w, https:\/\/www.kibotek.com\/wp-content\/uploads\/2025\/04\/kiboTEK_xiaomi_box_s_3rd_003-1300x559.png 1300w, https:\/\/www.kibotek.com\/wp-content\/uploads\/2025\/04\/kiboTEK_xiaomi_box_s_3rd_003-768x330.png 768w, https:\/\/www.kibotek.com\/wp-content\/uploads\/2025\/04\/kiboTEK_xiaomi_box_s_3rd_003-1536x661.png 1536w, https:\/\/www.kibotek.com\/wp-content\/uploads\/2025\/04\/kiboTEK_xiaomi_box_s_3rd_003-18x8.png 18w\" sizes=\"auto, (max-width: 1788px) 100vw, 1788px\" \/> <img loading=\"lazy\" decoding=\"async\" class=\"aligncenter wp-image-59792 size-full\" src=\"https:\/\/www.kibotek.com\/wp-content\/uploads\/2025\/04\/kiboTEK_xiaomi_box_s_3rd_004.png\" alt=\"\" width=\"1761\" height=\"702\" title=\"\" srcset=\"https:\/\/www.kibotek.com\/wp-content\/uploads\/2025\/04\/kiboTEK_xiaomi_box_s_3rd_004.png 1761w, https:\/\/www.kibotek.com\/wp-content\/uploads\/2025\/04\/kiboTEK_xiaomi_box_s_3rd_004-430x171.png 430w, https:\/\/www.kibotek.com\/wp-content\/uploads\/2025\/04\/kiboTEK_xiaomi_box_s_3rd_004-150x60.png 150w, https:\/\/www.kibotek.com\/wp-content\/uploads\/2025\/04\/kiboTEK_xiaomi_box_s_3rd_004-700x279.png 700w, https:\/\/www.kibotek.com\/wp-content\/uploads\/2025\/04\/kiboTEK_xiaomi_box_s_3rd_004-400x159.png 400w, https:\/\/www.kibotek.com\/wp-content\/uploads\/2025\/04\/kiboTEK_xiaomi_box_s_3rd_004-1300x518.png 1300w, https:\/\/www.kibotek.com\/wp-content\/uploads\/2025\/04\/kiboTEK_xiaomi_box_s_3rd_004-768x306.png 768w, https:\/\/www.kibotek.com\/wp-content\/uploads\/2025\/04\/kiboTEK_xiaomi_box_s_3rd_004-1536x612.png 1536w, https:\/\/www.kibotek.com\/wp-content\/uploads\/2025\/04\/kiboTEK_xiaomi_box_s_3rd_004-18x7.png 18w\" sizes=\"auto, (max-width: 1761px) 100vw, 1761px\" \/> <img loading=\"lazy\" decoding=\"async\" class=\"aligncenter wp-image-59793 size-full\" src=\"https:\/\/www.kibotek.com\/wp-content\/uploads\/2025\/04\/kiboTEK_xiaomi_box_s_3rd_005.png\" alt=\"\" width=\"1726\" height=\"673\" title=\"\" srcset=\"https:\/\/www.kibotek.com\/wp-content\/uploads\/2025\/04\/kiboTEK_xiaomi_box_s_3rd_005.png 1726w, https:\/\/www.kibotek.com\/wp-content\/uploads\/2025\/04\/kiboTEK_xiaomi_box_s_3rd_005-430x168.png 430w, https:\/\/www.kibotek.com\/wp-content\/uploads\/2025\/04\/kiboTEK_xiaomi_box_s_3rd_005-150x58.png 150w, https:\/\/www.kibotek.com\/wp-content\/uploads\/2025\/04\/kiboTEK_xiaomi_box_s_3rd_005-700x273.png 700w, https:\/\/www.kibotek.com\/wp-content\/uploads\/2025\/04\/kiboTEK_xiaomi_box_s_3rd_005-400x156.png 400w, https:\/\/www.kibotek.com\/wp-content\/uploads\/2025\/04\/kiboTEK_xiaomi_box_s_3rd_005-1300x507.png 1300w, https:\/\/www.kibotek.com\/wp-content\/uploads\/2025\/04\/kiboTEK_xiaomi_box_s_3rd_005-768x299.png 768w, https:\/\/www.kibotek.com\/wp-content\/uploads\/2025\/04\/kiboTEK_xiaomi_box_s_3rd_005-1536x599.png 1536w, https:\/\/www.kibotek.com\/wp-content\/uploads\/2025\/04\/kiboTEK_xiaomi_box_s_3rd_005-18x7.png 18w\" sizes=\"auto, (max-width: 1726px) 100vw, 1726px\" \/> <img loading=\"lazy\" decoding=\"async\" class=\"aligncenter wp-image-59794 size-full\" src=\"https:\/\/www.kibotek.com\/wp-content\/uploads\/2025\/04\/kiboTEK_xiaomi_box_s_3rd_006.png\" alt=\"\" width=\"1744\" height=\"772\" title=\"\" srcset=\"https:\/\/www.kibotek.com\/wp-content\/uploads\/2025\/04\/kiboTEK_xiaomi_box_s_3rd_006.png 1744w, https:\/\/www.kibotek.com\/wp-content\/uploads\/2025\/04\/kiboTEK_xiaomi_box_s_3rd_006-430x190.png 430w, https:\/\/www.kibotek.com\/wp-content\/uploads\/2025\/04\/kiboTEK_xiaomi_box_s_3rd_006-150x66.png 150w, https:\/\/www.kibotek.com\/wp-content\/uploads\/2025\/04\/kiboTEK_xiaomi_box_s_3rd_006-700x310.png 700w, https:\/\/www.kibotek.com\/wp-content\/uploads\/2025\/04\/kiboTEK_xiaomi_box_s_3rd_006-400x177.png 400w, https:\/\/www.kibotek.com\/wp-content\/uploads\/2025\/04\/kiboTEK_xiaomi_box_s_3rd_006-1300x575.png 1300w, https:\/\/www.kibotek.com\/wp-content\/uploads\/2025\/04\/kiboTEK_xiaomi_box_s_3rd_006-768x340.png 768w, https:\/\/www.kibotek.com\/wp-content\/uploads\/2025\/04\/kiboTEK_xiaomi_box_s_3rd_006-1536x680.png 1536w, https:\/\/www.kibotek.com\/wp-content\/uploads\/2025\/04\/kiboTEK_xiaomi_box_s_3rd_006-18x8.png 18w\" sizes=\"auto, (max-width: 1744px) 100vw, 1744px\" \/> <img loading=\"lazy\" decoding=\"async\" class=\"aligncenter wp-image-59795 size-full\" src=\"https:\/\/www.kibotek.com\/wp-content\/uploads\/2025\/04\/kiboTEK_xiaomi_box_s_3rd_007.png\" alt=\"\" width=\"1746\" height=\"706\" title=\"\" srcset=\"https:\/\/www.kibotek.com\/wp-content\/uploads\/2025\/04\/kiboTEK_xiaomi_box_s_3rd_007.png 1746w, https:\/\/www.kibotek.com\/wp-content\/uploads\/2025\/04\/kiboTEK_xiaomi_box_s_3rd_007-430x174.png 430w, https:\/\/www.kibotek.com\/wp-content\/uploads\/2025\/04\/kiboTEK_xiaomi_box_s_3rd_007-150x61.png 150w, https:\/\/www.kibotek.com\/wp-content\/uploads\/2025\/04\/kiboTEK_xiaomi_box_s_3rd_007-700x283.png 700w, https:\/\/www.kibotek.com\/wp-content\/uploads\/2025\/04\/kiboTEK_xiaomi_box_s_3rd_007-400x162.png 400w, https:\/\/www.kibotek.com\/wp-content\/uploads\/2025\/04\/kiboTEK_xiaomi_box_s_3rd_007-1300x526.png 1300w, https:\/\/www.kibotek.com\/wp-content\/uploads\/2025\/04\/kiboTEK_xiaomi_box_s_3rd_007-768x311.png 768w, https:\/\/www.kibotek.com\/wp-content\/uploads\/2025\/04\/kiboTEK_xiaomi_box_s_3rd_007-1536x621.png 1536w, https:\/\/www.kibotek.com\/wp-content\/uploads\/2025\/04\/kiboTEK_xiaomi_box_s_3rd_007-18x7.png 18w\" sizes=\"auto, (max-width: 1746px) 100vw, 1746px\" \/> <img loading=\"lazy\" decoding=\"async\" class=\"aligncenter wp-image-59796 size-full\" src=\"https:\/\/www.kibotek.com\/wp-content\/uploads\/2025\/04\/kiboTEK_xiaomi_box_s_3rd_008.png\" alt=\"\" width=\"1729\" height=\"760\" title=\"\" srcset=\"https:\/\/www.kibotek.com\/wp-content\/uploads\/2025\/04\/kiboTEK_xiaomi_box_s_3rd_008.png 1729w, https:\/\/www.kibotek.com\/wp-content\/uploads\/2025\/04\/kiboTEK_xiaomi_box_s_3rd_008-430x189.png 430w, https:\/\/www.kibotek.com\/wp-content\/uploads\/2025\/04\/kiboTEK_xiaomi_box_s_3rd_008-150x66.png 150w, https:\/\/www.kibotek.com\/wp-content\/uploads\/2025\/04\/kiboTEK_xiaomi_box_s_3rd_008-700x308.png 700w, https:\/\/www.kibotek.com\/wp-content\/uploads\/2025\/04\/kiboTEK_xiaomi_box_s_3rd_008-400x176.png 400w, https:\/\/www.kibotek.com\/wp-content\/uploads\/2025\/04\/kiboTEK_xiaomi_box_s_3rd_008-1300x571.png 1300w, https:\/\/www.kibotek.com\/wp-content\/uploads\/2025\/04\/kiboTEK_xiaomi_box_s_3rd_008-768x338.png 768w, https:\/\/www.kibotek.com\/wp-content\/uploads\/2025\/04\/kiboTEK_xiaomi_box_s_3rd_008-1536x675.png 1536w, https:\/\/www.kibotek.com\/wp-content\/uploads\/2025\/04\/kiboTEK_xiaomi_box_s_3rd_008-18x8.png 18w\" sizes=\"auto, (max-width: 1729px) 100vw, 1729px\" \/> <img loading=\"lazy\" decoding=\"async\" class=\"aligncenter wp-image-59797 size-full\" src=\"https:\/\/www.kibotek.com\/wp-content\/uploads\/2025\/04\/kiboTEK_xiaomi_box_s_3rd_009.png\" alt=\"\" width=\"1780\" height=\"679\" title=\"\" srcset=\"https:\/\/www.kibotek.com\/wp-content\/uploads\/2025\/04\/kiboTEK_xiaomi_box_s_3rd_009.png 1780w, https:\/\/www.kibotek.com\/wp-content\/uploads\/2025\/04\/kiboTEK_xiaomi_box_s_3rd_009-430x164.png 430w, https:\/\/www.kibotek.com\/wp-content\/uploads\/2025\/04\/kiboTEK_xiaomi_box_s_3rd_009-150x57.png 150w, https:\/\/www.kibotek.com\/wp-content\/uploads\/2025\/04\/kiboTEK_xiaomi_box_s_3rd_009-700x267.png 700w, https:\/\/www.kibotek.com\/wp-content\/uploads\/2025\/04\/kiboTEK_xiaomi_box_s_3rd_009-400x153.png 400w, https:\/\/www.kibotek.com\/wp-content\/uploads\/2025\/04\/kiboTEK_xiaomi_box_s_3rd_009-1300x496.png 1300w, https:\/\/www.kibotek.com\/wp-content\/uploads\/2025\/04\/kiboTEK_xiaomi_box_s_3rd_009-768x293.png 768w, https:\/\/www.kibotek.com\/wp-content\/uploads\/2025\/04\/kiboTEK_xiaomi_box_s_3rd_009-1536x586.png 1536w, https:\/\/www.kibotek.com\/wp-content\/uploads\/2025\/04\/kiboTEK_xiaomi_box_s_3rd_009-18x7.png 18w\" sizes=\"auto, (max-width: 1780px) 100vw, 1780px\" \/> <img loading=\"lazy\" decoding=\"async\" class=\"aligncenter wp-image-59798 size-full\" src=\"https:\/\/www.kibotek.com\/wp-content\/uploads\/2025\/04\/kiboTEK_xiaomi_box_s_3rd_010.png\" alt=\"\" width=\"1762\" height=\"673\" title=\"\" srcset=\"https:\/\/www.kibotek.com\/wp-content\/uploads\/2025\/04\/kiboTEK_xiaomi_box_s_3rd_010.png 1762w, https:\/\/www.kibotek.com\/wp-content\/uploads\/2025\/04\/kiboTEK_xiaomi_box_s_3rd_010-430x164.png 430w, https:\/\/www.kibotek.com\/wp-content\/uploads\/2025\/04\/kiboTEK_xiaomi_box_s_3rd_010-150x57.png 150w, https:\/\/www.kibotek.com\/wp-content\/uploads\/2025\/04\/kiboTEK_xiaomi_box_s_3rd_010-700x267.png 700w, https:\/\/www.kibotek.com\/wp-content\/uploads\/2025\/04\/kiboTEK_xiaomi_box_s_3rd_010-400x153.png 400w, https:\/\/www.kibotek.com\/wp-content\/uploads\/2025\/04\/kiboTEK_xiaomi_box_s_3rd_010-1300x497.png 1300w, https:\/\/www.kibotek.com\/wp-content\/uploads\/2025\/04\/kiboTEK_xiaomi_box_s_3rd_010-768x293.png 768w, https:\/\/www.kibotek.com\/wp-content\/uploads\/2025\/04\/kiboTEK_xiaomi_box_s_3rd_010-1536x587.png 1536w, https:\/\/www.kibotek.com\/wp-content\/uploads\/2025\/04\/kiboTEK_xiaomi_box_s_3rd_010-18x7.png 18w\" sizes=\"auto, (max-width: 1762px) 100vw, 1762px\" \/> <img loading=\"lazy\" decoding=\"async\" class=\"aligncenter wp-image-59799 size-full\" src=\"https:\/\/www.kibotek.com\/wp-content\/uploads\/2025\/04\/kiboTEK_xiaomi_box_s_3rd_011.png\" alt=\"\" width=\"1735\" height=\"724\" title=\"\" srcset=\"https:\/\/www.kibotek.com\/wp-content\/uploads\/2025\/04\/kiboTEK_xiaomi_box_s_3rd_011.png 1735w, https:\/\/www.kibotek.com\/wp-content\/uploads\/2025\/04\/kiboTEK_xiaomi_box_s_3rd_011-430x179.png 430w, https:\/\/www.kibotek.com\/wp-content\/uploads\/2025\/04\/kiboTEK_xiaomi_box_s_3rd_011-150x63.png 150w, https:\/\/www.kibotek.com\/wp-content\/uploads\/2025\/04\/kiboTEK_xiaomi_box_s_3rd_011-700x292.png 700w, https:\/\/www.kibotek.com\/wp-content\/uploads\/2025\/04\/kiboTEK_xiaomi_box_s_3rd_011-400x167.png 400w, https:\/\/www.kibotek.com\/wp-content\/uploads\/2025\/04\/kiboTEK_xiaomi_box_s_3rd_011-1300x542.png 1300w, https:\/\/www.kibotek.com\/wp-content\/uploads\/2025\/04\/kiboTEK_xiaomi_box_s_3rd_011-768x320.png 768w, https:\/\/www.kibotek.com\/wp-content\/uploads\/2025\/04\/kiboTEK_xiaomi_box_s_3rd_011-1536x641.png 1536w, https:\/\/www.kibotek.com\/wp-content\/uploads\/2025\/04\/kiboTEK_xiaomi_box_s_3rd_011-18x8.png 18w\" sizes=\"auto, (max-width: 1735px) 100vw, 1735px\" \/> <img loading=\"lazy\" decoding=\"async\" class=\"aligncenter wp-image-59800 size-full\" src=\"https:\/\/www.kibotek.com\/wp-content\/uploads\/2025\/04\/kiboTEK_xiaomi_box_s_3rd_012.png\" alt=\"\" width=\"1755\" height=\"669\" title=\"\" srcset=\"https:\/\/www.kibotek.com\/wp-content\/uploads\/2025\/04\/kiboTEK_xiaomi_box_s_3rd_012.png 1755w, https:\/\/www.kibotek.com\/wp-content\/uploads\/2025\/04\/kiboTEK_xiaomi_box_s_3rd_012-430x164.png 430w, https:\/\/www.kibotek.com\/wp-content\/uploads\/2025\/04\/kiboTEK_xiaomi_box_s_3rd_012-150x57.png 150w, https:\/\/www.kibotek.com\/wp-content\/uploads\/2025\/04\/kiboTEK_xiaomi_box_s_3rd_012-700x267.png 700w, https:\/\/www.kibotek.com\/wp-content\/uploads\/2025\/04\/kiboTEK_xiaomi_box_s_3rd_012-400x152.png 400w, https:\/\/www.kibotek.com\/wp-content\/uploads\/2025\/04\/kiboTEK_xiaomi_box_s_3rd_012-1300x496.png 1300w, https:\/\/www.kibotek.com\/wp-content\/uploads\/2025\/04\/kiboTEK_xiaomi_box_s_3rd_012-768x293.png 768w, https:\/\/www.kibotek.com\/wp-content\/uploads\/2025\/04\/kiboTEK_xiaomi_box_s_3rd_012-1536x586.png 1536w, https:\/\/www.kibotek.com\/wp-content\/uploads\/2025\/04\/kiboTEK_xiaomi_box_s_3rd_012-18x7.png 18w\" sizes=\"auto, (max-width: 1755px) 100vw, 1755px\" \/><\/p>","protected":false},"excerpt":{"rendered":"<div class=\"woocommerce-product-details__short-description\">\n<div class=\"woocommerce-product-details__short-description\">\n<div class=\"woocommerce-product-details__short-description\">\n<div class=\"woocommerce-product-details__short-description\">\n<p class=\"price woobt-price-56089\"><strong><em>ACHETEZ MAINTENANT ET <\/em><\/strong><strong><em>RECEVEZ EN 24\/72H \ud83d\ude80<\/em><\/strong><\/p>\n<\/div>\n<\/div>\n<\/div>\n<\/div>","protected":false},"featured_media":59808,"comment_status":"open","ping_status":"closed","template":"","meta":{"iawp_total_views":1600},"product_brand":[8155],"product_cat":[5515,5520],"product_tag":[1798,7698],"class_list":{"0":"post-59787","1":"product","2":"type-product","3":"status-publish","4":"has-post-thumbnail","6":"product_brand-comprar-lo-mejor-de-xiaomi","7":"product_cat-smartwatch-pulseras-tv-auriculares-smarthome-salud-relojes-para-ninos","8":"product_cat-mitv-xiaomi-smart-tv-mibox","9":"product_tag-acc_top","10":"product_tag-all","12":"first","13":"instock","14":"sale","15":"taxable","16":"shipping-taxable","17":"purchasable","18":"product-type-simple"},"supplier_id":null,"supplier_sku":"","barcode":null,"atum_controlled":true,"out_stock_date":null,"out_stock_threshold":null,"inheritable":false,"inbound_stock":null,"stock_on_hold":0,"sold_today":0,"sales_last_days":0,"reserved_stock":null,"customer_returns":null,"warehouse_damage":null,"lost_in_post":null,"other_logs":null,"out_stock_days":0,"lost_sales":0,"has_location":true,"update_date":"2026-04-25T05:04:35","atum_locations":[{"id":41,"name":"Bilbao","slug":"bilbao"}],"atum_stock_status":"instock","restock_status":false,"low_stock_amount":0,"sales_update_date":"2026-04-25T05:04:35","calc_backorders":null,"_links":{"self":[{"href":"https:\/\/www.kibotek.com\/fr\/wp-json\/wp\/v2\/product\/59787","targetHints":{"allow":["GET"]}}],"collection":[{"href":"https:\/\/www.kibotek.com\/fr\/wp-json\/wp\/v2\/product"}],"about":[{"href":"https:\/\/www.kibotek.com\/fr\/wp-json\/wp\/v2\/types\/product"}],"replies":[{"embeddable":true,"href":"https:\/\/www.kibotek.com\/fr\/wp-json\/wp\/v2\/comments?post=59787"}],"version-history":[{"count":0,"href":"https:\/\/www.kibotek.com\/fr\/wp-json\/wp\/v2\/product\/59787\/revisions"}],"wp:featuredmedia":[{"embeddable":true,"href":"https:\/\/www.kibotek.com\/fr\/wp-json\/wp\/v2\/media\/59808"}],"wp:attachment":[{"href":"https:\/\/www.kibotek.com\/fr\/wp-json\/wp\/v2\/media?parent=59787"}],"wp:term":[{"taxonomy":"product_brand","embeddable":true,"href":"https:\/\/www.kibotek.com\/fr\/wp-json\/wp\/v2\/product_brand?post=59787"},{"taxonomy":"product_cat","embeddable":true,"href":"https:\/\/www.kibotek.com\/fr\/wp-json\/wp\/v2\/product_cat?post=59787"},{"taxonomy":"product_tag","embeddable":true,"href":"https:\/\/www.kibotek.com\/fr\/wp-json\/wp\/v2\/product_tag?post=59787"}],"curies":[{"name":"wp","href":"https:\/\/api.w.org\/{rel}","templated":true}]}}