{"id":59768,"date":"2025-04-14T13:51:54","date_gmt":"2025-04-14T11:51:54","guid":{"rendered":"https:\/\/www.kibotek.com\/?post_type=product&#038;p=59768"},"modified":"2026-04-19T22:35:59","modified_gmt":"2026-04-19T20:35:59","slug":"console-retro-portable-anbernic-rg-557-12-go-256-go-android-14","status":"publish","type":"product","link":"https:\/\/www.kibotek.com\/fr\/kibostore\/anbernic-rg-557-12gb-256gb-consola-retro-portable-android-14\/","title":{"rendered":"Console r\u00e9tro portable Anbernic RG 557 12GB\/256GB Android 14"},"content":{"rendered":"<h3>Achetez la console r\u00e9tro portable Anbernic RG557 12GB\/256GB sous Android 14<\/h3>\n<h3>Exp\u00e9dition depuis l&#039;Espagne vers l&#039;Europe en 24\/72 heures<\/h3>\n<h3><strong>3 ans<\/strong> <strong>garantie europ\u00e9enne <\/strong><strong>Uniquement chez kiboTEK<\/strong><\/h3>\n<h3>sp\u00e9cifications<\/h3>\n<ul>\n<li><span style=\"color: #ff0000;\"><strong>CARTE SD GRATUITE 128GB<\/strong><\/span><\/li>\n<li><span style=\"color: #ff0000;\"><strong>Couvertures analogiques<\/strong><\/span><\/li>\n<li><span style=\"color: #000000;\">\u00c9cran AMOLED Full HD 16:9 de 5,48 pouces<\/span><\/li>\n<li><span style=\"color: #999999;\"><span style=\"color: #000000;\">R\u00e9solution FULL HD 1080 X 1920<\/span> <\/span><\/li>\n<li>\u00c9mulateurs: <strong>PlayStation 2, PlayStation 1, <\/strong><strong>Wii U, PS Vita<\/strong><strong>, Dreamcast, PSP, NeoGeo, MAME, Sega Genesis,\u2026<\/strong><\/li>\n<li>Jeux Android (Genshin Impact, Honor of Kings, etc.) et plus de 30 autres \u00e9mulateurs.<br \/>\nAider les utilisateurs \u00e0 t\u00e9l\u00e9charger des jeux au format associ\u00e9<\/li>\n<li><strong>Syst\u00e8me Android 14<\/strong><\/li>\n<li><strong><span style=\"color: #000000;\">Processeur MediaTek Dimensity 8300 <\/span><\/strong><\/li>\n<li><span style=\"color: #000000;\">Mali-G615 MC6<\/span><\/li>\n<li><span style=\"color: #000000;\">Joysticks et boutons \u00e0 effet Hall<\/span><\/li>\n<li><span style=\"color: #000000;\">\u00c9clairage RGB<\/span><\/li>\n<li><span style=\"color: #000000;\">Contr\u00f4le avec boutons L1 \/ L2 et R1 \/ R2 ainsi que double stick analogique <\/span><\/li>\n<li><strong><span style=\"color: #000000;\">12GB RAM LPPDR5X 256GB stockage interne <\/span><\/strong><\/li>\n<li><span style=\"color: #000000;\">Connexion Wi-Fi 6 <\/span><\/li>\n<li><span style=\"color: #000000;\">Bluetooth 5.3<\/span><\/li>\n<li><span style=\"color: #000000;\">haut-parleurs st\u00e9r\u00e9o<\/span><\/li>\n<li><span style=\"color: #000000;\">Capacit\u00e9 SD jusqu&#039;\u00e0 2 To <\/span><\/li>\n<li><strong>USB Type-C prend en charge la sortie Display Port 1080p<\/strong><\/li>\n<li>Port USB Type-C, OTG-USB et prise audio 3,5 mm<\/li>\n<li>Langues : espagnol, anglais, fran\u00e7ais, allemand, italien, portugais, chinois, etc\u2026<\/li>\n<li><span style=\"color: #000000;\">Batterie de 5 500 mah, 8 heures d&#039;utilisation <\/span><\/li>\n<li><span style=\"color: #000000;\">Charge rapide de 27 W<\/span><\/li>\n<li><span style=\"color: #000000;\">Dimensions 223 x 89 x 15 mm<\/span><\/li>\n<li><span style=\"color: #000000;\">Poids 347 gr<\/span><\/li>\n<\/ul>\n<p><iframe loading=\"lazy\" title=\"Vid\u00e9o promotionnelle officielle du ANBERNIC RG557\" width=\"500\" height=\"281\" src=\"https:\/\/www.youtube.com\/embed\/X7w5bpcJAcU?feature=oembed\" frameborder=\"0\" allow=\"accelerometer; autoplay; clipboard-write; encrypted-media; gyroscope; picture-in-picture; web-share\" referrerpolicy=\"strict-origin-when-cross-origin\" allowfullscreen><\/iframe><\/p>\n<h3 class=\"western\">Anbernic l&#039;a encore fait et nous apporte sa nouvelle console RG557, am\u00e9liorant le processeur de l&#039;ancienne RG556.<\/h3>\n<p>Comme nous le savons tous, kiboTEK s&#039;est sp\u00e9cialis\u00e9 dans les consoles r\u00e9tro de diff\u00e9rentes marques et vous pouvez les trouver dans nos magasins kiboTEK \u00e0 Vitoria-Gasteiz \u00e0 Calle Independencia 13, \u00e0 Bilbao \u00e0 Alameda de Urquijo 35 et \u00e9galement via notre site Web. <a href=\"http:\/\/www.kiboTEk.com\/\" rel=\"nofollow noopener\" target=\"_blank\">www.kiboTEK.com<\/a> Avec une exp\u00e9dition 24\/72 heures dans toute l&#039;Europe avec la garantie officielle de 3 ans sur tous les produits Xiaomi<\/p>\n<h3 class=\"western\">\u00c9cran AMOLED Full HD de 5,48 pouces<\/h3>\n<p>Quant \u00e0 l\u2019\u00e9cran de 5,48\u2033 avec un <strong>R\u00e9solution de 1080 x 1920 pixels<\/strong>. C&#039;est un \u00e9cran AMOLED de haute qualit\u00e9 qui nous offrira des images impressionnantes gr\u00e2ce \u00e0 ses couleurs et ses contrastes. Son \u00e9cran tactile vous permet de naviguer comme s&#039;il s&#039;agissait de votre t\u00e9l\u00e9phone portable, vous permettant d&#039;ajuster tous les param\u00e8tres dont vous avez besoin pour une exp\u00e9rience de jeu sublime.<\/p>\n<p>Quant \u00e0 la taille de cette nouvelle console, nous remarquerons qu&#039;elle tient tr\u00e8s bien dans les mains gr\u00e2ce \u00e0 son ergonomie, ce qui nous permet de profiter de jeux longs et confortables.<\/p>\n<p>Nous le trouverons dans <strong>deux couleurs en violet transparent et blanc.<\/strong><\/p>\n<h3 class=\"western\">Puissant processeur MediaTek Dimensity 8300<\/h3>\n<p>Si nous parlons du processeur, Anbernic a opt\u00e9 pour un processeur plus puissant comme le Processor <b>MediaTek Dimensity 8300<\/b><b>.<\/b><\/p>\n<p>Aliment\u00e9 par un processeur MediaTek Dimesity 8300, le RG 557 peut facilement g\u00e9rer une grande vari\u00e9t\u00e9 de plates-formes r\u00e9tro 8 bits, 16 bits et 32 bits. <strong>Il dispose du m\u00eame processeur que les t\u00e9l\u00e9phones puissants actuels tels que le Xiaomi 14T ou le Poco X6 Pro.<\/strong><\/p>\n<p>Tout cela avec <strong>12GB LPDDR4 RAM et 256 GB m\u00e9moire interne<\/strong> o\u00f9 le syst\u00e8me d&#039;exploitation est install\u00e9. Le RG557 a la capacit\u00e9 d&#039;ins\u00e9rer une carte SD jusqu&#039;\u00e0 2 To.<\/p>\n<h3 class=\"western\">Syst\u00e8me de d\u00e9marrage Android 14<\/h3>\n<p>Gr\u00e2ce \u00e0 son syst\u00e8me d&#039;exploitation Android, ce RG557 nous donne la possibilit\u00e9 d&#039;avoir toutes les facilit\u00e9s et<strong> Applications Android<\/strong> et d&#039;autre part, lire directement les ROMS que vous avez install\u00e9es sur votre carte SD. La console RG557 dispose d&#039;un Android install\u00e9 qui vous permettra de <strong>acc\u00e9dez au Play Store et t\u00e9l\u00e9chargez les jeux que vous aimez le plus.<\/strong><\/p>\n<h3 class=\"western\">Compatible avec les principaux \u00e9mulateurs<\/h3>\n<p>Avec cette nouvelle console r\u00e9tro Anbernic RG557 vous avez une compatibilit\u00e9 avec plusieurs \u00e9mulateurs tels que<strong> Neo Geo, Sega Genesis, Sega Saturn, MAME, FBA, PlayStation 1, PlayStation 2, Dreamcast ou PSP<\/strong> entre autres et aussi comme nouveaut\u00e9 la compatibilit\u00e9 de <b>Wii U et PS Vita<\/b>. Jeux Android (Genshin Impact, Honor of Kings, etc.)<\/p>\n<h3 class=\"western\">Wi-Fi, 6 int\u00e9gr\u00e9s<\/h3>\n<p>En ce qui concerne la connectivit\u00e9, nous avons <strong>Wifi <\/strong><strong>6 <\/strong>avec lequel la vitesse de connexion est grandement am\u00e9lior\u00e9e dans ce nouveau Anbernic RG557. D&#039;autre part, nous avons aussi <strong>Bluetooth 5.3<\/strong><strong> pour pouvoir connecter notre manette<\/strong> \u00e0 l&#039;appareil.<\/p>\n<h3 class=\"western\">Batterie suffisante de 5 500 mAh<\/h3>\n<p>Comme son pr\u00e9d\u00e9cesseur, le RG 557 dispose d&#039;une batterie de 5 500 milliamp\u00e8res <strong>se traduit par jusqu&#039;\u00e0 8 heures de jeu <\/strong><strong>infatigable mais toujours <\/strong><strong>selon le fabricant. <\/strong>\u00a0Cette batterie peut \u00eatre charg\u00e9e via le port de connexion de type C.<\/p>\n<p>Chez kiboTEK, vous pouvez acheter la console r\u00e9tro portable Anbernic Anbernic RG 557 Android 14 \/ Linux avec la garantie et la s\u00e9curit\u00e9 de la meilleure boutique en ligne d&#039;Espagne et d&#039;Europe.<\/p>\n<p>Chez kiboTEK, nous exp\u00e9dions la console portable r\u00e9tro Anbernic RG 557 Android 14 \u00e0 <strong>Espagne, Portugal, <span lang=\"en\">Autriche, Belgique, Bulgarie, Croatie, Chypre, R\u00e9publique tch\u00e8que, Danemark, Estonie, Finlande, France, Allemagne, Gr\u00e8ce, Hongrie, Irlande, Italie, Lettonie, Lituanie, Luxembourg, Malte, Pays-Bas, Pologne, Portugal, Monaco, Slovaquie, Slov\u00e9nie , Espagne, Roumanie, Royaume-Uni, Turquie, Su\u00e8de, Suisse, Br\u00e9sil, Colombie et Mexique<\/span><\/strong>. V\u00e9rifiez et calculez les frais de port dans le panier en ins\u00e9rant votre adresse.<\/p>\n<p><strong>D\u00e9penses gratuites pour l&#039;Espagne et le Portugal (p\u00e9ninsule uniquement) \u00e0 partir de 100\u00a0\u20ac<\/strong>.<\/p>\n<p><img loading=\"lazy\" decoding=\"async\" class=\"aligncenter wp-image-60054 size-full\" src=\"https:\/\/www.kibotek.com\/wp-content\/uploads\/2025\/04\/kiboTEK_anbernic_rg557_001.jpg\" alt=\"\" width=\"1200\" height=\"1200\" title=\"\" srcset=\"https:\/\/www.kibotek.com\/wp-content\/uploads\/2025\/04\/kiboTEK_anbernic_rg557_001.jpg 1200w, https:\/\/www.kibotek.com\/wp-content\/uploads\/2025\/04\/kiboTEK_anbernic_rg557_001-430x430.jpg 430w, https:\/\/www.kibotek.com\/wp-content\/uploads\/2025\/04\/kiboTEK_anbernic_rg557_001-150x150.jpg 150w, https:\/\/www.kibotek.com\/wp-content\/uploads\/2025\/04\/kiboTEK_anbernic_rg557_001-700x700.jpg 700w, https:\/\/www.kibotek.com\/wp-content\/uploads\/2025\/04\/kiboTEK_anbernic_rg557_001-300x300.jpg 300w, https:\/\/www.kibotek.com\/wp-content\/uploads\/2025\/04\/kiboTEK_anbernic_rg557_001-800x800.jpg 800w, https:\/\/www.kibotek.com\/wp-content\/uploads\/2025\/04\/kiboTEK_anbernic_rg557_001-768x768.jpg 768w, https:\/\/www.kibotek.com\/wp-content\/uploads\/2025\/04\/kiboTEK_anbernic_rg557_001-12x12.jpg 12w, https:\/\/www.kibotek.com\/wp-content\/uploads\/2025\/04\/kiboTEK_anbernic_rg557_001-50x50.jpg 50w, https:\/\/www.kibotek.com\/wp-content\/uploads\/2025\/04\/kiboTEK_anbernic_rg557_001-100x100.jpg 100w, https:\/\/www.kibotek.com\/wp-content\/uploads\/2025\/04\/kiboTEK_anbernic_rg557_001-32x32.jpg 32w\" sizes=\"auto, (max-width: 1200px) 100vw, 1200px\" \/> <img loading=\"lazy\" decoding=\"async\" class=\"aligncenter wp-image-60055 size-full\" src=\"https:\/\/www.kibotek.com\/wp-content\/uploads\/2025\/04\/kiboTEK_anbernic_rg557_002.jpg\" alt=\"\" width=\"1200\" height=\"1200\" title=\"\" srcset=\"https:\/\/www.kibotek.com\/wp-content\/uploads\/2025\/04\/kiboTEK_anbernic_rg557_002.jpg 1200w, https:\/\/www.kibotek.com\/wp-content\/uploads\/2025\/04\/kiboTEK_anbernic_rg557_002-430x430.jpg 430w, https:\/\/www.kibotek.com\/wp-content\/uploads\/2025\/04\/kiboTEK_anbernic_rg557_002-150x150.jpg 150w, https:\/\/www.kibotek.com\/wp-content\/uploads\/2025\/04\/kiboTEK_anbernic_rg557_002-700x700.jpg 700w, https:\/\/www.kibotek.com\/wp-content\/uploads\/2025\/04\/kiboTEK_anbernic_rg557_002-300x300.jpg 300w, https:\/\/www.kibotek.com\/wp-content\/uploads\/2025\/04\/kiboTEK_anbernic_rg557_002-800x800.jpg 800w, https:\/\/www.kibotek.com\/wp-content\/uploads\/2025\/04\/kiboTEK_anbernic_rg557_002-768x768.jpg 768w, https:\/\/www.kibotek.com\/wp-content\/uploads\/2025\/04\/kiboTEK_anbernic_rg557_002-12x12.jpg 12w, https:\/\/www.kibotek.com\/wp-content\/uploads\/2025\/04\/kiboTEK_anbernic_rg557_002-50x50.jpg 50w, https:\/\/www.kibotek.com\/wp-content\/uploads\/2025\/04\/kiboTEK_anbernic_rg557_002-100x100.jpg 100w, https:\/\/www.kibotek.com\/wp-content\/uploads\/2025\/04\/kiboTEK_anbernic_rg557_002-32x32.jpg 32w\" sizes=\"auto, (max-width: 1200px) 100vw, 1200px\" \/> <img loading=\"lazy\" decoding=\"async\" class=\"aligncenter wp-image-60056 size-full\" src=\"https:\/\/www.kibotek.com\/wp-content\/uploads\/2025\/04\/kiboTEK_anbernic_rg557_003.jpg\" alt=\"\" width=\"1200\" height=\"1200\" title=\"\" srcset=\"https:\/\/www.kibotek.com\/wp-content\/uploads\/2025\/04\/kiboTEK_anbernic_rg557_003.jpg 1200w, https:\/\/www.kibotek.com\/wp-content\/uploads\/2025\/04\/kiboTEK_anbernic_rg557_003-430x430.jpg 430w, https:\/\/www.kibotek.com\/wp-content\/uploads\/2025\/04\/kiboTEK_anbernic_rg557_003-150x150.jpg 150w, https:\/\/www.kibotek.com\/wp-content\/uploads\/2025\/04\/kiboTEK_anbernic_rg557_003-700x700.jpg 700w, https:\/\/www.kibotek.com\/wp-content\/uploads\/2025\/04\/kiboTEK_anbernic_rg557_003-300x300.jpg 300w, https:\/\/www.kibotek.com\/wp-content\/uploads\/2025\/04\/kiboTEK_anbernic_rg557_003-800x800.jpg 800w, https:\/\/www.kibotek.com\/wp-content\/uploads\/2025\/04\/kiboTEK_anbernic_rg557_003-768x768.jpg 768w, https:\/\/www.kibotek.com\/wp-content\/uploads\/2025\/04\/kiboTEK_anbernic_rg557_003-12x12.jpg 12w, https:\/\/www.kibotek.com\/wp-content\/uploads\/2025\/04\/kiboTEK_anbernic_rg557_003-50x50.jpg 50w, https:\/\/www.kibotek.com\/wp-content\/uploads\/2025\/04\/kiboTEK_anbernic_rg557_003-100x100.jpg 100w, https:\/\/www.kibotek.com\/wp-content\/uploads\/2025\/04\/kiboTEK_anbernic_rg557_003-32x32.jpg 32w\" sizes=\"auto, (max-width: 1200px) 100vw, 1200px\" \/> <img loading=\"lazy\" decoding=\"async\" class=\"aligncenter wp-image-60057 size-full\" src=\"https:\/\/www.kibotek.com\/wp-content\/uploads\/2025\/04\/kiboTEK_anbernic_rg557_004.jpg\" alt=\"\" width=\"1200\" height=\"1200\" title=\"\" srcset=\"https:\/\/www.kibotek.com\/wp-content\/uploads\/2025\/04\/kiboTEK_anbernic_rg557_004.jpg 1200w, https:\/\/www.kibotek.com\/wp-content\/uploads\/2025\/04\/kiboTEK_anbernic_rg557_004-430x430.jpg 430w, https:\/\/www.kibotek.com\/wp-content\/uploads\/2025\/04\/kiboTEK_anbernic_rg557_004-150x150.jpg 150w, https:\/\/www.kibotek.com\/wp-content\/uploads\/2025\/04\/kiboTEK_anbernic_rg557_004-700x700.jpg 700w, https:\/\/www.kibotek.com\/wp-content\/uploads\/2025\/04\/kiboTEK_anbernic_rg557_004-300x300.jpg 300w, https:\/\/www.kibotek.com\/wp-content\/uploads\/2025\/04\/kiboTEK_anbernic_rg557_004-800x800.jpg 800w, https:\/\/www.kibotek.com\/wp-content\/uploads\/2025\/04\/kiboTEK_anbernic_rg557_004-768x768.jpg 768w, https:\/\/www.kibotek.com\/wp-content\/uploads\/2025\/04\/kiboTEK_anbernic_rg557_004-12x12.jpg 12w, https:\/\/www.kibotek.com\/wp-content\/uploads\/2025\/04\/kiboTEK_anbernic_rg557_004-50x50.jpg 50w, https:\/\/www.kibotek.com\/wp-content\/uploads\/2025\/04\/kiboTEK_anbernic_rg557_004-100x100.jpg 100w, https:\/\/www.kibotek.com\/wp-content\/uploads\/2025\/04\/kiboTEK_anbernic_rg557_004-32x32.jpg 32w\" sizes=\"auto, (max-width: 1200px) 100vw, 1200px\" \/> <img loading=\"lazy\" decoding=\"async\" class=\"aligncenter wp-image-60058 size-full\" src=\"https:\/\/www.kibotek.com\/wp-content\/uploads\/2025\/04\/kiboTEK_anbernic_rg557_005.jpg\" alt=\"\" width=\"1200\" height=\"1200\" title=\"\" srcset=\"https:\/\/www.kibotek.com\/wp-content\/uploads\/2025\/04\/kiboTEK_anbernic_rg557_005.jpg 1200w, https:\/\/www.kibotek.com\/wp-content\/uploads\/2025\/04\/kiboTEK_anbernic_rg557_005-430x430.jpg 430w, https:\/\/www.kibotek.com\/wp-content\/uploads\/2025\/04\/kiboTEK_anbernic_rg557_005-150x150.jpg 150w, https:\/\/www.kibotek.com\/wp-content\/uploads\/2025\/04\/kiboTEK_anbernic_rg557_005-700x700.jpg 700w, https:\/\/www.kibotek.com\/wp-content\/uploads\/2025\/04\/kiboTEK_anbernic_rg557_005-300x300.jpg 300w, https:\/\/www.kibotek.com\/wp-content\/uploads\/2025\/04\/kiboTEK_anbernic_rg557_005-800x800.jpg 800w, https:\/\/www.kibotek.com\/wp-content\/uploads\/2025\/04\/kiboTEK_anbernic_rg557_005-768x768.jpg 768w, https:\/\/www.kibotek.com\/wp-content\/uploads\/2025\/04\/kiboTEK_anbernic_rg557_005-12x12.jpg 12w, https:\/\/www.kibotek.com\/wp-content\/uploads\/2025\/04\/kiboTEK_anbernic_rg557_005-50x50.jpg 50w, https:\/\/www.kibotek.com\/wp-content\/uploads\/2025\/04\/kiboTEK_anbernic_rg557_005-100x100.jpg 100w, https:\/\/www.kibotek.com\/wp-content\/uploads\/2025\/04\/kiboTEK_anbernic_rg557_005-32x32.jpg 32w\" sizes=\"auto, (max-width: 1200px) 100vw, 1200px\" \/> <img loading=\"lazy\" decoding=\"async\" class=\"aligncenter wp-image-60059 size-full\" src=\"https:\/\/www.kibotek.com\/wp-content\/uploads\/2025\/04\/kiboTEK_anbernic_rg557_006.jpg\" alt=\"\" width=\"1200\" height=\"1200\" title=\"\" srcset=\"https:\/\/www.kibotek.com\/wp-content\/uploads\/2025\/04\/kiboTEK_anbernic_rg557_006.jpg 1200w, https:\/\/www.kibotek.com\/wp-content\/uploads\/2025\/04\/kiboTEK_anbernic_rg557_006-430x430.jpg 430w, https:\/\/www.kibotek.com\/wp-content\/uploads\/2025\/04\/kiboTEK_anbernic_rg557_006-150x150.jpg 150w, https:\/\/www.kibotek.com\/wp-content\/uploads\/2025\/04\/kiboTEK_anbernic_rg557_006-700x700.jpg 700w, https:\/\/www.kibotek.com\/wp-content\/uploads\/2025\/04\/kiboTEK_anbernic_rg557_006-300x300.jpg 300w, https:\/\/www.kibotek.com\/wp-content\/uploads\/2025\/04\/kiboTEK_anbernic_rg557_006-800x800.jpg 800w, https:\/\/www.kibotek.com\/wp-content\/uploads\/2025\/04\/kiboTEK_anbernic_rg557_006-768x768.jpg 768w, https:\/\/www.kibotek.com\/wp-content\/uploads\/2025\/04\/kiboTEK_anbernic_rg557_006-12x12.jpg 12w, https:\/\/www.kibotek.com\/wp-content\/uploads\/2025\/04\/kiboTEK_anbernic_rg557_006-50x50.jpg 50w, https:\/\/www.kibotek.com\/wp-content\/uploads\/2025\/04\/kiboTEK_anbernic_rg557_006-100x100.jpg 100w, https:\/\/www.kibotek.com\/wp-content\/uploads\/2025\/04\/kiboTEK_anbernic_rg557_006-32x32.jpg 32w\" sizes=\"auto, (max-width: 1200px) 100vw, 1200px\" \/> <img loading=\"lazy\" decoding=\"async\" class=\"aligncenter wp-image-60060 size-full\" src=\"https:\/\/www.kibotek.com\/wp-content\/uploads\/2025\/04\/kiboTEK_anbernic_rg557_007.jpg\" alt=\"\" width=\"1200\" height=\"1200\" title=\"\" srcset=\"https:\/\/www.kibotek.com\/wp-content\/uploads\/2025\/04\/kiboTEK_anbernic_rg557_007.jpg 1200w, https:\/\/www.kibotek.com\/wp-content\/uploads\/2025\/04\/kiboTEK_anbernic_rg557_007-430x430.jpg 430w, https:\/\/www.kibotek.com\/wp-content\/uploads\/2025\/04\/kiboTEK_anbernic_rg557_007-150x150.jpg 150w, https:\/\/www.kibotek.com\/wp-content\/uploads\/2025\/04\/kiboTEK_anbernic_rg557_007-700x700.jpg 700w, https:\/\/www.kibotek.com\/wp-content\/uploads\/2025\/04\/kiboTEK_anbernic_rg557_007-300x300.jpg 300w, https:\/\/www.kibotek.com\/wp-content\/uploads\/2025\/04\/kiboTEK_anbernic_rg557_007-800x800.jpg 800w, https:\/\/www.kibotek.com\/wp-content\/uploads\/2025\/04\/kiboTEK_anbernic_rg557_007-768x768.jpg 768w, https:\/\/www.kibotek.com\/wp-content\/uploads\/2025\/04\/kiboTEK_anbernic_rg557_007-12x12.jpg 12w, https:\/\/www.kibotek.com\/wp-content\/uploads\/2025\/04\/kiboTEK_anbernic_rg557_007-50x50.jpg 50w, https:\/\/www.kibotek.com\/wp-content\/uploads\/2025\/04\/kiboTEK_anbernic_rg557_007-100x100.jpg 100w, https:\/\/www.kibotek.com\/wp-content\/uploads\/2025\/04\/kiboTEK_anbernic_rg557_007-32x32.jpg 32w\" sizes=\"auto, (max-width: 1200px) 100vw, 1200px\" \/> <img loading=\"lazy\" decoding=\"async\" class=\"aligncenter wp-image-60061 size-full\" src=\"https:\/\/www.kibotek.com\/wp-content\/uploads\/2025\/04\/kiboTEK_anbernic_rg557_008.jpg\" alt=\"\" width=\"1200\" height=\"1200\" title=\"\" srcset=\"https:\/\/www.kibotek.com\/wp-content\/uploads\/2025\/04\/kiboTEK_anbernic_rg557_008.jpg 1200w, https:\/\/www.kibotek.com\/wp-content\/uploads\/2025\/04\/kiboTEK_anbernic_rg557_008-430x430.jpg 430w, https:\/\/www.kibotek.com\/wp-content\/uploads\/2025\/04\/kiboTEK_anbernic_rg557_008-150x150.jpg 150w, https:\/\/www.kibotek.com\/wp-content\/uploads\/2025\/04\/kiboTEK_anbernic_rg557_008-700x700.jpg 700w, https:\/\/www.kibotek.com\/wp-content\/uploads\/2025\/04\/kiboTEK_anbernic_rg557_008-300x300.jpg 300w, https:\/\/www.kibotek.com\/wp-content\/uploads\/2025\/04\/kiboTEK_anbernic_rg557_008-800x800.jpg 800w, https:\/\/www.kibotek.com\/wp-content\/uploads\/2025\/04\/kiboTEK_anbernic_rg557_008-768x768.jpg 768w, https:\/\/www.kibotek.com\/wp-content\/uploads\/2025\/04\/kiboTEK_anbernic_rg557_008-12x12.jpg 12w, https:\/\/www.kibotek.com\/wp-content\/uploads\/2025\/04\/kiboTEK_anbernic_rg557_008-50x50.jpg 50w, https:\/\/www.kibotek.com\/wp-content\/uploads\/2025\/04\/kiboTEK_anbernic_rg557_008-100x100.jpg 100w, https:\/\/www.kibotek.com\/wp-content\/uploads\/2025\/04\/kiboTEK_anbernic_rg557_008-32x32.jpg 32w\" sizes=\"auto, (max-width: 1200px) 100vw, 1200px\" \/><\/p>","protected":false},"excerpt":{"rendered":"<div class=\"woocommerce-product-details__short-description\">\n<div class=\"woocommerce-product-details__short-description\">\n<div class=\"woocommerce-product-details__short-description\">\n<div class=\"woocommerce-product-details__short-description\">\n<div class=\"woocommerce-product-details__short-description\">\n<div class=\"woocommerce-product-details__short-description\">\n<div class=\"woocommerce-product-details__short-description\">\n<div class=\"woocommerce-product-details__short-description\">\n<p class=\"price woobt-price-56089\"><strong><em>ACHETEZ MAINTENANT ET <\/em><\/strong><strong><em>RECEVEZ EN 24\/72H \ud83d\ude80<\/em><\/strong><\/p>\n<\/div>\n<\/div>\n<\/div>\n<\/div>\n<\/div>\n<\/div>\n<\/div>\n<\/div>","protected":false},"featured_media":68233,"comment_status":"open","ping_status":"closed","template":"","meta":{"iawp_total_views":5627},"product_brand":[8167],"product_cat":[5514],"product_tag":[7698,6771,7752,1794],"class_list":{"0":"post-59768","1":"product","2":"type-product","3":"status-publish","4":"has-post-thumbnail","6":"product_brand-anbernic","7":"product_cat-consolas-retro-gaming-arcade-bartop-pandora-box-anbernic-powkiddy","8":"product_tag-all","9":"product_tag-ofertas","10":"product_tag-presale","11":"product_tag-top10","13":"first","14":"instock","15":"sale","16":"featured","17":"taxable","18":"shipping-taxable","19":"purchasable","20":"product-type-variable","21":"has-default-attributes"},"supplier_id":null,"supplier_sku":"","barcode":null,"atum_controlled":true,"out_stock_date":null,"out_stock_threshold":null,"inheritable":true,"inbound_stock":null,"stock_on_hold":0,"sold_today":0,"sales_last_days":0,"reserved_stock":null,"customer_returns":null,"warehouse_damage":null,"lost_in_post":null,"other_logs":null,"out_stock_days":0,"lost_sales":0,"has_location":true,"update_date":"2026-04-20T05:03:07","atum_locations":[{"id":41,"name":"Bilbao","slug":"bilbao"}],"atum_stock_status":"instock","restock_status":false,"low_stock_amount":"","sales_update_date":"2026-04-20T05:03:07","calc_backorders":null,"_links":{"self":[{"href":"https:\/\/www.kibotek.com\/fr\/wp-json\/wp\/v2\/product\/59768","targetHints":{"allow":["GET"]}}],"collection":[{"href":"https:\/\/www.kibotek.com\/fr\/wp-json\/wp\/v2\/product"}],"about":[{"href":"https:\/\/www.kibotek.com\/fr\/wp-json\/wp\/v2\/types\/product"}],"replies":[{"embeddable":true,"href":"https:\/\/www.kibotek.com\/fr\/wp-json\/wp\/v2\/comments?post=59768"}],"version-history":[{"count":1,"href":"https:\/\/www.kibotek.com\/fr\/wp-json\/wp\/v2\/product\/59768\/revisions"}],"predecessor-version":[{"id":74639,"href":"https:\/\/www.kibotek.com\/fr\/wp-json\/wp\/v2\/product\/59768\/revisions\/74639"}],"wp:featuredmedia":[{"embeddable":true,"href":"https:\/\/www.kibotek.com\/fr\/wp-json\/wp\/v2\/media\/68233"}],"wp:attachment":[{"href":"https:\/\/www.kibotek.com\/fr\/wp-json\/wp\/v2\/media?parent=59768"}],"wp:term":[{"taxonomy":"product_brand","embeddable":true,"href":"https:\/\/www.kibotek.com\/fr\/wp-json\/wp\/v2\/product_brand?post=59768"},{"taxonomy":"product_cat","embeddable":true,"href":"https:\/\/www.kibotek.com\/fr\/wp-json\/wp\/v2\/product_cat?post=59768"},{"taxonomy":"product_tag","embeddable":true,"href":"https:\/\/www.kibotek.com\/fr\/wp-json\/wp\/v2\/product_tag?post=59768"}],"curies":[{"name":"wp","href":"https:\/\/api.w.org\/{rel}","templated":true}]}}