{"id":54177,"date":"2024-08-26T16:27:46","date_gmt":"2024-08-26T14:27:46","guid":{"rendered":"https:\/\/www.kibotek.com\/?post_type=product&#038;p=54177"},"modified":"2026-04-19T22:59:01","modified_gmt":"2026-04-19T20:59:01","slug":"console-retro-portable-anbernic-rg40xxv","status":"publish","type":"product","link":"https:\/\/www.kibotek.com\/fr\/kibostore\/anbernic-rg40xxv-consola-retro-portable\/","title":{"rendered":"Console r\u00e9tro portative Anbernic RG40XXV"},"content":{"rendered":"<h3>Achetez la console r\u00e9tro portable Anbernic RG40XXV<\/h3>\n<h3>Exp\u00e9dition depuis l&#039;Espagne vers l&#039;Europe sous 24\/72 heures et garantie europ\u00e9enne.<\/h3>\n<h3>sp\u00e9cifications<\/h3>\n<ul>\n<li><span style=\"color: #ff0000;\"><strong>\u00c9TUI DE TRANSPORT CADEAU<\/strong><\/span><\/li>\n<li><span style=\"color: #ff0000;\"><strong>CARTE SD CADEAU 64GB<\/strong><\/span><\/li>\n<li>\u00c9cran IPS OCA de 4 pouces<\/li>\n<li>R\u00e9solution 640 x 480 pixels<\/li>\n<li><strong>Effet d&#039;\u00e9clairage RGB<\/strong><\/li>\n<li>Syst\u00e8me d&#039;exploitation Linux<\/li>\n<li><strong>\u00c9mulateurs\u00a0: PSP, PlayStation 1, Arcade, NeoGeo, MAME, Sega Genesis\u2026<\/strong><\/li>\n<li>Processeur ARM Cortex-A53 quadric\u0153ur H700, fr\u00e9quence 1,5 GHzU<\/li>\n<li>GPU G31 MP2 double c\u0153ur<\/li>\n<li>Contr\u00f4le avec les boutons L1 \/ L2 et R1 \/ R2<\/li>\n<li><strong>RAM 1GB LPDDR4<\/strong><\/li>\n<li><strong>sortie mini-HDMI<\/strong><\/li>\n<li>Wi-Fi 2.4\/5G 802.11a\/b\/g\/n\/ac, Bluetooth 4.2.<\/li>\n<li>Port USB Type-C, OTG-USB et prise audio 3,5 mm<\/li>\n<li>Batterie 3200mah jusqu&#039;\u00e0 6 heures d&#039;utilisation<\/li>\n<li>Dimensions 13,9 cm x 9,2 cm x 2,2 cm<\/li>\n<li>Poids 216 gr<\/li>\n<\/ul>\n<h3>\u00c9TUI DE TRANSPORT GRATUIT AVEC VOTRE COMMANDE<\/h3>\n<p><img loading=\"lazy\" decoding=\"async\" class=\"alignleft wp-image-54182 size-large\" src=\"https:\/\/www.kibotek.com\/wp-content\/uploads\/2024\/08\/kiboTEK_anbernic_rg40xxv_001-1024x345.jpg\" alt=\"\" width=\"1024\" height=\"345\" title=\"\" srcset=\"https:\/\/www.kibotek.com\/wp-content\/uploads\/2024\/08\/kiboTEK_anbernic_rg40xxv_001-1024x345.jpg 1024w, https:\/\/www.kibotek.com\/wp-content\/uploads\/2024\/08\/kiboTEK_anbernic_rg40xxv_001-430x145.jpg 430w, https:\/\/www.kibotek.com\/wp-content\/uploads\/2024\/08\/kiboTEK_anbernic_rg40xxv_001-150x51.jpg 150w, https:\/\/www.kibotek.com\/wp-content\/uploads\/2024\/08\/kiboTEK_anbernic_rg40xxv_001-700x236.jpg 700w, https:\/\/www.kibotek.com\/wp-content\/uploads\/2024\/08\/kiboTEK_anbernic_rg40xxv_001-300x101.jpg 300w, https:\/\/www.kibotek.com\/wp-content\/uploads\/2024\/08\/kiboTEK_anbernic_rg40xxv_001-768x259.jpg 768w, https:\/\/www.kibotek.com\/wp-content\/uploads\/2024\/08\/kiboTEK_anbernic_rg40xxv_001-1536x517.jpg 1536w, https:\/\/www.kibotek.com\/wp-content\/uploads\/2024\/08\/kiboTEK_anbernic_rg40xxv_001-18x6.jpg 18w, https:\/\/www.kibotek.com\/wp-content\/uploads\/2024\/08\/kiboTEK_anbernic_rg40xxv_001.jpg 1684w\" sizes=\"auto, (max-width: 1024px) 100vw, 1024px\" \/><\/p>\n<p>Le petit de la maison arrive, la nouvelle mini console r\u00e9tro portable d&#039;Anbernic RG40XXV Portable Retro Console<strong>.<\/strong> Chez kiboTEK nous avons d\u00e9j\u00e0 cette nouvelle console qui vient <strong>concurrencer directement la mini console r\u00e9tro Miyo \u00e0 succ\u00e8s et am\u00e9liorer son pr\u00e9d\u00e9cesseur.<\/strong><\/p>\n<h3>\u00c9cran IPS OCA de 4\u2033<\/h3>\n<p>Quant \u00e0 l&#039;\u00e9cran, on retrouve une dalle Oca IPS de 4 pouces avec une r\u00e9solution de 640 par 480 pixels. L&#039;apparence de cette nouvelle console RG40XXV nous rappelle la l\u00e9gendaire Game Boy, gr\u00e2ce \u00e0 ce rapport hauteur\/largeur nous pourrons <strong>profitez des jeux les plus mythiques des ann\u00e9es 80 et 90<\/strong>.<\/p>\n<h3>Processeur H700 avec RAM 1GB<\/h3>\n<p>Quant au processeur, on retrouve une salle des machines capable d&#039;\u00e9muler des consoles telles que<strong> PlayStation 1 ou Mega Drive.<\/strong> Logiquement, \u00e9tant dans la fourchette de prix en dessous de 100 euros, ne vous attendez pas \u00e0 pouvoir jouer sur des plateformes plus exigeantes comme la PSP, mais en tenant compte <strong>le prix comp\u00e9titif de cette console<\/strong> C&#039;est une option parfaite pour ceux qui veulent jouer directement aux jeux les plus mythiques sans avoir \u00e0 effectuer trop de configurations. <strong>1 RAM GB LPDDR4 pour augmenter la puissance par rapport \u00e0 son pr\u00e9d\u00e9cesseur.<\/strong><\/p>\n<h3>Compatible avec les principaux \u00e9mulateurs<\/h3>\n<p>Comme nous l&#039;avons mentionn\u00e9 pr\u00e9c\u00e9demment, cette console Anbernic RG40XXV est capable d&#039;\u00e9muler jusqu&#039;\u00e0 la PlayStation 1, en dessous de laquelle nous pouvons jouer sur n&#039;importe quelle plateforme telle que<strong> PlayStation, PSP, Neo Geo, MAME, Mega Drive, Capcom<\/strong>\u00a0et beaucoup plus. Si ce que vous recherchez est une console de poche pour jouer \u00e0 des jeux n&#039;importe o\u00f9, celle-ci en est une. <strong>l&#039;une des meilleures options sur le march\u00e9.<\/strong><\/p>\n<h3>Batterie 3200mAh jusqu&#039;\u00e0 6 heures<\/h3>\n<p>Dans la section autonomie, bien que nous ayons de petites dimensions de console, nous disposons d&#039;une batterie de 3 300 milliamp\u00e8res qui nous fournira jusqu&#039;\u00e0 6<strong>\u00a0Heures d&#039;utilisation<\/strong>. Plus qu&#039;assez de temps pour passer un jeu ou un autre.<\/p>\n<h3>emmenez-le o\u00f9 vous voulez<\/h3>\n<p>Sa petite taille mais conservant un \u00e9cran de 4 pouces est un des attraits de cette nouvelle console Anbernic RG40XXV. Vous pouvez l&#039;emporter avec vous pratiquement partout et <strong>se glisse facilement dans n&#039;importe quelle poche de pantalon.<\/strong><\/p>\n<h3>Bouton analogique r\u00e9tro\u00e9clair\u00e9<\/h3>\n<p>RGB \u00c9clairage par joystick de 16 millions de couleurs, prend en charge la lumi\u00e8re constante, la respiration, l&#039;arc-en-ciel, le chapiteau, la poursuite, les jeux et autres effets de lumi\u00e8re, prend en charge la personnalisation de la couleur et le r\u00e9glage de la luminosit\u00e9.<\/p>\n<h3>Connexion HDMI \u00e0 votre t\u00e9l\u00e9viseur<\/h3>\n<p>Bien s\u00fbr, nous avons une connexion Internet <strong>Prise jack 3,5 pour connecter nos \u00e9couteurs<\/strong>. Un autre avantage important de cette nouvelle console Anbernic RG40XXV est la possibilit\u00e9 de la connecter \u00e0 notre t\u00e9l\u00e9viseur gr\u00e2ce \u00e0 la sortie mini HDMI int\u00e9gr\u00e9e. Gr\u00e2ce \u00e0 cela nous pouvons <strong>\u00e9coutez nos titres pr\u00e9f\u00e9r\u00e9s sur grand \u00e9cran<\/strong> simplement en connectant le c\u00e2ble HDMI.<\/p>\n<p>Chez kiboTEK, vous pouvez acheter la console r\u00e9tro portable Anbernic RG40XXV avec la garantie et la s\u00e9curit\u00e9 de la meilleure boutique en ligne d&#039;Espagne et d&#039;Europe.<\/p>\n<p>Chez kiboTEK, nous exp\u00e9dions la console r\u00e9tro portable Anbernic Anbernic RG40XXV dans plus de 29 pays diff\u00e9rents en Europe en 24\/72 heures avec une garantie de 3 ans. V\u00e9rifiez et calculez les frais d&#039;exp\u00e9dition dans le panier en ins\u00e9rant votre adresse. <strong>Frais gratuits pour l&#039;Espagne \u00e0 partir de 100 \u20ac<\/strong>.<\/p>\n<p><img loading=\"lazy\" decoding=\"async\" class=\"alignleft wp-image-54186 size-large\" src=\"https:\/\/www.kibotek.com\/wp-content\/uploads\/2024\/08\/kiboTEK_anbernic_rg40xxv_003-1024x1024.png\" alt=\"\" width=\"1024\" height=\"1024\" title=\"\" srcset=\"https:\/\/www.kibotek.com\/wp-content\/uploads\/2024\/08\/kiboTEK_anbernic_rg40xxv_003-1024x1024.png 1024w, https:\/\/www.kibotek.com\/wp-content\/uploads\/2024\/08\/kiboTEK_anbernic_rg40xxv_003-430x430.png 430w, https:\/\/www.kibotek.com\/wp-content\/uploads\/2024\/08\/kiboTEK_anbernic_rg40xxv_003-150x150.png 150w, https:\/\/www.kibotek.com\/wp-content\/uploads\/2024\/08\/kiboTEK_anbernic_rg40xxv_003-700x700.png 700w, https:\/\/www.kibotek.com\/wp-content\/uploads\/2024\/08\/kiboTEK_anbernic_rg40xxv_003-300x300.png 300w, https:\/\/www.kibotek.com\/wp-content\/uploads\/2024\/08\/kiboTEK_anbernic_rg40xxv_003-768x768.png 768w, https:\/\/www.kibotek.com\/wp-content\/uploads\/2024\/08\/kiboTEK_anbernic_rg40xxv_003-12x12.png 12w, https:\/\/www.kibotek.com\/wp-content\/uploads\/2024\/08\/kiboTEK_anbernic_rg40xxv_003-50x50.png 50w, https:\/\/www.kibotek.com\/wp-content\/uploads\/2024\/08\/kiboTEK_anbernic_rg40xxv_003-100x100.png 100w, https:\/\/www.kibotek.com\/wp-content\/uploads\/2024\/08\/kiboTEK_anbernic_rg40xxv_003-32x32.png 32w, https:\/\/www.kibotek.com\/wp-content\/uploads\/2024\/08\/kiboTEK_anbernic_rg40xxv_003.png 1200w\" sizes=\"auto, (max-width: 1024px) 100vw, 1024px\" \/> <img loading=\"lazy\" decoding=\"async\" class=\"alignleft wp-image-54190 size-large\" src=\"https:\/\/www.kibotek.com\/wp-content\/uploads\/2024\/08\/kiboTEK_anbernic_rg40xxv_008-1024x1024.png\" alt=\"\" width=\"1024\" height=\"1024\" title=\"\" srcset=\"https:\/\/www.kibotek.com\/wp-content\/uploads\/2024\/08\/kiboTEK_anbernic_rg40xxv_008-1024x1024.png 1024w, https:\/\/www.kibotek.com\/wp-content\/uploads\/2024\/08\/kiboTEK_anbernic_rg40xxv_008-430x430.png 430w, https:\/\/www.kibotek.com\/wp-content\/uploads\/2024\/08\/kiboTEK_anbernic_rg40xxv_008-150x150.png 150w, https:\/\/www.kibotek.com\/wp-content\/uploads\/2024\/08\/kiboTEK_anbernic_rg40xxv_008-700x700.png 700w, https:\/\/www.kibotek.com\/wp-content\/uploads\/2024\/08\/kiboTEK_anbernic_rg40xxv_008-300x300.png 300w, https:\/\/www.kibotek.com\/wp-content\/uploads\/2024\/08\/kiboTEK_anbernic_rg40xxv_008-768x768.png 768w, https:\/\/www.kibotek.com\/wp-content\/uploads\/2024\/08\/kiboTEK_anbernic_rg40xxv_008-12x12.png 12w, https:\/\/www.kibotek.com\/wp-content\/uploads\/2024\/08\/kiboTEK_anbernic_rg40xxv_008-50x50.png 50w, https:\/\/www.kibotek.com\/wp-content\/uploads\/2024\/08\/kiboTEK_anbernic_rg40xxv_008-100x100.png 100w, https:\/\/www.kibotek.com\/wp-content\/uploads\/2024\/08\/kiboTEK_anbernic_rg40xxv_008-32x32.png 32w, https:\/\/www.kibotek.com\/wp-content\/uploads\/2024\/08\/kiboTEK_anbernic_rg40xxv_008.png 1200w\" sizes=\"auto, (max-width: 1024px) 100vw, 1024px\" \/> <img loading=\"lazy\" decoding=\"async\" class=\"alignleft wp-image-54191 size-large\" src=\"https:\/\/www.kibotek.com\/wp-content\/uploads\/2024\/08\/kiboTEK_anbernic_rg40xxv_009-1024x1024.png\" alt=\"\" width=\"1024\" height=\"1024\" title=\"\" srcset=\"https:\/\/www.kibotek.com\/wp-content\/uploads\/2024\/08\/kiboTEK_anbernic_rg40xxv_009-1024x1024.png 1024w, https:\/\/www.kibotek.com\/wp-content\/uploads\/2024\/08\/kiboTEK_anbernic_rg40xxv_009-430x430.png 430w, https:\/\/www.kibotek.com\/wp-content\/uploads\/2024\/08\/kiboTEK_anbernic_rg40xxv_009-150x150.png 150w, https:\/\/www.kibotek.com\/wp-content\/uploads\/2024\/08\/kiboTEK_anbernic_rg40xxv_009-700x700.png 700w, https:\/\/www.kibotek.com\/wp-content\/uploads\/2024\/08\/kiboTEK_anbernic_rg40xxv_009-300x300.png 300w, https:\/\/www.kibotek.com\/wp-content\/uploads\/2024\/08\/kiboTEK_anbernic_rg40xxv_009-768x768.png 768w, https:\/\/www.kibotek.com\/wp-content\/uploads\/2024\/08\/kiboTEK_anbernic_rg40xxv_009-12x12.png 12w, https:\/\/www.kibotek.com\/wp-content\/uploads\/2024\/08\/kiboTEK_anbernic_rg40xxv_009-50x50.png 50w, https:\/\/www.kibotek.com\/wp-content\/uploads\/2024\/08\/kiboTEK_anbernic_rg40xxv_009-100x100.png 100w, https:\/\/www.kibotek.com\/wp-content\/uploads\/2024\/08\/kiboTEK_anbernic_rg40xxv_009-32x32.png 32w, https:\/\/www.kibotek.com\/wp-content\/uploads\/2024\/08\/kiboTEK_anbernic_rg40xxv_009.png 1200w\" sizes=\"auto, (max-width: 1024px) 100vw, 1024px\" \/> <img loading=\"lazy\" decoding=\"async\" class=\"alignleft wp-image-54189 size-large\" src=\"https:\/\/www.kibotek.com\/wp-content\/uploads\/2024\/08\/kiboTEK_anbernic_rg40xxv_007-1024x1024.png\" alt=\"\" width=\"1024\" height=\"1024\" title=\"\" srcset=\"https:\/\/www.kibotek.com\/wp-content\/uploads\/2024\/08\/kiboTEK_anbernic_rg40xxv_007-1024x1024.png 1024w, https:\/\/www.kibotek.com\/wp-content\/uploads\/2024\/08\/kiboTEK_anbernic_rg40xxv_007-430x430.png 430w, https:\/\/www.kibotek.com\/wp-content\/uploads\/2024\/08\/kiboTEK_anbernic_rg40xxv_007-150x150.png 150w, https:\/\/www.kibotek.com\/wp-content\/uploads\/2024\/08\/kiboTEK_anbernic_rg40xxv_007-700x700.png 700w, https:\/\/www.kibotek.com\/wp-content\/uploads\/2024\/08\/kiboTEK_anbernic_rg40xxv_007-300x300.png 300w, https:\/\/www.kibotek.com\/wp-content\/uploads\/2024\/08\/kiboTEK_anbernic_rg40xxv_007-768x768.png 768w, https:\/\/www.kibotek.com\/wp-content\/uploads\/2024\/08\/kiboTEK_anbernic_rg40xxv_007-12x12.png 12w, https:\/\/www.kibotek.com\/wp-content\/uploads\/2024\/08\/kiboTEK_anbernic_rg40xxv_007-50x50.png 50w, https:\/\/www.kibotek.com\/wp-content\/uploads\/2024\/08\/kiboTEK_anbernic_rg40xxv_007-100x100.png 100w, https:\/\/www.kibotek.com\/wp-content\/uploads\/2024\/08\/kiboTEK_anbernic_rg40xxv_007-32x32.png 32w, https:\/\/www.kibotek.com\/wp-content\/uploads\/2024\/08\/kiboTEK_anbernic_rg40xxv_007.png 1200w\" sizes=\"auto, (max-width: 1024px) 100vw, 1024px\" \/> <img loading=\"lazy\" decoding=\"async\" class=\"alignleft wp-image-54188 size-large\" src=\"https:\/\/www.kibotek.com\/wp-content\/uploads\/2024\/08\/kiboTEK_anbernic_rg40xxv_006-1024x1024.png\" alt=\"\" width=\"1024\" height=\"1024\" title=\"\" srcset=\"https:\/\/www.kibotek.com\/wp-content\/uploads\/2024\/08\/kiboTEK_anbernic_rg40xxv_006-1024x1024.png 1024w, https:\/\/www.kibotek.com\/wp-content\/uploads\/2024\/08\/kiboTEK_anbernic_rg40xxv_006-430x430.png 430w, https:\/\/www.kibotek.com\/wp-content\/uploads\/2024\/08\/kiboTEK_anbernic_rg40xxv_006-150x150.png 150w, https:\/\/www.kibotek.com\/wp-content\/uploads\/2024\/08\/kiboTEK_anbernic_rg40xxv_006-700x700.png 700w, https:\/\/www.kibotek.com\/wp-content\/uploads\/2024\/08\/kiboTEK_anbernic_rg40xxv_006-300x300.png 300w, https:\/\/www.kibotek.com\/wp-content\/uploads\/2024\/08\/kiboTEK_anbernic_rg40xxv_006-768x768.png 768w, https:\/\/www.kibotek.com\/wp-content\/uploads\/2024\/08\/kiboTEK_anbernic_rg40xxv_006-12x12.png 12w, https:\/\/www.kibotek.com\/wp-content\/uploads\/2024\/08\/kiboTEK_anbernic_rg40xxv_006-50x50.png 50w, https:\/\/www.kibotek.com\/wp-content\/uploads\/2024\/08\/kiboTEK_anbernic_rg40xxv_006-100x100.png 100w, https:\/\/www.kibotek.com\/wp-content\/uploads\/2024\/08\/kiboTEK_anbernic_rg40xxv_006-32x32.png 32w, https:\/\/www.kibotek.com\/wp-content\/uploads\/2024\/08\/kiboTEK_anbernic_rg40xxv_006.png 1200w\" sizes=\"auto, (max-width: 1024px) 100vw, 1024px\" \/> <img loading=\"lazy\" decoding=\"async\" class=\"alignleft wp-image-54193 size-large\" src=\"https:\/\/www.kibotek.com\/wp-content\/uploads\/2024\/08\/kiboTEK_anbernic_rg40xxv_011-1024x1024.png\" alt=\"\" width=\"1024\" height=\"1024\" title=\"\" srcset=\"https:\/\/www.kibotek.com\/wp-content\/uploads\/2024\/08\/kiboTEK_anbernic_rg40xxv_011-1024x1024.png 1024w, https:\/\/www.kibotek.com\/wp-content\/uploads\/2024\/08\/kiboTEK_anbernic_rg40xxv_011-430x430.png 430w, https:\/\/www.kibotek.com\/wp-content\/uploads\/2024\/08\/kiboTEK_anbernic_rg40xxv_011-150x150.png 150w, https:\/\/www.kibotek.com\/wp-content\/uploads\/2024\/08\/kiboTEK_anbernic_rg40xxv_011-700x700.png 700w, https:\/\/www.kibotek.com\/wp-content\/uploads\/2024\/08\/kiboTEK_anbernic_rg40xxv_011-300x300.png 300w, https:\/\/www.kibotek.com\/wp-content\/uploads\/2024\/08\/kiboTEK_anbernic_rg40xxv_011-768x768.png 768w, https:\/\/www.kibotek.com\/wp-content\/uploads\/2024\/08\/kiboTEK_anbernic_rg40xxv_011-12x12.png 12w, https:\/\/www.kibotek.com\/wp-content\/uploads\/2024\/08\/kiboTEK_anbernic_rg40xxv_011-50x50.png 50w, https:\/\/www.kibotek.com\/wp-content\/uploads\/2024\/08\/kiboTEK_anbernic_rg40xxv_011-100x100.png 100w, https:\/\/www.kibotek.com\/wp-content\/uploads\/2024\/08\/kiboTEK_anbernic_rg40xxv_011-32x32.png 32w, https:\/\/www.kibotek.com\/wp-content\/uploads\/2024\/08\/kiboTEK_anbernic_rg40xxv_011.png 1200w\" sizes=\"auto, (max-width: 1024px) 100vw, 1024px\" \/> <img loading=\"lazy\" decoding=\"async\" class=\"alignleft wp-image-54192 size-large\" src=\"https:\/\/www.kibotek.com\/wp-content\/uploads\/2024\/08\/kiboTEK_anbernic_rg40xxv_010-1024x1024.png\" alt=\"\" width=\"1024\" height=\"1024\" title=\"\" srcset=\"https:\/\/www.kibotek.com\/wp-content\/uploads\/2024\/08\/kiboTEK_anbernic_rg40xxv_010-1024x1024.png 1024w, https:\/\/www.kibotek.com\/wp-content\/uploads\/2024\/08\/kiboTEK_anbernic_rg40xxv_010-430x430.png 430w, https:\/\/www.kibotek.com\/wp-content\/uploads\/2024\/08\/kiboTEK_anbernic_rg40xxv_010-150x150.png 150w, https:\/\/www.kibotek.com\/wp-content\/uploads\/2024\/08\/kiboTEK_anbernic_rg40xxv_010-700x700.png 700w, https:\/\/www.kibotek.com\/wp-content\/uploads\/2024\/08\/kiboTEK_anbernic_rg40xxv_010-300x300.png 300w, https:\/\/www.kibotek.com\/wp-content\/uploads\/2024\/08\/kiboTEK_anbernic_rg40xxv_010-768x768.png 768w, https:\/\/www.kibotek.com\/wp-content\/uploads\/2024\/08\/kiboTEK_anbernic_rg40xxv_010-12x12.png 12w, https:\/\/www.kibotek.com\/wp-content\/uploads\/2024\/08\/kiboTEK_anbernic_rg40xxv_010-50x50.png 50w, https:\/\/www.kibotek.com\/wp-content\/uploads\/2024\/08\/kiboTEK_anbernic_rg40xxv_010-100x100.png 100w, https:\/\/www.kibotek.com\/wp-content\/uploads\/2024\/08\/kiboTEK_anbernic_rg40xxv_010-32x32.png 32w, https:\/\/www.kibotek.com\/wp-content\/uploads\/2024\/08\/kiboTEK_anbernic_rg40xxv_010.png 1200w\" sizes=\"auto, (max-width: 1024px) 100vw, 1024px\" \/> <img loading=\"lazy\" decoding=\"async\" class=\"alignleft wp-image-54187 size-large\" src=\"https:\/\/www.kibotek.com\/wp-content\/uploads\/2024\/08\/kiboTEK_anbernic_rg40xxv_005-1024x1024.png\" alt=\"\" width=\"1024\" height=\"1024\" title=\"\" srcset=\"https:\/\/www.kibotek.com\/wp-content\/uploads\/2024\/08\/kiboTEK_anbernic_rg40xxv_005-1024x1024.png 1024w, https:\/\/www.kibotek.com\/wp-content\/uploads\/2024\/08\/kiboTEK_anbernic_rg40xxv_005-430x430.png 430w, https:\/\/www.kibotek.com\/wp-content\/uploads\/2024\/08\/kiboTEK_anbernic_rg40xxv_005-150x150.png 150w, https:\/\/www.kibotek.com\/wp-content\/uploads\/2024\/08\/kiboTEK_anbernic_rg40xxv_005-700x700.png 700w, https:\/\/www.kibotek.com\/wp-content\/uploads\/2024\/08\/kiboTEK_anbernic_rg40xxv_005-300x300.png 300w, https:\/\/www.kibotek.com\/wp-content\/uploads\/2024\/08\/kiboTEK_anbernic_rg40xxv_005-768x768.png 768w, https:\/\/www.kibotek.com\/wp-content\/uploads\/2024\/08\/kiboTEK_anbernic_rg40xxv_005-12x12.png 12w, https:\/\/www.kibotek.com\/wp-content\/uploads\/2024\/08\/kiboTEK_anbernic_rg40xxv_005-50x50.png 50w, https:\/\/www.kibotek.com\/wp-content\/uploads\/2024\/08\/kiboTEK_anbernic_rg40xxv_005-100x100.png 100w, https:\/\/www.kibotek.com\/wp-content\/uploads\/2024\/08\/kiboTEK_anbernic_rg40xxv_005-32x32.png 32w, https:\/\/www.kibotek.com\/wp-content\/uploads\/2024\/08\/kiboTEK_anbernic_rg40xxv_005.png 1200w\" sizes=\"auto, (max-width: 1024px) 100vw, 1024px\" \/> <img loading=\"lazy\" decoding=\"async\" class=\"alignleft wp-image-54194 size-large\" src=\"https:\/\/www.kibotek.com\/wp-content\/uploads\/2024\/08\/kiboTEK_anbernic_rg40xxv_004-1024x1024.png\" alt=\"\" width=\"1024\" height=\"1024\" title=\"\" srcset=\"https:\/\/www.kibotek.com\/wp-content\/uploads\/2024\/08\/kiboTEK_anbernic_rg40xxv_004-1024x1024.png 1024w, https:\/\/www.kibotek.com\/wp-content\/uploads\/2024\/08\/kiboTEK_anbernic_rg40xxv_004-430x430.png 430w, https:\/\/www.kibotek.com\/wp-content\/uploads\/2024\/08\/kiboTEK_anbernic_rg40xxv_004-150x150.png 150w, https:\/\/www.kibotek.com\/wp-content\/uploads\/2024\/08\/kiboTEK_anbernic_rg40xxv_004-700x700.png 700w, https:\/\/www.kibotek.com\/wp-content\/uploads\/2024\/08\/kiboTEK_anbernic_rg40xxv_004-300x300.png 300w, https:\/\/www.kibotek.com\/wp-content\/uploads\/2024\/08\/kiboTEK_anbernic_rg40xxv_004-768x768.png 768w, https:\/\/www.kibotek.com\/wp-content\/uploads\/2024\/08\/kiboTEK_anbernic_rg40xxv_004-12x12.png 12w, https:\/\/www.kibotek.com\/wp-content\/uploads\/2024\/08\/kiboTEK_anbernic_rg40xxv_004-50x50.png 50w, https:\/\/www.kibotek.com\/wp-content\/uploads\/2024\/08\/kiboTEK_anbernic_rg40xxv_004-100x100.png 100w, https:\/\/www.kibotek.com\/wp-content\/uploads\/2024\/08\/kiboTEK_anbernic_rg40xxv_004-32x32.png 32w, https:\/\/www.kibotek.com\/wp-content\/uploads\/2024\/08\/kiboTEK_anbernic_rg40xxv_004.png 1200w\" sizes=\"auto, (max-width: 1024px) 100vw, 1024px\" \/> <img loading=\"lazy\" decoding=\"async\" class=\"alignleft wp-image-54185 size-full\" src=\"https:\/\/www.kibotek.com\/wp-content\/uploads\/2024\/08\/kiboTEK_anbernic_rg40xxv_002.png\" alt=\"\" width=\"800\" height=\"800\" title=\"\" srcset=\"https:\/\/www.kibotek.com\/wp-content\/uploads\/2024\/08\/kiboTEK_anbernic_rg40xxv_002.png 800w, https:\/\/www.kibotek.com\/wp-content\/uploads\/2024\/08\/kiboTEK_anbernic_rg40xxv_002-430x430.png 430w, https:\/\/www.kibotek.com\/wp-content\/uploads\/2024\/08\/kiboTEK_anbernic_rg40xxv_002-150x150.png 150w, https:\/\/www.kibotek.com\/wp-content\/uploads\/2024\/08\/kiboTEK_anbernic_rg40xxv_002-700x700.png 700w, https:\/\/www.kibotek.com\/wp-content\/uploads\/2024\/08\/kiboTEK_anbernic_rg40xxv_002-300x300.png 300w, https:\/\/www.kibotek.com\/wp-content\/uploads\/2024\/08\/kiboTEK_anbernic_rg40xxv_002-768x768.png 768w, https:\/\/www.kibotek.com\/wp-content\/uploads\/2024\/08\/kiboTEK_anbernic_rg40xxv_002-12x12.png 12w, https:\/\/www.kibotek.com\/wp-content\/uploads\/2024\/08\/kiboTEK_anbernic_rg40xxv_002-50x50.png 50w, https:\/\/www.kibotek.com\/wp-content\/uploads\/2024\/08\/kiboTEK_anbernic_rg40xxv_002-100x100.png 100w, https:\/\/www.kibotek.com\/wp-content\/uploads\/2024\/08\/kiboTEK_anbernic_rg40xxv_002-32x32.png 32w\" sizes=\"auto, (max-width: 800px) 100vw, 800px\" \/> <img loading=\"lazy\" decoding=\"async\" class=\"alignleft wp-image-54183 size-full\" src=\"https:\/\/www.kibotek.com\/wp-content\/uploads\/2024\/08\/kiboTEK_anbernic_rg40xxv_012.png\" alt=\"\" width=\"800\" height=\"800\" title=\"\" srcset=\"https:\/\/www.kibotek.com\/wp-content\/uploads\/2024\/08\/kiboTEK_anbernic_rg40xxv_012.png 800w, https:\/\/www.kibotek.com\/wp-content\/uploads\/2024\/08\/kiboTEK_anbernic_rg40xxv_012-430x430.png 430w, https:\/\/www.kibotek.com\/wp-content\/uploads\/2024\/08\/kiboTEK_anbernic_rg40xxv_012-150x150.png 150w, https:\/\/www.kibotek.com\/wp-content\/uploads\/2024\/08\/kiboTEK_anbernic_rg40xxv_012-700x700.png 700w, https:\/\/www.kibotek.com\/wp-content\/uploads\/2024\/08\/kiboTEK_anbernic_rg40xxv_012-300x300.png 300w, https:\/\/www.kibotek.com\/wp-content\/uploads\/2024\/08\/kiboTEK_anbernic_rg40xxv_012-768x768.png 768w, https:\/\/www.kibotek.com\/wp-content\/uploads\/2024\/08\/kiboTEK_anbernic_rg40xxv_012-12x12.png 12w, https:\/\/www.kibotek.com\/wp-content\/uploads\/2024\/08\/kiboTEK_anbernic_rg40xxv_012-50x50.png 50w, https:\/\/www.kibotek.com\/wp-content\/uploads\/2024\/08\/kiboTEK_anbernic_rg40xxv_012-100x100.png 100w, https:\/\/www.kibotek.com\/wp-content\/uploads\/2024\/08\/kiboTEK_anbernic_rg40xxv_012-32x32.png 32w\" sizes=\"auto, (max-width: 800px) 100vw, 800px\" \/> <img loading=\"lazy\" decoding=\"async\" class=\"alignleft wp-image-54184 size-full\" src=\"https:\/\/www.kibotek.com\/wp-content\/uploads\/2024\/08\/kiboTEK_anbernic_rg40xxv_013.png\" alt=\"\" width=\"800\" height=\"800\" title=\"\" srcset=\"https:\/\/www.kibotek.com\/wp-content\/uploads\/2024\/08\/kiboTEK_anbernic_rg40xxv_013.png 800w, https:\/\/www.kibotek.com\/wp-content\/uploads\/2024\/08\/kiboTEK_anbernic_rg40xxv_013-430x430.png 430w, https:\/\/www.kibotek.com\/wp-content\/uploads\/2024\/08\/kiboTEK_anbernic_rg40xxv_013-150x150.png 150w, https:\/\/www.kibotek.com\/wp-content\/uploads\/2024\/08\/kiboTEK_anbernic_rg40xxv_013-700x700.png 700w, https:\/\/www.kibotek.com\/wp-content\/uploads\/2024\/08\/kiboTEK_anbernic_rg40xxv_013-300x300.png 300w, https:\/\/www.kibotek.com\/wp-content\/uploads\/2024\/08\/kiboTEK_anbernic_rg40xxv_013-768x768.png 768w, https:\/\/www.kibotek.com\/wp-content\/uploads\/2024\/08\/kiboTEK_anbernic_rg40xxv_013-12x12.png 12w, https:\/\/www.kibotek.com\/wp-content\/uploads\/2024\/08\/kiboTEK_anbernic_rg40xxv_013-50x50.png 50w, https:\/\/www.kibotek.com\/wp-content\/uploads\/2024\/08\/kiboTEK_anbernic_rg40xxv_013-100x100.png 100w, https:\/\/www.kibotek.com\/wp-content\/uploads\/2024\/08\/kiboTEK_anbernic_rg40xxv_013-32x32.png 32w\" sizes=\"auto, (max-width: 800px) 100vw, 800px\" \/><\/p>\n<p>&nbsp;<\/p>","protected":false},"excerpt":{"rendered":"<p><strong><em>ACHETEZ MAINTENANT ET <\/em><\/strong><strong><em>RECEVEZ EN 24\/72H \ud83d\ude80<\/em><\/strong><\/p>","protected":false},"featured_media":56627,"comment_status":"open","ping_status":"closed","template":"","meta":{"iawp_total_views":2157},"product_brand":[8167],"product_cat":[5514,7809],"product_tag":[7698,6771,7752,1794],"class_list":{"0":"post-54177","1":"product","2":"type-product","3":"status-publish","4":"has-post-thumbnail","6":"product_brand-anbernic","7":"product_cat-consolas-retro-gaming-arcade-bartop-pandora-box-anbernic-powkiddy","8":"product_cat-consolas-retro","9":"product_tag-all","10":"product_tag-ofertas","11":"product_tag-presale","12":"product_tag-top10","14":"first","15":"instock","16":"sale","17":"featured","18":"taxable","19":"shipping-taxable","20":"purchasable","21":"product-type-variable","22":"has-default-attributes"},"supplier_id":null,"supplier_sku":"","barcode":null,"atum_controlled":true,"out_stock_date":null,"out_stock_threshold":null,"inheritable":true,"inbound_stock":null,"stock_on_hold":0,"sold_today":0,"sales_last_days":0,"reserved_stock":null,"customer_returns":null,"warehouse_damage":null,"lost_in_post":null,"other_logs":null,"out_stock_days":0,"lost_sales":0,"has_location":true,"update_date":"2026-04-20T05:03:23","atum_locations":[{"id":41,"name":"Bilbao","slug":"bilbao"}],"atum_stock_status":"instock","restock_status":false,"low_stock_amount":"","sales_update_date":"2026-04-20T05:03:23","calc_backorders":null,"_links":{"self":[{"href":"https:\/\/www.kibotek.com\/fr\/wp-json\/wp\/v2\/product\/54177","targetHints":{"allow":["GET"]}}],"collection":[{"href":"https:\/\/www.kibotek.com\/fr\/wp-json\/wp\/v2\/product"}],"about":[{"href":"https:\/\/www.kibotek.com\/fr\/wp-json\/wp\/v2\/types\/product"}],"replies":[{"embeddable":true,"href":"https:\/\/www.kibotek.com\/fr\/wp-json\/wp\/v2\/comments?post=54177"}],"version-history":[{"count":1,"href":"https:\/\/www.kibotek.com\/fr\/wp-json\/wp\/v2\/product\/54177\/revisions"}],"predecessor-version":[{"id":73670,"href":"https:\/\/www.kibotek.com\/fr\/wp-json\/wp\/v2\/product\/54177\/revisions\/73670"}],"wp:featuredmedia":[{"embeddable":true,"href":"https:\/\/www.kibotek.com\/fr\/wp-json\/wp\/v2\/media\/56627"}],"wp:attachment":[{"href":"https:\/\/www.kibotek.com\/fr\/wp-json\/wp\/v2\/media?parent=54177"}],"wp:term":[{"taxonomy":"product_brand","embeddable":true,"href":"https:\/\/www.kibotek.com\/fr\/wp-json\/wp\/v2\/product_brand?post=54177"},{"taxonomy":"product_cat","embeddable":true,"href":"https:\/\/www.kibotek.com\/fr\/wp-json\/wp\/v2\/product_cat?post=54177"},{"taxonomy":"product_tag","embeddable":true,"href":"https:\/\/www.kibotek.com\/fr\/wp-json\/wp\/v2\/product_tag?post=54177"}],"curies":[{"name":"wp","href":"https:\/\/api.w.org\/{rel}","templated":true}]}}