{"id":52704,"date":"2024-05-09T18:15:29","date_gmt":"2024-05-09T16:15:29","guid":{"rendered":"https:\/\/www.kibotek.com\/?post_type=product&#038;p=52704"},"modified":"2026-04-17T23:08:45","modified_gmt":"2026-04-17T21:08:45","slug":"ayaneo-pocket-s-console-portable-16-go-512-go","status":"publish","type":"product","link":"https:\/\/www.kibotek.com\/fr\/kibostore\/ayaneo-pocket-s-16gb-512gb-consola-portatil\/","title":{"rendered":"Console portable AYANEO Pocket S 16GB\/512GB"},"content":{"rendered":"<p>Achetez Console portable AYANEO Pocket S 16GB\/512GB avec exp\u00e9dition de l&#039;Espagne vers toute l&#039;Europe en 24\/72h et garantie europ\u00e9enne<\/p>\n<ul>\n<li class=\"flex-middle\"><span class=\"config-name\">Taille de l&#039;\u00e9cran<\/span><span class=\"config-value\">\u00c9cran miroir IPS sans bordure de 6\u2033<\/span><\/li>\n<li class=\"flex-middle\"><span class=\"config-name\">Param\u00e8tres d&#039;\u00e9cran <\/span><span class=\"config-value\">1920x1080 | 368 PPI \u00e0 400 nits<br \/>\nVolume de la gamme de couleurs 120% sRGB<br \/>\nCouverture de la gamme de couleurs 100% sRGB<br \/>\n85% DCI-P3<\/span><\/li>\n<li class=\"flex-middle\"><span class=\"config-name\">SoC<\/span><span class=\"config-value\">Qualcomm Snapdragon\u00a0<sup class=\"font-400\">\u00ae<\/sup>\u00a0Plateforme de jeu G3x Gen 2<\/span><\/li>\n<li class=\"flex-middle\"><span class=\"config-name\">Combinaison de stockage <\/span><span class=\"config-value\">16GB + 512GB <\/span><span class=\"config-name\">RAM<\/span><span class=\"config-value\">LPDDR5X 8533Mbps<\/span><\/li>\n<li class=\"flex-middle\"><span class=\"config-name\">ROM <\/span><span class=\"config-value\">UFS 4.0 (UFS 3.1 pour la version 128GB)<\/span><\/li>\n<li class=\"flex-middle\"><span class=\"config-name\">refroidissement <\/span><span class=\"config-value\">Syst\u00e8me de refroidissement par air actif VC +<\/span><\/li>\n<li class=\"flex-middle\"><span class=\"config-name\">Couleur <\/span><span class=\"config-value\">Noir obsidienne \/ Blanc \u00e2me de glace<\/span><\/li>\n<li class=\"flex-middle\"><span class=\"config-name\">manette <\/span><span class=\"config-value\">Contr\u00f4leur principal<\/span><\/li>\n<li class=\"flex-middle\"><span class=\"config-name\">manette <\/span><span class=\"config-value\">Joysticks \u00e0 d\u00e9tection de Hall<\/span><\/li>\n<li class=\"flex-middle\"><span class=\"config-name\">D\u00e9clenchement<\/span><span class=\"config-value\">D\u00e9clencheurs \u00e0 effet Hall lin\u00e9aire<\/span><\/li>\n<li class=\"flex-middle\"><span class=\"config-name\">Moteur vibrant <\/span><span class=\"config-value\">Moteur lin\u00e9aire de l&#039;axe X<\/span><\/li>\n<li class=\"flex-middle\"><span class=\"config-name\">Gyroscope <\/span><span class=\"config-value\">Gyroscope \u00e0 six axes<\/span><\/li>\n<li class=\"flex-middle\"><span class=\"config-name\">Ports <\/span><span class=\"config-value\">1 * USB 3.2 Gen 2 Type-C complet 1 * emplacement pour carte SD 3.0 TF<\/span><\/li>\n<li class=\"flex-middle\"><span class=\"config-name\">Fonctionnalit\u00e9s sp\u00e9ciales <\/span><span class=\"config-value\">Son TAP Vibration sonore magique<\/span><\/li>\n<li class=\"flex-middle\"><span class=\"config-name\">Boutons sp\u00e9ciaux <\/span><span class=\"config-value\">Bouton Turbo \u4e28 Bouton Accueil<\/span><\/li>\n<li class=\"flex-middle\"><span class=\"config-name\">Caract\u00e9ristiques biom\u00e9triques <\/span><span class=\"config-value\">Bouton d&#039;alimentation Reconnaissance d&#039;empreintes digitales int\u00e9gr\u00e9e<\/span><\/li>\n<li class=\"flex-middle\"><span class=\"config-name\">Capacit\u00e9 de la batterie <\/span><span class=\"config-value\">6000mAh<\/span><\/li>\n<li class=\"flex-middle\"><span class=\"config-name\">Puissance de charge <\/span><span class=\"config-value\">Prise en charge de la charge rapide PD (chargeur non inclus)<\/span><\/li>\n<li class=\"flex-middle\"><span class=\"config-name\">Taille <\/span><span class=\"config-value\">213,9*85*14mm<\/span><\/li>\n<li class=\"flex-middle\"><span class=\"config-name\">Peser <\/span><span class=\"config-value\">350g<\/span><\/li>\n<li class=\"flex-middle\"><span class=\"config-name\">Connectivit\u00e9 <\/span><span class=\"config-value\">Wi-Fi 7 \/ BT 5.3<\/span><\/li>\n<li class=\"flex-middle\"><span class=\"config-name\">Gestion des logiciels <\/span><span class=\"config-value\">AYASpace Management Frontend \u4e28AYAHome Launcher<\/span><\/li>\n<li class=\"flex-middle\"><span class=\"config-name\">Syst\u00e8me op\u00e9rateur<\/span><span class=\"config-value\">Android 13<\/span><\/li>\n<li>\u00c9mulateurs: <strong>Playstation 2<\/strong>, Play Station 1, PSP, Game Cube, N64, NeoGeo, MAME, Sega Genesis, SNES\u2026<\/li>\n<\/ul>\n<p>Lors du dernier Mobile World Congress, AYANEO a pr\u00e9sent\u00e9 sa nouvelle console portable, l&#039;AYANEO Pocket S, qui a suscit\u00e9 beaucoup d&#039;int\u00e9r\u00eat. <strong>Son apparence et ses caract\u00e9ristiques ont attir\u00e9 beaucoup d&#039;attention lors du dernier MWC.<\/strong> et ils ont cr\u00e9\u00e9 de grandes attentes en 2024 pour qu\u2019elle puisse devenir le produit phare des consoles portables.<\/p>\n<h3>\u00c9cran 6\u2033 avec une exp\u00e9rience visuelle immersive<\/h3>\n<p>Quant \u00e0 l&#039;\u00e9cran, le nouvel AYANEO Pocket S dispose d&#039;un spectaculaire \u00e9cran IPS ultra-fin de 6 pouces. La qualit\u00e9 de l&#039;\u00e9cran attire beaucoup d&#039;attention et l&#039;exp\u00e9rience visuelle immersive avec 400 nits de luminosit\u00e9 est spectaculaire. Avec une<strong> R\u00e9solution 1920\u00d71080, le nouveau AYANEO Pocket S vous fera ressentir la sensation qui garantit de voir des images beaucoup plus vives et nettes<\/strong>. Sur cet \u00e9cran, vous appr\u00e9cierez les jeux car ils sembleront beaucoup plus d\u00e9finis et vibrants gr\u00e2ce \u00e0 la technologie spectaculaire impl\u00e9ment\u00e9e dans l&#039;\u00e9cran de cette console portable.<\/p>\n<h3>Une apparence tr\u00e8s soign\u00e9e avec des mat\u00e9riaux de grande qualit\u00e9<\/h3>\n<p>Quant \u00e0 l&#039;esth\u00e9tique, on retrouve une console de seulement<strong> 350 grammes de poids<\/strong> avec des dimensions de 21 centim\u00e8tres de long, 8,5 cm de haut et seulement 1,4 cm d&#039;\u00e9paisseur. Sans aucun doute, nous sommes tr\u00e8s frapp\u00e9s par l&#039;aspect visuel tr\u00e8s fin comme s&#039;il s&#039;agissait d&#039;un smartphone haut de gamme et la sensation entre les mains de cette nouvelle console est une exp\u00e9rience vraiment impressionnante. L&#039;\u00e9quipe AYANEO a r\u00e9ussi \u00e0 cr\u00e9er un \u00e9cran de tr\u00e8s bonne qualit\u00e9 <strong>briser les st\u00e9r\u00e9otypes avec un plein \u00e9cran sans bordure sur les appareils portables Android<\/strong>.<\/p>\n<p>Fabriqu\u00e9 avec du verre transparent de haute intensit\u00e9, c&#039;est un \u00e9cran miroir \u00e9blouissant qui nous offre une apparence impressionnante et une touche tr\u00e8s chaleureuse. Un autre symbole de l&#039;excellence de ce produit phare d&#039;AYANEO est l&#039;introduction d&#039;un ch\u00e2ssis central enti\u00e8rement m\u00e9tallique.<\/p>\n<h3>Ergonomie parfaite<\/h3>\n<p>L&#039;AYANEO Pocket S s&#039;adapte parfaitement \u00e0 nos mains de mani\u00e8re ergonomique pour nous offrir<strong> une exp\u00e9rience de jeu ultime<\/strong>. En ce qui concerne la disposition des boutons, en haut \u00e0 gauche, nous avons un stick hall r\u00e9tro\u00e9clair\u00e9 de haute qualit\u00e9 et la barre transversale habituelle \u00e0 texture de verre en dessous ainsi que deux petits boutons d&#039;acc\u00e8s au menu. En haut les boutons L1 et L2. Sur le c\u00f4t\u00e9 gauche, nous avons l&#039;entr\u00e9e micro SD. Au bas de la console, nous avons le connecteur de type C 3.2. Sur le c\u00f4t\u00e9 droit de la console \u00e9galement avec une texture de verre le ab X et les boutons. En dessous d&#039;eux se trouve un autre \u00e9tui r\u00e9tro\u00e9clair\u00e9 et un peu plus bas sur le bord inf\u00e9rieur droit le bouton d&#039;espace et de menu AYANEO. Du c\u00f4t\u00e9 droit, nous avons <strong>Un bouton pour changer de mode de performance<\/strong>En un seul clic, nous passerons du mode Turbo au mode de performance normal rapidement et efficacement<\/p>\n<h3><strong>Gouvern\u00e9 par Snapdragon\u00a0<sup class=\"font-400\">\u00ae<\/sup>\u00a0G3x G\u00e9n\u00e9ration 2<\/strong><\/h3>\n<p>Si l&#039;aspect visuel de cette nouvelle AYANEO Pocket S est spectaculaire, il ne pourrait l&#039;\u00eatre moins au niveau de ses performances. Nous sommes confront\u00e9s \u00e0 un transformateur de pointe avec un processus de fabrication de <strong>quatre nanom\u00e8tres avec le nouveau processeur Crio \u00e0 8 c\u0153urs et le GPU Adreno A32<\/strong>, nous pouvons r\u00e9sumer cela par des performances maximales et soutenues beaucoup plus \u00e9lev\u00e9es si nous le comparons au Snapdragon 8 Gen 2.<\/p>\n<p>Nous avons huit c\u0153urs r\u00e9partis en 1+4+3 avec un <strong>Puissance maximale de 3,36 GHz<\/strong>. Il n&#039;est pas surprenant que ce processeur Snapdragon G3x Gen 2 de cet AYANEO Pocket S ait atteint un <strong>score de 1690726 au test Antutu<\/strong> dans sa version la plus \u00e9lev\u00e9e. Sans aucun doute, nous trouvons du mat\u00e9riel de pointe qui constitue le combo parfait pour profiter des plateformes les plus exigeantes. Dans la salle des machines pour accompagner ce processeur nous avons cette version avec <strong>16 RAM GB LPDDR5X<\/strong> \u00e0 une vitesse maximale de 8533Mbps, le tout assaisonn\u00e9 par un stockage de <strong>512 GB sur UFS 4.0<\/strong>. Si vous envisagez de rechercher une console avec un syst\u00e8me Android capable d&#039;\u00e9muler les plateformes les plus exigeantes avec des r\u00e9sultats optimaux, n&#039;h\u00e9sitez pas car cette nouvelle AYANEO Pocket S est votre meilleure option.<\/p>\n<p>D&#039;autre part, cette console int\u00e8gre de mani\u00e8re innovante d&#039;autre part, cette console<strong> int\u00e8gre de mani\u00e8re innovante un syst\u00e8me de refroidissement<\/strong> gr\u00e2ce \u00e0 une \u00e9norme plaque de dissipation thermique VC qui d\u00e9passe 500 mm\u00b2 \u00e0 l&#039;int\u00e9rieur d&#039;un corps mince de quatorze mm. Gr\u00e2ce \u00e0 ce syst\u00e8me de refroidissement actif par air, il nous offre une am\u00e9lioration globale de la conductivit\u00e9 thermique. De cette fa\u00e7on, nous pourrons profiter du v\u00e9ritable potentiel de chaque jeu gr\u00e2ce \u00e0 ce nouveau processeur Snapdragon G3x Gen 2.<\/p>\n<h3>Rejouez vos titres pr\u00e9f\u00e9r\u00e9s<\/h3>\n<p>Nous, les joueurs, aimons nous souvenir du bon vieux temps en restant fid\u00e8les \u00e0 la machine en service et en \u00e9crasant les boutons comme si nos vies en d\u00e9pendaient. Jeux avec lesquels nous avons pass\u00e9 notre week-end \u00e0 payer dans la salle de jeux. <strong>Pang, Street Fighter, Sunset Riders, Bubble Bobble, Out Run, Metal Slug, Ghosts &#039;n Goblins ..<\/strong>. Vient maintenant l&#039;AYANEO Pocket S, une console super portable qui nous t\u00e9l\u00e9portera dans une autre \u00e9poque.<\/p>\n<p>Nous pouvons aussi <strong>profitez des derniers titres PS2<\/strong> ou acc\u00e9der<strong> jeux plus exigeants<\/strong> de jouer store sur Android 13.<\/p>\n<h3><strong>D\u00e9marrez avec Android 13<br \/>\n<\/strong><\/h3>\n<p>Gr\u00e2ce au syst\u00e8me d&#039;exploitation Android 13, nous pouvons nous connecter au Wi-Fi 7 et t\u00e9l\u00e9charger des applications depuis Google Play. Avec l&#039;AYANEO Pocket S, nous pouvons avoir acc\u00e8s \u00e0 <strong>nos r\u00e9seaux sociaux, GMAIL, Calendar, YouTube, twitch<\/strong> et des fonctions infinies similaires \u00e0 celles d&#039;un smartphone.<\/p>\n<p>Cette nouvelle version dispose d&#039;Android pour acc\u00e9der \u00e0 tous les services Google.<\/p>\n<h3>AYA Space et AYA Home Launcher<\/h3>\n<p>Comme il ne pouvait en \u00eatre autrement, l&#039;espace \u00e0 succ\u00e8s AYANEO et l&#039;accueil lanceur du constructeur vous offriront une exp\u00e9rience immersive parfaite pour acc\u00e9der rapidement et efficacement \u00e0 toutes les fonctionnalit\u00e9s de la console. Il s&#039;agit d&#039;un <strong>espace o\u00f9 vous pouvez acc\u00e9der rapidement et facilement aux \u00e9mulateurs et \u00e0 vos jeux pr\u00e9f\u00e9r\u00e9s.<\/strong><\/p>\n<p>Avec AYA Space, il permet aux utilisateurs de configurer les param\u00e8tres sans effort, de prendre des captures d&#039;\u00e9cran, d&#039;ajuster les profils de chaque jeu, en rationalisant la personnalisation de chacun plus rapidement et plus efficacement. Cet espace avec le <strong>Le lanceur AYA Home nous offre une interface tr\u00e8s simple qui simplifie la navigation et l&#039;organisation de tous vos jeux<\/strong> et applications install\u00e9es sur cette nouvelle console portable.<\/p>\n<h3><strong>Connexions Wi-Fi 7 et BT 5.3<\/strong><\/h3>\n<p>L&#039;AYANEO Pocket S dispose d&#039;une connexion Type C OTG 3.2, de haut-parleurs st\u00e9r\u00e9o et de la possibilit\u00e9 de <strong>Connexion Wi-Fi 7 et Bluetooth 5.3.\u00a0<\/strong><\/p>\n<p>Deux microphones avec micro int\u00e9gr\u00e9 + suppression du bruit, double r\u00e9duction du bruit gr\u00e2ce au mat\u00e9riel et aux algorithmes intelligents.<\/p>\n<h3><strong>Batterie au plus haut niveau<\/strong><\/h3>\n<p>En ce qui concerne la batterie,<strong> 6 000 mAh<\/strong> avec charge rapide pour cette console phare AYANEO Pocket S.<\/p>\n<p>Chez kiboTEK, vous pouvez acheter la console portable AYANEO Pocket S 16GB\/512GB avec le <strong>garantie et s\u00e9curit\u00e9 de la meilleure boutique de jeux en ligne d&#039;Europe.<\/strong><\/p>\n<p><img loading=\"lazy\" decoding=\"async\" class=\"alignleft wp-image-52707 size-full\" src=\"https:\/\/www.kibotek.com\/wp-content\/uploads\/2024\/05\/kiboTEK_ayaneo_pocket_s_001.png\" alt=\"\" width=\"3840\" height=\"3182\" title=\"\"> <img loading=\"lazy\" decoding=\"async\" class=\"alignleft wp-image-52708 size-full\" src=\"https:\/\/www.kibotek.com\/wp-content\/uploads\/2024\/05\/kiboTEK_ayaneo_pocket_s_002.png\" alt=\"\" width=\"3840\" height=\"3732\" title=\"\"> <img loading=\"lazy\" decoding=\"async\" class=\"alignleft wp-image-52710 size-full\" src=\"https:\/\/www.kibotek.com\/wp-content\/uploads\/2024\/05\/kiboTEK_ayaneo_pocket_s_004.png\" alt=\"\" width=\"3840\" height=\"2592\" title=\"\"> <img loading=\"lazy\" decoding=\"async\" class=\"alignleft wp-image-52711 size-full\" src=\"https:\/\/www.kibotek.com\/wp-content\/uploads\/2024\/05\/kiboTEK_ayaneo_pocket_s_005.png\" alt=\"\" width=\"3840\" height=\"2714\" title=\"\"> <img loading=\"lazy\" decoding=\"async\" class=\"alignleft wp-image-52712 size-full\" src=\"https:\/\/www.kibotek.com\/wp-content\/uploads\/2024\/05\/kiboTEK_ayaneo_pocket_s_006.png\" alt=\"\" width=\"3842\" height=\"4384\" title=\"\"> <img loading=\"lazy\" decoding=\"async\" class=\"alignleft wp-image-52713 size-full\" src=\"https:\/\/www.kibotek.com\/wp-content\/uploads\/2024\/05\/kiboTEK_ayaneo_pocket_s_007.png\" alt=\"\" width=\"3840\" height=\"3748\" title=\"\"> <img loading=\"lazy\" decoding=\"async\" class=\"alignleft wp-image-52709 size-full\" src=\"https:\/\/www.kibotek.com\/wp-content\/uploads\/2024\/05\/kiboTEK_ayaneo_pocket_s_003.png\" alt=\"\" width=\"3840\" height=\"4060\" title=\"\"> <img loading=\"lazy\" decoding=\"async\" class=\"alignleft wp-image-52716 size-full\" src=\"https:\/\/www.kibotek.com\/wp-content\/uploads\/2024\/05\/kiboTEK_ayaneo_pocket_s_010.png\" alt=\"\" width=\"3840\" height=\"4362\" title=\"\"> <img loading=\"lazy\" decoding=\"async\" class=\"alignleft wp-image-52722 size-full\" src=\"https:\/\/www.kibotek.com\/wp-content\/uploads\/2024\/05\/kiboTEK_ayaneo_pocket_s_016.png\" alt=\"\" width=\"3840\" height=\"5460\" title=\"\"> <img loading=\"lazy\" decoding=\"async\" class=\"alignleft wp-image-52726 size-full\" src=\"https:\/\/www.kibotek.com\/wp-content\/uploads\/2024\/05\/kiboTEK_ayaneo_pocket_s_020.png\" alt=\"\" width=\"3840\" height=\"3328\" title=\"\"> <img loading=\"lazy\" decoding=\"async\" class=\"alignleft wp-image-52725 size-full\" src=\"https:\/\/www.kibotek.com\/wp-content\/uploads\/2024\/05\/kiboTEK_ayaneo_pocket_s_019.png\" alt=\"\" width=\"3840\" height=\"4168\" title=\"\"> <img loading=\"lazy\" decoding=\"async\" class=\"alignleft wp-image-52734 size-full\" src=\"https:\/\/www.kibotek.com\/wp-content\/uploads\/2024\/05\/kiboTEK_ayaneo_pocket_s_028.png\" alt=\"\" width=\"763\" height=\"841\" title=\"\" srcset=\"https:\/\/www.kibotek.com\/wp-content\/uploads\/2024\/05\/kiboTEK_ayaneo_pocket_s_028.png 763w, https:\/\/www.kibotek.com\/wp-content\/uploads\/2024\/05\/kiboTEK_ayaneo_pocket_s_028-430x474.png 430w, https:\/\/www.kibotek.com\/wp-content\/uploads\/2024\/05\/kiboTEK_ayaneo_pocket_s_028-150x165.png 150w, https:\/\/www.kibotek.com\/wp-content\/uploads\/2024\/05\/kiboTEK_ayaneo_pocket_s_028-700x772.png 700w, https:\/\/www.kibotek.com\/wp-content\/uploads\/2024\/05\/kiboTEK_ayaneo_pocket_s_028-272x300.png 272w, https:\/\/www.kibotek.com\/wp-content\/uploads\/2024\/05\/kiboTEK_ayaneo_pocket_s_028-11x12.png 11w\" sizes=\"auto, (max-width: 763px) 100vw, 763px\" \/> <img loading=\"lazy\" decoding=\"async\" class=\"alignleft wp-image-52720 size-full\" src=\"https:\/\/www.kibotek.com\/wp-content\/uploads\/2024\/05\/kiboTEK_ayaneo_pocket_s_014.png\" alt=\"\" width=\"3840\" height=\"6306\" title=\"\"> <img loading=\"lazy\" decoding=\"async\" class=\"alignleft wp-image-52714 size-full\" src=\"https:\/\/www.kibotek.com\/wp-content\/uploads\/2024\/05\/kiboTEK_ayaneo_pocket_s_008.png\" alt=\"\" width=\"3840\" height=\"3394\" title=\"\"> <img loading=\"lazy\" decoding=\"async\" class=\"alignleft wp-image-52715 size-full\" src=\"https:\/\/www.kibotek.com\/wp-content\/uploads\/2024\/05\/kiboTEK_ayaneo_pocket_s_009.png\" alt=\"\" width=\"3840\" height=\"2642\" title=\"\"> <img loading=\"lazy\" decoding=\"async\" class=\"alignleft wp-image-52719 size-full\" src=\"https:\/\/www.kibotek.com\/wp-content\/uploads\/2024\/05\/kiboTEK_ayaneo_pocket_s_013.png\" alt=\"\" width=\"3840\" height=\"3112\" title=\"\"> <img loading=\"lazy\" decoding=\"async\" class=\"alignleft wp-image-52718 size-full\" src=\"https:\/\/www.kibotek.com\/wp-content\/uploads\/2024\/05\/kiboTEK_ayaneo_pocket_s_012.png\" alt=\"\" width=\"3840\" height=\"2716\" title=\"\"> <img loading=\"lazy\" decoding=\"async\" class=\"alignleft wp-image-52717 size-full\" src=\"https:\/\/www.kibotek.com\/wp-content\/uploads\/2024\/05\/kiboTEK_ayaneo_pocket_s_011.png\" alt=\"\" width=\"2546\" height=\"1434\" title=\"\" srcset=\"https:\/\/www.kibotek.com\/wp-content\/uploads\/2024\/05\/kiboTEK_ayaneo_pocket_s_011.png 2546w, https:\/\/www.kibotek.com\/wp-content\/uploads\/2024\/05\/kiboTEK_ayaneo_pocket_s_011-430x242.png 430w, https:\/\/www.kibotek.com\/wp-content\/uploads\/2024\/05\/kiboTEK_ayaneo_pocket_s_011-150x84.png 150w, https:\/\/www.kibotek.com\/wp-content\/uploads\/2024\/05\/kiboTEK_ayaneo_pocket_s_011-700x394.png 700w, https:\/\/www.kibotek.com\/wp-content\/uploads\/2024\/05\/kiboTEK_ayaneo_pocket_s_011-300x169.png 300w, https:\/\/www.kibotek.com\/wp-content\/uploads\/2024\/05\/kiboTEK_ayaneo_pocket_s_011-1024x577.png 1024w, https:\/\/www.kibotek.com\/wp-content\/uploads\/2024\/05\/kiboTEK_ayaneo_pocket_s_011-768x433.png 768w, https:\/\/www.kibotek.com\/wp-content\/uploads\/2024\/05\/kiboTEK_ayaneo_pocket_s_011-1536x865.png 1536w, https:\/\/www.kibotek.com\/wp-content\/uploads\/2024\/05\/kiboTEK_ayaneo_pocket_s_011-2048x1154.png 2048w, https:\/\/www.kibotek.com\/wp-content\/uploads\/2024\/05\/kiboTEK_ayaneo_pocket_s_011-18x10.png 18w\" sizes=\"auto, (max-width: 2546px) 100vw, 2546px\" \/> <img loading=\"lazy\" decoding=\"async\" class=\"alignleft wp-image-52721 size-full\" src=\"https:\/\/www.kibotek.com\/wp-content\/uploads\/2024\/05\/kiboTEK_ayaneo_pocket_s_015.png\" alt=\"\" width=\"3840\" height=\"4584\" title=\"\"> <img loading=\"lazy\" decoding=\"async\" class=\"alignleft wp-image-52723 size-full\" src=\"https:\/\/www.kibotek.com\/wp-content\/uploads\/2024\/05\/kiboTEK_ayaneo_pocket_s_017.png\" alt=\"\" width=\"2546\" height=\"1434\" title=\"\" srcset=\"https:\/\/www.kibotek.com\/wp-content\/uploads\/2024\/05\/kiboTEK_ayaneo_pocket_s_017.png 2546w, https:\/\/www.kibotek.com\/wp-content\/uploads\/2024\/05\/kiboTEK_ayaneo_pocket_s_017-430x242.png 430w, https:\/\/www.kibotek.com\/wp-content\/uploads\/2024\/05\/kiboTEK_ayaneo_pocket_s_017-150x84.png 150w, https:\/\/www.kibotek.com\/wp-content\/uploads\/2024\/05\/kiboTEK_ayaneo_pocket_s_017-700x394.png 700w, https:\/\/www.kibotek.com\/wp-content\/uploads\/2024\/05\/kiboTEK_ayaneo_pocket_s_017-300x169.png 300w, https:\/\/www.kibotek.com\/wp-content\/uploads\/2024\/05\/kiboTEK_ayaneo_pocket_s_017-1024x577.png 1024w, https:\/\/www.kibotek.com\/wp-content\/uploads\/2024\/05\/kiboTEK_ayaneo_pocket_s_017-768x433.png 768w, https:\/\/www.kibotek.com\/wp-content\/uploads\/2024\/05\/kiboTEK_ayaneo_pocket_s_017-1536x865.png 1536w, https:\/\/www.kibotek.com\/wp-content\/uploads\/2024\/05\/kiboTEK_ayaneo_pocket_s_017-2048x1154.png 2048w, https:\/\/www.kibotek.com\/wp-content\/uploads\/2024\/05\/kiboTEK_ayaneo_pocket_s_017-18x10.png 18w\" sizes=\"auto, (max-width: 2546px) 100vw, 2546px\" \/> <img loading=\"lazy\" decoding=\"async\" class=\"alignleft wp-image-52724 size-full\" src=\"https:\/\/www.kibotek.com\/wp-content\/uploads\/2024\/05\/kiboTEK_ayaneo_pocket_s_018.png\" alt=\"\" width=\"3842\" height=\"2690\" title=\"\"> <img loading=\"lazy\" decoding=\"async\" class=\"alignleft wp-image-52727 size-full\" src=\"https:\/\/www.kibotek.com\/wp-content\/uploads\/2024\/05\/kiboTEK_ayaneo_pocket_s_021.png\" alt=\"\" width=\"3840\" height=\"3258\" title=\"\"> <img loading=\"lazy\" decoding=\"async\" class=\"alignleft wp-image-52728 size-full\" src=\"https:\/\/www.kibotek.com\/wp-content\/uploads\/2024\/05\/kiboTEK_ayaneo_pocket_s_022.png\" alt=\"\" width=\"3840\" height=\"2720\" title=\"\"> <img loading=\"lazy\" decoding=\"async\" class=\"alignleft wp-image-52731 size-full\" src=\"https:\/\/www.kibotek.com\/wp-content\/uploads\/2024\/05\/kiboTEK_ayaneo_pocket_s_025.png\" alt=\"\" width=\"1524\" height=\"832\" title=\"\" srcset=\"https:\/\/www.kibotek.com\/wp-content\/uploads\/2024\/05\/kiboTEK_ayaneo_pocket_s_025.png 1524w, https:\/\/www.kibotek.com\/wp-content\/uploads\/2024\/05\/kiboTEK_ayaneo_pocket_s_025-430x235.png 430w, https:\/\/www.kibotek.com\/wp-content\/uploads\/2024\/05\/kiboTEK_ayaneo_pocket_s_025-150x82.png 150w, https:\/\/www.kibotek.com\/wp-content\/uploads\/2024\/05\/kiboTEK_ayaneo_pocket_s_025-700x382.png 700w, https:\/\/www.kibotek.com\/wp-content\/uploads\/2024\/05\/kiboTEK_ayaneo_pocket_s_025-300x164.png 300w, https:\/\/www.kibotek.com\/wp-content\/uploads\/2024\/05\/kiboTEK_ayaneo_pocket_s_025-1024x559.png 1024w, https:\/\/www.kibotek.com\/wp-content\/uploads\/2024\/05\/kiboTEK_ayaneo_pocket_s_025-768x419.png 768w, https:\/\/www.kibotek.com\/wp-content\/uploads\/2024\/05\/kiboTEK_ayaneo_pocket_s_025-18x10.png 18w\" sizes=\"auto, (max-width: 1524px) 100vw, 1524px\" \/> <img loading=\"lazy\" decoding=\"async\" class=\"alignleft wp-image-52736 size-full\" src=\"https:\/\/www.kibotek.com\/wp-content\/uploads\/2024\/05\/kiboTEK_ayaneo_pocket_s_030.png\" alt=\"\" width=\"3840\" height=\"2730\" title=\"\"> <img loading=\"lazy\" decoding=\"async\" class=\"alignleft wp-image-52735 size-full\" src=\"https:\/\/www.kibotek.com\/wp-content\/uploads\/2024\/05\/kiboTEK_ayaneo_pocket_s_029.png\" alt=\"\" width=\"1153\" height=\"841\" title=\"\" srcset=\"https:\/\/www.kibotek.com\/wp-content\/uploads\/2024\/05\/kiboTEK_ayaneo_pocket_s_029.png 1153w, https:\/\/www.kibotek.com\/wp-content\/uploads\/2024\/05\/kiboTEK_ayaneo_pocket_s_029-430x314.png 430w, https:\/\/www.kibotek.com\/wp-content\/uploads\/2024\/05\/kiboTEK_ayaneo_pocket_s_029-150x109.png 150w, https:\/\/www.kibotek.com\/wp-content\/uploads\/2024\/05\/kiboTEK_ayaneo_pocket_s_029-700x511.png 700w, https:\/\/www.kibotek.com\/wp-content\/uploads\/2024\/05\/kiboTEK_ayaneo_pocket_s_029-300x219.png 300w, https:\/\/www.kibotek.com\/wp-content\/uploads\/2024\/05\/kiboTEK_ayaneo_pocket_s_029-1024x747.png 1024w, https:\/\/www.kibotek.com\/wp-content\/uploads\/2024\/05\/kiboTEK_ayaneo_pocket_s_029-768x560.png 768w, https:\/\/www.kibotek.com\/wp-content\/uploads\/2024\/05\/kiboTEK_ayaneo_pocket_s_029-16x12.png 16w\" sizes=\"auto, (max-width: 1153px) 100vw, 1153px\" \/><\/p>","protected":false},"excerpt":{"rendered":"<p><strong><em>ACHETEZ MAINTENANT ET RECEVEZ EN 24H EN ESPAGNE\ud83d\ude80<\/em><\/strong><\/p>\n<p><strong><em>ACHETEZ MAINTENANT ET RECEVEZ EN 72H EN EUROPE \ud83d\ude80<\/em><\/strong><\/p>\n<p><strong><em>PRIX FINAL TTC<\/em><\/strong><\/p>\n<p><strong><em>GARANTIE EUROP\u00c9ENNE<\/em><\/strong><\/p>","protected":false},"featured_media":52729,"comment_status":"open","ping_status":"closed","template":"","meta":{"iawp_total_views":388},"product_brand":[8141],"product_cat":[5514,7809],"product_tag":[1794],"class_list":{"0":"post-52704","1":"product","2":"type-product","3":"status-publish","4":"has-post-thumbnail","6":"product_brand-comprar-consola-gaming-ayaneo","7":"product_cat-consolas-retro-gaming-arcade-bartop-pandora-box-anbernic-powkiddy","8":"product_cat-consolas-retro","9":"product_tag-top10","11":"first","12":"outofstock","13":"sale","14":"taxable","15":"shipping-taxable","16":"purchasable","17":"product-type-variable","18":"has-default-attributes"},"supplier_id":null,"supplier_sku":"","barcode":null,"atum_controlled":true,"out_stock_date":"2025-03-29 11:08:31","out_stock_threshold":null,"inheritable":true,"inbound_stock":null,"stock_on_hold":0,"sold_today":0,"sales_last_days":0,"reserved_stock":null,"customer_returns":null,"warehouse_damage":null,"lost_in_post":null,"other_logs":null,"out_stock_days":383,"lost_sales":0,"has_location":true,"update_date":"2026-04-17T21:08:14","atum_locations":[{"id":41,"name":"Bilbao","slug":"bilbao"}],"atum_stock_status":"outofstock","restock_status":false,"low_stock_amount":0,"sales_update_date":"2026-04-17T05:01:41","calc_backorders":null,"_links":{"self":[{"href":"https:\/\/www.kibotek.com\/fr\/wp-json\/wp\/v2\/product\/52704","targetHints":{"allow":["GET"]}}],"collection":[{"href":"https:\/\/www.kibotek.com\/fr\/wp-json\/wp\/v2\/product"}],"about":[{"href":"https:\/\/www.kibotek.com\/fr\/wp-json\/wp\/v2\/types\/product"}],"replies":[{"embeddable":true,"href":"https:\/\/www.kibotek.com\/fr\/wp-json\/wp\/v2\/comments?post=52704"}],"version-history":[{"count":0,"href":"https:\/\/www.kibotek.com\/fr\/wp-json\/wp\/v2\/product\/52704\/revisions"}],"wp:featuredmedia":[{"embeddable":true,"href":"https:\/\/www.kibotek.com\/fr\/wp-json\/wp\/v2\/media\/52729"}],"wp:attachment":[{"href":"https:\/\/www.kibotek.com\/fr\/wp-json\/wp\/v2\/media?parent=52704"}],"wp:term":[{"taxonomy":"product_brand","embeddable":true,"href":"https:\/\/www.kibotek.com\/fr\/wp-json\/wp\/v2\/product_brand?post=52704"},{"taxonomy":"product_cat","embeddable":true,"href":"https:\/\/www.kibotek.com\/fr\/wp-json\/wp\/v2\/product_cat?post=52704"},{"taxonomy":"product_tag","embeddable":true,"href":"https:\/\/www.kibotek.com\/fr\/wp-json\/wp\/v2\/product_tag?post=52704"}],"curies":[{"name":"wp","href":"https:\/\/api.w.org\/{rel}","templated":true}]}}