{"id":50135,"date":"2023-11-04T12:39:09","date_gmt":"2023-11-04T11:39:09","guid":{"rendered":"https:\/\/www.kibotek.com\/?post_type=product&#038;p=50135"},"modified":"2026-04-18T23:30:04","modified_gmt":"2026-04-18T21:30:04","slug":"console-de-jeu-portable-ayn-odin2-base-pro-max-2","status":"publish","type":"product","link":"https:\/\/www.kibotek.com\/fr\/kibostore\/ayn-odin2-base-pro-max-consola-portatil-gaming\/","title":{"rendered":"Console de jeu portable AYN Odin 2 Base 8+128"},"content":{"rendered":"<p>Achetez la console de jeu portable AYN Odin 2 Base avec exp\u00e9dition de l&#039;Espagne vers toute l&#039;Europe en 24\/72h et <strong>Garantie europ\u00e9enne.<\/strong><\/p>\n<ul>\n<li><strong><span style=\"color: #ff0000;\">CADEAU EN VERRE TREMP\u00c9<\/span><\/strong><\/li>\n<li>Processeur Qualcomm Snapdragon 8Gen 2<\/li>\n<li>8 c\u0153urs 3,2 GHz<\/li>\n<li>GPU Adreno 740<\/li>\n<li>RAM 8GB LPDDR5X<\/li>\n<li>Disque SSD de stockage 128GB UFS 4.0<\/li>\n<li>\u00c9cran tactile LCD IPS 6&quot;<\/li>\n<li>Format 16:9 et 369ppi<\/li>\n<li>R\u00e9solution de 1080\u00d71920 pixels FHD+<\/li>\n<li>Wi-Fi 2.4\/5G\/7<\/li>\n<li>Bluetooth 5.3<\/li>\n<li>Sortie HDMI<\/li>\n<li>Refroidissement actif<\/li>\n<li>Batterie de 8 000 mAh<\/li>\n<li>Charge rapide de 65 W<\/li>\n<li>Android 13<\/li>\n<li>Poids 420g<\/li>\n<li>Dimensions de 225 x 98 x 17 mm<\/li>\n<\/ul>\n<p>La prestigieuse marque de consoles portables Ayntec nous pr\u00e9sente la deuxi\u00e8me \u00e9dition de l&#039;une des consoles les plus acclam\u00e9es, l&#039;Odin 2.<\/p>\n<p>Apr\u00e8s le succ\u00e8s retentissant de la premi\u00e8re version, ils nous pr\u00e9sentent cette nouvelle console r\u00e9tro portable qui se d\u00e9cline en trois versions en fonction de sa RAM et de son stockage. <strong>N&#039;attendez plus et achetez la nouvelle Odin 2 avec la garantie et la s\u00e9curit\u00e9 du site leader des consoles r\u00e9tro portables en Europe.<\/strong><\/p>\n<h3>\u00c9cran Full HD Plus de 6 pouces<\/h3>\n<p>Quant \u00e0 l&#039;\u00e9cran, on retrouve une dalle IPS LCD de 6 pouces qui est bien entendu tactile. La console a une esth\u00e9tique tr\u00e8s soign\u00e9e et est ergonomiquement parfaite pour les longues sessions de jeu. Son r\u00e9tro\u00e9clairage LED sur les c\u00f4t\u00e9s et sur les sticks analogiques de la console n&#039;attire pas l&#039;attention. Quant \u00e0 l&#039;\u00e9cran, nous avons un \u00e9cran tactile de 6 pouces <strong>Full HD plus 1080 x 1920 pixels<\/strong>. Nous trouvons un panneau de haute qualit\u00e9 avec une r\u00e9solution parfaite pour profiter de vos titres pr\u00e9f\u00e9r\u00e9s.<\/p>\n<h3>Processeur Qualcomm tr\u00e8s puissant<\/h3>\n<p>Dans la salle des machines, cette nouvelle Odin 2 dispose d&#039;un processeur tr\u00e8s attractif comme le Qualcomm Snapdragon 8 de deuxi\u00e8me g\u00e9n\u00e9ration avec 64 bits accompagn\u00e9 de huit c\u0153urs avec une vitesse maximale de 3,2 GHz. Le processeur de cette console r\u00e9tro portable Odin 2 est accompagn\u00e9 de trois diff\u00e9rentes versions de stockage. Le premier nous fournit<strong> 8 GB de RAM et 128GB de m\u00e9moire, le second atteint 12 GB de RAM et 256 GB de m\u00e9moire et le dernier atteint jusqu&#039;\u00e0 seize gigaoctets de RAM et poss\u00e8de 512 GB de m\u00e9moire interne<\/strong>.<\/p>\n<p>Bien entendu la RAM est de type LPDDR5X tandis que le stockage est UFS. En r\u00e9sum\u00e9, nous sommes confront\u00e9s \u00e0 un processeur tr\u00e8s attractif qui fonctionnera \u00e0 un niveau \u00e9lev\u00e9 dans chacune de ces trois versions. Il ravira m\u00eame les plus joueurs puisqu\u2019on retrouve un processeur que l\u2019on retrouve dans les smartphones haut de gamme. Quant au GPU, nous ne sommes pas en reste et nous profiterons d&#039;un Adreno 740.<\/p>\n<h3>Batterie \u00e0 solvant de 8 000 mAh<\/h3>\n<p>La batterie de cette incroyable console portable atteint 8 000 mAh et nous offre suffisamment d&#039;autonomie pour profiter de longues sessions de jeu. Comme si cela ne suffisait pas, nous avons un <strong>Charge ultra rapide de 67 W<\/strong>.<\/p>\n<h3>Connexions et connectivit\u00e9<\/h3>\n<p>En termes de connectivit\u00e9, nous avons <strong>Wi-Fi 2.4\/5G\/7 et Bluetooth 5.7.<\/strong> L&#039;interface de la console Odin 2 dispose d&#039;un USB 3.1 type C, d&#039;un HDMI Mini et d&#039;une sortie audio pour Jack 3,5 mm.<\/p>\n<h3>Android 13<\/h3>\n<p>Tout cela sous le syst\u00e8me d&#039;exploitation Android 13 avec lequel vous pouvez personnaliser la console.<\/p>\n<p>Chez kiboTEK, vous pouvez acheter la console de jeu portable AYN Odin 2 avec la garantie et la s\u00e9curit\u00e9 de la meilleure boutique de jeux en ligne d&#039;Espagne et d&#039;Europe.<\/p>\n<p>&nbsp;<\/p>\n<p><img loading=\"lazy\" decoding=\"async\" class=\"alignleft wp-image-50165 size-full\" src=\"https:\/\/www.kibotek.com\/wp-content\/uploads\/2023\/11\/kiboTEK_ayn_odin2_14.jpg\" alt=\"\" width=\"717\" height=\"475\" title=\"\" srcset=\"https:\/\/www.kibotek.com\/wp-content\/uploads\/2023\/11\/kiboTEK_ayn_odin2_14.jpg 717w, https:\/\/www.kibotek.com\/wp-content\/uploads\/2023\/11\/kiboTEK_ayn_odin2_14-430x285.jpg 430w, https:\/\/www.kibotek.com\/wp-content\/uploads\/2023\/11\/kiboTEK_ayn_odin2_14-150x99.jpg 150w, https:\/\/www.kibotek.com\/wp-content\/uploads\/2023\/11\/kiboTEK_ayn_odin2_14-700x464.jpg 700w, https:\/\/www.kibotek.com\/wp-content\/uploads\/2023\/11\/kiboTEK_ayn_odin2_14-300x199.jpg 300w, https:\/\/www.kibotek.com\/wp-content\/uploads\/2023\/11\/kiboTEK_ayn_odin2_14-18x12.jpg 18w\" sizes=\"auto, (max-width: 717px) 100vw, 717px\" \/> <img loading=\"lazy\" decoding=\"async\" class=\"alignleft wp-image-50166 size-full\" src=\"https:\/\/www.kibotek.com\/wp-content\/uploads\/2023\/11\/kiboTEK_ayn_odin2_15.jpg\" alt=\"\" width=\"715\" height=\"475\" title=\"\" srcset=\"https:\/\/www.kibotek.com\/wp-content\/uploads\/2023\/11\/kiboTEK_ayn_odin2_15.jpg 715w, https:\/\/www.kibotek.com\/wp-content\/uploads\/2023\/11\/kiboTEK_ayn_odin2_15-430x286.jpg 430w, https:\/\/www.kibotek.com\/wp-content\/uploads\/2023\/11\/kiboTEK_ayn_odin2_15-150x100.jpg 150w, https:\/\/www.kibotek.com\/wp-content\/uploads\/2023\/11\/kiboTEK_ayn_odin2_15-700x465.jpg 700w, https:\/\/www.kibotek.com\/wp-content\/uploads\/2023\/11\/kiboTEK_ayn_odin2_15-300x199.jpg 300w, https:\/\/www.kibotek.com\/wp-content\/uploads\/2023\/11\/kiboTEK_ayn_odin2_15-18x12.jpg 18w\" sizes=\"auto, (max-width: 715px) 100vw, 715px\" \/> <img loading=\"lazy\" decoding=\"async\" class=\"alignleft wp-image-50157 size-full\" src=\"https:\/\/www.kibotek.com\/wp-content\/uploads\/2023\/11\/kiboTEK_ayn_odin2_6.jpg\" alt=\"\" width=\"716\" height=\"476\" title=\"\" srcset=\"https:\/\/www.kibotek.com\/wp-content\/uploads\/2023\/11\/kiboTEK_ayn_odin2_6.jpg 716w, https:\/\/www.kibotek.com\/wp-content\/uploads\/2023\/11\/kiboTEK_ayn_odin2_6-430x286.jpg 430w, https:\/\/www.kibotek.com\/wp-content\/uploads\/2023\/11\/kiboTEK_ayn_odin2_6-150x100.jpg 150w, https:\/\/www.kibotek.com\/wp-content\/uploads\/2023\/11\/kiboTEK_ayn_odin2_6-700x465.jpg 700w, https:\/\/www.kibotek.com\/wp-content\/uploads\/2023\/11\/kiboTEK_ayn_odin2_6-300x199.jpg 300w, https:\/\/www.kibotek.com\/wp-content\/uploads\/2023\/11\/kiboTEK_ayn_odin2_6-18x12.jpg 18w\" sizes=\"auto, (max-width: 716px) 100vw, 716px\" \/> <img loading=\"lazy\" decoding=\"async\" class=\"alignleft wp-image-50153 size-full\" src=\"https:\/\/www.kibotek.com\/wp-content\/uploads\/2023\/11\/kiboTEK_ayn_odin2_2.jpg\" alt=\"\" width=\"715\" height=\"474\" title=\"\" srcset=\"https:\/\/www.kibotek.com\/wp-content\/uploads\/2023\/11\/kiboTEK_ayn_odin2_2.jpg 715w, https:\/\/www.kibotek.com\/wp-content\/uploads\/2023\/11\/kiboTEK_ayn_odin2_2-430x285.jpg 430w, https:\/\/www.kibotek.com\/wp-content\/uploads\/2023\/11\/kiboTEK_ayn_odin2_2-150x99.jpg 150w, https:\/\/www.kibotek.com\/wp-content\/uploads\/2023\/11\/kiboTEK_ayn_odin2_2-700x464.jpg 700w, https:\/\/www.kibotek.com\/wp-content\/uploads\/2023\/11\/kiboTEK_ayn_odin2_2-300x199.jpg 300w, https:\/\/www.kibotek.com\/wp-content\/uploads\/2023\/11\/kiboTEK_ayn_odin2_2-18x12.jpg 18w\" sizes=\"auto, (max-width: 715px) 100vw, 715px\" \/> <img loading=\"lazy\" decoding=\"async\" class=\"alignleft wp-image-50155 size-full\" src=\"https:\/\/www.kibotek.com\/wp-content\/uploads\/2023\/11\/kiboTEK_ayn_odin2_4.jpg\" alt=\"\" width=\"716\" height=\"474\" title=\"\" srcset=\"https:\/\/www.kibotek.com\/wp-content\/uploads\/2023\/11\/kiboTEK_ayn_odin2_4.jpg 716w, https:\/\/www.kibotek.com\/wp-content\/uploads\/2023\/11\/kiboTEK_ayn_odin2_4-430x285.jpg 430w, https:\/\/www.kibotek.com\/wp-content\/uploads\/2023\/11\/kiboTEK_ayn_odin2_4-150x99.jpg 150w, https:\/\/www.kibotek.com\/wp-content\/uploads\/2023\/11\/kiboTEK_ayn_odin2_4-700x463.jpg 700w, https:\/\/www.kibotek.com\/wp-content\/uploads\/2023\/11\/kiboTEK_ayn_odin2_4-300x199.jpg 300w, https:\/\/www.kibotek.com\/wp-content\/uploads\/2023\/11\/kiboTEK_ayn_odin2_4-18x12.jpg 18w\" sizes=\"auto, (max-width: 716px) 100vw, 716px\" \/> <img loading=\"lazy\" decoding=\"async\" class=\"alignleft wp-image-50163 size-full\" src=\"https:\/\/www.kibotek.com\/wp-content\/uploads\/2023\/11\/kiboTEK_ayn_odin2_12.jpg\" alt=\"\" width=\"714\" height=\"475\" title=\"\" srcset=\"https:\/\/www.kibotek.com\/wp-content\/uploads\/2023\/11\/kiboTEK_ayn_odin2_12.jpg 714w, https:\/\/www.kibotek.com\/wp-content\/uploads\/2023\/11\/kiboTEK_ayn_odin2_12-430x286.jpg 430w, https:\/\/www.kibotek.com\/wp-content\/uploads\/2023\/11\/kiboTEK_ayn_odin2_12-150x100.jpg 150w, https:\/\/www.kibotek.com\/wp-content\/uploads\/2023\/11\/kiboTEK_ayn_odin2_12-700x466.jpg 700w, https:\/\/www.kibotek.com\/wp-content\/uploads\/2023\/11\/kiboTEK_ayn_odin2_12-300x200.jpg 300w, https:\/\/www.kibotek.com\/wp-content\/uploads\/2023\/11\/kiboTEK_ayn_odin2_12-18x12.jpg 18w\" sizes=\"auto, (max-width: 714px) 100vw, 714px\" \/> <img loading=\"lazy\" decoding=\"async\" class=\"alignleft wp-image-50158 size-full\" src=\"https:\/\/www.kibotek.com\/wp-content\/uploads\/2023\/11\/kiboTEK_ayn_odin2_7.jpg\" alt=\"\" width=\"716\" height=\"475\" title=\"\" srcset=\"https:\/\/www.kibotek.com\/wp-content\/uploads\/2023\/11\/kiboTEK_ayn_odin2_7.jpg 716w, https:\/\/www.kibotek.com\/wp-content\/uploads\/2023\/11\/kiboTEK_ayn_odin2_7-430x285.jpg 430w, https:\/\/www.kibotek.com\/wp-content\/uploads\/2023\/11\/kiboTEK_ayn_odin2_7-150x100.jpg 150w, https:\/\/www.kibotek.com\/wp-content\/uploads\/2023\/11\/kiboTEK_ayn_odin2_7-700x464.jpg 700w, https:\/\/www.kibotek.com\/wp-content\/uploads\/2023\/11\/kiboTEK_ayn_odin2_7-300x199.jpg 300w, https:\/\/www.kibotek.com\/wp-content\/uploads\/2023\/11\/kiboTEK_ayn_odin2_7-18x12.jpg 18w\" sizes=\"auto, (max-width: 716px) 100vw, 716px\" \/> <img loading=\"lazy\" decoding=\"async\" class=\"alignleft wp-image-50160 size-full\" src=\"https:\/\/www.kibotek.com\/wp-content\/uploads\/2023\/11\/kiboTEK_ayn_odin2_9.jpg\" alt=\"\" width=\"717\" height=\"476\" title=\"\" srcset=\"https:\/\/www.kibotek.com\/wp-content\/uploads\/2023\/11\/kiboTEK_ayn_odin2_9.jpg 717w, https:\/\/www.kibotek.com\/wp-content\/uploads\/2023\/11\/kiboTEK_ayn_odin2_9-430x285.jpg 430w, https:\/\/www.kibotek.com\/wp-content\/uploads\/2023\/11\/kiboTEK_ayn_odin2_9-150x100.jpg 150w, https:\/\/www.kibotek.com\/wp-content\/uploads\/2023\/11\/kiboTEK_ayn_odin2_9-700x465.jpg 700w, https:\/\/www.kibotek.com\/wp-content\/uploads\/2023\/11\/kiboTEK_ayn_odin2_9-300x199.jpg 300w, https:\/\/www.kibotek.com\/wp-content\/uploads\/2023\/11\/kiboTEK_ayn_odin2_9-18x12.jpg 18w\" sizes=\"auto, (max-width: 717px) 100vw, 717px\" \/> <img loading=\"lazy\" decoding=\"async\" class=\"alignleft wp-image-50164 size-full\" src=\"https:\/\/www.kibotek.com\/wp-content\/uploads\/2023\/11\/kiboTEK_ayn_odin2_13.jpg\" alt=\"\" width=\"715\" height=\"934\" title=\"\" srcset=\"https:\/\/www.kibotek.com\/wp-content\/uploads\/2023\/11\/kiboTEK_ayn_odin2_13.jpg 715w, https:\/\/www.kibotek.com\/wp-content\/uploads\/2023\/11\/kiboTEK_ayn_odin2_13-430x562.jpg 430w, https:\/\/www.kibotek.com\/wp-content\/uploads\/2023\/11\/kiboTEK_ayn_odin2_13-150x196.jpg 150w, https:\/\/www.kibotek.com\/wp-content\/uploads\/2023\/11\/kiboTEK_ayn_odin2_13-700x914.jpg 700w, https:\/\/www.kibotek.com\/wp-content\/uploads\/2023\/11\/kiboTEK_ayn_odin2_13-230x300.jpg 230w, https:\/\/www.kibotek.com\/wp-content\/uploads\/2023\/11\/kiboTEK_ayn_odin2_13-9x12.jpg 9w\" sizes=\"auto, (max-width: 715px) 100vw, 715px\" \/> <img loading=\"lazy\" decoding=\"async\" class=\"alignleft wp-image-50162 size-full\" src=\"https:\/\/www.kibotek.com\/wp-content\/uploads\/2023\/11\/kiboTEK_ayn_odin2_11.jpg\" alt=\"\" width=\"714\" height=\"896\" title=\"\" srcset=\"https:\/\/www.kibotek.com\/wp-content\/uploads\/2023\/11\/kiboTEK_ayn_odin2_11.jpg 714w, https:\/\/www.kibotek.com\/wp-content\/uploads\/2023\/11\/kiboTEK_ayn_odin2_11-430x540.jpg 430w, https:\/\/www.kibotek.com\/wp-content\/uploads\/2023\/11\/kiboTEK_ayn_odin2_11-150x188.jpg 150w, https:\/\/www.kibotek.com\/wp-content\/uploads\/2023\/11\/kiboTEK_ayn_odin2_11-700x878.jpg 700w, https:\/\/www.kibotek.com\/wp-content\/uploads\/2023\/11\/kiboTEK_ayn_odin2_11-239x300.jpg 239w, https:\/\/www.kibotek.com\/wp-content\/uploads\/2023\/11\/kiboTEK_ayn_odin2_11-10x12.jpg 10w\" sizes=\"auto, (max-width: 714px) 100vw, 714px\" \/><\/p>","protected":false},"excerpt":{"rendered":"<p>&nbsp;<\/p>\n<p><strong><em>ACHETEZ MAINTENANT ET RECEVEZ EN 24H EN ESPAGNE\ud83d\ude80<\/em><\/strong><\/p>\n<p><strong><em>ACHETEZ MAINTENANT ET RECEVEZ EN 72H EN EUROPE \ud83d\ude80<\/em><\/strong><\/p>\n<p><strong><em>PRIX FINAL TTC<\/em><\/strong><\/p>\n<p><strong><em>GARANTIE EUROP\u00c9ENNE<\/em><\/strong><\/p>\n<p><strong><em>FACTURE D\u00c9TAILL\u00c9E COMPL\u00c8TE<\/em><\/strong><\/p>","protected":false},"featured_media":52869,"comment_status":"open","ping_status":"closed","template":"","meta":{"iawp_total_views":361},"product_brand":[8140],"product_cat":[7809,5514],"product_tag":[7752,1794],"class_list":{"0":"post-50135","1":"product","2":"type-product","3":"status-publish","4":"has-post-thumbnail","6":"product_brand-comprar-consola-gaming-ayn","7":"product_cat-consolas-retro","8":"product_cat-consolas-retro-gaming-arcade-bartop-pandora-box-anbernic-powkiddy","9":"product_tag-presale","10":"product_tag-top10","12":"first","13":"outofstock","14":"sale","15":"taxable","16":"shipping-taxable","17":"purchasable","18":"product-type-variable","19":"has-default-attributes"},"supplier_id":null,"supplier_sku":"","barcode":null,"atum_controlled":true,"out_stock_date":null,"out_stock_threshold":null,"inheritable":true,"inbound_stock":null,"stock_on_hold":0,"sold_today":0,"sales_last_days":0,"reserved_stock":null,"customer_returns":null,"warehouse_damage":null,"lost_in_post":null,"other_logs":null,"out_stock_days":0,"lost_sales":0,"has_location":true,"update_date":"2026-04-18T21:29:42","atum_locations":[{"id":41,"name":"Bilbao","slug":"bilbao"}],"atum_stock_status":"outofstock","restock_status":false,"low_stock_amount":"","sales_update_date":"2026-04-17T05:01:48","calc_backorders":null,"_links":{"self":[{"href":"https:\/\/www.kibotek.com\/fr\/wp-json\/wp\/v2\/product\/50135","targetHints":{"allow":["GET"]}}],"collection":[{"href":"https:\/\/www.kibotek.com\/fr\/wp-json\/wp\/v2\/product"}],"about":[{"href":"https:\/\/www.kibotek.com\/fr\/wp-json\/wp\/v2\/types\/product"}],"replies":[{"embeddable":true,"href":"https:\/\/www.kibotek.com\/fr\/wp-json\/wp\/v2\/comments?post=50135"}],"version-history":[{"count":0,"href":"https:\/\/www.kibotek.com\/fr\/wp-json\/wp\/v2\/product\/50135\/revisions"}],"wp:featuredmedia":[{"embeddable":true,"href":"https:\/\/www.kibotek.com\/fr\/wp-json\/wp\/v2\/media\/52869"}],"wp:attachment":[{"href":"https:\/\/www.kibotek.com\/fr\/wp-json\/wp\/v2\/media?parent=50135"}],"wp:term":[{"taxonomy":"product_brand","embeddable":true,"href":"https:\/\/www.kibotek.com\/fr\/wp-json\/wp\/v2\/product_brand?post=50135"},{"taxonomy":"product_cat","embeddable":true,"href":"https:\/\/www.kibotek.com\/fr\/wp-json\/wp\/v2\/product_cat?post=50135"},{"taxonomy":"product_tag","embeddable":true,"href":"https:\/\/www.kibotek.com\/fr\/wp-json\/wp\/v2\/product_tag?post=50135"}],"curies":[{"name":"wp","href":"https:\/\/api.w.org\/{rel}","templated":true}]}}