{"id":48978,"date":"2023-07-06T19:09:54","date_gmt":"2023-07-06T17:09:54","guid":{"rendered":"https:\/\/www.kibotek.com\/?post_type=product&#038;p=48978"},"modified":"2026-05-08T23:10:48","modified_gmt":"2026-05-08T21:10:48","slug":"xiaomi-pad-6-8gb-256gb","status":"publish","type":"product","link":"https:\/\/www.kibotek.com\/fr\/kibostore\/xiaomi-pad-6-8gb-256gb\/","title":{"rendered":"Tablette Xiaomi 6 8GB\/256GB"},"content":{"rendered":"<p>Acheter <a href=\"https:\/\/www.kibotek.com\/fr\/brand\/acheter-le-meilleur-de-xiaomi\/\">Xiaomi<\/a> Pad 6 8GB\/256GB avec exp\u00e9dition depuis l&#039;Espagne vers toute l&#039;Europe en 24\/72h et garantie de deux ans.<\/p>\n<ul>\n<li>\u00c9cran LCD 11&quot; IPS<\/li>\n<li>Taux de rafra\u00eechissement de 144 Hz<\/li>\n<li>R\u00e9solution 2880 x 1800 2.8K avec rapport d&#039;aspect 16:10<\/li>\n<li>Verre Corning\u00ae Gorilla\u00ae 3<\/li>\n<li>Processeur Qualcomm Snapdragon 870<\/li>\n<li>8 GB de RAM LPDDR4x et 256 GB de stockage UFS 3.1<\/li>\n<li>Batterie de 8 840 mAh, avec charge rapide de 33 W<\/li>\n<li>D\u00e9tecteur d&#039;empreintes digitales<\/li>\n<li>Appareil photo 13MP<\/li>\n<li>Son Dolby Atmos avec 4 haut-parleurs<\/li>\n<li>WiFi6, BT 5.1, GPS, Glonass<\/li>\n<li>Dimensions 253,9 x 165,1 x 6,51 mm<\/li>\n<li>Poids 490gr<\/li>\n<li>Syst\u00e8me d&#039;exploitation MIUI 14 FOR PAD, bas\u00e9 sur le syst\u00e8me d&#039;exploitation Android 13<\/li>\n<\/ul>\n<h3>Concurrence pour Apple, la reine des tablettes arrive<\/h3>\n<p>Xiaomi pr\u00e9sente sa nouvelle tablette, la Pad 6. Un assistant intelligent et efficace qui ne vous d\u00e9cevra en aucun cas, il vient concurrencer directement Apple et il \u00e9tait temps.<\/p>\n<h3>\u00c9cran 11\u2033 avec r\u00e9solution 2880 x 1800 px WQHD+<\/h3>\n<p>Nous avons un grand \u00e9cran ultra-clair de 11 pouces avec une r\u00e9solution de 2,8K (WQHD+) et une prise en charge du HDR 10+. Sentez tout le contenu que vous voyez avec ses jusqu&#039;\u00e0 un milliard de couleurs. La<strong> le taux de rafra\u00eechissement de ce panneau est de 144 Hz avec Dolby Vision<\/strong> et un contraste de 1400\u00a0: 1. Ce taux de rafra\u00eechissement \u00e9lev\u00e9 nous offre une vision fluide, des mouvements coh\u00e9rents et des d\u00e9tails comme vous ne les avez jamais vus. Cet \u00e9cran est \u00e9galement livr\u00e9 avec une protection oculaire efficace, certifi\u00e9e par le T\u00dcV Rheinland.<\/p>\n<p>D&#039;autre part, l&#039;\u00e9cran comprend l&#039;exclusivit\u00e9 <strong>True Tone True Color<\/strong>, qui consiste \u00e0 avoir des capteurs \u00e0 double lumi\u00e8re avant et arri\u00e8re pour ajuster automatiquement l&#039;\u00e9cran avec la meilleure luminosit\u00e9 et temp\u00e9rature de couleur.<\/p>\n<h3>Son surround<\/h3>\n<p>De plus, les 4 haut-parleurs qui entourent cette tablette ne vous laisseront pas indiff\u00e9rent. Son surround avec des basses hautes, brillantes et l\u00e2ches. Votre audio est compatible avec <strong>Dolby Panorama<\/strong> cr\u00e9er des effets sonores spatiaux immersifs ...<\/p>\n<h3>Un processeur Qualcomm pour dominer la b\u00eate<\/h3>\n<p>A cette occasion, les gars de Xiaomi ont voulu \u00e9quiper cette tablette du processeur <strong>Qualcomm Snapdragon<\/strong> <strong>870,<\/strong> un processeur haut de gamme fabriqu\u00e9 en 7 nanom\u00e8tres, avec 8 c\u0153urs fonctionnant \u00e0 une vitesse maximale de 2,96 GhZ <strong>avec des performances spectaculaires. <\/strong><\/p>\n<p>Un processeur qui ne vous d\u00e9cevra ni avec le divertissement audiovisuel, ni avec le d\u00e9placement de jeux \u00e0 grande \u00e9chelle, ni avec la vitesse de d\u00e9placement de fichiers car il a des performances brillantes et une tr\u00e8s faible consommation d&#039;\u00e9nergie.<\/p>\n<h3>Batterie pour passer la journ\u00e9e sans probl\u00e8me<\/h3>\n<p>Dans cette tablette, on retrouve un spectaculaire <strong>Batterie 8840 milliamp\u00e8res<\/strong> avec une charge rapide de 33 watts, ce qui garantira que nous ne nous retrouvons jamais bloqu\u00e9s.<\/p>\n<p>En ce qui concerne la connectivit\u00e9 <strong>il n&#039;y a m\u00eame pas le nouveau Wi-Fi 6<\/strong>\u00a0et double d\u00e9verrouillage facial, pour faire de votre appareil un ch\u00e2teau imprenable.<\/p>\n<p>Comme accessoires, nous aurons \u00e9galement \u00e0 disposition pour acheter un spectaculaire<strong> stylet de deuxi\u00e8me g\u00e9n\u00e9ration et un \u00e9tui \u00e0 clavier physique.<\/strong><\/p>\n<p>Chez kiboTEK, vous pouvez acheter le Xiaomi Pad 6 8GB\/256GB avec la garantie et la s\u00e9curit\u00e9 du meilleur magasin Xiaomi en Espagne Europe.<\/p>\n<p><img loading=\"lazy\" decoding=\"async\" class=\"alignleft wp-image-48986 size-large\" src=\"https:\/\/www.kibotek.com\/wp-content\/uploads\/2023\/07\/kiboTEK_xiaomi_pad_6_002-1024x471.jpg\" alt=\"\" width=\"1024\" height=\"471\" title=\"\" srcset=\"https:\/\/www.kibotek.com\/wp-content\/uploads\/2023\/07\/kiboTEK_xiaomi_pad_6_002-1024x471.jpg 1024w, https:\/\/www.kibotek.com\/wp-content\/uploads\/2023\/07\/kiboTEK_xiaomi_pad_6_002-430x198.jpg 430w, https:\/\/www.kibotek.com\/wp-content\/uploads\/2023\/07\/kiboTEK_xiaomi_pad_6_002-150x69.jpg 150w, https:\/\/www.kibotek.com\/wp-content\/uploads\/2023\/07\/kiboTEK_xiaomi_pad_6_002-700x322.jpg 700w, https:\/\/www.kibotek.com\/wp-content\/uploads\/2023\/07\/kiboTEK_xiaomi_pad_6_002-300x138.jpg 300w, https:\/\/www.kibotek.com\/wp-content\/uploads\/2023\/07\/kiboTEK_xiaomi_pad_6_002-768x353.jpg 768w, https:\/\/www.kibotek.com\/wp-content\/uploads\/2023\/07\/kiboTEK_xiaomi_pad_6_002-1536x707.jpg 1536w, https:\/\/www.kibotek.com\/wp-content\/uploads\/2023\/07\/kiboTEK_xiaomi_pad_6_002-18x8.jpg 18w, https:\/\/www.kibotek.com\/wp-content\/uploads\/2023\/07\/kiboTEK_xiaomi_pad_6_002.jpg 1806w\" sizes=\"auto, (max-width: 1024px) 100vw, 1024px\" \/> <img loading=\"lazy\" decoding=\"async\" class=\"alignleft wp-image-48990 size-large\" src=\"https:\/\/www.kibotek.com\/wp-content\/uploads\/2023\/07\/kiboTEK_xiaomi_pad_6_006-1024x496.jpg\" alt=\"\" width=\"1024\" height=\"496\" title=\"\" srcset=\"https:\/\/www.kibotek.com\/wp-content\/uploads\/2023\/07\/kiboTEK_xiaomi_pad_6_006-1024x496.jpg 1024w, https:\/\/www.kibotek.com\/wp-content\/uploads\/2023\/07\/kiboTEK_xiaomi_pad_6_006-430x208.jpg 430w, https:\/\/www.kibotek.com\/wp-content\/uploads\/2023\/07\/kiboTEK_xiaomi_pad_6_006-150x73.jpg 150w, https:\/\/www.kibotek.com\/wp-content\/uploads\/2023\/07\/kiboTEK_xiaomi_pad_6_006-700x339.jpg 700w, https:\/\/www.kibotek.com\/wp-content\/uploads\/2023\/07\/kiboTEK_xiaomi_pad_6_006-300x145.jpg 300w, https:\/\/www.kibotek.com\/wp-content\/uploads\/2023\/07\/kiboTEK_xiaomi_pad_6_006-768x372.jpg 768w, https:\/\/www.kibotek.com\/wp-content\/uploads\/2023\/07\/kiboTEK_xiaomi_pad_6_006-1536x744.jpg 1536w, https:\/\/www.kibotek.com\/wp-content\/uploads\/2023\/07\/kiboTEK_xiaomi_pad_6_006-18x9.jpg 18w, https:\/\/www.kibotek.com\/wp-content\/uploads\/2023\/07\/kiboTEK_xiaomi_pad_6_006.jpg 1710w\" sizes=\"auto, (max-width: 1024px) 100vw, 1024px\" \/> <img loading=\"lazy\" decoding=\"async\" class=\"alignleft wp-image-48991 size-large\" src=\"https:\/\/www.kibotek.com\/wp-content\/uploads\/2023\/07\/kiboTEK_xiaomi_pad_6_007-1024x460.jpg\" alt=\"\" width=\"1024\" height=\"460\" title=\"\" srcset=\"https:\/\/www.kibotek.com\/wp-content\/uploads\/2023\/07\/kiboTEK_xiaomi_pad_6_007-1024x460.jpg 1024w, https:\/\/www.kibotek.com\/wp-content\/uploads\/2023\/07\/kiboTEK_xiaomi_pad_6_007-430x193.jpg 430w, https:\/\/www.kibotek.com\/wp-content\/uploads\/2023\/07\/kiboTEK_xiaomi_pad_6_007-150x67.jpg 150w, https:\/\/www.kibotek.com\/wp-content\/uploads\/2023\/07\/kiboTEK_xiaomi_pad_6_007-700x314.jpg 700w, https:\/\/www.kibotek.com\/wp-content\/uploads\/2023\/07\/kiboTEK_xiaomi_pad_6_007-300x135.jpg 300w, https:\/\/www.kibotek.com\/wp-content\/uploads\/2023\/07\/kiboTEK_xiaomi_pad_6_007-768x345.jpg 768w, https:\/\/www.kibotek.com\/wp-content\/uploads\/2023\/07\/kiboTEK_xiaomi_pad_6_007-1536x690.jpg 1536w, https:\/\/www.kibotek.com\/wp-content\/uploads\/2023\/07\/kiboTEK_xiaomi_pad_6_007-18x8.jpg 18w, https:\/\/www.kibotek.com\/wp-content\/uploads\/2023\/07\/kiboTEK_xiaomi_pad_6_007.jpg 1814w\" sizes=\"auto, (max-width: 1024px) 100vw, 1024px\" \/> <img loading=\"lazy\" decoding=\"async\" class=\"alignleft wp-image-48992 size-large\" src=\"https:\/\/www.kibotek.com\/wp-content\/uploads\/2023\/07\/kiboTEK_xiaomi_pad_6_008-1024x475.jpg\" alt=\"\" width=\"1024\" height=\"475\" title=\"\" srcset=\"https:\/\/www.kibotek.com\/wp-content\/uploads\/2023\/07\/kiboTEK_xiaomi_pad_6_008-1024x475.jpg 1024w, https:\/\/www.kibotek.com\/wp-content\/uploads\/2023\/07\/kiboTEK_xiaomi_pad_6_008-430x199.jpg 430w, https:\/\/www.kibotek.com\/wp-content\/uploads\/2023\/07\/kiboTEK_xiaomi_pad_6_008-150x70.jpg 150w, https:\/\/www.kibotek.com\/wp-content\/uploads\/2023\/07\/kiboTEK_xiaomi_pad_6_008-700x325.jpg 700w, https:\/\/www.kibotek.com\/wp-content\/uploads\/2023\/07\/kiboTEK_xiaomi_pad_6_008-300x139.jpg 300w, https:\/\/www.kibotek.com\/wp-content\/uploads\/2023\/07\/kiboTEK_xiaomi_pad_6_008-768x356.jpg 768w, https:\/\/www.kibotek.com\/wp-content\/uploads\/2023\/07\/kiboTEK_xiaomi_pad_6_008-1536x712.jpg 1536w, https:\/\/www.kibotek.com\/wp-content\/uploads\/2023\/07\/kiboTEK_xiaomi_pad_6_008-18x8.jpg 18w, https:\/\/www.kibotek.com\/wp-content\/uploads\/2023\/07\/kiboTEK_xiaomi_pad_6_008.jpg 1652w\" sizes=\"auto, (max-width: 1024px) 100vw, 1024px\" \/> <img loading=\"lazy\" decoding=\"async\" class=\"alignleft wp-image-48993 size-large\" src=\"https:\/\/www.kibotek.com\/wp-content\/uploads\/2023\/07\/kiboTEK_xiaomi_pad_6_009-1024x503.jpg\" alt=\"\" width=\"1024\" height=\"503\" title=\"\" srcset=\"https:\/\/www.kibotek.com\/wp-content\/uploads\/2023\/07\/kiboTEK_xiaomi_pad_6_009-1024x503.jpg 1024w, https:\/\/www.kibotek.com\/wp-content\/uploads\/2023\/07\/kiboTEK_xiaomi_pad_6_009-430x211.jpg 430w, https:\/\/www.kibotek.com\/wp-content\/uploads\/2023\/07\/kiboTEK_xiaomi_pad_6_009-150x74.jpg 150w, https:\/\/www.kibotek.com\/wp-content\/uploads\/2023\/07\/kiboTEK_xiaomi_pad_6_009-700x344.jpg 700w, https:\/\/www.kibotek.com\/wp-content\/uploads\/2023\/07\/kiboTEK_xiaomi_pad_6_009-300x147.jpg 300w, https:\/\/www.kibotek.com\/wp-content\/uploads\/2023\/07\/kiboTEK_xiaomi_pad_6_009-768x377.jpg 768w, https:\/\/www.kibotek.com\/wp-content\/uploads\/2023\/07\/kiboTEK_xiaomi_pad_6_009-1536x754.jpg 1536w, https:\/\/www.kibotek.com\/wp-content\/uploads\/2023\/07\/kiboTEK_xiaomi_pad_6_009-18x9.jpg 18w, https:\/\/www.kibotek.com\/wp-content\/uploads\/2023\/07\/kiboTEK_xiaomi_pad_6_009.jpg 1809w\" sizes=\"auto, (max-width: 1024px) 100vw, 1024px\" \/> <img loading=\"lazy\" decoding=\"async\" class=\"alignleft wp-image-48994 size-large\" src=\"https:\/\/www.kibotek.com\/wp-content\/uploads\/2023\/07\/kiboTEK_xiaomi_pad_6_010-1024x484.jpg\" alt=\"\" width=\"1024\" height=\"484\" title=\"\" srcset=\"https:\/\/www.kibotek.com\/wp-content\/uploads\/2023\/07\/kiboTEK_xiaomi_pad_6_010-1024x484.jpg 1024w, https:\/\/www.kibotek.com\/wp-content\/uploads\/2023\/07\/kiboTEK_xiaomi_pad_6_010-430x203.jpg 430w, https:\/\/www.kibotek.com\/wp-content\/uploads\/2023\/07\/kiboTEK_xiaomi_pad_6_010-150x71.jpg 150w, https:\/\/www.kibotek.com\/wp-content\/uploads\/2023\/07\/kiboTEK_xiaomi_pad_6_010-700x331.jpg 700w, https:\/\/www.kibotek.com\/wp-content\/uploads\/2023\/07\/kiboTEK_xiaomi_pad_6_010-300x142.jpg 300w, https:\/\/www.kibotek.com\/wp-content\/uploads\/2023\/07\/kiboTEK_xiaomi_pad_6_010-768x363.jpg 768w, https:\/\/www.kibotek.com\/wp-content\/uploads\/2023\/07\/kiboTEK_xiaomi_pad_6_010-1536x726.jpg 1536w, https:\/\/www.kibotek.com\/wp-content\/uploads\/2023\/07\/kiboTEK_xiaomi_pad_6_010-18x9.jpg 18w, https:\/\/www.kibotek.com\/wp-content\/uploads\/2023\/07\/kiboTEK_xiaomi_pad_6_010.jpg 1781w\" sizes=\"auto, (max-width: 1024px) 100vw, 1024px\" \/> <img loading=\"lazy\" decoding=\"async\" class=\"alignleft wp-image-48995 size-large\" src=\"https:\/\/www.kibotek.com\/wp-content\/uploads\/2023\/07\/kiboTEK_xiaomi_pad_6_011-1024x495.jpg\" alt=\"\" width=\"1024\" height=\"495\" title=\"\" srcset=\"https:\/\/www.kibotek.com\/wp-content\/uploads\/2023\/07\/kiboTEK_xiaomi_pad_6_011-1024x495.jpg 1024w, https:\/\/www.kibotek.com\/wp-content\/uploads\/2023\/07\/kiboTEK_xiaomi_pad_6_011-430x208.jpg 430w, https:\/\/www.kibotek.com\/wp-content\/uploads\/2023\/07\/kiboTEK_xiaomi_pad_6_011-150x73.jpg 150w, https:\/\/www.kibotek.com\/wp-content\/uploads\/2023\/07\/kiboTEK_xiaomi_pad_6_011-700x339.jpg 700w, https:\/\/www.kibotek.com\/wp-content\/uploads\/2023\/07\/kiboTEK_xiaomi_pad_6_011-300x145.jpg 300w, https:\/\/www.kibotek.com\/wp-content\/uploads\/2023\/07\/kiboTEK_xiaomi_pad_6_011-768x371.jpg 768w, https:\/\/www.kibotek.com\/wp-content\/uploads\/2023\/07\/kiboTEK_xiaomi_pad_6_011-1536x743.jpg 1536w, https:\/\/www.kibotek.com\/wp-content\/uploads\/2023\/07\/kiboTEK_xiaomi_pad_6_011-18x9.jpg 18w, https:\/\/www.kibotek.com\/wp-content\/uploads\/2023\/07\/kiboTEK_xiaomi_pad_6_011.jpg 1772w\" sizes=\"auto, (max-width: 1024px) 100vw, 1024px\" \/> <img loading=\"lazy\" decoding=\"async\" class=\"alignleft wp-image-48996 size-large\" src=\"https:\/\/www.kibotek.com\/wp-content\/uploads\/2023\/07\/kiboTEK_xiaomi_pad_6_012-1024x457.jpg\" alt=\"\" width=\"1024\" height=\"457\" title=\"\" srcset=\"https:\/\/www.kibotek.com\/wp-content\/uploads\/2023\/07\/kiboTEK_xiaomi_pad_6_012-1024x457.jpg 1024w, https:\/\/www.kibotek.com\/wp-content\/uploads\/2023\/07\/kiboTEK_xiaomi_pad_6_012-430x192.jpg 430w, https:\/\/www.kibotek.com\/wp-content\/uploads\/2023\/07\/kiboTEK_xiaomi_pad_6_012-150x67.jpg 150w, https:\/\/www.kibotek.com\/wp-content\/uploads\/2023\/07\/kiboTEK_xiaomi_pad_6_012-700x312.jpg 700w, https:\/\/www.kibotek.com\/wp-content\/uploads\/2023\/07\/kiboTEK_xiaomi_pad_6_012-300x134.jpg 300w, https:\/\/www.kibotek.com\/wp-content\/uploads\/2023\/07\/kiboTEK_xiaomi_pad_6_012-768x342.jpg 768w, https:\/\/www.kibotek.com\/wp-content\/uploads\/2023\/07\/kiboTEK_xiaomi_pad_6_012-1536x685.jpg 1536w, https:\/\/www.kibotek.com\/wp-content\/uploads\/2023\/07\/kiboTEK_xiaomi_pad_6_012-18x8.jpg 18w, https:\/\/www.kibotek.com\/wp-content\/uploads\/2023\/07\/kiboTEK_xiaomi_pad_6_012.jpg 1785w\" sizes=\"auto, (max-width: 1024px) 100vw, 1024px\" \/> <img loading=\"lazy\" decoding=\"async\" class=\"alignleft wp-image-48997 size-large\" src=\"https:\/\/www.kibotek.com\/wp-content\/uploads\/2023\/07\/kiboTEK_xiaomi_pad_6_013-1024x408.jpg\" alt=\"\" width=\"1024\" height=\"408\" title=\"\" srcset=\"https:\/\/www.kibotek.com\/wp-content\/uploads\/2023\/07\/kiboTEK_xiaomi_pad_6_013-1024x408.jpg 1024w, https:\/\/www.kibotek.com\/wp-content\/uploads\/2023\/07\/kiboTEK_xiaomi_pad_6_013-430x171.jpg 430w, https:\/\/www.kibotek.com\/wp-content\/uploads\/2023\/07\/kiboTEK_xiaomi_pad_6_013-150x60.jpg 150w, https:\/\/www.kibotek.com\/wp-content\/uploads\/2023\/07\/kiboTEK_xiaomi_pad_6_013-700x279.jpg 700w, https:\/\/www.kibotek.com\/wp-content\/uploads\/2023\/07\/kiboTEK_xiaomi_pad_6_013-300x120.jpg 300w, https:\/\/www.kibotek.com\/wp-content\/uploads\/2023\/07\/kiboTEK_xiaomi_pad_6_013-768x306.jpg 768w, https:\/\/www.kibotek.com\/wp-content\/uploads\/2023\/07\/kiboTEK_xiaomi_pad_6_013-1536x612.jpg 1536w, https:\/\/www.kibotek.com\/wp-content\/uploads\/2023\/07\/kiboTEK_xiaomi_pad_6_013-18x7.jpg 18w, https:\/\/www.kibotek.com\/wp-content\/uploads\/2023\/07\/kiboTEK_xiaomi_pad_6_013.jpg 1805w\" sizes=\"auto, (max-width: 1024px) 100vw, 1024px\" \/> <img loading=\"lazy\" decoding=\"async\" class=\"alignleft wp-image-48998 size-large\" src=\"https:\/\/www.kibotek.com\/wp-content\/uploads\/2023\/07\/kiboTEK_xiaomi_pad_6_014-1024x381.jpg\" alt=\"\" width=\"1024\" height=\"381\" title=\"\" srcset=\"https:\/\/www.kibotek.com\/wp-content\/uploads\/2023\/07\/kiboTEK_xiaomi_pad_6_014-1024x381.jpg 1024w, https:\/\/www.kibotek.com\/wp-content\/uploads\/2023\/07\/kiboTEK_xiaomi_pad_6_014-430x160.jpg 430w, https:\/\/www.kibotek.com\/wp-content\/uploads\/2023\/07\/kiboTEK_xiaomi_pad_6_014-150x56.jpg 150w, https:\/\/www.kibotek.com\/wp-content\/uploads\/2023\/07\/kiboTEK_xiaomi_pad_6_014-700x260.jpg 700w, https:\/\/www.kibotek.com\/wp-content\/uploads\/2023\/07\/kiboTEK_xiaomi_pad_6_014-300x112.jpg 300w, https:\/\/www.kibotek.com\/wp-content\/uploads\/2023\/07\/kiboTEK_xiaomi_pad_6_014-768x286.jpg 768w, https:\/\/www.kibotek.com\/wp-content\/uploads\/2023\/07\/kiboTEK_xiaomi_pad_6_014-1536x571.jpg 1536w, https:\/\/www.kibotek.com\/wp-content\/uploads\/2023\/07\/kiboTEK_xiaomi_pad_6_014-18x7.jpg 18w, https:\/\/www.kibotek.com\/wp-content\/uploads\/2023\/07\/kiboTEK_xiaomi_pad_6_014.jpg 1805w\" sizes=\"auto, (max-width: 1024px) 100vw, 1024px\" \/> <img loading=\"lazy\" decoding=\"async\" class=\"alignleft wp-image-48999 size-large\" src=\"https:\/\/www.kibotek.com\/wp-content\/uploads\/2023\/07\/kiboTEK_xiaomi_pad_6_015-1024x475.jpg\" alt=\"\" width=\"1024\" height=\"475\" title=\"\" srcset=\"https:\/\/www.kibotek.com\/wp-content\/uploads\/2023\/07\/kiboTEK_xiaomi_pad_6_015-1024x475.jpg 1024w, https:\/\/www.kibotek.com\/wp-content\/uploads\/2023\/07\/kiboTEK_xiaomi_pad_6_015-430x199.jpg 430w, https:\/\/www.kibotek.com\/wp-content\/uploads\/2023\/07\/kiboTEK_xiaomi_pad_6_015-150x70.jpg 150w, https:\/\/www.kibotek.com\/wp-content\/uploads\/2023\/07\/kiboTEK_xiaomi_pad_6_015-700x324.jpg 700w, https:\/\/www.kibotek.com\/wp-content\/uploads\/2023\/07\/kiboTEK_xiaomi_pad_6_015-300x139.jpg 300w, https:\/\/www.kibotek.com\/wp-content\/uploads\/2023\/07\/kiboTEK_xiaomi_pad_6_015-768x356.jpg 768w, https:\/\/www.kibotek.com\/wp-content\/uploads\/2023\/07\/kiboTEK_xiaomi_pad_6_015-1536x712.jpg 1536w, https:\/\/www.kibotek.com\/wp-content\/uploads\/2023\/07\/kiboTEK_xiaomi_pad_6_015-18x8.jpg 18w, https:\/\/www.kibotek.com\/wp-content\/uploads\/2023\/07\/kiboTEK_xiaomi_pad_6_015.jpg 1713w\" sizes=\"auto, (max-width: 1024px) 100vw, 1024px\" \/> <img loading=\"lazy\" decoding=\"async\" class=\"alignleft wp-image-48989 size-large\" src=\"https:\/\/www.kibotek.com\/wp-content\/uploads\/2023\/07\/kiboTEK_xiaomi_pad_6_005-1024x361.jpg\" alt=\"\" width=\"1024\" height=\"361\" title=\"\" srcset=\"https:\/\/www.kibotek.com\/wp-content\/uploads\/2023\/07\/kiboTEK_xiaomi_pad_6_005-1024x361.jpg 1024w, https:\/\/www.kibotek.com\/wp-content\/uploads\/2023\/07\/kiboTEK_xiaomi_pad_6_005-430x152.jpg 430w, https:\/\/www.kibotek.com\/wp-content\/uploads\/2023\/07\/kiboTEK_xiaomi_pad_6_005-150x53.jpg 150w, https:\/\/www.kibotek.com\/wp-content\/uploads\/2023\/07\/kiboTEK_xiaomi_pad_6_005-700x247.jpg 700w, https:\/\/www.kibotek.com\/wp-content\/uploads\/2023\/07\/kiboTEK_xiaomi_pad_6_005-300x106.jpg 300w, https:\/\/www.kibotek.com\/wp-content\/uploads\/2023\/07\/kiboTEK_xiaomi_pad_6_005-768x271.jpg 768w, https:\/\/www.kibotek.com\/wp-content\/uploads\/2023\/07\/kiboTEK_xiaomi_pad_6_005-1536x542.jpg 1536w, https:\/\/www.kibotek.com\/wp-content\/uploads\/2023\/07\/kiboTEK_xiaomi_pad_6_005-18x6.jpg 18w, https:\/\/www.kibotek.com\/wp-content\/uploads\/2023\/07\/kiboTEK_xiaomi_pad_6_005.jpg 1778w\" sizes=\"auto, (max-width: 1024px) 100vw, 1024px\" \/><\/p>","protected":false},"excerpt":{"rendered":"<div class=\"woocommerce-product-details__short-description\">\n<p><strong><em>ACHETEZ MAINTENANT ET RECEVEZ EN 24H DANS LA P\u00c9NINSULE \ud83d\ude80<\/em><\/strong><\/p>\n<p><strong><em>ACHETEZ MAINTENANT ET RECEVEZ EN 72H EN EUROPE \ud83d\ude80<\/em><\/strong><\/p>\n<p><strong><em>GARANTIE OFFICIELLE DE 3 ANS \u2699\ufe0f<\/em><\/strong><\/p>\n<\/div>","protected":false},"featured_media":48987,"comment_status":"open","ping_status":"closed","template":"","meta":{"iawp_total_views":170},"product_brand":[8155],"product_cat":[79,78,332,7076,7912],"product_tag":[7698],"class_list":{"0":"post-48978","1":"product","2":"type-product","3":"status-publish","4":"has-post-thumbnail","6":"product_brand-comprar-lo-mejor-de-xiaomi","7":"product_cat-comprar-los-mejores-moviles","8":"product_cat-comprar-los-mejores-moviles-de-gama-flagship","9":"product_cat-comprar-los-mejores-moviles-mas-famosos","10":"product_cat-informatica","11":"product_cat-tablets-xiaomi","12":"product_tag-all","13":"pa_otros-wlan-8x8-mimo","14":"pa_procesador-qualcomm-snapdragon-870","15":"pa_sistema-operativo-sistema-operativo-miui-14-for-pad-basado-en-android-13-os","17":"first","18":"outofstock","19":"taxable","20":"shipping-taxable","21":"purchasable","22":"product-type-variable","23":"has-default-attributes"},"supplier_id":null,"supplier_sku":"","barcode":null,"atum_controlled":true,"out_stock_date":null,"out_stock_threshold":null,"inheritable":true,"inbound_stock":null,"stock_on_hold":0,"sold_today":0,"sales_last_days":0,"reserved_stock":null,"customer_returns":null,"warehouse_damage":null,"lost_in_post":null,"other_logs":null,"out_stock_days":0,"lost_sales":0,"has_location":true,"update_date":"2026-05-08T21:10:40","atum_locations":[{"id":41,"name":"Bilbao","slug":"bilbao"}],"atum_stock_status":"outofstock","restock_status":false,"low_stock_amount":"","sales_update_date":"2026-04-29T00:01:00","calc_backorders":null,"_links":{"self":[{"href":"https:\/\/www.kibotek.com\/fr\/wp-json\/wp\/v2\/product\/48978","targetHints":{"allow":["GET"]}}],"collection":[{"href":"https:\/\/www.kibotek.com\/fr\/wp-json\/wp\/v2\/product"}],"about":[{"href":"https:\/\/www.kibotek.com\/fr\/wp-json\/wp\/v2\/types\/product"}],"replies":[{"embeddable":true,"href":"https:\/\/www.kibotek.com\/fr\/wp-json\/wp\/v2\/comments?post=48978"}],"version-history":[{"count":0,"href":"https:\/\/www.kibotek.com\/fr\/wp-json\/wp\/v2\/product\/48978\/revisions"}],"wp:featuredmedia":[{"embeddable":true,"href":"https:\/\/www.kibotek.com\/fr\/wp-json\/wp\/v2\/media\/48987"}],"wp:attachment":[{"href":"https:\/\/www.kibotek.com\/fr\/wp-json\/wp\/v2\/media?parent=48978"}],"wp:term":[{"taxonomy":"product_brand","embeddable":true,"href":"https:\/\/www.kibotek.com\/fr\/wp-json\/wp\/v2\/product_brand?post=48978"},{"taxonomy":"product_cat","embeddable":true,"href":"https:\/\/www.kibotek.com\/fr\/wp-json\/wp\/v2\/product_cat?post=48978"},{"taxonomy":"product_tag","embeddable":true,"href":"https:\/\/www.kibotek.com\/fr\/wp-json\/wp\/v2\/product_tag?post=48978"}],"curies":[{"name":"wp","href":"https:\/\/api.w.org\/{rel}","templated":true}]}}